{"id":2006,"date":"2025-05-23T08:26:39","date_gmt":"2025-05-23T06:26:39","guid":{"rendered":"https:\/\/rosanacl.com\/?page_id=2006"},"modified":"2025-12-14T22:28:46","modified_gmt":"2025-12-14T21:28:46","slug":"politica-de-devolucion","status":"publish","type":"page","link":"https:\/\/rosanacl.com\/ar\/politica-de-devolucion\/","title":{"rendered":"\u0633\u064a\u0627\u0633\u0629 \u0627\u0644\u0639\u0627\u0626\u062f\u0627\u062a"},"content":{"rendered":"<div data-elementor-type=\"wp-page\" data-elementor-id=\"2006\" class=\"elementor elementor-2006\" data-elementor-post-type=\"page\">\n\t\t\t\t<div class=\"elementor-element elementor-element-7a0b207 e-flex e-con-boxed e-con e-parent\" data-id=\"7a0b207\" data-element_type=\"container\" data-e-type=\"container\" data-settings=\"{&quot;background_background&quot;:&quot;classic&quot;}\">\n\t\t\t\t\t<div class=\"e-con-inner\">\n\t\t<div class=\"elementor-element elementor-element-2fcf4bc e-con-full e-flex e-con e-child\" data-id=\"2fcf4bc\" data-element_type=\"container\" data-e-type=\"container\">\n\t\t\t\t<div class=\"elementor-element elementor-element-d10b990 elementor-widget elementor-widget-heading\" data-id=\"d10b990\" data-element_type=\"widget\" data-e-type=\"widget\" data-widget_type=\"heading.default\">\n\t\t\t\t<div class=\"elementor-widget-container\">\n\t\t\t\t\t<h2 class=\"elementor-heading-title elementor-size-default\">\u0633\u064a\u0627\u0633\u0629 \u0627\u0644\u0639\u0627\u0626\u062f\u0627\u062a<\/h2>\t\t\t\t<\/div>\n\t\t\t\t<\/div>\n\t\t\t\t<\/div>\n\t\t\t\t\t<\/div>\n\t\t\t\t<\/div>\n\t\t<div class=\"elementor-element elementor-element-eca30f2 e-flex e-con-boxed e-con e-parent\" data-id=\"eca30f2\" data-element_type=\"container\" data-e-type=\"container\">\n\t\t\t\t\t<div class=\"e-con-inner\">\n\t\t\t\t<div class=\"elementor-element elementor-element-8328658 elementor-widget elementor-widget-text-editor\" data-id=\"8328658\" data-element_type=\"widget\" data-e-type=\"widget\" data-widget_type=\"text-editor.default\">\n\t\t\t\t<div class=\"elementor-widget-container\">\n\t\t\t\t\t\t\t\t\t<p>\u062a\u0645 \u062a\u062d\u062f\u064a\u062b \u0633\u064a\u0627\u0633\u0629 \u0627\u0644\u0625\u0631\u062c\u0627\u0639 \u0647\u0630\u0647 \u0622\u062e\u0631 \u0645\u0631\u0629 \u0641\u064a 23\/05\/2025 \u0648\u0647\u064a \u062a\u0646\u0637\u0628\u0642 \u0639\u0644\u0649 \u062c\u0645\u064a\u0639 \u0627\u0644\u0645\u0634\u062a\u0631\u064a\u0627\u062a \u0627\u0644\u062a\u064a \u062a\u062a\u0645 \u0645\u0646 \u062e\u0644\u0627\u0644 \u0645\u0648\u0642\u0639\u0646\u0627 \u0627\u0644\u0625\u0644\u0643\u062a\u0631\u0648\u0646\u064a: <a href=\"https:\/\/rosanacl.com\/ar\/\">https:\/\/rosanacl.com\/<\/a><\/p>\n<p><!-- \/wp:paragraph --><!-- wp:paragraph --><\/p>\n<p><strong>1. \u062d\u0642 \u0627\u0644\u0627\u0646\u0633\u062d\u0627\u0628<\/strong><\/p>\n<p><!-- \/wp:paragraph --><!-- wp:paragraph --><\/p>\n<p>\u064a\u062d\u0642 \u0644\u0643 \u0625\u0644\u063a\u0627\u0621 \u0639\u0645\u0644\u064a\u0629 \u0627\u0644\u0634\u0631\u0627\u0621 \u062e\u0644\u0627\u0644 14 \u064a\u0648\u0645\u064b\u0627 \u0645\u0646 \u0627\u0633\u062a\u0644\u0627\u0645 \u0627\u0644\u0645\u0646\u062a\u062c\u060c \u062f\u0648\u0646 \u0627\u0644\u062d\u0627\u062c\u0629 \u0625\u0644\u0649 \u0625\u0628\u062f\u0627\u0621 \u0623\u064a \u0633\u0628\u0628. \u0644\u0645\u0645\u0627\u0631\u0633\u0629 \u0647\u0630\u0627 \u0627\u0644\u062d\u0642\u060c \u064a\u0645\u0643\u0646\u0643 \u0627\u0644\u062a\u0648\u0627\u0635\u0644 \u0645\u0639\u0646\u0627 \u0628\u0627\u0633\u062a\u062e\u062f\u0627\u0645 \u0627\u0644\u0628\u064a\u0627\u0646\u0627\u062a \u0627\u0644\u0645\u0630\u0643\u0648\u0631\u0629 \u0641\u064a \u0646\u0647\u0627\u064a\u0629 \u0647\u0630\u0647 \u0627\u0644\u0633\u064a\u0627\u0633\u0629.<\/p>\n<p><!-- \/wp:paragraph --><!-- wp:paragraph --><\/p>\n<p><strong>2. \u0634\u0631\u0648\u0637 \u0627\u0644\u0625\u0631\u062c\u0627\u0639<\/strong><\/p>\n<p><!-- \/wp:paragraph --><!-- wp:paragraph --><\/p>\n<p>\u0644\u0643\u064a \u064a\u062a\u0645 \u0642\u0628\u0648\u0644 \u0627\u0644\u0625\u0631\u062c\u0627\u0639\u060c \u064a\u062c\u0628 \u0623\u0646 \u064a\u0643\u0648\u0646 \u0627\u0644\u0645\u0646\u062a\u062c \u0641\u064a \u062d\u0627\u0644\u0629 \u0645\u0645\u062a\u0627\u0632\u0629\u060c \u0628\u062f\u0648\u0646 \u0639\u0644\u0627\u0645\u0627\u062a \u0627\u0633\u062a\u062e\u062f\u0627\u0645 \u0623\u0648 \u063a\u0633\u064a\u0644\u060c \u0648\u064a\u062c\u0628 \u0623\u0646 \u064a\u0634\u0645\u0644 \u0639\u0628\u0648\u062a\u0647 \u0627\u0644\u0623\u0635\u0644\u064a\u0629\u060c \u0648\u0627\u0644\u0645\u0644\u0635\u0642\u0627\u062a \u0627\u0644\u0633\u0644\u064a\u0645\u0629\u060c \u0648\u062c\u0645\u064a\u0639 \u0627\u0644\u0645\u0644\u062d\u0642\u0627\u062a \u0623\u0648 \u0627\u0644\u0643\u062a\u064a\u0628\u0627\u062a \u0625\u0646 \u0648\u062c\u062f\u062a.<\/p>\n<p><!-- \/wp:paragraph --><!-- wp:paragraph --><\/p>\n<p>\u0644\u0646 \u064a\u062a\u0645 \u0642\u0628\u0648\u0644 \u0627\u0644\u0645\u0631\u062a\u062c\u0639\u0627\u062a \u0644\u0644\u0645\u0646\u062a\u062c\u0627\u062a \u0627\u0644\u062a\u064a \u0644\u0627 \u062a\u0633\u062a\u0648\u0641\u064a \u0647\u0630\u0647 \u0627\u0644\u0634\u0631\u0648\u0637 \u0623\u0648 \u0627\u0644\u062a\u064a \u062a\u0646\u062a\u0645\u064a \u0625\u0644\u0649 \u0627\u0644\u0641\u0626\u0627\u062a \u0627\u0644\u062a\u0627\u0644\u064a\u0629:<\/p>\n<p><!-- \/wp:paragraph --><!-- wp:list --><\/p>\n<ul>\n<li>\u0627\u0644\u0645\u0644\u0627\u0628\u0633 \u0627\u0644\u062f\u0627\u062e\u0644\u064a\u0629 (\u0627\u0644\u062e\u064a\u0648\u0637\u060c \u0648\u0627\u0644\u0645\u0644\u0627\u0628\u0633 \u0627\u0644\u062f\u0627\u062e\u0644\u064a\u0629 \u0627\u0644\u0646\u0633\u0627\u0626\u064a\u0629\u060c \u0648\u0627\u0644\u0645\u0644\u0627\u0628\u0633 \u0627\u0644\u062f\u0627\u062e\u0644\u064a\u0629 \u0627\u0644\u0631\u062c\u0627\u0644\u064a\u0629\u060c \u0648\u0627\u0644\u062c\u0648\u0627\u0631\u0628 \u0627\u0644\u0637\u0648\u064a\u0644\u0629\u060c \u0648\u0627\u0644\u0645\u0634\u062f\u0627\u062a\u060c \u0648\u0627\u0644\u062a\u0646\u0627\u0646\u064a\u0631 \u0627\u0644\u0642\u0635\u064a\u0631\u0629\u060c \u0648\u0627\u0644\u0628\u062f\u0644\u0627\u062a \u0627\u0644\u0643\u0627\u0645\u0644\u0629 \u0623\u0648 \u063a\u064a\u0631\u0647\u0627 \u0645\u0646 \u0627\u0644\u0645\u0644\u0627\u0628\u0633 \u0627\u0644\u062a\u064a \u062a\u0644\u0627\u0645\u0633 \u0627\u0644\u0645\u0646\u0627\u0637\u0642 \u0627\u0644\u062d\u0633\u0627\u0633\u0629).<\/li>\n<li>\u0645\u0646\u062a\u062c\u0627\u062a \u0627\u0644\u0646\u0638\u0627\u0641\u0629 \u0623\u0648 \u0627\u0644\u0635\u062d\u0629 \u063a\u064a\u0631 \u0627\u0644\u0645\u063a\u0644\u0642\u0629.<\/li>\n<li>\u0627\u0644\u0639\u0646\u0627\u0635\u0631 \u0627\u0644\u0634\u062e\u0635\u064a\u0629 \u0623\u0648 \u0627\u0644\u0642\u0627\u0628\u0644\u0629 \u0644\u0644\u062a\u0644\u0641 \u0623\u0648 \u0627\u0644\u0631\u0642\u0645\u064a\u0629.<\/li>\n<li>\u062d\u0645\u0627\u0644\u0627\u062a \u0635\u062f\u0631 \u0633\u064a\u0644\u064a\u0643\u0648\u0646\u064a\u0629 \u0648\u062d\u0645\u0627\u0644\u0627\u062a \u0635\u062f\u0631 \u0628\u062f\u0648\u0646 \u0638\u0647\u0631.<\/li>\n<li>\u0645\u0646\u062a\u062c\u0627\u062a \u0628\u062f\u0648\u0646 \u062a\u063a\u0644\u064a\u0641 \u0623\u0648 \u0628\u0635\u0646\u062f\u0648\u0642 \u0645\u0643\u0633\u0648\u0631.<\/li>\n<li>\u0627\u0644\u0645\u0646\u062a\u062c\u0627\u062a \u0627\u0644\u0645\u0633\u062a\u0639\u0645\u0644\u0629 \u0623\u0648 \u0627\u0644\u062a\u0627\u0644\u0641\u0629 \u0623\u0648 \u0627\u0644\u0645\u0644\u0637\u062e\u0629 \u0623\u0648 \u063a\u064a\u0631 \u0627\u0644\u0645\u0635\u0646\u0641\u0629.<\/li>\n<li>\u0628\u064a\u0627\u0646 \u0628\u0634\u0623\u0646 \u0627\u0644\u062a\u063a\u064a\u064a\u0631\u0627\u062a \u0648\u0627\u0644\u0625\u0631\u062c\u0627\u0639 \u062e\u0627\u0631\u062c \u0627\u0644\u0625\u0637\u0627\u0631 \u0627\u0644\u0632\u0645\u0646\u064a \u0627\u0644\u0645\u062d\u062f\u062f.<\/li>\n<\/ul>\n<p><!-- \/wp:list --><!-- wp:paragraph --><\/p>\n<p>\u0641\u064a \u062d\u0627\u0644 \u0639\u062f\u0645 \u0627\u0633\u062a\u064a\u0641\u0627\u0621 \u0627\u0644\u0645\u062a\u0637\u0644\u0628\u0627\u062a\u060c \u0633\u064a\u062a\u0645 \u0625\u062e\u0637\u0627\u0631 \u0627\u0644\u0639\u0645\u064a\u0644 \u0648\u0633\u064a\u062a\u0645 \u0631\u0641\u0636 \u0639\u0645\u0644\u064a\u0629 \u0627\u0644\u0625\u0631\u062c\u0627\u0639.<\/p>\n<p><!-- \/wp:paragraph --><!-- wp:paragraph --><\/p>\n<p><strong>3. \u0647\u0644 \u064a\u062a\u0645 \u0625\u062c\u0631\u0627\u0621 \u062a\u063a\u064a\u064a\u0631\u0627\u062a\u061f<\/strong><\/p>\n<p><!-- \/wp:paragraph --><!-- wp:paragraph --><\/p>\n<p data-start=\"157\" data-end=\"432\"><span style=\"font-size: 1rem;\">\u0646\u0639\u0645\u060c \u0646\u0642\u0628\u0644 \u0627\u0644\u0627\u0633\u062a\u0628\u062f\u0627\u0644 \u0628\u0634\u0631\u0637 \u0623\u0646 \u062a\u0643\u0648\u0646 \u0627\u0644\u0645\u0646\u062a\u062c\u0627\u062a \u0628\u062d\u0627\u0644\u0629 \u0645\u0645\u062a\u0627\u0632\u0629\u060c \u0648\u063a\u064a\u0631 \u0645\u0633\u062a\u062e\u062f\u0645\u0629\u060c \u0648\u0641\u064a \u0639\u0628\u0648\u062a\u0647\u0627 \u0627\u0644\u0623\u0635\u0644\u064a\u0629. \u0625\u0630\u0627 \u0631\u063a\u0628\u062a\u064e \u0641\u064a \u0627\u0633\u062a\u0628\u062f\u0627\u0644 \u0645\u0646\u062a\u062c \u0628\u0622\u062e\u0631 (\u0645\u062b\u0644\u0627\u064b\u060c \u0645\u0642\u0627\u0633 \u0623\u0648 \u0644\u0648\u0646 \u0623\u0648 \u0645\u0648\u062f\u064a\u0644 \u0645\u062e\u062a\u0644\u0641)\u060c \u064a\u064f\u0631\u062c\u0649 \u0627\u0644\u062a\u0648\u0627\u0635\u0644 \u0645\u0639\u0646\u0627 \u0644\u062a\u0631\u062a\u064a\u0628 \u0639\u0645\u0644\u064a\u0629 \u0627\u0644\u0627\u0633\u062a\u0628\u062f\u0627\u0644.<\/span><\/p>\n<p data-start=\"157\" data-end=\"432\">\n<\/p><p data-start=\"436\" data-end=\"601\"><span style=\"font-size: 1rem;\">\u0625\u0630\u0627 \u062a\u0639\u0630\u0631 \u0625\u062c\u0631\u0627\u0621 \u0639\u0645\u0644\u064a\u0629 \u0627\u0644\u0627\u0633\u062a\u0628\u062f\u0627\u0644 \u0645\u0628\u0627\u0634\u0631\u0629\u060c \u064a\u0645\u0643\u0646\u0643 \u062f\u0627\u0626\u0645\u064b\u0627 \u0645\u0645\u0627\u0631\u0633\u0629 \u062d\u0642\u0643 \u0641\u064a \u0627\u0644\u0627\u0646\u0633\u062d\u0627\u0628 \u0648\u0637\u0644\u0628 \u0627\u0633\u062a\u0631\u062f\u0627\u062f \u0627\u0644\u0623\u0645\u0648\u0627\u0644 \u0648\u0641\u0642\u064b\u0627 \u0644\u0644\u0648\u0627\u0626\u062d \u0627\u0644\u062d\u0627\u0644\u064a\u0629 \u0648\u0643\u0645\u0627 \u0647\u0648 \u0645\u0648\u0636\u062d \u0641\u064a \u0627\u0644\u0646\u0642\u0637\u0629 1 \u0645\u0646 \u0647\u0630\u0647 \u0627\u0644\u0633\u064a\u0627\u0633\u0629.<\/span><\/p>\n<p data-start=\"436\" data-end=\"601\">\u064a\u0645\u0643\u0646 \u0627\u0633\u062a\u0628\u062f\u0627\u0644 \u0627\u0644\u0645\u0646\u062a\u062c \u062d\u062a\u0649 3 \u0623\u064a\u0627\u0645 \u0628\u0639\u062f \u0627\u0633\u062a\u0644\u0627\u0645\u0647.<\/p>\n<p><!-- \/wp:paragraph --><!-- wp:paragraph --><\/p>\n<p><strong>4. \u0639\u0645\u0644\u064a\u0629 \u0627\u0644\u0625\u0631\u062c\u0627\u0639<\/strong><\/p>\n<p><!-- \/wp:paragraph --><!-- wp:paragraph --><\/p>\n<p>\u0628\u0645\u062c\u0631\u062f \u0625\u0628\u0644\u0627\u063a\u0646\u0627 \u0628\u0646\u064a\u062a\u0643 \u0641\u064a \u0625\u0631\u062c\u0627\u0639 \u0627\u0644\u0645\u0646\u062a\u062c\u060c \u0633\u0646\u0631\u0633\u0644 \u0625\u0644\u064a\u0643 \u062a\u0639\u0644\u064a\u0645\u0627\u062a \u062d\u0648\u0644 \u0643\u064a\u0641\u064a\u0629 \u0634\u062d\u0646\u0647 \u0645\u0631\u0629 \u0623\u062e\u0631\u0649.<\/p>\n<p><!-- \/wp:paragraph --><!-- wp:paragraph --><\/p>\n<p>\u064a\u062a\u062d\u0645\u0644 \u0627\u0644\u0639\u0645\u064a\u0644 \u062a\u0643\u0627\u0644\u064a\u0641 \u0627\u0644\u0634\u062d\u0646 \u0639\u0646\u062f \u0627\u0644\u0625\u0631\u062c\u0627\u0639\u060c \u0628\u0627\u0644\u0625\u0636\u0627\u0641\u0629 \u0625\u0644\u0649 \u0623\u064a \u0631\u0633\u0648\u0645 \u0623\u062e\u0631\u0649 \u0630\u0627\u062a \u0635\u0644\u0629 \u0645\u062b\u0644 \u0627\u0644\u0631\u0633\u0648\u0645 \u0627\u0644\u062c\u0645\u0631\u0643\u064a\u0629\u060c \u0625\u0644\u0627 \u0625\u0630\u0627 \u0643\u0627\u0646 \u0627\u0644\u0645\u0646\u062a\u062c \u0645\u0639\u064a\u0628\u064b\u0627 \u0623\u0648 \u0643\u0627\u0646 \u0627\u0644\u062e\u0637\u0623 \u0645\u0646 \u062c\u0627\u0646\u0628\u0646\u0627. \u0641\u064a \u0647\u0630\u0647 \u0627\u0644\u062d\u0627\u0644\u0627\u062a\u060c \u0633\u0646\u062a\u0643\u0641\u0644 \u0628\u062a\u0643\u0627\u0644\u064a\u0641 \u0627\u0644\u0627\u0633\u062a\u0644\u0627\u0645 \u0648\u0627\u0644\u0634\u062d\u0646 \u0639\u0646\u062f \u0627\u0644\u0625\u0631\u062c\u0627\u0639.<\/p>\n<p><!-- \/wp:paragraph --><!-- wp:paragraph --><\/p>\n<p><strong>5. \u0627\u0633\u062a\u0631\u062f\u0627\u062f \u0627\u0644\u0623\u0645\u0648\u0627\u0644<\/strong><\/p>\n<p><!-- \/wp:paragraph --><!-- wp:paragraph --><\/p>\n<p>\u0628\u0639\u062f \u0627\u0633\u062a\u0644\u0627\u0645 \u0627\u0644\u0645\u0646\u062a\u062c \u0627\u0644\u0645\u064f\u0639\u0627\u062f \u0648\u0641\u062d\u0635\u0647\u060c \u0633\u0646\u0642\u0648\u0645 \u0628\u0645\u0639\u0627\u0644\u062c\u0629 \u0631\u062f \u0627\u0644\u0645\u0628\u0644\u063a \u0627\u0644\u0645\u062f\u0641\u0648\u0639 \u0641\u064a \u063a\u0636\u0648\u0646 14 \u064a\u0648\u0645\u064b\u0627 \u0643\u062d\u062f \u0623\u0642\u0635\u0649. \u0633\u064a\u062a\u0645 \u0631\u062f \u0627\u0644\u0645\u0628\u0644\u063a \u0628\u0646\u0641\u0633 \u0637\u0631\u064a\u0642\u0629 \u0627\u0644\u062f\u0641\u0639 \u0627\u0644\u0645\u0633\u062a\u062e\u062f\u0645\u0629 \u0641\u064a \u0639\u0645\u0644\u064a\u0629 \u0627\u0644\u0634\u0631\u0627\u0621\u060c \u0645\u0627 \u0644\u0645 \u064a\u062a\u0645 \u0627\u0644\u0627\u062a\u0641\u0627\u0642 \u0639\u0644\u0649 \u062e\u0644\u0627\u0641 \u0630\u0644\u0643.<\/p>\n<p><!-- \/wp:paragraph --><!-- wp:paragraph --><\/p>\n<p>\u0633\u064a\u062a\u0645 \u0645\u0639\u0627\u0644\u062c\u0629 \u0639\u0645\u0644\u064a\u0629 \u0627\u0633\u062a\u0631\u062f\u0627\u062f \u0627\u0644\u0623\u0645\u0648\u0627\u0644 \u0639\u0644\u0649 \u0627\u0644\u0646\u062d\u0648 \u0627\u0644\u062a\u0627\u0644\u064a\u060c \u0648\u0630\u0644\u0643 \u062d\u0633\u0628 \u0637\u0631\u064a\u0642\u0629 \u0627\u0644\u062f\u0641\u0639:<\/p>\n<p><!-- \/wp:paragraph --><!-- wp:list --><\/p>\n<ul>\n<li>\u0628\u0637\u0627\u0642\u0629 \u0645\u0635\u0631\u0641\u064a\u0629: \u064a\u062a\u0645 \u0625\u064a\u062f\u0627\u0639 \u0627\u0644\u0645\u0628\u0644\u063a \u0641\u064a \u0627\u0644\u062d\u0633\u0627\u0628 \u0627\u0644\u0645\u0631\u062a\u0628\u0637.<\/li>\n<li>\u0628\u064a\u0632\u0648\u0645: \u0627\u0644\u0625\u064a\u062f\u0627\u0639 \u0641\u064a \u0627\u0644\u062d\u0633\u0627\u0628 \u0627\u0644\u0645\u0631\u062a\u0628\u0637.<\/li>\n<li>\u0627\u0644\u062a\u062d\u0648\u064a\u0644: \u0631\u062f \u0627\u0644\u0645\u0628\u0644\u063a \u0625\u0644\u0649 \u0627\u0644\u062d\u0633\u0627\u0628 \u0627\u0644\u0630\u064a \u062a\u0645 \u0627\u0644\u062f\u0641\u0639 \u0645\u0646\u0647.<\/li>\n<\/ul>\n<p><!-- \/wp:list --><!-- wp:paragraph --><\/p>\n<p><strong>6. \u0627\u0644\u0645\u0646\u062a\u062c\u0627\u062a \u0627\u0644\u0645\u0639\u064a\u0628\u0629 \u0623\u0648 \u0627\u0644\u0623\u062e\u0637\u0627\u0621 \u0641\u064a \u0627\u0644\u0637\u0644\u0628<\/strong><\/p>\n<p><!-- \/wp:paragraph --><!-- wp:paragraph --><\/p>\n<p>\u0625\u0630\u0627 \u0648\u0635\u0644 \u0627\u0644\u0645\u0646\u062a\u062c \u0645\u0639\u064a\u0628\u0627\u064b \u0623\u0648 \u0643\u0627\u0646 \u0647\u0646\u0627\u0643 \u062e\u0637\u0623 \u0641\u064a \u0627\u0644\u0637\u0644\u0628\u060c \u064a\u064f\u0631\u062c\u0649 \u0627\u0644\u062a\u0648\u0627\u0635\u0644 \u0645\u0639\u0646\u0627 \u0641\u064a \u0623\u0642\u0631\u0628 \u0648\u0642\u062a \u0645\u0645\u0643\u0646. \u0633\u0646\u062a\u0643\u0641\u0644 \u0628\u062c\u0645\u064a\u0639 \u062a\u0643\u0627\u0644\u064a\u0641 \u0627\u0644\u0634\u062d\u0646 \u0648\u0633\u0646\u0642\u0648\u0645 \u0628\u0631\u062f \u0627\u0644\u0645\u0628\u0644\u063a \u0623\u0648 \u0627\u0633\u062a\u0628\u062f\u0627\u0644 \u0627\u0644\u0645\u0646\u062a\u062c \u0627\u0644\u0645\u062a\u0636\u0631\u0631.<\/p>\n<p><!-- \/wp:paragraph --><!-- wp:paragraph --><\/p>\n<p><strong>7. \u0633\u064a\u0627\u0633\u0629 \u0627\u0644\u0634\u062d\u0646<\/strong><\/p>\n<p>\u064a\u062a\u062d\u0645\u0644 \u0627\u0644\u0639\u0645\u064a\u0644 \u0645\u0633\u0624\u0648\u0644\u064a\u0629 \u0623\u064a \u062a\u0643\u0627\u0644\u064a\u0641 \u0634\u062d\u0646 \u0648\u062c\u0645\u0627\u0631\u0643 \u0645\u0637\u0644\u0648\u0628\u0629 \u0644\u0625\u062c\u0631\u0627\u0621 \u0639\u0645\u0644\u064a\u0629 \u0627\u0644\u0625\u0631\u062c\u0627\u0639.<\/p>\n<p data-start=\"92\" data-end=\"137\"><strong data-start=\"92\" data-end=\"137\">\u0646\u0635\u064a\u062d\u0629 \u0642\u0628\u0644 \u062a\u0642\u062f\u064a\u0645 \u0637\u0644\u0628\u0643<\/strong><\/p>\n<p data-start=\"139\" data-end=\"351\">\u0646\u0646\u0635\u062d \u0628\u0645\u0631\u0627\u062c\u0639\u0629 \u0627\u0644\u0645\u0642\u0627\u0633\u0627\u062a \u0628\u0639\u0646\u0627\u064a\u0629 \u0642\u0628\u0644 \u0625\u062a\u0645\u0627\u0645 \u0639\u0645\u0644\u064a\u0629 \u0627\u0644\u0634\u0631\u0627\u0621. \u0645\u0646 \u0627\u0644\u0645\u0647\u0645 \u0623\u062e\u0630 \u0645\u0642\u0627\u0633\u0627\u062a\u0643 \u0648\u0645\u0642\u0627\u0631\u0646\u062a\u0647\u0627 \u0628\u062f\u0644\u064a\u0644 \u0627\u0644\u0645\u0642\u0627\u0633\u0627\u062a \u0623\u0648 \u062d\u0627\u0633\u0628\u0629 \u0627\u0644\u0645\u0642\u0627\u0633\u0627\u062a \u0644\u062f\u064a\u0646\u0627 \u0644\u0636\u0645\u0627\u0646 \u0627\u062e\u062a\u064a\u0627\u0631 \u0627\u0644\u0645\u0642\u0627\u0633 \u0627\u0644\u0623\u0646\u0633\u0628.<\/p>\n<p data-start=\"353\" data-end=\"571\">\u0648\u0628\u0647\u0630\u0647 \u0627\u0644\u0637\u0631\u064a\u0642\u0629\u060c \u0646\u0633\u0627\u0647\u0645 \u0645\u0639\u064b\u0627 \u0641\u064a \u062a\u062c\u0646\u0628 \u0639\u0645\u0644\u064a\u0627\u062a \u0627\u0644\u0627\u0633\u062a\u0628\u062f\u0627\u0644 \u0623\u0648 \u0627\u0644\u0625\u0631\u062c\u0627\u0639 \u063a\u064a\u0631 \u0627\u0644\u0636\u0631\u0648\u0631\u064a\u0629\u060c \u0627\u0644\u0623\u0645\u0631 \u0627\u0644\u0630\u064a \u0644\u0627 \u064a\u0642\u0644\u0644 \u0641\u0642\u0637 \u0645\u0646 \u062a\u0643\u0627\u0644\u064a\u0641 \u0627\u0644\u0634\u062d\u0646 \u0648\u0627\u0644\u0625\u0631\u062c\u0627\u0639 \u0627\u0644\u062a\u064a \u064a\u062a\u062d\u0645\u0644\u0647\u0627 \u0627\u0644\u0639\u0645\u064a\u0644\u060c \u0628\u0644 \u064a\u0633\u0627\u0639\u062f \u0623\u064a\u0636\u064b\u0627 \u0641\u064a \u062a\u0642\u0644\u064a\u0644 \u0627\u0644\u062a\u0623\u062b\u064a\u0631 \u0627\u0644\u0628\u064a\u0626\u064a.<\/p>\n<p><\/p>\n<p data-start=\"573\" data-end=\"615\">\u0634\u0643\u0631\u0627\u064b \u0644\u062a\u0641\u0647\u0645\u0643\u0645 \u0648\u062a\u0639\u0627\u0648\u0646\u0643\u0645.<\/p>\n<p><!-- \/wp:paragraph --><!-- wp:paragraph --><\/p>\n<p>\u0644\u0623\u064a \u0627\u0633\u062a\u0641\u0633\u0627\u0631\u0627\u062a \u062a\u062a\u0639\u0644\u0642 \u0628\u0627\u0644\u0625\u0631\u062c\u0627\u0639\u060c \u064a\u0631\u062c\u0649 \u0627\u0644\u0627\u062a\u0635\u0627\u0644 \u0628\u0646\u0627:<\/p>\n<p><!-- \/wp:paragraph --><!-- wp:list --><\/p>\n<ul>\n<li>\u0627\u0644\u0634\u0631\u0643\u0629: \u0628\u0627\u0628\u0644\u0648 \u0623\u0646\u062c\u0648\u0644\u0648 \u0645\u0627\u0633\u0628\u0648\u0646\u0632<\/li>\n<li>\u0639\u062f\u062f \u0627\u0644\u0633\u0643\u0627\u0646: \u0641\u064a\u0646\u0627\u0631\u0648\u0632\u060c \u0625\u0633\u0628\u0627\u0646\u064a\u0627<\/li>\n<li>\u0631\u0642\u0645 \u0627\u0644\u0647\u0627\u062a\u0641: 613395013<\/li>\n<li>\u0628\u0631\u064a\u062f \u0625\u0644\u0643\u062a\u0631\u0648\u0646\u064a: <a href=\"mailto:info@rosanacl.com\">info@rosanacl.com <\/a><\/li>\n<\/ul>\t\t\t\t\t\t\t\t<\/div>\n\t\t\t\t<\/div>\n\t\t\t\t\t<\/div>\n\t\t\t\t<\/div>\n\t\t\t\t<\/div>","protected":false},"excerpt":{"rendered":"<p>Esta pol\u00edtica de devoluciones fue actualizada por \u00faltima vez el 23\/05\/2025 y se aplica a todas las compras realizadas a trav\u00e9s de nuestra web: https:\/\/rosanacl.com\/ 1. Derecho de desistimiento Tienes derecho a desistir de tu compra dentro de un plazo de 14 d\u00edas naturales desde la recepci\u00f3n del producto, sin necesidad de justificaci\u00f3n. Para ejercer [&hellip;]<\/p>\n","protected":false},"author":1,"featured_media":0,"parent":0,"menu_order":0,"comment_status":"closed","ping_status":"closed","template":"","meta":{"content-type":"","footnotes":""},"class_list":["post-2006","page","type-page","status-publish","hentry"],"yoast_head":"<!-- This site is optimized with the Yoast SEO plugin v27.4 - https:\/\/yoast.com\/product\/yoast-seo-wordpress\/ -->\n<title>Pol\u00edtica de Devoluci\u00f3n - Rosana CL<\/title>\n<meta name=\"robots\" content=\"index, follow, max-snippet:-1, max-image-preview:large, max-video-preview:-1\" \/>\n<link rel=\"canonical\" href=\"https:\/\/rosanacl.com\/ar\/politica-de-devolucion\/\" \/>\n<meta property=\"og:locale\" content=\"ar_AR\" \/>\n<meta property=\"og:type\" content=\"article\" \/>\n<meta property=\"og:title\" content=\"Pol\u00edtica de Devoluci\u00f3n - Rosana CL\" \/>\n<meta property=\"og:description\" content=\"Esta pol\u00edtica de devoluciones fue actualizada por \u00faltima vez el 23\/05\/2025 y se aplica a todas las compras realizadas a trav\u00e9s de nuestra web: https:\/\/rosanacl.com\/ 1. Derecho de desistimiento Tienes derecho a desistir de tu compra dentro de un plazo de 14 d\u00edas naturales desde la recepci\u00f3n del producto, sin necesidad de justificaci\u00f3n. Para ejercer [&hellip;]\" \/>\n<meta property=\"og:url\" content=\"https:\/\/rosanacl.com\/ar\/politica-de-devolucion\/\" \/>\n<meta property=\"og:site_name\" content=\"Rosana CL\" \/>\n<meta property=\"article:modified_time\" content=\"2025-12-14T21:28:46+00:00\" \/>\n<meta name=\"twitter:card\" content=\"summary_large_image\" \/>\n<meta name=\"twitter:label1\" content=\"\u0648\u0642\u062a \u0627\u0644\u0642\u0631\u0627\u0621\u0629 \u0627\u0644\u0645\u064f\u0642\u062f\u0651\u0631\" \/>\n\t<meta name=\"twitter:data1\" content=\"3 \u062f\u0642\u0627\u0626\u0642\" \/>\n<script type=\"application\/ld+json\" class=\"yoast-schema-graph\">{\"@context\":\"https:\\\/\\\/schema.org\",\"@graph\":[{\"@type\":\"WebPage\",\"@id\":\"https:\\\/\\\/rosanacl.com\\\/politica-de-devolucion\\\/\",\"url\":\"https:\\\/\\\/rosanacl.com\\\/politica-de-devolucion\\\/\",\"name\":\"Pol\u00edtica de Devoluci\u00f3n - Rosana CL\",\"isPartOf\":{\"@id\":\"https:\\\/\\\/rosanacl.com\\\/ca\\\/#website\"},\"datePublished\":\"2025-05-23T06:26:39+00:00\",\"dateModified\":\"2025-12-14T21:28:46+00:00\",\"breadcrumb\":{\"@id\":\"https:\\\/\\\/rosanacl.com\\\/politica-de-devolucion\\\/#breadcrumb\"},\"inLanguage\":\"ar\",\"potentialAction\":[{\"@type\":\"ReadAction\",\"target\":[\"https:\\\/\\\/rosanacl.com\\\/politica-de-devolucion\\\/\"]}]},{\"@type\":\"BreadcrumbList\",\"@id\":\"https:\\\/\\\/rosanacl.com\\\/politica-de-devolucion\\\/#breadcrumb\",\"itemListElement\":[{\"@type\":\"ListItem\",\"position\":1,\"name\":\"Portada\",\"item\":\"https:\\\/\\\/rosanacl.com\\\/ca\\\/\"},{\"@type\":\"ListItem\",\"position\":2,\"name\":\"Pol\u00edtica de Devoluci\u00f3n\"}]},{\"@type\":\"WebSite\",\"@id\":\"https:\\\/\\\/rosanacl.com\\\/ca\\\/#website\",\"url\":\"https:\\\/\\\/rosanacl.com\\\/ca\\\/\",\"name\":\"Rosana CL\",\"description\":\"Somos tu interior\",\"potentialAction\":[{\"@type\":\"SearchAction\",\"target\":{\"@type\":\"EntryPoint\",\"urlTemplate\":\"https:\\\/\\\/rosanacl.com\\\/ca\\\/?s={search_term_string}\"},\"query-input\":{\"@type\":\"PropertyValueSpecification\",\"valueRequired\":true,\"valueName\":\"search_term_string\"}}],\"inLanguage\":\"ar\"}]}<\/script>\n<!-- \/ Yoast SEO plugin. -->","yoast_head_json":{"title":"Pol\u00edtica de Devoluci\u00f3n - Rosana CL","robots":{"index":"index","follow":"follow","max-snippet":"max-snippet:-1","max-image-preview":"max-image-preview:large","max-video-preview":"max-video-preview:-1"},"canonical":"https:\/\/rosanacl.com\/ar\/politica-de-devolucion\/","og_locale":"ar_AR","og_type":"article","og_title":"Pol\u00edtica de Devoluci\u00f3n - Rosana CL","og_description":"Esta pol\u00edtica de devoluciones fue actualizada por \u00faltima vez el 23\/05\/2025 y se aplica a todas las compras realizadas a trav\u00e9s de nuestra web: https:\/\/rosanacl.com\/ 1. Derecho de desistimiento Tienes derecho a desistir de tu compra dentro de un plazo de 14 d\u00edas naturales desde la recepci\u00f3n del producto, sin necesidad de justificaci\u00f3n. Para ejercer [&hellip;]","og_url":"https:\/\/rosanacl.com\/ar\/politica-de-devolucion\/","og_site_name":"Rosana CL","article_modified_time":"2025-12-14T21:28:46+00:00","twitter_card":"summary_large_image","twitter_misc":{"\u0648\u0642\u062a \u0627\u0644\u0642\u0631\u0627\u0621\u0629 \u0627\u0644\u0645\u064f\u0642\u062f\u0651\u0631":"3 \u062f\u0642\u0627\u0626\u0642"},"schema":{"@context":"https:\/\/schema.org","@graph":[{"@type":"WebPage","@id":"https:\/\/rosanacl.com\/politica-de-devolucion\/","url":"https:\/\/rosanacl.com\/politica-de-devolucion\/","name":"Pol\u00edtica de Devoluci\u00f3n - Rosana CL","isPartOf":{"@id":"https:\/\/rosanacl.com\/ca\/#website"},"datePublished":"2025-05-23T06:26:39+00:00","dateModified":"2025-12-14T21:28:46+00:00","breadcrumb":{"@id":"https:\/\/rosanacl.com\/politica-de-devolucion\/#breadcrumb"},"inLanguage":"ar","potentialAction":[{"@type":"ReadAction","target":["https:\/\/rosanacl.com\/politica-de-devolucion\/"]}]},{"@type":"BreadcrumbList","@id":"https:\/\/rosanacl.com\/politica-de-devolucion\/#breadcrumb","itemListElement":[{"@type":"ListItem","position":1,"name":"Portada","item":"https:\/\/rosanacl.com\/ca\/"},{"@type":"ListItem","position":2,"name":"Pol\u00edtica de Devoluci\u00f3n"}]},{"@type":"WebSite","@id":"https:\/\/rosanacl.com\/ca\/#website","url":"https:\/\/rosanacl.com\/ca\/","name":"\u0631\u0648\u0632\u0627\u0646\u0627 \u0633\u064a \u0625\u0644","description":"Somos tu interior","potentialAction":[{"@type":"SearchAction","target":{"@type":"EntryPoint","urlTemplate":"https:\/\/rosanacl.com\/ca\/?s={search_term_string}"},"query-input":{"@type":"PropertyValueSpecification","valueRequired":true,"valueName":"search_term_string"}}],"inLanguage":"ar"}]}},"_links":{"self":[{"href":"https:\/\/rosanacl.com\/ar\/wp-json\/wp\/v2\/pages\/2006","targetHints":{"allow":["GET"]}}],"collection":[{"href":"https:\/\/rosanacl.com\/ar\/wp-json\/wp\/v2\/pages"}],"about":[{"href":"https:\/\/rosanacl.com\/ar\/wp-json\/wp\/v2\/types\/page"}],"author":[{"embeddable":true,"href":"https:\/\/rosanacl.com\/ar\/wp-json\/wp\/v2\/users\/1"}],"replies":[{"embeddable":true,"href":"https:\/\/rosanacl.com\/ar\/wp-json\/wp\/v2\/comments?post=2006"}],"version-history":[{"count":5,"href":"https:\/\/rosanacl.com\/ar\/wp-json\/wp\/v2\/pages\/2006\/revisions"}],"predecessor-version":[{"id":4262,"href":"https:\/\/rosanacl.com\/ar\/wp-json\/wp\/v2\/pages\/2006\/revisions\/4262"}],"wp:attachment":[{"href":"https:\/\/rosanacl.com\/ar\/wp-json\/wp\/v2\/media?parent=2006"}],"curies":[{"name":"wp","href":"https:\/\/api.w.org\/{rel}","templated":true}]}}