{"id":21,"date":"2025-03-28T16:06:23","date_gmt":"2025-03-28T19:06:23","guid":{"rendered":"https:\/\/innovacon.simplificandotuweb.com\/?page_id=21"},"modified":"2025-05-10T02:25:08","modified_gmt":"2025-05-10T00:25:08","slug":"declaracion-de-accesibilidad","status":"publish","type":"page","link":"https:\/\/rosanacl.com\/ar\/declaracion-de-accesibilidad\/","title":{"rendered":"\u0628\u064a\u0627\u0646 \u0625\u0645\u0643\u0627\u0646\u064a\u0629 \u0627\u0644\u0648\u0635\u0648\u0644"},"content":{"rendered":"<div data-elementor-type=\"wp-page\" data-elementor-id=\"21\" class=\"elementor elementor-21\" data-elementor-post-type=\"page\">\n\t\t\t\t<div class=\"elementor-element elementor-element-eb41712 e-flex e-con-boxed e-con e-parent\" data-id=\"eb41712\" data-element_type=\"container\" data-e-type=\"container\" data-settings=\"{&quot;background_background&quot;:&quot;classic&quot;}\">\n\t\t\t\t\t<div class=\"e-con-inner\">\n\t\t<div class=\"elementor-element elementor-element-394e804 e-con-full e-flex e-con e-child\" data-id=\"394e804\" data-element_type=\"container\" data-e-type=\"container\">\n\t\t\t\t<div class=\"elementor-element elementor-element-4858173 elementor-widget elementor-widget-heading\" data-id=\"4858173\" data-element_type=\"widget\" data-e-type=\"widget\" data-widget_type=\"heading.default\">\n\t\t\t\t<div class=\"elementor-widget-container\">\n\t\t\t\t\t<h2 class=\"elementor-heading-title elementor-size-default\">\u0628\u064a\u0627\u0646 \u0625\u0645\u0643\u0627\u0646\u064a\u0629 \u0627\u0644\u0648\u0635\u0648\u0644<\/h2>\t\t\t\t<\/div>\n\t\t\t\t<\/div>\n\t\t\t\t<\/div>\n\t\t\t\t\t<\/div>\n\t\t\t\t<\/div>\n\t\t<div class=\"elementor-element elementor-element-3c3c9a51 e-flex e-con-boxed e-con e-parent\" data-id=\"3c3c9a51\" data-element_type=\"container\" data-e-type=\"container\">\n\t\t\t\t\t<div class=\"e-con-inner\">\n\t\t\t\t<div class=\"elementor-element elementor-element-d37677a elementor-widget elementor-widget-text-editor\" data-id=\"d37677a\" data-element_type=\"widget\" data-e-type=\"widget\" data-widget_type=\"text-editor.default\">\n\t\t\t\t<div class=\"elementor-widget-container\">\n\t\t\t\t\t\t\t\t\t\n<p>\u062a\u0644\u062a\u0632\u0645 \u0634\u0631\u0643\u0629 \u0628\u0627\u0628\u0644\u0648 \u0623\u0646\u062c\u0648\u0644\u0648 \u0645\u0627\u0633\u0628\u0648\u0646\u0632 \u0628\u062c\u0639\u0644 \u0645\u0648\u0642\u0639\u0647\u0627 \u0627\u0644\u0625\u0644\u0643\u062a\u0631\u0648\u0646\u064a \u0645\u062a\u0627\u062d\u064b\u0627 \u0644\u0644\u062c\u0645\u064a\u0639\u060c \u0648\u0641\u0642\u064b\u0627 \u0644\u0644\u0645\u0631\u0633\u0648\u0645 \u0627\u0644\u0645\u0644\u0643\u064a \u0631\u0642\u0645 1112\/2018 \u0627\u0644\u0635\u0627\u062f\u0631 \u0641\u064a 7 \u0633\u0628\u062a\u0645\u0628\u0631\u060c \u0628\u0634\u0623\u0646 \u0625\u0645\u0643\u0627\u0646\u064a\u0629 \u0627\u0644\u0648\u0635\u0648\u0644 \u0625\u0644\u0649 \u0645\u0648\u0627\u0642\u0639 \u0627\u0644\u0648\u064a\u0628 \u0648\u062a\u0637\u0628\u064a\u0642\u0627\u062a \u0627\u0644\u0647\u0627\u062a\u0641 \u0627\u0644\u0645\u062d\u0645\u0648\u0644 \u0644\u0644\u0642\u0637\u0627\u0639 \u0627\u0644\u0639\u0627\u0645. \u064a\u0646\u0637\u0628\u0642 \u0628\u064a\u0627\u0646 \u0625\u0645\u0643\u0627\u0646\u064a\u0629 \u0627\u0644\u0648\u0635\u0648\u0644 \u0647\u0630\u0627 \u0639\u0644\u0649 \u0647\u0630\u0627 \u0627\u0644\u0645\u0648\u0642\u0639 \u0627\u0644\u0625\u0644\u0643\u062a\u0631\u0648\u0646\u064a.<\/p>\n\n<p><strong>\u062d\u0627\u0644\u0629 \u0627\u0644\u0627\u0645\u062a\u062b\u0627\u0644<\/strong><\/p>\n\n<p>\u062a\u0645 \u062a\u0637\u0648\u064a\u0631 \u0647\u0630\u0627 \u0627\u0644\u0645\u0648\u0642\u0639 \u0627\u0644\u0625\u0644\u0643\u062a\u0631\u0648\u0646\u064a \u0648\u0641\u0642\u064b\u0627 \u0644\u0644\u0645\u0631\u0633\u0648\u0645 \u0627\u0644\u0645\u0644\u0643\u064a \u0631\u0642\u0645 1112\/2018<\/p>\n\n<p><strong>\u0627\u0644\u0627\u0633\u062a\u0639\u062f\u0627\u062f \u0644\u0628\u064a\u0627\u0646 \u0625\u0645\u0643\u0627\u0646\u064a\u0629 \u0627\u0644\u0648\u0635\u0648\u0644 \u0627\u0644\u062a\u0627\u0644\u064a<\/strong><\/p>\n\n<p>\u062a\u0645 \u0625\u0639\u062f\u0627\u062f \u0647\u0630\u0627 \u0627\u0644\u0628\u064a\u0627\u0646 \u0641\u064a 20 \u0623\u0628\u0631\u064a\u0644 2023. \u0648\u0643\u0627\u0646\u062a \u0627\u0644\u0637\u0631\u064a\u0642\u0629 \u0627\u0644\u0645\u0633\u062a\u062e\u062f\u0645\u0629 \u0641\u064a \u0625\u0639\u062f\u0627\u062f \u0627\u0644\u0628\u064a\u0627\u0646 \u0647\u064a \u0627\u0644\u062a\u0642\u064a\u064a\u0645 \u0627\u0644\u0630\u0627\u062a\u064a.<\/p>\n\n<p><strong>\u0645\u0644\u0627\u062d\u0638\u0627\u062a \u0648\u0645\u0639\u0644\u0648\u0645\u0627\u062a \u0627\u0644\u0627\u062a\u0635\u0627\u0644<\/strong><\/p>\n\n<p>\u064a\u0645\u0643\u0646\u0643\u0645 \u062a\u0642\u062f\u064a\u0645 \u0645\u0631\u0627\u0633\u0644\u0627\u062a \u062a\u062a\u0639\u0644\u0642 \u0628\u0645\u062a\u0637\u0644\u0628\u0627\u062a \u0625\u0645\u0643\u0627\u0646\u064a\u0629 \u0627\u0644\u0648\u0635\u0648\u0644 (\u0627\u0644\u0645\u0627\u062f\u0629 10.2.\u0623 \u0645\u0646 \u0627\u0644\u0645\u0631\u0633\u0648\u0645 \u0627\u0644\u0645\u0644\u0643\u064a 1112\/2018) \u0645\u062b\u0644:<\/p>\n\n<ul class=\"wp-block-list\">\n<li>\u0623\u0628\u0644\u063a \u0639\u0646 \u0623\u064a \u0627\u0646\u062a\u0647\u0627\u0643\u0627\u062a \u0645\u062d\u062a\u0645\u0644\u0629 \u0645\u0646 \u0647\u0630\u0627 \u0627\u0644\u0645\u0648\u0642\u0639<\/li>\n\n<li>\u0644\u0644\u062a\u0648\u0627\u0635\u0644 \u0628\u0634\u0623\u0646 \u0627\u0644\u0635\u0639\u0648\u0628\u0627\u062a \u0627\u0644\u0623\u062e\u0631\u0649 \u0627\u0644\u062a\u064a \u062a\u0648\u0627\u062c\u0647 \u0627\u0644\u0648\u0635\u0648\u0644 \u0625\u0644\u0649 \u0627\u0644\u0645\u062d\u062a\u0648\u0649<\/li>\n\n<li>\u0644\u062a\u0642\u062f\u064a\u0645 \u0623\u064a \u0627\u0633\u062a\u0641\u0633\u0627\u0631 \u0623\u0648 \u0627\u0642\u062a\u0631\u0627\u062d \u0622\u062e\u0631 \u0644\u062a\u062d\u0633\u064a\u0646 \u0625\u0645\u0643\u0627\u0646\u064a\u0629 \u0627\u0644\u0648\u0635\u0648\u0644 \u0625\u0644\u0649 \u0627\u0644\u0645\u0648\u0642\u0639 \u0627\u0644\u0625\u0644\u0643\u062a\u0631\u0648\u0646\u064a\u060c \u064a\u0631\u062c\u0649 \u0627\u0633\u062a\u062e\u062f\u0627\u0645 \u0646\u0645\u0648\u0630\u062c \u0627\u0644\u0627\u062a\u0635\u0627\u0644 \u0627\u0644\u0645\u0648\u062c\u0648\u062f \u0639\u0644\u0649 \u0647\u0630\u0627 \u0627\u0644\u0645\u0648\u0642\u0639 \u0623\u0648 \u0627\u0644\u0627\u062a\u0635\u0627\u0644 \u0628\u0631\u0642\u0645 \u0627\u0644\u0647\u0627\u062a\u0641 \u0627\u0644\u0645\u0642\u062f\u0645.\u00a0<\/li>\n<\/ul>\n\n<p>\u064a\u0645\u0643\u0646\u0643 \u062a\u0642\u062f\u064a\u0645 \u0645\u0627 \u064a\u0644\u064a:<\/p>\n\n<ul class=\"wp-block-list\">\n<li>\u0634\u0643\u0648\u0649 \u062a\u062a\u0639\u0644\u0642 \u0628\u0627\u0644\u0627\u0645\u062a\u062b\u0627\u0644 \u0644\u0645\u062a\u0637\u0644\u0628\u0627\u062a \u0627\u0644\u0645\u0631\u0633\u0648\u0645 \u0627\u0644\u0645\u0644\u0643\u064a \u0631\u0642\u0645 1112\/2018<\/li>\n\n<li>\u0637\u0644\u0628 \u0645\u0639\u0644\u0648\u0645\u0627\u062a \u064a\u0633\u0647\u0644 \u0627\u0644\u0648\u0635\u0648\u0644 \u0625\u0644\u064a\u0647\u0627 \u0628\u0634\u0623\u0646:\n<ul class=\"wp-block-list\">\n<li>\u0627\u0644\u0645\u062d\u062a\u0648\u0649 \u0627\u0644\u0645\u0633\u062a\u062b\u0646\u0649 \u0645\u0646 \u0646\u0637\u0627\u0642 \u062a\u0637\u0628\u064a\u0642 \u0627\u0644\u0645\u0631\u0633\u0648\u0645 \u0627\u0644\u0645\u0644\u0643\u064a \u0631\u0642\u0645 1112\/2018 \u0639\u0644\u0649 \u0627\u0644\u0646\u062d\u0648 \u0627\u0644\u0645\u0646\u0635\u0648\u0635 \u0639\u0644\u064a\u0647 \u0641\u064a \u0627\u0644\u0645\u0627\u062f\u0629 3\u060c \u0627\u0644\u0641\u0642\u0631\u0629 4<\/li>\n\n<li>\u0627\u0644\u0645\u062d\u062a\u0648\u0649 \u0627\u0644\u0645\u0639\u0641\u0649 \u0645\u0646 \u0645\u062a\u0637\u0644\u0628\u0627\u062a \u0625\u0645\u0643\u0627\u0646\u064a\u0629 \u0627\u0644\u0648\u0635\u0648\u0644 \u0644\u0641\u0631\u0636 \u0639\u0628\u0621 \u063a\u064a\u0631 \u0645\u062a\u0646\u0627\u0633\u0628<\/li>\n\n<li>\u0641\u064a \u0637\u0644\u0628 \u0627\u0644\u0645\u0639\u0644\u0648\u0645\u0627\u062a \u0627\u0644\u0645\u062a\u0627\u062d\u0629\u060c \u064a\u062c\u0628 \u062a\u062d\u062f\u064a\u062f \u0627\u0644\u062d\u0642\u0627\u0626\u0642 \u0648\u0627\u0644\u0623\u0633\u0628\u0627\u0628 \u0648\u0627\u0644\u0637\u0644\u0628 \u0628\u0648\u0636\u0648\u062d \u0644\u0625\u062b\u0628\u0627\u062a \u0623\u0646\u0647 \u0637\u0644\u0628 \u0645\u0639\u0642\u0648\u0644 \u0648\u0645\u0634\u0631\u0648\u0639.<\/li>\n<\/ul>\n<\/li>\n<\/ul>\n\n<p>\u0633\u064a\u062a\u0645 \u062a\u0642\u062f\u064a\u0645 \u0627\u0644\u0634\u0643\u0627\u0648\u0649 \u0648\u0627\u0644\u0645\u0637\u0627\u0644\u0628\u0627\u062a \u0627\u0644\u0645\u062a\u0639\u0644\u0642\u0629 \u0628\u0627\u0644\u0645\u0639\u0644\u0648\u0645\u0627\u062a \u0627\u0644\u0645\u062a\u0627\u062d\u0629 \u0645\u0646 \u062e\u0644\u0627\u0644 \u0627\u0644\u0645\u0642\u0631 \u0627\u0644\u0625\u0644\u0643\u062a\u0631\u0648\u0646\u064a (https:\/\/sede.red.gob.es\/procedimientos\/quejas-y-sugerencias)\u060c \u0648\u0633\u064a\u062a\u0645 \u0627\u0633\u062a\u0644\u0627\u0645\u0647\u0627 \u0648\u0645\u0639\u0627\u0644\u062c\u062a\u0647\u0627 \u0645\u0646 \u0642\u0628\u0644 \u0642\u0633\u0645 \u0646\u0638\u0645 \u0627\u0644\u0645\u0639\u0644\u0648\u0645\u0627\u062a \u0641\u064a Red.es.<\/p>\n\n<p><strong>\u0645\u062d\u062a\u0648\u0649 \u0627\u062e\u062a\u064a\u0627\u0631\u064a<\/strong><\/p>\n\n<ul class=\"wp-block-list\">\n<li>\u0644\u062a\u063a\u064a\u064a\u0631 \u062d\u062c\u0645 \u062e\u0637 \u0627\u0644\u0646\u0635 \u0641\u064a \u0645\u062a\u0635\u0641\u062d\u0627\u062a \u0627\u0644\u0631\u0633\u0648\u0645\u064a\u0627\u062a \u0627\u0644\u0631\u0626\u064a\u0633\u064a\u0629\u060c \u0627\u0633\u062a\u062e\u062f\u0645 \u0627\u0644\u0642\u0648\u0627\u0626\u0645 \u0627\u0644\u062a\u0627\u0644\u064a\u0629:<\/li>\n\n<li>\u0633\u0641\u0627\u0631\u064a: \u0639\u0631\u0636 &gt; \u062a\u0643\u0628\u064a\u0631 \u0627\u0644\u0646\u0635<\/li>\n\n<li>\u0643\u0631\u0648\u0645: \u0627\u0644\u062a\u062d\u0643\u0645 \u0641\u064a \u0627\u0644\u0635\u0641\u062d\u0629 \u0627\u0644\u062d\u0627\u0644\u064a\u0629 &gt; \u062d\u062c\u0645 \u0627\u0644\u0646\u0635<\/li>\n<\/ul>\n\n<p>\u0644\u062a\u063a\u064a\u064a\u0631 \u062d\u062c\u0645 \u0643\u0644 \u0634\u064a\u0621 \u0641\u064a \u0627\u0644\u0635\u0641\u062d\u0629:<\/p>\n\n<ul class=\"wp-block-list\">\n<li>\u0627\u0636\u063a\u0637 \u0639\u0644\u0649 Ctrl++ \u0644\u0632\u064a\u0627\u062f\u062a\u0647<\/li>\n\n<li>Ctrl + - \u0644\u062a\u0642\u0644\u064a\u0644\u0647<\/li>\n\n<li>\u064a\u0624\u062f\u064a \u0627\u0644\u0636\u063a\u0637 \u0639\u0644\u0649 Ctrl + 0 \u0625\u0644\u0649 \u0627\u0633\u062a\u0639\u0627\u062f\u0629 \u062d\u062c\u0645 \u0627\u0644\u0646\u0635 \u0627\u0644\u0623\u0635\u0644\u064a<\/li>\n\n<li>\u0625\u0630\u0627 \u0643\u0646\u062a \u062a\u0631\u063a\u0628 \u0641\u064a \u062a\u062c\u0627\u0648\u0632 \u0648\u0631\u0642\u0629 \u0627\u0644\u0623\u0646\u0645\u0627\u0637 \u0623\u0648 \u062a\u063a\u064a\u064a\u0631 \u0644\u0648\u0646 \u0627\u0644\u0646\u0635\u060c \u064a\u0645\u0643\u0646\u0643 \u0627\u0644\u0631\u062c\u0648\u0639 \u0625\u0644\u0649 \u0635\u0641\u062d\u0629 WAI \u0628\u0639\u0646\u0648\u0627\u0646 &quot;\u0643\u064a\u0641\u064a\u0629 \u062a\u063a\u064a\u064a\u0631 \u062d\u062c\u0645 \u0627\u0644\u0646\u0635 \u0623\u0648 \u0623\u0644\u0648\u0627\u0646\u0647&quot;\u060c \u0648\u0627\u0644\u062a\u064a \u064a\u0645\u0643\u0646 \u0642\u0631\u0627\u0621\u062a\u0647\u0627 \u0628\u0627\u0644\u0644\u063a\u0629 \u0627\u0644\u0625\u0633\u0628\u0627\u0646\u064a\u0629 \u0639\u0644\u0649 \u0627\u0644\u0646\u062d\u0648 \u0627\u0644\u062a\u0627\u0644\u064a: C\u00f3mo cambiar el tama\u00f1o del texto o colores?<\/li>\n<\/ul>\n\t\t\t\t\t\t\t\t<\/div>\n\t\t\t\t<\/div>\n\t\t\t\t\t<\/div>\n\t\t\t\t<\/div>\n\t\t\t\t<\/div>","protected":false},"excerpt":{"rendered":"<p>PABLO ANGULO MASPONS se ha comprometido a hacer accesible su sitio web, conforme al Real Decreto 1112\/2018, de 7 de septiembre, sobre accesibilidad de los sitios web y aplicaciones para dispositivos m\u00f3viles del sector p\u00fablico. Esta declaraci\u00f3n de accesibilidad se aplica a esta web. Situaci\u00f3n de cumplimiento Este sitio web est\u00e1 desarrollado seg\u00fan el RD [&hellip;]<\/p>\n","protected":false},"author":1,"featured_media":0,"parent":0,"menu_order":0,"comment_status":"closed","ping_status":"closed","template":"","meta":{"content-type":"","footnotes":""},"class_list":["post-21","page","type-page","status-publish","hentry"],"yoast_head":"<!-- This site is optimized with the Yoast SEO plugin v27.4 - https:\/\/yoast.com\/product\/yoast-seo-wordpress\/ -->\n<title>Declaraci\u00f3n de Accesibilidad - Rosana CL<\/title>\n<meta name=\"robots\" content=\"index, follow, max-snippet:-1, max-image-preview:large, max-video-preview:-1\" \/>\n<link rel=\"canonical\" href=\"https:\/\/rosanacl.com\/ar\/declaracion-de-accesibilidad\/\" \/>\n<meta property=\"og:locale\" content=\"ar_AR\" \/>\n<meta property=\"og:type\" content=\"article\" \/>\n<meta property=\"og:title\" content=\"Declaraci\u00f3n de Accesibilidad - Rosana CL\" \/>\n<meta property=\"og:description\" content=\"PABLO ANGULO MASPONS se ha comprometido a hacer accesible su sitio web, conforme al Real Decreto 1112\/2018, de 7 de septiembre, sobre accesibilidad de los sitios web y aplicaciones para dispositivos m\u00f3viles del sector p\u00fablico. Esta declaraci\u00f3n de accesibilidad se aplica a esta web. Situaci\u00f3n de cumplimiento Este sitio web est\u00e1 desarrollado seg\u00fan el RD [&hellip;]\" \/>\n<meta property=\"og:url\" content=\"https:\/\/rosanacl.com\/ar\/declaracion-de-accesibilidad\/\" \/>\n<meta property=\"og:site_name\" content=\"Rosana CL\" \/>\n<meta property=\"article:modified_time\" content=\"2025-05-10T00:25:08+00:00\" \/>\n<meta name=\"twitter:card\" content=\"summary_large_image\" \/>\n<meta name=\"twitter:label1\" content=\"\u0648\u0642\u062a \u0627\u0644\u0642\u0631\u0627\u0621\u0629 \u0627\u0644\u0645\u064f\u0642\u062f\u0651\u0631\" \/>\n\t<meta name=\"twitter:data1\" content=\"\u062f\u0642\u064a\u0642\u062a\u0627\u0646\" \/>\n<script type=\"application\/ld+json\" class=\"yoast-schema-graph\">{\"@context\":\"https:\\\/\\\/schema.org\",\"@graph\":[{\"@type\":\"WebPage\",\"@id\":\"https:\\\/\\\/rosanacl.com\\\/declaracion-de-accesibilidad\\\/\",\"url\":\"https:\\\/\\\/rosanacl.com\\\/declaracion-de-accesibilidad\\\/\",\"name\":\"Declaraci\u00f3n de Accesibilidad - Rosana CL\",\"isPartOf\":{\"@id\":\"https:\\\/\\\/rosanacl.com\\\/ca\\\/#website\"},\"datePublished\":\"2025-03-28T19:06:23+00:00\",\"dateModified\":\"2025-05-10T00:25:08+00:00\",\"breadcrumb\":{\"@id\":\"https:\\\/\\\/rosanacl.com\\\/declaracion-de-accesibilidad\\\/#breadcrumb\"},\"inLanguage\":\"ar\",\"potentialAction\":[{\"@type\":\"ReadAction\",\"target\":[\"https:\\\/\\\/rosanacl.com\\\/declaracion-de-accesibilidad\\\/\"]}]},{\"@type\":\"BreadcrumbList\",\"@id\":\"https:\\\/\\\/rosanacl.com\\\/declaracion-de-accesibilidad\\\/#breadcrumb\",\"itemListElement\":[{\"@type\":\"ListItem\",\"position\":1,\"name\":\"Portada\",\"item\":\"https:\\\/\\\/rosanacl.com\\\/ca\\\/\"},{\"@type\":\"ListItem\",\"position\":2,\"name\":\"Declaraci\u00f3n de Accesibilidad\"}]},{\"@type\":\"WebSite\",\"@id\":\"https:\\\/\\\/rosanacl.com\\\/ca\\\/#website\",\"url\":\"https:\\\/\\\/rosanacl.com\\\/ca\\\/\",\"name\":\"Rosana CL\",\"description\":\"Somos tu interior\",\"potentialAction\":[{\"@type\":\"SearchAction\",\"target\":{\"@type\":\"EntryPoint\",\"urlTemplate\":\"https:\\\/\\\/rosanacl.com\\\/ca\\\/?s={search_term_string}\"},\"query-input\":{\"@type\":\"PropertyValueSpecification\",\"valueRequired\":true,\"valueName\":\"search_term_string\"}}],\"inLanguage\":\"ar\"}]}<\/script>\n<!-- \/ Yoast SEO plugin. -->","yoast_head_json":{"title":"Declaraci\u00f3n de Accesibilidad - Rosana CL","robots":{"index":"index","follow":"follow","max-snippet":"max-snippet:-1","max-image-preview":"max-image-preview:large","max-video-preview":"max-video-preview:-1"},"canonical":"https:\/\/rosanacl.com\/ar\/declaracion-de-accesibilidad\/","og_locale":"ar_AR","og_type":"article","og_title":"Declaraci\u00f3n de Accesibilidad - Rosana CL","og_description":"PABLO ANGULO MASPONS se ha comprometido a hacer accesible su sitio web, conforme al Real Decreto 1112\/2018, de 7 de septiembre, sobre accesibilidad de los sitios web y aplicaciones para dispositivos m\u00f3viles del sector p\u00fablico. Esta declaraci\u00f3n de accesibilidad se aplica a esta web. Situaci\u00f3n de cumplimiento Este sitio web est\u00e1 desarrollado seg\u00fan el RD [&hellip;]","og_url":"https:\/\/rosanacl.com\/ar\/declaracion-de-accesibilidad\/","og_site_name":"Rosana CL","article_modified_time":"2025-05-10T00:25:08+00:00","twitter_card":"summary_large_image","twitter_misc":{"\u0648\u0642\u062a \u0627\u0644\u0642\u0631\u0627\u0621\u0629 \u0627\u0644\u0645\u064f\u0642\u062f\u0651\u0631":"\u062f\u0642\u064a\u0642\u062a\u0627\u0646"},"schema":{"@context":"https:\/\/schema.org","@graph":[{"@type":"WebPage","@id":"https:\/\/rosanacl.com\/declaracion-de-accesibilidad\/","url":"https:\/\/rosanacl.com\/declaracion-de-accesibilidad\/","name":"Declaraci\u00f3n de Accesibilidad - Rosana CL","isPartOf":{"@id":"https:\/\/rosanacl.com\/ca\/#website"},"datePublished":"2025-03-28T19:06:23+00:00","dateModified":"2025-05-10T00:25:08+00:00","breadcrumb":{"@id":"https:\/\/rosanacl.com\/declaracion-de-accesibilidad\/#breadcrumb"},"inLanguage":"ar","potentialAction":[{"@type":"ReadAction","target":["https:\/\/rosanacl.com\/declaracion-de-accesibilidad\/"]}]},{"@type":"BreadcrumbList","@id":"https:\/\/rosanacl.com\/declaracion-de-accesibilidad\/#breadcrumb","itemListElement":[{"@type":"ListItem","position":1,"name":"Portada","item":"https:\/\/rosanacl.com\/ca\/"},{"@type":"ListItem","position":2,"name":"Declaraci\u00f3n de Accesibilidad"}]},{"@type":"WebSite","@id":"https:\/\/rosanacl.com\/ca\/#website","url":"https:\/\/rosanacl.com\/ca\/","name":"\u0631\u0648\u0632\u0627\u0646\u0627 \u0633\u064a \u0625\u0644","description":"Somos tu interior","potentialAction":[{"@type":"SearchAction","target":{"@type":"EntryPoint","urlTemplate":"https:\/\/rosanacl.com\/ca\/?s={search_term_string}"},"query-input":{"@type":"PropertyValueSpecification","valueRequired":true,"valueName":"search_term_string"}}],"inLanguage":"ar"}]}},"_links":{"self":[{"href":"https:\/\/rosanacl.com\/ar\/wp-json\/wp\/v2\/pages\/21","targetHints":{"allow":["GET"]}}],"collection":[{"href":"https:\/\/rosanacl.com\/ar\/wp-json\/wp\/v2\/pages"}],"about":[{"href":"https:\/\/rosanacl.com\/ar\/wp-json\/wp\/v2\/types\/page"}],"author":[{"embeddable":true,"href":"https:\/\/rosanacl.com\/ar\/wp-json\/wp\/v2\/users\/1"}],"replies":[{"embeddable":true,"href":"https:\/\/rosanacl.com\/ar\/wp-json\/wp\/v2\/comments?post=21"}],"version-history":[{"count":0,"href":"https:\/\/rosanacl.com\/ar\/wp-json\/wp\/v2\/pages\/21\/revisions"}],"wp:attachment":[{"href":"https:\/\/rosanacl.com\/ar\/wp-json\/wp\/v2\/media?parent=21"}],"curies":[{"name":"wp","href":"https:\/\/api.w.org\/{rel}","templated":true}]}}