{"id":2566,"date":"2025-07-01T12:13:48","date_gmt":"2025-07-01T10:13:48","guid":{"rendered":"https:\/\/rosanacl.com\/?page_id=2566"},"modified":"2025-12-14T20:43:04","modified_gmt":"2025-12-14T19:43:04","slug":"politica-de-envio","status":"publish","type":"page","link":"https:\/\/rosanacl.com\/ar\/politica-de-envio\/","title":{"rendered":"\u0633\u064a\u0627\u0633\u0629 \u0627\u0644\u0634\u062d\u0646"},"content":{"rendered":"<div data-elementor-type=\"wp-page\" data-elementor-id=\"2566\" class=\"elementor elementor-2566\" data-elementor-post-type=\"page\">\n\t\t\t\t<div class=\"elementor-element elementor-element-7a0b207 e-flex e-con-boxed e-con e-parent\" data-id=\"7a0b207\" data-element_type=\"container\" data-e-type=\"container\" data-settings=\"{&quot;background_background&quot;:&quot;classic&quot;}\">\n\t\t\t\t\t<div class=\"e-con-inner\">\n\t\t<div class=\"elementor-element elementor-element-2fcf4bc e-con-full e-flex e-con e-child\" data-id=\"2fcf4bc\" data-element_type=\"container\" data-e-type=\"container\">\n\t\t\t\t<div class=\"elementor-element elementor-element-d10b990 elementor-widget elementor-widget-heading\" data-id=\"d10b990\" data-element_type=\"widget\" data-e-type=\"widget\" data-widget_type=\"heading.default\">\n\t\t\t\t<div class=\"elementor-widget-container\">\n\t\t\t\t\t<h2 class=\"elementor-heading-title elementor-size-default\">\u0633\u064a\u0627\u0633\u0629 \u0627\u0644\u0634\u062d\u0646<\/h2>\t\t\t\t<\/div>\n\t\t\t\t<\/div>\n\t\t\t\t<\/div>\n\t\t\t\t\t<\/div>\n\t\t\t\t<\/div>\n\t\t<div class=\"elementor-element elementor-element-eca30f2 e-flex e-con-boxed e-con e-parent\" data-id=\"eca30f2\" data-element_type=\"container\" data-e-type=\"container\">\n\t\t\t\t\t<div class=\"e-con-inner\">\n\t\t\t\t<div class=\"elementor-element elementor-element-8328658 elementor-widget elementor-widget-text-editor\" data-id=\"8328658\" data-element_type=\"widget\" data-e-type=\"widget\" data-widget_type=\"text-editor.default\">\n\t\t\t\t<div class=\"elementor-widget-container\">\n\t\t\t\t\t\t\t\t\t<p>\u062a\u0645 \u062a\u062d\u062f\u064a\u062b \u0633\u064a\u0627\u0633\u0629 \u0627\u0644\u0634\u062d\u0646 \u0647\u0630\u0647 \u0622\u062e\u0631 \u0645\u0631\u0629 \u0641\u064a 01\/07\/2025 \u0648\u0647\u064a \u062a\u0646\u0637\u0628\u0642 \u0639\u0644\u0649 \u062c\u0645\u064a\u0639 \u0627\u0644\u0645\u0634\u062a\u0631\u064a\u0627\u062a \u0627\u0644\u062a\u064a \u062a\u062a\u0645 \u0639\u0628\u0631 \u0645\u0648\u0642\u0639\u0646\u0627 \u0627\u0644\u0625\u0644\u0643\u062a\u0631\u0648\u0646\u064a: <a href=\"https:\/\/rosanacl.com\/ar\/\">https:\/\/rosanacl.com\/<\/a><\/p>\n<p><!-- \/wp:paragraph --><!-- wp:paragraph --><\/p>\n<p data-start=\"261\" data-end=\"494\">\u0641\u064a <strong data-start=\"264\" data-end=\"277\">\u0631\u0648\u0632\u0627\u0646\u0627 \u0633\u064a \u0625\u0644<\/strong> \u0646\u0644\u062a\u0632\u0645 \u0628\u062c\u0639\u0644 \u062a\u062c\u0631\u0628\u0629 \u0627\u0644\u062a\u0633\u0648\u0642 \u0627\u0644\u062e\u0627\u0635\u0629 \u0628\u0643 \u0622\u0645\u0646\u0629 \u0648\u0648\u0627\u0636\u062d\u0629 \u0648\u0645\u064f\u0631\u0636\u064a\u0629 \u0645\u0646 \u0644\u062d\u0638\u0629 \u062a\u0642\u062f\u064a\u0645 \u0637\u0644\u0628\u0643 \u0648\u062d\u062a\u0649 \u0627\u0633\u062a\u0644\u0627\u0645\u0647. \u0641\u064a\u0645\u0627 \u064a\u0644\u064a\u060c \u0646\u0634\u0631\u062d \u0643\u0644 \u0645\u0627 \u062a\u062d\u062a\u0627\u062c \u0645\u0639\u0631\u0641\u062a\u0647 \u0639\u0646 \u062e\u062f\u0645\u0627\u062a \u0627\u0644\u0634\u062d\u0646 \u0644\u062f\u064a\u0646\u0627:<\/p>\n<p data-start=\"105\" data-end=\"384\"><strong data-start=\"105\" data-end=\"131\">1. \u0627\u0644\u0634\u062d\u0646 \u0625\u0644\u0649 \u062c\u0645\u064a\u0639 \u0623\u0646\u062d\u0627\u0621 \u0627\u0644\u0639\u0627\u0644\u0645<\/strong><br data-start=\"131\" data-end=\"134\">\u0646\u0634\u062d\u0646 \u062f\u0648\u0644\u064a\u064b\u0627 \u0625\u0644\u0649 \u062c\u0645\u064a\u0639 \u062f\u0648\u0644 \u0627\u0644\u0639\u0627\u0644\u0645 \u062a\u0642\u0631\u064a\u0628\u064b\u0627. \u0623\u064a\u0646\u0645\u0627 \u0643\u0646\u062a\u060c \u064a\u0645\u0643\u0646\u0643 \u0627\u0644\u0637\u0644\u0628 \u0628\u062b\u0642\u0629 \u062a\u0627\u0645\u0629. \u0646\u062a\u0639\u0627\u0648\u0646 \u0645\u0639 \u0634\u0631\u0643\u0627\u062a \u0644\u0648\u062c\u0633\u062a\u064a\u0629 \u0645\u0648\u062b\u0648\u0642\u0629 \u0644\u0636\u0645\u0627\u0646 \u0648\u0635\u0648\u0644 \u0645\u0646\u062a\u062c\u0627\u062a\u0643 \u0641\u064a \u0627\u0644\u0648\u0642\u062a \u0627\u0644\u0645\u062d\u062f\u062f \u0648\u0628\u062d\u0627\u0644\u0629 \u0645\u0645\u062a\u0627\u0632\u0629.<\/p>\n<p>\u0641\u064a \u0631\u0648\u0632\u0627\u0646\u0627 \u0633\u064a \u0625\u0644\u060c \u0646\u062a\u0639\u0627\u0645\u0644 \u0645\u0639 \u0643\u0644 \u0637\u0644\u0628 \u0628\u0639\u0646\u0627\u064a\u0629 \u0648\u0627\u062d\u062a\u0631\u0627\u0641\u064a\u0629. \u0648\u0644\u0630\u0644\u0643\u060c \u0646\u062a\u0639\u0627\u0648\u0646 \u0645\u0639 \u0634\u0631\u0643\u0629 \u0625\u0645 \u0628\u064a \u0625\u064a (\u0645\u064a\u0644 \u0628\u0648\u0643\u0633\u0632 \u0625\u062a\u0643)\u060c \u0648\u0647\u064a \u0634\u0631\u0643\u0629 \u0644\u0648\u062c\u0633\u062a\u064a\u0629 \u062a\u0645\u062a\u0644\u0643 2800 \u0645\u0631\u0643\u0632\u064b\u0627 \u0641\u064a 52 \u062f\u0648\u0644\u0629\u060c \u0645\u0645\u0627 \u064a\u062a\u064a\u062d \u0644\u0646\u0627 \u062a\u0642\u062f\u064a\u0645 \u062e\u062f\u0645\u0629 \u0634\u062d\u0646 \u0622\u0645\u0646\u0629 \u0648\u0641\u0639\u0627\u0644\u0629 \u0645\u062d\u0644\u064a\u064b\u0627 \u0648\u062f\u0648\u0644\u064a\u064b\u0627. \u064a\u062a\u0645 \u062a\u0648\u0635\u064a\u0644 \u0627\u0644\u0637\u0644\u0628\u0627\u062a \u0639\u0628\u0631 \u0634\u0631\u0643\u0627\u062a \u0634\u062d\u0646 \u0645\u0648\u062b\u0648\u0642\u0629 \u0645\u062b\u0644:<\/p>\n<ul>\n<li>\u064a\u0648 \u0628\u064a \u0625\u0633<\/li>\n<li>\u0633\u0648\u0631<\/li>\n<li>\u062a\u064a \u0625\u0646 \u062a\u064a<\/li>\n<li>\u0641\u064a\u062f\u064a\u0643\u0633<\/li>\n<li>\u0627\u0644\u0628\u0631\u064a\u062f \u0627\u0644\u0633\u0631\u064a\u0639<\/li>\n<li>\u0625\u0644\u062e\u2026<\/li>\n<\/ul>\n<p>\u0633\u062a\u0635\u0644 \u062c\u0645\u064a\u0639 \u0645\u0646\u062a\u062c\u0627\u062a\u0646\u0627 \u0628\u0623\u0645\u0627\u0646 \u0648\u0633\u0631\u0639\u0629. \u0648\u0647\u0630\u0627 \u064a\u0636\u0645\u0646 \u0639\u0645\u0644\u064a\u0629 \u0634\u062d\u0646 \u062f\u0642\u064a\u0642\u0629 \u0648\u0641\u0639\u0627\u0644\u0629\u060c \u0645\u0635\u0645\u0645\u0629 \u0644\u062a\u0642\u062f\u064a\u0645 \u0623\u0641\u0636\u0644 \u062a\u062c\u0631\u0628\u0629 \u0645\u0645\u0643\u0646\u0629 \u0644\u0639\u0645\u0644\u0627\u0626\u0646\u0627.<\/p>\n<p data-start=\"105\" data-end=\"384\"><strong data-start=\"389\" data-end=\"417\">2. \u0645\u0639\u0627\u0644\u062c\u0629 \u0627\u0644\u0637\u0644\u0628\u0627\u062a<\/strong><\/p>\n<p>\u062a\u062a\u0645 \u0645\u0639\u0627\u0644\u062c\u0629 \u062c\u0645\u064a\u0639 \u0627\u0644\u0637\u0644\u0628\u0627\u062a \u0628\u0645\u062c\u0631\u062f \u062a\u0623\u0643\u064a\u062f \u0627\u0644\u062f\u0641\u0639.<br data-start=\"520\" data-end=\"523\"><strong data-start=\"523\" data-end=\"643\">\u0625\u0630\u0627 \u062a\u0645 \u062a\u0642\u062f\u064a\u0645 \u0627\u0644\u0637\u0644\u0628 \u0635\u0628\u0627\u062d\u0627\u064b\u060c \u0641\u0633\u064a\u062a\u0645 \u0634\u062d\u0646\u0647 \u0628\u0639\u062f \u0627\u0644\u0638\u0647\u0631. \u0623\u0645\u0627 \u0625\u0630\u0627 \u062a\u0645 \u062a\u0642\u062f\u064a\u0645\u0647 \u0628\u0639\u062f \u0627\u0644\u0638\u0647\u0631\u060c \u0641\u0633\u064a\u062a\u0645 \u0634\u062d\u0646\u0647 \u0641\u064a \u0627\u0644\u064a\u0648\u0645 \u0627\u0644\u062a\u0627\u0644\u064a.<\/strong><br data-start=\"643\" data-end=\"646\">\u062e\u0644\u0627\u0644 \u0641\u062a\u0631\u0627\u062a \u0627\u0644\u0639\u0631\u0648\u0636 \u0627\u0644\u062a\u0631\u0648\u064a\u062c\u064a\u0629 \u0623\u0648 \u0627\u0644\u062a\u062e\u0641\u064a\u0636\u0627\u062a \u0623\u0648 \u0627\u0644\u0645\u0646\u0627\u0633\u0628\u0627\u062a \u0627\u0644\u062e\u0627\u0635\u0629 \u0627\u0644\u0623\u062e\u0631\u0649\u060c \u0642\u062f \u062a\u0637\u0648\u0644 \u0623\u0648\u0642\u0627\u062a \u0627\u0644\u0645\u0639\u0627\u0644\u062c\u0629 \u0642\u0644\u064a\u0644\u0627\u064b\u060c \u0644\u0643\u0646\u0646\u0627 \u0633\u0646\u0628\u0642\u064a\u0643 \u0639\u0644\u0649 \u0627\u0637\u0644\u0627\u0639 \u062f\u0627\u0626\u0645.<\/p>\n<p data-start=\"809\" data-end=\"1090\"><strong data-start=\"809\" data-end=\"845\">3. \u0631\u0642\u0645 \u0627\u0644\u062a\u062a\u0628\u0639<\/strong><br data-start=\"845\" data-end=\"848\">\u0628\u0645\u062c\u0631\u062f \u0634\u062d\u0646 \u0637\u0644\u0628\u0643\u060c \u0633\u0646\u0631\u0633\u0644 \u0644\u0643 \u0631\u0642\u0645 \u062a\u062a\u0628\u0639 \u0639\u0628\u0631 \u0627\u0644\u0628\u0631\u064a\u062f \u0627\u0644\u0625\u0644\u0643\u062a\u0631\u0648\u0646\u064a \u0623\u0648 \u0645\u0646 \u062e\u0644\u0627\u0644 \u0642\u0646\u0627\u0629 \u0627\u0644\u0627\u062a\u0635\u0627\u0644 \u0627\u0644\u062a\u064a \u0627\u0633\u062a\u062e\u062f\u0645\u062a\u0647\u0627 \u0639\u0646\u062f \u0627\u0644\u0634\u0631\u0627\u0621.<br data-start=\"1014\" data-end=\"1017\">\u064a\u0645\u0643\u0646\u0643 \u062a\u062a\u0628\u0639 \u062d\u0627\u0644\u0629 \u0634\u062d\u0646\u062a\u0643 \u0641\u064a \u062c\u0645\u064a\u0639 \u0627\u0644\u0623\u0648\u0642\u0627\u062a \u062d\u062a\u0649 \u062a\u0633\u062a\u0644\u0645\u0647\u0627.<\/p>\n<p data-start=\"809\" data-end=\"1090\"><strong data-start=\"1095\" data-end=\"1127\">4. \u0623\u0648\u0642\u0627\u062a \u0627\u0644\u062a\u0633\u0644\u064a\u0645 \u0627\u0644\u0645\u0642\u062f\u0631\u0629<\/strong><\/p>\n<p data-start=\"1095\" data-end=\"1291\">\u0642\u062f \u062a\u062e\u062a\u0644\u0641 \u0623\u0648\u0642\u0627\u062a \u0627\u0644\u062a\u0633\u0644\u064a\u0645 \u062a\u0628\u0639\u064b\u0627 \u0644\u0628\u0644\u062f \u0627\u0644\u0648\u062c\u0647\u0629\u060c \u0648\u0637\u0631\u064a\u0642\u0629 \u0627\u0644\u0634\u062d\u0646 \u0627\u0644\u0645\u062e\u062a\u0627\u0631\u0629\u060c \u0648\u0639\u0648\u0627\u0645\u0644 \u062e\u0627\u0631\u062c\u064a\u0629 \u0623\u062e\u0631\u0649 (\u0643\u0627\u0644\u0637\u0642\u0633 \u0648\u0627\u0644\u062c\u0645\u0627\u0631\u0643\u060c \u0625\u0644\u062e). \u0644\u0644\u0645\u0632\u064a\u062f \u0645\u0646 \u0627\u0644\u0645\u0639\u0644\u0648\u0645\u0627\u062a:<\/p>\n<ul data-start=\"1293\" data-end=\"1530\">\n<li data-start=\"1293\" data-end=\"1342\">\n<p data-start=\"1295\" data-end=\"1342\">\u0627\u0644\u0634\u062d\u0646\u0627\u062a \u0627\u0644\u0645\u062d\u0644\u064a\u0629: <strong data-start=\"1314\" data-end=\"1340\">\u0645\u0646 24 \u0625\u0644\u0649 48 \u0633\u0627\u0639\u0629 \u0639\u0645\u0644.<\/strong><\/p>\n<\/li>\n<li data-start=\"1343\" data-end=\"1434\">\n<p data-start=\"1345\" data-end=\"1434\">\u0627\u0644\u0634\u062d\u0646\u0627\u062a \u0627\u0644\u062f\u0648\u0644\u064a\u0629 \u062f\u0627\u062e\u0644 \u0623\u0648\u0631\u0648\u0628\u0627: <strong data-start=\"1386\" data-end=\"1408\">\u0645\u0646 4 \u0625\u0644\u0649 6 \u0623\u064a\u0627\u0645 \u0639\u0645\u0644<\/strong>, \u0628\u0631\u0627\u064b \u0623\u0648 \u062c\u0648\u0627\u064b.<\/p>\n<\/li>\n<li data-start=\"1435\" data-end=\"1530\">\n<p data-start=\"1437\" data-end=\"1530\">\u0627\u0644\u0634\u062d\u0646\u0627\u062a \u0627\u0644\u062f\u0648\u0644\u064a\u0629 \u062e\u0627\u0631\u062c \u0623\u0648\u0631\u0648\u0628\u0627 (\u0628\u0642\u064a\u0629 \u0627\u0644\u0639\u0627\u0644\u0645): <strong data-start=\"1495\" data-end=\"1518\">\u0645\u0646 8 \u0625\u0644\u0649 10 \u0623\u064a\u0627\u0645 \u0639\u0645\u0644<\/strong>, \u062c\u0648\u0627\u064b.<\/p>\n<\/li>\n<\/ul>\n<p>\u062a\u0634\u0645\u0644 \u062e\u062f\u0645\u0629 \u0627\u0644\u062a\u0648\u0635\u064a\u0644 \u0645\u062d\u0627\u0648\u0644\u062a\u064a\u0646 \u0644\u0644\u062a\u0648\u0635\u064a\u0644 \u0641\u064a \u0646\u0641\u0633 \u0627\u0644\u064a\u0648\u0645 \u0623\u0648 \u0627\u0644\u064a\u0648\u0645 \u0627\u0644\u062a\u0627\u0644\u064a. \u0641\u064a \u062d\u0627\u0644 \u062a\u0639\u0630\u0631 \u0625\u062a\u0645\u0627\u0645 \u0627\u0644\u062a\u0648\u0635\u064a\u0644 \u0628\u0633\u0628\u0628 \u0646\u0642\u0635 \u0623\u0648 \u0639\u062f\u0645 \u0635\u062d\u0629 \u0645\u0639\u0644\u0648\u0645\u0627\u062a \u0627\u0644\u0639\u0646\u0648\u0627\u0646\u060c \u0623\u0648 \u0641\u064a \u062d\u0627\u0644 \u0639\u062f\u0645 \u0648\u062c\u0648\u062f \u0627\u0644\u0645\u0633\u062a\u0644\u0645\u060c \u0633\u062a\u064f\u062c\u0631\u0649 \u0645\u062d\u0627\u0648\u0644\u0629 \u062a\u0648\u0635\u064a\u0644 \u062b\u0627\u0644\u062b\u0629 \u0625\u0644\u0649 \u0623\u0642\u0631\u0628 \u0646\u0642\u0637\u0629 \u0627\u0633\u062a\u0644\u0627\u0645.<\/p>\n<p>\u0625\u0630\u0627 \u0644\u0645 \u064a\u0633\u062a\u0644\u0645 \u0627\u0644\u0639\u0645\u064a\u0644 \u0627\u0644\u0645\u0646\u062a\u062c \u0641\u064a \u063a\u0636\u0648\u0646 10 \u0623\u064a\u0627\u0645\u060c \u0641\u0633\u064a\u062a\u0645 \u0625\u0631\u062c\u0627\u0639 \u0627\u0644\u0637\u0631\u062f \u0625\u0644\u0649 \u0627\u0644\u0645\u0633\u062a\u0648\u062f\u0639\u0627\u062a \u0627\u0644\u062a\u064a \u0646\u0639\u0645\u0644 \u0645\u0639\u0647\u0627 \u0641\u064a Rosana CL\u060c \u0648\u0627\u0644\u062a\u064a \u0633\u062a\u0642\u0648\u0645 \u0628\u062e\u0635\u0645 \u062a\u0643\u0627\u0644\u064a\u0641 \u0627\u0644\u0634\u062d\u0646 \u0648\u0627\u0644\u0625\u0631\u062c\u0627\u0639 \u0627\u0644\u0645\u062a\u0643\u0628\u062f\u0629.&nbsp;<\/p>\n<p data-start=\"1437\" data-end=\"1530\"><strong>5. \u062a\u0643\u0627\u0644\u064a\u0641 \u0627\u0644\u0634\u062d\u0646<\/strong><\/p>\n<p data-start=\"1535\" data-end=\"1779\">\u062a\u064f\u062d\u0633\u0628 \u062a\u0643\u0627\u0644\u064a\u0641 \u0627\u0644\u0634\u062d\u0646 \u0639\u0646\u062f \u0625\u062a\u0645\u0627\u0645 \u0639\u0645\u0644\u064a\u0629 \u0627\u0644\u0634\u0631\u0627\u0621 \u0628\u0646\u0627\u0621\u064b \u0639\u0644\u0649 \u0639\u0646\u0648\u0627\u0646 \u0627\u0644\u062a\u0648\u0635\u064a\u0644 \u0648\u0648\u0632\u0646 \u0627\u0644\u0637\u0631\u062f. \u0648\u0646\u0642\u062f\u0645 \u0623\u062d\u064a\u0627\u0646\u064b\u0627 \u062e\u062f\u0645\u0629 \u0627\u0644\u0634\u062d\u0646 \u0627\u0644\u0645\u062c\u0627\u0646\u064a \u0625\u0644\u0649 \u062f\u0648\u0644 \u0645\u062d\u062f\u062f\u0629 \u0623\u0648 \u0644\u0644\u0637\u0644\u0628\u0627\u062a \u0627\u0644\u062a\u064a \u062a\u062a\u062c\u0627\u0648\u0632 \u0645\u0628\u0644\u063a\u064b\u0627 \u0645\u0639\u064a\u0646\u064b\u0627.<\/p>\n<p data-start=\"1535\" data-end=\"1779\">\u0627\u0644\u0637\u0644\u0628\u0627\u062a \u0627\u0644\u062a\u064a \u062a\u0632\u064a\u062f \u0642\u064a\u0645\u062a\u0647\u0627 \u0639\u0646 59 \u064a\u0648\u0631\u0648 \u0645\u0624\u0647\u0644\u0629 \u0644\u0644\u0634\u062d\u0646 \u0627\u0644\u0645\u062c\u0627\u0646\u064a\u060c \u0648\u0630\u0644\u0643 \u0641\u0642\u0637 \u062f\u0627\u062e\u0644 \u0627\u0644\u0628\u0631 \u0627\u0644\u0631\u0626\u064a\u0633\u064a \u0644\u0625\u0633\u0628\u0627\u0646\u064a\u0627.<\/p>\n<p data-start=\"1535\" data-end=\"1779\">\u0641\u064a \u062d\u0627\u0644 \u0627\u0636\u0637\u0631\u062a \u0627\u0644\u0634\u062d\u0646\u0629 \u0625\u0644\u0649 \u0627\u0644\u0645\u0631\u0648\u0631 \u0639\u0628\u0631 \u0627\u0644\u062c\u0645\u0627\u0631\u0643\u060c \u0641\u0625\u0646 \u0623\u064a \u0636\u0631\u0627\u0626\u0628 \u0623\u0648 \u0631\u0633\u0648\u0645 \u0623\u0648 \u0645\u0635\u0627\u0631\u064a\u0641 \u0625\u0636\u0627\u0641\u064a\u0629 \u0633\u062a\u0643\u0648\u0646 \u0645\u0633\u0624\u0648\u0644\u064a\u0629 \u0627\u0644\u0639\u0645\u064a\u0644.&nbsp;<\/p>\n<p><strong data-start=\"1784\" data-end=\"1815\">6. \u0627\u0644\u0631\u0633\u0648\u0645 \u0627\u0644\u062c\u0645\u0631\u0643\u064a\u0629 \u0648\u0627\u0644\u0636\u0631\u0627\u0626\u0628 \u0627\u0644\u0645\u062d\u0644\u064a\u0629<\/strong><br data-start=\"1815\" data-end=\"1818\">\u0628\u0627\u0644\u0646\u0633\u0628\u0629 \u0644\u0644\u0634\u062d\u0646\u0627\u062a \u0627\u0644\u062f\u0648\u0644\u064a\u0629\u060c \u0642\u062f \u062a\u0641\u0631\u0636 \u0628\u0639\u0636 \u0627\u0644\u062f\u0648\u0644 \u0636\u0631\u0627\u0626\u0628 \u0623\u0648 \u0631\u0633\u0648\u0645 \u062c\u0645\u0631\u0643\u064a\u0629. \u064a\u062a\u062d\u0645\u0644 \u0627\u0644\u0639\u0645\u064a\u0644 \u0645\u0633\u0624\u0648\u0644\u064a\u0629 \u0647\u0630\u0647 \u0627\u0644\u0631\u0633\u0648\u0645\u060c \u0648\u0647\u064a \u063a\u064a\u0631 \u0645\u0634\u0645\u0648\u0644\u0629 \u0641\u064a \u0633\u0639\u0631 \u0627\u0644\u0645\u0646\u062a\u062c \u0623\u0648 \u062a\u0643\u0644\u0641\u0629 \u0627\u0644\u0634\u062d\u0646.<\/p>\n<p data-start=\"1784\" data-end=\"2026\"><strong data-start=\"2031\" data-end=\"2059\">7. \u0645\u0634\u0627\u0643\u0644 \u0627\u0644\u062a\u0648\u0635\u064a\u0644<\/strong><\/p>\n<p>\u0625\u0630\u0627 \u062a\u0623\u062e\u0631 \u0648\u0635\u0648\u0644 \u0637\u0631\u062f\u0643 \u0623\u0648 \u0648\u0627\u062c\u0647\u062a\u0643 \u0623\u064a \u0645\u0634\u0627\u0643\u0644\u060c \u064a\u0645\u0643\u0646\u0643 \u0627\u0644\u0627\u062a\u0635\u0627\u0644 \u0628\u0646\u0627 \u0645\u0628\u0627\u0634\u0631\u0629 \u0648\u0633\u0646\u0633\u0627\u0639\u062f\u0643 \u0641\u064a \u062d\u0644\u0647\u0627 \u0628\u0623\u0633\u0631\u0639 \u0648\u0642\u062a \u0645\u0645\u0643\u0646.<\/p>\n<p>\u0625\u0630\u0627 \u0643\u0627\u0646\u062a \u0644\u062f\u064a\u0643\u0645 \u0623\u064a \u0623\u0633\u0626\u0644\u0629 \u0623\u0648 \u0643\u0646\u062a\u0645 \u0628\u062d\u0627\u062c\u0629 \u0625\u0644\u0649 \u0645\u0633\u0627\u0639\u062f\u0629 \u0628\u062e\u0635\u0648\u0635 \u0634\u062d\u0646\u062a\u0643\u0645\u060c \u0641\u0644\u0627 \u062a\u062a\u0631\u062f\u062f\u0648\u0627 \u0641\u064a \u0627\u0644\u0627\u062a\u0635\u0627\u0644 \u0628\u0646\u0627 \u0639\u0628\u0631 \u0646\u0645\u0648\u0630\u062c \u0627\u0644\u0627\u062a\u0635\u0627\u0644 \u0627\u0644\u062e\u0627\u0635 \u0628\u0646\u0627 \u0623\u0648 \u0639\u0628\u0631 \u0627\u0644\u0628\u0631\u064a\u062f \u0627\u0644\u0625\u0644\u0643\u062a\u0631\u0648\u0646\u064a: &nbsp;<a href=\"mailto:info@rosanacl.com\">info@rosanacl.com<\/a><br data-start=\"2620\" data-end=\"2623\">\u0634\u0643\u0631\u0627\u064b \u0644\u062b\u0642\u062a\u0643\u0645 \u0628\u0646\u0627. <strong data-start=\"2646\" data-end=\"2659\">\u0631\u0648\u0632\u0627\u0646\u0627 \u0633\u064a \u0625\u0644<\/strong>.<\/p>\n<h4><b>\u0645\u0644\u0627\u062d\u0638\u0629: \u0646\u0648\u062f \u0625\u0628\u0644\u0627\u063a \u0639\u0645\u0644\u0627\u0626\u0646\u0627 \u0628\u0623\u0646\u0647 \u0646\u0638\u0631\u0627\u064b \u0644\u0641\u062a\u0631\u0629 \u0627\u0644\u0639\u0637\u0644\u0627\u062a \u0627\u0644\u062a\u064a \u062a\u0642\u064a\u0645\u0647\u0627 \u0634\u0631\u0643\u0629 \u0627\u0644\u062a\u0648\u0631\u064a\u062f \u0644\u062f\u064a\u0646\u0627\u060c \u0641\u0642\u062f \u062a\u062d\u062f\u062b \u062a\u0623\u062e\u064a\u0631\u0627\u062a \u0641\u064a \u0639\u0645\u0644\u064a\u0627\u062a \u0627\u0644\u062a\u0633\u0644\u064a\u0645 \u0648\u062a\u0648\u0627\u0641\u0631 \u0627\u0644\u0645\u062e\u0632\u0648\u0646 \u062e\u0644\u0627\u0644 \u0634\u0647\u0631 \u0623\u063a\u0633\u0637\u0633.<\/b><\/h4>\t\t\t\t\t\t\t\t<\/div>\n\t\t\t\t<\/div>\n\t\t\t\t\t<\/div>\n\t\t\t\t<\/div>\n\t\t\t\t<\/div>","protected":false},"excerpt":{"rendered":"<p>Esta pol\u00edtica de env\u00edos fue actualizada por \u00faltima vez el 01\/07\/2025 y se aplica a todas las compras realizadas a trav\u00e9s de nuestra web: https:\/\/rosanacl.com\/ En Rosana CL nos comprometemos a que tu experiencia de compra sea segura, clara y satisfactoria desde el primer momento hasta que recibas tu pedido. A continuaci\u00f3n, te explicamos todo [&hellip;]<\/p>\n","protected":false},"author":1,"featured_media":0,"parent":0,"menu_order":0,"comment_status":"closed","ping_status":"closed","template":"","meta":{"content-type":"","footnotes":""},"class_list":["post-2566","page","type-page","status-publish","hentry"],"yoast_head":"<!-- This site is optimized with the Yoast SEO plugin v27.4 - https:\/\/yoast.com\/product\/yoast-seo-wordpress\/ -->\n<title>Pol\u00edtica de Env\u00edo - Rosana CL<\/title>\n<meta name=\"robots\" content=\"index, follow, max-snippet:-1, max-image-preview:large, max-video-preview:-1\" \/>\n<link rel=\"canonical\" href=\"https:\/\/rosanacl.com\/ar\/politica-de-envio\/\" \/>\n<meta property=\"og:locale\" content=\"ar_AR\" \/>\n<meta property=\"og:type\" content=\"article\" \/>\n<meta property=\"og:title\" content=\"Pol\u00edtica de Env\u00edo - Rosana CL\" \/>\n<meta property=\"og:description\" content=\"Esta pol\u00edtica de env\u00edos fue actualizada por \u00faltima vez el 01\/07\/2025 y se aplica a todas las compras realizadas a trav\u00e9s de nuestra web: https:\/\/rosanacl.com\/ En Rosana CL nos comprometemos a que tu experiencia de compra sea segura, clara y satisfactoria desde el primer momento hasta que recibas tu pedido. A continuaci\u00f3n, te explicamos todo [&hellip;]\" \/>\n<meta property=\"og:url\" content=\"https:\/\/rosanacl.com\/ar\/politica-de-envio\/\" \/>\n<meta property=\"og:site_name\" content=\"Rosana CL\" \/>\n<meta property=\"article:modified_time\" content=\"2025-12-14T19:43:04+00:00\" \/>\n<meta name=\"twitter:card\" content=\"summary_large_image\" \/>\n<meta name=\"twitter:label1\" content=\"\u0648\u0642\u062a \u0627\u0644\u0642\u0631\u0627\u0621\u0629 \u0627\u0644\u0645\u064f\u0642\u062f\u0651\u0631\" \/>\n\t<meta name=\"twitter:data1\" content=\"4 \u062f\u0642\u0627\u0626\u0642\" \/>\n<script type=\"application\/ld+json\" class=\"yoast-schema-graph\">{\"@context\":\"https:\\\/\\\/schema.org\",\"@graph\":[{\"@type\":\"WebPage\",\"@id\":\"https:\\\/\\\/rosanacl.com\\\/uk\\\/politica-de-envio\\\/\",\"url\":\"https:\\\/\\\/rosanacl.com\\\/uk\\\/politica-de-envio\\\/\",\"name\":\"Pol\u00edtica de Env\u00edo - Rosana CL\",\"isPartOf\":{\"@id\":\"https:\\\/\\\/rosanacl.com\\\/ca\\\/#website\"},\"datePublished\":\"2025-07-01T10:13:48+00:00\",\"dateModified\":\"2025-12-14T19:43:04+00:00\",\"breadcrumb\":{\"@id\":\"https:\\\/\\\/rosanacl.com\\\/uk\\\/politica-de-envio\\\/#breadcrumb\"},\"inLanguage\":\"ar\",\"potentialAction\":[{\"@type\":\"ReadAction\",\"target\":[\"https:\\\/\\\/rosanacl.com\\\/uk\\\/politica-de-envio\\\/\"]}]},{\"@type\":\"BreadcrumbList\",\"@id\":\"https:\\\/\\\/rosanacl.com\\\/uk\\\/politica-de-envio\\\/#breadcrumb\",\"itemListElement\":[{\"@type\":\"ListItem\",\"position\":1,\"name\":\"Portada\",\"item\":\"https:\\\/\\\/rosanacl.com\\\/ca\\\/\"},{\"@type\":\"ListItem\",\"position\":2,\"name\":\"Pol\u00edtica de Env\u00edo\"}]},{\"@type\":\"WebSite\",\"@id\":\"https:\\\/\\\/rosanacl.com\\\/ca\\\/#website\",\"url\":\"https:\\\/\\\/rosanacl.com\\\/ca\\\/\",\"name\":\"Rosana CL\",\"description\":\"Somos tu interior\",\"potentialAction\":[{\"@type\":\"SearchAction\",\"target\":{\"@type\":\"EntryPoint\",\"urlTemplate\":\"https:\\\/\\\/rosanacl.com\\\/ca\\\/?s={search_term_string}\"},\"query-input\":{\"@type\":\"PropertyValueSpecification\",\"valueRequired\":true,\"valueName\":\"search_term_string\"}}],\"inLanguage\":\"ar\"}]}<\/script>\n<!-- \/ Yoast SEO plugin. -->","yoast_head_json":{"title":"Pol\u00edtica de Env\u00edo - Rosana CL","robots":{"index":"index","follow":"follow","max-snippet":"max-snippet:-1","max-image-preview":"max-image-preview:large","max-video-preview":"max-video-preview:-1"},"canonical":"https:\/\/rosanacl.com\/ar\/politica-de-envio\/","og_locale":"ar_AR","og_type":"article","og_title":"Pol\u00edtica de Env\u00edo - Rosana CL","og_description":"Esta pol\u00edtica de env\u00edos fue actualizada por \u00faltima vez el 01\/07\/2025 y se aplica a todas las compras realizadas a trav\u00e9s de nuestra web: https:\/\/rosanacl.com\/ En Rosana CL nos comprometemos a que tu experiencia de compra sea segura, clara y satisfactoria desde el primer momento hasta que recibas tu pedido. A continuaci\u00f3n, te explicamos todo [&hellip;]","og_url":"https:\/\/rosanacl.com\/ar\/politica-de-envio\/","og_site_name":"Rosana CL","article_modified_time":"2025-12-14T19:43:04+00:00","twitter_card":"summary_large_image","twitter_misc":{"\u0648\u0642\u062a \u0627\u0644\u0642\u0631\u0627\u0621\u0629 \u0627\u0644\u0645\u064f\u0642\u062f\u0651\u0631":"4 \u062f\u0642\u0627\u0626\u0642"},"schema":{"@context":"https:\/\/schema.org","@graph":[{"@type":"WebPage","@id":"https:\/\/rosanacl.com\/uk\/politica-de-envio\/","url":"https:\/\/rosanacl.com\/uk\/politica-de-envio\/","name":"Pol\u00edtica de Env\u00edo - Rosana CL","isPartOf":{"@id":"https:\/\/rosanacl.com\/ca\/#website"},"datePublished":"2025-07-01T10:13:48+00:00","dateModified":"2025-12-14T19:43:04+00:00","breadcrumb":{"@id":"https:\/\/rosanacl.com\/uk\/politica-de-envio\/#breadcrumb"},"inLanguage":"ar","potentialAction":[{"@type":"ReadAction","target":["https:\/\/rosanacl.com\/uk\/politica-de-envio\/"]}]},{"@type":"BreadcrumbList","@id":"https:\/\/rosanacl.com\/uk\/politica-de-envio\/#breadcrumb","itemListElement":[{"@type":"ListItem","position":1,"name":"Portada","item":"https:\/\/rosanacl.com\/ca\/"},{"@type":"ListItem","position":2,"name":"Pol\u00edtica de Env\u00edo"}]},{"@type":"WebSite","@id":"https:\/\/rosanacl.com\/ca\/#website","url":"https:\/\/rosanacl.com\/ca\/","name":"\u0631\u0648\u0632\u0627\u0646\u0627 \u0633\u064a \u0625\u0644","description":"Somos tu interior","potentialAction":[{"@type":"SearchAction","target":{"@type":"EntryPoint","urlTemplate":"https:\/\/rosanacl.com\/ca\/?s={search_term_string}"},"query-input":{"@type":"PropertyValueSpecification","valueRequired":true,"valueName":"search_term_string"}}],"inLanguage":"ar"}]}},"_links":{"self":[{"href":"https:\/\/rosanacl.com\/ar\/wp-json\/wp\/v2\/pages\/2566","targetHints":{"allow":["GET"]}}],"collection":[{"href":"https:\/\/rosanacl.com\/ar\/wp-json\/wp\/v2\/pages"}],"about":[{"href":"https:\/\/rosanacl.com\/ar\/wp-json\/wp\/v2\/types\/page"}],"author":[{"embeddable":true,"href":"https:\/\/rosanacl.com\/ar\/wp-json\/wp\/v2\/users\/1"}],"replies":[{"embeddable":true,"href":"https:\/\/rosanacl.com\/ar\/wp-json\/wp\/v2\/comments?post=2566"}],"version-history":[{"count":6,"href":"https:\/\/rosanacl.com\/ar\/wp-json\/wp\/v2\/pages\/2566\/revisions"}],"predecessor-version":[{"id":4647,"href":"https:\/\/rosanacl.com\/ar\/wp-json\/wp\/v2\/pages\/2566\/revisions\/4647"}],"wp:attachment":[{"href":"https:\/\/rosanacl.com\/ar\/wp-json\/wp\/v2\/media?parent=2566"}],"curies":[{"name":"wp","href":"https:\/\/api.w.org\/{rel}","templated":true}]}}