{"id":2046,"date":"2025-05-23T10:03:37","date_gmt":"2025-05-23T08:03:37","guid":{"rendered":"https:\/\/rosanacl.com\/?post_type=product&#038;p=2046"},"modified":"2026-01-07T19:14:20","modified_gmt":"2026-01-07T18:14:20","slug":"braga-selene-bikini-modelo-3118","status":"publish","type":"product","link":"https:\/\/rosanacl.com\/ar\/product\/braga-selene-bikini-modelo-3118\/","title":{"rendered":"\u0633\u0631\u0648\u0627\u0644 \u0628\u064a\u0643\u064a\u0646\u064a \u0633\u064a\u0644\u064a\u0646 3118"},"content":{"rendered":"<p>\u0633\u0631\u0648\u0627\u0644 \u0627\u0644\u0628\u064a\u0643\u064a\u0646\u064a Selene 3118 \u0647\u0648 \u0630\u0644\u0643 \u0627\u0644\u0633\u0631\u0648\u0627\u0644 \u0627\u0644\u0623\u0633\u0627\u0633\u064a &quot;\u0627\u0644\u062c\u0645\u064a\u0644 \u062d\u0642\u064b\u0627&quot; \u0627\u0644\u0630\u064a \u064a\u0631\u062a\u0642\u064a \u0628\u0623\u064a \u0632\u064a: \u062f\u0627\u0646\u062a\u064a\u0644 \u0623\u0646\u064a\u0642 \u0641\u064a \u0627\u0644\u0623\u0645\u0627\u0645 \u0648\u0644\u0645\u0633\u0629 \u0646\u0647\u0627\u0626\u064a\u0629 \u0645\u0635\u0645\u0645\u0629 \u0644\u062a\u062c\u0639\u0644\u0643 \u062a\u0634\u0639\u0631\u064a\u0646 \u0628\u0627\u0644\u0623\u0646\u0648\u062b\u0629 \u0648\u0627\u0644\u062b\u0642\u0629 \u0648\u0627\u0644\u0631\u0627\u062d\u0629 \u0637\u0648\u0627\u0644 \u0627\u0644\u064a\u0648\u0645.<\/p>\n<p>\u064a\u062c\u0645\u0639 \u062a\u0635\u0645\u064a\u0645\u0647\u0627 \u0628\u064a\u0646 \u0627\u0644\u062c\u0645\u0627\u0644 \u0648\u0627\u0644\u0639\u0645\u0644\u064a\u0629: \u0641\u0627\u0644\u062c\u0632\u0621 \u0627\u0644\u062e\u0644\u0641\u064a \u0645\u0635\u0645\u0645 \u0644\u064a\u0643\u0648\u0646 \u063a\u064a\u0631 \u0645\u0631\u0626\u064a \u062a\u062d\u062a \u0627\u0644\u0645\u0644\u0627\u0628\u0633\u060c \u062d\u062a\u0649 \u0645\u0639 \u0627\u0644\u0645\u0644\u0627\u0628\u0633 \u0627\u0644\u0636\u064a\u0642\u0629\u060c \u0643\u0645\u0627 \u0623\u0646 \u0645\u0642\u0627\u0633\u0647\u0627 \u064a\u062a\u062d\u0631\u0643 \u0645\u0639\u0643\u0650 \u062f\u0648\u0646 \u0623\u0646 \u064a\u0636\u063a\u0637 \u0639\u0644\u064a\u0643\u0650. \u0645\u062b\u0627\u0644\u064a\u0629 \u0644\u0644\u0627\u0631\u062a\u062f\u0627\u0621 \u0645\u0639 \u062d\u0645\u0627\u0644\u0627\u062a \u0627\u0644\u0635\u062f\u0631 Selene Regina \u0648 Selene Martina.<\/p>\n<p>\u062a\u0641\u0627\u0635\u064a\u0644 \u0633\u062a\u0639\u062c\u0628\u0643<\/p>\n<ul>\n<li>\u062f\u0627\u0646\u062a\u064a\u0644 \u0631\u0642\u064a\u0642 \u0641\u064a \u0627\u0644\u0645\u0642\u062f\u0645\u0629: \u0644\u0645\u0633\u0629 \u0623\u0646\u064a\u0642\u0629 \u0648\u0623\u0646\u062b\u0648\u064a\u0629.<\/li>\n<li>\u0645\u0635\u0645\u0645 \u0628\u062d\u064a\u062b \u0644\u0627 \u064a\u0638\u0647\u0631: \u0645\u062b\u0627\u0644\u064a \u062a\u062d\u062a \u0627\u0644\u0641\u0633\u0627\u062a\u064a\u0646 \u0623\u0648 \u0627\u0644\u062c\u064a\u0646\u0632 \u0623\u0648 \u0627\u0644\u0645\u0644\u0627\u0628\u0633 \u0627\u0644\u0636\u064a\u0642\u0629.<\/li>\n<li>\u0645\u0644\u0627\u0621\u0645\u0629 \u0645\u0631\u064a\u062d\u0629 \u0648\u062b\u0627\u0628\u062a\u0629: \u062a\u062a\u0643\u064a\u0641 \u0645\u0639 \u0627\u0644\u062c\u0633\u0645 \u062f\u0648\u0646 \u0623\u0646 \u062a\u0641\u0642\u062f \u0634\u0643\u0644\u0647\u0627.<\/li>\n<li>\u062a\u0635\u0645\u064a\u0645 \u0639\u0644\u0649 \u0637\u0631\u0627\u0632 \u0627\u0644\u0628\u064a\u0643\u064a\u0646\u064a\/\u0627\u0644\u0635\u062f\u0631\u064a\u0629: \u062a\u0648\u0627\u0632\u0646 \u0645\u062b\u0627\u0644\u064a \u0628\u064a\u0646 \u0627\u0644\u062a\u063a\u0637\u064a\u0629 \u0648\u0627\u0644\u0623\u0646\u0627\u0642\u0629.<\/li>\n<li>\u0637\u0642\u0645 \u0645\u062b\u0627\u0644\u064a: \u064a\u062a\u0646\u0627\u0633\u0628 \u0645\u0639 \u062d\u0645\u0627\u0644\u0627\u062a \u0627\u0644\u0635\u062f\u0631 \u0631\u064a\u062c\u064a\u0646\u0627 \u0648\u0645\u0627\u0631\u062a\u064a\u0646\u0627.<\/li>\n<\/ul>\n<p>\u0646\u0635\u064a\u062d\u0629: \u0633\u0631\u0648\u0627\u0644 \u0628\u064a\u0643\u064a\u0646\u064a 3118 \u0645\u0646 \u062a\u0644\u0643 \u0627\u0644\u0633\u0631\u0627\u0648\u064a\u0644 \u0627\u0644\u062f\u0627\u062e\u0644\u064a\u0629 \u0627\u0644\u062a\u064a \u064a\u0645\u0643\u0646\u0643\u0650 \u0627\u0631\u062a\u062f\u0627\u0624\u0647\u0627 \u062f\u0648\u0646 \u0639\u0646\u0627\u0621: \u0641\u0627\u0644\u062f\u0627\u0646\u062a\u064a\u0644 \u0627\u0644\u0623\u0645\u0627\u0645\u064a \u064a\u0636\u0641\u064a \u0644\u0645\u0633\u0629 \u062c\u0645\u0627\u0644\u064a\u0629 \u062f\u0648\u0646 \u0623\u0646 \u064a\u0643\u0648\u0646 \u0645\u0632\u0639\u062c\u0627\u064b\u060c \u0623\u0645\u0627 \u0627\u0644\u062c\u0632\u0621 \u0627\u0644\u062e\u0644\u0641\u064a \u0641\u0647\u0648 \u0646\u0627\u0639\u0645 \u0648\u0646\u0638\u064a\u0641 \u0644\u062a\u062a\u0645\u0643\u0646\u064a \u0645\u0646 \u0627\u0644\u062d\u0631\u0643\u0629 \u0628\u062d\u0631\u064a\u0629 \u0637\u0648\u0627\u0644 \u0627\u0644\u064a\u0648\u0645. \u0645\u062b\u0627\u0644\u064a \u0625\u0630\u0627 \u0643\u0646\u062a\u0650 \u062a\u0641\u0636\u0644\u064a\u0646 \u0627\u0644\u0645\u0644\u0627\u0628\u0633 \u0627\u0644\u062f\u0627\u062e\u0644\u064a\u0629 \u0627\u0644\u062a\u064a \u062a\u0628\u062f\u0648 \u0623\u0646\u062b\u0648\u064a\u0629\u060c \u0648\u0644\u0643\u0646\u0647\u0627 \u0641\u064a \u0627\u0644\u0648\u0642\u062a \u0646\u0641\u0633\u0647 \u0645\u0631\u064a\u062d\u0629 \u0644\u0644\u063a\u0627\u064a\u0629.<\/p>\n<p>\ud83d\udccf \u0645\u0644\u0627\u062d\u0638\u0629: \u0644\u0644\u062d\u0635\u0648\u0644 \u0639\u0644\u0649 \u0627\u0644\u0645\u0642\u0627\u0633 \u0627\u0644\u0645\u0646\u0627\u0633\u0628\u060c \u0641\u0643\u0631\u064a \u0641\u064a \u0643\u064a\u0641\u064a\u0629 \u0631\u063a\u0628\u062a\u0643 \u0641\u064a \u0623\u0646 \u064a\u0643\u0648\u0646 \u0627\u0644\u062c\u0632\u0621 \u0627\u0644\u0633\u0641\u0644\u064a \u0645\u0646 \u0627\u0644\u0628\u064a\u0643\u064a\u0646\u064a \u0645\u0646\u0627\u0633\u0628\u064b\u0627 \u0644\u0643: \u0625\u0630\u0627 \u0643\u0646\u062a\u0650 \u062a\u0641\u0636\u0644\u064a\u0646 \u0623\u0646 \u064a\u0643\u0648\u0646 \u0636\u064a\u0642\u064b\u0627 \u0648\u062b\u0627\u0628\u062a\u064b\u0627\u060c \u0641\u0645\u0642\u0627\u0633\u0643 \u0627\u0644\u0645\u0639\u062a\u0627\u062f \u0639\u0627\u062f\u0629\u064b \u0645\u0627 \u064a\u0643\u0648\u0646 \u0645\u062b\u0627\u0644\u064a\u064b\u0627\u061b \u0625\u0630\u0627 \u0643\u0646\u062a\u0650 \u0628\u064a\u0646 \u0645\u0642\u0627\u0633\u064a\u0646 \u0623\u0648 \u062a\u0631\u063a\u0628\u064a\u0646 \u0641\u064a \u062d\u0627\u0641\u0629 \u0623\u0643\u062b\u0631 \u0646\u0639\u0648\u0645\u0629 \u062d\u062a\u0649 \u062a\u062a\u0645\u0643\u0646\u064a \u0645\u0646 \u0627\u0631\u062a\u062f\u0627\u0626\u0647\u0627 \u0644\u0633\u0627\u0639\u0627\u062a \u062f\u0648\u0646 \u0627\u0644\u062a\u0641\u0643\u064a\u0631 \u0641\u064a\u0647\u0627\u060c \u0641\u0645\u0646 \u0627\u0644\u0623\u0641\u0636\u0644 \u0639\u0627\u062f\u0629\u064b \u0627\u062e\u062a\u064a\u0627\u0631 \u0645\u0642\u0627\u0633 \u0623\u0643\u0628\u0631.<\/p>\n<p>\u0627\u0644\u062a\u0631\u0643\u064a\u0628: 85% \u0628\u0648\u0644\u064a \u0623\u0645\u064a\u062f 15% \u0625\u064a\u0644\u0627\u0633\u062a\u064a\u0646.<\/p>\n<p>\ud83d\udc84 \u062a\u0641\u0627\u0635\u064a\u0644 \u0627\u0644\u062f\u0627\u0646\u062a\u064a\u0644 \u0627\u0644\u062a\u064a \u062a\u062c\u0639\u0644 \u0625\u0637\u0644\u0627\u0644\u062a\u0643 \u062a\u0628\u062f\u0648 &quot;\u0631\u0627\u0626\u0639\u0629&quot;.<\/p>","protected":false},"excerpt":{"rendered":"<p>La Braga Selene Bikini 3118 es ese b\u00e1sico \u00abbonito de verdad\u00bb que eleva cualquier conjunto: encaje elegante en la parte delantera y un acabado pensado para que te sientas femenina, segura y c\u00f3moda durante todo el d\u00eda. Su dise\u00f1o tipo bikini\/brislip combina est\u00e9tica y funcionalidad: la parte trasera est\u00e1 planteada para no marcar bajo la [&hellip;]<\/p>\n","protected":false},"featured_media":2141,"comment_status":"open","ping_status":"closed","template":"","meta":{"content-type":""},"product_brand":[55],"product_cat":[19],"product_tag":[69],"class_list":{"0":"post-2046","1":"product","2":"type-product","3":"status-publish","4":"has-post-thumbnail","6":"product_brand-selene","7":"product_cat-braga","8":"product_tag-braga","10":"first","11":"instock","12":"taxable","13":"shipping-taxable","14":"purchasable","15":"product-type-variable"},"supplier_id":null,"supplier_sku":"","barcode":null,"atum_controlled":true,"out_stock_date":null,"out_stock_threshold":null,"inheritable":true,"inbound_stock":0,"stock_on_hold":0,"sold_today":0,"sales_last_days":0,"reserved_stock":0,"customer_returns":0,"warehouse_damage":0,"lost_in_post":0,"other_logs":0,"out_stock_days":0,"lost_sales":0,"has_location":false,"update_date":"2026-01-07T18:14:21","atum_locations":[],"atum_stock_status":"instock","restock_status":false,"low_stock_amount":"","sales_update_date":"2025-10-03T04:56:25","calc_backorders":null,"yoast_head":"<!-- This site is optimized with the Yoast SEO plugin v27.4 - https:\/\/yoast.com\/product\/yoast-seo-wordpress\/ -->\n<title>Braga Bikini Selene 3118 - Rosana CL<\/title>\n<meta name=\"robots\" content=\"index, follow, max-snippet:-1, max-image-preview:large, max-video-preview:-1\" \/>\n<link rel=\"canonical\" href=\"https:\/\/rosanacl.com\/ar\/product\/braga-selene-bikini-modelo-3118\/\" \/>\n<meta property=\"og:locale\" content=\"ar_AR\" \/>\n<meta property=\"og:type\" content=\"article\" \/>\n<meta property=\"og:title\" content=\"Braga Bikini Selene 3118 - Rosana CL\" \/>\n<meta property=\"og:description\" content=\"La Braga Selene Bikini 3118 es ese b\u00e1sico \u00abbonito de verdad\u00bb que eleva cualquier conjunto: encaje elegante en la parte delantera y un acabado pensado para que te sientas femenina, segura y c\u00f3moda durante todo el d\u00eda. Su dise\u00f1o tipo bikini\/brislip combina est\u00e9tica y funcionalidad: la parte trasera est\u00e1 planteada para no marcar bajo la [&hellip;]\" \/>\n<meta property=\"og:url\" content=\"https:\/\/rosanacl.com\/ar\/product\/braga-selene-bikini-modelo-3118\/\" \/>\n<meta property=\"og:site_name\" content=\"Rosana CL\" \/>\n<meta property=\"article:modified_time\" content=\"2026-01-07T18:14:20+00:00\" \/>\n<meta property=\"og:image\" content=\"https:\/\/rosanacl.com\/wp-content\/uploads\/2025\/05\/1.png\" \/>\n\t<meta property=\"og:image:width\" content=\"406\" \/>\n\t<meta property=\"og:image:height\" content=\"538\" \/>\n\t<meta property=\"og:image:type\" content=\"image\/png\" \/>\n<meta name=\"twitter:card\" content=\"summary_large_image\" \/>\n<meta name=\"twitter:label1\" content=\"\u0648\u0642\u062a \u0627\u0644\u0642\u0631\u0627\u0621\u0629 \u0627\u0644\u0645\u064f\u0642\u062f\u0651\u0631\" \/>\n\t<meta name=\"twitter:data1\" content=\"\u062f\u0642\u064a\u0642\u062a\u0627\u0646\" \/>\n<script type=\"application\/ld+json\" class=\"yoast-schema-graph\">{\"@context\":\"https:\\\/\\\/schema.org\",\"@graph\":[{\"@type\":\"WebPage\",\"@id\":\"https:\\\/\\\/rosanacl.com\\\/producto\\\/braga-selene-bikini-modelo-3118\\\/\",\"url\":\"https:\\\/\\\/rosanacl.com\\\/producto\\\/braga-selene-bikini-modelo-3118\\\/\",\"name\":\"Braga Bikini Selene 3118 - Rosana CL\",\"isPartOf\":{\"@id\":\"https:\\\/\\\/rosanacl.com\\\/ca\\\/#website\"},\"primaryImageOfPage\":{\"@id\":\"https:\\\/\\\/rosanacl.com\\\/producto\\\/braga-selene-bikini-modelo-3118\\\/#primaryimage\"},\"image\":{\"@id\":\"https:\\\/\\\/rosanacl.com\\\/producto\\\/braga-selene-bikini-modelo-3118\\\/#primaryimage\"},\"thumbnailUrl\":\"https:\\\/\\\/rosanacl.com\\\/wp-content\\\/uploads\\\/2025\\\/05\\\/1.png\",\"datePublished\":\"2025-05-23T08:03:37+00:00\",\"dateModified\":\"2026-01-07T18:14:20+00:00\",\"breadcrumb\":{\"@id\":\"https:\\\/\\\/rosanacl.com\\\/producto\\\/braga-selene-bikini-modelo-3118\\\/#breadcrumb\"},\"inLanguage\":\"ar\",\"potentialAction\":[{\"@type\":\"ReadAction\",\"target\":[\"https:\\\/\\\/rosanacl.com\\\/producto\\\/braga-selene-bikini-modelo-3118\\\/\"]}]},{\"@type\":\"ImageObject\",\"inLanguage\":\"ar\",\"@id\":\"https:\\\/\\\/rosanacl.com\\\/producto\\\/braga-selene-bikini-modelo-3118\\\/#primaryimage\",\"url\":\"https:\\\/\\\/rosanacl.com\\\/wp-content\\\/uploads\\\/2025\\\/05\\\/1.png\",\"contentUrl\":\"https:\\\/\\\/rosanacl.com\\\/wp-content\\\/uploads\\\/2025\\\/05\\\/1.png\",\"width\":406,\"height\":538},{\"@type\":\"BreadcrumbList\",\"@id\":\"https:\\\/\\\/rosanacl.com\\\/producto\\\/braga-selene-bikini-modelo-3118\\\/#breadcrumb\",\"itemListElement\":[{\"@type\":\"ListItem\",\"position\":1,\"name\":\"Portada\",\"item\":\"https:\\\/\\\/rosanacl.com\\\/ca\\\/\"},{\"@type\":\"ListItem\",\"position\":2,\"name\":\"Tienda\",\"item\":\"https:\\\/\\\/rosanacl.com\\\/ca\\\/tienda\\\/\"},{\"@type\":\"ListItem\",\"position\":3,\"name\":\"Braga Bikini Selene 3118\"}]},{\"@type\":\"WebSite\",\"@id\":\"https:\\\/\\\/rosanacl.com\\\/ca\\\/#website\",\"url\":\"https:\\\/\\\/rosanacl.com\\\/ca\\\/\",\"name\":\"Rosana CL\",\"description\":\"Somos tu interior\",\"potentialAction\":[{\"@type\":\"SearchAction\",\"target\":{\"@type\":\"EntryPoint\",\"urlTemplate\":\"https:\\\/\\\/rosanacl.com\\\/ca\\\/?s={search_term_string}\"},\"query-input\":{\"@type\":\"PropertyValueSpecification\",\"valueRequired\":true,\"valueName\":\"search_term_string\"}}],\"inLanguage\":\"ar\"}]}<\/script>\n<!-- \/ Yoast SEO plugin. -->","yoast_head_json":{"title":"Braga Bikini Selene 3118 - Rosana CL","robots":{"index":"index","follow":"follow","max-snippet":"max-snippet:-1","max-image-preview":"max-image-preview:large","max-video-preview":"max-video-preview:-1"},"canonical":"https:\/\/rosanacl.com\/ar\/product\/braga-selene-bikini-modelo-3118\/","og_locale":"ar_AR","og_type":"article","og_title":"Braga Bikini Selene 3118 - Rosana CL","og_description":"La Braga Selene Bikini 3118 es ese b\u00e1sico \u00abbonito de verdad\u00bb que eleva cualquier conjunto: encaje elegante en la parte delantera y un acabado pensado para que te sientas femenina, segura y c\u00f3moda durante todo el d\u00eda. Su dise\u00f1o tipo bikini\/brislip combina est\u00e9tica y funcionalidad: la parte trasera est\u00e1 planteada para no marcar bajo la [&hellip;]","og_url":"https:\/\/rosanacl.com\/ar\/product\/braga-selene-bikini-modelo-3118\/","og_site_name":"Rosana CL","article_modified_time":"2026-01-07T18:14:20+00:00","og_image":[{"width":406,"height":538,"url":"https:\/\/rosanacl.com\/wp-content\/uploads\/2025\/05\/1.png","type":"image\/png"}],"twitter_card":"summary_large_image","twitter_misc":{"\u0648\u0642\u062a \u0627\u0644\u0642\u0631\u0627\u0621\u0629 \u0627\u0644\u0645\u064f\u0642\u062f\u0651\u0631":"\u062f\u0642\u064a\u0642\u062a\u0627\u0646"},"schema":{"@context":"https:\/\/schema.org","@graph":[{"@type":"WebPage","@id":"https:\/\/rosanacl.com\/producto\/braga-selene-bikini-modelo-3118\/","url":"https:\/\/rosanacl.com\/producto\/braga-selene-bikini-modelo-3118\/","name":"Braga Bikini Selene 3118 - Rosana CL","isPartOf":{"@id":"https:\/\/rosanacl.com\/ca\/#website"},"primaryImageOfPage":{"@id":"https:\/\/rosanacl.com\/producto\/braga-selene-bikini-modelo-3118\/#primaryimage"},"image":{"@id":"https:\/\/rosanacl.com\/producto\/braga-selene-bikini-modelo-3118\/#primaryimage"},"thumbnailUrl":"https:\/\/rosanacl.com\/wp-content\/uploads\/2025\/05\/1.png","datePublished":"2025-05-23T08:03:37+00:00","dateModified":"2026-01-07T18:14:20+00:00","breadcrumb":{"@id":"https:\/\/rosanacl.com\/producto\/braga-selene-bikini-modelo-3118\/#breadcrumb"},"inLanguage":"ar","potentialAction":[{"@type":"ReadAction","target":["https:\/\/rosanacl.com\/producto\/braga-selene-bikini-modelo-3118\/"]}]},{"@type":"ImageObject","inLanguage":"ar","@id":"https:\/\/rosanacl.com\/producto\/braga-selene-bikini-modelo-3118\/#primaryimage","url":"https:\/\/rosanacl.com\/wp-content\/uploads\/2025\/05\/1.png","contentUrl":"https:\/\/rosanacl.com\/wp-content\/uploads\/2025\/05\/1.png","width":406,"height":538},{"@type":"BreadcrumbList","@id":"https:\/\/rosanacl.com\/producto\/braga-selene-bikini-modelo-3118\/#breadcrumb","itemListElement":[{"@type":"ListItem","position":1,"name":"Portada","item":"https:\/\/rosanacl.com\/ca\/"},{"@type":"ListItem","position":2,"name":"Tienda","item":"https:\/\/rosanacl.com\/ca\/tienda\/"},{"@type":"ListItem","position":3,"name":"Braga Bikini Selene 3118"}]},{"@type":"WebSite","@id":"https:\/\/rosanacl.com\/ca\/#website","url":"https:\/\/rosanacl.com\/ca\/","name":"\u0631\u0648\u0632\u0627\u0646\u0627 \u0633\u064a \u0625\u0644","description":"Somos tu interior","potentialAction":[{"@type":"SearchAction","target":{"@type":"EntryPoint","urlTemplate":"https:\/\/rosanacl.com\/ca\/?s={search_term_string}"},"query-input":{"@type":"PropertyValueSpecification","valueRequired":true,"valueName":"search_term_string"}}],"inLanguage":"ar"}]}},"_links":{"self":[{"href":"https:\/\/rosanacl.com\/ar\/wp-json\/wp\/v2\/product\/2046","targetHints":{"allow":["GET"]}}],"collection":[{"href":"https:\/\/rosanacl.com\/ar\/wp-json\/wp\/v2\/product"}],"about":[{"href":"https:\/\/rosanacl.com\/ar\/wp-json\/wp\/v2\/types\/product"}],"replies":[{"embeddable":true,"href":"https:\/\/rosanacl.com\/ar\/wp-json\/wp\/v2\/comments?post=2046"}],"version-history":[{"count":5,"href":"https:\/\/rosanacl.com\/ar\/wp-json\/wp\/v2\/product\/2046\/revisions"}],"predecessor-version":[{"id":4601,"href":"https:\/\/rosanacl.com\/ar\/wp-json\/wp\/v2\/product\/2046\/revisions\/4601"}],"wp:featuredmedia":[{"embeddable":true,"href":"https:\/\/rosanacl.com\/ar\/wp-json\/wp\/v2\/media\/2141"}],"wp:attachment":[{"href":"https:\/\/rosanacl.com\/ar\/wp-json\/wp\/v2\/media?parent=2046"}],"wp:term":[{"taxonomy":"product_brand","embeddable":true,"href":"https:\/\/rosanacl.com\/ar\/wp-json\/wp\/v2\/product_brand?post=2046"},{"taxonomy":"product_cat","embeddable":true,"href":"https:\/\/rosanacl.com\/ar\/wp-json\/wp\/v2\/product_cat?post=2046"},{"taxonomy":"product_tag","embeddable":true,"href":"https:\/\/rosanacl.com\/ar\/wp-json\/wp\/v2\/product_tag?post=2046"}],"curies":[{"name":"wp","href":"https:\/\/api.w.org\/{rel}","templated":true}]}}