{"id":3378,"date":"2025-08-19T08:56:35","date_gmt":"2025-08-19T06:56:35","guid":{"rendered":"https:\/\/rosanacl.com\/?post_type=product&#038;p=3378"},"modified":"2026-01-08T03:13:46","modified_gmt":"2026-01-08T02:13:46","slug":"sujetador-modelo-natalia","status":"publish","type":"product","link":"https:\/\/rosanacl.com\/ar\/product\/sujetador-modelo-natalia\/","title":{"rendered":"\u0633\u064a\u0644\u064a\u0646 \u0646\u0627\u062a\u0627\u0644\u064a\u0627 \u0628\u0631\u0627"},"content":{"rendered":"<p>\u062d\u0645\u0627\u0644\u0629 \u0635\u062f\u0631 \u0633\u064a\u0644\u064a\u0646 \u0646\u0627\u062a\u0627\u0644\u064a\u0627 \u0642\u0637\u0639\u0629 \u0623\u0633\u0627\u0633\u064a\u0629 \u0644\u0627 \u063a\u0646\u0649 \u0639\u0646\u0647\u0627\u060c \u0645\u0635\u0646\u0648\u0639\u0629 \u0645\u0646 \u0623\u0644\u064a\u0627\u0641 \u062f\u0642\u064a\u0642\u0629 \u0646\u0627\u0639\u0645\u0629\u060c \u0645\u0632\u0648\u062f\u0629 \u0628\u062f\u0639\u0627\u0645\u0629 \u0633\u0644\u0643\u064a\u0629 \u0648\u0623\u0643\u0648\u0627\u0628 \u062f\u0627\u0639\u0645\u0629\u060c \u0645\u0635\u0645\u0645\u0629 \u0644\u0625\u0628\u0631\u0627\u0632 \u062c\u0645\u0627\u0644 \u0635\u062f\u0631\u0643 \u0628\u0634\u0643\u0644 \u0637\u0628\u064a\u0639\u064a \u0648\u0645\u0646\u062d\u0647 \u0645\u0638\u0647\u0631\u064b\u0627 \u062f\u0627\u0626\u0631\u064a\u064b\u0627 \u062c\u0630\u0627\u0628\u064b\u0627 \u062f\u0648\u0646 \u0627\u0644\u062a\u0636\u062d\u064a\u0629 \u0628\u0627\u0644\u0631\u0627\u062d\u0629. \u0625\u0646\u0647\u0627 \u062d\u0645\u0627\u0644\u0629 \u0627\u0644\u0635\u062f\u0631 \u0627\u0644\u062a\u064a \u062a\u0631\u062a\u062f\u064a\u0646\u0647\u0627 \u064a\u0648\u0645\u064a\u064b\u0627 \u0644\u062a\u0634\u0639\u0631\u064a \u0628\u0645\u0632\u064a\u062f \u0645\u0646 \u0627\u0644\u062f\u0639\u0645 \u0648\u0627\u0644\u062a\u0646\u0627\u0633\u0642 \u0648\u0627\u0644\u062b\u0642\u0629 \u0645\u0646 \u0627\u0644\u0644\u062d\u0638\u0629 \u0627\u0644\u0623\u0648\u0644\u0649.<\/p>\n<p>\u0646\u0633\u064a\u062c\u0647\u0627 \u0627\u0644\u0645\u0635\u0646\u0648\u0639 \u0645\u0646 \u0627\u0644\u0623\u0644\u064a\u0627\u0641 \u0627\u0644\u062f\u0642\u064a\u0642\u0629 \u0646\u0627\u0639\u0645 \u0627\u0644\u0645\u0644\u0645\u0633 \u0648\u064a\u062a\u0643\u064a\u0641 \u0628\u0634\u0643\u0644 \u0631\u0627\u0626\u0639 \u0645\u0639 \u0627\u0644\u062c\u0633\u0645\u060c \u0628\u064a\u0646\u0645\u0627 \u064a\u0648\u0641\u0631 \u0627\u0644\u0633\u0644\u0643 \u0627\u0644\u062f\u0627\u062e\u0644\u064a \u062f\u0639\u0645\u0627\u064b \u062b\u0627\u0628\u062a\u0627\u064b. \u064a\u0633\u0627\u0639\u062f \u062a\u0635\u0645\u064a\u0645 \u0627\u0644\u0643\u0648\u0628 \u0627\u0644\u0645\u0631\u062a\u0641\u0639 \u0639\u0644\u0649 \u0631\u0641\u0639 \u0627\u0644\u0635\u062f\u0631 \u0648\u062a\u0645\u0631\u0643\u0632\u0647\u060c \u0648\u0647\u0648 \u0645\u062b\u0627\u0644\u064a \u0625\u0630\u0627 \u0643\u0646\u062a\u0650 \u062a\u0628\u062d\u062b\u064a\u0646 \u0639\u0646 \u0645\u0638\u0647\u0631 \u0623\u0643\u062b\u0631 \u062c\u0627\u0630\u0628\u064a\u0629 \u0645\u0639 \u0627\u0644\u062a\u064a\u0634\u064a\u0631\u062a\u0627\u062a \u0623\u0648 \u0627\u0644\u0628\u0644\u0648\u0632\u0627\u062a \u0623\u0648 \u0627\u0644\u0641\u0633\u0627\u062a\u064a\u0646.<\/p>\n<p>\u0628\u0627\u0644\u0625\u0636\u0627\u0641\u0629 \u0625\u0644\u0649 \u0630\u0644\u0643\u060c \u0648\u0628\u0641\u0636\u0644 \u062a\u0635\u0645\u064a\u0645\u0647\u0627 \u0645\u062a\u0639\u062f\u062f \u0627\u0644\u0623\u0648\u0636\u0627\u0639\u060c \u064a\u0645\u0643\u0646\u0643\u0650 \u062a\u0639\u062f\u064a\u0644 \u0627\u0644\u0623\u0634\u0631\u0637\u0629 \u062d\u0633\u0628 \u0646\u0648\u0639 \u0627\u0644\u0645\u0644\u0627\u0628\u0633 \u0648\u0641\u062a\u062d\u0629 \u0627\u0644\u0631\u0642\u0628\u0629. \u062a\u0623\u062a\u064a \u0645\u0639 \u0645\u062c\u0645\u0648\u0639\u0629 \u0645\u0646 \u0627\u0644\u0623\u0634\u0631\u0637\u0629 \u0627\u0644\u0642\u0645\u0627\u0634\u064a\u0629\u060c \u0645\u062b\u0627\u0644\u064a\u0629 \u0644\u062a\u0643\u064a\u064a\u0641 \u0627\u0644\u062a\u0635\u0645\u064a\u0645 \u0648\u0627\u0644\u062f\u0639\u0645 \u0645\u0639 \u0627\u062d\u062a\u064a\u0627\u062c\u0627\u062a\u0643\u0650 \u0627\u0644\u064a\u0648\u0645\u064a\u0629.<\/p>\n<p>\u0627\u0644\u062a\u0641\u0627\u0635\u064a\u0644 \u0627\u0644\u0631\u0626\u064a\u0633\u064a\u0629<\/p>\n<ul>\n<li>\u0623\u0644\u064a\u0627\u0641 \u062f\u0642\u064a\u0642\u0629 \u0646\u0627\u0639\u0645\u0629 \u0648\u0645\u0631\u064a\u062d\u0629 \u0644\u0644\u0627\u0633\u062a\u062e\u062f\u0627\u0645 \u0627\u0644\u064a\u0648\u0645\u064a.<\/li>\n<li>\u0645\u0639 \u062d\u0644\u0642\u0627\u062a: \u062f\u0639\u0645 \u0642\u0648\u064a \u0648\u062b\u0627\u0628\u062a.<\/li>\n<li>\u062d\u0645\u0627\u0644\u0629 \u0635\u062f\u0631 \u062f\u0627\u0639\u0645\u0629: \u062a\u0643\u0628\u064a\u0631 \u062d\u062c\u0645 \u0627\u0644\u0635\u062f\u0631 \u0648\u0641\u062a\u062d\u0629 \u0631\u0642\u0628\u0629 \u0645\u0633\u062a\u062f\u064a\u0631\u0629.<\/li>\n<li>\u0645\u062a\u0639\u062f\u062f \u0627\u0644\u0623\u0648\u0636\u0627\u0639: \u064a\u062a\u0643\u064a\u0641 \u0645\u0639 \u0645\u062e\u062a\u0644\u0641 \u0623\u0646\u0648\u0627\u0639 \u0627\u0644\u0645\u0644\u0627\u0628\u0633 \u0648\u0641\u062a\u062d\u0627\u062a \u0627\u0644\u0631\u0642\u0628\u0629.<\/li>\n<li>\u064a\u062a\u0636\u0645\u0646 \u0637\u0642\u0645\u064b\u0627 \u0645\u0646 \u062d\u0645\u0627\u0644\u0627\u062a \u0627\u0644\u0645\u0644\u0627\u0628\u0633 \u0627\u0644\u0645\u0635\u0646\u0648\u0639\u0629 \u0645\u0646 \u0627\u0644\u0642\u0645\u0627\u0634.<\/li>\n<\/ul>\n<p>\ud83d\udde3\ufe0f \u0646\u0635\u064a\u062d\u0629: \u0641\u064a \u0646\u0627\u062a\u0627\u0644\u064a\u0627\u060c \u064a\u0643\u0645\u0646 \u0627\u0644\u0633\u062d\u0631 \u0641\u064a &quot;\u0627\u0644\u0631\u0641\u0639 \u0627\u0644\u062c\u0645\u064a\u0644&quot; + \u0627\u0644\u0648\u0636\u0639\u064a\u0627\u062a \u0627\u0644\u0645\u062a\u0639\u062f\u062f\u0629: \u064a\u062a\u0643\u064a\u0641 \u0627\u0644\u0645\u0627\u064a\u0643\u0631\u0648\u0641\u0627\u064a\u0628\u0631 \u0628\u0644\u0637\u0641\u060c \u0648\u0627\u0644\u0623\u0633\u0644\u0627\u0643 \u0627\u0644\u0633\u0641\u0644\u064a\u0629 \u062a\u062b\u0628\u062a \u062c\u064a\u062f\u064b\u0627\u060c \u0648\u0645\u0646 \u062e\u0644\u0627\u0644 \u062a\u063a\u064a\u064a\u0631 \u0627\u0644\u0623\u0634\u0631\u0637\u0629 \u0648\u0641\u0642\u064b\u0627 \u0644\u062e\u0637 \u0627\u0644\u0639\u0646\u0642\u060c \u064a\u0645\u0643\u0646\u0643\u0650 \u0627\u0644\u062d\u0635\u0648\u0644 \u0639\u0644\u0649 \u062a\u0623\u062b\u064a\u0631 \u0623\u0643\u062b\u0631 \u0645\u0631\u0643\u0632\u064a\u0629 \u0648\u0627\u0633\u062a\u062f\u0627\u0631\u0629 \u062f\u0648\u0646 \u0641\u0642\u062f\u0627\u0646 \u0627\u0644\u0631\u0627\u062d\u0629.<\/p>\n<p>\ud83d\udccf \u0645\u0644\u0627\u062d\u0638\u0629: \u0642\u0628\u0644 \u0627\u0644\u0634\u0631\u0627\u0621\u060c \u0641\u0643\u0631\u064a \u0641\u064a \u0627\u0644\u0646\u062a\u064a\u062c\u0629 \u0627\u0644\u062a\u064a \u062a\u0631\u064a\u062f\u064a\u0646\u0647\u0627: \u0625\u0630\u0627 \u0643\u0646\u062a\u0650 \u062a\u0631\u064a\u062f\u064a\u0646\u0647\u0627 \u0623\u0643\u062b\u0631 \u062a\u062d\u062f\u064a\u062f\u064b\u0627 \u0648\u062f\u0639\u0645\u064b\u0627 \u062c\u064a\u062f\u064b\u0627\u060c \u0641\u0627\u062e\u062a\u0627\u0631\u064a \u0645\u0642\u0627\u0633\u0643\u0650 \u0627\u0644\u0645\u0639\u062a\u0627\u062f\u061b \u0625\u0630\u0627 \u0643\u0646\u062a\u0650 \u0628\u064a\u0646 \u0645\u0642\u0627\u0633\u064a\u0646 \u0623\u0648 \u062a\u0641\u0636\u0644\u064a\u0646 \u0623\u0646 \u062a\u0643\u0648\u0646 \u062d\u0627\u0641\u0629 \u0627\u0644\u0643\u0648\u0628 \u0623\u0643\u062b\u0631 \u0646\u0639\u0648\u0645\u0629 (\u0628\u062f\u0648\u0646 \u0636\u063a\u0637 \u0623\u0648 \u062c\u0639\u0644 &quot;\u0627\u0644\u062b\u062f\u064a\u064a\u0646 \u0645\u0632\u062f\u0648\u062c\u064a\u0646&quot;)\u060c \u0641\u0627\u062e\u062a\u0627\u0631\u064a \u0645\u0642\u0627\u0633 \u0643\u0648\u0628 \u0623\u0643\u0628\u0631 (\u0623\u0648 \u0627\u0644\u0645\u0642\u0627\u0633 \u0627\u0644\u0623\u0643\u0628\u0631 \u0627\u0644\u062a\u0627\u0644\u064a \u0625\u0630\u0627 \u0643\u0627\u0646 \u0645\u0642\u0627\u0633 \u0627\u0644\u0634\u0631\u064a\u0637 \u0636\u064a\u0642\u064b\u0627 \u0628\u0627\u0644\u0641\u0639\u0644).<\/p>\n<p>\u0627\u0644\u062a\u0631\u0643\u064a\u0628: 55% \u0628\u0648\u0644\u064a \u0623\u0645\u064a\u062f \u00b7 38% \u0628\u0648\u0644\u064a\u0633\u062a\u0631 \u00b7 7% \u0625\u064a\u0644\u0627\u0633\u062a\u064a\u0646<\/p>\n<p>\ud83c\udf80 \u0647\u0630\u0627 \u0627\u0644\u062e\u0637 \u0627\u0644\u062c\u0645\u064a\u0644 \u0644\u0644\u0631\u0642\u0628\u0629 \u0644\u064a\u0633 \u0635\u062f\u0641\u0629: \u0625\u0646\u0647\u0627 \u0646\u0627\u062a\u0627\u0644\u064a\u0627.<\/p>\n<div id=\"v1ms-outlook-mobile-body-separator-line\" dir=\"auto\"><\/div>","protected":false},"excerpt":{"rendered":"<p>El Sujetador Selene Natalia es un b\u00e1sico imprescindible de microfibra suave con aros y copa push-up, pensado para realzar el pecho de forma natural y conseguir un escote bonito y redondeado sin perder comodidad. Es ese sujetador que te pones a diario y te deja la sensaci\u00f3n de ir m\u00e1s recogida, m\u00e1s estilizada y m\u00e1s [&hellip;]<\/p>\n","protected":false},"featured_media":3394,"comment_status":"closed","ping_status":"closed","template":"","meta":{"content-type":""},"product_brand":[55],"product_cat":[29,20],"product_tag":[56,65],"class_list":{"0":"post-3378","1":"product","2":"type-product","3":"status-publish","4":"has-post-thumbnail","6":"product_brand-selene","7":"product_cat-push-up","8":"product_cat-sujetador","9":"product_tag-sujetador","10":"product_tag-sujetador-push-up","12":"first","13":"instock","14":"taxable","15":"shipping-taxable","16":"purchasable","17":"product-type-variable"},"supplier_id":null,"supplier_sku":"","barcode":null,"atum_controlled":true,"out_stock_date":null,"out_stock_threshold":null,"inheritable":true,"inbound_stock":0,"stock_on_hold":0,"sold_today":null,"sales_last_days":null,"reserved_stock":0,"customer_returns":0,"warehouse_damage":0,"lost_in_post":0,"other_logs":0,"out_stock_days":null,"lost_sales":null,"has_location":false,"update_date":"2026-01-08T02:13:47","atum_locations":[],"atum_stock_status":"instock","restock_status":false,"low_stock_amount":"","sales_update_date":"2025-10-03T04:55:34","calc_backorders":null,"yoast_head":"<!-- This site is optimized with the Yoast SEO plugin v27.4 - https:\/\/yoast.com\/product\/yoast-seo-wordpress\/ -->\n<title>Sujetador Selene Natalia - Rosana CL<\/title>\n<meta name=\"robots\" content=\"index, follow, max-snippet:-1, max-image-preview:large, max-video-preview:-1\" \/>\n<link rel=\"canonical\" href=\"https:\/\/rosanacl.com\/ar\/product\/sujetador-modelo-natalia\/\" \/>\n<meta property=\"og:locale\" content=\"ar_AR\" \/>\n<meta property=\"og:type\" content=\"article\" \/>\n<meta property=\"og:title\" content=\"Sujetador Selene Natalia - Rosana CL\" \/>\n<meta property=\"og:description\" content=\"El Sujetador Selene Natalia es un b\u00e1sico imprescindible de microfibra suave con aros y copa push-up, pensado para realzar el pecho de forma natural y conseguir un escote bonito y redondeado sin perder comodidad. Es ese sujetador que te pones a diario y te deja la sensaci\u00f3n de ir m\u00e1s recogida, m\u00e1s estilizada y m\u00e1s [&hellip;]\" \/>\n<meta property=\"og:url\" content=\"https:\/\/rosanacl.com\/ar\/product\/sujetador-modelo-natalia\/\" \/>\n<meta property=\"og:site_name\" content=\"Rosana CL\" \/>\n<meta property=\"article:modified_time\" content=\"2026-01-08T02:13:46+00:00\" \/>\n<meta property=\"og:image\" content=\"https:\/\/rosanacl.com\/wp-content\/uploads\/2025\/08\/1-4-671x1024.png\" \/>\n\t<meta property=\"og:image:width\" content=\"671\" \/>\n\t<meta property=\"og:image:height\" content=\"1024\" \/>\n\t<meta property=\"og:image:type\" content=\"image\/png\" \/>\n<meta name=\"twitter:card\" content=\"summary_large_image\" \/>\n<meta name=\"twitter:label1\" content=\"\u0648\u0642\u062a \u0627\u0644\u0642\u0631\u0627\u0621\u0629 \u0627\u0644\u0645\u064f\u0642\u062f\u0651\u0631\" \/>\n\t<meta name=\"twitter:data1\" content=\"\u062f\u0642\u064a\u0642\u062a\u0627\u0646\" \/>\n<script type=\"application\/ld+json\" class=\"yoast-schema-graph\">{\"@context\":\"https:\\\/\\\/schema.org\",\"@graph\":[{\"@type\":\"WebPage\",\"@id\":\"https:\\\/\\\/rosanacl.com\\\/producto\\\/sujetador-modelo-natalia\\\/\",\"url\":\"https:\\\/\\\/rosanacl.com\\\/producto\\\/sujetador-modelo-natalia\\\/\",\"name\":\"Sujetador Selene Natalia - Rosana CL\",\"isPartOf\":{\"@id\":\"https:\\\/\\\/rosanacl.com\\\/ca\\\/#website\"},\"primaryImageOfPage\":{\"@id\":\"https:\\\/\\\/rosanacl.com\\\/producto\\\/sujetador-modelo-natalia\\\/#primaryimage\"},\"image\":{\"@id\":\"https:\\\/\\\/rosanacl.com\\\/producto\\\/sujetador-modelo-natalia\\\/#primaryimage\"},\"thumbnailUrl\":\"https:\\\/\\\/rosanacl.com\\\/wp-content\\\/uploads\\\/2025\\\/08\\\/1-4.png\",\"datePublished\":\"2025-08-19T06:56:35+00:00\",\"dateModified\":\"2026-01-08T02:13:46+00:00\",\"breadcrumb\":{\"@id\":\"https:\\\/\\\/rosanacl.com\\\/producto\\\/sujetador-modelo-natalia\\\/#breadcrumb\"},\"inLanguage\":\"ar\",\"potentialAction\":[{\"@type\":\"ReadAction\",\"target\":[\"https:\\\/\\\/rosanacl.com\\\/producto\\\/sujetador-modelo-natalia\\\/\"]}]},{\"@type\":\"ImageObject\",\"inLanguage\":\"ar\",\"@id\":\"https:\\\/\\\/rosanacl.com\\\/producto\\\/sujetador-modelo-natalia\\\/#primaryimage\",\"url\":\"https:\\\/\\\/rosanacl.com\\\/wp-content\\\/uploads\\\/2025\\\/08\\\/1-4.png\",\"contentUrl\":\"https:\\\/\\\/rosanacl.com\\\/wp-content\\\/uploads\\\/2025\\\/08\\\/1-4.png\",\"width\":873,\"height\":1333},{\"@type\":\"BreadcrumbList\",\"@id\":\"https:\\\/\\\/rosanacl.com\\\/producto\\\/sujetador-modelo-natalia\\\/#breadcrumb\",\"itemListElement\":[{\"@type\":\"ListItem\",\"position\":1,\"name\":\"Portada\",\"item\":\"https:\\\/\\\/rosanacl.com\\\/ca\\\/\"},{\"@type\":\"ListItem\",\"position\":2,\"name\":\"Tienda\",\"item\":\"https:\\\/\\\/rosanacl.com\\\/ca\\\/tienda\\\/\"},{\"@type\":\"ListItem\",\"position\":3,\"name\":\"Sujetador Selene Natalia\"}]},{\"@type\":\"WebSite\",\"@id\":\"https:\\\/\\\/rosanacl.com\\\/ca\\\/#website\",\"url\":\"https:\\\/\\\/rosanacl.com\\\/ca\\\/\",\"name\":\"Rosana CL\",\"description\":\"Somos tu interior\",\"potentialAction\":[{\"@type\":\"SearchAction\",\"target\":{\"@type\":\"EntryPoint\",\"urlTemplate\":\"https:\\\/\\\/rosanacl.com\\\/ca\\\/?s={search_term_string}\"},\"query-input\":{\"@type\":\"PropertyValueSpecification\",\"valueRequired\":true,\"valueName\":\"search_term_string\"}}],\"inLanguage\":\"ar\"}]}<\/script>\n<!-- \/ Yoast SEO plugin. -->","yoast_head_json":{"title":"Sujetador Selene Natalia - Rosana CL","robots":{"index":"index","follow":"follow","max-snippet":"max-snippet:-1","max-image-preview":"max-image-preview:large","max-video-preview":"max-video-preview:-1"},"canonical":"https:\/\/rosanacl.com\/ar\/product\/sujetador-modelo-natalia\/","og_locale":"ar_AR","og_type":"article","og_title":"Sujetador Selene Natalia - Rosana CL","og_description":"El Sujetador Selene Natalia es un b\u00e1sico imprescindible de microfibra suave con aros y copa push-up, pensado para realzar el pecho de forma natural y conseguir un escote bonito y redondeado sin perder comodidad. Es ese sujetador que te pones a diario y te deja la sensaci\u00f3n de ir m\u00e1s recogida, m\u00e1s estilizada y m\u00e1s [&hellip;]","og_url":"https:\/\/rosanacl.com\/ar\/product\/sujetador-modelo-natalia\/","og_site_name":"Rosana CL","article_modified_time":"2026-01-08T02:13:46+00:00","og_image":[{"width":671,"height":1024,"url":"https:\/\/rosanacl.com\/wp-content\/uploads\/2025\/08\/1-4-671x1024.png","type":"image\/png"}],"twitter_card":"summary_large_image","twitter_misc":{"\u0648\u0642\u062a \u0627\u0644\u0642\u0631\u0627\u0621\u0629 \u0627\u0644\u0645\u064f\u0642\u062f\u0651\u0631":"\u062f\u0642\u064a\u0642\u062a\u0627\u0646"},"schema":{"@context":"https:\/\/schema.org","@graph":[{"@type":"WebPage","@id":"https:\/\/rosanacl.com\/producto\/sujetador-modelo-natalia\/","url":"https:\/\/rosanacl.com\/producto\/sujetador-modelo-natalia\/","name":"Sujetador Selene Natalia - Rosana CL","isPartOf":{"@id":"https:\/\/rosanacl.com\/ca\/#website"},"primaryImageOfPage":{"@id":"https:\/\/rosanacl.com\/producto\/sujetador-modelo-natalia\/#primaryimage"},"image":{"@id":"https:\/\/rosanacl.com\/producto\/sujetador-modelo-natalia\/#primaryimage"},"thumbnailUrl":"https:\/\/rosanacl.com\/wp-content\/uploads\/2025\/08\/1-4.png","datePublished":"2025-08-19T06:56:35+00:00","dateModified":"2026-01-08T02:13:46+00:00","breadcrumb":{"@id":"https:\/\/rosanacl.com\/producto\/sujetador-modelo-natalia\/#breadcrumb"},"inLanguage":"ar","potentialAction":[{"@type":"ReadAction","target":["https:\/\/rosanacl.com\/producto\/sujetador-modelo-natalia\/"]}]},{"@type":"ImageObject","inLanguage":"ar","@id":"https:\/\/rosanacl.com\/producto\/sujetador-modelo-natalia\/#primaryimage","url":"https:\/\/rosanacl.com\/wp-content\/uploads\/2025\/08\/1-4.png","contentUrl":"https:\/\/rosanacl.com\/wp-content\/uploads\/2025\/08\/1-4.png","width":873,"height":1333},{"@type":"BreadcrumbList","@id":"https:\/\/rosanacl.com\/producto\/sujetador-modelo-natalia\/#breadcrumb","itemListElement":[{"@type":"ListItem","position":1,"name":"Portada","item":"https:\/\/rosanacl.com\/ca\/"},{"@type":"ListItem","position":2,"name":"Tienda","item":"https:\/\/rosanacl.com\/ca\/tienda\/"},{"@type":"ListItem","position":3,"name":"Sujetador Selene Natalia"}]},{"@type":"WebSite","@id":"https:\/\/rosanacl.com\/ca\/#website","url":"https:\/\/rosanacl.com\/ca\/","name":"\u0631\u0648\u0632\u0627\u0646\u0627 \u0633\u064a \u0625\u0644","description":"Somos tu interior","potentialAction":[{"@type":"SearchAction","target":{"@type":"EntryPoint","urlTemplate":"https:\/\/rosanacl.com\/ca\/?s={search_term_string}"},"query-input":{"@type":"PropertyValueSpecification","valueRequired":true,"valueName":"search_term_string"}}],"inLanguage":"ar"}]}},"_links":{"self":[{"href":"https:\/\/rosanacl.com\/ar\/wp-json\/wp\/v2\/product\/3378","targetHints":{"allow":["GET"]}}],"collection":[{"href":"https:\/\/rosanacl.com\/ar\/wp-json\/wp\/v2\/product"}],"about":[{"href":"https:\/\/rosanacl.com\/ar\/wp-json\/wp\/v2\/types\/product"}],"replies":[{"embeddable":true,"href":"https:\/\/rosanacl.com\/ar\/wp-json\/wp\/v2\/comments?post=3378"}],"version-history":[{"count":5,"href":"https:\/\/rosanacl.com\/ar\/wp-json\/wp\/v2\/product\/3378\/revisions"}],"predecessor-version":[{"id":4639,"href":"https:\/\/rosanacl.com\/ar\/wp-json\/wp\/v2\/product\/3378\/revisions\/4639"}],"wp:featuredmedia":[{"embeddable":true,"href":"https:\/\/rosanacl.com\/ar\/wp-json\/wp\/v2\/media\/3394"}],"wp:attachment":[{"href":"https:\/\/rosanacl.com\/ar\/wp-json\/wp\/v2\/media?parent=3378"}],"wp:term":[{"taxonomy":"product_brand","embeddable":true,"href":"https:\/\/rosanacl.com\/ar\/wp-json\/wp\/v2\/product_brand?post=3378"},{"taxonomy":"product_cat","embeddable":true,"href":"https:\/\/rosanacl.com\/ar\/wp-json\/wp\/v2\/product_cat?post=3378"},{"taxonomy":"product_tag","embeddable":true,"href":"https:\/\/rosanacl.com\/ar\/wp-json\/wp\/v2\/product_tag?post=3378"}],"curies":[{"name":"wp","href":"https:\/\/api.w.org\/{rel}","templated":true}]}}