{"id":3498,"date":"2025-08-19T09:36:13","date_gmt":"2025-08-19T07:36:13","guid":{"rendered":"https:\/\/rosanacl.com\/?post_type=product&#038;p=3498"},"modified":"2026-04-15T15:03:39","modified_gmt":"2026-04-15T13:03:39","slug":"braga-selene-3123","status":"publish","type":"product","link":"https:\/\/rosanacl.com\/ar\/product\/braga-selene-3123\/","title":{"rendered":"\u0628\u0631\u0627\u063a\u0627 \u0633\u064a\u0644\u064a\u0646 3123"},"content":{"rendered":"<p>\u0633\u0631\u0648\u0627\u0644 \u062f\u0627\u062e\u0644\u064a Selene 3123 \u0645\u0646 Creaciones Selene: \u0633\u0631\u0648\u0627\u0644 \u062f\u0627\u062e\u0644\u064a \u0639\u0627\u0644\u064a \u0627\u0644\u062e\u0635\u0631 \u0645\u0635\u0645\u0645 \u0644\u064a\u0628\u0631\u0632 \u062c\u0645\u0627\u0644 \u0627\u0644\u0642\u0648\u0627\u0645 \u0628\u0631\u0627\u062d\u0629 \u0641\u0627\u0626\u0642\u0629 \u0648\u0644\u0645\u0633\u0629 \u0646\u0647\u0627\u0626\u064a\u0629 \u0623\u0646\u064a\u0642\u0629. \u064a\u062a\u0645\u064a\u0632 \u0627\u0644\u062c\u0632\u0621 \u0627\u0644\u0623\u0645\u0627\u0645\u064a \u0628\u0646\u0633\u064a\u062c \u0645\u0646\u0642\u0648\u0634 \u0628\u0646\u0642\u0648\u0634 \u062f\u0642\u064a\u0642\u0629\u060c \u0628\u064a\u0646\u0645\u0627 \u064a\u062a\u0645\u064a\u0632 \u0627\u0644\u062c\u0632\u0621 \u0627\u0644\u062e\u0644\u0641\u064a \u0628\u0645\u0644\u0645\u0633 \u0646\u0627\u0639\u0645 \u0648\u0645\u0631\u064a\u062d \u0644\u0645\u0644\u0627\u0621\u0645\u0629 \u0645\u062b\u0627\u0644\u064a\u0629.<\/p>\n<p>\u0635\u064f\u0645\u0645\u062a \u0647\u0630\u0647 \u0627\u0644\u0642\u0637\u0639\u0629 \u0644\u062a\u0631\u0627\u0641\u0642\u0643\u0650 \u0643\u0644 \u064a\u0648\u0645 \u062f\u0648\u0646 \u0627\u0644\u062a\u0636\u062d\u064a\u0629 \u0628\u0627\u0644\u0631\u0627\u062d\u0629: \u062a\u0635\u0645\u064a\u0645\u0647\u0627 \u0630\u0648 \u0627\u0644\u062e\u0635\u0631 \u0627\u0644\u0639\u0627\u0644\u064a \u064a\u0631\u0641\u0639 \u0627\u0644\u0635\u062f\u0631 \u0628\u0644\u0637\u0641\u060c \u0648\u064a\u0648\u0641\u0631 \u0627\u0644\u062f\u0639\u0645\u060c \u0648\u064a\u0645\u0646\u062d\u0643\u0650 \u0642\u0648\u0627\u0645\u064b\u0627 \u0623\u0646\u064a\u0642\u064b\u0627 \u062a\u062d\u062a \u0627\u0644\u0645\u0644\u0627\u0628\u0633. \u0625\u0646\u0647\u0627 \u0627\u0644\u0642\u0637\u0639\u0629 \u0627\u0644\u0645\u062b\u0627\u0644\u064a\u0629 \u0625\u0630\u0627 \u0643\u0646\u062a\u0650 \u062a\u0628\u062d\u062b\u064a\u0646 \u0639\u0646 \u0631\u0627\u062d\u0629 \u062d\u0642\u064a\u0642\u064a\u0629\u060c \u0648\u062f\u0639\u0645 \u0645\u0645\u062a\u0627\u0632\u060c \u0648\u0645\u0638\u0647\u0631 \u0623\u0646\u064a\u0642\u060c \u0633\u0648\u0627\u0621\u064b \u0644\u0644\u0627\u0631\u062a\u062f\u0627\u0621 \u0627\u0644\u064a\u0648\u0645\u064a \u0623\u0648 \u0644\u0644\u0645\u0646\u0627\u0633\u0628\u0627\u062a \u0627\u0644\u062e\u0627\u0635\u0629.<\/p>\n<p>\u062a\u0641\u0627\u0635\u064a\u0644 \u0633\u062a\u0639\u062c\u0628\u0643<\/p>\n<ul>\n<li>\u0633\u0631\u0627\u0648\u064a\u0644 \u062f\u0627\u062e\u0644\u064a\u0629 \u0639\u0627\u0644\u064a\u0629 \u0627\u0644\u062e\u0635\u0631 \u0623\u0646\u064a\u0642\u0629: \u062a\u0633\u0627\u0639\u062f \u0639\u0644\u0649 \u062a\u0646\u062d\u064a\u0641 \u0627\u0644\u062c\u0633\u0645 \u0628\u0635\u0631\u064a\u0627\u064b \u0648\u0625\u0636\u0641\u0627\u0621 \u0645\u0638\u0647\u0631 \u0631\u0627\u0626\u0639.<\/li>\n<li>\u0627\u0644\u0648\u0627\u062c\u0647\u0629 \u0627\u0644\u0645\u0635\u0646\u0648\u0639\u0629 \u0645\u0646 \u0642\u0645\u0627\u0634 \u0645\u0637\u0628\u0648\u0639: \u062a\u0636\u064a\u0641 \u0644\u0645\u0633\u0629 \u0623\u0646\u064a\u0642\u0629 \u0648\u0645\u062e\u062a\u0644\u0641\u0629.<\/li>\n<li>\u0638\u0647\u0631 \u0646\u0627\u0639\u0645 \u0648\u0645\u0631\u064a\u062d: \u0646\u0627\u0639\u0645 \u0627\u0644\u0645\u0644\u0645\u0633 \u0648\u0645\u0631\u064a\u062d \u0644\u0644\u0627\u0631\u062a\u062f\u0627\u0621 \u0644\u0633\u0627\u0639\u0627\u062a.<\/li>\n<li>\u0645\u0638\u0647\u0631 \u0646\u0647\u0627\u0626\u064a \u0623\u0646\u064a\u0642 \u062a\u062d\u062a \u0627\u0644\u0645\u0644\u0627\u0628\u0633: \u0645\u0635\u0645\u0645 \u0644\u064a\u0628\u062f\u0648 \u062c\u0645\u064a\u0644\u0627\u064b \u0648\u064a\u0645\u0646\u062d\u0643 \u0634\u0639\u0648\u0631\u0627\u064b \u0628\u0627\u0644\u0631\u0627\u062d\u0629.<\/li>\n<li>\u0645\u062b\u0627\u0644\u064a \u0644\u0644\u0627\u0633\u062a\u062e\u062f\u0627\u0645 \u0627\u0644\u064a\u0648\u0645\u064a: \u064a\u0648\u0641\u0631 \u062f\u0639\u0645\u0627\u064b \u0645\u0631\u064a\u062d\u0627\u064b.<\/li>\n<\/ul>\n<p>\ud83d\udde3\ufe0f \u0646\u0635\u064a\u062d\u0629: \u062a\u0645 \u062a\u0635\u0645\u064a\u0645 \u0647\u0630\u0647 \u0627\u0644\u0633\u0631\u0627\u0648\u064a\u0644 \u0627\u0644\u062f\u0627\u062e\u0644\u064a\u0629 \u0639\u0627\u0644\u064a\u0629 \u0627\u0644\u062e\u0635\u0631 \u0645\u0646 Selene 3123 \u0644\u062a\u062c\u0639\u0644\u0643 \u062a\u0634\u0639\u0631\u064a\u0646 \u0628\u0627\u0644\u062f\u0639\u0645 \u0648\u0627\u0644\u062c\u0645\u0627\u0644 \u062f\u0648\u0646 \u0623\u0646 \u062a\u0643\u0648\u0646 \u0636\u064a\u0642\u0629 \u0644\u0644\u063a\u0627\u064a\u0629: \u0641\u0627\u0644\u062c\u0632\u0621 \u0627\u0644\u0623\u0645\u0627\u0645\u064a \u0627\u0644\u0645\u0646\u0642\u0648\u0634 \u064a\u0636\u064a\u0641 \u0644\u0645\u0633\u0629 \u0645\u0646 \u0627\u0644\u0623\u0646\u0627\u0642\u0629\u060c \u0648\u0627\u0644\u062c\u0632\u0621 \u0627\u0644\u062e\u0644\u0641\u064a \u0627\u0644\u0623\u0645\u0644\u0633 \u064a\u0636\u0645\u0646 \u0645\u0644\u0627\u0621\u0645\u0629 \u0646\u0627\u0639\u0645\u0629 \u0648\u0645\u0638\u0647\u0631\u064b\u0627 \u0623\u0646\u064a\u0642\u064b\u0627 \u062a\u062d\u062a \u0627\u0644\u0645\u0644\u0627\u0628\u0633.<\/p>\n<p>\ud83d\udccf \u0645\u0644\u0627\u062d\u0638\u0629: \u0625\u0630\u0627 \u0643\u0646\u062a\u0650 \u062a\u0641\u0636\u0644\u064a\u0646 \u0645\u0642\u0627\u0633\u064b\u0627 \u0645\u0631\u064a\u062d\u064b\u0627 \u0648\u0645\u0646\u0627\u0633\u0628\u064b\u0627 (\u0628\u062f\u0648\u0646 \u0623\u064a \u062e\u0637\u0648\u0637 \u0638\u0627\u0647\u0631\u0629)\u060c \u0641\u0627\u062e\u062a\u0627\u0631\u064a \u0627\u0644\u0645\u0642\u0627\u0633 \u0627\u0644\u0630\u064a \u062a\u0634\u0639\u0631\u064a\u0646 \u0641\u064a\u0647 \u0639\u0627\u062f\u0629\u064b \u0628\u0631\u0627\u062d\u0629 \u0623\u0643\u0628\u0631 \u0641\u064a \u0627\u0644\u0633\u0631\u0627\u0648\u064a\u0644 \u0627\u0644\u062f\u0627\u062e\u0644\u064a\u0629 \u0630\u0627\u062a \u0627\u0644\u062e\u0635\u0631 \u0627\u0644\u0639\u0627\u0644\u064a. \u0625\u0630\u0627 \u0643\u0646\u062a\u0650 \u0628\u064a\u0646 \u0645\u0642\u0627\u0633\u064a\u0646\u060c \u0641\u0641\u0643\u0631\u064a \u0641\u064a \u0643\u064a\u0641\u064a\u0629 \u0627\u0631\u062a\u062f\u0627\u0626\u0647\u0627: \u0647\u0644 \u062a\u0641\u0636\u0644\u064a\u0646 \u062f\u0639\u0645\u064b\u0627 \u0623\u0643\u0628\u0631 (\u0627\u0644\u0645\u0642\u0627\u0633 \u0627\u0644\u0623\u0635\u063a\u0631) \u0623\u0645 \u0634\u0639\u0648\u0631\u064b\u0627 \u0623\u062e\u0641 (\u0627\u0644\u0645\u0642\u0627\u0633 \u0627\u0644\u0623\u0643\u0628\u0631)\u061f.<\/p>\n<p>\u0627\u0644\u0645\u062c\u0645\u0648\u0639\u0629: \u062a\u062a\u0637\u0627\u0628\u0642 \u0645\u0639 \u062d\u0645\u0627\u0644\u0629 \u0635\u062f\u0631 Selene Teresa \u0648Mariv\u00ed.<\/p>\n<p>\u0627\u0644\u062a\u0631\u0643\u064a\u0628: 85% \u0628\u0648\u0644\u064a \u0623\u0645\u064a\u062f\u060c 15% \u0625\u064a\u0644\u0627\u0633\u062a\u064a\u0646.<\/p>\n<div id=\"v1ms-outlook-mobile-body-separator-line\" dir=\"auto\"><p>\ud83c\udf38 \u0644\u0623\u0646 \u0627\u0644\u0641\u0631\u0642 \u064a\u0643\u0645\u0646 \u0641\u064a \u0627\u0644\u062a\u0641\u0627\u0635\u064a\u0644... \u0648\u0647\u0630\u0647 \u0627\u0644\u062a\u0641\u0627\u0635\u064a\u0644 \u0645\u0644\u062d\u0648\u0638\u0629.<\/p>\n<\/div>","protected":false},"excerpt":{"rendered":"<p>Braga Selene 3123 de Creaciones Selene: braga alta pensada para estilizar la figura con un ajuste c\u00f3modo y un acabado elegante. La parte delantera destaca por su tejido estampado con relieve sutil, y la trasera mantiene un tacto liso y suave para que se adapte sin marcar. Dise\u00f1ada para acompa\u00f1arte en el d\u00eda a d\u00eda [&hellip;]<\/p>\n","protected":false},"featured_media":3524,"comment_status":"closed","ping_status":"closed","template":"","meta":{"content-type":""},"product_brand":[55],"product_cat":[19],"product_tag":[69],"class_list":{"0":"post-3498","1":"product","2":"type-product","3":"status-publish","4":"has-post-thumbnail","6":"product_brand-selene","7":"product_cat-braga","8":"product_tag-braga","10":"first","11":"instock","12":"taxable","13":"shipping-taxable","14":"purchasable","15":"product-type-variable"},"supplier_id":null,"supplier_sku":"","barcode":null,"atum_controlled":true,"out_stock_date":null,"out_stock_threshold":null,"inheritable":true,"inbound_stock":0,"stock_on_hold":1,"sold_today":1,"sales_last_days":1,"reserved_stock":0,"customer_returns":0,"warehouse_damage":0,"lost_in_post":0,"other_logs":0,"out_stock_days":null,"lost_sales":0,"has_location":false,"update_date":"2026-04-15T13:03:42","atum_locations":[],"atum_stock_status":"instock","restock_status":false,"low_stock_amount":"","sales_update_date":"2025-10-03T04:55:31","calc_backorders":null,"yoast_head":"<!-- This site is optimized with the Yoast SEO plugin v27.4 - https:\/\/yoast.com\/product\/yoast-seo-wordpress\/ -->\n<title>Braga Selene 3123 - Rosana CL<\/title>\n<meta name=\"robots\" content=\"index, follow, max-snippet:-1, max-image-preview:large, max-video-preview:-1\" \/>\n<link rel=\"canonical\" href=\"https:\/\/rosanacl.com\/ar\/product\/braga-selene-3123\/\" \/>\n<meta property=\"og:locale\" content=\"ar_AR\" \/>\n<meta property=\"og:type\" content=\"article\" \/>\n<meta property=\"og:title\" content=\"Braga Selene 3123 - Rosana CL\" \/>\n<meta property=\"og:description\" content=\"Braga Selene 3123 de Creaciones Selene: braga alta pensada para estilizar la figura con un ajuste c\u00f3modo y un acabado elegante. La parte delantera destaca por su tejido estampado con relieve sutil, y la trasera mantiene un tacto liso y suave para que se adapte sin marcar. Dise\u00f1ada para acompa\u00f1arte en el d\u00eda a d\u00eda [&hellip;]\" \/>\n<meta property=\"og:url\" content=\"https:\/\/rosanacl.com\/ar\/product\/braga-selene-3123\/\" \/>\n<meta property=\"og:site_name\" content=\"Rosana CL\" \/>\n<meta property=\"article:modified_time\" content=\"2026-04-15T13:03:39+00:00\" \/>\n<meta property=\"og:image\" content=\"https:\/\/rosanacl.com\/wp-content\/uploads\/2025\/08\/1-9.png\" \/>\n\t<meta property=\"og:image:width\" content=\"1333\" \/>\n\t<meta property=\"og:image:height\" content=\"1333\" \/>\n\t<meta property=\"og:image:type\" content=\"image\/png\" \/>\n<meta name=\"twitter:card\" content=\"summary_large_image\" \/>\n<meta name=\"twitter:label1\" content=\"\u0648\u0642\u062a \u0627\u0644\u0642\u0631\u0627\u0621\u0629 \u0627\u0644\u0645\u064f\u0642\u062f\u0651\u0631\" \/>\n\t<meta name=\"twitter:data1\" content=\"\u062f\u0642\u064a\u0642\u062a\u0627\u0646\" \/>\n<script type=\"application\/ld+json\" class=\"yoast-schema-graph\">{\"@context\":\"https:\\\/\\\/schema.org\",\"@graph\":[{\"@type\":\"WebPage\",\"@id\":\"https:\\\/\\\/rosanacl.com\\\/producto\\\/braga-selene-3123\\\/\",\"url\":\"https:\\\/\\\/rosanacl.com\\\/producto\\\/braga-selene-3123\\\/\",\"name\":\"Braga Selene 3123 - Rosana CL\",\"isPartOf\":{\"@id\":\"https:\\\/\\\/rosanacl.com\\\/ca\\\/#website\"},\"primaryImageOfPage\":{\"@id\":\"https:\\\/\\\/rosanacl.com\\\/producto\\\/braga-selene-3123\\\/#primaryimage\"},\"image\":{\"@id\":\"https:\\\/\\\/rosanacl.com\\\/producto\\\/braga-selene-3123\\\/#primaryimage\"},\"thumbnailUrl\":\"https:\\\/\\\/rosanacl.com\\\/wp-content\\\/uploads\\\/2025\\\/08\\\/1-9.png\",\"datePublished\":\"2025-08-19T07:36:13+00:00\",\"dateModified\":\"2026-04-15T13:03:39+00:00\",\"breadcrumb\":{\"@id\":\"https:\\\/\\\/rosanacl.com\\\/producto\\\/braga-selene-3123\\\/#breadcrumb\"},\"inLanguage\":\"ar\",\"potentialAction\":[{\"@type\":\"ReadAction\",\"target\":[\"https:\\\/\\\/rosanacl.com\\\/producto\\\/braga-selene-3123\\\/\"]}]},{\"@type\":\"ImageObject\",\"inLanguage\":\"ar\",\"@id\":\"https:\\\/\\\/rosanacl.com\\\/producto\\\/braga-selene-3123\\\/#primaryimage\",\"url\":\"https:\\\/\\\/rosanacl.com\\\/wp-content\\\/uploads\\\/2025\\\/08\\\/1-9.png\",\"contentUrl\":\"https:\\\/\\\/rosanacl.com\\\/wp-content\\\/uploads\\\/2025\\\/08\\\/1-9.png\",\"width\":1333,\"height\":1333},{\"@type\":\"BreadcrumbList\",\"@id\":\"https:\\\/\\\/rosanacl.com\\\/producto\\\/braga-selene-3123\\\/#breadcrumb\",\"itemListElement\":[{\"@type\":\"ListItem\",\"position\":1,\"name\":\"Portada\",\"item\":\"https:\\\/\\\/rosanacl.com\\\/ca\\\/\"},{\"@type\":\"ListItem\",\"position\":2,\"name\":\"Tienda\",\"item\":\"https:\\\/\\\/rosanacl.com\\\/ca\\\/tienda\\\/\"},{\"@type\":\"ListItem\",\"position\":3,\"name\":\"Braga Selene 3123\"}]},{\"@type\":\"WebSite\",\"@id\":\"https:\\\/\\\/rosanacl.com\\\/ca\\\/#website\",\"url\":\"https:\\\/\\\/rosanacl.com\\\/ca\\\/\",\"name\":\"Rosana CL\",\"description\":\"Somos tu interior\",\"potentialAction\":[{\"@type\":\"SearchAction\",\"target\":{\"@type\":\"EntryPoint\",\"urlTemplate\":\"https:\\\/\\\/rosanacl.com\\\/ca\\\/?s={search_term_string}\"},\"query-input\":{\"@type\":\"PropertyValueSpecification\",\"valueRequired\":true,\"valueName\":\"search_term_string\"}}],\"inLanguage\":\"ar\"}]}<\/script>\n<!-- \/ Yoast SEO plugin. -->","yoast_head_json":{"title":"Braga Selene 3123 - Rosana CL","robots":{"index":"index","follow":"follow","max-snippet":"max-snippet:-1","max-image-preview":"max-image-preview:large","max-video-preview":"max-video-preview:-1"},"canonical":"https:\/\/rosanacl.com\/ar\/product\/braga-selene-3123\/","og_locale":"ar_AR","og_type":"article","og_title":"Braga Selene 3123 - Rosana CL","og_description":"Braga Selene 3123 de Creaciones Selene: braga alta pensada para estilizar la figura con un ajuste c\u00f3modo y un acabado elegante. La parte delantera destaca por su tejido estampado con relieve sutil, y la trasera mantiene un tacto liso y suave para que se adapte sin marcar. Dise\u00f1ada para acompa\u00f1arte en el d\u00eda a d\u00eda [&hellip;]","og_url":"https:\/\/rosanacl.com\/ar\/product\/braga-selene-3123\/","og_site_name":"Rosana CL","article_modified_time":"2026-04-15T13:03:39+00:00","og_image":[{"width":1333,"height":1333,"url":"https:\/\/rosanacl.com\/wp-content\/uploads\/2025\/08\/1-9.png","type":"image\/png"}],"twitter_card":"summary_large_image","twitter_misc":{"\u0648\u0642\u062a \u0627\u0644\u0642\u0631\u0627\u0621\u0629 \u0627\u0644\u0645\u064f\u0642\u062f\u0651\u0631":"\u062f\u0642\u064a\u0642\u062a\u0627\u0646"},"schema":{"@context":"https:\/\/schema.org","@graph":[{"@type":"WebPage","@id":"https:\/\/rosanacl.com\/producto\/braga-selene-3123\/","url":"https:\/\/rosanacl.com\/producto\/braga-selene-3123\/","name":"Braga Selene 3123 - Rosana CL","isPartOf":{"@id":"https:\/\/rosanacl.com\/ca\/#website"},"primaryImageOfPage":{"@id":"https:\/\/rosanacl.com\/producto\/braga-selene-3123\/#primaryimage"},"image":{"@id":"https:\/\/rosanacl.com\/producto\/braga-selene-3123\/#primaryimage"},"thumbnailUrl":"https:\/\/rosanacl.com\/wp-content\/uploads\/2025\/08\/1-9.png","datePublished":"2025-08-19T07:36:13+00:00","dateModified":"2026-04-15T13:03:39+00:00","breadcrumb":{"@id":"https:\/\/rosanacl.com\/producto\/braga-selene-3123\/#breadcrumb"},"inLanguage":"ar","potentialAction":[{"@type":"ReadAction","target":["https:\/\/rosanacl.com\/producto\/braga-selene-3123\/"]}]},{"@type":"ImageObject","inLanguage":"ar","@id":"https:\/\/rosanacl.com\/producto\/braga-selene-3123\/#primaryimage","url":"https:\/\/rosanacl.com\/wp-content\/uploads\/2025\/08\/1-9.png","contentUrl":"https:\/\/rosanacl.com\/wp-content\/uploads\/2025\/08\/1-9.png","width":1333,"height":1333},{"@type":"BreadcrumbList","@id":"https:\/\/rosanacl.com\/producto\/braga-selene-3123\/#breadcrumb","itemListElement":[{"@type":"ListItem","position":1,"name":"Portada","item":"https:\/\/rosanacl.com\/ca\/"},{"@type":"ListItem","position":2,"name":"Tienda","item":"https:\/\/rosanacl.com\/ca\/tienda\/"},{"@type":"ListItem","position":3,"name":"Braga Selene 3123"}]},{"@type":"WebSite","@id":"https:\/\/rosanacl.com\/ca\/#website","url":"https:\/\/rosanacl.com\/ca\/","name":"\u0631\u0648\u0632\u0627\u0646\u0627 \u0633\u064a \u0625\u0644","description":"Somos tu interior","potentialAction":[{"@type":"SearchAction","target":{"@type":"EntryPoint","urlTemplate":"https:\/\/rosanacl.com\/ca\/?s={search_term_string}"},"query-input":{"@type":"PropertyValueSpecification","valueRequired":true,"valueName":"search_term_string"}}],"inLanguage":"ar"}]}},"_links":{"self":[{"href":"https:\/\/rosanacl.com\/ar\/wp-json\/wp\/v2\/product\/3498","targetHints":{"allow":["GET"]}}],"collection":[{"href":"https:\/\/rosanacl.com\/ar\/wp-json\/wp\/v2\/product"}],"about":[{"href":"https:\/\/rosanacl.com\/ar\/wp-json\/wp\/v2\/types\/product"}],"replies":[{"embeddable":true,"href":"https:\/\/rosanacl.com\/ar\/wp-json\/wp\/v2\/comments?post=3498"}],"version-history":[{"count":5,"href":"https:\/\/rosanacl.com\/ar\/wp-json\/wp\/v2\/product\/3498\/revisions"}],"predecessor-version":[{"id":4636,"href":"https:\/\/rosanacl.com\/ar\/wp-json\/wp\/v2\/product\/3498\/revisions\/4636"}],"wp:featuredmedia":[{"embeddable":true,"href":"https:\/\/rosanacl.com\/ar\/wp-json\/wp\/v2\/media\/3524"}],"wp:attachment":[{"href":"https:\/\/rosanacl.com\/ar\/wp-json\/wp\/v2\/media?parent=3498"}],"wp:term":[{"taxonomy":"product_brand","embeddable":true,"href":"https:\/\/rosanacl.com\/ar\/wp-json\/wp\/v2\/product_brand?post=3498"},{"taxonomy":"product_cat","embeddable":true,"href":"https:\/\/rosanacl.com\/ar\/wp-json\/wp\/v2\/product_cat?post=3498"},{"taxonomy":"product_tag","embeddable":true,"href":"https:\/\/rosanacl.com\/ar\/wp-json\/wp\/v2\/product_tag?post=3498"}],"curies":[{"name":"wp","href":"https:\/\/api.w.org\/{rel}","templated":true}]}}