{"id":745,"date":"2025-04-29T19:52:29","date_gmt":"2025-04-29T17:52:29","guid":{"rendered":"https:\/\/rosanacl.com\/?post_type=product&#038;p=745"},"modified":"2026-01-07T21:15:53","modified_gmt":"2026-01-07T20:15:53","slug":"sujetador-modelo-blanca","status":"publish","type":"product","link":"https:\/\/rosanacl.com\/ar\/product\/sujetador-modelo-blanca\/","title":{"rendered":"\u062d\u0645\u0627\u0644\u0629 \u0635\u062f\u0631 \u0633\u064a\u0644\u064a\u0646 \u0627\u0644\u0628\u064a\u0636\u0627\u0621"},"content":{"rendered":"<p>\u062d\u0645\u0627\u0644\u0629 \u0635\u062f\u0631 \u0633\u064a\u0644\u064a\u0646 \u0628\u0644\u0627\u0646\u0643\u0627 \u0647\u064a \u0627\u0644\u062e\u064a\u0627\u0631 \u0627\u0644\u0623\u0645\u062b\u0644 \u0644\u0645\u0646 \u064a\u0628\u062d\u062b \u0639\u0646 \u0631\u0627\u062d\u0629 \u062d\u0642\u064a\u0642\u064a\u0629 \u0645\u0639 \u0627\u0646\u0633\u064a\u0627\u0628\u064a\u0629 \u0631\u0627\u0626\u0639\u0629 \u0648\u0645\u0644\u0645\u0633 \u0646\u0627\u0639\u0645 \u0639\u0644\u0649 \u0627\u0644\u0628\u0634\u0631\u0629. \u0646\u0633\u064a\u062c\u0647\u0627 \u0627\u0644\u0642\u0637\u0646\u064a \u064a\u0648\u0641\u0631 \u0645\u0644\u0645\u0633\u064b\u0627 \u0644\u0637\u064a\u0641\u064b\u0627 \u0648\u0637\u0628\u064a\u0639\u064a\u064b\u0627\u060c \u0645\u062b\u0627\u0644\u064a \u0644\u0644\u0627\u0631\u062a\u062f\u0627\u0621 \u0627\u0644\u064a\u0648\u0645\u064a\u060c \u0648\u062a\u0635\u0645\u064a\u0645\u0647\u0627 \u0645\u0635\u0645\u0645 \u062e\u0635\u064a\u0635\u064b\u0627 \u0644\u062f\u0639\u0645\u0643 \u062f\u0648\u0646 \u0627\u0644\u0636\u063a\u0637 \u0623\u0648 \u062a\u0631\u0643 \u0639\u0644\u0627\u0645\u0627\u062a \u0623\u0648 \u0625\u0639\u0627\u0642\u0629 \u0627\u0644\u062d\u0631\u0643\u0629 \u062a\u062d\u062a \u0627\u0644\u0645\u0644\u0627\u0628\u0633.<\/p>\n<p>\u0628\u0641\u0636\u0644 \u062a\u0635\u0645\u064a\u0645\u0647 \u0627\u0644\u062e\u0627\u0644\u064a \u0645\u0646 \u0627\u0644\u0623\u0633\u0644\u0627\u0643 \u0648\u0627\u0644\u062d\u0634\u0648\u0629\u060c \u064a\u062a\u0645\u064a\u0632 \u0647\u0630\u0627 \u0627\u0644\u0635\u062f\u0631\u064a\u0629 \u0628\u0645\u0638\u0647\u0631 \u0623\u0646\u064a\u0642 \u0648\u0628\u0633\u064a\u0637 \u064a\u062a\u0646\u0627\u0633\u0628 \u0645\u0639 \u0627\u0644\u062a\u064a\u0634\u064a\u0631\u062a\u0627\u062a \u0648\u0627\u0644\u0645\u0644\u0627\u0628\u0633 \u0627\u0644\u0636\u064a\u0642\u0629 \u0648\u062d\u062a\u0649 \u0627\u0644\u0625\u0637\u0644\u0627\u0644\u0627\u062a \u0627\u0644\u0628\u0633\u064a\u0637\u0629. \u0625\u0646\u0647 \u0645\u0646 \u062a\u0644\u0643 \u0627\u0644\u0635\u062f\u0631\u064a\u0627\u062a \u0627\u0644\u062a\u064a \u0644\u0627 \u062a\u062d\u062a\u0627\u062c \u0625\u0644\u0649 \u0644\u0641\u062a \u0627\u0644\u0623\u0646\u0638\u0627\u0631 \u0644\u062a\u0643\u0648\u0646 \u062c\u0630\u0627\u0628\u0629\u060c \u0641\u0627\u0644\u0623\u0647\u0645 \u0647\u0648 \u0645\u062f\u0649 \u0631\u0627\u062d\u062a\u0647\u0627 \u0648\u0633\u0647\u0648\u0644\u0629 \u0627\u0631\u062a\u062f\u0627\u0626\u0647\u0627 \u0644\u0633\u0627\u0639\u0627\u062a \u0637\u0648\u064a\u0644\u0629.<\/p>\n<p>\u062a\u0641\u0627\u0635\u064a\u0644 \u0633\u062a\u0639\u062c\u0628\u0643 \u0639\u0646 \u0628\u0644\u0627\u0646\u0643\u0627<\/p>\n<ul>\n<li>\u0642\u0637\u0646 \u0646\u0627\u0639\u0645 \u0648\u0645\u0631\u064a\u062d: \u0645\u0644\u0645\u0633 \u0637\u0628\u064a\u0639\u064a \u0648\u0645\u0631\u064a\u062d.<\/li>\n<li>\u0628\u062f\u0648\u0646 \u0633\u0644\u0643 \u062f\u0627\u0639\u0645: \u062d\u0631\u064a\u0629 \u062a\u0627\u0645\u0629\u060c \u0628\u062f\u0648\u0646 \u0636\u063a\u0637 \u0639\u0644\u0649 \u0634\u0643\u0644 \u0627\u0644\u062c\u0633\u0645.<\/li>\n<li>\u0628\u062f\u0648\u0646 \u062d\u0634\u0648\u0629: \u0634\u0643\u0644 \u0637\u0628\u064a\u0639\u064a\u060c \u062e\u0641\u064a\u0641 \u0627\u0644\u0648\u0632\u0646 \u0648\u0645\u0631\u064a\u062d \u0644\u0644\u063a\u0627\u064a\u0629 \u0644\u0644\u0627\u0631\u062a\u062f\u0627\u0621.<\/li>\n<li>\u064a\u0645\u0643\u0646 \u0627\u0631\u062a\u062f\u0627\u0624\u0647 \u062a\u062d\u062a \u0627\u0644\u0645\u0644\u0627\u0628\u0633 \u0628\u0634\u0643\u0644 \u063a\u064a\u0631 \u0645\u0644\u062d\u0648\u0638: \u0641\u0647\u0648 \u0644\u0627 \u064a\u062e\u0644\u0642 \u062d\u062c\u0645\u0627\u064b \u0632\u0627\u0626\u062f\u0627\u064b \u063a\u064a\u0631 \u0636\u0631\u0648\u0631\u064a.<\/li>\n<li>\u0645\u062b\u0627\u0644\u064a \u0644\u0644\u0627\u0633\u062a\u062e\u062f\u0627\u0645 \u0627\u0644\u064a\u0648\u0645\u064a: \u0645\u0635\u0645\u0645 \u0644\u064a\u062a\u0645 \u062a\u0643\u0631\u0627\u0631\u0647 \u062f\u0648\u0646 \u0627\u0644\u0634\u0639\u0648\u0631 \u0628\u0627\u0644\u0645\u0644\u0644 \u0645\u0646\u0647.<\/li>\n<\/ul>\n<p>\ud83d\udde3\ufe0f \u0646\u0635\u064a\u062d\u0629: \u0627\u0631\u062a\u062f\u064a\u0647 \u0645\u0639 \u062a\u064a\u0634\u064a\u0631\u062a \u0636\u064a\u0642 \u0648\u0644\u0627\u062d\u0638\u064a \u0634\u0639\u0648\u0631\u0643: \u0625\u0630\u0627 \u0634\u0639\u0631\u062a\u0650 \u0628\u0631\u0627\u062d\u0629 \u062a\u0627\u0645\u0629 (\u0628\u062f\u0648\u0646 \u0636\u063a\u0637 \u0639\u0644\u0649 \u062c\u0627\u0646\u0628\u064a\u0643\u0650 \u0623\u0648 \u0631\u063a\u0628\u0629 \u0641\u064a \u062a\u0639\u062f\u064a\u0644\u0647)\u060c \u0641\u0647\u0630\u0647 \u0647\u064a \u0642\u0648\u0629 \u0628\u0644\u0627\u0646\u0643\u0627. \u0625\u0646\u0647 \u0646\u0648\u0639 \u0645\u0646 \u0627\u0644\u0642\u0637\u0646 \u0646\u0627\u0639\u0645 \u0648\u0646\u0638\u064a\u0641\u060c \u0648\u0643\u0623\u0646 \u062c\u0633\u0645\u0643\u0650 \u0641\u064a \u062d\u0627\u0644\u0629 \u0627\u0633\u062a\u0631\u062e\u0627\u0621.<\/p>\n<p>\ud83d\udccf \u0645\u0644\u0627\u062d\u0638\u0629: \u0644\u0644\u0639\u062b\u0648\u0631 \u0639\u0644\u0649 \u0627\u0644\u0645\u0642\u0627\u0633 \u0627\u0644\u0645\u0646\u0627\u0633\u0628\u060c \u0642\u064a\u0633\u064a \u0645\u062d\u064a\u0637 \u0623\u0633\u0641\u0644 \u0635\u062f\u0631\u0643\u0650 \u0648\u0642\u0627\u0631\u0646\u064a\u0647 \u0628\u0627\u0644\u062f\u0644\u064a\u0644\u061b \u0625\u0630\u0627 \u0643\u0627\u0646 \u0645\u0642\u0627\u0633\u0643\u0650 \u0628\u064a\u0646 \u0645\u0642\u0627\u0633\u064a\u0646 \u0648\u062a\u0631\u063a\u0628\u064a\u0646 \u0641\u064a \u0645\u0642\u0627\u0633 \u0623\u0643\u062b\u0631 \u0631\u0627\u062d\u0629\u060c \u0641\u0627\u062e\u062a\u0627\u0631\u064a \u0627\u0644\u0645\u0642\u0627\u0633 \u0627\u0644\u0623\u0643\u0628\u0631. \u0633\u064a\u0642\u0644\u0644 \u0647\u0630\u0627 \u0645\u0646 \u0623\u062e\u0637\u0627\u0621 \u0627\u0644\u0645\u0642\u0627\u0633 \u0648\u064a\u0636\u0645\u0646 \u0644\u0643\u0650 \u0627\u0644\u062d\u0635\u0648\u0644 \u0639\u0644\u0649 \u0627\u0644\u0645\u0642\u0627\u0633 \u0627\u0644\u0635\u062d\u064a\u062d \u0645\u0646 \u0627\u0644\u0645\u0631\u0629 \u0627\u0644\u0623\u0648\u0644\u0649.<\/p>\n<p>\u0627\u0644\u062a\u0631\u0643\u064a\u0628: \u0642\u0637\u0646 95%\u060c \u0625\u064a\u0644\u0627\u0633\u062a\u064a\u0646 5%<\/p>\n<p>\ud83c\udf3f \u0646\u0627\u0639\u0645 \u0648\u0646\u0638\u064a\u0641 \u0648\u0633\u0647\u0644... \u0643\u0645\u0627 \u064a\u0646\u0628\u063a\u064a \u0623\u0646 \u062a\u0643\u0648\u0646 \u0627\u0644\u062d\u064a\u0627\u0629 \u0627\u0644\u064a\u0648\u0645\u064a\u0629.<\/p>","protected":false},"excerpt":{"rendered":"<p>El sujetador Selene modelo Blanca es una apuesta segura cuando lo que buscas es comodidad real con una ca\u00edda bonita y una sensaci\u00f3n suave en la piel. Su tejido de algod\u00f3n aporta un tacto agradable y natural, ideal para el uso diario, y su dise\u00f1o est\u00e1 pensado para acompa\u00f1arte sin apretar, sin marcar y sin [&hellip;]<\/p>\n","protected":false},"featured_media":2349,"comment_status":"open","ping_status":"closed","template":"","meta":{"content-type":""},"product_brand":[55],"product_cat":[25,20],"product_tag":[56,60],"class_list":{"0":"post-745","1":"product","2":"type-product","3":"status-publish","4":"has-post-thumbnail","6":"product_brand-selene","7":"product_cat-sin-aros","8":"product_cat-sujetador","9":"product_tag-sujetador","10":"product_tag-sujetador-sin-aros","12":"first","13":"instock","14":"taxable","15":"shipping-taxable","16":"purchasable","17":"product-type-variable"},"supplier_id":null,"supplier_sku":"","barcode":null,"atum_controlled":true,"out_stock_date":null,"out_stock_threshold":null,"inheritable":true,"inbound_stock":0,"stock_on_hold":0,"sold_today":0,"sales_last_days":0,"reserved_stock":0,"customer_returns":0,"warehouse_damage":0,"lost_in_post":0,"other_logs":0,"out_stock_days":0,"lost_sales":0,"has_location":false,"update_date":"2026-01-07T20:15:54","atum_locations":[],"atum_stock_status":"instock","restock_status":false,"low_stock_amount":"","sales_update_date":"2025-08-19T02:35:53","calc_backorders":null,"yoast_head":"<!-- This site is optimized with the Yoast SEO plugin v27.4 - https:\/\/yoast.com\/product\/yoast-seo-wordpress\/ -->\n<title>Sujetador Selene Blanca - Rosana CL<\/title>\n<meta name=\"robots\" content=\"index, follow, max-snippet:-1, max-image-preview:large, max-video-preview:-1\" \/>\n<link rel=\"canonical\" href=\"https:\/\/rosanacl.com\/ar\/product\/sujetador-modelo-blanca\/\" \/>\n<meta property=\"og:locale\" content=\"ar_AR\" \/>\n<meta property=\"og:type\" content=\"article\" \/>\n<meta property=\"og:title\" content=\"Sujetador Selene Blanca - Rosana CL\" \/>\n<meta property=\"og:description\" content=\"El sujetador Selene modelo Blanca es una apuesta segura cuando lo que buscas es comodidad real con una ca\u00edda bonita y una sensaci\u00f3n suave en la piel. Su tejido de algod\u00f3n aporta un tacto agradable y natural, ideal para el uso diario, y su dise\u00f1o est\u00e1 pensado para acompa\u00f1arte sin apretar, sin marcar y sin [&hellip;]\" \/>\n<meta property=\"og:url\" content=\"https:\/\/rosanacl.com\/ar\/product\/sujetador-modelo-blanca\/\" \/>\n<meta property=\"og:site_name\" content=\"Rosana CL\" \/>\n<meta property=\"article:modified_time\" content=\"2026-01-07T20:15:53+00:00\" \/>\n<meta property=\"og:image\" content=\"https:\/\/rosanacl.com\/wp-content\/uploads\/2025\/04\/1-1-e1756816629750.jpg\" \/>\n\t<meta property=\"og:image:width\" content=\"881\" \/>\n\t<meta property=\"og:image:height\" content=\"1093\" \/>\n\t<meta property=\"og:image:type\" content=\"image\/jpeg\" \/>\n<meta name=\"twitter:card\" content=\"summary_large_image\" \/>\n<meta name=\"twitter:label1\" content=\"\u0648\u0642\u062a \u0627\u0644\u0642\u0631\u0627\u0621\u0629 \u0627\u0644\u0645\u064f\u0642\u062f\u0651\u0631\" \/>\n\t<meta name=\"twitter:data1\" content=\"\u062f\u0642\u064a\u0642\u062a\u0627\u0646\" \/>\n<script type=\"application\/ld+json\" class=\"yoast-schema-graph\">{\"@context\":\"https:\\\/\\\/schema.org\",\"@graph\":[{\"@type\":\"WebPage\",\"@id\":\"https:\\\/\\\/rosanacl.com\\\/producto\\\/sujetador-modelo-blanca\\\/\",\"url\":\"https:\\\/\\\/rosanacl.com\\\/producto\\\/sujetador-modelo-blanca\\\/\",\"name\":\"Sujetador Selene Blanca - Rosana CL\",\"isPartOf\":{\"@id\":\"https:\\\/\\\/rosanacl.com\\\/ca\\\/#website\"},\"primaryImageOfPage\":{\"@id\":\"https:\\\/\\\/rosanacl.com\\\/producto\\\/sujetador-modelo-blanca\\\/#primaryimage\"},\"image\":{\"@id\":\"https:\\\/\\\/rosanacl.com\\\/producto\\\/sujetador-modelo-blanca\\\/#primaryimage\"},\"thumbnailUrl\":\"https:\\\/\\\/rosanacl.com\\\/wp-content\\\/uploads\\\/2025\\\/04\\\/1-1-e1756816629750.jpg\",\"datePublished\":\"2025-04-29T17:52:29+00:00\",\"dateModified\":\"2026-01-07T20:15:53+00:00\",\"breadcrumb\":{\"@id\":\"https:\\\/\\\/rosanacl.com\\\/producto\\\/sujetador-modelo-blanca\\\/#breadcrumb\"},\"inLanguage\":\"ar\",\"potentialAction\":[{\"@type\":\"ReadAction\",\"target\":[\"https:\\\/\\\/rosanacl.com\\\/producto\\\/sujetador-modelo-blanca\\\/\"]}]},{\"@type\":\"ImageObject\",\"inLanguage\":\"ar\",\"@id\":\"https:\\\/\\\/rosanacl.com\\\/producto\\\/sujetador-modelo-blanca\\\/#primaryimage\",\"url\":\"https:\\\/\\\/rosanacl.com\\\/wp-content\\\/uploads\\\/2025\\\/04\\\/1-1-e1756816629750.jpg\",\"contentUrl\":\"https:\\\/\\\/rosanacl.com\\\/wp-content\\\/uploads\\\/2025\\\/04\\\/1-1-e1756816629750.jpg\",\"width\":881,\"height\":1093},{\"@type\":\"BreadcrumbList\",\"@id\":\"https:\\\/\\\/rosanacl.com\\\/producto\\\/sujetador-modelo-blanca\\\/#breadcrumb\",\"itemListElement\":[{\"@type\":\"ListItem\",\"position\":1,\"name\":\"Portada\",\"item\":\"https:\\\/\\\/rosanacl.com\\\/ca\\\/\"},{\"@type\":\"ListItem\",\"position\":2,\"name\":\"Tienda\",\"item\":\"https:\\\/\\\/rosanacl.com\\\/ca\\\/tienda\\\/\"},{\"@type\":\"ListItem\",\"position\":3,\"name\":\"Sujetador Selene Blanca\"}]},{\"@type\":\"WebSite\",\"@id\":\"https:\\\/\\\/rosanacl.com\\\/ca\\\/#website\",\"url\":\"https:\\\/\\\/rosanacl.com\\\/ca\\\/\",\"name\":\"Rosana CL\",\"description\":\"Somos tu interior\",\"potentialAction\":[{\"@type\":\"SearchAction\",\"target\":{\"@type\":\"EntryPoint\",\"urlTemplate\":\"https:\\\/\\\/rosanacl.com\\\/ca\\\/?s={search_term_string}\"},\"query-input\":{\"@type\":\"PropertyValueSpecification\",\"valueRequired\":true,\"valueName\":\"search_term_string\"}}],\"inLanguage\":\"ar\"}]}<\/script>\n<!-- \/ Yoast SEO plugin. -->","yoast_head_json":{"title":"Sujetador Selene Blanca - Rosana CL","robots":{"index":"index","follow":"follow","max-snippet":"max-snippet:-1","max-image-preview":"max-image-preview:large","max-video-preview":"max-video-preview:-1"},"canonical":"https:\/\/rosanacl.com\/ar\/product\/sujetador-modelo-blanca\/","og_locale":"ar_AR","og_type":"article","og_title":"Sujetador Selene Blanca - Rosana CL","og_description":"El sujetador Selene modelo Blanca es una apuesta segura cuando lo que buscas es comodidad real con una ca\u00edda bonita y una sensaci\u00f3n suave en la piel. Su tejido de algod\u00f3n aporta un tacto agradable y natural, ideal para el uso diario, y su dise\u00f1o est\u00e1 pensado para acompa\u00f1arte sin apretar, sin marcar y sin [&hellip;]","og_url":"https:\/\/rosanacl.com\/ar\/product\/sujetador-modelo-blanca\/","og_site_name":"Rosana CL","article_modified_time":"2026-01-07T20:15:53+00:00","og_image":[{"width":881,"height":1093,"url":"https:\/\/rosanacl.com\/wp-content\/uploads\/2025\/04\/1-1-e1756816629750.jpg","type":"image\/jpeg"}],"twitter_card":"summary_large_image","twitter_misc":{"\u0648\u0642\u062a \u0627\u0644\u0642\u0631\u0627\u0621\u0629 \u0627\u0644\u0645\u064f\u0642\u062f\u0651\u0631":"\u062f\u0642\u064a\u0642\u062a\u0627\u0646"},"schema":{"@context":"https:\/\/schema.org","@graph":[{"@type":"WebPage","@id":"https:\/\/rosanacl.com\/producto\/sujetador-modelo-blanca\/","url":"https:\/\/rosanacl.com\/producto\/sujetador-modelo-blanca\/","name":"Sujetador Selene Blanca - Rosana CL","isPartOf":{"@id":"https:\/\/rosanacl.com\/ca\/#website"},"primaryImageOfPage":{"@id":"https:\/\/rosanacl.com\/producto\/sujetador-modelo-blanca\/#primaryimage"},"image":{"@id":"https:\/\/rosanacl.com\/producto\/sujetador-modelo-blanca\/#primaryimage"},"thumbnailUrl":"https:\/\/rosanacl.com\/wp-content\/uploads\/2025\/04\/1-1-e1756816629750.jpg","datePublished":"2025-04-29T17:52:29+00:00","dateModified":"2026-01-07T20:15:53+00:00","breadcrumb":{"@id":"https:\/\/rosanacl.com\/producto\/sujetador-modelo-blanca\/#breadcrumb"},"inLanguage":"ar","potentialAction":[{"@type":"ReadAction","target":["https:\/\/rosanacl.com\/producto\/sujetador-modelo-blanca\/"]}]},{"@type":"ImageObject","inLanguage":"ar","@id":"https:\/\/rosanacl.com\/producto\/sujetador-modelo-blanca\/#primaryimage","url":"https:\/\/rosanacl.com\/wp-content\/uploads\/2025\/04\/1-1-e1756816629750.jpg","contentUrl":"https:\/\/rosanacl.com\/wp-content\/uploads\/2025\/04\/1-1-e1756816629750.jpg","width":881,"height":1093},{"@type":"BreadcrumbList","@id":"https:\/\/rosanacl.com\/producto\/sujetador-modelo-blanca\/#breadcrumb","itemListElement":[{"@type":"ListItem","position":1,"name":"Portada","item":"https:\/\/rosanacl.com\/ca\/"},{"@type":"ListItem","position":2,"name":"Tienda","item":"https:\/\/rosanacl.com\/ca\/tienda\/"},{"@type":"ListItem","position":3,"name":"Sujetador Selene Blanca"}]},{"@type":"WebSite","@id":"https:\/\/rosanacl.com\/ca\/#website","url":"https:\/\/rosanacl.com\/ca\/","name":"\u0631\u0648\u0632\u0627\u0646\u0627 \u0633\u064a \u0625\u0644","description":"Somos tu interior","potentialAction":[{"@type":"SearchAction","target":{"@type":"EntryPoint","urlTemplate":"https:\/\/rosanacl.com\/ca\/?s={search_term_string}"},"query-input":{"@type":"PropertyValueSpecification","valueRequired":true,"valueName":"search_term_string"}}],"inLanguage":"ar"}]}},"_links":{"self":[{"href":"https:\/\/rosanacl.com\/ar\/wp-json\/wp\/v2\/product\/745","targetHints":{"allow":["GET"]}}],"collection":[{"href":"https:\/\/rosanacl.com\/ar\/wp-json\/wp\/v2\/product"}],"about":[{"href":"https:\/\/rosanacl.com\/ar\/wp-json\/wp\/v2\/types\/product"}],"replies":[{"embeddable":true,"href":"https:\/\/rosanacl.com\/ar\/wp-json\/wp\/v2\/comments?post=745"}],"version-history":[{"count":5,"href":"https:\/\/rosanacl.com\/ar\/wp-json\/wp\/v2\/product\/745\/revisions"}],"predecessor-version":[{"id":4616,"href":"https:\/\/rosanacl.com\/ar\/wp-json\/wp\/v2\/product\/745\/revisions\/4616"}],"wp:featuredmedia":[{"embeddable":true,"href":"https:\/\/rosanacl.com\/ar\/wp-json\/wp\/v2\/media\/2349"}],"wp:attachment":[{"href":"https:\/\/rosanacl.com\/ar\/wp-json\/wp\/v2\/media?parent=745"}],"wp:term":[{"taxonomy":"product_brand","embeddable":true,"href":"https:\/\/rosanacl.com\/ar\/wp-json\/wp\/v2\/product_brand?post=745"},{"taxonomy":"product_cat","embeddable":true,"href":"https:\/\/rosanacl.com\/ar\/wp-json\/wp\/v2\/product_cat?post=745"},{"taxonomy":"product_tag","embeddable":true,"href":"https:\/\/rosanacl.com\/ar\/wp-json\/wp\/v2\/product_tag?post=745"}],"curies":[{"name":"wp","href":"https:\/\/api.w.org\/{rel}","templated":true}]}}