{"id":21,"date":"2025-03-28T16:06:23","date_gmt":"2025-03-28T19:06:23","guid":{"rendered":"https:\/\/innovacon.simplificandotuweb.com\/?page_id=21"},"modified":"2025-05-10T02:25:08","modified_gmt":"2025-05-10T00:25:08","slug":"declaracion-de-accesibilidad","status":"publish","type":"page","link":"https:\/\/rosanacl.com\/be\/declaracion-de-accesibilidad\/","title":{"rendered":"\u0417\u0430\u044f\u0432\u0430 \u0430\u0431 \u0434\u0430\u0441\u0442\u0443\u043f\u043d\u0430\u0441\u0446\u0456"},"content":{"rendered":"<div data-elementor-type=\"wp-page\" data-elementor-id=\"21\" class=\"elementor elementor-21\" data-elementor-post-type=\"page\">\n\t\t\t\t<div class=\"elementor-element elementor-element-eb41712 e-flex e-con-boxed e-con e-parent\" data-id=\"eb41712\" data-element_type=\"container\" data-e-type=\"container\" data-settings=\"{&quot;background_background&quot;:&quot;classic&quot;}\">\n\t\t\t\t\t<div class=\"e-con-inner\">\n\t\t<div class=\"elementor-element elementor-element-394e804 e-con-full e-flex e-con e-child\" data-id=\"394e804\" data-element_type=\"container\" data-e-type=\"container\">\n\t\t\t\t<div class=\"elementor-element elementor-element-4858173 elementor-widget elementor-widget-heading\" data-id=\"4858173\" data-element_type=\"widget\" data-e-type=\"widget\" data-widget_type=\"heading.default\">\n\t\t\t\t<div class=\"elementor-widget-container\">\n\t\t\t\t\t<h2 class=\"elementor-heading-title elementor-size-default\">\u0417\u0430\u044f\u0432\u0430 \u0430\u0431 \u0434\u0430\u0441\u0442\u0443\u043f\u043d\u0430\u0441\u0446\u0456<\/h2>\t\t\t\t<\/div>\n\t\t\t\t<\/div>\n\t\t\t\t<\/div>\n\t\t\t\t\t<\/div>\n\t\t\t\t<\/div>\n\t\t<div class=\"elementor-element elementor-element-3c3c9a51 e-flex e-con-boxed e-con e-parent\" data-id=\"3c3c9a51\" data-element_type=\"container\" data-e-type=\"container\">\n\t\t\t\t\t<div class=\"e-con-inner\">\n\t\t\t\t<div class=\"elementor-element elementor-element-d37677a elementor-widget elementor-widget-text-editor\" data-id=\"d37677a\" data-element_type=\"widget\" data-e-type=\"widget\" data-widget_type=\"text-editor.default\">\n\t\t\t\t<div class=\"elementor-widget-container\">\n\t\t\t\t\t\t\t\t\t\n<p>PABLO ANGULO MASPONS \u0456\u043c\u043a\u043d\u0435\u0446\u0446\u0430 \u0437\u0440\u0430\u0431\u0456\u0446\u044c \u0441\u0432\u043e\u0439 \u0432\u044d\u0431-\u0441\u0430\u0439\u0442 \u0434\u0430\u0441\u0442\u0443\u043f\u043d\u044b\u043c \u0443 \u0430\u0434\u043f\u0430\u0432\u0435\u0434\u043d\u0430\u0441\u0446\u0456 \u0437 \u041a\u0430\u0440\u0430\u043b\u0435\u045e\u0441\u043a\u0456\u043c \u0443\u043a\u0430\u0437\u0430\u043c 1112\/2018 \u0430\u0434 7 \u0432\u0435\u0440\u0430\u0441\u043d\u044f \u0430\u0431 \u0434\u0430\u0441\u0442\u0443\u043f\u043d\u0430\u0441\u0446\u0456 \u0432\u044d\u0431-\u0441\u0430\u0439\u0442\u0430\u045e \u0456 \u043c\u0430\u0431\u0456\u043b\u044c\u043d\u044b\u0445 \u043f\u0440\u044b\u043a\u043b\u0430\u0434\u0430\u043d\u043d\u044f\u045e \u0443 \u0434\u0437\u044f\u0440\u0436\u0430\u045e\u043d\u044b\u043c \u0441\u0435\u043a\u0442\u0430\u0440\u044b. \u0413\u044d\u0442\u0430 \u0437\u0430\u044f\u0432\u0430 \u0430\u0431 \u0434\u0430\u0441\u0442\u0443\u043f\u043d\u0430\u0441\u0446\u0456 \u0440\u0430\u0441\u043f\u0430\u045e\u0441\u044e\u0434\u0436\u0432\u0430\u0435\u0446\u0446\u0430 \u043d\u0430 \u0433\u044d\u0442\u044b \u0432\u044d\u0431-\u0441\u0430\u0439\u0442.<\/p>\n\n<p><strong>\u0421\u0442\u0430\u043d \u0430\u0434\u043f\u0430\u0432\u0435\u0434\u043d\u0430\u0441\u0446\u0456<\/strong><\/p>\n\n<p>\u0413\u044d\u0442\u044b \u0432\u044d\u0431-\u0441\u0430\u0439\u0442 \u0440\u0430\u0441\u043f\u0440\u0430\u0446\u0430\u0432\u0430\u043d\u044b \u045e \u0430\u0434\u043f\u0430\u0432\u0435\u0434\u043d\u0430\u0441\u0446\u0456 \u0437 RD 1112\/2018<\/p>\n\n<p><strong>\u041f\u0430\u0434\u0440\u044b\u0445\u0442\u043e\u045e\u043a\u0430 \u0434\u0430 \u043d\u0430\u0441\u0442\u0443\u043f\u043d\u0430\u0439 \u0437\u0430\u044f\u0432\u044b \u0430\u0431 \u0434\u0430\u0441\u0442\u0443\u043f\u043d\u0430\u0441\u0446\u0456<\/strong><\/p>\n\n<p>\u0413\u044d\u0442\u0430\u044f \u0437\u0430\u044f\u0432\u0430 \u0431\u044b\u043b\u0430 \u043f\u0430\u0434\u0440\u044b\u0445\u0442\u0430\u0432\u0430\u043d\u0430 20 \u043a\u0440\u0430\u0441\u0430\u0432\u0456\u043a\u0430 2023 \u0433\u043e\u0434\u0430. \u0414\u043b\u044f \u043f\u0430\u0434\u0440\u044b\u0445\u0442\u043e\u045e\u043a\u0456 \u0437\u0430\u044f\u0432\u044b \u0432\u044b\u043a\u0430\u0440\u044b\u0441\u0442\u043e\u045e\u0432\u0430\u045e\u0441\u044f \u043c\u0435\u0442\u0430\u0434 \u0441\u0430\u043c\u0430\u0430\u0446\u044d\u043d\u043a\u0456.<\/p>\n\n<p><strong>\u041a\u0430\u043c\u0435\u043d\u0442\u0430\u0440\u044b\u0456 \u0456 \u043a\u0430\u043d\u0442\u0430\u043a\u0442\u043d\u0430\u044f \u0456\u043d\u0444\u0430\u0440\u043c\u0430\u0446\u044b\u044f<\/strong><\/p>\n\n<p>\u0412\u044b \u043c\u043e\u0436\u0430\u0446\u0435 \u0440\u0430\u0431\u0456\u0446\u044c \u043f\u0430\u0432\u0435\u0434\u0430\u043c\u043b\u0435\u043d\u043d\u0456 \u0430\u0431 \u043f\u0430\u0442\u0440\u0430\u0431\u0430\u0432\u0430\u043d\u043d\u044f\u0445 \u0434\u0430\u0441\u0442\u0443\u043f\u043d\u0430\u0441\u0446\u0456 (\u0430\u0440\u0442\u044b\u043a\u0443\u043b 10.2.a RD 1112\/2018), \u043d\u0430\u043f\u0440\u044b\u043a\u043b\u0430\u0434:<\/p>\n\n<ul class=\"wp-block-list\">\n<li>\u041f\u0430\u0432\u0435\u0434\u0430\u043c\u043b\u044f\u0439\u0446\u0435 \u043f\u0440\u0430 \u043b\u044e\u0431\u044b\u044f \u043f\u0430\u0442\u044d\u043d\u0446\u044b\u0439\u043d\u044b\u044f \u045e\u0446\u0435\u0447\u043a\u0456 \u0437 \u0431\u043e\u043a\u0443 \u0433\u044d\u0442\u0430\u0433\u0430 \u0432\u044d\u0431-\u0441\u0430\u0439\u0442\u0430<\/li>\n\n<li>\u041f\u0430\u0432\u0435\u0434\u0430\u043c\u043b\u044f\u0439\u0446\u0435 \u043f\u0440\u0430 \u0456\u043d\u0448\u044b\u044f \u0446\u044f\u0436\u043a\u0430\u0441\u0446\u0456 \u0437 \u0434\u043e\u0441\u0442\u0443\u043f\u0430\u043c \u0434\u0430 \u043a\u0430\u043d\u0442\u044d\u043d\u0442\u0443<\/li>\n\n<li>\u0417 \u043b\u044e\u0431\u044b\u043c\u0456 \u0456\u043d\u0448\u044b\u043c\u0456 \u043f\u044b\u0442\u0430\u043d\u043d\u044f\u043c\u0456 \u0430\u0431\u043e \u043f\u0440\u0430\u043f\u0430\u043d\u043e\u0432\u0430\u043c\u0456 \u043f\u0430 \u043f\u0430\u043b\u044f\u043f\u0448\u044d\u043d\u043d\u0456 \u0434\u0430\u0441\u0442\u0443\u043f\u043d\u0430\u0441\u0446\u0456 \u0432\u044d\u0431-\u0441\u0430\u0439\u0442\u0430 \u0437\u0432\u044f\u0440\u0442\u0430\u0439\u0446\u0435\u0441\u044f \u043f\u0440\u0430\u0437 \u043a\u0430\u043d\u0442\u0430\u043a\u0442\u043d\u0443\u044e \u0444\u043e\u0440\u043c\u0443 \u043d\u0430 \u0433\u044d\u0442\u044b\u043c \u0432\u044d\u0431-\u0441\u0430\u0439\u0446\u0435 \u0430\u0431\u043e \u043f\u0430 \u0442\u044d\u043b\u0435\u0444\u043e\u043d\u0435\u00a0<\/li>\n<\/ul>\n\n<p>\u0412\u044b \u043c\u043e\u0436\u0430\u0446\u0435 \u043f\u0440\u0430\u0434\u0441\u0442\u0430\u0432\u0456\u0446\u044c:<\/p>\n\n<ul class=\"wp-block-list\">\n<li>\u0421\u043a\u0430\u0440\u0433\u0430 \u0430\u0434\u043d\u043e\u0441\u043d\u0430 \u0432\u044b\u043a\u0430\u043d\u0430\u043d\u043d\u044f \u043f\u0430\u0442\u0440\u0430\u0431\u0430\u0432\u0430\u043d\u043d\u044f\u045e \u0420\u0414 1112\/2018<\/li>\n\n<li>\u0417\u0430\u043f\u044b\u0442 \u043d\u0430 \u0434\u0430\u0441\u0442\u0443\u043f\u043d\u0443\u044e \u0456\u043d\u0444\u0430\u0440\u043c\u0430\u0446\u044b\u044e \u0430\u0434\u043d\u043e\u0441\u043d\u0430:\n<ul class=\"wp-block-list\">\n<li>\u0417\u043c\u0435\u0441\u0442, \u044f\u043a\u0456 \u0432\u044b\u043a\u043b\u044e\u0447\u0430\u043d\u044b \u0441\u0430 \u0441\u0444\u0435\u0440\u044b \u043f\u0440\u044b\u043c\u044f\u043d\u0435\u043d\u043d\u044f RD 1112\/2018 \u0443 \u0430\u0434\u043f\u0430\u0432\u0435\u0434\u043d\u0430\u0441\u0446\u0456 \u0437 \u0442\u044b\u043c, \u0448\u0442\u043e \u045e\u0441\u0442\u0430\u043d\u043e\u045e\u043b\u0435\u043d\u0430 \u045e \u0430\u0440\u0442\u044b\u043a\u0443\u043b\u0435 3, \u0440\u0430\u0437\u0434\u0437\u0435\u043b\u0435 4<\/li>\n\n<li>\u041a\u0430\u043d\u0442\u044d\u043d\u0442, \u0432\u044b\u0437\u0432\u0430\u043b\u0435\u043d\u044b \u0430\u0434 \u043f\u0430\u0442\u0440\u0430\u0431\u0430\u0432\u0430\u043d\u043d\u044f\u045e \u0434\u0430\u0441\u0442\u0443\u043f\u043d\u0430\u0441\u0446\u0456 \u0437-\u0437\u0430 \u043d\u0435\u043f\u0440\u0430\u043f\u0430\u0440\u0446\u044b\u0439\u043d\u0430\u0439 \u043d\u0430\u0433\u0440\u0443\u0437\u043a\u0456<\/li>\n\n<li>\u0423 \u0437\u0430\u043f\u044b\u0446\u0435 \u043d\u0430 \u0434\u0430\u0441\u0442\u0443\u043f\u043d\u0443\u044e \u0456\u043d\u0444\u0430\u0440\u043c\u0430\u0446\u044b\u044e \u043f\u0430\u0432\u0456\u043d\u043d\u044b \u0431\u044b\u0446\u044c \u0432\u044b\u0440\u0430\u0437\u043d\u0430 \u0432\u044b\u043a\u043b\u0430\u0434\u0437\u0435\u043d\u044b \u0444\u0430\u043a\u0442\u044b, \u043f\u0440\u044b\u0447\u044b\u043d\u044b \u0456 \u0437\u0430\u043f\u044b\u0442, \u043a\u0430\u0431 \u043f\u0430\u0446\u0432\u0435\u0440\u0434\u0437\u0456\u0446\u044c \u044f\u0433\u043e \u0430\u0431\u0433\u0440\u0443\u043d\u0442\u0430\u0432\u0430\u043d\u0430\u0441\u0446\u044c \u0456 \u0437\u0430\u043a\u043e\u043d\u043d\u0430\u0441\u0446\u044c.<\/li>\n<\/ul>\n<\/li>\n<\/ul>\n\n<p>\u0421\u043a\u0430\u0440\u0433\u0456 \u0456 \u043f\u0440\u044d\u0442\u044d\u043d\u0437\u0456\u0456 \u0430\u0434\u043d\u043e\u0441\u043d\u0430 \u0434\u0430\u0441\u0442\u0443\u043f\u043d\u0430\u0439 \u0456\u043d\u0444\u0430\u0440\u043c\u0430\u0446\u044b\u0456 \u0431\u0443\u0434\u0443\u0446\u044c \u043f\u0430\u0434\u0430\u0432\u0430\u0446\u0446\u0430 \u043f\u0440\u0430\u0437 \u044d\u043b\u0435\u043a\u0442\u0440\u043e\u043d\u043d\u044b \u0441\u0430\u0439\u0442 (https:\/\/sede.red.gob.es\/procedimientos\/quejas-y-sugerencias) \u0456 \u0431\u0443\u0434\u0443\u0446\u044c \u0430\u0442\u0440\u044b\u043c\u0430\u043d\u044b \u0456 \u0430\u043f\u0440\u0430\u0446\u0430\u0432\u0430\u043d\u044b \u0430\u0434\u0434\u0437\u0435\u043b\u0430\u043c \u0456\u043d\u0444\u0430\u0440\u043c\u0430\u0446\u044b\u0439\u043d\u044b\u0445 \u0441\u0456\u0441\u0442\u044d\u043c Red.es.<\/p>\n\n<p><strong>\u0414\u0430\u0434\u0430\u0442\u043a\u043e\u0432\u044b \u043a\u0430\u043d\u0442\u044d\u043d\u0442<\/strong><\/p>\n\n<ul class=\"wp-block-list\">\n<li>\u041a\u0430\u0431 \u0437\u043c\u044f\u043d\u0456\u0446\u044c \u043f\u0430\u043c\u0435\u0440 \u0448\u0440\u044b\u0444\u0442\u0430 \u045e \u0430\u0441\u043d\u043e\u045e\u043d\u044b\u0445 \u0433\u0440\u0430\u0444\u0456\u0447\u043d\u044b\u0445 \u0431\u0440\u0430\u045e\u0437\u0435\u0440\u0430\u0445, \u0432\u044b\u043a\u0430\u0440\u044b\u0441\u0442\u043e\u045e\u0432\u0430\u0439\u0446\u0435 \u043d\u0430\u0441\u0442\u0443\u043f\u043d\u044b\u044f \u043c\u0435\u043d\u044e:<\/li>\n\n<li>Safari: \u0412\u044b\u0433\u043b\u044f\u0434 &gt; \u041f\u0430\u0432\u044f\u043b\u0456\u0447\u044b\u0446\u044c \u0442\u044d\u043a\u0441\u0442<\/li>\n\n<li>Chrome: \u041a\u0456\u0440\u0430\u0432\u0430\u043d\u043d\u0435 \u0431\u044f\u0433\u0443\u0447\u0430\u0439 \u0441\u0442\u0430\u0440\u043e\u043d\u043a\u0430\u0439 &gt; \u041f\u0430\u043c\u0435\u0440 \u0442\u044d\u043a\u0441\u0442\u0443<\/li>\n<\/ul>\n\n<p>\u041a\u0430\u0431 \u0437\u043c\u044f\u043d\u0456\u0446\u044c \u043f\u0430\u043c\u0435\u0440 \u0443\u0441\u044f\u0433\u043e \u043d\u0430 \u0441\u0442\u0430\u0440\u043e\u043d\u0446\u044b:<\/p>\n\n<ul class=\"wp-block-list\">\n<li>Ctrl++ \u0434\u043b\u044f \u043f\u0430\u0432\u0435\u043b\u0456\u0447\u044d\u043d\u043d\u044f<\/li>\n\n<li>Ctrl + \u2013 \u043a\u0430\u0431 \u043f\u0430\u043c\u0435\u043d\u0448\u044b\u0446\u044c \u044f\u0433\u043e<\/li>\n\n<li>Ctrl + 0 \u0430\u0434\u043d\u0430\u045e\u043b\u044f\u0435 \u043f\u0435\u0440\u0448\u0430\u043f\u0430\u0447\u0430\u0442\u043a\u043e\u0432\u044b \u043f\u0430\u043c\u0435\u0440 \u0442\u044d\u043a\u0441\u0442\u0443<\/li>\n\n<li>\u041a\u0430\u043b\u0456 \u0432\u044b \u0445\u043e\u0447\u0430\u0446\u0435 \u0437\u043c\u044f\u043d\u0456\u0446\u044c \u0442\u0430\u0431\u043b\u0456\u0446\u0443 \u0441\u0442\u044b\u043b\u044f\u045e \u0430\u0431\u043e \u043a\u043e\u043b\u0435\u0440 \u0442\u044d\u043a\u0441\u0442\u0443, \u0432\u044b \u043c\u043e\u0436\u0430\u0446\u0435 \u0437\u0432\u044f\u0440\u043d\u0443\u0446\u0446\u0430 \u0434\u0430 \u0441\u0442\u0430\u0440\u043e\u043d\u043a\u0456 WAI &quot;\u042f\u043a \u0437\u043c\u044f\u043d\u0456\u0446\u044c \u043f\u0430\u043c\u0435\u0440 \u0442\u044d\u043a\u0441\u0442\u0443 \u0430\u0431\u043e \u043a\u043e\u043b\u0435\u0440\u044b&quot;, \u044f\u043a\u0443\u044e \u043c\u043e\u0436\u043d\u0430 \u043f\u0440\u0430\u0447\u044b\u0442\u0430\u0446\u044c \u0443 \u043f\u0435\u0440\u0430\u043a\u043b\u0430\u0434\u0437\u0435 \u043d\u0430 \u0456\u0441\u043f\u0430\u043d\u0441\u043a\u0443\u044e \u043c\u043e\u0432\u0443 \u044f\u043a &quot;\u042f\u043a \u0437\u043c\u044f\u043d\u0456\u0446\u044c \u043f\u0430\u043c\u0435\u0440 \u0442\u044d\u043a\u0441\u0442\u0443 \u0430\u0431\u043e \u043a\u043e\u043b\u0435\u0440\u044b?&quot;.<\/li>\n<\/ul>\n\t\t\t\t\t\t\t\t<\/div>\n\t\t\t\t<\/div>\n\t\t\t\t\t<\/div>\n\t\t\t\t<\/div>\n\t\t\t\t<\/div>","protected":false},"excerpt":{"rendered":"<p>PABLO ANGULO MASPONS se ha comprometido a hacer accesible su sitio web, conforme al Real Decreto 1112\/2018, de 7 de septiembre, sobre accesibilidad de los sitios web y aplicaciones para dispositivos m\u00f3viles del sector p\u00fablico. Esta declaraci\u00f3n de accesibilidad se aplica a esta web. Situaci\u00f3n de cumplimiento Este sitio web est\u00e1 desarrollado seg\u00fan el RD [&hellip;]<\/p>\n","protected":false},"author":1,"featured_media":0,"parent":0,"menu_order":0,"comment_status":"closed","ping_status":"closed","template":"","meta":{"content-type":"","footnotes":""},"class_list":["post-21","page","type-page","status-publish","hentry"],"yoast_head":"<!-- This site is optimized with the Yoast SEO plugin v27.4 - https:\/\/yoast.com\/product\/yoast-seo-wordpress\/ -->\n<title>Declaraci\u00f3n de Accesibilidad - Rosana CL<\/title>\n<meta name=\"robots\" content=\"index, follow, max-snippet:-1, max-image-preview:large, max-video-preview:-1\" \/>\n<link rel=\"canonical\" href=\"https:\/\/rosanacl.com\/be\/declaracion-de-accesibilidad\/\" \/>\n<meta property=\"og:locale\" content=\"en_US\" \/>\n<meta property=\"og:type\" content=\"article\" \/>\n<meta property=\"og:title\" content=\"Declaraci\u00f3n de Accesibilidad - Rosana CL\" \/>\n<meta property=\"og:description\" content=\"PABLO ANGULO MASPONS se ha comprometido a hacer accesible su sitio web, conforme al Real Decreto 1112\/2018, de 7 de septiembre, sobre accesibilidad de los sitios web y aplicaciones para dispositivos m\u00f3viles del sector p\u00fablico. Esta declaraci\u00f3n de accesibilidad se aplica a esta web. Situaci\u00f3n de cumplimiento Este sitio web est\u00e1 desarrollado seg\u00fan el RD [&hellip;]\" \/>\n<meta property=\"og:url\" content=\"https:\/\/rosanacl.com\/be\/declaracion-de-accesibilidad\/\" \/>\n<meta property=\"og:site_name\" content=\"Rosana CL\" \/>\n<meta property=\"article:modified_time\" content=\"2025-05-10T00:25:08+00:00\" \/>\n<meta name=\"twitter:card\" content=\"summary_large_image\" \/>\n<meta name=\"twitter:label1\" content=\"Est. reading time\" \/>\n\t<meta name=\"twitter:data1\" content=\"2 minutes\" \/>\n<script type=\"application\/ld+json\" class=\"yoast-schema-graph\">{\"@context\":\"https:\\\/\\\/schema.org\",\"@graph\":[{\"@type\":\"WebPage\",\"@id\":\"https:\\\/\\\/rosanacl.com\\\/declaracion-de-accesibilidad\\\/\",\"url\":\"https:\\\/\\\/rosanacl.com\\\/declaracion-de-accesibilidad\\\/\",\"name\":\"Declaraci\u00f3n de Accesibilidad - Rosana CL\",\"isPartOf\":{\"@id\":\"https:\\\/\\\/rosanacl.com\\\/ca\\\/#website\"},\"datePublished\":\"2025-03-28T19:06:23+00:00\",\"dateModified\":\"2025-05-10T00:25:08+00:00\",\"breadcrumb\":{\"@id\":\"https:\\\/\\\/rosanacl.com\\\/declaracion-de-accesibilidad\\\/#breadcrumb\"},\"inLanguage\":\"be\",\"potentialAction\":[{\"@type\":\"ReadAction\",\"target\":[\"https:\\\/\\\/rosanacl.com\\\/declaracion-de-accesibilidad\\\/\"]}]},{\"@type\":\"BreadcrumbList\",\"@id\":\"https:\\\/\\\/rosanacl.com\\\/declaracion-de-accesibilidad\\\/#breadcrumb\",\"itemListElement\":[{\"@type\":\"ListItem\",\"position\":1,\"name\":\"Portada\",\"item\":\"https:\\\/\\\/rosanacl.com\\\/ca\\\/\"},{\"@type\":\"ListItem\",\"position\":2,\"name\":\"Declaraci\u00f3n de Accesibilidad\"}]},{\"@type\":\"WebSite\",\"@id\":\"https:\\\/\\\/rosanacl.com\\\/ca\\\/#website\",\"url\":\"https:\\\/\\\/rosanacl.com\\\/ca\\\/\",\"name\":\"Rosana CL\",\"description\":\"Somos tu interior\",\"potentialAction\":[{\"@type\":\"SearchAction\",\"target\":{\"@type\":\"EntryPoint\",\"urlTemplate\":\"https:\\\/\\\/rosanacl.com\\\/ca\\\/?s={search_term_string}\"},\"query-input\":{\"@type\":\"PropertyValueSpecification\",\"valueRequired\":true,\"valueName\":\"search_term_string\"}}],\"inLanguage\":\"be\"}]}<\/script>\n<!-- \/ Yoast SEO plugin. -->","yoast_head_json":{"title":"Declaraci\u00f3n de Accesibilidad - Rosana CL","robots":{"index":"index","follow":"follow","max-snippet":"max-snippet:-1","max-image-preview":"max-image-preview:large","max-video-preview":"max-video-preview:-1"},"canonical":"https:\/\/rosanacl.com\/be\/declaracion-de-accesibilidad\/","og_locale":"en_US","og_type":"article","og_title":"Declaraci\u00f3n de Accesibilidad - Rosana CL","og_description":"PABLO ANGULO MASPONS se ha comprometido a hacer accesible su sitio web, conforme al Real Decreto 1112\/2018, de 7 de septiembre, sobre accesibilidad de los sitios web y aplicaciones para dispositivos m\u00f3viles del sector p\u00fablico. Esta declaraci\u00f3n de accesibilidad se aplica a esta web. Situaci\u00f3n de cumplimiento Este sitio web est\u00e1 desarrollado seg\u00fan el RD [&hellip;]","og_url":"https:\/\/rosanacl.com\/be\/declaracion-de-accesibilidad\/","og_site_name":"Rosana CL","article_modified_time":"2025-05-10T00:25:08+00:00","twitter_card":"summary_large_image","twitter_misc":{"Est. reading time":"2 minutes"},"schema":{"@context":"https:\/\/schema.org","@graph":[{"@type":"WebPage","@id":"https:\/\/rosanacl.com\/declaracion-de-accesibilidad\/","url":"https:\/\/rosanacl.com\/declaracion-de-accesibilidad\/","name":"Declaraci\u00f3n de Accesibilidad - Rosana CL","isPartOf":{"@id":"https:\/\/rosanacl.com\/ca\/#website"},"datePublished":"2025-03-28T19:06:23+00:00","dateModified":"2025-05-10T00:25:08+00:00","breadcrumb":{"@id":"https:\/\/rosanacl.com\/declaracion-de-accesibilidad\/#breadcrumb"},"inLanguage":"be","potentialAction":[{"@type":"ReadAction","target":["https:\/\/rosanacl.com\/declaracion-de-accesibilidad\/"]}]},{"@type":"BreadcrumbList","@id":"https:\/\/rosanacl.com\/declaracion-de-accesibilidad\/#breadcrumb","itemListElement":[{"@type":"ListItem","position":1,"name":"Portada","item":"https:\/\/rosanacl.com\/ca\/"},{"@type":"ListItem","position":2,"name":"Declaraci\u00f3n de Accesibilidad"}]},{"@type":"WebSite","@id":"https:\/\/rosanacl.com\/ca\/#website","url":"https:\/\/rosanacl.com\/ca\/","name":"\u0420\u0430\u0437\u0430\u043d\u0430 \u041a.\u041b.","description":"\u041c\u044b \u2014 \u0433\u044d\u0442\u0430 \u0432\u0430\u0448\u0430 \u045e\u043d\u0443\u0442\u0440\u0430\u043d\u0430\u0435 \u00ab\u044f\u00bb","potentialAction":[{"@type":"SearchAction","target":{"@type":"EntryPoint","urlTemplate":"https:\/\/rosanacl.com\/ca\/?s={search_term_string}"},"query-input":{"@type":"PropertyValueSpecification","valueRequired":true,"valueName":"search_term_string"}}],"inLanguage":"be"}]}},"_links":{"self":[{"href":"https:\/\/rosanacl.com\/be\/wp-json\/wp\/v2\/pages\/21","targetHints":{"allow":["GET"]}}],"collection":[{"href":"https:\/\/rosanacl.com\/be\/wp-json\/wp\/v2\/pages"}],"about":[{"href":"https:\/\/rosanacl.com\/be\/wp-json\/wp\/v2\/types\/page"}],"author":[{"embeddable":true,"href":"https:\/\/rosanacl.com\/be\/wp-json\/wp\/v2\/users\/1"}],"replies":[{"embeddable":true,"href":"https:\/\/rosanacl.com\/be\/wp-json\/wp\/v2\/comments?post=21"}],"version-history":[{"count":0,"href":"https:\/\/rosanacl.com\/be\/wp-json\/wp\/v2\/pages\/21\/revisions"}],"wp:attachment":[{"href":"https:\/\/rosanacl.com\/be\/wp-json\/wp\/v2\/media?parent=21"}],"curies":[{"name":"\u0432\u043f","href":"https:\/\/api.w.org\/{rel}","templated":true}]}}