{"id":62,"date":"2025-04-24T16:44:06","date_gmt":"2025-04-24T14:44:06","guid":{"rendered":"https:\/\/rosanacl.com\/?page_id=62"},"modified":"2025-09-12T11:40:29","modified_gmt":"2025-09-12T09:40:29","slug":"nosotros","status":"publish","type":"page","link":"https:\/\/rosanacl.com\/be\/nosotros\/","title":{"rendered":"\u041d\u0430\u0441"},"content":{"rendered":"<div data-elementor-type=\"wp-page\" data-elementor-id=\"62\" class=\"elementor elementor-62\" data-elementor-post-type=\"page\">\n\t\t\t\t<div class=\"elementor-element elementor-element-29758df e-flex e-con-boxed e-con e-parent\" data-id=\"29758df\" data-element_type=\"container\" data-e-type=\"container\" data-settings=\"{&quot;background_background&quot;:&quot;classic&quot;}\">\n\t\t\t\t\t<div class=\"e-con-inner\">\n\t\t<div class=\"elementor-element elementor-element-7331001 e-con-full e-flex e-con e-child\" data-id=\"7331001\" data-element_type=\"container\" data-e-type=\"container\">\n\t\t\t\t<div class=\"elementor-element elementor-element-3ad39ec elementor-widget elementor-widget-heading\" data-id=\"3ad39ec\" data-element_type=\"widget\" data-e-type=\"widget\" data-widget_type=\"heading.default\">\n\t\t\t\t<div class=\"elementor-widget-container\">\n\t\t\t\t\t<h2 class=\"elementor-heading-title elementor-size-default\">\u041d\u0430\u0441<\/h2>\t\t\t\t<\/div>\n\t\t\t\t<\/div>\n\t\t\t\t<\/div>\n\t\t\t\t\t<\/div>\n\t\t\t\t<\/div>\n\t\t<div class=\"elementor-element elementor-element-2076fcf e-flex e-con-boxed e-con e-parent\" data-id=\"2076fcf\" data-element_type=\"container\" data-e-type=\"container\">\n\t\t\t\t\t<div class=\"e-con-inner\">\n\t\t<div class=\"elementor-element elementor-element-98294d9 e-con-full e-flex e-con e-child\" data-id=\"98294d9\" data-element_type=\"container\" data-e-type=\"container\">\n\t\t\t\t<div class=\"elementor-element elementor-element-5a86561 elementor-widget elementor-widget-heading\" data-id=\"5a86561\" data-element_type=\"widget\" data-e-type=\"widget\" data-widget_type=\"heading.default\">\n\t\t\t\t<div class=\"elementor-widget-container\">\n\t\t\t\t\t<h2 class=\"elementor-heading-title elementor-size-default\">\u0411\u043e\u043b\u044c\u0448 \u0437\u0430 40 \u0433\u0430\u0434\u043e\u045e \u0432\u043e\u043f\u044b\u0442\u0443, \u043f\u0440\u044b\u0441\u0432\u0435\u0447\u0430\u043d\u0430\u0433\u0430 \u0432\u0430\u0448\u0430\u043c\u0443 \u043a\u0430\u043c\u0444\u043e\u0440\u0442\u0443 \u0456 \u0441\u0442\u044b\u043b\u044e<\/h2>\t\t\t\t<\/div>\n\t\t\t\t<\/div>\n\t\t\t\t<div class=\"elementor-element elementor-element-ab6a0aa elementor-widget elementor-widget-text-editor\" data-id=\"ab6a0aa\" data-element_type=\"widget\" data-e-type=\"widget\" data-widget_type=\"text-editor.default\">\n\t\t\t\t<div class=\"elementor-widget-container\">\n\t\t\t\t\t\t\t\t\t<p>\u0423 Rosana CL \u043c\u044b \u0441\u043f\u0435\u0446\u044b\u044f\u043b\u0456\u0437\u0443\u0435\u043c\u0441\u044f \u043d\u0430 \u043d\u0456\u0436\u043d\u044f\u0439 \u0431\u044f\u043b\u0456\u0437\u043d\u0435 \u0456 \u0433\u0430\u0440\u0441\u044d\u0442\u043d\u044b\u0445 \u0432\u044b\u0440\u0430\u0431\u0430\u0445, \u043c\u0430\u044e\u0447\u044b \u0431\u043e\u043b\u044c\u0448 \u0437\u0430 \u0447\u0430\u0442\u044b\u0440\u044b \u0434\u0437\u0435\u0441\u044f\u0446\u0456\u0433\u043e\u0434\u0434\u0437\u0456 \u0433\u0456\u0441\u0442\u043e\u0440\u044b\u0456, \u044f\u043a\u0430\u044f \u0441\u0443\u043f\u0440\u0430\u0432\u0430\u0434\u0436\u0430\u0435 \u0436\u0430\u043d\u0447\u044b\u043d \u043d\u0430 \u043a\u043e\u0436\u043d\u044b\u043c \u044d\u0442\u0430\u043f\u0435 \u0456\u0445 \u0436\u044b\u0446\u0446\u044f.<br \/>\u041d\u0430\u0448\u0430 \u0456\u043c\u043a\u043d\u0435\u043d\u043d\u0435 \u043f\u0440\u0430\u043f\u0430\u043d\u043e\u045e\u0432\u0430\u0446\u044c \u044f\u043a\u0430\u0441\u043d\u0443\u044e \u043f\u0440\u0430\u0434\u0443\u043a\u0446\u044b\u044e, \u043f\u0440\u044b\u0437\u043d\u0430\u0447\u0430\u043d\u0443\u044e \u0434\u043b\u044f \u0434\u0430\u0431\u0440\u0430\u0431\u044b\u0442\u0443 \u0456 \u043f\u0440\u044b\u0433\u0430\u0436\u043e\u0441\u0446\u0456 \u0436\u0430\u043d\u0447\u044b\u043d, \u0437\u0440\u0430\u0431\u0456\u043b\u0430 \u043d\u0430\u0441 \u043d\u0430\u0434\u0437\u0435\u0439\u043d\u044b\u043c \u044d\u0442\u0430\u043b\u043e\u043d\u0430\u043c \u0443 \u0433\u044d\u0442\u044b\u043c \u0441\u0435\u043a\u0442\u0430\u0440\u044b.<br \/>\u041c\u044b \u043f\u0440\u0430\u0446\u0443\u0435\u043c \u0432\u044b\u043a\u043b\u044e\u0447\u043d\u0430 \u0437 Selene, \u0430\u0434\u043d\u044b\u043c \u0437 \u0441\u0430\u043c\u044b\u0445 \u043f\u0440\u044d\u0441\u0442\u044b\u0436\u043d\u044b\u0445 \u043d\u0430\u0446\u044b\u044f\u043d\u0430\u043b\u044c\u043d\u044b\u0445 \u0431\u0440\u044d\u043d\u0434\u0430\u045e, \u0456 \u0437 \u043d\u0430\u0439\u0432\u044b\u0448\u044d\u0439\u0448\u0430\u0439 \u0443\u0432\u0430\u0433\u0430\u0439 \u043f\u0430\u0434\u0431\u0456\u0440\u0430\u0435\u043c \u043a\u043e\u0436\u043d\u044b \u043f\u0440\u0430\u0434\u043c\u0435\u0442 \u0430\u0434\u0437\u0435\u043d\u043d\u044f, \u043a\u0430\u0431 \u043f\u0440\u0430\u043f\u0430\u043d\u0430\u0432\u0430\u0446\u044c \u0432\u0430\u043c \u0431\u044e\u0441\u0442\u0433\u0430\u043b\u044c\u0442\u0430\u0440\u044b, \u0442\u0440\u0443\u0441\u0456\u043a\u0456 \u0456 \u0431\u043e\u0434\u0437\u0456, \u044f\u043a\u0456\u044f \u0441\u043f\u0430\u043b\u0443\u0447\u0430\u044e\u0446\u044c \u0443 \u0441\u0430\u0431\u0435 \u0434\u044b\u0437\u0430\u0439\u043d, \u0456\u043d\u0430\u0432\u0430\u0446\u044b\u0456 \u0456 \u043a\u0430\u043c\u0444\u043e\u0440\u0442.<br \/>\u041c\u044b \u043b\u0456\u0447\u044b\u043c, \u0448\u0442\u043e \u043d\u0456\u0436\u043d\u044f\u044f \u0431\u044f\u043b\u0456\u0437\u043d\u0430 \u2014 \u0433\u044d\u0442\u0430 \u0437\u043d\u0430\u0447\u043d\u0430 \u0431\u043e\u043b\u044c\u0448, \u0447\u044b\u043c \u043f\u0440\u043e\u0441\u0442\u0430 \u043d\u0435\u0430\u0431\u0445\u043e\u0434\u043d\u0430\u0441\u0446\u044c: \u0433\u044d\u0442\u0430 \u0441\u043f\u043e\u0441\u0430\u0431 \u043a\u043b\u0430\u043f\u0430\u0446\u0456\u0446\u0446\u0430 \u043f\u0440\u0430 \u0441\u044f\u0431\u0435, \u0430\u0434\u0447\u0443\u0432\u0430\u0446\u044c \u0441\u044f\u0431\u0435 \u045e\u043f\u044d\u045e\u043d\u0435\u043d\u0430 \u0456 \u0432\u044b\u043a\u0430\u0437\u0432\u0430\u0446\u044c \u0441\u0432\u0430\u044e \u0456\u043d\u0434\u044b\u0432\u0456\u0434\u0443\u0430\u043b\u044c\u043d\u0430\u0441\u0446\u044c.<br \/>\u0414\u0437\u044f\u043a\u0443\u0439 \u0437\u0430 \u0434\u0430\u0432\u0435\u0440. \u0412\u044b \u045e \u043d\u0430\u0434\u0437\u0435\u0439\u043d\u044b\u0445 \u0440\u0443\u043a\u0430\u0445.<\/p>\t\t\t\t\t\t\t\t<\/div>\n\t\t\t\t<\/div>\n\t\t\t\t<div class=\"elementor-element elementor-element-bba4d8e elementor-widget elementor-widget-heading\" data-id=\"bba4d8e\" data-element_type=\"widget\" data-e-type=\"widget\" data-widget_type=\"heading.default\">\n\t\t\t\t<div class=\"elementor-widget-container\">\n\t\t\t\t\t<h2 class=\"elementor-heading-title elementor-size-default\">\u041c\u044b \u0456\u043c\u043a\u043d\u0435\u043c\u0441\u044f \u0434\u0430 \u044f\u043a\u0430\u0441\u0446\u0456 \u0456 \u0430\u0439\u0447\u044b\u043d\u043d\u0430\u0439 \u0432\u044b\u0442\u0432\u043e\u0440\u0447\u0430\u0441\u0446\u0456\n<\/h2>\t\t\t\t<\/div>\n\t\t\t\t<\/div>\n\t\t\t\t<div class=\"elementor-element elementor-element-943d507 elementor-widget elementor-widget-text-editor\" data-id=\"943d507\" data-element_type=\"widget\" data-e-type=\"widget\" data-widget_type=\"text-editor.default\">\n\t\t\t\t<div class=\"elementor-widget-container\">\n\t\t\t\t\t\t\t\t\t<p>\u0421\u0443\u0442\u043d\u0430\u0441\u0446\u044c \u0434\u043e\u0431\u0440\u0430 \u0432\u044b\u043a\u0430\u043d\u0430\u043d\u0430\u0439 \u043f\u0440\u0430\u0446\u044b<br \/>\u0423 Rosana CL \u043c\u044b \u0446\u0432\u0451\u0440\u0434\u0430 \u0432\u0435\u0440\u044b\u043c \u0443 \u044f\u043a\u0430\u0441\u0446\u044c \u044f\u043a \u0430\u0441\u043d\u043e\u0432\u0443 \u045e\u0441\u044f\u0433\u043e, \u0448\u0442\u043e \u043c\u044b \u0440\u043e\u0431\u0456\u043c. \u0412\u043e\u0441\u044c \u0447\u0430\u043c\u0443 \u043c\u044b \u043f\u0440\u0430\u0446\u0443\u0435\u043c \u0432\u044b\u043a\u043b\u044e\u0447\u043d\u0430 \u0437 Selene, \u0431\u0440\u044d\u043d\u0434\u0430\u043c, \u044f\u043a\u0456 \u0440\u0430\u0441\u043f\u0440\u0430\u0446\u043e\u045e\u0432\u0430\u0435 \u0456 \u0432\u044b\u0440\u0430\u0431\u043b\u044f\u0435 \u045e \u0406\u0441\u043f\u0430\u043d\u0456\u0456, \u0437\u0432\u044f\u0440\u0442\u0430\u044e\u0447\u044b \u045e\u0432\u0430\u0433\u0443 \u043d\u0430 \u043a\u043e\u0436\u043d\u0443\u044e \u0434\u044d\u0442\u0430\u043b\u044c, \u043a\u0430\u0431 \u043f\u0440\u0430\u043f\u0430\u043d\u0430\u0432\u0430\u0446\u044c \u0430\u0434\u0437\u0435\u043d\u043d\u0435, \u044f\u043a\u043e\u0435 \u0441\u043f\u0430\u043b\u0443\u0447\u0430\u0435 \u045e \u0441\u0430\u0431\u0435 \u0442\u0440\u044b\u0432\u0430\u043b\u0430\u0441\u0446\u044c, \u043a\u0430\u043c\u0444\u043e\u0440\u0442 \u0456 \u043f\u0440\u044b\u0433\u0430\u0436\u043e\u0441\u0446\u044c.<br \/>\u041a\u043e\u0436\u043d\u044b \u0431\u044e\u0441\u0442\u0433\u0430\u043b\u044c\u0442\u0430\u0440, \u0442\u0440\u0443\u0441\u0456\u043a\u0456 \u0446\u0456 \u0431\u043e\u0434\u0437\u0456 \u0430\u0434\u043b\u044e\u0441\u0442\u0440\u043e\u045e\u0432\u0430\u0435 \u0432\u043e\u043f\u044b\u0442, \u043d\u0430\u0437\u0430\u043f\u0430\u0448\u0430\u043d\u044b \u0437\u0430 \u0434\u0437\u0435\u0441\u044f\u0446\u0456\u0433\u043e\u0434\u0434\u0437\u0456 \u0442\u044d\u043a\u0441\u0442\u044b\u043b\u044c\u043d\u0430\u0439 \u043f\u0440\u0430\u043c\u044b\u0441\u043b\u043e\u0432\u0430\u0441\u0446\u0456, \u0432\u044b\u0431\u0430\u0440 \u0432\u044b\u0441\u0430\u043a\u0430\u044f\u043a\u0430\u0441\u043d\u044b\u0445 \u043c\u0430\u0442\u044d\u0440\u044b\u044f\u043b\u0430\u045e \u0456 \u0432\u044b\u043a\u0430\u043d\u0430\u043d\u043d\u0435 \u043d\u0430\u0439\u0432\u044b\u0448\u044d\u0439\u0448\u044b\u0445 \u0441\u0442\u0430\u043d\u0434\u0430\u0440\u0442\u0430\u045e \u0432\u044b\u0442\u0432\u043e\u0440\u0447\u0430\u0441\u0446\u0456.<br \/>\u041a\u0443\u043f\u043b\u044f Selene \u0430\u0437\u043d\u0430\u0447\u0430\u0435 \u0456\u043d\u0432\u0435\u0441\u0442\u044b\u0446\u044b\u0456 \u045e \u043c\u0430\u0439\u0441\u0442\u044d\u0440\u0441\u0442\u0432\u0430, \u0456\u043d\u0442\u044d\u043b\u0435\u043a\u0442\u0443\u0430\u043b\u044c\u043d\u044b \u0434\u044b\u0437\u0430\u0439\u043d \u0456 \u0456\u043c\u043a\u043d\u0435\u043d\u043d\u0435 \u0434\u0430 \u043d\u0430\u0446\u044b\u044f\u043d\u0430\u043b\u044c\u043d\u0430\u0439 \u0434\u0430\u0441\u043a\u0430\u043d\u0430\u043b\u0430\u0441\u0446\u0456.<\/p>\t\t\t\t\t\t\t\t<\/div>\n\t\t\t\t<\/div>\n\t\t\t\t<\/div>\n\t\t<div class=\"elementor-element elementor-element-957adc5 e-con-full e-flex e-con e-child\" data-id=\"957adc5\" data-element_type=\"container\" data-e-type=\"container\" data-settings=\"{&quot;background_background&quot;:&quot;classic&quot;}\">\n\t\t\t\t<\/div>\n\t\t\t\t\t<\/div>\n\t\t\t\t<\/div>\n\t\t<div class=\"elementor-element elementor-element-d3a40cb e-flex e-con-boxed e-con e-parent\" data-id=\"d3a40cb\" data-element_type=\"container\" data-e-type=\"container\" data-settings=\"{&quot;background_background&quot;:&quot;classic&quot;}\">\n\t\t\t\t\t<div class=\"e-con-inner\">\n\t\t<div class=\"elementor-element elementor-element-f129f21 e-con-full e-flex e-con e-child\" data-id=\"f129f21\" data-element_type=\"container\" data-e-type=\"container\">\n\t\t\t\t<div class=\"elementor-element elementor-element-b7030d2 elementor-widget elementor-widget-heading\" data-id=\"b7030d2\" data-element_type=\"widget\" data-e-type=\"widget\" data-widget_type=\"heading.default\">\n\t\t\t\t<div class=\"elementor-widget-container\">\n\t\t\t\t\t<h2 class=\"elementor-heading-title elementor-size-default\">\u0410\u043f\u0440\u0430\u043d\u0456\u0446\u0435 \u0441\u0432\u043e\u0439 \u0434\u0437\u0435\u043d\u044c \u0437 \u044d\u043b\u0435\u0433\u0430\u043d\u0442\u043d\u0430\u0441\u0446\u044e \u0456 \u043a\u0430\u043c\u0444\u043e\u0440\u0442\u0430\u043c\n<\/h2>\t\t\t\t<\/div>\n\t\t\t\t<\/div>\n\t\t\t\t<div class=\"elementor-element elementor-element-8e5ebf9 elementor-widget elementor-widget-text-editor\" data-id=\"8e5ebf9\" data-element_type=\"widget\" data-e-type=\"widget\" data-widget_type=\"text-editor.default\">\n\t\t\t\t<div class=\"elementor-widget-container\">\n\t\t\t\t\t\t\t\t\t<p>\u0423 Rosana CL \u043a\u043e\u0436\u043d\u044b \u043f\u0440\u0430\u0434\u043c\u0435\u0442 \u0430\u0434\u0437\u0435\u043d\u043d\u044f \u0440\u0430\u0441\u043f\u0440\u0430\u0446\u0430\u0432\u0430\u043d\u044b, \u043a\u0430\u0431 \u043f\u0430\u0434\u043a\u0440\u044d\u0441\u043b\u0456\u0446\u044c \u0432\u0430\u0448\u0443 \u043d\u0430\u0442\u0443\u0440\u0430\u043b\u044c\u043d\u0443\u044e \u043f\u0440\u044b\u0433\u0430\u0436\u043e\u0441\u0446\u044c \u0456 \u0441\u0442\u044b\u043b\u044c\u043d\u0430 \u0441\u0443\u043f\u0440\u0430\u0432\u0430\u0434\u0436\u0430\u0446\u044c \u0432\u0430\u0441 \u0443 \u043a\u043e\u0436\u043d\u044b \u043c\u043e\u043c\u0430\u043d\u0442. \u0410\u0434\u043a\u0440\u044b\u0439\u0446\u0435 \u0434\u043b\u044f \u0441\u044f\u0431\u0435 \u043d\u0430\u0448 \u0432\u044b\u0431\u0430\u0440 \u0431\u044f\u043b\u0456\u0437\u043d\u044b Selene \u0456 \u0430\u0434\u0447\u0443\u0439\u0446\u0435 \u0440\u043e\u0437\u043d\u0456\u0446\u0443 \u045e \u043a\u043e\u0436\u043d\u0430\u0439 \u0434\u044d\u0442\u0430\u043b\u0456.<\/p>\t\t\t\t\t\t\t\t<\/div>\n\t\t\t\t<\/div>\n\t\t\t\t<div class=\"elementor-element elementor-element-bfb4b50 elementor-mobile-align-center elementor-widget elementor-widget-button\" data-id=\"bfb4b50\" data-element_type=\"widget\" data-e-type=\"widget\" data-widget_type=\"button.default\">\n\t\t\t\t<div class=\"elementor-widget-container\">\n\t\t\t\t\t\t\t\t\t<div class=\"elementor-button-wrapper\">\n\t\t\t\t\t<a class=\"elementor-button elementor-button-link elementor-size-sm elementor-animation-grow\" href=\"https:\/\/rosanacl.com\/be\/tienda\/\">\n\t\t\t\t\t\t<span class=\"elementor-button-content-wrapper\">\n\t\t\t\t\t\t<span class=\"elementor-button-icon\">\n\t\t\t\t<svg aria-hidden=\"true\" class=\"e-font-icon-svg e-fas-shopping-bag\" viewbox=\"0 0 448 512\" xmlns=\"http:\/\/www.w3.org\/2000\/svg\"><path d=\"M352 160v-32C352 57.42 294.579 0 224 0 153.42 0 96 57.42 96 128v32H0v272c0 44.183 35.817 80 80 80h288c44.183 0 80-35.817 80-80V160h-96zm-192-32c0-35.29 28.71-64 64-64s64 28.71 64 64v32H160v-32zm160 120c-13.255 0-24-10.745-24-24s10.745-24 24-24 24 10.745 24 24-10.745 24-24 24zm-192 0c-13.255 0-24-10.745-24-24s10.745-24 24-24 24 10.745 24 24-10.745 24-24 24z\"><\/path><\/svg>\t\t\t<\/span>\n\t\t\t\t\t\t\t\t\t<span class=\"elementor-button-text\">\u0406\u0434\u0437\u0456 \u045e \u043a\u0440\u0430\u043c\u0443<\/span>\n\t\t\t\t\t<\/span>\n\t\t\t\t\t<\/a>\n\t\t\t\t<\/div>\n\t\t\t\t\t\t\t\t<\/div>\n\t\t\t\t<\/div>\n\t\t\t\t<\/div>\n\t\t<div class=\"elementor-element elementor-element-efc66db e-con-full e-flex e-con e-child\" data-id=\"efc66db\" data-element_type=\"container\" data-e-type=\"container\">\n\t\t\t\t<div class=\"elementor-element elementor-element-d227750 elementor-widget elementor-widget-image\" data-id=\"d227750\" data-element_type=\"widget\" data-e-type=\"widget\" data-widget_type=\"image.default\">\n\t\t\t\t<div class=\"elementor-widget-container\">\n\t\t\t\t\t\t\t\t\t\t\t\t\t\t\t<img fetchpriority=\"high\" decoding=\"async\" width=\"663\" height=\"750\" src=\"https:\/\/rosanacl.com\/wp-content\/uploads\/2025\/05\/mujer-905x1024.webp\" class=\"attachment-large size-large wp-image-1519\" alt=\"\" srcset=\"https:\/\/rosanacl.com\/wp-content\/uploads\/2025\/05\/mujer-905x1024.webp 905w, https:\/\/rosanacl.com\/wp-content\/uploads\/2025\/05\/mujer-11x12.webp 11w, https:\/\/rosanacl.com\/wp-content\/uploads\/2025\/05\/mujer-265x300.webp 265w, https:\/\/rosanacl.com\/wp-content\/uploads\/2025\/05\/mujer-768x869.webp 768w, https:\/\/rosanacl.com\/wp-content\/uploads\/2025\/05\/mujer-600x679.webp 600w, https:\/\/rosanacl.com\/wp-content\/uploads\/2025\/05\/mujer.webp 955w\" sizes=\"(max-width: 663px) 100vw, 663px\" \/>\t\t\t\t\t\t\t\t\t\t\t\t\t\t\t<\/div>\n\t\t\t\t<\/div>\n\t\t\t\t<\/div>\n\t\t\t\t\t<\/div>\n\t\t\t\t<\/div>\n\t\t\t\t<\/div>","protected":false},"excerpt":{"rendered":"<p>M\u00e1s de 40 a\u00f1os de experiencia al servicio de tu comodidad y estilo En Rosana CL somos especialistas en lencer\u00eda y corseter\u00eda, con una trayectoria de m\u00e1s de cuatro d\u00e9cadas acompa\u00f1ando a mujeres en cada etapa de su vida.Nuestra pasi\u00f3n por ofrecer productos de calidad, pensados para el bienestar y la belleza femenina, nos ha [&hellip;]<\/p>\n","protected":false},"author":1,"featured_media":0,"parent":0,"menu_order":0,"comment_status":"closed","ping_status":"closed","template":"","meta":{"content-type":"","footnotes":""},"class_list":["post-62","page","type-page","status-publish","hentry"],"yoast_head":"<!-- This site is optimized with the Yoast SEO plugin v27.4 - https:\/\/yoast.com\/product\/yoast-seo-wordpress\/ -->\n<title>Nosotros - Rosana CL<\/title>\n<meta name=\"robots\" content=\"index, follow, max-snippet:-1, max-image-preview:large, max-video-preview:-1\" \/>\n<link rel=\"canonical\" href=\"https:\/\/rosanacl.com\/be\/nosotros\/\" \/>\n<meta property=\"og:locale\" content=\"en_US\" \/>\n<meta property=\"og:type\" content=\"article\" \/>\n<meta property=\"og:title\" content=\"Nosotros - Rosana CL\" \/>\n<meta property=\"og:description\" content=\"M\u00e1s de 40 a\u00f1os de experiencia al servicio de tu comodidad y estilo En Rosana CL somos especialistas en lencer\u00eda y corseter\u00eda, con una trayectoria de m\u00e1s de cuatro d\u00e9cadas acompa\u00f1ando a mujeres en cada etapa de su vida.Nuestra pasi\u00f3n por ofrecer productos de calidad, pensados para el bienestar y la belleza femenina, nos ha [&hellip;]\" \/>\n<meta property=\"og:url\" content=\"https:\/\/rosanacl.com\/be\/nosotros\/\" \/>\n<meta property=\"og:site_name\" content=\"Rosana CL\" \/>\n<meta property=\"article:modified_time\" content=\"2025-09-12T09:40:29+00:00\" \/>\n<meta property=\"og:image\" content=\"https:\/\/rosanacl.com\/wp-content\/uploads\/2025\/05\/mujer.webp\" \/>\n\t<meta property=\"og:image:width\" content=\"955\" \/>\n\t<meta property=\"og:image:height\" content=\"1080\" \/>\n\t<meta property=\"og:image:type\" content=\"image\/webp\" \/>\n<meta name=\"twitter:card\" content=\"summary_large_image\" \/>\n<meta name=\"twitter:label1\" content=\"Est. reading time\" \/>\n\t<meta name=\"twitter:data1\" content=\"1 minute\" \/>\n<script type=\"application\/ld+json\" class=\"yoast-schema-graph\">{\"@context\":\"https:\\\/\\\/schema.org\",\"@graph\":[{\"@type\":\"WebPage\",\"@id\":\"https:\\\/\\\/rosanacl.com\\\/nosotros\\\/\",\"url\":\"https:\\\/\\\/rosanacl.com\\\/nosotros\\\/\",\"name\":\"Nosotros - Rosana CL\",\"isPartOf\":{\"@id\":\"https:\\\/\\\/rosanacl.com\\\/ca\\\/#website\"},\"primaryImageOfPage\":{\"@id\":\"https:\\\/\\\/rosanacl.com\\\/nosotros\\\/#primaryimage\"},\"image\":{\"@id\":\"https:\\\/\\\/rosanacl.com\\\/nosotros\\\/#primaryimage\"},\"thumbnailUrl\":\"https:\\\/\\\/rosanacl.com\\\/wp-content\\\/uploads\\\/2025\\\/05\\\/mujer-905x1024.webp\",\"datePublished\":\"2025-04-24T14:44:06+00:00\",\"dateModified\":\"2025-09-12T09:40:29+00:00\",\"breadcrumb\":{\"@id\":\"https:\\\/\\\/rosanacl.com\\\/nosotros\\\/#breadcrumb\"},\"inLanguage\":\"be\",\"potentialAction\":[{\"@type\":\"ReadAction\",\"target\":[\"https:\\\/\\\/rosanacl.com\\\/nosotros\\\/\"]}]},{\"@type\":\"ImageObject\",\"inLanguage\":\"be\",\"@id\":\"https:\\\/\\\/rosanacl.com\\\/nosotros\\\/#primaryimage\",\"url\":\"https:\\\/\\\/rosanacl.com\\\/wp-content\\\/uploads\\\/2025\\\/05\\\/mujer-905x1024.webp\",\"contentUrl\":\"https:\\\/\\\/rosanacl.com\\\/wp-content\\\/uploads\\\/2025\\\/05\\\/mujer-905x1024.webp\"},{\"@type\":\"BreadcrumbList\",\"@id\":\"https:\\\/\\\/rosanacl.com\\\/nosotros\\\/#breadcrumb\",\"itemListElement\":[{\"@type\":\"ListItem\",\"position\":1,\"name\":\"Portada\",\"item\":\"https:\\\/\\\/rosanacl.com\\\/ca\\\/\"},{\"@type\":\"ListItem\",\"position\":2,\"name\":\"Nosotros\"}]},{\"@type\":\"WebSite\",\"@id\":\"https:\\\/\\\/rosanacl.com\\\/ca\\\/#website\",\"url\":\"https:\\\/\\\/rosanacl.com\\\/ca\\\/\",\"name\":\"Rosana CL\",\"description\":\"Somos tu interior\",\"potentialAction\":[{\"@type\":\"SearchAction\",\"target\":{\"@type\":\"EntryPoint\",\"urlTemplate\":\"https:\\\/\\\/rosanacl.com\\\/ca\\\/?s={search_term_string}\"},\"query-input\":{\"@type\":\"PropertyValueSpecification\",\"valueRequired\":true,\"valueName\":\"search_term_string\"}}],\"inLanguage\":\"be\"}]}<\/script>\n<!-- \/ Yoast SEO plugin. -->","yoast_head_json":{"title":"Nosotros - Rosana CL","robots":{"index":"index","follow":"follow","max-snippet":"max-snippet:-1","max-image-preview":"max-image-preview:large","max-video-preview":"max-video-preview:-1"},"canonical":"https:\/\/rosanacl.com\/be\/nosotros\/","og_locale":"en_US","og_type":"article","og_title":"Nosotros - Rosana CL","og_description":"M\u00e1s de 40 a\u00f1os de experiencia al servicio de tu comodidad y estilo En Rosana CL somos especialistas en lencer\u00eda y corseter\u00eda, con una trayectoria de m\u00e1s de cuatro d\u00e9cadas acompa\u00f1ando a mujeres en cada etapa de su vida.Nuestra pasi\u00f3n por ofrecer productos de calidad, pensados para el bienestar y la belleza femenina, nos ha [&hellip;]","og_url":"https:\/\/rosanacl.com\/be\/nosotros\/","og_site_name":"Rosana CL","article_modified_time":"2025-09-12T09:40:29+00:00","og_image":[{"width":955,"height":1080,"url":"https:\/\/rosanacl.com\/wp-content\/uploads\/2025\/05\/mujer.webp","type":"image\/webp"}],"twitter_card":"summary_large_image","twitter_misc":{"Est. reading time":"1 minute"},"schema":{"@context":"https:\/\/schema.org","@graph":[{"@type":"WebPage","@id":"https:\/\/rosanacl.com\/nosotros\/","url":"https:\/\/rosanacl.com\/nosotros\/","name":"Nosotros - Rosana CL","isPartOf":{"@id":"https:\/\/rosanacl.com\/ca\/#website"},"primaryImageOfPage":{"@id":"https:\/\/rosanacl.com\/nosotros\/#primaryimage"},"image":{"@id":"https:\/\/rosanacl.com\/nosotros\/#primaryimage"},"thumbnailUrl":"https:\/\/rosanacl.com\/wp-content\/uploads\/2025\/05\/mujer-905x1024.webp","datePublished":"2025-04-24T14:44:06+00:00","dateModified":"2025-09-12T09:40:29+00:00","breadcrumb":{"@id":"https:\/\/rosanacl.com\/nosotros\/#breadcrumb"},"inLanguage":"be","potentialAction":[{"@type":"ReadAction","target":["https:\/\/rosanacl.com\/nosotros\/"]}]},{"@type":"ImageObject","inLanguage":"be","@id":"https:\/\/rosanacl.com\/nosotros\/#primaryimage","url":"https:\/\/rosanacl.com\/wp-content\/uploads\/2025\/05\/mujer-905x1024.webp","contentUrl":"https:\/\/rosanacl.com\/wp-content\/uploads\/2025\/05\/mujer-905x1024.webp"},{"@type":"BreadcrumbList","@id":"https:\/\/rosanacl.com\/nosotros\/#breadcrumb","itemListElement":[{"@type":"ListItem","position":1,"name":"Portada","item":"https:\/\/rosanacl.com\/ca\/"},{"@type":"ListItem","position":2,"name":"Nosotros"}]},{"@type":"WebSite","@id":"https:\/\/rosanacl.com\/ca\/#website","url":"https:\/\/rosanacl.com\/ca\/","name":"\u0420\u0430\u0437\u0430\u043d\u0430 \u041a.\u041b.","description":"\u041c\u044b \u2014 \u0433\u044d\u0442\u0430 \u0432\u0430\u0448\u0430 \u045e\u043d\u0443\u0442\u0440\u0430\u043d\u0430\u0435 \u00ab\u044f\u00bb","potentialAction":[{"@type":"SearchAction","target":{"@type":"EntryPoint","urlTemplate":"https:\/\/rosanacl.com\/ca\/?s={search_term_string}"},"query-input":{"@type":"PropertyValueSpecification","valueRequired":true,"valueName":"search_term_string"}}],"inLanguage":"be"}]}},"_links":{"self":[{"href":"https:\/\/rosanacl.com\/be\/wp-json\/wp\/v2\/pages\/62","targetHints":{"allow":["GET"]}}],"collection":[{"href":"https:\/\/rosanacl.com\/be\/wp-json\/wp\/v2\/pages"}],"about":[{"href":"https:\/\/rosanacl.com\/be\/wp-json\/wp\/v2\/types\/page"}],"author":[{"embeddable":true,"href":"https:\/\/rosanacl.com\/be\/wp-json\/wp\/v2\/users\/1"}],"replies":[{"embeddable":true,"href":"https:\/\/rosanacl.com\/be\/wp-json\/wp\/v2\/comments?post=62"}],"version-history":[{"count":0,"href":"https:\/\/rosanacl.com\/be\/wp-json\/wp\/v2\/pages\/62\/revisions"}],"wp:attachment":[{"href":"https:\/\/rosanacl.com\/be\/wp-json\/wp\/v2\/media?parent=62"}],"curies":[{"name":"\u0432\u043f","href":"https:\/\/api.w.org\/{rel}","templated":true}]}}