{"id":134,"date":"2025-04-29T02:39:03","date_gmt":"2025-04-29T00:39:03","guid":{"rendered":"https:\/\/rosanacl.com\/?post_type=product&#038;p=134"},"modified":"2026-01-07T22:19:55","modified_gmt":"2026-01-07T21:19:55","slug":"sujetador-modelo-mariluz","status":"publish","type":"product","link":"https:\/\/rosanacl.com\/be\/product\/sujetador-modelo-mariluz\/","title":{"rendered":"\u0421\u0435\u043b\u0435\u043d \u041c\u0430\u0440\u044b\u043b\u0443\u0437 \u0411\u0440\u0430"},"content":{"rendered":"<p>\u0411\u044e\u0441\u0442\u0433\u0430\u043b\u044c\u0442\u0430\u0440 Selene Mariluz \u0440\u0430\u0441\u043f\u0440\u0430\u0446\u0430\u0432\u0430\u043d\u044b, \u043a\u0430\u0431 \u043f\u0430\u0434\u043a\u0440\u044d\u0441\u043b\u0456\u0446\u044c \u044d\u043b\u0435\u0433\u0430\u043d\u0442\u043d\u0430\u0441\u0446\u044c: \u0434\u0430\u043b\u0456\u043a\u0430\u0442\u043d\u0430\u0435 \u043a\u0430\u0440\u0443\u043d\u043a\u0456, \u0447\u044b\u0441\u0442\u044b\u044f \u043b\u0456\u043d\u0456\u0456 \u0456 \u043f\u0440\u044b\u0433\u043e\u0436\u044b \u0432\u044b\u0440\u0430\u0437 \u0434\u044d\u043a\u0430\u043b\u044c\u0442\u044d, \u044f\u043a\u0456 \u0432\u044b\u0433\u043b\u044f\u0434\u0430\u0435 \u0436\u0430\u043d\u043e\u0446\u043a\u0456, \u0430\u043b\u0435 \u043d\u0435 \u043f\u0435\u0440\u0430\u0433\u0440\u0443\u0436\u0430\u0435. \u042f\u0433\u043e \u043a\u0430\u0440\u043a\u0430\u0441\u043d\u0430\u044f \u043a\u0430\u043d\u0441\u0442\u0440\u0443\u043a\u0446\u044b\u044f \u043d\u0430\u0442\u0443\u0440\u0430\u043b\u044c\u043d\u0430 \u043f\u0430\u0434\u044b\u043c\u0430\u0435 \u0456 \u0444\u0430\u0440\u043c\u0443\u0435 \u0444\u0456\u0433\u0443\u0440\u0443, \u0441\u0442\u0432\u0430\u0440\u0430\u044e\u0447\u044b \u043f\u0440\u044b\u0433\u043e\u0436\u044b \u0456 \u043f\u0440\u044b\u0433\u043e\u0436\u044b \u0441\u0456\u043b\u0443\u044d\u0442 \u0437 \u0441\u0430\u043c\u0430\u0433\u0430 \u043f\u0435\u0440\u0448\u0430\u0433\u0430 \u043c\u043e\u043c\u0430\u043d\u0442\u0443.<\/p>\n<p>\u0413\u044d\u0442\u0430 \u0442\u0430\u044f \u0441\u0430\u043c\u0430\u044f \u0431\u044f\u043b\u0456\u0437\u043d\u0430, \u044f\u043a\u0443\u044e \u0432\u044b \u0430\u043f\u0440\u0430\u043d\u0430\u0435\u0446\u0435 \u0456 \u0430\u0434\u0447\u0443\u0432\u0430\u0435\u0446\u0435 \u0440\u043e\u0437\u043d\u0456\u0446\u0443: \u043d\u0430\u0434\u0437\u0435\u0439\u043d\u0430\u044f \u043f\u0430\u0434\u0442\u0440\u044b\u043c\u043a\u0430, \u043a\u0430\u043c\u0444\u043e\u0440\u0442 \u043d\u0430 \u043f\u0440\u0430\u0446\u044f\u0433\u0443 \u043d\u0435\u043a\u0430\u043b\u044c\u043a\u0456\u0445 \u0433\u0430\u0434\u0437\u0456\u043d \u0456 \u0432\u044b\u0442\u0430\u043d\u0447\u0430\u043d\u044b \u0432\u044b\u0433\u043b\u044f\u0434, \u044f\u043a\u0456 \u043f\u0430\u0441\u0443\u0435 \u0434\u0430 \u045e\u0441\u044f\u0433\u043e. \u0406\u0434\u044d\u0430\u043b\u044c\u043d\u0430 \u043f\u0430\u0434\u044b\u0445\u043e\u0434\u0437\u0456\u0446\u044c \u0434\u043b\u044f \u0448\u0442\u043e\u0434\u0437\u0451\u043d\u043d\u0430\u0433\u0430 \u043d\u0430\u0448\u044d\u043d\u043d\u044f, \u043a\u0430\u043b\u0456 \u0432\u044b \u0445\u043e\u0447\u0430\u0446\u0435 \u0432\u044b\u0433\u043b\u044f\u0434\u0430\u0446\u044c \u0431\u0435\u0437\u0434\u0430\u043a\u043e\u0440\u043d\u0430, \u0430 \u0442\u0430\u043a\u0441\u0430\u043c\u0430 \u0434\u043b\u044f \u0430\u0441\u0430\u0431\u043b\u0456\u0432\u044b\u0445 \u0432\u044b\u043f\u0430\u0434\u043a\u0430\u045e, \u043a\u0430\u043b\u0456 \u0432\u044b \u043f\u0440\u0430\u0433\u043d\u0435\u0446\u0435 \u043d\u043e\u0442\u043a\u0456 \u044d\u043b\u0435\u0433\u0430\u043d\u0442\u043d\u0430\u0441\u0446\u0456, \u043d\u0435 \u0430\u0445\u0432\u044f\u0440\u0443\u044e\u0447\u044b \u043b\u0451\u0433\u043a\u0430\u0441\u0446\u044e \u0430\u0431\u043e \u043d\u0430\u0442\u0443\u0440\u0430\u043b\u044c\u043d\u0430\u0441\u0446\u044e.<\/p>\n<p>\u041f\u0430\u0434\u0440\u0430\u0431\u044f\u0437\u043d\u0430\u0441\u0446\u0456, \u044f\u043a\u0456\u044f \u0432\u0430\u043c \u0441\u043f\u0430\u0434\u0430\u0431\u0430\u044e\u0446\u0446\u0430 \u045e Mariluz<\/p>\n<ul>\n<li>\u041a\u043e\u043b\u044c\u0446\u0430, \u044f\u043a\u043e\u0435 \u0437\u0431\u0456\u0440\u0430\u0435 \u0456 \u0430\u043a\u0440\u044d\u0441\u043b\u0456\u0432\u0430\u0435 \u0431\u044e\u0441\u0442 \u043d\u0430\u0442\u0443\u0440\u0430\u043b\u044c\u043d\u0430\u0439 \u0444\u043e\u0440\u043c\u0430\u0439<\/li>\n<li>\u042d\u043b\u0435\u0433\u0430\u043d\u0442\u043d\u0430\u0435 \u043a\u0430\u0440\u0443\u043d\u043a\u0456 \u0437 \u0432\u044b\u0442\u0430\u043d\u0447\u0430\u043d\u0430\u0439 \u0456 \u043f\u0440\u044b\u0433\u043e\u0436\u0430\u0439 \u0430\u0437\u0434\u0430\u0431\u043b\u0435\u043d\u043d\u0435\u043c<\/li>\n<li>\u041d\u0430\u0434\u0437\u0435\u0439\u043d\u0430\u044f \u043f\u0430\u0434\u0442\u0440\u044b\u043c\u043a\u0430 \u0431\u0435\u0437 \u0430\u0434\u0447\u0443\u0432\u0430\u043d\u043d\u044f \u0441\u043a\u0430\u0432\u0430\u043d\u0430\u0441\u0446\u0456<\/li>\n<li>\u0417\u0440\u0443\u0447\u043d\u044b \u043a\u0440\u043e\u0439 \u0434\u043b\u044f \u0448\u0442\u043e\u0434\u0437\u0451\u043d\u043d\u0430\u0433\u0430 \u043d\u0430\u0448\u044d\u043d\u043d\u044f \u0456 \u0430\u0441\u0430\u0431\u043b\u0456\u0432\u044b\u0445 \u0432\u044b\u043f\u0430\u0434\u043a\u0430\u045e<\/li>\n<li>\u0414\u0430\u0441\u0442\u0443\u043f\u043d\u044b\u044f \u0442\u0440\u0443\u0441\u0456\u043a\u0456 Mariluz \u0443 \u043a\u0430\u043c\u043f\u043b\u0435\u043a\u0446\u0435 (\u043a\u0430\u0431 \u0437\u0430\u0432\u044f\u0440\u0448\u044b\u0446\u044c \u0432\u043e\u0431\u0440\u0430\u0437)<\/li>\n<\/ul>\n<p>\ud83d\udde3\ufe0f\u041f\u0430\u0440\u0430\u0434\u0430: Mariluz \u0456\u0434\u044d\u0430\u043b\u044c\u043d\u0430 \u043f\u0430\u0434\u044b\u0445\u043e\u0434\u0437\u0456\u0446\u044c \u0434\u043b\u044f \u0442\u044b\u0445 \u0434\u0437\u0451\u043d, \u043a\u0430\u043b\u0456 \u0432\u044b \u0445\u043e\u0447\u0430\u0446\u0435 \u0430\u0434\u0447\u0443\u0432\u0430\u0446\u044c \u0441\u044f\u0431\u0435 \u043f\u0430\u0434\u0442\u0440\u044b\u043c\u0430\u043d\u0430\u0439 \u0456 \u044d\u043b\u0435\u0433\u0430\u043d\u0442\u043d\u0430\u0439, \u043d\u0435 \u0432\u044b\u0433\u043b\u044f\u0434\u0430\u044e\u0447\u044b \u043f\u0440\u044b \u0433\u044d\u0442\u044b\u043c \u0437\u0430\u043d\u0430\u0434\u0442\u0430 \u0433\u0440\u0443\u0432\u0430\u0441\u0442\u043a\u0430\u0439. \u0410\u043f\u0440\u0430\u043d\u0430\u0439\u0446\u0435 \u044f\u0435 \u043f\u0430\u0432\u043e\u043b\u044c\u043d\u0430, \u043f\u0440\u0430\u0432\u0456\u043b\u044c\u043d\u0430 \u0430\u0434\u0440\u044d\u0433\u0443\u043b\u044e\u0439\u0446\u0435 \u0448\u043b\u0435\u0439\u043a\u0456 \u0456 \u043f\u0435\u0440\u0430\u043a\u0430\u043d\u0430\u0439\u0446\u0435\u0441\u044f, \u0448\u0442\u043e \u043a\u0430\u0440\u043a\u0430\u0441 \u043f\u0430\u045e\u0442\u0430\u0440\u0430\u0435 \u043a\u043e\u043d\u0442\u0443\u0440\u044b \u0432\u0430\u0448\u0430\u0433\u0430 \u0446\u0435\u043b\u0430 (\u043d\u0435 \u045e\u043f\u0456\u0432\u0430\u044e\u0447\u044b\u0441\u044f): \u043a\u0430\u043b\u0456 \u0451\u043d \u043d\u0430 \u043c\u0435\u0441\u0446\u044b, \u0432\u044b \u0431\u0435\u0437 \u0430\u0441\u0430\u0431\u043b\u0456\u0432\u044b\u0445 \u0432\u044b\u0441\u0456\u043b\u043a\u0430\u045e \u0437\u0430\u045e\u0432\u0430\u0436\u044b\u0446\u0435 \u0441\u0442\u0430\u0431\u0456\u043b\u044c\u043d\u0443\u044e \u043f\u0430\u0434\u0442\u0440\u044b\u043c\u043a\u0443 \u0456 \u043f\u0440\u044b\u0433\u043e\u0436\u044b \u0441\u0456\u043b\u0443\u044d\u0442.<\/p>\n<p>\ud83d\udccf\u0417\u0430\u045e\u0432\u0430\u0433\u0430: \u041f\u0435\u0440\u0430\u0434 \u043a\u0443\u043f\u043b\u044f\u0439 \u043f\u0440\u0430\u0432\u0435\u0440\u0446\u0435 \u043f\u0430\u043c\u0435\u0440 \u043f\u0430\u043b\u0430\u0441\u044b (\u043f\u0430\u0434 \u0433\u0440\u0443\u0434\u0437\u044c\u043c\u0456) \u0456 \u043a\u0443\u0431\u0430\u0447\u043a\u0430: \u043f\u0430\u043b\u0430\u0441\u0430 \u043f\u0430\u0432\u0456\u043d\u043d\u0430 \u0448\u0447\u044b\u043b\u044c\u043d\u0430 \u0456 \u043d\u0430\u0434\u0437\u0435\u0439\u043d\u0430 \u043f\u0440\u044b\u043b\u044f\u0433\u0430\u0446\u044c (\u043d\u0435 \u0437\u0430\u0434\u0437\u0456\u0440\u0430\u0446\u0446\u0430 \u043d\u0430 \u0441\u043f\u0456\u043d\u0435), \u0430 \u043a\u0443\u0431\u0430\u0447\u0430\u043a \u043f\u0430\u0432\u0456\u043d\u043d\u0430 \u0446\u0430\u043b\u043a\u0430\u043c \u043f\u0430\u043a\u0440\u044b\u0432\u0430\u0446\u044c \u0433\u0440\u0443\u0434\u0437\u0456, \u043d\u0435 \u045e\u0440\u0430\u0437\u0430\u044e\u0447\u044b\u0441\u044f \u0456 \u043d\u0435 \u043f\u0430\u043a\u0456\u0434\u0430\u044e\u0447\u044b \u0448\u0447\u044b\u043b\u0456\u043d. \u041a\u0430\u043b\u0456 \u0432\u044b \u043d\u0435 \u045e\u043f\u044d\u045e\u043d\u0435\u043d\u044b\u044f \u043f\u0430\u043c\u0456\u0436 \u0434\u0432\u0443\u043c\u0430 \u0432\u0430\u0440\u044b\u044f\u043d\u0442\u0430\u043c\u0456, \u0430\u0434\u0434\u0430\u0439\u0446\u0435 \u043f\u0435\u0440\u0430\u0432\u0430\u0433\u0443 \u0441\u0442\u0430\u0431\u0456\u043b\u044c\u043d\u0430\u0439 \u043f\u0430\u043b\u0430\u0441\u0435 \u0456 \u043a\u0443\u0431\u0430\u0447\u043a\u0443, \u044f\u043a\u0430\u044f \u0437\u0440\u0443\u0447\u043d\u0430 \u0441\u044f\u0434\u0437\u0456\u0446\u044c \u0456 \u0437\u0430\u0431\u044f\u0441\u043f\u0435\u0447\u0432\u0430\u0435 \u043f\u043e\u045e\u043d\u0443\u044e \u043f\u0430\u0434\u0442\u0440\u044b\u043c\u043a\u0443: \u0442\u0430\u043a\u0456\u043c \u0447\u044b\u043d\u0430\u043c \u0432\u044b \u0437\u0440\u043e\u0431\u0456\u0446\u0435 \u043f\u0440\u0430\u0432\u0456\u043b\u044c\u043d\u044b \u0432\u044b\u0431\u0430\u0440 \u0437 \u043f\u0435\u0440\u0448\u0430\u0433\u0430 \u0440\u0430\u0437\u0443.<\/p>\n<p>\u0421\u043a\u043b\u0430\u0434: 50% \u043f\u043e\u043b\u0456\u044d\u0441\u0442\u044d\u0440, 36% \u043f\u043e\u043b\u0456\u0430\u043c\u0456\u0434, 14% \u044d\u043b\u0430\u0441\u0442\u0430\u043d.<\/p>\n<p>\ud83d\udc06 \u0410\u0434\u0447\u0443\u0432\u0430\u0446\u044c \u0441\u044f\u0431\u0435 \u043c\u043e\u0446\u043d\u044b\u043c \u0443 \u0446\u0456\u0448\u044b\u043d\u0456.<\/p>","protected":false},"excerpt":{"rendered":"<p>El sujetador Selene Mariluz est\u00e1 pensado para realzar con elegancia: encaje fino, l\u00ednea limpia y un escote bonito que se ve femenino sin recargar. Su dise\u00f1o con aro recoge y define con una forma natural, dejando una silueta favorecedora y muy \u00abbien hecha\u00bb desde el primer momento. Es esa pieza de lencer\u00eda que te pones [&hellip;]<\/p>\n","protected":false},"featured_media":1450,"comment_status":"open","ping_status":"closed","template":"","meta":{"content-type":""},"product_brand":[55],"product_cat":[80,107,24,20],"product_tag":[57,56],"class_list":{"0":"post-134","1":"product","2":"type-product","3":"status-publish","4":"has-post-thumbnail","6":"product_brand-selene","7":"product_cat-con-aros-sin-relleno","8":"product_cat-mariluz","9":"product_cat-sin-relleno","10":"product_cat-sujetador","11":"product_tag-sin-relleno","12":"product_tag-sujetador","14":"first","15":"instock","16":"taxable","17":"shipping-taxable","18":"purchasable","19":"product-type-variable"},"supplier_id":null,"supplier_sku":"","barcode":null,"atum_controlled":true,"out_stock_date":null,"out_stock_threshold":null,"inheritable":true,"inbound_stock":null,"stock_on_hold":0,"sold_today":0,"sales_last_days":0,"reserved_stock":null,"customer_returns":null,"warehouse_damage":null,"lost_in_post":null,"other_logs":null,"out_stock_days":0,"lost_sales":0,"has_location":false,"update_date":"2026-01-07T21:19:56","atum_locations":[],"atum_stock_status":"instock","restock_status":false,"low_stock_amount":"","sales_update_date":"2025-08-19T02:35:53","calc_backorders":null,"yoast_head":"<!-- This site is optimized with the Yoast SEO plugin v27.4 - https:\/\/yoast.com\/product\/yoast-seo-wordpress\/ -->\n<title>Sujetador Selene Mariluz - Rosana CL<\/title>\n<meta name=\"robots\" content=\"index, follow, max-snippet:-1, max-image-preview:large, max-video-preview:-1\" \/>\n<link rel=\"canonical\" href=\"https:\/\/rosanacl.com\/be\/product\/sujetador-modelo-mariluz\/\" \/>\n<meta property=\"og:locale\" content=\"en_US\" \/>\n<meta property=\"og:type\" content=\"article\" \/>\n<meta property=\"og:title\" content=\"Sujetador Selene Mariluz - Rosana CL\" \/>\n<meta property=\"og:description\" content=\"El sujetador Selene Mariluz est\u00e1 pensado para realzar con elegancia: encaje fino, l\u00ednea limpia y un escote bonito que se ve femenino sin recargar. Su dise\u00f1o con aro recoge y define con una forma natural, dejando una silueta favorecedora y muy \u00abbien hecha\u00bb desde el primer momento. Es esa pieza de lencer\u00eda que te pones [&hellip;]\" \/>\n<meta property=\"og:url\" content=\"https:\/\/rosanacl.com\/be\/product\/sujetador-modelo-mariluz\/\" \/>\n<meta property=\"og:site_name\" content=\"Rosana CL\" \/>\n<meta property=\"article:modified_time\" content=\"2026-01-07T21:19:55+00:00\" \/>\n<meta property=\"og:image\" content=\"https:\/\/rosanacl.com\/wp-content\/uploads\/2025\/04\/Sujetador-modelo-Mariluz-000001.webp\" \/>\n\t<meta property=\"og:image:width\" content=\"1000\" \/>\n\t<meta property=\"og:image:height\" content=\"1000\" \/>\n\t<meta property=\"og:image:type\" content=\"image\/webp\" \/>\n<meta name=\"twitter:card\" content=\"summary_large_image\" \/>\n<meta name=\"twitter:label1\" content=\"Est. reading time\" \/>\n\t<meta name=\"twitter:data1\" content=\"2 minutes\" \/>\n<script type=\"application\/ld+json\" class=\"yoast-schema-graph\">{\"@context\":\"https:\\\/\\\/schema.org\",\"@graph\":[{\"@type\":\"WebPage\",\"@id\":\"https:\\\/\\\/rosanacl.com\\\/producto\\\/sujetador-modelo-mariluz\\\/\",\"url\":\"https:\\\/\\\/rosanacl.com\\\/producto\\\/sujetador-modelo-mariluz\\\/\",\"name\":\"Sujetador Selene Mariluz - Rosana CL\",\"isPartOf\":{\"@id\":\"https:\\\/\\\/rosanacl.com\\\/ca\\\/#website\"},\"primaryImageOfPage\":{\"@id\":\"https:\\\/\\\/rosanacl.com\\\/producto\\\/sujetador-modelo-mariluz\\\/#primaryimage\"},\"image\":{\"@id\":\"https:\\\/\\\/rosanacl.com\\\/producto\\\/sujetador-modelo-mariluz\\\/#primaryimage\"},\"thumbnailUrl\":\"https:\\\/\\\/rosanacl.com\\\/wp-content\\\/uploads\\\/2025\\\/04\\\/Sujetador-modelo-Mariluz-000001.webp\",\"datePublished\":\"2025-04-29T00:39:03+00:00\",\"dateModified\":\"2026-01-07T21:19:55+00:00\",\"breadcrumb\":{\"@id\":\"https:\\\/\\\/rosanacl.com\\\/producto\\\/sujetador-modelo-mariluz\\\/#breadcrumb\"},\"inLanguage\":\"be\",\"potentialAction\":[{\"@type\":\"ReadAction\",\"target\":[\"https:\\\/\\\/rosanacl.com\\\/producto\\\/sujetador-modelo-mariluz\\\/\"]}]},{\"@type\":\"ImageObject\",\"inLanguage\":\"be\",\"@id\":\"https:\\\/\\\/rosanacl.com\\\/producto\\\/sujetador-modelo-mariluz\\\/#primaryimage\",\"url\":\"https:\\\/\\\/rosanacl.com\\\/wp-content\\\/uploads\\\/2025\\\/04\\\/Sujetador-modelo-Mariluz-000001.webp\",\"contentUrl\":\"https:\\\/\\\/rosanacl.com\\\/wp-content\\\/uploads\\\/2025\\\/04\\\/Sujetador-modelo-Mariluz-000001.webp\",\"width\":1000,\"height\":1000},{\"@type\":\"BreadcrumbList\",\"@id\":\"https:\\\/\\\/rosanacl.com\\\/producto\\\/sujetador-modelo-mariluz\\\/#breadcrumb\",\"itemListElement\":[{\"@type\":\"ListItem\",\"position\":1,\"name\":\"Portada\",\"item\":\"https:\\\/\\\/rosanacl.com\\\/ca\\\/\"},{\"@type\":\"ListItem\",\"position\":2,\"name\":\"Tienda\",\"item\":\"https:\\\/\\\/rosanacl.com\\\/ca\\\/tienda\\\/\"},{\"@type\":\"ListItem\",\"position\":3,\"name\":\"Sujetador Selene Mariluz\"}]},{\"@type\":\"WebSite\",\"@id\":\"https:\\\/\\\/rosanacl.com\\\/ca\\\/#website\",\"url\":\"https:\\\/\\\/rosanacl.com\\\/ca\\\/\",\"name\":\"Rosana CL\",\"description\":\"Somos tu interior\",\"potentialAction\":[{\"@type\":\"SearchAction\",\"target\":{\"@type\":\"EntryPoint\",\"urlTemplate\":\"https:\\\/\\\/rosanacl.com\\\/ca\\\/?s={search_term_string}\"},\"query-input\":{\"@type\":\"PropertyValueSpecification\",\"valueRequired\":true,\"valueName\":\"search_term_string\"}}],\"inLanguage\":\"be\"}]}<\/script>\n<!-- \/ Yoast SEO plugin. -->","yoast_head_json":{"title":"Sujetador Selene Mariluz - Rosana CL","robots":{"index":"index","follow":"follow","max-snippet":"max-snippet:-1","max-image-preview":"max-image-preview:large","max-video-preview":"max-video-preview:-1"},"canonical":"https:\/\/rosanacl.com\/be\/product\/sujetador-modelo-mariluz\/","og_locale":"en_US","og_type":"article","og_title":"Sujetador Selene Mariluz - Rosana CL","og_description":"El sujetador Selene Mariluz est\u00e1 pensado para realzar con elegancia: encaje fino, l\u00ednea limpia y un escote bonito que se ve femenino sin recargar. Su dise\u00f1o con aro recoge y define con una forma natural, dejando una silueta favorecedora y muy \u00abbien hecha\u00bb desde el primer momento. Es esa pieza de lencer\u00eda que te pones [&hellip;]","og_url":"https:\/\/rosanacl.com\/be\/product\/sujetador-modelo-mariluz\/","og_site_name":"Rosana CL","article_modified_time":"2026-01-07T21:19:55+00:00","og_image":[{"width":1000,"height":1000,"url":"https:\/\/rosanacl.com\/wp-content\/uploads\/2025\/04\/Sujetador-modelo-Mariluz-000001.webp","type":"image\/webp"}],"twitter_card":"summary_large_image","twitter_misc":{"Est. reading time":"2 minutes"},"schema":{"@context":"https:\/\/schema.org","@graph":[{"@type":"WebPage","@id":"https:\/\/rosanacl.com\/producto\/sujetador-modelo-mariluz\/","url":"https:\/\/rosanacl.com\/producto\/sujetador-modelo-mariluz\/","name":"Sujetador Selene Mariluz - Rosana CL","isPartOf":{"@id":"https:\/\/rosanacl.com\/ca\/#website"},"primaryImageOfPage":{"@id":"https:\/\/rosanacl.com\/producto\/sujetador-modelo-mariluz\/#primaryimage"},"image":{"@id":"https:\/\/rosanacl.com\/producto\/sujetador-modelo-mariluz\/#primaryimage"},"thumbnailUrl":"https:\/\/rosanacl.com\/wp-content\/uploads\/2025\/04\/Sujetador-modelo-Mariluz-000001.webp","datePublished":"2025-04-29T00:39:03+00:00","dateModified":"2026-01-07T21:19:55+00:00","breadcrumb":{"@id":"https:\/\/rosanacl.com\/producto\/sujetador-modelo-mariluz\/#breadcrumb"},"inLanguage":"be","potentialAction":[{"@type":"ReadAction","target":["https:\/\/rosanacl.com\/producto\/sujetador-modelo-mariluz\/"]}]},{"@type":"ImageObject","inLanguage":"be","@id":"https:\/\/rosanacl.com\/producto\/sujetador-modelo-mariluz\/#primaryimage","url":"https:\/\/rosanacl.com\/wp-content\/uploads\/2025\/04\/Sujetador-modelo-Mariluz-000001.webp","contentUrl":"https:\/\/rosanacl.com\/wp-content\/uploads\/2025\/04\/Sujetador-modelo-Mariluz-000001.webp","width":1000,"height":1000},{"@type":"BreadcrumbList","@id":"https:\/\/rosanacl.com\/producto\/sujetador-modelo-mariluz\/#breadcrumb","itemListElement":[{"@type":"ListItem","position":1,"name":"Portada","item":"https:\/\/rosanacl.com\/ca\/"},{"@type":"ListItem","position":2,"name":"Tienda","item":"https:\/\/rosanacl.com\/ca\/tienda\/"},{"@type":"ListItem","position":3,"name":"Sujetador Selene Mariluz"}]},{"@type":"WebSite","@id":"https:\/\/rosanacl.com\/ca\/#website","url":"https:\/\/rosanacl.com\/ca\/","name":"\u0420\u0430\u0437\u0430\u043d\u0430 \u041a.\u041b.","description":"\u041c\u044b \u2014 \u0433\u044d\u0442\u0430 \u0432\u0430\u0448\u0430 \u045e\u043d\u0443\u0442\u0440\u0430\u043d\u0430\u0435 \u00ab\u044f\u00bb","potentialAction":[{"@type":"SearchAction","target":{"@type":"EntryPoint","urlTemplate":"https:\/\/rosanacl.com\/ca\/?s={search_term_string}"},"query-input":{"@type":"PropertyValueSpecification","valueRequired":true,"valueName":"search_term_string"}}],"inLanguage":"be"}]}},"_links":{"self":[{"href":"https:\/\/rosanacl.com\/be\/wp-json\/wp\/v2\/product\/134","targetHints":{"allow":["GET"]}}],"collection":[{"href":"https:\/\/rosanacl.com\/be\/wp-json\/wp\/v2\/product"}],"about":[{"href":"https:\/\/rosanacl.com\/be\/wp-json\/wp\/v2\/types\/product"}],"replies":[{"embeddable":true,"href":"https:\/\/rosanacl.com\/be\/wp-json\/wp\/v2\/comments?post=134"}],"version-history":[{"count":5,"href":"https:\/\/rosanacl.com\/be\/wp-json\/wp\/v2\/product\/134\/revisions"}],"predecessor-version":[{"id":4627,"href":"https:\/\/rosanacl.com\/be\/wp-json\/wp\/v2\/product\/134\/revisions\/4627"}],"wp:featuredmedia":[{"embeddable":true,"href":"https:\/\/rosanacl.com\/be\/wp-json\/wp\/v2\/media\/1450"}],"wp:attachment":[{"href":"https:\/\/rosanacl.com\/be\/wp-json\/wp\/v2\/media?parent=134"}],"wp:term":[{"taxonomy":"product_brand","embeddable":true,"href":"https:\/\/rosanacl.com\/be\/wp-json\/wp\/v2\/product_brand?post=134"},{"taxonomy":"product_cat","embeddable":true,"href":"https:\/\/rosanacl.com\/be\/wp-json\/wp\/v2\/product_cat?post=134"},{"taxonomy":"product_tag","embeddable":true,"href":"https:\/\/rosanacl.com\/be\/wp-json\/wp\/v2\/product_tag?post=134"}],"curies":[{"name":"\u0432\u043f","href":"https:\/\/api.w.org\/{rel}","templated":true}]}}