{"id":290,"date":"2025-04-29T13:19:48","date_gmt":"2025-04-29T11:19:48","guid":{"rendered":"https:\/\/rosanacl.com\/?post_type=product&#038;p=290"},"modified":"2026-01-08T03:36:24","modified_gmt":"2026-01-08T02:36:24","slug":"sujetador-modelo-lorea","status":"publish","type":"product","link":"https:\/\/rosanacl.com\/be\/product\/sujetador-modelo-lorea\/","title":{"rendered":"\u0411\u044e\u0441\u0442\u0433\u0430\u043b\u044c\u0442\u0430\u0440 Selene Lorea"},"content":{"rendered":"<p>\u0411\u044e\u0441\u0442\u0433\u0430\u043b\u044c\u0442\u0430\u0440 Lorea \u0430\u0434 Selene \u0440\u0430\u0441\u043f\u0440\u0430\u0446\u0430\u0432\u0430\u043d\u044b \u0434\u043b\u044f \u0442\u0430\u0433\u043e, \u043a\u0430\u0431 \u0437\u0430\u0431\u044f\u0441\u043f\u0435\u0447\u0432\u0430\u0446\u044c \u0442\u0440\u044b\u0432\u0430\u043b\u0443\u044e \u0456 \u043a\u0430\u043c\u0444\u043e\u0440\u0442\u043d\u0443\u044e \u043f\u0430\u0434\u0442\u0440\u044b\u043c\u043a\u0443 \u0431\u0435\u0437 \u0448\u043a\u043e\u0434\u044b \u0434\u043b\u044f \u044d\u043b\u0435\u0433\u0430\u043d\u0442\u043d\u0430\u0433\u0430 \u0432\u044b\u0433\u043b\u044f\u0434\u0443. \u042f\u0433\u043e \u043c\u0456\u043d\u0456\u043c\u0456\u0437\u0443\u044e\u0447\u044b \u044d\u0444\u0435\u043a\u0442 \u0434\u0430\u043f\u0430\u043c\u0430\u0433\u0430\u0435 \u0432\u0456\u0437\u0443\u0430\u043b\u044c\u043d\u0430 \u0437\u0440\u0430\u0431\u0456\u0446\u044c \u0431\u044e\u0441\u0442 \u0437\u0433\u0440\u0430\u0431\u043d\u0435\u0439\u0448\u044b\u043c, \u0430 \u043a\u0430\u0440\u043a\u0430\u0441 \u0437\u0430\u0431\u044f\u0441\u043f\u0435\u0447\u0432\u0430\u0435 \u043f\u0430\u0434\u0442\u0440\u044b\u043c\u043a\u0443 \u0456 \u043f\u0440\u044b\u0433\u043e\u0436\u0443\u044e \u0444\u043e\u0440\u043c\u0443 \u0431\u0435\u0437 \u043d\u0435\u0430\u0431\u0445\u043e\u0434\u043d\u0430\u0441\u0446\u0456 \u045e\u043a\u043b\u0430\u0434\u044b\u0448\u0430\u045e.<\/p>\n<p>\u0420\u0430\u0441\u043f\u0440\u0430\u0446\u0430\u0432\u0430\u043d\u0430\u044f \u0434\u043b\u044f \u0436\u0430\u043d\u0447\u044b\u043d, \u044f\u043a\u0456\u044f \u0448\u0443\u043a\u0430\u044e\u0446\u044c \u0432\u044f\u043b\u0456\u043a\u0443\u044e \u043f\u0440\u0430\u0441\u0442\u043e\u0440\u0443 \u0456 \u0441\u0442\u0430\u0431\u0456\u043b\u044c\u043d\u0430\u0441\u0446\u044c, \u0442\u043a\u0430\u043d\u0456\u043d\u0430 Lorea \u043c\u0430\u0435 \u0434\u0432\u0430\u0439\u043d\u0443\u044e \u043b\u0430\u043c\u0456\u043d\u0430\u0432\u0430\u043d\u0443\u044e \u043c\u0456\u043a\u0440\u0430\u0444\u0456\u0431\u0440\u0443, \u044f\u043a\u0430\u044f \u043f\u0440\u044b\u0441\u0442\u0430\u0441\u043e\u045e\u0432\u0430\u0435\u0446\u0446\u0430 \u0434\u0430 \u0446\u0435\u043b\u0430 \u0456 \u0437\u0430\u0445\u043e\u045e\u0432\u0430\u0435 \u043f\u0440\u044b\u0435\u043c\u043d\u044b\u044f \u0430\u0434\u0447\u0443\u0432\u0430\u043d\u043d\u0456 \u043d\u0430 \u043f\u0440\u0430\u0446\u044f\u0433\u0443 \u045e\u0441\u044f\u0433\u043e \u0434\u043d\u044f.<\/p>\n<p>\u0410\u043a\u0440\u0430\u043c\u044f \u0442\u0430\u0433\u043e, \u044f\u0433\u043e \u043c\u044f\u043a\u043a\u0456\u044f \u0440\u0430\u043c\u044f\u043d\u0456 \u043f\u0440\u044b\u0437\u043d\u0430\u0447\u0430\u043d\u044b \u0434\u043b\u044f \u0437\u043d\u0456\u0436\u044d\u043d\u043d\u044f \u0434\u044b\u0441\u043a\u0430\u043c\u0444\u043e\u0440\u0442\u0443, \u0445\u0430\u0440\u0430\u043a\u0442\u044d\u0440\u043d\u0430\u0433\u0430 \u0434\u043b\u044f \u0440\u0430\u043c\u044f\u043d\u0451\u045e, \u044f\u043a\u0456\u044f \u043f\u0435\u0440\u0430\u0446\u0456\u0441\u043a\u0430\u044e\u0446\u044c \u0430\u0431\u043e \u043f\u0430\u043a\u0456\u0434\u0430\u044e\u0446\u044c \u0441\u043b\u044f\u0434\u044b, \u043f\u0430\u043b\u044f\u043f\u0448\u0430\u044e\u0447\u044b \u043a\u0430\u043c\u0444\u043e\u0440\u0442 \u043f\u0440\u044b \u043f\u0440\u0430\u0446\u044f\u0433\u043b\u044b\u043c \u0432\u044b\u043a\u0430\u0440\u044b\u0441\u0442\u0430\u043d\u043d\u0456.<\/p>\n<p>\u0414\u044d\u0442\u0430\u043b\u0456, \u044f\u043a\u0456\u044f \u0432\u044b \u0437\u0430\u045e\u0432\u0430\u0436\u044b\u0446\u0435, \u043a\u0430\u043b\u0456 \u043d\u0430\u0434\u0437\u0435\u043d\u0435\u0446\u0435 \u044f\u0433\u043e<\/p>\n<ul>\n<li>\u042d\u0444\u0435\u043a\u0442 \u043f\u0430\u0445\u0443\u0434\u0430\u043d\u043d\u044f \u0437 \u0440\u044d\u0430\u043b\u044c\u043d\u0430\u0439 \u043f\u0430\u0434\u0442\u0440\u044b\u043c\u043a\u0430\u0439 (\u0431\u0435\u0437 \u043f\u0430\u0434\u043a\u043b\u0430\u0434\u043a\u0456).<\/li>\n<li>\u0410\u0431\u0440\u0443\u0447\u044b \u0434\u043b\u044f \u0441\u0442\u0430\u0431\u0456\u043b\u044c\u043d\u0430\u0439 \u043f\u0430\u0434\u0442\u0440\u044b\u043c\u043a\u0456 \u0456 \u043f\u0440\u044b\u0433\u043e\u0436\u0430\u0439 \u0444\u043e\u0440\u043c\u044b.<\/li>\n<li>\u041b\u0451\u0433\u043a\u0430\u044f, \u044d\u043b\u0430\u0441\u0442\u044b\u0447\u043d\u0430\u044f \u0442\u043a\u0430\u043d\u0456\u043d\u0430, \u044f\u043a\u0430\u044f \u0440\u0443\u0445\u0430\u0435\u0446\u0446\u0430 \u0440\u0430\u0437\u0430\u043c \u0437 \u0432\u0430\u043c\u0456.<\/li>\n<li>\u0428\u044b\u0440\u043e\u043a\u0456\u044f, \u043c\u044f\u043a\u043a\u0456\u044f \u0440\u0430\u043c\u044f\u043d\u0456 \u0434\u043b\u044f \u0434\u0430\u0434\u0430\u0442\u043a\u043e\u0432\u0430\u0433\u0430 \u043a\u0430\u043c\u0444\u043e\u0440\u0442\u0443.<\/li>\n<\/ul>\n<p>\ud83d\udde3\ufe0f \u041f\u0430\u0440\u0430\u0434\u0430: \u041a\u0430\u043b\u0456 \u0432\u044b \u0445\u043e\u0447\u0430\u0446\u0435 \u0430\u0434\u0447\u0443\u0432\u0430\u0446\u044c \u0441\u044f\u0431\u0435 \u00ab\u0434\u043e\u0431\u0440\u0430 \u043f\u0430\u0434\u0442\u0440\u044b\u043c\u0430\u043d\u0430\u0439\u00bb \u0431\u0435\u0437 \u043f\u0430\u0441\u0442\u0430\u044f\u043d\u043d\u0430\u0433\u0430 \u043f\u0435\u0440\u0430\u0431\u0443\u0434\u043e\u045e\u0432\u0430\u043d\u043d\u044f, Lorea \u0434\u043b\u044f \u0432\u0430\u0441: \u044f\u043d\u0430 \u0434\u0430\u0435 \u0432\u0430\u043c \u0430\u0434\u0447\u0443\u0432\u0430\u043d\u043d\u0435 \u043f\u0430\u0434\u0442\u0440\u044b\u043c\u0430\u043d\u0430\u0439 \u0456 \u0446\u044d\u043d\u0442\u0440\u0430\u043b\u044c\u043d\u0430\u0439 \u0433\u0440\u0443\u0434\u0437\u0435\u0439, \u0430\u043b\u0435 \u0437 \u0441\u0430\u043f\u0440\u0430\u045e\u0434\u043d\u044b\u043c \u043a\u0430\u043c\u0444\u043e\u0440\u0442\u0430\u043c, \u043f\u0440\u0430 \u044f\u043a\u0456 \u0432\u044b \u0437\u0430\u0431\u044b\u0432\u0430\u0435\u0446\u0435 \u043d\u0430 \u043f\u0440\u0430\u0446\u044f\u0433\u0443 \u0434\u043d\u044f.<\/p>\n<p>\ud83d\udccf \u0417\u0430\u045e\u0432\u0430\u0433\u0430: \u041a\u0430\u0431 \u0430\u0442\u0440\u044b\u043c\u0430\u0446\u044c \u043f\u0440\u0430\u0432\u0456\u043b\u044c\u043d\u0443\u044e \u043f\u0430\u0441\u0430\u0434\u043a\u0443 \u0437 Lorea (\u044d\u0444\u0435\u043a\u0442 \u0441\u0442\u0440\u043e\u0439\u043d\u0430\u0441\u0446\u0456 + \u0448\u044b\u0440\u043e\u043a\u0456\u044f \u0440\u0430\u043c\u044f\u043d\u0456), \u043f\u0435\u0440\u0430\u043a\u0430\u043d\u0430\u0439\u0446\u0435\u0441\u044f, \u0448\u0442\u043e \u0441\u0442\u0443\u0436\u043a\u0430 \u0442\u0440\u044b\u0432\u0430\u043b\u0430 \u0456 \u0440\u043e\u045e\u043d\u0430 \u0441\u044f\u0434\u0437\u0456\u0446\u044c \u043d\u0430 \u0441\u043f\u0456\u043d\u0435 \u0437 \u043f\u0435\u0440\u0448\u0430\u0433\u0430 \u0440\u0430\u0437\u0443: \u043a\u0430\u043b\u0456 \u044f\u043d\u0430 \u043f\u0430\u0434\u044b\u043c\u0430\u0435\u0446\u0446\u0430 \u043f\u0440\u044b \u0440\u0443\u0445\u0443 \u0440\u0443\u043a\u0430\u043c\u0456, \u044f\u043d\u0430 \u043d\u0435 \u0437\u0430\u0431\u044f\u0441\u043f\u0435\u0447\u0432\u0430\u0435 \u0434\u0430\u0441\u0442\u0430\u0442\u043a\u043e\u0432\u0430\u0439 \u043f\u0430\u0434\u0442\u0440\u044b\u043c\u043a\u0456. \u0410 \u043a\u0430\u043b\u0456 \u045e \u0432\u0430\u0441 \u0451\u0441\u0446\u044c \u0441\u0442\u0443\u0436\u043a\u0430 \u043b\u044e\u0431\u043e\u0433\u0430 \u043f\u0430\u043c\u0435\u0440\u0443, \u0442\u043e \u0431\u043e\u043b\u044c\u0448 \u0441\u0442\u0430\u0431\u0456\u043b\u044c\u043d\u0430\u044f \u0437\u0432\u044b\u0447\u0430\u0439\u043d\u0430 \u043f\u0440\u0430\u0446\u0443\u0435 \u043b\u0435\u043f\u0448, \u0431\u043e \u044f\u043d\u0430 \u0437\u0430\u0431\u044f\u0441\u043f\u0435\u0447\u0432\u0430\u0435 \u043d\u0435\u0430\u0431\u0445\u043e\u0434\u043d\u0443\u044e \u043f\u0430\u0434\u0442\u0440\u044b\u043c\u043a\u0443 \u0456 \u043d\u0435 \u0434\u0430\u0435 \u0440\u0430\u043c\u044f\u043d\u044f\u043c \u0434\u0430\u0434\u0430\u0442\u043a\u043e\u0432\u0430\u0439 \u043d\u0430\u0433\u0440\u0443\u0437\u043a\u0456 \u043d\u0430 \u043f\u0430\u044f\u0441\u043d\u0456\u0446\u0443.<\/p>\n<p>\u0421\u043a\u043b\u0430\u0434: \u043f\u043e\u043b\u0456\u0430\u043c\u0456\u0434 80%, \u044d\u043b\u0430\u0441\u0442\u0430\u043d 20%.<\/p>\n<p>\u2728 \u0410\u0431\u044f\u0440\u044b\u0446\u0435 Lorea \u0456 \u0430\u0434\u0447\u0443\u0439\u0446\u0435 \u0440\u043e\u0437\u043d\u0456\u0446\u0443: \u043f\u0430\u0434\u0442\u0440\u044b\u043c\u043a\u0430, \u043a\u0430\u043c\u0444\u043e\u0440\u0442 \u0456 \u043f\u0440\u044b\u0433\u043e\u0436\u044b \u0431\u044e\u0441\u0442\u2026 \u043d\u0430 \u043f\u0440\u0430\u0446\u044f\u0433\u0443 \u045e\u0441\u044f\u0433\u043e \u0434\u043d\u044f.<\/p>\n<p>&nbsp;<\/p>\n<p>&nbsp;<\/p>\n<p>&nbsp;<\/p>\n<p>&nbsp;<\/p>","protected":false},"excerpt":{"rendered":"<p>El sujetador Lorea de Selene est\u00e1 dise\u00f1ado para ofrecer una sujeci\u00f3n firme y c\u00f3moda sin renunciar a un acabado elegante. Su efecto reductor ayuda a estilizar visualmente el busto, mientras que los aros aportan soporte y una forma bonita, sin necesidad de relleno. Pensado para mujeres que buscan gran capacidad y estabilidad, Lorea incorpora un [&hellip;]<\/p>\n","protected":false},"featured_media":1442,"comment_status":"open","ping_status":"closed","template":"","meta":{"content-type":""},"product_brand":[55],"product_cat":[80,24,20],"product_tag":[57,56,58],"class_list":{"0":"post-290","1":"product","2":"type-product","3":"status-publish","4":"has-post-thumbnail","6":"product_brand-selene","7":"product_cat-con-aros-sin-relleno","8":"product_cat-sin-relleno","9":"product_cat-sujetador","10":"product_tag-sin-relleno","11":"product_tag-sujetador","12":"product_tag-sujetador-reductor","14":"first","15":"instock","16":"taxable","17":"shipping-taxable","18":"purchasable","19":"product-type-variable"},"supplier_id":null,"supplier_sku":"","barcode":null,"atum_controlled":true,"out_stock_date":null,"out_stock_threshold":null,"inheritable":true,"inbound_stock":0,"stock_on_hold":0,"sold_today":0,"sales_last_days":0,"reserved_stock":0,"customer_returns":0,"warehouse_damage":0,"lost_in_post":0,"other_logs":0,"out_stock_days":0,"lost_sales":0,"has_location":false,"update_date":"2026-01-08T02:36:25","atum_locations":[],"atum_stock_status":"instock","restock_status":false,"low_stock_amount":"","sales_update_date":"2025-10-03T04:57:20","calc_backorders":null,"yoast_head":"<!-- This site is optimized with the Yoast SEO plugin v27.4 - https:\/\/yoast.com\/product\/yoast-seo-wordpress\/ -->\n<title>Sujetador Selene Lorea - Rosana CL<\/title>\n<meta name=\"robots\" content=\"index, follow, max-snippet:-1, max-image-preview:large, max-video-preview:-1\" \/>\n<link rel=\"canonical\" href=\"https:\/\/rosanacl.com\/be\/product\/sujetador-modelo-lorea\/\" \/>\n<meta property=\"og:locale\" content=\"en_US\" \/>\n<meta property=\"og:type\" content=\"article\" \/>\n<meta property=\"og:title\" content=\"Sujetador Selene Lorea - Rosana CL\" \/>\n<meta property=\"og:description\" content=\"El sujetador Lorea de Selene est\u00e1 dise\u00f1ado para ofrecer una sujeci\u00f3n firme y c\u00f3moda sin renunciar a un acabado elegante. Su efecto reductor ayuda a estilizar visualmente el busto, mientras que los aros aportan soporte y una forma bonita, sin necesidad de relleno. Pensado para mujeres que buscan gran capacidad y estabilidad, Lorea incorpora un [&hellip;]\" \/>\n<meta property=\"og:url\" content=\"https:\/\/rosanacl.com\/be\/product\/sujetador-modelo-lorea\/\" \/>\n<meta property=\"og:site_name\" content=\"Rosana CL\" \/>\n<meta property=\"article:modified_time\" content=\"2026-01-08T02:36:24+00:00\" \/>\n<meta property=\"og:image\" content=\"https:\/\/rosanacl.com\/wp-content\/uploads\/2025\/04\/Sujetador-modelo-Lorea-000001.webp\" \/>\n\t<meta property=\"og:image:width\" content=\"1000\" \/>\n\t<meta property=\"og:image:height\" content=\"1000\" \/>\n\t<meta property=\"og:image:type\" content=\"image\/webp\" \/>\n<meta name=\"twitter:card\" content=\"summary_large_image\" \/>\n<meta name=\"twitter:label1\" content=\"Est. reading time\" \/>\n\t<meta name=\"twitter:data1\" content=\"2 minutes\" \/>\n<script type=\"application\/ld+json\" class=\"yoast-schema-graph\">{\"@context\":\"https:\\\/\\\/schema.org\",\"@graph\":[{\"@type\":\"WebPage\",\"@id\":\"https:\\\/\\\/rosanacl.com\\\/producto\\\/sujetador-modelo-lorea\\\/\",\"url\":\"https:\\\/\\\/rosanacl.com\\\/producto\\\/sujetador-modelo-lorea\\\/\",\"name\":\"Sujetador Selene Lorea - Rosana CL\",\"isPartOf\":{\"@id\":\"https:\\\/\\\/rosanacl.com\\\/ca\\\/#website\"},\"primaryImageOfPage\":{\"@id\":\"https:\\\/\\\/rosanacl.com\\\/producto\\\/sujetador-modelo-lorea\\\/#primaryimage\"},\"image\":{\"@id\":\"https:\\\/\\\/rosanacl.com\\\/producto\\\/sujetador-modelo-lorea\\\/#primaryimage\"},\"thumbnailUrl\":\"https:\\\/\\\/rosanacl.com\\\/wp-content\\\/uploads\\\/2025\\\/04\\\/Sujetador-modelo-Lorea-000001.webp\",\"datePublished\":\"2025-04-29T11:19:48+00:00\",\"dateModified\":\"2026-01-08T02:36:24+00:00\",\"breadcrumb\":{\"@id\":\"https:\\\/\\\/rosanacl.com\\\/producto\\\/sujetador-modelo-lorea\\\/#breadcrumb\"},\"inLanguage\":\"be\",\"potentialAction\":[{\"@type\":\"ReadAction\",\"target\":[\"https:\\\/\\\/rosanacl.com\\\/producto\\\/sujetador-modelo-lorea\\\/\"]}]},{\"@type\":\"ImageObject\",\"inLanguage\":\"be\",\"@id\":\"https:\\\/\\\/rosanacl.com\\\/producto\\\/sujetador-modelo-lorea\\\/#primaryimage\",\"url\":\"https:\\\/\\\/rosanacl.com\\\/wp-content\\\/uploads\\\/2025\\\/04\\\/Sujetador-modelo-Lorea-000001.webp\",\"contentUrl\":\"https:\\\/\\\/rosanacl.com\\\/wp-content\\\/uploads\\\/2025\\\/04\\\/Sujetador-modelo-Lorea-000001.webp\",\"width\":1000,\"height\":1000},{\"@type\":\"BreadcrumbList\",\"@id\":\"https:\\\/\\\/rosanacl.com\\\/producto\\\/sujetador-modelo-lorea\\\/#breadcrumb\",\"itemListElement\":[{\"@type\":\"ListItem\",\"position\":1,\"name\":\"Portada\",\"item\":\"https:\\\/\\\/rosanacl.com\\\/ca\\\/\"},{\"@type\":\"ListItem\",\"position\":2,\"name\":\"Tienda\",\"item\":\"https:\\\/\\\/rosanacl.com\\\/ca\\\/tienda\\\/\"},{\"@type\":\"ListItem\",\"position\":3,\"name\":\"Sujetador Selene Lorea\"}]},{\"@type\":\"WebSite\",\"@id\":\"https:\\\/\\\/rosanacl.com\\\/ca\\\/#website\",\"url\":\"https:\\\/\\\/rosanacl.com\\\/ca\\\/\",\"name\":\"Rosana CL\",\"description\":\"Somos tu interior\",\"potentialAction\":[{\"@type\":\"SearchAction\",\"target\":{\"@type\":\"EntryPoint\",\"urlTemplate\":\"https:\\\/\\\/rosanacl.com\\\/ca\\\/?s={search_term_string}\"},\"query-input\":{\"@type\":\"PropertyValueSpecification\",\"valueRequired\":true,\"valueName\":\"search_term_string\"}}],\"inLanguage\":\"be\"}]}<\/script>\n<!-- \/ Yoast SEO plugin. -->","yoast_head_json":{"title":"Sujetador Selene Lorea - Rosana CL","robots":{"index":"index","follow":"follow","max-snippet":"max-snippet:-1","max-image-preview":"max-image-preview:large","max-video-preview":"max-video-preview:-1"},"canonical":"https:\/\/rosanacl.com\/be\/product\/sujetador-modelo-lorea\/","og_locale":"en_US","og_type":"article","og_title":"Sujetador Selene Lorea - Rosana CL","og_description":"El sujetador Lorea de Selene est\u00e1 dise\u00f1ado para ofrecer una sujeci\u00f3n firme y c\u00f3moda sin renunciar a un acabado elegante. Su efecto reductor ayuda a estilizar visualmente el busto, mientras que los aros aportan soporte y una forma bonita, sin necesidad de relleno. Pensado para mujeres que buscan gran capacidad y estabilidad, Lorea incorpora un [&hellip;]","og_url":"https:\/\/rosanacl.com\/be\/product\/sujetador-modelo-lorea\/","og_site_name":"Rosana CL","article_modified_time":"2026-01-08T02:36:24+00:00","og_image":[{"width":1000,"height":1000,"url":"https:\/\/rosanacl.com\/wp-content\/uploads\/2025\/04\/Sujetador-modelo-Lorea-000001.webp","type":"image\/webp"}],"twitter_card":"summary_large_image","twitter_misc":{"Est. reading time":"2 minutes"},"schema":{"@context":"https:\/\/schema.org","@graph":[{"@type":"WebPage","@id":"https:\/\/rosanacl.com\/producto\/sujetador-modelo-lorea\/","url":"https:\/\/rosanacl.com\/producto\/sujetador-modelo-lorea\/","name":"Sujetador Selene Lorea - Rosana CL","isPartOf":{"@id":"https:\/\/rosanacl.com\/ca\/#website"},"primaryImageOfPage":{"@id":"https:\/\/rosanacl.com\/producto\/sujetador-modelo-lorea\/#primaryimage"},"image":{"@id":"https:\/\/rosanacl.com\/producto\/sujetador-modelo-lorea\/#primaryimage"},"thumbnailUrl":"https:\/\/rosanacl.com\/wp-content\/uploads\/2025\/04\/Sujetador-modelo-Lorea-000001.webp","datePublished":"2025-04-29T11:19:48+00:00","dateModified":"2026-01-08T02:36:24+00:00","breadcrumb":{"@id":"https:\/\/rosanacl.com\/producto\/sujetador-modelo-lorea\/#breadcrumb"},"inLanguage":"be","potentialAction":[{"@type":"ReadAction","target":["https:\/\/rosanacl.com\/producto\/sujetador-modelo-lorea\/"]}]},{"@type":"ImageObject","inLanguage":"be","@id":"https:\/\/rosanacl.com\/producto\/sujetador-modelo-lorea\/#primaryimage","url":"https:\/\/rosanacl.com\/wp-content\/uploads\/2025\/04\/Sujetador-modelo-Lorea-000001.webp","contentUrl":"https:\/\/rosanacl.com\/wp-content\/uploads\/2025\/04\/Sujetador-modelo-Lorea-000001.webp","width":1000,"height":1000},{"@type":"BreadcrumbList","@id":"https:\/\/rosanacl.com\/producto\/sujetador-modelo-lorea\/#breadcrumb","itemListElement":[{"@type":"ListItem","position":1,"name":"Portada","item":"https:\/\/rosanacl.com\/ca\/"},{"@type":"ListItem","position":2,"name":"Tienda","item":"https:\/\/rosanacl.com\/ca\/tienda\/"},{"@type":"ListItem","position":3,"name":"Sujetador Selene Lorea"}]},{"@type":"WebSite","@id":"https:\/\/rosanacl.com\/ca\/#website","url":"https:\/\/rosanacl.com\/ca\/","name":"\u0420\u0430\u0437\u0430\u043d\u0430 \u041a.\u041b.","description":"\u041c\u044b \u2014 \u0433\u044d\u0442\u0430 \u0432\u0430\u0448\u0430 \u045e\u043d\u0443\u0442\u0440\u0430\u043d\u0430\u0435 \u00ab\u044f\u00bb","potentialAction":[{"@type":"SearchAction","target":{"@type":"EntryPoint","urlTemplate":"https:\/\/rosanacl.com\/ca\/?s={search_term_string}"},"query-input":{"@type":"PropertyValueSpecification","valueRequired":true,"valueName":"search_term_string"}}],"inLanguage":"be"}]}},"_links":{"self":[{"href":"https:\/\/rosanacl.com\/be\/wp-json\/wp\/v2\/product\/290","targetHints":{"allow":["GET"]}}],"collection":[{"href":"https:\/\/rosanacl.com\/be\/wp-json\/wp\/v2\/product"}],"about":[{"href":"https:\/\/rosanacl.com\/be\/wp-json\/wp\/v2\/types\/product"}],"replies":[{"embeddable":true,"href":"https:\/\/rosanacl.com\/be\/wp-json\/wp\/v2\/comments?post=290"}],"version-history":[{"count":5,"href":"https:\/\/rosanacl.com\/be\/wp-json\/wp\/v2\/product\/290\/revisions"}],"predecessor-version":[{"id":4644,"href":"https:\/\/rosanacl.com\/be\/wp-json\/wp\/v2\/product\/290\/revisions\/4644"}],"wp:featuredmedia":[{"embeddable":true,"href":"https:\/\/rosanacl.com\/be\/wp-json\/wp\/v2\/media\/1442"}],"wp:attachment":[{"href":"https:\/\/rosanacl.com\/be\/wp-json\/wp\/v2\/media?parent=290"}],"wp:term":[{"taxonomy":"product_brand","embeddable":true,"href":"https:\/\/rosanacl.com\/be\/wp-json\/wp\/v2\/product_brand?post=290"},{"taxonomy":"product_cat","embeddable":true,"href":"https:\/\/rosanacl.com\/be\/wp-json\/wp\/v2\/product_cat?post=290"},{"taxonomy":"product_tag","embeddable":true,"href":"https:\/\/rosanacl.com\/be\/wp-json\/wp\/v2\/product_tag?post=290"}],"curies":[{"name":"\u0432\u043f","href":"https:\/\/api.w.org\/{rel}","templated":true}]}}