{"id":3446,"date":"2025-08-19T09:18:31","date_gmt":"2025-08-19T07:18:31","guid":{"rendered":"https:\/\/rosanacl.com\/?post_type=product&#038;p=3446"},"modified":"2026-01-08T03:07:48","modified_gmt":"2026-01-08T02:07:48","slug":"braga-selene-roxana","status":"publish","type":"product","link":"https:\/\/rosanacl.com\/be\/product\/braga-selene-roxana\/","title":{"rendered":"\u0411\u0440\u0430\u0433\u0430 \u0421\u0435\u043b\u0435\u043d\u0430 \u0420\u0430\u043a\u0441\u0430\u043d\u0430"},"content":{"rendered":"<p>\u0422\u0440\u0443\u0441\u0456\u043a\u0456 Selene Roxana \u0437 \u0432\u044b\u0441\u043e\u043a\u0430\u0439 \u0442\u0430\u043b\u0456\u044f\u0439, \u043f\u0440\u044b\u0437\u043d\u0430\u0447\u0430\u043d\u044b\u044f \u0434\u043b\u044f \u043a\u0430\u043c\u0444\u043e\u0440\u0442\u043d\u0430\u0433\u0430 \u0456 \u044d\u043b\u0435\u0433\u0430\u043d\u0442\u043d\u0430\u0433\u0430 \u0440\u0430\u0437\u0433\u043b\u0430\u0434\u0436\u0432\u0430\u043d\u043d\u044f \u0432\u043e\u0431\u043b\u0430\u0441\u0446\u0456 \u0436\u044b\u0432\u0430\u0442\u0430. \u0421\u043f\u0430\u043b\u0443\u0447\u044d\u043d\u043d\u0435 \u0444\u0430\u0446\u0456\u043d\u0443 \u0456 \u0434\u044d\u043a\u0430\u0440\u0430\u0442\u044b\u045e\u043d\u0430\u0439 \u0434\u044d\u0442\u0430\u043b\u0456 \u0441\u043f\u0435\u0440\u0430\u0434\u0443 \u043d\u0430\u0434\u0430\u0435 \u0456\u043c \u0434\u0430\u043b\u0456\u043a\u0430\u0442\u043d\u044b \u0456 \u0436\u0430\u043d\u043e\u0446\u043a\u0456 \u0432\u044b\u0433\u043b\u044f\u0434, \u0456\u0434\u044d\u0430\u043b\u044c\u043d\u0430 \u043f\u0430\u0434\u044b\u0445\u043e\u0434\u0437\u044f\u0447\u044b \u0434\u043b\u044f \u043f\u0430\u0434\u0442\u0440\u044b\u043c\u043a\u0456 \u0431\u0435\u0437 \u0448\u043a\u043e\u0434\u044b \u0434\u043b\u044f \u043c\u044f\u043a\u043a\u0430\u0441\u0446\u0456.<\/p>\n<p>\u0413\u044d\u0442\u0430 \u0456\u0434\u044d\u0430\u043b\u044c\u043d\u044b \u0432\u0430\u0440\u044b\u044f\u043d\u0442, \u043a\u0430\u043b\u0456 \u0432\u044b \u0448\u0443\u043a\u0430\u0435\u0446\u0435 \u0431\u044f\u043b\u0456\u0437\u043d\u0443, \u044f\u043a\u0430\u044f \u0437\u0431\u0456\u0440\u0430\u0435\u0446\u0446\u0430, \u0440\u0430\u0437\u0433\u043b\u0430\u0434\u0436\u0432\u0430\u0435 \u0456 \u0441\u0443\u043f\u0440\u0430\u0432\u0430\u0434\u0436\u0430\u0435 \u0432\u0430\u0441 \u043a\u043e\u0436\u043d\u044b \u0434\u0437\u0435\u043d\u044c, \u0437 \u043f\u0440\u044b\u0433\u043e\u0436\u044b\u043c \u0434\u044b\u0437\u0430\u0439\u043d\u0430\u043c, \u044f\u043a\u0456 \u0432\u044b \u0437\u0430\u045e\u0432\u0430\u0436\u044b\u0446\u0435, \u044f\u043a \u0442\u043e\u043b\u044c\u043a\u0456 \u044f\u0435 \u043d\u0430\u0434\u0437\u0435\u043d\u0435\u0446\u0435.<\/p>\n<p>\u0428\u0442\u043e \u0432\u0430\u043c \u0441\u043f\u0430\u0434\u0430\u0431\u0430\u0435\u0446\u0446\u0430<\/p>\n<ul>\n<li>\u0412\u044b\u0441\u043e\u043a\u0430\u044f \u0442\u0430\u043b\u0456\u044f: \u0434\u0430\u043f\u0430\u043c\u0430\u0433\u0430\u0435 \u0432\u0456\u0437\u0443\u0430\u043b\u044c\u043d\u0430 \u0437\u0433\u043b\u0430\u0434\u0437\u0456\u0446\u044c \u0444\u0456\u0433\u0443\u0440\u0443 \u0456 \u0434\u043e\u0431\u0440\u0430 \u0430\u0431\u043b\u044f\u0433\u0430\u0435 \u0444\u0456\u0433\u0443\u0440\u0443.<\/li>\n<li>\u042d\u0444\u0435\u043a\u0442 \u0431\u043e\u043b\u044c\u0448 \u0433\u043b\u0430\u0434\u043a\u0430\u0433\u0430 \u0436\u044b\u0432\u0430\u0442\u0430: \u0437\u0440\u0443\u0447\u043d\u0430 \u0442\u0440\u044b\u043c\u0430\u0435\u0446\u0446\u0430, \u0431\u0435\u0437 \u0430\u0434\u0447\u0443\u0432\u0430\u043d\u043d\u044f &quot;\u0446\u0432\u0451\u0440\u0434\u0430\u0441\u0446\u0456&quot;.<\/li>\n<li>\u0426\u044e\u043b\u044c + \u0444\u0430\u043d\u0442\u0430\u0437\u0456\u0439\u043d\u044b \u043f\u044f\u0440\u044d\u0434\u043d\u0456 \u043f\u043b\u0430\u043d: \u044d\u043b\u0435\u0433\u0430\u043d\u0442\u043d\u0430\u044f \u0434\u044d\u0442\u0430\u043b\u044c, \u044f\u043a\u0430\u044f \u045e\u0437\u0432\u044b\u0448\u0430\u0435 \u0432\u043e\u0431\u0440\u0430\u0437, \u043d\u0435 \u043f\u0435\u0440\u0430\u0433\u0440\u0443\u0436\u0430\u044e\u0447\u044b \u044f\u0433\u043e.<\/li>\n<li>\u0417\u0440\u0443\u0447\u043d\u0430\u044f \u0442\u043a\u0430\u043d\u0456\u043d\u0430 \u0434\u043b\u044f \u0448\u0442\u043e\u0434\u0437\u0451\u043d\u043d\u0430\u0433\u0430 \u0432\u044b\u043a\u0430\u0440\u044b\u0441\u0442\u0430\u043d\u043d\u044f: \u044f\u043d\u0430 \u043f\u0430\u0434\u043b\u0430\u0434\u0436\u0432\u0430\u0435\u0446\u0446\u0430 \u043f\u0430\u0434 \u0446\u0435\u043b\u0430 \u0456 \u0440\u0443\u0445\u0430\u0435\u0446\u0446\u0430 \u0440\u0430\u0437\u0430\u043c \u0437 \u0432\u0430\u043c\u0456.<\/li>\n<li>\u0420\u044d\u043a\u0430\u043c\u0435\u043d\u0434\u0430\u0432\u0430\u043d\u044b \u043a\u0430\u043c\u043f\u043b\u0435\u043a\u0442: \u0441\u043f\u0430\u043b\u0443\u0447\u0430\u0439\u0446\u0435 \u044f\u0433\u043e \u0437 \u0431\u044e\u0441\u0442\u0433\u0430\u043b\u044c\u0442\u0430\u0440\u0430\u043c\u0456 Selene Roxana \u0456 Selene Katia \u0434\u043b\u044f \u0456\u0434\u044d\u0430\u043b\u044c\u043d\u0430\u0433\u0430 \u043a\u0430\u043c\u043f\u043b\u0435\u043a\u0442\u0430.<\/li>\n<\/ul>\n<p>\ud83d\udde3\ufe0f \u041f\u0430\u0440\u0430\u0434\u0430: \u0431\u0430\u0445\u0456\u043b\u044b Roxana \u0440\u0430\u0441\u043f\u0440\u0430\u0446\u0430\u0432\u0430\u043d\u044b \u0434\u043b\u044f \u00ab\u0434\u043e\u0431\u0440\u0430\u0433\u0430 \u043a\u0430\u043d\u0442\u0440\u043e\u043b\u044e\u00bb: \u043a\u0430\u043b\u0456 \u0432\u044b \u0456\u0445 \u0430\u043f\u0440\u0430\u043d\u0430\u0435\u0446\u0435, \u044f\u043d\u044b \u043f\u0430\u0432\u0456\u043d\u043d\u044b \u0431\u044b\u0446\u044c \u0446\u0432\u0451\u0440\u0434\u044b\u043c\u0456, \u0430\u043b\u0435 \u043a\u0430\u043c\u0444\u043e\u0440\u0442\u043d\u044b\u043c\u0456, \u044f\u043a \u043d\u0456\u0436\u043d\u044f\u044f \u0431\u044f\u043b\u0456\u0437\u043d\u0430, \u044f\u043a\u0430\u044f \u043f\u0430\u0434\u044b\u043c\u0430\u0435 \u0456 \u0440\u0430\u0437\u0433\u043b\u0430\u0434\u0436\u0432\u0430\u0435 \u0436\u044b\u0432\u043e\u0442, \u043d\u0435 \u045e\u0446\u0456\u0441\u043a\u0430\u044e\u0447\u044b\u0441\u044f \u0456 \u043d\u0435 \u0441\u0442\u0432\u0430\u0440\u0430\u044e\u0447\u044b \u0430\u0434\u0447\u0443\u0432\u0430\u043d\u043d\u044f, \u0448\u0442\u043e \u0432\u044b \u045e \u0434\u0430\u0441\u043f\u0435\u0445\u0430\u0445. \u041a\u0430\u043b\u0456 \u0432\u044b \u0437\u0430\u045e\u0432\u0430\u0436\u044b\u043b\u0456, \u0448\u0442\u043e \u044f\u043d\u044b \u0440\u0443\u0445\u0430\u044e\u0446\u0446\u0430 \u0440\u0430\u0437\u0430\u043c \u0437 \u0432\u0430\u043c\u0456 (\u0456 \u043d\u0435 \u0446\u0456\u0441\u043d\u0443\u0446\u044c), \u043a\u0430\u043b\u0456 \u0432\u044b \u0445\u0430\u0434\u0437\u0456\u0446\u0435 \u0456 \u0441\u044f\u0434\u0437\u0456\u0446\u0435, \u0442\u043e \u0433\u044d\u0442\u0430 \u043c\u0435\u043d\u0430\u0432\u0456\u0442\u0430 \u0442\u043e\u0435, \u0448\u0442\u043e \u0432\u0430\u043c \u0442\u0440\u044d\u0431\u0430.<\/p>\n<p>\ud83d\udccf \u0417\u0430\u045e\u0432\u0430\u0433\u0430: \u041f\u0435\u0440\u0430\u0434 \u043a\u0443\u043f\u043b\u044f\u0439 \u043c\u0430\u0439\u0446\u0435 \u043d\u0430 \u045e\u0432\u0430\u0437\u0435 \u043d\u0430\u0441\u0442\u0443\u043f\u043d\u0430\u0435: \u043f\u0430\u043a\u043e\u043b\u044c\u043a\u0456 \u0433\u044d\u0442\u0430 \u0442\u0440\u0443\u0441\u044b \u0437 \u0432\u044b\u0441\u043e\u043a\u0430\u0439 \u0442\u0430\u043b\u0456\u044f\u0439, \u043a\u0430\u043b\u0456 \u0432\u044b \u0437\u043d\u0430\u0445\u043e\u0434\u0437\u0456\u0446\u0435\u0441\u044f \u043f\u0430\u043c\u0456\u0436 \u043f\u0430\u043c\u0435\u0440\u0430\u043c\u0456 \u0430\u0431\u043e \u0430\u0434\u0434\u0430\u0435\u0446\u0435 \u043f\u0435\u0440\u0430\u0432\u0430\u0433\u0443 \u0431\u043e\u043b\u044c\u0448 \u043c\u044f\u043a\u043a\u0430\u0439 \u043f\u0430\u0441\u0430\u0434\u0446\u044b, \u0437\u0432\u044b\u0447\u0430\u0439\u043d\u0430 \u043b\u0435\u043f\u0448 \u0432\u044b\u0431\u0440\u0430\u0446\u044c \u0431\u043e\u043b\u044c\u0448\u044b \u043f\u0430\u043c\u0435\u0440, \u043a\u0430\u0431 \u043f\u043e\u044f\u0441 \u0441\u044f\u0434\u0437\u0435\u045e \u0440\u043e\u045e\u043d\u0430 \u0456 \u0433\u043b\u0430\u0434\u043a\u0430 (\u043d\u0435 \u043f\u0430\u043a\u0456\u0434\u0430\u044e\u0447\u044b \u0441\u043b\u044f\u0434\u043e\u045e), \u0456 \u0432\u044b \u0430\u0434\u0447\u0443\u0432\u0430\u043b\u0456 \u0441\u044f\u0431\u0435 \u043a\u0430\u043c\u0444\u043e\u0440\u0442\u043d\u0430 \u043d\u0430 \u043f\u0440\u0430\u0446\u044f\u0433\u0443 \u045e\u0441\u044f\u0433\u043e \u0434\u043d\u044f.<\/p>\n<p>Composici\u00f3n: 83% poliamida, 17% elastano.<br \/>\n(Refuerzo interior en la zona \u00edntima: algod\u00f3n, en la mayor\u00eda de modelos.)<\/p>\n<p>\ud83d\udc57 \u0414\u044d\u0442\u0430\u043b\u044c, \u044f\u043a\u0430\u044f \u0440\u043e\u0431\u0456\u0446\u044c \u0440\u043e\u0437\u043d\u0456\u0446\u0443: \u043f\u0440\u044b\u0433\u043e\u0436\u044b, \u044d\u043b\u0435\u0433\u0430\u043d\u0442\u043d\u044b \u0456 \u0437\u0440\u0443\u0447\u043d\u044b \u043a\u0430\u043d\u0442\u0440\u043e\u043b\u044c\u2026 \u043d\u0430 \u043f\u0440\u0430\u0446\u044f\u0433\u0443 \u045e\u0441\u044f\u0433\u043e \u0434\u043d\u044f.<\/p>\n<div id=\"v1ms-outlook-mobile-body-separator-line\" dir=\"auto\"><\/div>","protected":false},"excerpt":{"rendered":"<p>La Braga Selene Roxana es una braga alta de control pensada para estilizar la zona del vientre con comodidad y un acabado elegante. Su combinaci\u00f3n de tul y detalle de fantas\u00eda en la parte delantera aporta un toque fino y femenino, ideal para sentirte sujeta sin renunciar a la suavidad. Es perfecta si buscas una [&hellip;]<\/p>\n","protected":false},"featured_media":3471,"comment_status":"closed","ping_status":"closed","template":"","meta":{"content-type":""},"product_brand":[55],"product_cat":[19],"product_tag":[69],"class_list":{"0":"post-3446","1":"product","2":"type-product","3":"status-publish","4":"has-post-thumbnail","6":"product_brand-selene","7":"product_cat-braga","8":"product_tag-braga","10":"first","11":"instock","12":"taxable","13":"shipping-taxable","14":"purchasable","15":"product-type-variable"},"supplier_id":null,"supplier_sku":"","barcode":null,"atum_controlled":true,"out_stock_date":null,"out_stock_threshold":null,"inheritable":true,"inbound_stock":0,"stock_on_hold":0,"sold_today":null,"sales_last_days":null,"reserved_stock":0,"customer_returns":0,"warehouse_damage":0,"lost_in_post":0,"other_logs":0,"out_stock_days":null,"lost_sales":null,"has_location":false,"update_date":"2026-01-08T02:07:49","atum_locations":[],"atum_stock_status":"instock","restock_status":false,"low_stock_amount":"","sales_update_date":"2025-10-03T04:55:32","calc_backorders":null,"yoast_head":"<!-- This site is optimized with the Yoast SEO plugin v27.4 - https:\/\/yoast.com\/product\/yoast-seo-wordpress\/ -->\n<title>Braga Selene Roxana - Rosana CL<\/title>\n<meta name=\"robots\" content=\"index, follow, max-snippet:-1, max-image-preview:large, max-video-preview:-1\" \/>\n<link rel=\"canonical\" href=\"https:\/\/rosanacl.com\/be\/product\/braga-selene-roxana\/\" \/>\n<meta property=\"og:locale\" content=\"en_US\" \/>\n<meta property=\"og:type\" content=\"article\" \/>\n<meta property=\"og:title\" content=\"Braga Selene Roxana - Rosana CL\" \/>\n<meta property=\"og:description\" content=\"La Braga Selene Roxana es una braga alta de control pensada para estilizar la zona del vientre con comodidad y un acabado elegante. Su combinaci\u00f3n de tul y detalle de fantas\u00eda en la parte delantera aporta un toque fino y femenino, ideal para sentirte sujeta sin renunciar a la suavidad. Es perfecta si buscas una [&hellip;]\" \/>\n<meta property=\"og:url\" content=\"https:\/\/rosanacl.com\/be\/product\/braga-selene-roxana\/\" \/>\n<meta property=\"og:site_name\" content=\"Rosana CL\" \/>\n<meta property=\"article:modified_time\" content=\"2026-01-08T02:07:48+00:00\" \/>\n<meta property=\"og:image\" content=\"https:\/\/rosanacl.com\/wp-content\/uploads\/2025\/08\/1-7-1024x1024.png\" \/>\n\t<meta property=\"og:image:width\" content=\"1024\" \/>\n\t<meta property=\"og:image:height\" content=\"1024\" \/>\n\t<meta property=\"og:image:type\" content=\"image\/png\" \/>\n<meta name=\"twitter:card\" content=\"summary_large_image\" \/>\n<meta name=\"twitter:label1\" content=\"Est. reading time\" \/>\n\t<meta name=\"twitter:data1\" content=\"2 minutes\" \/>\n<script type=\"application\/ld+json\" class=\"yoast-schema-graph\">{\"@context\":\"https:\\\/\\\/schema.org\",\"@graph\":[{\"@type\":\"WebPage\",\"@id\":\"https:\\\/\\\/rosanacl.com\\\/producto\\\/braga-selene-roxana\\\/\",\"url\":\"https:\\\/\\\/rosanacl.com\\\/producto\\\/braga-selene-roxana\\\/\",\"name\":\"Braga Selene Roxana - Rosana CL\",\"isPartOf\":{\"@id\":\"https:\\\/\\\/rosanacl.com\\\/ca\\\/#website\"},\"primaryImageOfPage\":{\"@id\":\"https:\\\/\\\/rosanacl.com\\\/producto\\\/braga-selene-roxana\\\/#primaryimage\"},\"image\":{\"@id\":\"https:\\\/\\\/rosanacl.com\\\/producto\\\/braga-selene-roxana\\\/#primaryimage\"},\"thumbnailUrl\":\"https:\\\/\\\/rosanacl.com\\\/wp-content\\\/uploads\\\/2025\\\/08\\\/1-7.png\",\"datePublished\":\"2025-08-19T07:18:31+00:00\",\"dateModified\":\"2026-01-08T02:07:48+00:00\",\"breadcrumb\":{\"@id\":\"https:\\\/\\\/rosanacl.com\\\/producto\\\/braga-selene-roxana\\\/#breadcrumb\"},\"inLanguage\":\"be\",\"potentialAction\":[{\"@type\":\"ReadAction\",\"target\":[\"https:\\\/\\\/rosanacl.com\\\/producto\\\/braga-selene-roxana\\\/\"]}]},{\"@type\":\"ImageObject\",\"inLanguage\":\"be\",\"@id\":\"https:\\\/\\\/rosanacl.com\\\/producto\\\/braga-selene-roxana\\\/#primaryimage\",\"url\":\"https:\\\/\\\/rosanacl.com\\\/wp-content\\\/uploads\\\/2025\\\/08\\\/1-7.png\",\"contentUrl\":\"https:\\\/\\\/rosanacl.com\\\/wp-content\\\/uploads\\\/2025\\\/08\\\/1-7.png\",\"width\":1333,\"height\":1333},{\"@type\":\"BreadcrumbList\",\"@id\":\"https:\\\/\\\/rosanacl.com\\\/producto\\\/braga-selene-roxana\\\/#breadcrumb\",\"itemListElement\":[{\"@type\":\"ListItem\",\"position\":1,\"name\":\"Portada\",\"item\":\"https:\\\/\\\/rosanacl.com\\\/ca\\\/\"},{\"@type\":\"ListItem\",\"position\":2,\"name\":\"Tienda\",\"item\":\"https:\\\/\\\/rosanacl.com\\\/ca\\\/tienda\\\/\"},{\"@type\":\"ListItem\",\"position\":3,\"name\":\"Braga Selene Roxana\"}]},{\"@type\":\"WebSite\",\"@id\":\"https:\\\/\\\/rosanacl.com\\\/ca\\\/#website\",\"url\":\"https:\\\/\\\/rosanacl.com\\\/ca\\\/\",\"name\":\"Rosana CL\",\"description\":\"Somos tu interior\",\"potentialAction\":[{\"@type\":\"SearchAction\",\"target\":{\"@type\":\"EntryPoint\",\"urlTemplate\":\"https:\\\/\\\/rosanacl.com\\\/ca\\\/?s={search_term_string}\"},\"query-input\":{\"@type\":\"PropertyValueSpecification\",\"valueRequired\":true,\"valueName\":\"search_term_string\"}}],\"inLanguage\":\"be\"}]}<\/script>\n<!-- \/ Yoast SEO plugin. -->","yoast_head_json":{"title":"Braga Selene Roxana - Rosana CL","robots":{"index":"index","follow":"follow","max-snippet":"max-snippet:-1","max-image-preview":"max-image-preview:large","max-video-preview":"max-video-preview:-1"},"canonical":"https:\/\/rosanacl.com\/be\/product\/braga-selene-roxana\/","og_locale":"en_US","og_type":"article","og_title":"Braga Selene Roxana - Rosana CL","og_description":"La Braga Selene Roxana es una braga alta de control pensada para estilizar la zona del vientre con comodidad y un acabado elegante. Su combinaci\u00f3n de tul y detalle de fantas\u00eda en la parte delantera aporta un toque fino y femenino, ideal para sentirte sujeta sin renunciar a la suavidad. Es perfecta si buscas una [&hellip;]","og_url":"https:\/\/rosanacl.com\/be\/product\/braga-selene-roxana\/","og_site_name":"Rosana CL","article_modified_time":"2026-01-08T02:07:48+00:00","og_image":[{"width":1024,"height":1024,"url":"https:\/\/rosanacl.com\/wp-content\/uploads\/2025\/08\/1-7-1024x1024.png","type":"image\/png"}],"twitter_card":"summary_large_image","twitter_misc":{"Est. reading time":"2 minutes"},"schema":{"@context":"https:\/\/schema.org","@graph":[{"@type":"WebPage","@id":"https:\/\/rosanacl.com\/producto\/braga-selene-roxana\/","url":"https:\/\/rosanacl.com\/producto\/braga-selene-roxana\/","name":"Braga Selene Roxana - Rosana CL","isPartOf":{"@id":"https:\/\/rosanacl.com\/ca\/#website"},"primaryImageOfPage":{"@id":"https:\/\/rosanacl.com\/producto\/braga-selene-roxana\/#primaryimage"},"image":{"@id":"https:\/\/rosanacl.com\/producto\/braga-selene-roxana\/#primaryimage"},"thumbnailUrl":"https:\/\/rosanacl.com\/wp-content\/uploads\/2025\/08\/1-7.png","datePublished":"2025-08-19T07:18:31+00:00","dateModified":"2026-01-08T02:07:48+00:00","breadcrumb":{"@id":"https:\/\/rosanacl.com\/producto\/braga-selene-roxana\/#breadcrumb"},"inLanguage":"be","potentialAction":[{"@type":"ReadAction","target":["https:\/\/rosanacl.com\/producto\/braga-selene-roxana\/"]}]},{"@type":"ImageObject","inLanguage":"be","@id":"https:\/\/rosanacl.com\/producto\/braga-selene-roxana\/#primaryimage","url":"https:\/\/rosanacl.com\/wp-content\/uploads\/2025\/08\/1-7.png","contentUrl":"https:\/\/rosanacl.com\/wp-content\/uploads\/2025\/08\/1-7.png","width":1333,"height":1333},{"@type":"BreadcrumbList","@id":"https:\/\/rosanacl.com\/producto\/braga-selene-roxana\/#breadcrumb","itemListElement":[{"@type":"ListItem","position":1,"name":"Portada","item":"https:\/\/rosanacl.com\/ca\/"},{"@type":"ListItem","position":2,"name":"Tienda","item":"https:\/\/rosanacl.com\/ca\/tienda\/"},{"@type":"ListItem","position":3,"name":"Braga Selene Roxana"}]},{"@type":"WebSite","@id":"https:\/\/rosanacl.com\/ca\/#website","url":"https:\/\/rosanacl.com\/ca\/","name":"\u0420\u0430\u0437\u0430\u043d\u0430 \u041a.\u041b.","description":"\u041c\u044b \u2014 \u0433\u044d\u0442\u0430 \u0432\u0430\u0448\u0430 \u045e\u043d\u0443\u0442\u0440\u0430\u043d\u0430\u0435 \u00ab\u044f\u00bb","potentialAction":[{"@type":"SearchAction","target":{"@type":"EntryPoint","urlTemplate":"https:\/\/rosanacl.com\/ca\/?s={search_term_string}"},"query-input":{"@type":"PropertyValueSpecification","valueRequired":true,"valueName":"search_term_string"}}],"inLanguage":"be"}]}},"_links":{"self":[{"href":"https:\/\/rosanacl.com\/be\/wp-json\/wp\/v2\/product\/3446","targetHints":{"allow":["GET"]}}],"collection":[{"href":"https:\/\/rosanacl.com\/be\/wp-json\/wp\/v2\/product"}],"about":[{"href":"https:\/\/rosanacl.com\/be\/wp-json\/wp\/v2\/types\/product"}],"replies":[{"embeddable":true,"href":"https:\/\/rosanacl.com\/be\/wp-json\/wp\/v2\/comments?post=3446"}],"version-history":[{"count":5,"href":"https:\/\/rosanacl.com\/be\/wp-json\/wp\/v2\/product\/3446\/revisions"}],"predecessor-version":[{"id":4634,"href":"https:\/\/rosanacl.com\/be\/wp-json\/wp\/v2\/product\/3446\/revisions\/4634"}],"wp:featuredmedia":[{"embeddable":true,"href":"https:\/\/rosanacl.com\/be\/wp-json\/wp\/v2\/media\/3471"}],"wp:attachment":[{"href":"https:\/\/rosanacl.com\/be\/wp-json\/wp\/v2\/media?parent=3446"}],"wp:term":[{"taxonomy":"product_brand","embeddable":true,"href":"https:\/\/rosanacl.com\/be\/wp-json\/wp\/v2\/product_brand?post=3446"},{"taxonomy":"product_cat","embeddable":true,"href":"https:\/\/rosanacl.com\/be\/wp-json\/wp\/v2\/product_cat?post=3446"},{"taxonomy":"product_tag","embeddable":true,"href":"https:\/\/rosanacl.com\/be\/wp-json\/wp\/v2\/product_tag?post=3446"}],"curies":[{"name":"\u0432\u043f","href":"https:\/\/api.w.org\/{rel}","templated":true}]}}