{"id":702,"date":"2025-04-29T19:44:59","date_gmt":"2025-04-29T17:44:59","guid":{"rendered":"https:\/\/rosanacl.com\/?post_type=product&#038;p=702"},"modified":"2026-01-07T21:19:50","modified_gmt":"2026-01-07T20:19:50","slug":"sujetador-modelo-betty","status":"publish","type":"product","link":"https:\/\/rosanacl.com\/be\/product\/sujetador-modelo-betty\/","title":{"rendered":"\u0421\u0435\u043b\u0456\u043d \u0411\u044d\u0446\u0456 \u0411\u0440\u0430"},"content":{"rendered":"<p>\u0411\u044e\u0441\u0442\u0433\u0430\u043b\u044c\u0442\u0430\u0440 Selene Betty \u0440\u0430\u0441\u043f\u0440\u0430\u0446\u0430\u0432\u0430\u043d\u044b \u0434\u043b\u044f \u0442\u044b\u0445 \u0434\u0437\u0451\u043d, \u043a\u0430\u043b\u0456 \u0432\u044b \u0445\u043e\u0447\u0430\u0446\u0435 \u0432\u044b\u0433\u043b\u044f\u0434\u0430\u0446\u044c \u0431\u0435\u0437\u0434\u0430\u043a\u043e\u0440\u043d\u0430 \u045e \u0430\u0431\u043b\u044f\u0433\u0430\u044e\u0447\u044b\u043c \u0430\u0434\u0437\u0435\u043d\u043d\u0456, \u0430\u043b\u0435 \u0431\u0435\u0437 \u0448\u043a\u043e\u0434\u044b \u0434\u043b\u044f \u043a\u0430\u043c\u0444\u043e\u0440\u0442\u0443. \u0401\u043d \u0431\u0435\u0437 \u043a\u043e\u0441\u0442\u0430\u0447\u043a\u0456 \u0456 \u043f\u0430\u0434\u043a\u043b\u0430\u0434\u043a\u0456, \u0437 \u0434\u044b\u0437\u0430\u0439\u043d\u0430\u043c, \u044f\u043a\u0456 \u0432\u0456\u0437\u0443\u0430\u043b\u044c\u043d\u0430 \u0437\u0433\u043b\u0430\u0434\u0436\u0432\u0430\u0435 \u0456 \u0437\u0430\u0431\u044f\u0441\u043f\u0435\u0447\u0432\u0430\u0435 \u043d\u0430\u0442\u0443\u0440\u0430\u043b\u044c\u043d\u0443\u044e \u043f\u0430\u0434\u0442\u0440\u044b\u043c\u043a\u0443, \u044f\u043a\u0430\u044f \u0430\u0434\u0447\u0443\u0432\u0430\u0435\u0446\u0446\u0430 \u0441\u0442\u0430\u0431\u0456\u043b\u044c\u043d\u0430\u0439 \u0437 \u043f\u0435\u0440\u0448\u0430\u0433\u0430 \u043c\u043e\u043c\u0430\u043d\u0442\u0443, \u0434\u0430\u0437\u0432\u0430\u043b\u044f\u044e\u0447\u044b \u0432\u0430\u043c \u0441\u0432\u0430\u0431\u043e\u0434\u043d\u0430 \u0440\u0443\u0445\u0430\u0446\u0446\u0430.<\/p>\n<p>\u0410\u0441\u0430\u0431\u043b\u0456\u0432\u0430\u0441\u0446\u044e \u043c\u0430\u0434\u044d\u043b\u0456 Betty \u0437&#039;\u044f\u045e\u043b\u044f\u0435\u0446\u0446\u0430 \u044f\u0435 \u043a\u0430\u043d\u0441\u0442\u0440\u0443\u043a\u0446\u044b\u044f: \u043f\u0435\u0440\u0430\u043f\u043b\u044f\u0446\u0435\u043d\u043d\u0435 \u0441\u043b\u0430\u0451\u045e \u0446\u044e\u043b\u044e \u0456 \u043b\u0430\u0437\u0435\u0440\u043d\u0430\u0439 \u0440\u044d\u0437\u043a\u0456 \u0434\u0430\u0437\u0432\u0430\u043b\u044f\u0435 \u0445\u0430\u0432\u0430\u0446\u044c \u0456 \u043c\u0456\u043d\u0456\u043c\u0456\u0437\u0430\u0432\u0430\u0446\u044c \u043d\u044f\u0440\u043e\u045e\u043d\u0430\u0441\u0446\u0456 \u043f\u0430 \u0431\u0430\u043a\u0430\u0445 \u0456 \u043f\u0430\u0434 \u043f\u0430\u0445\u0430\u043c\u0456, \u0448\u0442\u043e \u0434\u0430\u0437\u0432\u0430\u043b\u044f\u0435 \u043d\u0430\u0434\u0430\u0446\u044c \u0451\u0439 \u0431\u043e\u043b\u044c\u0448 \u0430\u043a\u0443\u0440\u0430\u0442\u043d\u0443\u044e \u043f\u0430\u0432\u0435\u0440\u0445\u043d\u044e \u043f\u0430\u0434 \u0444\u0443\u0442\u0431\u043e\u043b\u043a\u0430\u043c\u0456, \u0441\u0443\u043a\u0435\u043d\u043a\u0430\u043c\u0456 \u0456 \u0456\u043d\u0448\u044b\u043c\u0456 \u0434\u0430\u043b\u0456\u043a\u0430\u0442\u043d\u044b\u043c\u0456 \u0440\u044d\u0447\u0430\u043c\u0456. \u0412\u044b\u043d\u0456\u043a: \u0431\u043e\u043b\u044c\u0448 \u0432\u044b\u0442\u0430\u043d\u0447\u0430\u043d\u044b \u0441\u0456\u043b\u0443\u044d\u0442, \u0433\u043b\u0430\u0434\u043a\u0456 \u043a\u0440\u043e\u0439 \u0456 \u0431\u043e\u043b\u044c\u0448 \u044d\u043b\u0435\u0433\u0430\u043d\u0442\u043d\u044b \u0432\u044b\u0433\u043b\u044f\u0434... \u043d\u0456\u0445\u0442\u043e \u043d\u0435 \u0437\u0430\u045e\u0432\u0430\u0436\u0430\u0435 \u0433\u044d\u0442\u0430\u0439 \u00ab\u0445\u0456\u0442\u0440\u0430\u0441\u0446\u0456\u00bb.<\/p>\n<p>\u041f\u0430\u0434\u0440\u0430\u0431\u044f\u0437\u043d\u0430\u0441\u0446\u0456, \u044f\u043a\u0456\u044f \u0432\u0430\u043c \u0441\u043f\u0430\u0434\u0430\u0431\u0430\u044e\u0446\u0446\u0430 \u045e \u0411\u044d\u0446\u0456<\/p>\n<ul>\n<li>\u0411\u0435\u0437 \u043a\u0430\u0440\u043a\u0430\u0441\u0430\u045e: \u0441\u0430\u043f\u0440\u0430\u045e\u0434\u043d\u044b \u043a\u0430\u043c\u0444\u043e\u0440\u0442, \u043d\u0456\u044f\u043a\u0430\u0433\u0430 \u0446\u0456\u0441\u043a\u0443.<\/li>\n<li>\u0411\u0435\u0437 \u043d\u0430\u043f\u0430\u045e\u043d\u0435\u043d\u043d\u044f: \u043d\u0430\u0442\u0443\u0440\u0430\u043b\u044c\u043d\u0430\u044f \u0456 \u043b\u0451\u0433\u043a\u0430\u044f \u0444\u043e\u0440\u043c\u0430.<\/li>\n<li>\u041f\u0435\u0440\u0430\u043a\u0440\u044b\u0436\u0430\u0432\u0430\u043d\u044b \u0446\u044e\u043b\u044c: \u0448\u0447\u044b\u043b\u044c\u043d\u0430\u044f \u043f\u0430\u0441\u0430\u0434\u043a\u0430 \u0456 \u0431\u043e\u043b\u044c\u0448 \u0441\u0430\u0431\u0440\u0430\u043d\u044b \u044d\u0444\u0435\u043a\u0442.<\/li>\n<li>\u041b\u0430\u0437\u0435\u0440\u043d\u0430\u044f \u0440\u044d\u0437\u043a\u0430: \u0431\u043e\u043b\u044c\u0448 \u0447\u044b\u0441\u0442\u0430\u044f \u0456 \u043d\u0435\u0437\u0430\u045e\u0432\u0430\u0436\u043d\u0430\u044f \u0430\u0437\u0434\u0430\u0431\u043b\u0435\u043d\u043d\u0435 \u043f\u0430\u0434 \u0430\u0434\u0437\u0435\u043d\u043d\u0435\u043c.<\/li>\n<li>\u0411\u0430\u043a\u0430\u0432\u044b\u044f \u0456 \u043f\u0430\u0434\u043f\u0430\u0445\u0430\u0432\u044b\u044f \u043f\u0430\u043a\u0440\u044b\u0446\u0446\u0456: \u0432\u0456\u0437\u0443\u0430\u043b\u044c\u043d\u0430 \u0437\u0433\u043b\u0430\u0434\u0436\u0432\u0430\u044e\u0446\u044c \u0456 \u0441\u0442\u044b\u043b\u0456\u0437\u0443\u044e\u0446\u044c \u0444\u0456\u0433\u0443\u0440\u0443.<\/li>\n<\/ul>\n<p>\ud83d\udde3\ufe0f \u041f\u0430\u0440\u0430\u0434\u0430: \u0411\u044d\u0446\u0456 \u2014 \u0430\u0434\u0437\u0456\u043d \u0437 \u0442\u044b\u0445 \u0432\u0456\u0434\u0430\u045e \u0430\u0434\u0437\u0435\u043d\u043d\u044f, \u044f\u043a\u0456\u044f \u0431\u0435\u0437 \u0430\u0441\u0430\u0431\u043b\u0456\u0432\u044b\u0445 \u0432\u044b\u0441\u0456\u043b\u043a\u0430\u045e \u00ab\u0444\u0430\u0440\u043c\u0443\u044e\u0446\u044c\u00bb \u0432\u0430\u0448 \u0441\u0456\u043b\u0443\u044d\u0442: \u0432\u044b \u0430\u043f\u0440\u0430\u043d\u0430\u0435\u0446\u0435 \u044f\u0433\u043e \u0456 \u0430\u0434\u0447\u0443\u0432\u0430\u0435\u0446\u0435 \u0431\u043e\u043b\u044c\u0448 \u0430\u0431\u0446\u044f\u043a\u0430\u043b\u044c\u043d\u0443\u044e \u0442\u0430\u043b\u0456\u044e, \u0431\u043e\u043b\u044c\u0448 \u0433\u043b\u0430\u0434\u043a\u0456\u044f \u0431\u0430\u043a\u0456 \u0456 \u0440\u0430\u0441\u0441\u043b\u0430\u0431\u043b\u0435\u043d\u044b \u043a\u0430\u043c\u0444\u043e\u0440\u0442 \u0431\u0435\u0437 \u0446\u0456\u0441\u043a\u0443. \u0406\u0434\u044d\u0430\u043b\u044c\u043d\u0430 \u043f\u0430\u0434\u044b\u0445\u043e\u0434\u0437\u0456\u0446\u044c \u0434\u043b\u044f \u0442\u044b\u0445 \u0434\u0437\u0451\u043d, \u043a\u0430\u043b\u0456 \u0432\u044b \u043d\u043e\u0441\u0456\u0446\u0435 \u0430\u0431\u043b\u044f\u0433\u0430\u044e\u0447\u0443\u044e \u0432\u043e\u043f\u0440\u0430\u0442\u043a\u0443 \u0456 \u0445\u043e\u0447\u0430\u0446\u0435 \u0432\u044b\u0433\u043b\u044f\u0434\u0430\u0446\u044c \u0431\u0435\u0437\u0434\u0430\u043a\u043e\u0440\u043d\u0430... \u0430\u043b\u0435 \u0440\u0443\u0445\u0430\u0446\u0446\u0430 \u0437 \u043f\u043e\u045e\u043d\u0430\u0439 \u0441\u0432\u0430\u0431\u043e\u0434\u0430\u0439 \u0440\u0443\u0445\u0430\u045e.<\/p>\n<p>\ud83d\udccf \u0417\u0430\u045e\u0432\u0430\u0433\u0430: \u041a\u0430\u0431 \u0456\u0434\u044d\u0430\u043b\u044c\u043d\u0430 \u043f\u0430\u0434\u0430\u0431\u0440\u0430\u0446\u044c \u043f\u0430\u043c\u0435\u0440, \u0432\u043e\u0441\u044c \u043a\u0430\u0440\u043e\u0442\u043a\u0456 \u0440\u044d\u043a\u0430\u043c\u0435\u043d\u0434\u0430\u0446\u044b\u044f: \u043a\u0430\u043b\u0456 \u0432\u0430\u043c \u043f\u0430\u0434\u0430\u0431\u0430\u0435\u0446\u0446\u0430 \u0430\u0431\u043b\u044f\u0433\u0430\u044e\u0447\u044b \u0456 \u0431\u043e\u043b\u044c\u0448 \u0430\u0431\u0446\u044f\u043a\u0430\u043b\u044c\u043d\u044b \u043a\u0440\u043e\u0439, \u0432\u044b\u0431\u0435\u0440\u044b\u0446\u0435 \u0441\u0432\u043e\u0439 \u0437\u0432\u044b\u0447\u0430\u0439\u043d\u044b \u043f\u0430\u043c\u0435\u0440; \u043a\u0430\u043b\u0456 \u0432\u044b \u0437\u043d\u0430\u0445\u043e\u0434\u0437\u0456\u0446\u0435\u0441\u044f \u043f\u0430\u043c\u0456\u0436 \u043f\u0430\u043c\u0435\u0440\u0430\u043c\u0456 \u0430\u0431\u043e \u0430\u0434\u0434\u0430\u0435\u0446\u0435 \u043f\u0435\u0440\u0430\u0432\u0430\u0433\u0443 \u0431\u043e\u043b\u044c\u0448 \u043c\u044f\u043a\u043a\u0430\u043c\u0443 \u043a\u0440\u043e\u044e \u0432\u0430\u043a\u043e\u043b \u0433\u0440\u0443\u0434\u0437\u0435\u0439\/\u043f\u0430\u0434\u043f\u0430\u0445, \u0432\u044b\u0431\u0435\u0440\u044b\u0446\u0435 \u043f\u0430\u043c\u0435\u0440 \u0431\u043e\u043b\u044c\u0448\u044b. \u0410 \u043a\u0430\u043b\u0456 \u0432\u044b \u043d\u0435 \u045e\u043f\u044d\u045e\u043d\u0435\u043d\u044b\u044f, \u0432\u044b\u043c\u0435\u0440\u0430\u0439\u0446\u0435 \u0430\u0431&#039;\u0451\u043c \u043f\u0430\u0434 \u0433\u0440\u0443\u0434\u0437\u044c\u043c\u0456 \u0456 \u043f\u0430\u0440\u0430\u045e\u043d\u0430\u0439\u0446\u0435 \u044f\u0433\u043e \u0437 \u0442\u0430\u0431\u043b\u0456\u0446\u0430\u0439 \u043f\u0430\u043c\u0435\u0440\u0430\u045e, \u043f\u0435\u0440\u0448 \u0447\u044b\u043c \u043f\u0440\u044b\u043c\u0430\u0446\u044c \u0440\u0430\u0448\u044d\u043d\u043d\u0435.<\/p>\n<p>\u0421\u043a\u043b\u0430\u0434: \u043f\u043e\u043b\u0456\u0430\u043c\u0456\u0434 85% \/ \u044d\u043b\u0430\u0441\u0442\u0430\u043d 15%.<\/p>\n<p>\ud83e\udde9 \u0406\u0434\u044d\u0430\u043b\u044c\u043d\u0430 \u043f\u0430\u0434\u044b\u0445\u043e\u0434\u0437\u0456\u0446\u044c \u0442\u0430\u043c, \u0434\u0437\u0435 \u0456\u043d\u0448\u044b\u044f \u043d\u0435 \u043f\u0430\u0434\u044b\u0445\u043e\u0434\u0437\u044f\u0446\u044c: \u0431\u0430\u043a\u0456 \u0456 \u043f\u0430\u0434\u043f\u0430\u0445\u0456, \u043f\u0430\u0434 \u043a\u0430\u043d\u0442\u0440\u043e\u043b\u0435\u043c.<\/p>","protected":false},"excerpt":{"rendered":"<p>El sujetador Selene modelo Betty est\u00e1 pensado para esos d\u00edas en los que quieres verte impecable con ropa ajustada, pero sin renunciar a ir c\u00f3moda. Es sin aros y sin relleno, con un dise\u00f1o que alisa visualmente y aporta una sujeci\u00f3n natural, de las que se sienten estables desde el primer momento y te permiten [&hellip;]<\/p>\n","protected":false},"featured_media":2539,"comment_status":"open","ping_status":"closed","template":"","meta":{"content-type":""},"product_brand":[55],"product_cat":[105,25,20],"product_tag":[56,60],"class_list":{"0":"post-702","1":"product","2":"type-product","3":"status-publish","4":"has-post-thumbnail","6":"product_brand-selene","7":"product_cat-betty","8":"product_cat-sin-aros","9":"product_cat-sujetador","10":"product_tag-sujetador","11":"product_tag-sujetador-sin-aros","13":"first","14":"instock","15":"taxable","16":"shipping-taxable","17":"purchasable","18":"product-type-variable"},"supplier_id":null,"supplier_sku":"","barcode":null,"atum_controlled":true,"out_stock_date":null,"out_stock_threshold":null,"inheritable":true,"inbound_stock":null,"stock_on_hold":0,"sold_today":0,"sales_last_days":0,"reserved_stock":null,"customer_returns":null,"warehouse_damage":null,"lost_in_post":null,"other_logs":null,"out_stock_days":0,"lost_sales":0,"has_location":false,"update_date":"2026-01-07T20:19:51","atum_locations":[],"atum_stock_status":"instock","restock_status":false,"low_stock_amount":"","sales_update_date":"2025-08-19T02:35:53","calc_backorders":null,"yoast_head":"<!-- This site is optimized with the Yoast SEO plugin v27.4 - https:\/\/yoast.com\/product\/yoast-seo-wordpress\/ -->\n<title>Sujetador Selene Betty - Rosana CL<\/title>\n<meta name=\"robots\" content=\"index, follow, max-snippet:-1, max-image-preview:large, max-video-preview:-1\" \/>\n<link rel=\"canonical\" href=\"https:\/\/rosanacl.com\/be\/product\/sujetador-modelo-betty\/\" \/>\n<meta property=\"og:locale\" content=\"en_US\" \/>\n<meta property=\"og:type\" content=\"article\" \/>\n<meta property=\"og:title\" content=\"Sujetador Selene Betty - Rosana CL\" \/>\n<meta property=\"og:description\" content=\"El sujetador Selene modelo Betty est\u00e1 pensado para esos d\u00edas en los que quieres verte impecable con ropa ajustada, pero sin renunciar a ir c\u00f3moda. Es sin aros y sin relleno, con un dise\u00f1o que alisa visualmente y aporta una sujeci\u00f3n natural, de las que se sienten estables desde el primer momento y te permiten [&hellip;]\" \/>\n<meta property=\"og:url\" content=\"https:\/\/rosanacl.com\/be\/product\/sujetador-modelo-betty\/\" \/>\n<meta property=\"og:site_name\" content=\"Rosana CL\" \/>\n<meta property=\"article:modified_time\" content=\"2026-01-07T20:19:50+00:00\" \/>\n<meta property=\"og:image\" content=\"https:\/\/rosanacl.com\/wp-content\/uploads\/2025\/04\/sujetadorbetty-e1756816663162.jpg\" \/>\n\t<meta property=\"og:image:width\" content=\"833\" \/>\n\t<meta property=\"og:image:height\" content=\"1086\" \/>\n\t<meta property=\"og:image:type\" content=\"image\/jpeg\" \/>\n<meta name=\"twitter:card\" content=\"summary_large_image\" \/>\n<meta name=\"twitter:label1\" content=\"Est. reading time\" \/>\n\t<meta name=\"twitter:data1\" content=\"2 minutes\" \/>\n<script type=\"application\/ld+json\" class=\"yoast-schema-graph\">{\"@context\":\"https:\\\/\\\/schema.org\",\"@graph\":[{\"@type\":\"WebPage\",\"@id\":\"https:\\\/\\\/rosanacl.com\\\/producto\\\/sujetador-modelo-betty\\\/\",\"url\":\"https:\\\/\\\/rosanacl.com\\\/producto\\\/sujetador-modelo-betty\\\/\",\"name\":\"Sujetador Selene Betty - Rosana CL\",\"isPartOf\":{\"@id\":\"https:\\\/\\\/rosanacl.com\\\/ca\\\/#website\"},\"primaryImageOfPage\":{\"@id\":\"https:\\\/\\\/rosanacl.com\\\/producto\\\/sujetador-modelo-betty\\\/#primaryimage\"},\"image\":{\"@id\":\"https:\\\/\\\/rosanacl.com\\\/producto\\\/sujetador-modelo-betty\\\/#primaryimage\"},\"thumbnailUrl\":\"https:\\\/\\\/rosanacl.com\\\/wp-content\\\/uploads\\\/2025\\\/04\\\/sujetadorbetty-e1756816663162.jpg\",\"datePublished\":\"2025-04-29T17:44:59+00:00\",\"dateModified\":\"2026-01-07T20:19:50+00:00\",\"breadcrumb\":{\"@id\":\"https:\\\/\\\/rosanacl.com\\\/producto\\\/sujetador-modelo-betty\\\/#breadcrumb\"},\"inLanguage\":\"be\",\"potentialAction\":[{\"@type\":\"ReadAction\",\"target\":[\"https:\\\/\\\/rosanacl.com\\\/producto\\\/sujetador-modelo-betty\\\/\"]}]},{\"@type\":\"ImageObject\",\"inLanguage\":\"be\",\"@id\":\"https:\\\/\\\/rosanacl.com\\\/producto\\\/sujetador-modelo-betty\\\/#primaryimage\",\"url\":\"https:\\\/\\\/rosanacl.com\\\/wp-content\\\/uploads\\\/2025\\\/04\\\/sujetadorbetty-e1756816663162.jpg\",\"contentUrl\":\"https:\\\/\\\/rosanacl.com\\\/wp-content\\\/uploads\\\/2025\\\/04\\\/sujetadorbetty-e1756816663162.jpg\",\"width\":833,\"height\":1086},{\"@type\":\"BreadcrumbList\",\"@id\":\"https:\\\/\\\/rosanacl.com\\\/producto\\\/sujetador-modelo-betty\\\/#breadcrumb\",\"itemListElement\":[{\"@type\":\"ListItem\",\"position\":1,\"name\":\"Portada\",\"item\":\"https:\\\/\\\/rosanacl.com\\\/ca\\\/\"},{\"@type\":\"ListItem\",\"position\":2,\"name\":\"Tienda\",\"item\":\"https:\\\/\\\/rosanacl.com\\\/ca\\\/tienda\\\/\"},{\"@type\":\"ListItem\",\"position\":3,\"name\":\"Sujetador Selene Betty\"}]},{\"@type\":\"WebSite\",\"@id\":\"https:\\\/\\\/rosanacl.com\\\/ca\\\/#website\",\"url\":\"https:\\\/\\\/rosanacl.com\\\/ca\\\/\",\"name\":\"Rosana CL\",\"description\":\"Somos tu interior\",\"potentialAction\":[{\"@type\":\"SearchAction\",\"target\":{\"@type\":\"EntryPoint\",\"urlTemplate\":\"https:\\\/\\\/rosanacl.com\\\/ca\\\/?s={search_term_string}\"},\"query-input\":{\"@type\":\"PropertyValueSpecification\",\"valueRequired\":true,\"valueName\":\"search_term_string\"}}],\"inLanguage\":\"be\"}]}<\/script>\n<!-- \/ Yoast SEO plugin. -->","yoast_head_json":{"title":"Sujetador Selene Betty - Rosana CL","robots":{"index":"index","follow":"follow","max-snippet":"max-snippet:-1","max-image-preview":"max-image-preview:large","max-video-preview":"max-video-preview:-1"},"canonical":"https:\/\/rosanacl.com\/be\/product\/sujetador-modelo-betty\/","og_locale":"en_US","og_type":"article","og_title":"Sujetador Selene Betty - Rosana CL","og_description":"El sujetador Selene modelo Betty est\u00e1 pensado para esos d\u00edas en los que quieres verte impecable con ropa ajustada, pero sin renunciar a ir c\u00f3moda. Es sin aros y sin relleno, con un dise\u00f1o que alisa visualmente y aporta una sujeci\u00f3n natural, de las que se sienten estables desde el primer momento y te permiten [&hellip;]","og_url":"https:\/\/rosanacl.com\/be\/product\/sujetador-modelo-betty\/","og_site_name":"Rosana CL","article_modified_time":"2026-01-07T20:19:50+00:00","og_image":[{"width":833,"height":1086,"url":"https:\/\/rosanacl.com\/wp-content\/uploads\/2025\/04\/sujetadorbetty-e1756816663162.jpg","type":"image\/jpeg"}],"twitter_card":"summary_large_image","twitter_misc":{"Est. reading time":"2 minutes"},"schema":{"@context":"https:\/\/schema.org","@graph":[{"@type":"WebPage","@id":"https:\/\/rosanacl.com\/producto\/sujetador-modelo-betty\/","url":"https:\/\/rosanacl.com\/producto\/sujetador-modelo-betty\/","name":"Sujetador Selene Betty - Rosana CL","isPartOf":{"@id":"https:\/\/rosanacl.com\/ca\/#website"},"primaryImageOfPage":{"@id":"https:\/\/rosanacl.com\/producto\/sujetador-modelo-betty\/#primaryimage"},"image":{"@id":"https:\/\/rosanacl.com\/producto\/sujetador-modelo-betty\/#primaryimage"},"thumbnailUrl":"https:\/\/rosanacl.com\/wp-content\/uploads\/2025\/04\/sujetadorbetty-e1756816663162.jpg","datePublished":"2025-04-29T17:44:59+00:00","dateModified":"2026-01-07T20:19:50+00:00","breadcrumb":{"@id":"https:\/\/rosanacl.com\/producto\/sujetador-modelo-betty\/#breadcrumb"},"inLanguage":"be","potentialAction":[{"@type":"ReadAction","target":["https:\/\/rosanacl.com\/producto\/sujetador-modelo-betty\/"]}]},{"@type":"ImageObject","inLanguage":"be","@id":"https:\/\/rosanacl.com\/producto\/sujetador-modelo-betty\/#primaryimage","url":"https:\/\/rosanacl.com\/wp-content\/uploads\/2025\/04\/sujetadorbetty-e1756816663162.jpg","contentUrl":"https:\/\/rosanacl.com\/wp-content\/uploads\/2025\/04\/sujetadorbetty-e1756816663162.jpg","width":833,"height":1086},{"@type":"BreadcrumbList","@id":"https:\/\/rosanacl.com\/producto\/sujetador-modelo-betty\/#breadcrumb","itemListElement":[{"@type":"ListItem","position":1,"name":"Portada","item":"https:\/\/rosanacl.com\/ca\/"},{"@type":"ListItem","position":2,"name":"Tienda","item":"https:\/\/rosanacl.com\/ca\/tienda\/"},{"@type":"ListItem","position":3,"name":"Sujetador Selene Betty"}]},{"@type":"WebSite","@id":"https:\/\/rosanacl.com\/ca\/#website","url":"https:\/\/rosanacl.com\/ca\/","name":"\u0420\u0430\u0437\u0430\u043d\u0430 \u041a.\u041b.","description":"\u041c\u044b \u2014 \u0433\u044d\u0442\u0430 \u0432\u0430\u0448\u0430 \u045e\u043d\u0443\u0442\u0440\u0430\u043d\u0430\u0435 \u00ab\u044f\u00bb","potentialAction":[{"@type":"SearchAction","target":{"@type":"EntryPoint","urlTemplate":"https:\/\/rosanacl.com\/ca\/?s={search_term_string}"},"query-input":{"@type":"PropertyValueSpecification","valueRequired":true,"valueName":"search_term_string"}}],"inLanguage":"be"}]}},"_links":{"self":[{"href":"https:\/\/rosanacl.com\/be\/wp-json\/wp\/v2\/product\/702","targetHints":{"allow":["GET"]}}],"collection":[{"href":"https:\/\/rosanacl.com\/be\/wp-json\/wp\/v2\/product"}],"about":[{"href":"https:\/\/rosanacl.com\/be\/wp-json\/wp\/v2\/types\/product"}],"replies":[{"embeddable":true,"href":"https:\/\/rosanacl.com\/be\/wp-json\/wp\/v2\/comments?post=702"}],"version-history":[{"count":5,"href":"https:\/\/rosanacl.com\/be\/wp-json\/wp\/v2\/product\/702\/revisions"}],"predecessor-version":[{"id":4617,"href":"https:\/\/rosanacl.com\/be\/wp-json\/wp\/v2\/product\/702\/revisions\/4617"}],"wp:featuredmedia":[{"embeddable":true,"href":"https:\/\/rosanacl.com\/be\/wp-json\/wp\/v2\/media\/2539"}],"wp:attachment":[{"href":"https:\/\/rosanacl.com\/be\/wp-json\/wp\/v2\/media?parent=702"}],"wp:term":[{"taxonomy":"product_brand","embeddable":true,"href":"https:\/\/rosanacl.com\/be\/wp-json\/wp\/v2\/product_brand?post=702"},{"taxonomy":"product_cat","embeddable":true,"href":"https:\/\/rosanacl.com\/be\/wp-json\/wp\/v2\/product_cat?post=702"},{"taxonomy":"product_tag","embeddable":true,"href":"https:\/\/rosanacl.com\/be\/wp-json\/wp\/v2\/product_tag?post=702"}],"curies":[{"name":"\u0432\u043f","href":"https:\/\/api.w.org\/{rel}","templated":true}]}}