{"id":1368,"date":"2025-04-30T01:15:16","date_gmt":"2025-04-29T23:15:16","guid":{"rendered":"https:\/\/rosanacl.com\/?post_type=product&#038;p=1368"},"modified":"2026-01-07T19:22:38","modified_gmt":"2026-01-07T18:22:38","slug":"braga-faja-selene-901-soft","status":"publish","type":"product","link":"https:\/\/rosanacl.com\/bg\/produkt\/braga-faja-selene-901-soft\/","title":{"rendered":"\u041c\u0435\u043a\u0438 \u0431\u0438\u043a\u0438\u043d\u0438 \u0441 \u043a\u043e\u043b\u0430\u043d Selene 901"},"content":{"rendered":"<p>\u041c\u0435\u043a\u0438\u0442\u0435 \u043e\u0444\u043e\u0440\u043c\u044f\u0449\u0438 \u0431\u0438\u043a\u0438\u043d\u0438 Selene 901 \u0441\u0430 \u0442\u0438\u043f\u0438\u0447\u043d\u0430\u0442\u0430 \u0434\u0440\u0435\u0445\u0430 \u00ab\u0441\u043f\u0430\u0441\u0438\u0442\u0435\u043b\u00bb, \u043a\u043e\u044f\u0442\u043e \u043c\u0438\u0433\u043d\u043e\u0432\u0435\u043d\u043e \u0442\u0440\u0430\u043d\u0441\u0444\u043e\u0440\u043c\u0438\u0440\u0430 \u0444\u0438\u0433\u0443\u0440\u0430\u0442\u0430 \u0432\u0438: \u0442\u0435 \u0438\u0437\u0433\u043b\u0430\u0436\u0434\u0430\u0442, \u043f\u043e\u0432\u0434\u0438\u0433\u0430\u0442 \u0438 \u043e\u0444\u043e\u0440\u043c\u044f\u0442 \u0441 \u043d\u0435\u0436\u0435\u043d, \u043a\u043e\u043c\u0444\u043e\u0440\u0442\u0435\u043d \u043a\u043e\u043d\u0442\u0440\u043e\u043b\u0435\u043d \u0435\u0444\u0435\u043a\u0442. \u0414\u0438\u0437\u0430\u0439\u043d\u044a\u0442 \u0438\u043c \u0441 \u0432\u0438\u0441\u043e\u043a\u0430 \u0442\u0430\u043b\u0438\u044f \u043f\u043e\u043c\u0430\u0433\u0430 \u0437\u0430 \u0438\u0437\u0433\u043b\u0430\u0436\u0434\u0430\u043d\u0435 \u043d\u0430 \u043a\u043e\u0440\u0435\u043c\u043d\u0430\u0442\u0430 \u043e\u0431\u043b\u0430\u0441\u0442 \u0438 \u0441\u044a\u0437\u0434\u0430\u0432\u0430 \u0438\u0437\u0447\u0438\u0441\u0442\u0435\u043d \u0441\u0438\u043b\u0443\u0435\u0442, \u0438\u0434\u0435\u0430\u043b\u0435\u043d \u0437\u0430 \u0435\u0436\u0435\u0434\u043d\u0435\u0432\u043d\u043e \u043d\u043e\u0441\u0435\u043d\u0435 \u0438\u043b\u0438 \u043a\u043e\u0433\u0430\u0442\u043e \u0438\u0441\u043a\u0430\u0442\u0435 \u0434\u0430 \u0438\u0437\u0433\u043b\u0435\u0436\u0434\u0430\u0442\u0435 \u043f\u043e \u043d\u0430\u0439-\u0434\u043e\u0431\u0440\u0438\u044f \u043d\u0430\u0447\u0438\u043d \u0432 \u043f\u043e-\u043f\u0440\u0438\u043b\u0435\u043f\u043d\u0430\u043b\u0438 \u0434\u0440\u0435\u0445\u0438.<\/p>\n<p>\u041e\u0441\u0432\u0435\u043d \u0442\u043e\u0432\u0430 \u0435 \u043f\u0440\u043e\u0435\u043a\u0442\u0438\u0440\u0430\u043d \u0434\u0430 \u0431\u044a\u0434\u0435 \u0434\u0438\u0441\u043a\u0440\u0435\u0442\u0435\u043d: \u0431\u0435\u0437\u0448\u0435\u0432\u0435\u043d \u0438 \u0441 \u043b\u0430\u0437\u0435\u0440\u043d\u043e \u0438\u0437\u0440\u044f\u0437\u0430\u043d \u0433\u0440\u044a\u0431, \u0442\u043e\u0439 \u043f\u043e\u0441\u0442\u0438\u0433\u0430 \u043c\u043d\u043e\u0433\u043e \u0438\u0437\u0447\u0438\u0441\u0442\u0435\u043d \u0437\u0430\u0432\u044a\u0440\u0448\u0435\u043a, \u0442\u0430\u043a\u0430 \u0447\u0435 \u043d\u044f\u043c\u0430 \u0434\u0430 \u0441\u0435 \u0432\u0438\u0436\u0434\u0430 \u043f\u043e\u0434 \u0440\u043e\u043a\u043b\u0438, \u043f\u043e\u043b\u0438 \u0438\u043b\u0438 \u043f\u0430\u043d\u0442\u0430\u043b\u043e\u043d\u0438. \u0422\u043e\u0432\u0430 \u0435 \u043a\u043e\u043c\u0444\u043e\u0440\u0442, \u0444\u043e\u0440\u043c\u0430 \u0438 \u0434\u0438\u0441\u043a\u0440\u0435\u0442\u043d\u043e\u0441\u0442, \u0432\u0441\u0438\u0447\u043a\u043e \u0432 \u0435\u0434\u043d\u0430 \u0434\u0440\u0435\u0445\u0430.<\/p>\n<p>\u041d\u0430\u0439-\u0445\u0443\u0431\u0430\u0432\u043e\u0442\u043e \u043d\u0430 \u043c\u0435\u043a\u0438\u0442\u0435 \u043e\u0444\u043e\u0440\u043c\u044f\u0449\u0438 \u0431\u0438\u043a\u0438\u043d\u0438 Selene 901<\/p>\n<ul>\n<li>&quot;\u041c\u0435\u043a&quot; \u043e\u0444\u043e\u0440\u043c\u044f\u0449 \u0435\u0444\u0435\u043a\u0442: \u043d\u0435\u0436\u0435\u043d \u043a\u043e\u043d\u0442\u0440\u043e\u043b, \u043a\u043e\u0439\u0442\u043e \u0441\u0442\u0438\u043b\u0438\u0437\u0438\u0440\u0430 \u0431\u0435\u0437 \u043f\u0440\u0435\u043a\u043e\u043c\u0435\u0440\u043d\u043e \u0441\u0442\u044f\u0433\u0430\u043d\u0435.<\/li>\n<li>\u0412\u0438\u0441\u043e\u043a\u0430 \u0442\u0430\u043b\u0438\u044f: \u043d\u0430\u0431\u043e\u0440\u0438 \u0438 \u043e\u0444\u043e\u0440\u043c\u044f \u0437\u0430 \u043f\u043e-\u0440\u0430\u0432\u043d\u043e\u043c\u0435\u0440\u0435\u043d \u0441\u0438\u043b\u0443\u0435\u0442.<\/li>\n<li>\u0411\u0435\u0437\u0448\u0435\u0432\u043d\u0438: \u0433\u043b\u0430\u0434\u043a\u043e \u0438 \u0443\u0434\u043e\u0431\u043d\u043e \u0443\u0441\u0435\u0449\u0430\u043d\u0435, \u0438\u0434\u0435\u0430\u043b\u043d\u0438 \u0437\u0430 \u043d\u043e\u0441\u0435\u043d\u0435 \u0441 \u0447\u0430\u0441\u043e\u0432\u0435.<\/li>\n<li>\u041b\u0430\u0437\u0435\u0440\u043d\u043e \u0438\u0437\u0440\u044f\u0437\u0430\u043d \u0433\u0440\u044a\u0431: \u043f\u043e-\u043c\u0430\u043b\u043a\u043e \u0441\u043b\u0435\u0434\u0438, \u043f\u043e-\u043d\u0435\u0432\u0438\u0434\u0438\u043c\u043e \u043f\u043e\u043a\u0440\u0438\u0442\u0438\u0435.<\/li>\n<li>\u041f\u0435\u0440\u0444\u0435\u043a\u0442\u0435\u043d \u0437\u0430 \u043f\u0440\u0438\u043b\u0435\u043f\u043d\u0430\u043b\u0438 \u0434\u0440\u0435\u0445\u0438: \u0438\u0437\u0433\u043b\u0435\u0436\u0434\u0430 \u0441\u0442\u0440\u0430\u0445\u043e\u0442\u043d\u043e \u043f\u043e\u0434 \u0442\u0435\u0441\u043d\u0438 \u0434\u0440\u0435\u0445\u0438.<\/li>\n<\/ul>\n<p>\ud83d\udde3\ufe0f \u0421\u044a\u0432\u0435\u0442: 901 Soft \u0435 \u043f\u0435\u0440\u0444\u0435\u043a\u0442\u043d\u043e\u0442\u043e \u043e\u0444\u043e\u0440\u043c\u044f\u0449\u043e \u0431\u0435\u043b\u044c\u043e, \u043a\u043e\u0433\u0430\u0442\u043e \u0438\u0441\u043a\u0430\u0442\u0435 \u043f\u043e-\u0433\u043b\u0430\u0434\u044a\u043a \u0438 \u0440\u0430\u0432\u043d\u043e\u043c\u0435\u0440\u0435\u043d \u0441\u0438\u043b\u0443\u0435\u0442, \u0431\u0435\u0437 \u0434\u0430 \u0441\u0435 \u0447\u0443\u0432\u0441\u0442\u0432\u0430\u0442\u0435 \u0441\u0442\u0435\u0433\u043d\u0430\u0442\u0438. \u041d\u043e\u0441\u0435\u0442\u0435 \u0433\u043e \u043e\u0441\u043e\u0431\u0435\u043d\u043e \u0441 \u0440\u043e\u043a\u043b\u0438, \u043f\u043e\u043b\u0438 \u0438\u043b\u0438 \u0432\u0442\u0430\u043b\u0435\u043d\u0438 \u043f\u0430\u043d\u0442\u0430\u043b\u043e\u043d\u0438: \u0432\u0438\u0441\u043e\u043a\u0430\u0442\u0430 \u0442\u0430\u043b\u0438\u044f \u043f\u043e\u0434\u0434\u044a\u0440\u0436\u0430 \u043a\u043e\u0440\u0435\u043c\u0430 \u0432\u0438, \u0430 \u0431\u0435\u0437\u0448\u0435\u0432\u043d\u0438\u044f\u0442 \u0437\u0430\u0432\u044a\u0440\u0448\u0435\u043a \u043f\u043e\u043c\u0430\u0433\u0430 \u0437\u0430 \u043f\u043e-\u0438\u0437\u0447\u0438\u0441\u0442\u0435\u043d \u0432\u0438\u0434.<\/p>\n<p>\ud83d\udccf \u0417\u0430\u0431\u0435\u043b\u0435\u0436\u043a\u0430: \u041f\u0440\u0435\u0434\u0438 \u043f\u043e\u043a\u0443\u043f\u043a\u0430, \u043f\u043e\u043c\u0438\u0441\u043b\u0435\u0442\u0435 \u0437\u0430 \u043d\u0438\u0432\u043e\u0442\u043e \u043d\u0430 \u043a\u043e\u043d\u0442\u0440\u043e\u043b, \u043a\u043e\u0435\u0442\u043e \u0445\u0430\u0440\u0435\u0441\u0432\u0430\u0442\u0435: \u0430\u043a\u043e \u0438\u0441\u043a\u0430\u0442\u0435 \u0434\u0430 \u0435 \u043f\u043e-\u0443\u0434\u043e\u0431\u043d\u043e \u0438 \u043b\u0435\u043a\u043e \u0437\u0430 \u043d\u043e\u0441\u0435\u043d\u0435 \u0441 \u0447\u0430\u0441\u043e\u0432\u0435, \u0438\u0437\u0431\u0435\u0440\u0435\u0442\u0435 \u043e\u0431\u0438\u0447\u0430\u0439\u043d\u0438\u044f \u0441\u0438 \u0440\u0430\u0437\u043c\u0435\u0440; \u0430\u043a\u043e \u0441\u0442\u0435 \u043c\u0435\u0436\u0434\u0443 \u0434\u0432\u0430 \u0440\u0430\u0437\u043c\u0435\u0440\u0430 \u0438 \u0442\u044a\u0440\u0441\u0438\u0442\u0435 \u043c\u0430\u043b\u043a\u043e \u043f\u043e-\u0441\u0442\u0435\u0433\u043d\u0430\u0442 \u0435\u0444\u0435\u043a\u0442, \u043f\u043e-\u043c\u0430\u043b\u043a\u0438\u044f\u0442 \u0440\u0430\u0437\u043c\u0435\u0440 \u043e\u0431\u0438\u043a\u043d\u043e\u0432\u0435\u043d\u043e \u0449\u0435 \u0432\u0438 \u043f\u0430\u0441\u043d\u0435 \u043f\u043e-\u0434\u043e\u0431\u0440\u0435 (\u0432\u0438\u043d\u0430\u0433\u0438 \u0431\u0435\u0437 \u0434\u0430 \u043e\u0441\u0442\u0430\u0432\u044f \u0441\u043b\u0435\u0434\u0438 \u0438\u043b\u0438 \u0434\u0430 \u0432\u0438 \u043f\u0440\u0438\u0442\u0435\u0441\u043d\u044f\u0432\u0430).<\/p>\n<p>\u0421\u044a\u0441\u0442\u0430\u0432: 63% \u041f\u043e\u043b\u0438\u0430\u043c\u0438\u0434 37% \u0415\u043b\u0430\u0441\u0442\u0430\u043d<\/p>\n<p>\ud83c\udf3a \u0412\u0430\u0448\u0438\u044f\u0442 \u043f\u043b\u0430\u043d \u0411 \u0435 \u0434\u0430 \u0441\u0435 \u0447\u0443\u0432\u0441\u0442\u0432\u0430\u0442\u0435 10\/10, \u0431\u0435\u0437 \u0434\u0430 \u0441\u0435 \u0437\u0430\u043c\u0438\u0441\u043b\u044f\u0442\u0435 \u0434\u0432\u0430 \u043f\u044a\u0442\u0438.<\/p>\n<div id=\"v1ms-outlook-mobile-body-separator-line\" dir=\"auto\"><\/div>","protected":false},"excerpt":{"rendered":"<p>La Braga faja Selene 901 soft es la t\u00edpica prenda \u00absalvavidas\u00bb que te pones y de repente todo queda m\u00e1s bonito: alisa, recoge y define con un efecto control suave que no agobia. Su dise\u00f1o de cintura alta ayuda a asentar la zona del abdomen y a dejar una silueta m\u00e1s limpia, perfecta para el [&hellip;]<\/p>\n","protected":false},"featured_media":1405,"comment_status":"open","ping_status":"closed","template":"","meta":{"content-type":""},"product_brand":[55],"product_cat":[19,31],"product_tag":[69,68,70],"class_list":{"0":"post-1368","1":"product","2":"type-product","3":"status-publish","4":"has-post-thumbnail","6":"product_brand-selene","7":"product_cat-braga","8":"product_cat-faja","9":"product_tag-braga","10":"product_tag-braga-faja","11":"product_tag-faja","13":"first","14":"instock","15":"taxable","16":"shipping-taxable","17":"purchasable","18":"product-type-variable"},"supplier_id":null,"supplier_sku":"","barcode":null,"atum_controlled":true,"out_stock_date":null,"out_stock_threshold":null,"inheritable":true,"inbound_stock":0,"stock_on_hold":0,"sold_today":0,"sales_last_days":0,"reserved_stock":0,"customer_returns":0,"warehouse_damage":0,"lost_in_post":0,"other_logs":0,"out_stock_days":0,"lost_sales":0,"has_location":false,"update_date":"2026-01-07T18:22:39","atum_locations":[],"atum_stock_status":"instock","restock_status":false,"low_stock_amount":"","sales_update_date":"2025-10-03T04:56:27","calc_backorders":null,"yoast_head":"<!-- This site is optimized with the Yoast SEO plugin v27.4 - https:\/\/yoast.com\/product\/yoast-seo-wordpress\/ -->\n<title>Braga faja Selene 901 soft - Rosana CL<\/title>\n<meta name=\"robots\" content=\"index, follow, max-snippet:-1, max-image-preview:large, max-video-preview:-1\" \/>\n<link rel=\"canonical\" href=\"https:\/\/rosanacl.com\/bg\/produkt\/braga-faja-selene-901-soft\/\" \/>\n<meta property=\"og:locale\" content=\"bg_BG\" \/>\n<meta property=\"og:type\" content=\"article\" \/>\n<meta property=\"og:title\" content=\"Braga faja Selene 901 soft - Rosana CL\" \/>\n<meta property=\"og:description\" content=\"La Braga faja Selene 901 soft es la t\u00edpica prenda \u00absalvavidas\u00bb que te pones y de repente todo queda m\u00e1s bonito: alisa, recoge y define con un efecto control suave que no agobia. Su dise\u00f1o de cintura alta ayuda a asentar la zona del abdomen y a dejar una silueta m\u00e1s limpia, perfecta para el [&hellip;]\" \/>\n<meta property=\"og:url\" content=\"https:\/\/rosanacl.com\/bg\/produkt\/braga-faja-selene-901-soft\/\" \/>\n<meta property=\"og:site_name\" content=\"Rosana CL\" \/>\n<meta property=\"article:modified_time\" content=\"2026-01-07T18:22:38+00:00\" \/>\n<meta property=\"og:image\" content=\"https:\/\/rosanacl.com\/wp-content\/uploads\/2025\/04\/Braga-faja-Selene-modelo-901-soft_00001.webp\" \/>\n\t<meta property=\"og:image:width\" content=\"1000\" \/>\n\t<meta property=\"og:image:height\" content=\"1000\" \/>\n\t<meta property=\"og:image:type\" content=\"image\/webp\" \/>\n<meta name=\"twitter:card\" content=\"summary_large_image\" \/>\n<meta name=\"twitter:label1\" content=\"Est. reading time\" \/>\n\t<meta name=\"twitter:data1\" content=\"2 \u043c\u0438\u043d\u0443\u0442\u0438\" \/>\n<script type=\"application\/ld+json\" class=\"yoast-schema-graph\">{\"@context\":\"https:\\\/\\\/schema.org\",\"@graph\":[{\"@type\":\"WebPage\",\"@id\":\"https:\\\/\\\/rosanacl.com\\\/producto\\\/braga-faja-selene-901-soft\\\/\",\"url\":\"https:\\\/\\\/rosanacl.com\\\/producto\\\/braga-faja-selene-901-soft\\\/\",\"name\":\"Braga faja Selene 901 soft - Rosana CL\",\"isPartOf\":{\"@id\":\"https:\\\/\\\/rosanacl.com\\\/ca\\\/#website\"},\"primaryImageOfPage\":{\"@id\":\"https:\\\/\\\/rosanacl.com\\\/producto\\\/braga-faja-selene-901-soft\\\/#primaryimage\"},\"image\":{\"@id\":\"https:\\\/\\\/rosanacl.com\\\/producto\\\/braga-faja-selene-901-soft\\\/#primaryimage\"},\"thumbnailUrl\":\"https:\\\/\\\/rosanacl.com\\\/wp-content\\\/uploads\\\/2025\\\/04\\\/Braga-faja-Selene-modelo-901-soft_00001.webp\",\"datePublished\":\"2025-04-29T23:15:16+00:00\",\"dateModified\":\"2026-01-07T18:22:38+00:00\",\"breadcrumb\":{\"@id\":\"https:\\\/\\\/rosanacl.com\\\/producto\\\/braga-faja-selene-901-soft\\\/#breadcrumb\"},\"inLanguage\":\"bg-BG\",\"potentialAction\":[{\"@type\":\"ReadAction\",\"target\":[\"https:\\\/\\\/rosanacl.com\\\/producto\\\/braga-faja-selene-901-soft\\\/\"]}]},{\"@type\":\"ImageObject\",\"inLanguage\":\"bg-BG\",\"@id\":\"https:\\\/\\\/rosanacl.com\\\/producto\\\/braga-faja-selene-901-soft\\\/#primaryimage\",\"url\":\"https:\\\/\\\/rosanacl.com\\\/wp-content\\\/uploads\\\/2025\\\/04\\\/Braga-faja-Selene-modelo-901-soft_00001.webp\",\"contentUrl\":\"https:\\\/\\\/rosanacl.com\\\/wp-content\\\/uploads\\\/2025\\\/04\\\/Braga-faja-Selene-modelo-901-soft_00001.webp\",\"width\":1000,\"height\":1000},{\"@type\":\"BreadcrumbList\",\"@id\":\"https:\\\/\\\/rosanacl.com\\\/producto\\\/braga-faja-selene-901-soft\\\/#breadcrumb\",\"itemListElement\":[{\"@type\":\"ListItem\",\"position\":1,\"name\":\"Portada\",\"item\":\"https:\\\/\\\/rosanacl.com\\\/ca\\\/\"},{\"@type\":\"ListItem\",\"position\":2,\"name\":\"Tienda\",\"item\":\"https:\\\/\\\/rosanacl.com\\\/ca\\\/tienda\\\/\"},{\"@type\":\"ListItem\",\"position\":3,\"name\":\"Braga faja Selene 901 soft\"}]},{\"@type\":\"WebSite\",\"@id\":\"https:\\\/\\\/rosanacl.com\\\/ca\\\/#website\",\"url\":\"https:\\\/\\\/rosanacl.com\\\/ca\\\/\",\"name\":\"Rosana CL\",\"description\":\"Somos tu interior\",\"potentialAction\":[{\"@type\":\"SearchAction\",\"target\":{\"@type\":\"EntryPoint\",\"urlTemplate\":\"https:\\\/\\\/rosanacl.com\\\/ca\\\/?s={search_term_string}\"},\"query-input\":{\"@type\":\"PropertyValueSpecification\",\"valueRequired\":true,\"valueName\":\"search_term_string\"}}],\"inLanguage\":\"bg-BG\"}]}<\/script>\n<!-- \/ Yoast SEO plugin. -->","yoast_head_json":{"title":"Braga faja Selene 901 soft - Rosana CL","robots":{"index":"index","follow":"follow","max-snippet":"max-snippet:-1","max-image-preview":"max-image-preview:large","max-video-preview":"max-video-preview:-1"},"canonical":"https:\/\/rosanacl.com\/bg\/produkt\/braga-faja-selene-901-soft\/","og_locale":"bg_BG","og_type":"article","og_title":"Braga faja Selene 901 soft - Rosana CL","og_description":"La Braga faja Selene 901 soft es la t\u00edpica prenda \u00absalvavidas\u00bb que te pones y de repente todo queda m\u00e1s bonito: alisa, recoge y define con un efecto control suave que no agobia. Su dise\u00f1o de cintura alta ayuda a asentar la zona del abdomen y a dejar una silueta m\u00e1s limpia, perfecta para el [&hellip;]","og_url":"https:\/\/rosanacl.com\/bg\/produkt\/braga-faja-selene-901-soft\/","og_site_name":"Rosana CL","article_modified_time":"2026-01-07T18:22:38+00:00","og_image":[{"width":1000,"height":1000,"url":"https:\/\/rosanacl.com\/wp-content\/uploads\/2025\/04\/Braga-faja-Selene-modelo-901-soft_00001.webp","type":"image\/webp"}],"twitter_card":"summary_large_image","twitter_misc":{"Est. reading time":"2 \u043c\u0438\u043d\u0443\u0442\u0438"},"schema":{"@context":"https:\/\/schema.org","@graph":[{"@type":"WebPage","@id":"https:\/\/rosanacl.com\/producto\/braga-faja-selene-901-soft\/","url":"https:\/\/rosanacl.com\/producto\/braga-faja-selene-901-soft\/","name":"Braga faja Selene 901 soft - Rosana CL","isPartOf":{"@id":"https:\/\/rosanacl.com\/ca\/#website"},"primaryImageOfPage":{"@id":"https:\/\/rosanacl.com\/producto\/braga-faja-selene-901-soft\/#primaryimage"},"image":{"@id":"https:\/\/rosanacl.com\/producto\/braga-faja-selene-901-soft\/#primaryimage"},"thumbnailUrl":"https:\/\/rosanacl.com\/wp-content\/uploads\/2025\/04\/Braga-faja-Selene-modelo-901-soft_00001.webp","datePublished":"2025-04-29T23:15:16+00:00","dateModified":"2026-01-07T18:22:38+00:00","breadcrumb":{"@id":"https:\/\/rosanacl.com\/producto\/braga-faja-selene-901-soft\/#breadcrumb"},"inLanguage":"bg-BG","potentialAction":[{"@type":"ReadAction","target":["https:\/\/rosanacl.com\/producto\/braga-faja-selene-901-soft\/"]}]},{"@type":"ImageObject","inLanguage":"bg-BG","@id":"https:\/\/rosanacl.com\/producto\/braga-faja-selene-901-soft\/#primaryimage","url":"https:\/\/rosanacl.com\/wp-content\/uploads\/2025\/04\/Braga-faja-Selene-modelo-901-soft_00001.webp","contentUrl":"https:\/\/rosanacl.com\/wp-content\/uploads\/2025\/04\/Braga-faja-Selene-modelo-901-soft_00001.webp","width":1000,"height":1000},{"@type":"BreadcrumbList","@id":"https:\/\/rosanacl.com\/producto\/braga-faja-selene-901-soft\/#breadcrumb","itemListElement":[{"@type":"ListItem","position":1,"name":"Portada","item":"https:\/\/rosanacl.com\/ca\/"},{"@type":"ListItem","position":2,"name":"Tienda","item":"https:\/\/rosanacl.com\/ca\/tienda\/"},{"@type":"ListItem","position":3,"name":"Braga faja Selene 901 soft"}]},{"@type":"WebSite","@id":"https:\/\/rosanacl.com\/ca\/#website","url":"https:\/\/rosanacl.com\/ca\/","name":"\u0420\u043e\u0441\u0430\u043d\u0430 \u041a\u041b","description":"\u041d\u0438\u0435 \u0441\u043c\u0435 \u0432\u0430\u0448\u0438\u044f\u0442 \u0438\u043d\u0442\u0435\u0440\u0438\u043e\u0440","potentialAction":[{"@type":"SearchAction","target":{"@type":"EntryPoint","urlTemplate":"https:\/\/rosanacl.com\/ca\/?s={search_term_string}"},"query-input":{"@type":"PropertyValueSpecification","valueRequired":true,"valueName":"search_term_string"}}],"inLanguage":"bg-BG"}]}},"_links":{"self":[{"href":"https:\/\/rosanacl.com\/bg\/wp-json\/wp\/v2\/product\/1368","targetHints":{"allow":["GET"]}}],"collection":[{"href":"https:\/\/rosanacl.com\/bg\/wp-json\/wp\/v2\/product"}],"about":[{"href":"https:\/\/rosanacl.com\/bg\/wp-json\/wp\/v2\/types\/product"}],"replies":[{"embeddable":true,"href":"https:\/\/rosanacl.com\/bg\/wp-json\/wp\/v2\/comments?post=1368"}],"version-history":[{"count":5,"href":"https:\/\/rosanacl.com\/bg\/wp-json\/wp\/v2\/product\/1368\/revisions"}],"predecessor-version":[{"id":4603,"href":"https:\/\/rosanacl.com\/bg\/wp-json\/wp\/v2\/product\/1368\/revisions\/4603"}],"wp:featuredmedia":[{"embeddable":true,"href":"https:\/\/rosanacl.com\/bg\/wp-json\/wp\/v2\/media\/1405"}],"wp:attachment":[{"href":"https:\/\/rosanacl.com\/bg\/wp-json\/wp\/v2\/media?parent=1368"}],"wp:term":[{"taxonomy":"product_brand","embeddable":true,"href":"https:\/\/rosanacl.com\/bg\/wp-json\/wp\/v2\/product_brand?post=1368"},{"taxonomy":"product_cat","embeddable":true,"href":"https:\/\/rosanacl.com\/bg\/wp-json\/wp\/v2\/product_cat?post=1368"},{"taxonomy":"product_tag","embeddable":true,"href":"https:\/\/rosanacl.com\/bg\/wp-json\/wp\/v2\/product_tag?post=1368"}],"curies":[{"name":"wp","href":"https:\/\/api.w.org\/{rel}","templated":true}]}}