{"id":2046,"date":"2025-05-23T10:03:37","date_gmt":"2025-05-23T08:03:37","guid":{"rendered":"https:\/\/rosanacl.com\/?post_type=product&#038;p=2046"},"modified":"2026-01-07T19:14:20","modified_gmt":"2026-01-07T18:14:20","slug":"braga-selene-bikini-modelo-3118","status":"publish","type":"product","link":"https:\/\/rosanacl.com\/bg\/produkt\/braga-selene-bikini-modelo-3118\/","title":{"rendered":"\u0411\u0438\u043a\u0438\u043d\u0438 Selene 3118"},"content":{"rendered":"<p>\u0411\u0438\u043a\u0438\u043d\u0438\u0442\u0435 Selene 3118 \u0441\u0430 \u043e\u043d\u0437\u0438 \u00ab\u043d\u0430\u0438\u0441\u0442\u0438\u043d\u0430 \u043a\u0440\u0430\u0441\u0438\u0432\u00bb \u043e\u0441\u043d\u043e\u0432\u0435\u043d \u0435\u043b\u0435\u043c\u0435\u043d\u0442, \u043a\u043e\u0439\u0442\u043e \u0438\u0437\u0434\u0438\u0433\u0430 \u043d\u0430 \u043f\u0440\u0435\u0434\u0435\u043d \u043f\u043b\u0430\u043d \u0432\u0441\u044f\u043a\u043e \u043e\u0431\u043b\u0435\u043a\u043b\u043e: \u0435\u043b\u0435\u0433\u0430\u043d\u0442\u043d\u0430 \u0434\u0430\u043d\u0442\u0435\u043b\u0430 \u043e\u0442\u043f\u0440\u0435\u0434 \u0438 \u0437\u0430\u0432\u044a\u0440\u0448\u0435\u043a, \u0441\u044a\u0437\u0434\u0430\u0434\u0435\u043d \u0434\u0430 \u0432\u0438 \u043d\u0430\u043a\u0430\u0440\u0430 \u0434\u0430 \u0441\u0435 \u0447\u0443\u0432\u0441\u0442\u0432\u0430\u0442\u0435 \u0436\u0435\u043d\u0441\u0442\u0432\u0435\u043d\u0438, \u0443\u0432\u0435\u0440\u0435\u043d\u0438 \u0438 \u043a\u043e\u043c\u0444\u043e\u0440\u0442\u043d\u043e \u043f\u0440\u0435\u0437 \u0446\u0435\u043b\u0438\u044f \u0434\u0435\u043d.<\/p>\n<p>\u0414\u0438\u0437\u0430\u0439\u043d\u044a\u0442 \u043c\u0443 \u0441 \u0431\u0438\u043a\u0438\u043d\u0438\/\u0431\u0440\u0438\u0441\u043b\u0438\u043f \u0441\u044a\u0447\u0435\u0442\u0430\u0432\u0430 \u0435\u0441\u0442\u0435\u0442\u0438\u043a\u0430 \u0438 \u0444\u0443\u043d\u043a\u0446\u0438\u043e\u043d\u0430\u043b\u043d\u043e\u0441\u0442: \u0433\u044a\u0440\u0431\u044a\u0442 \u0435 \u043f\u0440\u043e\u0435\u043a\u0442\u0438\u0440\u0430\u043d \u0434\u0430 \u0431\u044a\u0434\u0435 \u0431\u0435\u0437\u0448\u0435\u0432\u0435\u043d \u043f\u043e\u0434 \u0434\u0440\u0435\u0445\u0438\u0442\u0435, \u0434\u043e\u0440\u0438 \u0438 \u0441 \u043f\u043e-\u0442\u0435\u0441\u043d\u0438 \u0434\u0440\u0435\u0445\u0438, \u0430 \u043a\u0440\u043e\u0439\u043a\u0430\u0442\u0430 \u043c\u0443 \u0441\u0435 \u0434\u0432\u0438\u0436\u0438 \u0441 \u0432\u0430\u0441, \u0431\u0435\u0437 \u0434\u0430 \u0441\u0442\u044f\u0433\u0430. \u0418\u0434\u0435\u0430\u043b\u0435\u043d \u0437\u0430 \u043a\u043e\u043c\u0431\u0438\u043d\u0438\u0440\u0430\u043d\u0435 \u0441\u044a\u0441 \u0441\u0443\u0442\u0438\u0435\u043d\u0438 Selene Regina \u0438 Selene Martina.<\/p>\n<p>\u0414\u0435\u0442\u0430\u0439\u043b\u0438, \u043a\u043e\u0438\u0442\u043e \u0449\u0435 \u0445\u0430\u0440\u0435\u0441\u0430\u0442\u0435<\/p>\n<ul>\n<li>\u041d\u0435\u0436\u043d\u0430 \u0434\u0430\u043d\u0442\u0435\u043b\u0430 \u043e\u0442\u043f\u0440\u0435\u0434: \u0435\u043b\u0435\u0433\u0430\u043d\u0442\u0435\u043d \u0438 \u0436\u0435\u043d\u0441\u0442\u0432\u0435\u043d \u0449\u0440\u0438\u0445.<\/li>\n<li>\u041f\u0440\u043e\u0435\u043a\u0442\u0438\u0440\u0430\u043d\u0438 \u0434\u0430 \u043d\u0435 \u0441\u0435 \u0432\u0438\u0436\u0434\u0430\u0442: \u043f\u0435\u0440\u0444\u0435\u043a\u0442\u043d\u0438 \u043f\u043e\u0434 \u0440\u043e\u043a\u043b\u0438, \u0434\u044a\u043d\u043a\u0438 \u0438\u043b\u0438 \u0432\u0442\u0430\u043b\u0435\u043d\u0438 \u0434\u0440\u0435\u0445\u0438.<\/li>\n<li>\u0423\u0434\u043e\u0431\u043d\u043e \u0438 \u0441\u0442\u0430\u0431\u0438\u043b\u043d\u043e \u043f\u0440\u0438\u043b\u044f\u0433\u0430\u043d\u0435: \u0430\u0434\u0430\u043f\u0442\u0438\u0440\u0430 \u0441\u0435 \u043a\u044a\u043c \u0442\u044f\u043b\u043e\u0442\u043e, \u0431\u0435\u0437 \u0434\u0430 \u0433\u0443\u0431\u0438 \u0444\u043e\u0440\u043c\u0430\u0442\u0430 \u0441\u0438.<\/li>\n<li>\u0414\u0438\u0437\u0430\u0439\u043d \u0442\u0438\u043f \u0431\u0438\u043a\u0438\u043d\u0438\/\u0431\u0440\u0438\u0441\u043b\u0438\u043f: \u0438\u0434\u0435\u0430\u043b\u0435\u043d \u0431\u0430\u043b\u0430\u043d\u0441 \u043c\u0435\u0436\u0434\u0443 \u043f\u043e\u043a\u0440\u0438\u0442\u0438\u0435 \u0438 \u0441\u0442\u0438\u043b.<\/li>\n<li>\u041f\u0435\u0440\u0444\u0435\u043a\u0442\u0435\u043d \u043a\u043e\u043c\u043f\u043b\u0435\u043a\u0442: \u0441\u044a\u0447\u0435\u0442\u0430\u0432\u0430 \u0441\u0435 \u0441\u044a\u0441 \u0441\u0443\u0442\u0438\u0435\u043d\u0438\u0442\u0435 Regina \u0438 Martina.<\/li>\n<\/ul>\n<p>\ud83d\udde3\ufe0f \u0421\u044a\u0432\u0435\u0442: \u0411\u0438\u043a\u0438\u043d\u0438\u0442\u0435 3118 \u0441\u0430 \u043e\u0442 \u043e\u043d\u0435\u0437\u0438 \u0431\u0438\u043a\u0438\u043d\u0438, \u043a\u043e\u0438\u0442\u043e \u043c\u043e\u0436\u0435\u0442\u0435 \u0434\u0430 \u043e\u0431\u043b\u0435\u0447\u0435\u0442\u0435 \u0438 \u0434\u0430 \u0437\u0430\u0431\u0440\u0430\u0432\u0438\u0442\u0435: \u0434\u0430\u043d\u0442\u0435\u043b\u0430\u0442\u0430 \u043e\u0442\u043f\u0440\u0435\u0434 \u0434\u043e\u0431\u0430\u0432\u044f \u043a\u0440\u0430\u0441\u0438\u0432 \u0449\u0440\u0438\u0445, \u0431\u0435\u0437 \u0434\u0430 \u0435 \u043f\u0440\u0435\u043a\u0430\u043b\u0435\u043d\u043e \u043d\u0430\u0442\u0440\u0430\u043f\u0447\u0438\u0432\u0430, \u0430 \u0433\u044a\u0440\u0431\u044a\u0442 \u0435 \u0433\u043b\u0430\u0434\u044a\u043a \u0438 \u0438\u0437\u0447\u0438\u0441\u0442\u0435\u043d, \u0442\u0430\u043a\u0430 \u0447\u0435 \u043c\u043e\u0436\u0435\u0442\u0435 \u0434\u0430 \u0441\u0435 \u0434\u0432\u0438\u0436\u0438\u0442\u0435 \u0441\u0432\u043e\u0431\u043e\u0434\u043d\u043e \u043f\u0440\u0435\u0437 \u0446\u0435\u043b\u0438\u044f \u0434\u0435\u043d. \u0418\u0434\u0435\u0430\u043b\u043d\u0438 \u0441\u0430, \u0430\u043a\u043e \u0445\u0430\u0440\u0435\u0441\u0432\u0430\u0442\u0435 \u0431\u0435\u043b\u044c\u043e, \u043a\u043e\u0435\u0442\u043e \u0438\u0437\u0433\u043b\u0435\u0436\u0434\u0430 \u0436\u0435\u043d\u0441\u0442\u0432\u0435\u043d\u043e, \u043d\u043e \u0435 \u0438 \u0432 \u0438\u0441\u0442\u0438\u043d\u0441\u043a\u0438 \u043a\u043e\u043c\u0444\u043e\u0440\u0442.<\/p>\n<p>\ud83d\udccf \u0417\u0430\u0431\u0435\u043b\u0435\u0436\u043a\u0430: \u0417\u0430 \u0434\u0430 \u043e\u043f\u0440\u0435\u0434\u0435\u043b\u0438\u0442\u0435 \u043f\u0440\u0430\u0432\u0438\u043b\u043d\u0438\u044f \u0440\u0430\u0437\u043c\u0435\u0440, \u043f\u043e\u043c\u0438\u0441\u043b\u0435\u0442\u0435 \u043a\u0430\u043a \u043f\u0440\u0435\u0434\u043f\u043e\u0447\u0438\u0442\u0430\u0442\u0435 \u0434\u043e\u043b\u043d\u0438\u0449\u0435\u0442\u043e \u043d\u0430 \u0431\u0430\u043d\u0441\u043a\u0438\u0442\u0435 \u0441\u0438: \u0430\u043a\u043e \u043f\u0440\u0435\u0434\u043f\u043e\u0447\u0438\u0442\u0430\u0442\u0435 \u0434\u0430 \u0435 \u043f\u043b\u044a\u0442\u043d\u043e \u043f\u0440\u0438\u043b\u0435\u043f\u043d\u0430\u043b\u043e \u0438 \u0441\u0442\u0435\u0433\u043d\u0430\u0442\u043e, \u043e\u0431\u0438\u0447\u0430\u0439\u043d\u0438\u044f\u0442 \u0432\u0438 \u0440\u0430\u0437\u043c\u0435\u0440 \u043e\u0431\u0438\u043a\u043d\u043e\u0432\u0435\u043d\u043e \u0435 \u043f\u0435\u0440\u0444\u0435\u043a\u0442\u0435\u043d; \u0430\u043a\u043e \u0441\u0442\u0435 \u043c\u0435\u0436\u0434\u0443 \u0440\u0430\u0437\u043c\u0435\u0440\u0438\u0442\u0435 \u0438\u043b\u0438 \u0438\u0441\u043a\u0430\u0442\u0435 \u043f\u043e-\u043c\u0435\u043a \u0440\u044a\u0431, \u0437\u0430 \u0434\u0430 \u043c\u043e\u0436\u0435\u0442\u0435 \u0434\u0430 \u0433\u043e \u043d\u043e\u0441\u0438\u0442\u0435 \u0441 \u0447\u0430\u0441\u043e\u0432\u0435, \u0431\u0435\u0437 \u0434\u0430 \u043c\u0438\u0441\u043b\u0438\u0442\u0435 \u0437\u0430 \u043d\u0435\u0433\u043e, \u043e\u0431\u0438\u043a\u043d\u043e\u0432\u0435\u043d\u043e \u0435 \u043f\u043e-\u0434\u043e\u0431\u0440\u0435 \u0434\u0430 \u0432\u0437\u0435\u043c\u0435\u0442\u0435 \u0435\u0434\u0438\u043d \u043d\u043e\u043c\u0435\u0440 \u043f\u043e-\u0433\u043e\u043b\u044f\u043c.<\/p>\n<p>\u0421\u044a\u0441\u0442\u0430\u0432: 85% \u041f\u043e\u043b\u0438\u0430\u043c\u0438\u0434 15% \u0415\u043b\u0430\u0441\u0442\u0430\u043d.<\/p>\n<p>\ud83d\udc84 \u0414\u0430\u043d\u0442\u0435\u043b\u0435\u043d\u0438\u044f\u0442 \u0434\u0435\u0442\u0430\u0439\u043b, \u043a\u043e\u0439\u0442\u043e \u043f\u0440\u0430\u0432\u0438 \u043e\u0431\u043b\u0435\u043a\u043b\u043e\u0442\u043e \u0432\u0438 \u0434\u0430 \u0438\u0437\u0433\u043b\u0435\u0436\u0434\u0430 \u00ab\u043d\u0435\u0432\u0435\u0440\u043e\u044f\u0442\u043d\u043e\u00bb.<\/p>","protected":false},"excerpt":{"rendered":"<p>La Braga Selene Bikini 3118 es ese b\u00e1sico \u00abbonito de verdad\u00bb que eleva cualquier conjunto: encaje elegante en la parte delantera y un acabado pensado para que te sientas femenina, segura y c\u00f3moda durante todo el d\u00eda. Su dise\u00f1o tipo bikini\/brislip combina est\u00e9tica y funcionalidad: la parte trasera est\u00e1 planteada para no marcar bajo la [&hellip;]<\/p>\n","protected":false},"featured_media":2141,"comment_status":"open","ping_status":"closed","template":"","meta":{"content-type":""},"product_brand":[55],"product_cat":[19],"product_tag":[69],"class_list":{"0":"post-2046","1":"product","2":"type-product","3":"status-publish","4":"has-post-thumbnail","6":"product_brand-selene","7":"product_cat-braga","8":"product_tag-braga","10":"first","11":"instock","12":"taxable","13":"shipping-taxable","14":"purchasable","15":"product-type-variable"},"supplier_id":null,"supplier_sku":"","barcode":null,"atum_controlled":true,"out_stock_date":null,"out_stock_threshold":null,"inheritable":true,"inbound_stock":0,"stock_on_hold":0,"sold_today":0,"sales_last_days":0,"reserved_stock":0,"customer_returns":0,"warehouse_damage":0,"lost_in_post":0,"other_logs":0,"out_stock_days":0,"lost_sales":0,"has_location":false,"update_date":"2026-01-07T18:14:21","atum_locations":[],"atum_stock_status":"instock","restock_status":false,"low_stock_amount":"","sales_update_date":"2025-10-03T04:56:25","calc_backorders":null,"yoast_head":"<!-- This site is optimized with the Yoast SEO plugin v27.4 - https:\/\/yoast.com\/product\/yoast-seo-wordpress\/ -->\n<title>Braga Bikini Selene 3118 - Rosana CL<\/title>\n<meta name=\"robots\" content=\"index, follow, max-snippet:-1, max-image-preview:large, max-video-preview:-1\" \/>\n<link rel=\"canonical\" href=\"https:\/\/rosanacl.com\/bg\/produkt\/braga-selene-bikini-modelo-3118\/\" \/>\n<meta property=\"og:locale\" content=\"bg_BG\" \/>\n<meta property=\"og:type\" content=\"article\" \/>\n<meta property=\"og:title\" content=\"Braga Bikini Selene 3118 - Rosana CL\" \/>\n<meta property=\"og:description\" content=\"La Braga Selene Bikini 3118 es ese b\u00e1sico \u00abbonito de verdad\u00bb que eleva cualquier conjunto: encaje elegante en la parte delantera y un acabado pensado para que te sientas femenina, segura y c\u00f3moda durante todo el d\u00eda. Su dise\u00f1o tipo bikini\/brislip combina est\u00e9tica y funcionalidad: la parte trasera est\u00e1 planteada para no marcar bajo la [&hellip;]\" \/>\n<meta property=\"og:url\" content=\"https:\/\/rosanacl.com\/bg\/produkt\/braga-selene-bikini-modelo-3118\/\" \/>\n<meta property=\"og:site_name\" content=\"Rosana CL\" \/>\n<meta property=\"article:modified_time\" content=\"2026-01-07T18:14:20+00:00\" \/>\n<meta property=\"og:image\" content=\"https:\/\/rosanacl.com\/wp-content\/uploads\/2025\/05\/1.png\" \/>\n\t<meta property=\"og:image:width\" content=\"406\" \/>\n\t<meta property=\"og:image:height\" content=\"538\" \/>\n\t<meta property=\"og:image:type\" content=\"image\/png\" \/>\n<meta name=\"twitter:card\" content=\"summary_large_image\" \/>\n<meta name=\"twitter:label1\" content=\"Est. reading time\" \/>\n\t<meta name=\"twitter:data1\" content=\"2 \u043c\u0438\u043d\u0443\u0442\u0438\" \/>\n<script type=\"application\/ld+json\" class=\"yoast-schema-graph\">{\"@context\":\"https:\\\/\\\/schema.org\",\"@graph\":[{\"@type\":\"WebPage\",\"@id\":\"https:\\\/\\\/rosanacl.com\\\/producto\\\/braga-selene-bikini-modelo-3118\\\/\",\"url\":\"https:\\\/\\\/rosanacl.com\\\/producto\\\/braga-selene-bikini-modelo-3118\\\/\",\"name\":\"Braga Bikini Selene 3118 - Rosana CL\",\"isPartOf\":{\"@id\":\"https:\\\/\\\/rosanacl.com\\\/ca\\\/#website\"},\"primaryImageOfPage\":{\"@id\":\"https:\\\/\\\/rosanacl.com\\\/producto\\\/braga-selene-bikini-modelo-3118\\\/#primaryimage\"},\"image\":{\"@id\":\"https:\\\/\\\/rosanacl.com\\\/producto\\\/braga-selene-bikini-modelo-3118\\\/#primaryimage\"},\"thumbnailUrl\":\"https:\\\/\\\/rosanacl.com\\\/wp-content\\\/uploads\\\/2025\\\/05\\\/1.png\",\"datePublished\":\"2025-05-23T08:03:37+00:00\",\"dateModified\":\"2026-01-07T18:14:20+00:00\",\"breadcrumb\":{\"@id\":\"https:\\\/\\\/rosanacl.com\\\/producto\\\/braga-selene-bikini-modelo-3118\\\/#breadcrumb\"},\"inLanguage\":\"bg-BG\",\"potentialAction\":[{\"@type\":\"ReadAction\",\"target\":[\"https:\\\/\\\/rosanacl.com\\\/producto\\\/braga-selene-bikini-modelo-3118\\\/\"]}]},{\"@type\":\"ImageObject\",\"inLanguage\":\"bg-BG\",\"@id\":\"https:\\\/\\\/rosanacl.com\\\/producto\\\/braga-selene-bikini-modelo-3118\\\/#primaryimage\",\"url\":\"https:\\\/\\\/rosanacl.com\\\/wp-content\\\/uploads\\\/2025\\\/05\\\/1.png\",\"contentUrl\":\"https:\\\/\\\/rosanacl.com\\\/wp-content\\\/uploads\\\/2025\\\/05\\\/1.png\",\"width\":406,\"height\":538},{\"@type\":\"BreadcrumbList\",\"@id\":\"https:\\\/\\\/rosanacl.com\\\/producto\\\/braga-selene-bikini-modelo-3118\\\/#breadcrumb\",\"itemListElement\":[{\"@type\":\"ListItem\",\"position\":1,\"name\":\"Portada\",\"item\":\"https:\\\/\\\/rosanacl.com\\\/ca\\\/\"},{\"@type\":\"ListItem\",\"position\":2,\"name\":\"Tienda\",\"item\":\"https:\\\/\\\/rosanacl.com\\\/ca\\\/tienda\\\/\"},{\"@type\":\"ListItem\",\"position\":3,\"name\":\"Braga Bikini Selene 3118\"}]},{\"@type\":\"WebSite\",\"@id\":\"https:\\\/\\\/rosanacl.com\\\/ca\\\/#website\",\"url\":\"https:\\\/\\\/rosanacl.com\\\/ca\\\/\",\"name\":\"Rosana CL\",\"description\":\"Somos tu interior\",\"potentialAction\":[{\"@type\":\"SearchAction\",\"target\":{\"@type\":\"EntryPoint\",\"urlTemplate\":\"https:\\\/\\\/rosanacl.com\\\/ca\\\/?s={search_term_string}\"},\"query-input\":{\"@type\":\"PropertyValueSpecification\",\"valueRequired\":true,\"valueName\":\"search_term_string\"}}],\"inLanguage\":\"bg-BG\"}]}<\/script>\n<!-- \/ Yoast SEO plugin. -->","yoast_head_json":{"title":"Braga Bikini Selene 3118 - Rosana CL","robots":{"index":"index","follow":"follow","max-snippet":"max-snippet:-1","max-image-preview":"max-image-preview:large","max-video-preview":"max-video-preview:-1"},"canonical":"https:\/\/rosanacl.com\/bg\/produkt\/braga-selene-bikini-modelo-3118\/","og_locale":"bg_BG","og_type":"article","og_title":"Braga Bikini Selene 3118 - Rosana CL","og_description":"La Braga Selene Bikini 3118 es ese b\u00e1sico \u00abbonito de verdad\u00bb que eleva cualquier conjunto: encaje elegante en la parte delantera y un acabado pensado para que te sientas femenina, segura y c\u00f3moda durante todo el d\u00eda. Su dise\u00f1o tipo bikini\/brislip combina est\u00e9tica y funcionalidad: la parte trasera est\u00e1 planteada para no marcar bajo la [&hellip;]","og_url":"https:\/\/rosanacl.com\/bg\/produkt\/braga-selene-bikini-modelo-3118\/","og_site_name":"Rosana CL","article_modified_time":"2026-01-07T18:14:20+00:00","og_image":[{"width":406,"height":538,"url":"https:\/\/rosanacl.com\/wp-content\/uploads\/2025\/05\/1.png","type":"image\/png"}],"twitter_card":"summary_large_image","twitter_misc":{"Est. reading time":"2 \u043c\u0438\u043d\u0443\u0442\u0438"},"schema":{"@context":"https:\/\/schema.org","@graph":[{"@type":"WebPage","@id":"https:\/\/rosanacl.com\/producto\/braga-selene-bikini-modelo-3118\/","url":"https:\/\/rosanacl.com\/producto\/braga-selene-bikini-modelo-3118\/","name":"Braga Bikini Selene 3118 - Rosana CL","isPartOf":{"@id":"https:\/\/rosanacl.com\/ca\/#website"},"primaryImageOfPage":{"@id":"https:\/\/rosanacl.com\/producto\/braga-selene-bikini-modelo-3118\/#primaryimage"},"image":{"@id":"https:\/\/rosanacl.com\/producto\/braga-selene-bikini-modelo-3118\/#primaryimage"},"thumbnailUrl":"https:\/\/rosanacl.com\/wp-content\/uploads\/2025\/05\/1.png","datePublished":"2025-05-23T08:03:37+00:00","dateModified":"2026-01-07T18:14:20+00:00","breadcrumb":{"@id":"https:\/\/rosanacl.com\/producto\/braga-selene-bikini-modelo-3118\/#breadcrumb"},"inLanguage":"bg-BG","potentialAction":[{"@type":"ReadAction","target":["https:\/\/rosanacl.com\/producto\/braga-selene-bikini-modelo-3118\/"]}]},{"@type":"ImageObject","inLanguage":"bg-BG","@id":"https:\/\/rosanacl.com\/producto\/braga-selene-bikini-modelo-3118\/#primaryimage","url":"https:\/\/rosanacl.com\/wp-content\/uploads\/2025\/05\/1.png","contentUrl":"https:\/\/rosanacl.com\/wp-content\/uploads\/2025\/05\/1.png","width":406,"height":538},{"@type":"BreadcrumbList","@id":"https:\/\/rosanacl.com\/producto\/braga-selene-bikini-modelo-3118\/#breadcrumb","itemListElement":[{"@type":"ListItem","position":1,"name":"Portada","item":"https:\/\/rosanacl.com\/ca\/"},{"@type":"ListItem","position":2,"name":"Tienda","item":"https:\/\/rosanacl.com\/ca\/tienda\/"},{"@type":"ListItem","position":3,"name":"Braga Bikini Selene 3118"}]},{"@type":"WebSite","@id":"https:\/\/rosanacl.com\/ca\/#website","url":"https:\/\/rosanacl.com\/ca\/","name":"\u0420\u043e\u0441\u0430\u043d\u0430 \u041a\u041b","description":"\u041d\u0438\u0435 \u0441\u043c\u0435 \u0432\u0430\u0448\u0438\u044f\u0442 \u0438\u043d\u0442\u0435\u0440\u0438\u043e\u0440","potentialAction":[{"@type":"SearchAction","target":{"@type":"EntryPoint","urlTemplate":"https:\/\/rosanacl.com\/ca\/?s={search_term_string}"},"query-input":{"@type":"PropertyValueSpecification","valueRequired":true,"valueName":"search_term_string"}}],"inLanguage":"bg-BG"}]}},"_links":{"self":[{"href":"https:\/\/rosanacl.com\/bg\/wp-json\/wp\/v2\/product\/2046","targetHints":{"allow":["GET"]}}],"collection":[{"href":"https:\/\/rosanacl.com\/bg\/wp-json\/wp\/v2\/product"}],"about":[{"href":"https:\/\/rosanacl.com\/bg\/wp-json\/wp\/v2\/types\/product"}],"replies":[{"embeddable":true,"href":"https:\/\/rosanacl.com\/bg\/wp-json\/wp\/v2\/comments?post=2046"}],"version-history":[{"count":5,"href":"https:\/\/rosanacl.com\/bg\/wp-json\/wp\/v2\/product\/2046\/revisions"}],"predecessor-version":[{"id":4601,"href":"https:\/\/rosanacl.com\/bg\/wp-json\/wp\/v2\/product\/2046\/revisions\/4601"}],"wp:featuredmedia":[{"embeddable":true,"href":"https:\/\/rosanacl.com\/bg\/wp-json\/wp\/v2\/media\/2141"}],"wp:attachment":[{"href":"https:\/\/rosanacl.com\/bg\/wp-json\/wp\/v2\/media?parent=2046"}],"wp:term":[{"taxonomy":"product_brand","embeddable":true,"href":"https:\/\/rosanacl.com\/bg\/wp-json\/wp\/v2\/product_brand?post=2046"},{"taxonomy":"product_cat","embeddable":true,"href":"https:\/\/rosanacl.com\/bg\/wp-json\/wp\/v2\/product_cat?post=2046"},{"taxonomy":"product_tag","embeddable":true,"href":"https:\/\/rosanacl.com\/bg\/wp-json\/wp\/v2\/product_tag?post=2046"}],"curies":[{"name":"wp","href":"https:\/\/api.w.org\/{rel}","templated":true}]}}