{"id":3378,"date":"2025-08-19T08:56:35","date_gmt":"2025-08-19T06:56:35","guid":{"rendered":"https:\/\/rosanacl.com\/?post_type=product&#038;p=3378"},"modified":"2026-01-08T03:13:46","modified_gmt":"2026-01-08T02:13:46","slug":"sujetador-modelo-natalia","status":"publish","type":"product","link":"https:\/\/rosanacl.com\/bg\/produkt\/sujetador-modelo-natalia\/","title":{"rendered":"\u0421\u0435\u043b\u0435\u043d \u041d\u0430\u0442\u0430\u043b\u0438\u044f \u0411\u0440\u0430"},"content":{"rendered":"<p>\u0421\u0443\u0442\u0438\u0435\u043d\u044a\u0442 Selene Natalia \u0435 \u043e\u0441\u043d\u043e\u0432\u0435\u043d \u0430\u0440\u0442\u0438\u043a\u0443\u043b, \u0438\u0437\u0440\u0430\u0431\u043e\u0442\u0435\u043d \u043e\u0442 \u043c\u0435\u043a \u043c\u0438\u043a\u0440\u043e\u0444\u0438\u0431\u044a\u0440 \u0441 \u0431\u0430\u043d\u0435\u043b\u0438 \u0438 \u0447\u0430\u0448\u043a\u0438 \u0442\u0438\u043f \u201epush-up\u201c, \u043f\u0440\u043e\u0435\u043a\u0442\u0438\u0440\u0430\u043d \u0434\u0430 \u043f\u043e\u0434\u0447\u0435\u0440\u0442\u0430\u0435 \u0435\u0441\u0442\u0435\u0441\u0442\u0432\u0435\u043d\u043e \u0431\u044e\u0441\u0442\u0430 \u0432\u0438 \u0438 \u0434\u0430 \u0441\u044a\u0437\u0434\u0430\u0434\u0435 \u043a\u0440\u0430\u0441\u0438\u0432\u043e, \u0437\u0430\u043e\u0431\u043b\u0435\u043d\u043e \u0434\u0435\u043a\u043e\u043b\u0442\u0435, \u0431\u0435\u0437 \u0434\u0430 \u0436\u0435\u0440\u0442\u0432\u0430 \u043a\u043e\u043c\u0444\u043e\u0440\u0442\u0430. \u0422\u043e\u0432\u0430 \u0435 \u0441\u0443\u0442\u0438\u0435\u043d\u044a\u0442, \u043a\u043e\u0439\u0442\u043e \u043d\u043e\u0441\u0438\u0442\u0435 \u0432\u0441\u0435\u043a\u0438 \u0434\u0435\u043d, \u043a\u043e\u0439\u0442\u043e \u0432\u0438 \u043a\u0430\u0440\u0430 \u0434\u0430 \u0441\u0435 \u0447\u0443\u0432\u0441\u0442\u0432\u0430\u0442\u0435 \u043f\u043e-\u043f\u043e\u0434\u043a\u0440\u0435\u043f\u0435\u043d\u0438, \u0441\u0442\u0435\u0433\u043d\u0430\u0442\u0438 \u0438 \u0443\u0432\u0435\u0440\u0435\u043d\u0438 \u043e\u0449\u0435 \u043e\u0442 \u043f\u044a\u0440\u0432\u0438\u044f \u043c\u043e\u043c\u0435\u043d\u0442.<\/p>\n<p>\u041c\u0438\u043a\u0440\u043e\u0444\u0438\u0431\u044a\u0440\u043d\u0430\u0442\u0430 \u043c\u0430\u0442\u0435\u0440\u0438\u044f \u0435 \u043c\u0435\u043a\u0430 \u043d\u0430 \u0434\u043e\u043f\u0438\u0440 \u0438 \u0441\u0435 \u0430\u0434\u0430\u043f\u0442\u0438\u0440\u0430 \u043a\u0440\u0430\u0441\u0438\u0432\u043e \u043a\u044a\u043c \u0442\u044f\u043b\u043e\u0442\u043e, \u0430 \u0431\u0430\u043d\u0435\u043b\u0438\u0442\u0435 \u043e\u0441\u0438\u0433\u0443\u0440\u044f\u0432\u0430\u0442 \u0441\u0442\u0430\u0431\u0438\u043b\u043d\u0430 \u043e\u043f\u043e\u0440\u0430. \u0427\u0430\u0448\u043a\u0430\u0442\u0430 \u0442\u0438\u043f \u201epush-up\u201c \u043f\u043e\u043c\u0430\u0433\u0430 \u0437\u0430 \u043f\u043e\u0432\u0434\u0438\u0433\u0430\u043d\u0435 \u0438 \u0446\u0435\u043d\u0442\u0440\u0438\u0440\u0430\u043d\u0435, \u0438\u0434\u0435\u0430\u043b\u043d\u0430, \u0430\u043a\u043e \u0442\u044a\u0440\u0441\u0438\u0442\u0435 \u043f\u043e-\u043b\u0430\u0441\u043a\u0430\u0442\u0435\u043b\u0435\u043d \u0435\u0444\u0435\u043a\u0442 \u0441 \u0442\u0435\u043d\u0438\u0441\u043a\u0438, \u0431\u043b\u0443\u0437\u0438 \u0438\u043b\u0438 \u0440\u043e\u043a\u043b\u0438.<\/p>\n<p>\u041e\u0441\u0432\u0435\u043d \u0442\u043e\u0432\u0430, \u0442\u044a\u0439 \u043a\u0430\u0442\u043e \u0435 \u0441\u0443\u0442\u0438\u0435\u043d \u0441 \u043c\u043d\u043e\u0436\u0435\u0441\u0442\u0432\u043e \u043f\u043e\u0437\u0438\u0446\u0438\u0438, \u043c\u043e\u0436\u0435\u0442\u0435 \u0434\u0430 \u0440\u0435\u0433\u0443\u043b\u0438\u0440\u0430\u0442\u0435 \u043f\u0440\u0435\u0437\u0440\u0430\u043c\u043a\u0438\u0442\u0435 \u0441\u043f\u043e\u0440\u0435\u0434 \u0432\u0438\u0434\u0430 \u043d\u0430 \u043e\u0431\u043b\u0435\u043a\u043b\u043e\u0442\u043e \u0438 \u0434\u0435\u043a\u043e\u043b\u0442\u0435\u0442\u043e. \u0412\u043a\u043b\u044e\u0447\u0432\u0430 \u043a\u043e\u043c\u043f\u043b\u0435\u043a\u0442 \u043f\u043b\u0430\u0442\u043d\u0435\u043d\u0438 \u043f\u0440\u0435\u0437\u0440\u0430\u043c\u043a\u0438, \u0438\u0434\u0435\u0430\u043b\u043d\u0438 \u0437\u0430 \u0430\u0434\u0430\u043f\u0442\u0438\u0440\u0430\u043d\u0435 \u043d\u0430 \u0441\u0442\u0438\u043b\u0430 \u0438 \u043f\u043e\u0434\u0434\u0440\u044a\u0436\u043a\u0430\u0442\u0430 \u043a\u044a\u043c \u0435\u0436\u0435\u0434\u043d\u0435\u0432\u043d\u0438\u0442\u0435 \u0432\u0438 \u043d\u0443\u0436\u0434\u0438.<\/p>\n<p>\u041a\u043b\u044e\u0447\u043e\u0432\u0438 \u0434\u0435\u0442\u0430\u0439\u043b\u0438<\/p>\n<ul>\n<li>\u041c\u0435\u043a \u0438 \u0443\u0434\u043e\u0431\u0435\u043d \u043c\u0438\u043a\u0440\u043e\u0444\u0438\u0431\u044a\u0440 \u0437\u0430 \u0435\u0436\u0435\u0434\u043d\u0435\u0432\u043d\u0430 \u0443\u043f\u043e\u0442\u0440\u0435\u0431\u0430.<\/li>\n<li>\u0421 \u043f\u0440\u044a\u0441\u0442\u0435\u043d\u0438: \u0437\u0434\u0440\u0430\u0432\u0430 \u0438 \u0441\u0442\u0430\u0431\u0438\u043b\u043d\u0430 \u043e\u043f\u043e\u0440\u0430.<\/li>\n<li>\u0427\u0430\u0448\u043a\u0430 \u0441 \u043f\u043e\u0432\u0434\u0438\u0433\u0430\u0449 \u043c\u0435\u0445\u0430\u043d\u0438\u0437\u044a\u043c: \u043f\u043e\u0434\u043e\u0431\u0440\u0435\u043d\u0438\u0435 \u0438 \u0437\u0430\u043e\u0431\u043b\u0435\u043d\u043e \u0434\u0435\u043a\u043e\u043b\u0442\u0435.<\/li>\n<li>\u041c\u043d\u043e\u0433\u043e\u043f\u043e\u0437\u0438\u0446\u0438\u043e\u043d\u0435\u043d: \u0430\u0434\u0430\u043f\u0442\u0438\u0440\u0430 \u0441\u0435 \u043a\u044a\u043c \u0440\u0430\u0437\u043b\u0438\u0447\u043d\u0438 \u0434\u0440\u0435\u0445\u0438 \u0438 \u0434\u0435\u043a\u043e\u043b\u0442\u0435\u0442\u0430.<\/li>\n<li>\u0412\u043a\u043b\u044e\u0447\u0432\u0430 \u043a\u043e\u043c\u043f\u043b\u0435\u043a\u0442 \u0442\u0435\u043a\u0441\u0442\u0438\u043b\u043d\u0438 \u0442\u0438\u0440\u0430\u043d\u0442\u0438.<\/li>\n<\/ul>\n<p>\ud83d\udde3\ufe0f \u0421\u044a\u0432\u0435\u0442: \u041f\u0440\u0438 \u041d\u0430\u0442\u0430\u043b\u0438\u044f \u043c\u0430\u0433\u0438\u044f\u0442\u0430 \u0441\u0435 \u043a\u0440\u0438\u0435 \u0432 &quot;\u043a\u0440\u0430\u0441\u0438\u0432\u0438\u044f push-up&quot; \u0434\u0438\u0437\u0430\u0439\u043d + \u043c\u043d\u043e\u0433\u043e\u043f\u043e\u0437\u0438\u0446\u0438\u043e\u043d\u043d\u043e\u0442\u043e \u043f\u0440\u0438\u043b\u044f\u0433\u0430\u043d\u0435: \u043c\u0438\u043a\u0440\u043e\u0444\u0438\u0431\u044a\u0440\u044a\u0442 \u0441\u0435 \u0430\u0434\u0430\u043f\u0442\u0438\u0440\u0430 \u043c\u0435\u043a\u043e, \u0431\u0430\u043d\u0435\u043b\u0438\u0442\u0435 \u043d\u0430\u0438\u0441\u0442\u0438\u043d\u0430 \u0434\u044a\u0440\u0436\u0430\u0442, \u0430 \u0447\u0440\u0435\u0437 \u0441\u043c\u044f\u043d\u0430 \u043d\u0430 \u043f\u0440\u0435\u0437\u0440\u0430\u043c\u043a\u0438\u0442\u0435 \u0441\u043f\u043e\u0440\u0435\u0434 \u0434\u0435\u043a\u043e\u043b\u0442\u0435\u0442\u043e, \u043f\u043e\u0441\u0442\u0438\u0433\u0430\u0442\u0435 \u043f\u043e-\u0446\u0435\u043d\u0442\u0440\u0438\u0440\u0430\u043d \u0438 \u0437\u0430\u043e\u0431\u043b\u0435\u043d \u0435\u0444\u0435\u043a\u0442, \u0431\u0435\u0437 \u0434\u0430 \u0433\u0443\u0431\u0438\u0442\u0435 \u043a\u043e\u043c\u0444\u043e\u0440\u0442.<\/p>\n<p>\ud83d\udccf \u0417\u0430\u0431\u0435\u043b\u0435\u0436\u043a\u0430: \u041f\u0440\u0435\u0434\u0438 \u043f\u043e\u043a\u0443\u043f\u043a\u0430, \u043f\u043e\u043c\u0438\u0441\u043b\u0435\u0442\u0435 \u0437\u0430 \u0436\u0435\u043b\u0430\u043d\u0438\u044f \u0440\u0435\u0437\u0443\u043b\u0442\u0430\u0442: \u0430\u043a\u043e \u0438\u0441\u043a\u0430\u0442\u0435 \u0433\u044a\u0440\u0434\u0438\u0442\u0435 \u0432\u0438 \u0434\u0430 \u0441\u0430 \u043f\u043e-\u0434\u0435\u0444\u0438\u043d\u0438\u0440\u0430\u043d\u0438 \u0438 \u0434\u043e\u0431\u0440\u0435 \u043f\u043e\u0434\u0434\u044a\u0440\u0436\u0430\u043d\u0438, \u0438\u0437\u0431\u0435\u0440\u0435\u0442\u0435 \u043e\u0431\u0438\u0447\u0430\u0439\u043d\u0438\u044f \u0441\u0438 \u0440\u0430\u0437\u043c\u0435\u0440; \u0430\u043a\u043e \u0441\u0442\u0435 \u043c\u0435\u0436\u0434\u0443 \u0434\u0432\u0430 \u0440\u0430\u0437\u043c\u0435\u0440\u0430 \u0438\u043b\u0438 \u043f\u0440\u0435\u0434\u043f\u043e\u0447\u0438\u0442\u0430\u0442\u0435 \u0440\u044a\u0431\u044a\u0442 \u043d\u0430 \u0447\u0430\u0448\u043a\u0430\u0442\u0430 \u0434\u0430 \u0435 \u043f\u043e-\u043c\u0435\u043a (\u0431\u0435\u0437 \u0434\u0430 \u0441\u0435 \u0441\u0442\u0438\u0441\u043a\u0430 \u0438\u043b\u0438 \u0434\u0430 \u0441\u0435 \u0441\u044a\u0437\u0434\u0430\u0432\u0430\u0442 \u00ab\u0434\u0432\u043e\u0439\u043d\u0438 \u0433\u044a\u0440\u0434\u0438\u00bb), \u0438\u0437\u0431\u0435\u0440\u0435\u0442\u0435 \u0435\u0434\u0438\u043d \u0440\u0430\u0437\u043c\u0435\u0440 \u043f\u043e-\u0433\u043e\u043b\u044f\u043c\u0430 \u0447\u0430\u0448\u043a\u0430 (\u0438\u043b\u0438 \u0441\u043b\u0435\u0434\u0432\u0430\u0449\u0438\u044f \u0440\u0430\u0437\u043c\u0435\u0440 \u043f\u043e-\u0433\u043e\u043b\u044f\u043c, \u0430\u043a\u043e \u0440\u0430\u0437\u043c\u0435\u0440\u044a\u0442 \u043d\u0430 \u043b\u0435\u043d\u0442\u0430\u0442\u0430 \u0432\u0435\u0447\u0435 \u0435 \u0441\u0442\u0435\u0433\u043d\u0430\u0442).<\/p>\n<p>\u0421\u044a\u0441\u0442\u0430\u0432: 55% \u041f\u043e\u043b\u0438\u0430\u043c\u0438\u0434 \u00b7 38% \u041f\u043e\u043b\u0438\u0435\u0441\u0442\u0435\u0440 \u00b7 7% \u0415\u043b\u0430\u0441\u0442\u0430\u043d<\/p>\n<p>\ud83c\udf80 \u0422\u043e\u0432\u0430 \u043a\u0440\u0430\u0441\u0438\u0432\u043e \u0434\u0435\u043a\u043e\u043b\u0442\u0435 \u043d\u0435 \u0435 \u0441\u043b\u0443\u0447\u0430\u0439\u043d\u043e: \u0442\u043e\u0432\u0430 \u0435 \u041d\u0430\u0442\u0430\u043b\u0438\u044f.<\/p>\n<div id=\"v1ms-outlook-mobile-body-separator-line\" dir=\"auto\"><\/div>","protected":false},"excerpt":{"rendered":"<p>El Sujetador Selene Natalia es un b\u00e1sico imprescindible de microfibra suave con aros y copa push-up, pensado para realzar el pecho de forma natural y conseguir un escote bonito y redondeado sin perder comodidad. Es ese sujetador que te pones a diario y te deja la sensaci\u00f3n de ir m\u00e1s recogida, m\u00e1s estilizada y m\u00e1s [&hellip;]<\/p>\n","protected":false},"featured_media":3394,"comment_status":"closed","ping_status":"closed","template":"","meta":{"content-type":""},"product_brand":[55],"product_cat":[29,20],"product_tag":[56,65],"class_list":{"0":"post-3378","1":"product","2":"type-product","3":"status-publish","4":"has-post-thumbnail","6":"product_brand-selene","7":"product_cat-push-up","8":"product_cat-sujetador","9":"product_tag-sujetador","10":"product_tag-sujetador-push-up","12":"first","13":"instock","14":"taxable","15":"shipping-taxable","16":"purchasable","17":"product-type-variable"},"supplier_id":null,"supplier_sku":"","barcode":null,"atum_controlled":true,"out_stock_date":null,"out_stock_threshold":null,"inheritable":true,"inbound_stock":0,"stock_on_hold":0,"sold_today":null,"sales_last_days":null,"reserved_stock":0,"customer_returns":0,"warehouse_damage":0,"lost_in_post":0,"other_logs":0,"out_stock_days":null,"lost_sales":null,"has_location":false,"update_date":"2026-01-08T02:13:47","atum_locations":[],"atum_stock_status":"instock","restock_status":false,"low_stock_amount":"","sales_update_date":"2025-10-03T04:55:34","calc_backorders":null,"yoast_head":"<!-- This site is optimized with the Yoast SEO plugin v27.4 - https:\/\/yoast.com\/product\/yoast-seo-wordpress\/ -->\n<title>Sujetador Selene Natalia - Rosana CL<\/title>\n<meta name=\"robots\" content=\"index, follow, max-snippet:-1, max-image-preview:large, max-video-preview:-1\" \/>\n<link rel=\"canonical\" href=\"https:\/\/rosanacl.com\/bg\/produkt\/sujetador-modelo-natalia\/\" \/>\n<meta property=\"og:locale\" content=\"bg_BG\" \/>\n<meta property=\"og:type\" content=\"article\" \/>\n<meta property=\"og:title\" content=\"Sujetador Selene Natalia - Rosana CL\" \/>\n<meta property=\"og:description\" content=\"El Sujetador Selene Natalia es un b\u00e1sico imprescindible de microfibra suave con aros y copa push-up, pensado para realzar el pecho de forma natural y conseguir un escote bonito y redondeado sin perder comodidad. Es ese sujetador que te pones a diario y te deja la sensaci\u00f3n de ir m\u00e1s recogida, m\u00e1s estilizada y m\u00e1s [&hellip;]\" \/>\n<meta property=\"og:url\" content=\"https:\/\/rosanacl.com\/bg\/produkt\/sujetador-modelo-natalia\/\" \/>\n<meta property=\"og:site_name\" content=\"Rosana CL\" \/>\n<meta property=\"article:modified_time\" content=\"2026-01-08T02:13:46+00:00\" \/>\n<meta property=\"og:image\" content=\"https:\/\/rosanacl.com\/wp-content\/uploads\/2025\/08\/1-4-671x1024.png\" \/>\n\t<meta property=\"og:image:width\" content=\"671\" \/>\n\t<meta property=\"og:image:height\" content=\"1024\" \/>\n\t<meta property=\"og:image:type\" content=\"image\/png\" \/>\n<meta name=\"twitter:card\" content=\"summary_large_image\" \/>\n<meta name=\"twitter:label1\" content=\"Est. reading time\" \/>\n\t<meta name=\"twitter:data1\" content=\"2 \u043c\u0438\u043d\u0443\u0442\u0438\" \/>\n<script type=\"application\/ld+json\" class=\"yoast-schema-graph\">{\"@context\":\"https:\\\/\\\/schema.org\",\"@graph\":[{\"@type\":\"WebPage\",\"@id\":\"https:\\\/\\\/rosanacl.com\\\/producto\\\/sujetador-modelo-natalia\\\/\",\"url\":\"https:\\\/\\\/rosanacl.com\\\/producto\\\/sujetador-modelo-natalia\\\/\",\"name\":\"Sujetador Selene Natalia - Rosana CL\",\"isPartOf\":{\"@id\":\"https:\\\/\\\/rosanacl.com\\\/ca\\\/#website\"},\"primaryImageOfPage\":{\"@id\":\"https:\\\/\\\/rosanacl.com\\\/producto\\\/sujetador-modelo-natalia\\\/#primaryimage\"},\"image\":{\"@id\":\"https:\\\/\\\/rosanacl.com\\\/producto\\\/sujetador-modelo-natalia\\\/#primaryimage\"},\"thumbnailUrl\":\"https:\\\/\\\/rosanacl.com\\\/wp-content\\\/uploads\\\/2025\\\/08\\\/1-4.png\",\"datePublished\":\"2025-08-19T06:56:35+00:00\",\"dateModified\":\"2026-01-08T02:13:46+00:00\",\"breadcrumb\":{\"@id\":\"https:\\\/\\\/rosanacl.com\\\/producto\\\/sujetador-modelo-natalia\\\/#breadcrumb\"},\"inLanguage\":\"bg-BG\",\"potentialAction\":[{\"@type\":\"ReadAction\",\"target\":[\"https:\\\/\\\/rosanacl.com\\\/producto\\\/sujetador-modelo-natalia\\\/\"]}]},{\"@type\":\"ImageObject\",\"inLanguage\":\"bg-BG\",\"@id\":\"https:\\\/\\\/rosanacl.com\\\/producto\\\/sujetador-modelo-natalia\\\/#primaryimage\",\"url\":\"https:\\\/\\\/rosanacl.com\\\/wp-content\\\/uploads\\\/2025\\\/08\\\/1-4.png\",\"contentUrl\":\"https:\\\/\\\/rosanacl.com\\\/wp-content\\\/uploads\\\/2025\\\/08\\\/1-4.png\",\"width\":873,\"height\":1333},{\"@type\":\"BreadcrumbList\",\"@id\":\"https:\\\/\\\/rosanacl.com\\\/producto\\\/sujetador-modelo-natalia\\\/#breadcrumb\",\"itemListElement\":[{\"@type\":\"ListItem\",\"position\":1,\"name\":\"Portada\",\"item\":\"https:\\\/\\\/rosanacl.com\\\/ca\\\/\"},{\"@type\":\"ListItem\",\"position\":2,\"name\":\"Tienda\",\"item\":\"https:\\\/\\\/rosanacl.com\\\/ca\\\/tienda\\\/\"},{\"@type\":\"ListItem\",\"position\":3,\"name\":\"Sujetador Selene Natalia\"}]},{\"@type\":\"WebSite\",\"@id\":\"https:\\\/\\\/rosanacl.com\\\/ca\\\/#website\",\"url\":\"https:\\\/\\\/rosanacl.com\\\/ca\\\/\",\"name\":\"Rosana CL\",\"description\":\"Somos tu interior\",\"potentialAction\":[{\"@type\":\"SearchAction\",\"target\":{\"@type\":\"EntryPoint\",\"urlTemplate\":\"https:\\\/\\\/rosanacl.com\\\/ca\\\/?s={search_term_string}\"},\"query-input\":{\"@type\":\"PropertyValueSpecification\",\"valueRequired\":true,\"valueName\":\"search_term_string\"}}],\"inLanguage\":\"bg-BG\"}]}<\/script>\n<!-- \/ Yoast SEO plugin. -->","yoast_head_json":{"title":"Sujetador Selene Natalia - Rosana CL","robots":{"index":"index","follow":"follow","max-snippet":"max-snippet:-1","max-image-preview":"max-image-preview:large","max-video-preview":"max-video-preview:-1"},"canonical":"https:\/\/rosanacl.com\/bg\/produkt\/sujetador-modelo-natalia\/","og_locale":"bg_BG","og_type":"article","og_title":"Sujetador Selene Natalia - Rosana CL","og_description":"El Sujetador Selene Natalia es un b\u00e1sico imprescindible de microfibra suave con aros y copa push-up, pensado para realzar el pecho de forma natural y conseguir un escote bonito y redondeado sin perder comodidad. Es ese sujetador que te pones a diario y te deja la sensaci\u00f3n de ir m\u00e1s recogida, m\u00e1s estilizada y m\u00e1s [&hellip;]","og_url":"https:\/\/rosanacl.com\/bg\/produkt\/sujetador-modelo-natalia\/","og_site_name":"Rosana CL","article_modified_time":"2026-01-08T02:13:46+00:00","og_image":[{"width":671,"height":1024,"url":"https:\/\/rosanacl.com\/wp-content\/uploads\/2025\/08\/1-4-671x1024.png","type":"image\/png"}],"twitter_card":"summary_large_image","twitter_misc":{"Est. reading time":"2 \u043c\u0438\u043d\u0443\u0442\u0438"},"schema":{"@context":"https:\/\/schema.org","@graph":[{"@type":"WebPage","@id":"https:\/\/rosanacl.com\/producto\/sujetador-modelo-natalia\/","url":"https:\/\/rosanacl.com\/producto\/sujetador-modelo-natalia\/","name":"Sujetador Selene Natalia - Rosana CL","isPartOf":{"@id":"https:\/\/rosanacl.com\/ca\/#website"},"primaryImageOfPage":{"@id":"https:\/\/rosanacl.com\/producto\/sujetador-modelo-natalia\/#primaryimage"},"image":{"@id":"https:\/\/rosanacl.com\/producto\/sujetador-modelo-natalia\/#primaryimage"},"thumbnailUrl":"https:\/\/rosanacl.com\/wp-content\/uploads\/2025\/08\/1-4.png","datePublished":"2025-08-19T06:56:35+00:00","dateModified":"2026-01-08T02:13:46+00:00","breadcrumb":{"@id":"https:\/\/rosanacl.com\/producto\/sujetador-modelo-natalia\/#breadcrumb"},"inLanguage":"bg-BG","potentialAction":[{"@type":"ReadAction","target":["https:\/\/rosanacl.com\/producto\/sujetador-modelo-natalia\/"]}]},{"@type":"ImageObject","inLanguage":"bg-BG","@id":"https:\/\/rosanacl.com\/producto\/sujetador-modelo-natalia\/#primaryimage","url":"https:\/\/rosanacl.com\/wp-content\/uploads\/2025\/08\/1-4.png","contentUrl":"https:\/\/rosanacl.com\/wp-content\/uploads\/2025\/08\/1-4.png","width":873,"height":1333},{"@type":"BreadcrumbList","@id":"https:\/\/rosanacl.com\/producto\/sujetador-modelo-natalia\/#breadcrumb","itemListElement":[{"@type":"ListItem","position":1,"name":"Portada","item":"https:\/\/rosanacl.com\/ca\/"},{"@type":"ListItem","position":2,"name":"Tienda","item":"https:\/\/rosanacl.com\/ca\/tienda\/"},{"@type":"ListItem","position":3,"name":"Sujetador Selene Natalia"}]},{"@type":"WebSite","@id":"https:\/\/rosanacl.com\/ca\/#website","url":"https:\/\/rosanacl.com\/ca\/","name":"\u0420\u043e\u0441\u0430\u043d\u0430 \u041a\u041b","description":"\u041d\u0438\u0435 \u0441\u043c\u0435 \u0432\u0430\u0448\u0438\u044f\u0442 \u0438\u043d\u0442\u0435\u0440\u0438\u043e\u0440","potentialAction":[{"@type":"SearchAction","target":{"@type":"EntryPoint","urlTemplate":"https:\/\/rosanacl.com\/ca\/?s={search_term_string}"},"query-input":{"@type":"PropertyValueSpecification","valueRequired":true,"valueName":"search_term_string"}}],"inLanguage":"bg-BG"}]}},"_links":{"self":[{"href":"https:\/\/rosanacl.com\/bg\/wp-json\/wp\/v2\/product\/3378","targetHints":{"allow":["GET"]}}],"collection":[{"href":"https:\/\/rosanacl.com\/bg\/wp-json\/wp\/v2\/product"}],"about":[{"href":"https:\/\/rosanacl.com\/bg\/wp-json\/wp\/v2\/types\/product"}],"replies":[{"embeddable":true,"href":"https:\/\/rosanacl.com\/bg\/wp-json\/wp\/v2\/comments?post=3378"}],"version-history":[{"count":5,"href":"https:\/\/rosanacl.com\/bg\/wp-json\/wp\/v2\/product\/3378\/revisions"}],"predecessor-version":[{"id":4639,"href":"https:\/\/rosanacl.com\/bg\/wp-json\/wp\/v2\/product\/3378\/revisions\/4639"}],"wp:featuredmedia":[{"embeddable":true,"href":"https:\/\/rosanacl.com\/bg\/wp-json\/wp\/v2\/media\/3394"}],"wp:attachment":[{"href":"https:\/\/rosanacl.com\/bg\/wp-json\/wp\/v2\/media?parent=3378"}],"wp:term":[{"taxonomy":"product_brand","embeddable":true,"href":"https:\/\/rosanacl.com\/bg\/wp-json\/wp\/v2\/product_brand?post=3378"},{"taxonomy":"product_cat","embeddable":true,"href":"https:\/\/rosanacl.com\/bg\/wp-json\/wp\/v2\/product_cat?post=3378"},{"taxonomy":"product_tag","embeddable":true,"href":"https:\/\/rosanacl.com\/bg\/wp-json\/wp\/v2\/product_tag?post=3378"}],"curies":[{"name":"wp","href":"https:\/\/api.w.org\/{rel}","templated":true}]}}