{"id":2891,"date":"2025-07-18T11:14:21","date_gmt":"2025-07-18T09:14:21","guid":{"rendered":"https:\/\/rosanacl.com\/?page_id=2891"},"modified":"2025-07-25T08:09:48","modified_gmt":"2025-07-25T06:09:48","slug":"comprar-bragas","status":"publish","type":"page","link":"https:\/\/rosanacl.com\/ca\/comprar-bragas\/","title":{"rendered":"Comprar calces"},"content":{"rendered":"<div data-elementor-type=\"wp-page\" data-elementor-id=\"2891\" class=\"elementor elementor-2891\" data-elementor-post-type=\"page\">\n\t\t\t\t<div class=\"elementor-element elementor-element-171998c7 e-flex e-con-boxed e-con e-parent\" data-id=\"171998c7\" data-element_type=\"container\" data-e-type=\"container\">\n\t\t\t\t\t<div class=\"e-con-inner\">\n\t\t\t\t<div class=\"elementor-element elementor-element-6575351f elementor-widget elementor-widget-text-editor\" data-id=\"6575351f\" data-element_type=\"widget\" data-e-type=\"widget\" data-widget_type=\"text-editor.default\">\n\t\t\t\t<div class=\"elementor-widget-container\">\n\t\t\t\t\t\t\t\t\t\n<p><\/p>\n\n\n\n<p><\/p>\n\t\t\t\t\t\t\t\t<\/div>\n\t\t\t\t<\/div>\n\t\t\t\t\t<\/div>\n\t\t\t\t<\/div>\n\t\t<div class=\"elementor-element elementor-element-cf7d341 e-flex e-con-boxed e-con e-parent\" data-id=\"cf7d341\" data-element_type=\"container\" data-e-type=\"container\">\n\t\t\t\t\t<div class=\"e-con-inner\">\n\t\t\t\t<div class=\"elementor-element elementor-element-1f1d080 elementor-widget elementor-widget-heading\" data-id=\"1f1d080\" data-element_type=\"widget\" data-e-type=\"widget\" data-widget_type=\"heading.default\">\n\t\t\t\t<div class=\"elementor-widget-container\">\n\t\t\t\t\t<h2 class=\"elementor-heading-title elementor-size-default\">Comprar calces<\/h2>\t\t\t\t<\/div>\n\t\t\t\t<\/div>\n\t\t\t\t\t<\/div>\n\t\t\t\t<\/div>\n\t\t<div class=\"elementor-element elementor-element-dc1921d e-flex e-con-boxed e-con e-parent\" data-id=\"dc1921d\" data-element_type=\"container\" data-e-type=\"container\">\n\t\t\t\t\t<div class=\"e-con-inner\">\n\t\t<div class=\"elementor-element elementor-element-d19616f e-con-full e-flex e-con e-child\" data-id=\"d19616f\" data-element_type=\"container\" data-e-type=\"container\">\n\t\t\t\t<div class=\"elementor-element elementor-element-8ba1404 elementor-widget elementor-widget-text-editor\" data-id=\"8ba1404\" data-element_type=\"widget\" data-e-type=\"widget\" data-widget_type=\"text-editor.default\">\n\t\t\t\t<div class=\"elementor-widget-container\">\n\t\t\t\t\t\t\t\t\t<h3 data-start=\"311\" data-end=\"385\">Comprar calces amb criteri: la import\u00e0ncia d&#039;una elecci\u00f3 conscient<\/h3>\n<p data-start=\"387\" data-end=\"838\">A l&#039;hora de <strong data-start=\"400\" data-end=\"418\">comprar calces<\/strong>, moltes persones tendeixen a subestimar limpacte que aquesta pe\u00e7a pot tenir en el seu dia a dia. No obstant aix\u00f2, triar la calceta adequada \u00e9s fonamental per garantir la comoditat, la salut \u00edntima i el bon ajustament de la roba exterior. No \u00e9s nom\u00e9s una q\u00fcesti\u00f3 est\u00e8tica, sin\u00f3 de benestar integral. I \u00e9s precisament aquesta necessitat quotidiana on l&#039;experi\u00e8ncia de Rosana CL es converteix en un valor essencial.<\/p>\n<p data-start=\"840\" data-end=\"1268\">Amb m\u00e9s de 40 anys al sector de la llenceria i la cotilleria, Rosana CL s&#039;ha consolidat com un punt de refer\u00e8ncia per als que busquen peces funcionals, c\u00f2modes i adaptades a cada cos. Treballant exclusivament amb la marca nacional Selene, la botiga ofereix models de calcetes dissenyats i fabricats a Espanya, amb teixits de qualitat, talls pensats per a la comoditat i una durabilitat que supera les expectatives.<\/p>\n<p data-start=\"1270\" data-end=\"1458\"><strong data-start=\"1270\" data-end=\"1288\">Comprar calces<\/strong> no ha de ser una tasca a l&#039;atzar. A Rosana CL, cada model ha estat seleccionat per la capacitat d&#039;adaptar-se al cos femen\u00ed amb suavitat, sense marques ni incomoditats.<\/p>\t\t\t\t\t\t\t\t<\/div>\n\t\t\t\t<\/div>\n\t\t\t\t<\/div>\n\t\t<div class=\"elementor-element elementor-element-5568f8b e-con-full e-flex e-con e-child\" data-id=\"5568f8b\" data-element_type=\"container\" data-e-type=\"container\">\n\t\t\t\t<div class=\"elementor-element elementor-element-980debe elementor-widget elementor-widget-image\" data-id=\"980debe\" data-element_type=\"widget\" data-e-type=\"widget\" data-widget_type=\"image.default\">\n\t\t\t\t<div class=\"elementor-widget-container\">\n\t\t\t\t\t\t\t\t\t\t\t\t\t\t\t<img fetchpriority=\"high\" decoding=\"async\" width=\"800\" height=\"457\" src=\"https:\/\/rosanacl.com\/wp-content\/uploads\/2025\/07\/Imagen-de-WhatsApp-2025-07-24-a-las-12.25.19_78b75d41-1024x585.jpg\" class=\"attachment-large size-large wp-image-2971\" alt=\"\" srcset=\"https:\/\/rosanacl.com\/wp-content\/uploads\/2025\/07\/Imagen-de-WhatsApp-2025-07-24-a-las-12.25.19_78b75d41-1024x585.jpg 1024w, https:\/\/rosanacl.com\/wp-content\/uploads\/2025\/07\/Imagen-de-WhatsApp-2025-07-24-a-las-12.25.19_78b75d41-300x171.jpg 300w, https:\/\/rosanacl.com\/wp-content\/uploads\/2025\/07\/Imagen-de-WhatsApp-2025-07-24-a-las-12.25.19_78b75d41-768x439.jpg 768w, https:\/\/rosanacl.com\/wp-content\/uploads\/2025\/07\/Imagen-de-WhatsApp-2025-07-24-a-las-12.25.19_78b75d41-1536x877.jpg 1536w, https:\/\/rosanacl.com\/wp-content\/uploads\/2025\/07\/Imagen-de-WhatsApp-2025-07-24-a-las-12.25.19_78b75d41-18x10.jpg 18w, https:\/\/rosanacl.com\/wp-content\/uploads\/2025\/07\/Imagen-de-WhatsApp-2025-07-24-a-las-12.25.19_78b75d41-600x343.jpg 600w, https:\/\/rosanacl.com\/wp-content\/uploads\/2025\/07\/Imagen-de-WhatsApp-2025-07-24-a-las-12.25.19_78b75d41.jpg 1891w\" sizes=\"(max-width: 800px) 100vw, 800px\" \/>\t\t\t\t\t\t\t\t\t\t\t\t\t\t\t<\/div>\n\t\t\t\t<\/div>\n\t\t\t\t<\/div>\n\t\t\t\t\t<\/div>\n\t\t\t\t<\/div>\n\t\t<div class=\"elementor-element elementor-element-5e380fb e-flex e-con-boxed e-con e-parent\" data-id=\"5e380fb\" data-element_type=\"container\" data-e-type=\"container\">\n\t\t\t\t\t<div class=\"e-con-inner\">\n\t\t<div class=\"elementor-element elementor-element-a763375 e-con-full e-flex e-con e-child\" data-id=\"a763375\" data-element_type=\"container\" data-e-type=\"container\">\n\t\t\t\t<div class=\"elementor-element elementor-element-a8aecc4 elementor-widget elementor-widget-image\" data-id=\"a8aecc4\" data-element_type=\"widget\" data-e-type=\"widget\" data-widget_type=\"image.default\">\n\t\t\t\t<div class=\"elementor-widget-container\">\n\t\t\t\t\t\t\t\t\t\t\t\t\t\t\t<img decoding=\"async\" width=\"800\" height=\"475\" src=\"https:\/\/rosanacl.com\/wp-content\/uploads\/2025\/07\/Imagen-de-WhatsApp-2025-07-24-a-las-12.25.19_55beb4bc-1024x608.jpg\" class=\"attachment-large size-large wp-image-2972\" alt=\"\" srcset=\"https:\/\/rosanacl.com\/wp-content\/uploads\/2025\/07\/Imagen-de-WhatsApp-2025-07-24-a-las-12.25.19_55beb4bc-1024x608.jpg 1024w, https:\/\/rosanacl.com\/wp-content\/uploads\/2025\/07\/Imagen-de-WhatsApp-2025-07-24-a-las-12.25.19_55beb4bc-300x178.jpg 300w, https:\/\/rosanacl.com\/wp-content\/uploads\/2025\/07\/Imagen-de-WhatsApp-2025-07-24-a-las-12.25.19_55beb4bc-768x456.jpg 768w, https:\/\/rosanacl.com\/wp-content\/uploads\/2025\/07\/Imagen-de-WhatsApp-2025-07-24-a-las-12.25.19_55beb4bc-1536x912.jpg 1536w, https:\/\/rosanacl.com\/wp-content\/uploads\/2025\/07\/Imagen-de-WhatsApp-2025-07-24-a-las-12.25.19_55beb4bc-18x12.jpg 18w, https:\/\/rosanacl.com\/wp-content\/uploads\/2025\/07\/Imagen-de-WhatsApp-2025-07-24-a-las-12.25.19_55beb4bc-600x356.jpg 600w, https:\/\/rosanacl.com\/wp-content\/uploads\/2025\/07\/Imagen-de-WhatsApp-2025-07-24-a-las-12.25.19_55beb4bc.jpg 1775w\" sizes=\"(max-width: 800px) 100vw, 800px\" \/>\t\t\t\t\t\t\t\t\t\t\t\t\t\t\t<\/div>\n\t\t\t\t<\/div>\n\t\t\t\t<\/div>\n\t\t<div class=\"elementor-element elementor-element-b02b1e9 e-con-full e-flex e-con e-child\" data-id=\"b02b1e9\" data-element_type=\"container\" data-e-type=\"container\">\n\t\t\t\t<div class=\"elementor-element elementor-element-e25a6f0 elementor-widget elementor-widget-text-editor\" data-id=\"e25a6f0\" data-element_type=\"widget\" data-e-type=\"widget\" data-widget_type=\"text-editor.default\">\n\t\t\t\t<div class=\"elementor-widget-container\">\n\t\t\t\t\t\t\t\t\t<h3 data-start=\"1460\" data-end=\"1526\">Comprar calces Selene: qualitat que es nota des del primer \u00fas<\/h3>\n<p data-start=\"1528\" data-end=\"1979\">Una de les claus al <strong data-start=\"1549\" data-end=\"1567\">comprar calces<\/strong> \u00e9s entendre que no totes les peces ofereixen el mateix nivell de confort. Moltes vegades, una mala elecci\u00f3 en el tipus de teixit o tall pot generar frecs, irritacions o mol\u00e8sties que afecten el benestar general. Per aix\u00f2, Rosana CL aposta \u00fanicament per calces Selene, una marca que coneix en profunditat les necessitats de la dona i que dissenya les peces amb criteris t\u00e8cnics i est\u00e8tics a parts iguals.<\/p>\n<p data-start=\"1981\" data-end=\"2329\">Al seu cat\u00e0leg trobar\u00e0s opcions per a tots els gustos i moments del dia: calcetes cl\u00e0ssiques, biquinis, models de cintura alta o dissenys m\u00e9s discrets, tots confeccionats amb materials suaus, el\u00e0stics i transpirables. Les costures estan pensades per evitar marques i el patronatge s&#039;adapta perfectament a les formes naturals del cos.<\/p>\n<p data-start=\"2331\" data-end=\"2640\">Al <strong data-start=\"2334\" data-end=\"2352\">comprar calces<\/strong> a Rosana CL, tens la garantia d&#039;accedir a una pe\u00e7a que no nom\u00e9s \u00e9s bonica, sin\u00f3 tamb\u00e9 saludable per a la pell i el benestar \u00edntim. A m\u00e9s, la botiga us assessora personalment per ajudar-vos a trobar el model ideal segons la vostra talla, el vostre estil de vida i les vostres prefer\u00e8ncies d&#039;ajust.<\/p>\t\t\t\t\t\t\t\t<\/div>\n\t\t\t\t<\/div>\n\t\t\t\t<\/div>\n\t\t\t\t\t<\/div>\n\t\t\t\t<\/div>\n\t\t<div class=\"elementor-element elementor-element-495e863 e-flex e-con-boxed e-con e-parent\" data-id=\"495e863\" data-element_type=\"container\" data-e-type=\"container\">\n\t\t\t\t\t<div class=\"e-con-inner\">\n\t\t\t\t<div class=\"elementor-element elementor-element-fe47ba3 elementor-widget elementor-widget-text-editor\" data-id=\"fe47ba3\" data-element_type=\"widget\" data-e-type=\"widget\" data-widget_type=\"text-editor.default\">\n\t\t\t\t<div class=\"elementor-widget-container\">\n\t\t\t\t\t\t\t\t\t<h3 data-start=\"2642\" data-end=\"2724\">Comprar calces en l\u00ednia a Rosana CL: f\u00e0cil, segur i amb atenci\u00f3 personalitzada<\/h3>\n<p data-start=\"2726\" data-end=\"3079\">Avui dia, <strong data-start=\"2738\" data-end=\"2756\">comprar calces<\/strong> en l\u00ednia \u00e9s una opci\u00f3 c\u00f2moda i r\u00e0pida, per\u00f2 no totes les botigues ofereixen la mateixa confian\u00e7a ni el mateix coneixement. A Rosana CL, cada compra est\u00e0 recolzada per un equip hum\u00e0 que coneix a fons el producte, que sap com es comporta cada model a l&#039;\u00fas diari i que est\u00e0 disponible per ajudar-te en tot el proc\u00e9s.<\/p>\n<p data-start=\"3081\" data-end=\"3341\">La seva plataforma en l\u00ednia \u00e9s intu\u00eftiva, amb imatges reals, descripcions clares i una guia de talles detallada per evitar errors. A m\u00e9s, els enviaments s\u00f3n r\u00e0pids i discrets, i el servei datenci\u00f3 al client est\u00e0 disponible per respondre qualsevol consulta.<\/p>\n<p data-start=\"3343\" data-end=\"3625\">Comprar calces a Rosana CL \u00e9s apostar per una experi\u00e8ncia de compra propera, professional i orientada al benestar. Aqu\u00ed no nom\u00e9s trobar\u00e0s llenceria bonica, sin\u00f3 tamb\u00e9 peces dissenyades per durar, per respectar el teu cos i per acompanyar-te amb comoditat a cada moment del dia.<\/p>\n<p data-start=\"3627\" data-end=\"3837\">Ja sigui que necessitis renovar el calaix de roba interior o que estiguis buscant un model espec\u00edfic, Rosana CL t\u00e9 el que necessites. Perqu\u00e8 quan tries b\u00e9 des de dins, tota la resta flueix amb m\u00e9s confian\u00e7a.<\/p>\t\t\t\t\t\t\t\t<\/div>\n\t\t\t\t<\/div>\n\t\t\t\t\t<\/div>\n\t\t\t\t<\/div>\n\t\t<div class=\"elementor-element elementor-element-d05ed3a e-flex e-con-boxed e-con e-parent\" data-id=\"d05ed3a\" data-element_type=\"container\" data-e-type=\"container\">\n\t\t\t\t\t<div class=\"e-con-inner\">\n\t\t\t\t<div class=\"elementor-element elementor-element-b883e86 elementor-widget elementor-widget-heading\" data-id=\"b883e86\" data-element_type=\"widget\" data-e-type=\"widget\" data-widget_type=\"heading.default\">\n\t\t\t\t<div class=\"elementor-widget-container\">\n\t\t\t\t\t<h2 class=\"elementor-heading-title elementor-size-default\">Contacta amb nosaltres <\/h2>\t\t\t\t<\/div>\n\t\t\t\t<\/div>\n\t\t\t\t\t<\/div>\n\t\t\t\t<\/div>\n\t\t<div class=\"elementor-element elementor-element-00e20e2 e-flex e-con-boxed e-con e-parent\" data-id=\"00e20e2\" data-element_type=\"container\" data-e-type=\"container\">\n\t\t\t\t\t<div class=\"e-con-inner\">\n\t\t<div class=\"elementor-element elementor-element-8ad8f7b e-con-full e-flex e-con e-child\" data-id=\"8ad8f7b\" data-element_type=\"container\" data-e-type=\"container\">\n\t\t\t\t<div class=\"elementor-element elementor-element-888944a elementor-widget__width-initial elementor-widget elementor-widget-elementskit-contact-form7\" data-id=\"888944a\" data-element_type=\"widget\" data-e-type=\"widget\" data-widget_type=\"elementskit-contact-form7.default\">\n\t\t\t\t<div class=\"elementor-widget-container\">\n\t\t\t\t\t<div class=\"ekit-wid-con\" ><div class=\"ekit-form\">\n<div class=\"wpcf7 no-js\" id=\"wpcf7-f48-o1\" lang=\"es-ES\" dir=\"ltr\" data-wpcf7-id=\"48\">\n<div class=\"screen-reader-response\"><p role=\"status\" aria-live=\"polite\" aria-atomic=\"true\"><\/p> <ul><\/ul><\/div>\n<form action=\"\/de\/wp-json\/wp\/v2\/pages\/2891#wpcf7-f48-o1\" method=\"post\" class=\"wpcf7-form init\" aria-label=\"Formulari de contacte\" novalidate=\"novalidate\" data-status=\"init\" data-trp-original-action=\"\/de\/wp-json\/wp\/v2\/pages\/2891#wpcf7-f48-o1\">\n<fieldset class=\"hidden-fields-container\"><input type=\"hidden\" name=\"_wpcf7\" value=\"48\" \/><input type=\"hidden\" name=\"_wpcf7_version\" value=\"6.1.5\" \/><input type=\"hidden\" name=\"_wpcf7_locale\" value=\"es_ES\" \/><input type=\"hidden\" name=\"_wpcf7_unit_tag\" value=\"wpcf7-f48-o1\" \/><input type=\"hidden\" name=\"_wpcf7_container_post\" value=\"0\" \/><input type=\"hidden\" name=\"_wpcf7_posted_data_hash\" value=\"\" \/><input type=\"hidden\" name=\"_wpcf7_recaptcha_response\" value=\"\" \/>\n<\/fieldset>\n<div class=\"form-row\">\n\t<div class=\"form-column\">\n\t\t<p><span class=\"wpcf7-form-control-wrap\" data-name=\"nombre\"><input size=\"40\" maxlength=\"400\" class=\"wpcf7-form-control wpcf7-text wpcf7-validates-as-required\" aria-required=\"true\" aria-invalid=\"false\" placeholder=\"Nom\" value=\"\" type=\"text\" name=\"nombre\" \/><\/span>\n\t\t<\/p>\n\t<\/div>\n\t<div class=\"form-column\">\n\t\t<p><span class=\"wpcf7-form-control-wrap\" data-name=\"telefono\"><input size=\"40\" maxlength=\"400\" class=\"wpcf7-form-control wpcf7-tel wpcf7-validates-as-required wpcf7-text wpcf7-validates-as-tel\" aria-required=\"true\" aria-invalid=\"false\" placeholder=\"Tel\u00e8fon *\" value=\"\" type=\"tel\" name=\"telefono\" \/><\/span>\n\t\t<\/p>\n\t<\/div>\n<\/div>\n<div class=\"form-row\">\n\t<div class=\"form-column\">\n\t\t<p><span class=\"wpcf7-form-control-wrap\" data-name=\"email\"><input size=\"40\" maxlength=\"400\" class=\"wpcf7-form-control wpcf7-email wpcf7-validates-as-required wpcf7-text wpcf7-validates-as-email\" aria-required=\"true\" aria-invalid=\"false\" placeholder=\"Email *\" value=\"\" type=\"email\" name=\"email\" \/><\/span>\n\t\t<\/p>\n\t<\/div>\n\t<div class=\"form-column\">\n\t\t<p><span class=\"wpcf7-form-control-wrap\" data-name=\"asunto\"><input size=\"40\" maxlength=\"400\" class=\"wpcf7-form-control wpcf7-text wpcf7-validates-as-required\" aria-required=\"true\" aria-invalid=\"false\" placeholder=\"Assumpte *\" value=\"\" type=\"text\" name=\"asunto\" \/><\/span>\n\t\t<\/p>\n\t<\/div>\n<\/div>\n<p><span class=\"wpcf7-form-control-wrap\" data-name=\"mensaje\"><textarea cols=\"40\" rows=\"10\" maxlength=\"2000\" class=\"wpcf7-form-control wpcf7-textarea wpcf7-validates-as-required\" aria-required=\"true\" aria-invalid=\"false\" placeholder=\"Missatge\" name=\"mensaje\"><\/textarea><\/span>\n<\/p>\n<p class=\"legal-priv\"><span class=\"wpcf7-form-control-wrap\" data-name=\"acceptance-787\"><span class=\"wpcf7-form-control wpcf7-acceptance\"><span class=\"wpcf7-list-item\"><label><input type=\"checkbox\" name=\"acceptance-787\" value=\"1\" aria-invalid=\"false\" \/><span class=\"wpcf7-list-item-label\">He llegit i accepto la <a href=\"https:\/\/rosanacl.com\/ca\/politica-de-privacidad\/\">Pol\u00edtica de Privadesa<\/a><\/span><\/label><\/span><\/span><\/span>\n<\/p>\n<p><input class=\"wpcf7-form-control wpcf7-submit has-spinner\" type=\"submit\" value=\"ENVIAR MISSATGE\" \/>\n<\/p><div class=\"wpcf7-response-output\" aria-hidden=\"true\"><\/div>\n<input type=\"hidden\" name=\"trp-form-language\" value=\"ca\"\/><\/form>\n<\/div>\n<\/div><\/div>\t\t\t\t<\/div>\n\t\t\t\t<\/div>\n\t\t\t\t<\/div>\n\t\t\t\t\t<\/div>\n\t\t\t\t<\/div>\n\t\t\t\t<\/div>","protected":false},"excerpt":{"rendered":"<p>Comprar bragas Comprar bragas con criterio: la importancia de una elecci\u00f3n consciente A la hora de comprar bragas, muchas personas tienden a subestimar el impacto que esta prenda puede tener en su d\u00eda a d\u00eda. Sin embargo, elegir la braguita adecuada es fundamental para garantizar la comodidad, la salud \u00edntima y el buen ajuste de [&hellip;]<\/p>\n","protected":false},"author":1,"featured_media":0,"parent":0,"menu_order":0,"comment_status":"closed","ping_status":"closed","template":"","meta":{"content-type":"","footnotes":""},"class_list":["post-2891","page","type-page","status-publish","hentry"],"yoast_head":"<!-- This site is optimized with the Yoast SEO plugin v27.4 - https:\/\/yoast.com\/product\/yoast-seo-wordpress\/ -->\n<title>Comprar bragas - Rosana CL<\/title>\n<meta name=\"robots\" content=\"index, follow, max-snippet:-1, max-image-preview:large, max-video-preview:-1\" \/>\n<link rel=\"canonical\" href=\"https:\/\/rosanacl.com\/ca\/comprar-bragas\/\" \/>\n<meta property=\"og:locale\" content=\"ca_ES\" \/>\n<meta property=\"og:type\" content=\"article\" \/>\n<meta property=\"og:title\" content=\"Comprar bragas - Rosana CL\" \/>\n<meta property=\"og:description\" content=\"Comprar bragas Comprar bragas con criterio: la importancia de una elecci\u00f3n consciente A la hora de comprar bragas, muchas personas tienden a subestimar el impacto que esta prenda puede tener en su d\u00eda a d\u00eda. Sin embargo, elegir la braguita adecuada es fundamental para garantizar la comodidad, la salud \u00edntima y el buen ajuste de [&hellip;]\" \/>\n<meta property=\"og:url\" content=\"https:\/\/rosanacl.com\/ca\/comprar-bragas\/\" \/>\n<meta property=\"og:site_name\" content=\"Rosana CL\" \/>\n<meta property=\"article:modified_time\" content=\"2025-07-25T06:09:48+00:00\" \/>\n<meta property=\"og:image\" content=\"https:\/\/rosanacl.com\/wp-content\/uploads\/2025\/07\/Imagen-de-WhatsApp-2025-07-24-a-las-12.25.19_78b75d41.jpg\" \/>\n\t<meta property=\"og:image:width\" content=\"1891\" \/>\n\t<meta property=\"og:image:height\" content=\"1080\" \/>\n\t<meta property=\"og:image:type\" content=\"image\/jpeg\" \/>\n<meta name=\"twitter:card\" content=\"summary_large_image\" \/>\n<meta name=\"twitter:label1\" content=\"Temps estimat de lectura\" \/>\n\t<meta name=\"twitter:data1\" content=\"3 minuts\" \/>\n<script type=\"application\/ld+json\" class=\"yoast-schema-graph\">{\"@context\":\"https:\\\/\\\/schema.org\",\"@graph\":[{\"@type\":\"WebPage\",\"@id\":\"https:\\\/\\\/rosanacl.com\\\/comprar-bragas\\\/\",\"url\":\"https:\\\/\\\/rosanacl.com\\\/comprar-bragas\\\/\",\"name\":\"Comprar bragas - Rosana CL\",\"isPartOf\":{\"@id\":\"https:\\\/\\\/rosanacl.com\\\/ca\\\/#website\"},\"primaryImageOfPage\":{\"@id\":\"https:\\\/\\\/rosanacl.com\\\/comprar-bragas\\\/#primaryimage\"},\"image\":{\"@id\":\"https:\\\/\\\/rosanacl.com\\\/comprar-bragas\\\/#primaryimage\"},\"thumbnailUrl\":\"https:\\\/\\\/rosanacl.com\\\/wp-content\\\/uploads\\\/2025\\\/07\\\/Imagen-de-WhatsApp-2025-07-24-a-las-12.25.19_78b75d41-1024x585.jpg\",\"datePublished\":\"2025-07-18T09:14:21+00:00\",\"dateModified\":\"2025-07-25T06:09:48+00:00\",\"breadcrumb\":{\"@id\":\"https:\\\/\\\/rosanacl.com\\\/comprar-bragas\\\/#breadcrumb\"},\"inLanguage\":\"ca\",\"potentialAction\":[{\"@type\":\"ReadAction\",\"target\":[\"https:\\\/\\\/rosanacl.com\\\/comprar-bragas\\\/\"]}]},{\"@type\":\"ImageObject\",\"inLanguage\":\"ca\",\"@id\":\"https:\\\/\\\/rosanacl.com\\\/comprar-bragas\\\/#primaryimage\",\"url\":\"https:\\\/\\\/rosanacl.com\\\/wp-content\\\/uploads\\\/2025\\\/07\\\/Imagen-de-WhatsApp-2025-07-24-a-las-12.25.19_78b75d41-1024x585.jpg\",\"contentUrl\":\"https:\\\/\\\/rosanacl.com\\\/wp-content\\\/uploads\\\/2025\\\/07\\\/Imagen-de-WhatsApp-2025-07-24-a-las-12.25.19_78b75d41-1024x585.jpg\"},{\"@type\":\"BreadcrumbList\",\"@id\":\"https:\\\/\\\/rosanacl.com\\\/comprar-bragas\\\/#breadcrumb\",\"itemListElement\":[{\"@type\":\"ListItem\",\"position\":1,\"name\":\"Portada\",\"item\":\"https:\\\/\\\/rosanacl.com\\\/ca\\\/\"},{\"@type\":\"ListItem\",\"position\":2,\"name\":\"Comprar bragas\"}]},{\"@type\":\"WebSite\",\"@id\":\"https:\\\/\\\/rosanacl.com\\\/ca\\\/#website\",\"url\":\"https:\\\/\\\/rosanacl.com\\\/ca\\\/\",\"name\":\"Rosana CL\",\"description\":\"Somos tu interior\",\"potentialAction\":[{\"@type\":\"SearchAction\",\"target\":{\"@type\":\"EntryPoint\",\"urlTemplate\":\"https:\\\/\\\/rosanacl.com\\\/ca\\\/?s={search_term_string}\"},\"query-input\":{\"@type\":\"PropertyValueSpecification\",\"valueRequired\":true,\"valueName\":\"search_term_string\"}}],\"inLanguage\":\"ca\"}]}<\/script>\n<!-- \/ Yoast SEO plugin. -->","yoast_head_json":{"title":"Comprar bragas - Rosana CL","robots":{"index":"index","follow":"follow","max-snippet":"max-snippet:-1","max-image-preview":"max-image-preview:large","max-video-preview":"max-video-preview:-1"},"canonical":"https:\/\/rosanacl.com\/ca\/comprar-bragas\/","og_locale":"ca_ES","og_type":"article","og_title":"Comprar bragas - Rosana CL","og_description":"Comprar bragas Comprar bragas con criterio: la importancia de una elecci\u00f3n consciente A la hora de comprar bragas, muchas personas tienden a subestimar el impacto que esta prenda puede tener en su d\u00eda a d\u00eda. Sin embargo, elegir la braguita adecuada es fundamental para garantizar la comodidad, la salud \u00edntima y el buen ajuste de [&hellip;]","og_url":"https:\/\/rosanacl.com\/ca\/comprar-bragas\/","og_site_name":"Rosana CL","article_modified_time":"2025-07-25T06:09:48+00:00","og_image":[{"width":1891,"height":1080,"url":"https:\/\/rosanacl.com\/wp-content\/uploads\/2025\/07\/Imagen-de-WhatsApp-2025-07-24-a-las-12.25.19_78b75d41.jpg","type":"image\/jpeg"}],"twitter_card":"summary_large_image","twitter_misc":{"Temps estimat de lectura":"3 minuts"},"schema":{"@context":"https:\/\/schema.org","@graph":[{"@type":"WebPage","@id":"https:\/\/rosanacl.com\/comprar-bragas\/","url":"https:\/\/rosanacl.com\/comprar-bragas\/","name":"Comprar bragas - Rosana CL","isPartOf":{"@id":"https:\/\/rosanacl.com\/ca\/#website"},"primaryImageOfPage":{"@id":"https:\/\/rosanacl.com\/comprar-bragas\/#primaryimage"},"image":{"@id":"https:\/\/rosanacl.com\/comprar-bragas\/#primaryimage"},"thumbnailUrl":"https:\/\/rosanacl.com\/wp-content\/uploads\/2025\/07\/Imagen-de-WhatsApp-2025-07-24-a-las-12.25.19_78b75d41-1024x585.jpg","datePublished":"2025-07-18T09:14:21+00:00","dateModified":"2025-07-25T06:09:48+00:00","breadcrumb":{"@id":"https:\/\/rosanacl.com\/comprar-bragas\/#breadcrumb"},"inLanguage":"ca","potentialAction":[{"@type":"ReadAction","target":["https:\/\/rosanacl.com\/comprar-bragas\/"]}]},{"@type":"ImageObject","inLanguage":"ca","@id":"https:\/\/rosanacl.com\/comprar-bragas\/#primaryimage","url":"https:\/\/rosanacl.com\/wp-content\/uploads\/2025\/07\/Imagen-de-WhatsApp-2025-07-24-a-las-12.25.19_78b75d41-1024x585.jpg","contentUrl":"https:\/\/rosanacl.com\/wp-content\/uploads\/2025\/07\/Imagen-de-WhatsApp-2025-07-24-a-las-12.25.19_78b75d41-1024x585.jpg"},{"@type":"BreadcrumbList","@id":"https:\/\/rosanacl.com\/comprar-bragas\/#breadcrumb","itemListElement":[{"@type":"ListItem","position":1,"name":"Portada","item":"https:\/\/rosanacl.com\/ca\/"},{"@type":"ListItem","position":2,"name":"Comprar bragas"}]},{"@type":"WebSite","@id":"https:\/\/rosanacl.com\/ca\/#website","url":"https:\/\/rosanacl.com\/ca\/","name":"Rosana CL","description":"Som el teu interior","potentialAction":[{"@type":"SearchAction","target":{"@type":"EntryPoint","urlTemplate":"https:\/\/rosanacl.com\/ca\/?s={search_term_string}"},"query-input":{"@type":"PropertyValueSpecification","valueRequired":true,"valueName":"search_term_string"}}],"inLanguage":"ca"}]}},"_links":{"self":[{"href":"https:\/\/rosanacl.com\/ca\/wp-json\/wp\/v2\/pages\/2891","targetHints":{"allow":["GET"]}}],"collection":[{"href":"https:\/\/rosanacl.com\/ca\/wp-json\/wp\/v2\/pages"}],"about":[{"href":"https:\/\/rosanacl.com\/ca\/wp-json\/wp\/v2\/types\/page"}],"author":[{"embeddable":true,"href":"https:\/\/rosanacl.com\/ca\/wp-json\/wp\/v2\/users\/1"}],"replies":[{"embeddable":true,"href":"https:\/\/rosanacl.com\/ca\/wp-json\/wp\/v2\/comments?post=2891"}],"version-history":[{"count":0,"href":"https:\/\/rosanacl.com\/ca\/wp-json\/wp\/v2\/pages\/2891\/revisions"}],"wp:attachment":[{"href":"https:\/\/rosanacl.com\/ca\/wp-json\/wp\/v2\/media?parent=2891"}],"curies":[{"name":"wp","href":"https:\/\/api.w.org\/{rel}","templated":true}]}}