{"id":2897,"date":"2025-07-18T11:17:45","date_gmt":"2025-07-18T09:17:45","guid":{"rendered":"https:\/\/rosanacl.com\/?page_id=2897"},"modified":"2025-07-25T08:13:14","modified_gmt":"2025-07-25T06:13:14","slug":"lenceria-selene","status":"publish","type":"page","link":"https:\/\/rosanacl.com\/ca\/lenceria-selene\/","title":{"rendered":"Llenceria Selene"},"content":{"rendered":"<div data-elementor-type=\"wp-page\" data-elementor-id=\"2897\" class=\"elementor elementor-2897\" data-elementor-post-type=\"page\">\n\t\t\t\t<div class=\"elementor-element elementor-element-171998c7 e-flex e-con-boxed e-con e-parent\" data-id=\"171998c7\" data-element_type=\"container\" data-e-type=\"container\">\n\t\t\t\t\t<div class=\"e-con-inner\">\n\t\t\t\t<div class=\"elementor-element elementor-element-6575351f elementor-widget elementor-widget-text-editor\" data-id=\"6575351f\" data-element_type=\"widget\" data-e-type=\"widget\" data-widget_type=\"text-editor.default\">\n\t\t\t\t<div class=\"elementor-widget-container\">\n\t\t\t\t\t\t\t\t\t\n<p><\/p>\n\n\n\n<p><\/p>\n\t\t\t\t\t\t\t\t<\/div>\n\t\t\t\t<\/div>\n\t\t\t\t\t<\/div>\n\t\t\t\t<\/div>\n\t\t<div class=\"elementor-element elementor-element-cf7d341 e-flex e-con-boxed e-con e-parent\" data-id=\"cf7d341\" data-element_type=\"container\" data-e-type=\"container\">\n\t\t\t\t\t<div class=\"e-con-inner\">\n\t\t\t\t<div class=\"elementor-element elementor-element-1f1d080 elementor-widget elementor-widget-heading\" data-id=\"1f1d080\" data-element_type=\"widget\" data-e-type=\"widget\" data-widget_type=\"heading.default\">\n\t\t\t\t<div class=\"elementor-widget-container\">\n\t\t\t\t\t<h2 class=\"elementor-heading-title elementor-size-default\">Llenceria Selene<\/h2>\t\t\t\t<\/div>\n\t\t\t\t<\/div>\n\t\t\t\t\t<\/div>\n\t\t\t\t<\/div>\n\t\t<div class=\"elementor-element elementor-element-dc1921d e-flex e-con-boxed e-con e-parent\" data-id=\"dc1921d\" data-element_type=\"container\" data-e-type=\"container\">\n\t\t\t\t\t<div class=\"e-con-inner\">\n\t\t<div class=\"elementor-element elementor-element-d19616f e-con-full e-flex e-con e-child\" data-id=\"d19616f\" data-element_type=\"container\" data-e-type=\"container\">\n\t\t\t\t<div class=\"elementor-element elementor-element-8ba1404 elementor-widget elementor-widget-text-editor\" data-id=\"8ba1404\" data-element_type=\"widget\" data-e-type=\"widget\" data-widget_type=\"text-editor.default\">\n\t\t\t\t<div class=\"elementor-widget-container\">\n\t\t\t\t\t\t\t\t\t<h3 data-start=\"328\" data-end=\"397\">Llenceria Selene: comoditat i eleg\u00e0ncia\u00a0<\/h3>\n<p data-start=\"399\" data-end=\"848\">La <strong data-start=\"402\" data-end=\"421\">llenceria Selene<\/strong> ha aconseguit posicionar-se com una de les marques espanyoles m\u00e9s reconegudes a l&#039;\u00e0mbit de la roba \u00edntima femenina. Amb d\u00e8cades d&#039;experi\u00e8ncia i una clara aposta per la fabricaci\u00f3 nacional, Selene dissenya peces de roba que combinen est\u00e8tica, funcionalitat i un ajustament impecable. Cada model est\u00e0 creat pensant en el cos real de les dones, amb patrons intel\u00b7ligents, teixits d\u00b4alta qualitat i detalls que marquen la difer\u00e8ncia.<\/p>\n<p data-start=\"850\" data-end=\"1244\">A Rosana CL, botiga especialitzada amb m\u00e9s de 40 anys de traject\u00f2ria, coneixen en profunditat el cat\u00e0leg de <strong data-start=\"958\" data-end=\"977\">llenceria Selene<\/strong> i ofereixen una selecci\u00f3 acurada de sostenidors, calcetes i bodys que responen a les necessitats de cada dona. Treballar exclusivament amb Selene no \u00e9s casualitat: les dues marques comparteixen els mateixos valors de comprom\u00eds, eleg\u00e0ncia i respecte pel cos femen\u00ed.<\/p>\n<p data-start=\"1246\" data-end=\"1475\">Quan tries <strong data-start=\"1260\" data-end=\"1279\">llenceria Selene<\/strong> a Rosana CL, no est\u00e0s comprant una pe\u00e7a m\u00e9s: est\u00e0s invertint en comoditat duradora, en disseny pensat per a tu i en una atenci\u00f3 personalitzada que es nota a cada pas del proc\u00e9s de compra.<\/p>\t\t\t\t\t\t\t\t<\/div>\n\t\t\t\t<\/div>\n\t\t\t\t<\/div>\n\t\t<div class=\"elementor-element elementor-element-5568f8b e-con-full e-flex e-con e-child\" data-id=\"5568f8b\" data-element_type=\"container\" data-e-type=\"container\">\n\t\t\t\t<div class=\"elementor-element elementor-element-980debe elementor-widget elementor-widget-image\" data-id=\"980debe\" data-element_type=\"widget\" data-e-type=\"widget\" data-widget_type=\"image.default\">\n\t\t\t\t<div class=\"elementor-widget-container\">\n\t\t\t\t\t\t\t\t\t\t\t\t\t\t\t<img fetchpriority=\"high\" decoding=\"async\" width=\"800\" height=\"566\" src=\"https:\/\/rosanacl.com\/wp-content\/uploads\/2025\/07\/sujetador-reductor-sin-tirantes-1024x724.jpg\" class=\"attachment-large size-large wp-image-2864\" alt=\"\" srcset=\"https:\/\/rosanacl.com\/wp-content\/uploads\/2025\/07\/sujetador-reductor-sin-tirantes-1024x724.jpg 1024w, https:\/\/rosanacl.com\/wp-content\/uploads\/2025\/07\/sujetador-reductor-sin-tirantes-300x212.jpg 300w, https:\/\/rosanacl.com\/wp-content\/uploads\/2025\/07\/sujetador-reductor-sin-tirantes-768x543.jpg 768w, https:\/\/rosanacl.com\/wp-content\/uploads\/2025\/07\/sujetador-reductor-sin-tirantes-1536x1086.jpg 1536w, https:\/\/rosanacl.com\/wp-content\/uploads\/2025\/07\/sujetador-reductor-sin-tirantes-18x12.jpg 18w, https:\/\/rosanacl.com\/wp-content\/uploads\/2025\/07\/sujetador-reductor-sin-tirantes-600x424.jpg 600w, https:\/\/rosanacl.com\/wp-content\/uploads\/2025\/07\/sujetador-reductor-sin-tirantes.jpg 2000w\" sizes=\"(max-width: 800px) 100vw, 800px\" \/>\t\t\t\t\t\t\t\t\t\t\t\t\t\t\t<\/div>\n\t\t\t\t<\/div>\n\t\t\t\t<\/div>\n\t\t\t\t\t<\/div>\n\t\t\t\t<\/div>\n\t\t<div class=\"elementor-element elementor-element-5e380fb e-flex e-con-boxed e-con e-parent\" data-id=\"5e380fb\" data-element_type=\"container\" data-e-type=\"container\">\n\t\t\t\t\t<div class=\"e-con-inner\">\n\t\t<div class=\"elementor-element elementor-element-a763375 e-con-full e-flex e-con e-child\" data-id=\"a763375\" data-element_type=\"container\" data-e-type=\"container\">\n\t\t\t\t<div class=\"elementor-element elementor-element-a8aecc4 elementor-widget elementor-widget-image\" data-id=\"a8aecc4\" data-element_type=\"widget\" data-e-type=\"widget\" data-widget_type=\"image.default\">\n\t\t\t\t<div class=\"elementor-widget-container\">\n\t\t\t\t\t\t\t\t\t\t\t\t\t\t\t<img decoding=\"async\" width=\"700\" height=\"750\" src=\"https:\/\/rosanacl.com\/wp-content\/uploads\/2025\/04\/5-956x1024.jpg\" class=\"attachment-large size-large wp-image-2357\" alt=\"\" srcset=\"https:\/\/rosanacl.com\/wp-content\/uploads\/2025\/04\/5-956x1024.jpg 956w, https:\/\/rosanacl.com\/wp-content\/uploads\/2025\/04\/5-11x12.jpg 11w, https:\/\/rosanacl.com\/wp-content\/uploads\/2025\/04\/5-280x300.jpg 280w, https:\/\/rosanacl.com\/wp-content\/uploads\/2025\/04\/5-768x823.jpg 768w, https:\/\/rosanacl.com\/wp-content\/uploads\/2025\/04\/5-600x643.jpg 600w, https:\/\/rosanacl.com\/wp-content\/uploads\/2025\/04\/5.jpg 1244w\" sizes=\"(max-width: 700px) 100vw, 700px\" \/>\t\t\t\t\t\t\t\t\t\t\t\t\t\t\t<\/div>\n\t\t\t\t<\/div>\n\t\t\t\t<\/div>\n\t\t<div class=\"elementor-element elementor-element-b02b1e9 e-con-full e-flex e-con e-child\" data-id=\"b02b1e9\" data-element_type=\"container\" data-e-type=\"container\">\n\t\t\t\t<div class=\"elementor-element elementor-element-e25a6f0 elementor-widget elementor-widget-text-editor\" data-id=\"e25a6f0\" data-element_type=\"widget\" data-e-type=\"widget\" data-widget_type=\"text-editor.default\">\n\t\t\t\t<div class=\"elementor-widget-container\">\n\t\t\t\t\t\t\t\t\t<h3 data-start=\"1477\" data-end=\"1545\">Per qu\u00e8 Rosana CL \u00e9s el lloc ideal per comprar llenceria Selene<\/h3>\n<p data-start=\"1547\" data-end=\"1924\">No totes les botigues ofereixen el mateix nivell de coneixement ni de comprom\u00eds en vendre <strong data-start=\"1634\" data-end=\"1653\">llenceria Selene<\/strong>. A Rosana CL, cada producte ha estat provat, analitzat i seleccionat per un equip expert que sap qu\u00e8 funciona i qu\u00e8 no. La seva experi\u00e8ncia en corseteria permet recomanar el model adequat segons la talla, la forma del cos o l&#039;\u00fas que se li donar\u00e0 a la pe\u00e7a.<\/p>\n<p data-start=\"1926\" data-end=\"2268\">A m\u00e9s, Rosana CL t\u00e9 cura de tots els detalls: des de la descripci\u00f3 clara de cada producte fins a la guia de talles precisa, passant per l&#039;atenci\u00f3 al client propera i la preparaci\u00f3 acurada de cada comanda. Comprar <strong data-start=\"2141\" data-end=\"2160\">llenceria Selene<\/strong> en aquesta botiga \u00e9s una experi\u00e8ncia integral, on la clienta se sent escoltada, compresa i acompanyada.<\/p>\n<p data-start=\"2270\" data-end=\"2642\">El cat\u00e0leg inclou una \u00e0mplia gamma de sostenidors amb i sense c\u00e8rcol, models reductors, sostenidors sense tirants, calcetes de diferents talls i bodys elegants i funcionals. Tot fabricat a Espanya amb materials resistents, suaus i adaptables. Cada pe\u00e7a reflecteix saber fer d&#039;una marca que respecta la dona i ent\u00e9n les seves necessitats en cada etapa de la vida.<\/p>\t\t\t\t\t\t\t\t<\/div>\n\t\t\t\t<\/div>\n\t\t\t\t<\/div>\n\t\t\t\t\t<\/div>\n\t\t\t\t<\/div>\n\t\t<div class=\"elementor-element elementor-element-495e863 e-flex e-con-boxed e-con e-parent\" data-id=\"495e863\" data-element_type=\"container\" data-e-type=\"container\">\n\t\t\t\t\t<div class=\"e-con-inner\">\n\t\t\t\t<div class=\"elementor-element elementor-element-fe47ba3 elementor-widget elementor-widget-text-editor\" data-id=\"fe47ba3\" data-element_type=\"widget\" data-e-type=\"widget\" data-widget_type=\"text-editor.default\">\n\t\t\t\t<div class=\"elementor-widget-container\">\n\t\t\t\t\t\t\t\t\t<h3 data-start=\"2644\" data-end=\"2729\">Llenceria Selene online amb Rosana CL: confian\u00e7a, rapidesa i atenci\u00f3 personalitzada<\/h3>\n<p data-start=\"2731\" data-end=\"3082\">Gr\u00e0cies a la plataforma digital, Rosana CL facilita l&#039;acc\u00e9s a la <strong data-start=\"2798\" data-end=\"2817\">llenceria Selene<\/strong> des de qualsevol part d\u00b4Espanya. La seva botiga en l\u00ednia est\u00e0 dissenyada per oferir una experi\u00e8ncia f\u00e0cil, segura i clara. Amb nom\u00e9s uns clics, pots trobar el model que busques, consultar-ne les caracter\u00edstiques, comparar talles i fer la teva comanda amb total tranquil\u00b7litat.<\/p>\n<p data-start=\"3084\" data-end=\"3364\">A m\u00e9s, l&#039;equip est\u00e0 disponible per resoldre qualsevol dubte, ja sigui per email o per tel\u00e8fon, aportant aquest toc hum\u00e0 que moltes vegades es troba a faltar al comer\u00e7 en l\u00ednia. Els enviaments s\u00f3n r\u00e0pids i discrets, i la qualitat del producte est\u00e0 garantida des del primer \u00fas.<\/p>\n<p data-start=\"3366\" data-end=\"3711\">En definitiva, si cerques <strong data-start=\"3399\" data-end=\"3418\">llenceria Selene<\/strong> que realment s&#039;ajusti a les teves expectatives, tant en disseny com en funcionalitat, Rosana CL \u00e9s la teva millor aliada. La seva experi\u00e8ncia, el seu enfocament a la dona real i el seu comprom\u00eds amb la qualitat fan d&#039;aquesta botiga un espai de refer\u00e8ncia per als que es volen sentir b\u00e9 per dins i per fora.<\/p>\t\t\t\t\t\t\t\t<\/div>\n\t\t\t\t<\/div>\n\t\t\t\t\t<\/div>\n\t\t\t\t<\/div>\n\t\t<div class=\"elementor-element elementor-element-d05ed3a e-flex e-con-boxed e-con e-parent\" data-id=\"d05ed3a\" data-element_type=\"container\" data-e-type=\"container\">\n\t\t\t\t\t<div class=\"e-con-inner\">\n\t\t\t\t<div class=\"elementor-element elementor-element-b883e86 elementor-widget elementor-widget-heading\" data-id=\"b883e86\" data-element_type=\"widget\" data-e-type=\"widget\" data-widget_type=\"heading.default\">\n\t\t\t\t<div class=\"elementor-widget-container\">\n\t\t\t\t\t<h2 class=\"elementor-heading-title elementor-size-default\">Contacta amb nosaltres <\/h2>\t\t\t\t<\/div>\n\t\t\t\t<\/div>\n\t\t\t\t\t<\/div>\n\t\t\t\t<\/div>\n\t\t<div class=\"elementor-element elementor-element-00e20e2 e-flex e-con-boxed e-con e-parent\" data-id=\"00e20e2\" data-element_type=\"container\" data-e-type=\"container\">\n\t\t\t\t\t<div class=\"e-con-inner\">\n\t\t<div class=\"elementor-element elementor-element-8ad8f7b e-con-full e-flex e-con e-child\" data-id=\"8ad8f7b\" data-element_type=\"container\" data-e-type=\"container\">\n\t\t\t\t<div class=\"elementor-element elementor-element-888944a elementor-widget__width-initial elementor-widget elementor-widget-elementskit-contact-form7\" data-id=\"888944a\" data-element_type=\"widget\" data-e-type=\"widget\" data-widget_type=\"elementskit-contact-form7.default\">\n\t\t\t\t<div class=\"elementor-widget-container\">\n\t\t\t\t\t<div class=\"ekit-wid-con\" ><div class=\"ekit-form\">\n<div class=\"wpcf7 no-js\" id=\"wpcf7-f48-o1\" lang=\"es-ES\" dir=\"ltr\" data-wpcf7-id=\"48\">\n<div class=\"screen-reader-response\"><p role=\"status\" aria-live=\"polite\" aria-atomic=\"true\"><\/p> <ul><\/ul><\/div>\n<form action=\"\/de\/wp-json\/wp\/v2\/pages\/2897#wpcf7-f48-o1\" method=\"post\" class=\"wpcf7-form init\" aria-label=\"Formulari de contacte\" novalidate=\"novalidate\" data-status=\"init\" data-trp-original-action=\"\/de\/wp-json\/wp\/v2\/pages\/2897#wpcf7-f48-o1\">\n<fieldset class=\"hidden-fields-container\"><input type=\"hidden\" name=\"_wpcf7\" value=\"48\" \/><input type=\"hidden\" name=\"_wpcf7_version\" value=\"6.1.5\" \/><input type=\"hidden\" name=\"_wpcf7_locale\" value=\"es_ES\" \/><input type=\"hidden\" name=\"_wpcf7_unit_tag\" value=\"wpcf7-f48-o1\" \/><input type=\"hidden\" name=\"_wpcf7_container_post\" value=\"0\" \/><input type=\"hidden\" name=\"_wpcf7_posted_data_hash\" value=\"\" \/><input type=\"hidden\" name=\"_wpcf7_recaptcha_response\" value=\"\" \/>\n<\/fieldset>\n<div class=\"form-row\">\n\t<div class=\"form-column\">\n\t\t<p><span class=\"wpcf7-form-control-wrap\" data-name=\"nombre\"><input size=\"40\" maxlength=\"400\" class=\"wpcf7-form-control wpcf7-text wpcf7-validates-as-required\" aria-required=\"true\" aria-invalid=\"false\" placeholder=\"Nom\" value=\"\" type=\"text\" name=\"nombre\" \/><\/span>\n\t\t<\/p>\n\t<\/div>\n\t<div class=\"form-column\">\n\t\t<p><span class=\"wpcf7-form-control-wrap\" data-name=\"telefono\"><input size=\"40\" maxlength=\"400\" class=\"wpcf7-form-control wpcf7-tel wpcf7-validates-as-required wpcf7-text wpcf7-validates-as-tel\" aria-required=\"true\" aria-invalid=\"false\" placeholder=\"Tel\u00e8fon *\" value=\"\" type=\"tel\" name=\"telefono\" \/><\/span>\n\t\t<\/p>\n\t<\/div>\n<\/div>\n<div class=\"form-row\">\n\t<div class=\"form-column\">\n\t\t<p><span class=\"wpcf7-form-control-wrap\" data-name=\"email\"><input size=\"40\" maxlength=\"400\" class=\"wpcf7-form-control wpcf7-email wpcf7-validates-as-required wpcf7-text wpcf7-validates-as-email\" aria-required=\"true\" aria-invalid=\"false\" placeholder=\"Email *\" value=\"\" type=\"email\" name=\"email\" \/><\/span>\n\t\t<\/p>\n\t<\/div>\n\t<div class=\"form-column\">\n\t\t<p><span class=\"wpcf7-form-control-wrap\" data-name=\"asunto\"><input size=\"40\" maxlength=\"400\" class=\"wpcf7-form-control wpcf7-text wpcf7-validates-as-required\" aria-required=\"true\" aria-invalid=\"false\" placeholder=\"Assumpte *\" value=\"\" type=\"text\" name=\"asunto\" \/><\/span>\n\t\t<\/p>\n\t<\/div>\n<\/div>\n<p><span class=\"wpcf7-form-control-wrap\" data-name=\"mensaje\"><textarea cols=\"40\" rows=\"10\" maxlength=\"2000\" class=\"wpcf7-form-control wpcf7-textarea wpcf7-validates-as-required\" aria-required=\"true\" aria-invalid=\"false\" placeholder=\"Missatge\" name=\"mensaje\"><\/textarea><\/span>\n<\/p>\n<p class=\"legal-priv\"><span class=\"wpcf7-form-control-wrap\" data-name=\"acceptance-787\"><span class=\"wpcf7-form-control wpcf7-acceptance\"><span class=\"wpcf7-list-item\"><label><input type=\"checkbox\" name=\"acceptance-787\" value=\"1\" aria-invalid=\"false\" \/><span class=\"wpcf7-list-item-label\">He llegit i accepto la <a href=\"https:\/\/rosanacl.com\/ca\/politica-de-privacidad\/\">Pol\u00edtica de Privadesa<\/a><\/span><\/label><\/span><\/span><\/span>\n<\/p>\n<p><input class=\"wpcf7-form-control wpcf7-submit has-spinner\" type=\"submit\" value=\"ENVIAR MISSATGE\" \/>\n<\/p><div class=\"wpcf7-response-output\" aria-hidden=\"true\"><\/div>\n<input type=\"hidden\" name=\"trp-form-language\" value=\"ca\"\/><\/form>\n<\/div>\n<\/div><\/div>\t\t\t\t<\/div>\n\t\t\t\t<\/div>\n\t\t\t\t<\/div>\n\t\t\t\t\t<\/div>\n\t\t\t\t<\/div>\n\t\t\t\t<\/div>","protected":false},"excerpt":{"rendered":"<p>Lencer\u00eda Selene Lencer\u00eda Selene: comodidad y elegancia\u00a0 La lencer\u00eda Selene ha logrado posicionarse como una de las marcas espa\u00f1olas m\u00e1s reconocidas en el \u00e1mbito de la ropa \u00edntima femenina. Con d\u00e9cadas de experiencia y una clara apuesta por la fabricaci\u00f3n nacional, Selene dise\u00f1a prendas que combinan est\u00e9tica, funcionalidad y un ajuste impecable. Cada modelo est\u00e1 [&hellip;]<\/p>\n","protected":false},"author":1,"featured_media":0,"parent":0,"menu_order":0,"comment_status":"closed","ping_status":"closed","template":"","meta":{"content-type":"","footnotes":""},"class_list":["post-2897","page","type-page","status-publish","hentry"],"yoast_head":"<!-- This site is optimized with the Yoast SEO plugin v27.4 - https:\/\/yoast.com\/product\/yoast-seo-wordpress\/ -->\n<title>Lencer\u00eda Selene - Rosana CL<\/title>\n<meta name=\"robots\" content=\"index, follow, max-snippet:-1, max-image-preview:large, max-video-preview:-1\" \/>\n<link rel=\"canonical\" href=\"https:\/\/rosanacl.com\/ca\/lenceria-selene\/\" \/>\n<meta property=\"og:locale\" content=\"ca_ES\" \/>\n<meta property=\"og:type\" content=\"article\" \/>\n<meta property=\"og:title\" content=\"Lencer\u00eda Selene - Rosana CL\" \/>\n<meta property=\"og:description\" content=\"Lencer\u00eda Selene Lencer\u00eda Selene: comodidad y elegancia\u00a0 La lencer\u00eda Selene ha logrado posicionarse como una de las marcas espa\u00f1olas m\u00e1s reconocidas en el \u00e1mbito de la ropa \u00edntima femenina. Con d\u00e9cadas de experiencia y una clara apuesta por la fabricaci\u00f3n nacional, Selene dise\u00f1a prendas que combinan est\u00e9tica, funcionalidad y un ajuste impecable. Cada modelo est\u00e1 [&hellip;]\" \/>\n<meta property=\"og:url\" content=\"https:\/\/rosanacl.com\/ca\/lenceria-selene\/\" \/>\n<meta property=\"og:site_name\" content=\"Rosana CL\" \/>\n<meta property=\"article:modified_time\" content=\"2025-07-25T06:13:14+00:00\" \/>\n<meta property=\"og:image\" content=\"https:\/\/rosanacl.com\/wp-content\/uploads\/2025\/07\/sujetador-reductor-sin-tirantes.jpg\" \/>\n\t<meta property=\"og:image:width\" content=\"2000\" \/>\n\t<meta property=\"og:image:height\" content=\"1414\" \/>\n\t<meta property=\"og:image:type\" content=\"image\/jpeg\" \/>\n<meta name=\"twitter:card\" content=\"summary_large_image\" \/>\n<meta name=\"twitter:label1\" content=\"Temps estimat de lectura\" \/>\n\t<meta name=\"twitter:data1\" content=\"3 minuts\" \/>\n<script type=\"application\/ld+json\" class=\"yoast-schema-graph\">{\"@context\":\"https:\\\/\\\/schema.org\",\"@graph\":[{\"@type\":\"WebPage\",\"@id\":\"https:\\\/\\\/rosanacl.com\\\/eu\\\/lenceria-selene\\\/\",\"url\":\"https:\\\/\\\/rosanacl.com\\\/eu\\\/lenceria-selene\\\/\",\"name\":\"Lencer\u00eda Selene - Rosana CL\",\"isPartOf\":{\"@id\":\"https:\\\/\\\/rosanacl.com\\\/ca\\\/#website\"},\"primaryImageOfPage\":{\"@id\":\"https:\\\/\\\/rosanacl.com\\\/eu\\\/lenceria-selene\\\/#primaryimage\"},\"image\":{\"@id\":\"https:\\\/\\\/rosanacl.com\\\/eu\\\/lenceria-selene\\\/#primaryimage\"},\"thumbnailUrl\":\"https:\\\/\\\/rosanacl.com\\\/wp-content\\\/uploads\\\/2025\\\/07\\\/sujetador-reductor-sin-tirantes-1024x724.jpg\",\"datePublished\":\"2025-07-18T09:17:45+00:00\",\"dateModified\":\"2025-07-25T06:13:14+00:00\",\"breadcrumb\":{\"@id\":\"https:\\\/\\\/rosanacl.com\\\/eu\\\/lenceria-selene\\\/#breadcrumb\"},\"inLanguage\":\"ca\",\"potentialAction\":[{\"@type\":\"ReadAction\",\"target\":[\"https:\\\/\\\/rosanacl.com\\\/eu\\\/lenceria-selene\\\/\"]}]},{\"@type\":\"ImageObject\",\"inLanguage\":\"ca\",\"@id\":\"https:\\\/\\\/rosanacl.com\\\/eu\\\/lenceria-selene\\\/#primaryimage\",\"url\":\"https:\\\/\\\/rosanacl.com\\\/wp-content\\\/uploads\\\/2025\\\/07\\\/sujetador-reductor-sin-tirantes-1024x724.jpg\",\"contentUrl\":\"https:\\\/\\\/rosanacl.com\\\/wp-content\\\/uploads\\\/2025\\\/07\\\/sujetador-reductor-sin-tirantes-1024x724.jpg\"},{\"@type\":\"BreadcrumbList\",\"@id\":\"https:\\\/\\\/rosanacl.com\\\/eu\\\/lenceria-selene\\\/#breadcrumb\",\"itemListElement\":[{\"@type\":\"ListItem\",\"position\":1,\"name\":\"Portada\",\"item\":\"https:\\\/\\\/rosanacl.com\\\/ca\\\/\"},{\"@type\":\"ListItem\",\"position\":2,\"name\":\"Lencer\u00eda Selene\"}]},{\"@type\":\"WebSite\",\"@id\":\"https:\\\/\\\/rosanacl.com\\\/ca\\\/#website\",\"url\":\"https:\\\/\\\/rosanacl.com\\\/ca\\\/\",\"name\":\"Rosana CL\",\"description\":\"Somos tu interior\",\"potentialAction\":[{\"@type\":\"SearchAction\",\"target\":{\"@type\":\"EntryPoint\",\"urlTemplate\":\"https:\\\/\\\/rosanacl.com\\\/ca\\\/?s={search_term_string}\"},\"query-input\":{\"@type\":\"PropertyValueSpecification\",\"valueRequired\":true,\"valueName\":\"search_term_string\"}}],\"inLanguage\":\"ca\"}]}<\/script>\n<!-- \/ Yoast SEO plugin. -->","yoast_head_json":{"title":"Lencer\u00eda Selene - Rosana CL","robots":{"index":"index","follow":"follow","max-snippet":"max-snippet:-1","max-image-preview":"max-image-preview:large","max-video-preview":"max-video-preview:-1"},"canonical":"https:\/\/rosanacl.com\/ca\/lenceria-selene\/","og_locale":"ca_ES","og_type":"article","og_title":"Lencer\u00eda Selene - Rosana CL","og_description":"Lencer\u00eda Selene Lencer\u00eda Selene: comodidad y elegancia\u00a0 La lencer\u00eda Selene ha logrado posicionarse como una de las marcas espa\u00f1olas m\u00e1s reconocidas en el \u00e1mbito de la ropa \u00edntima femenina. Con d\u00e9cadas de experiencia y una clara apuesta por la fabricaci\u00f3n nacional, Selene dise\u00f1a prendas que combinan est\u00e9tica, funcionalidad y un ajuste impecable. Cada modelo est\u00e1 [&hellip;]","og_url":"https:\/\/rosanacl.com\/ca\/lenceria-selene\/","og_site_name":"Rosana CL","article_modified_time":"2025-07-25T06:13:14+00:00","og_image":[{"width":2000,"height":1414,"url":"https:\/\/rosanacl.com\/wp-content\/uploads\/2025\/07\/sujetador-reductor-sin-tirantes.jpg","type":"image\/jpeg"}],"twitter_card":"summary_large_image","twitter_misc":{"Temps estimat de lectura":"3 minuts"},"schema":{"@context":"https:\/\/schema.org","@graph":[{"@type":"WebPage","@id":"https:\/\/rosanacl.com\/eu\/lenceria-selene\/","url":"https:\/\/rosanacl.com\/eu\/lenceria-selene\/","name":"Lencer\u00eda Selene - Rosana CL","isPartOf":{"@id":"https:\/\/rosanacl.com\/ca\/#website"},"primaryImageOfPage":{"@id":"https:\/\/rosanacl.com\/eu\/lenceria-selene\/#primaryimage"},"image":{"@id":"https:\/\/rosanacl.com\/eu\/lenceria-selene\/#primaryimage"},"thumbnailUrl":"https:\/\/rosanacl.com\/wp-content\/uploads\/2025\/07\/sujetador-reductor-sin-tirantes-1024x724.jpg","datePublished":"2025-07-18T09:17:45+00:00","dateModified":"2025-07-25T06:13:14+00:00","breadcrumb":{"@id":"https:\/\/rosanacl.com\/eu\/lenceria-selene\/#breadcrumb"},"inLanguage":"ca","potentialAction":[{"@type":"ReadAction","target":["https:\/\/rosanacl.com\/eu\/lenceria-selene\/"]}]},{"@type":"ImageObject","inLanguage":"ca","@id":"https:\/\/rosanacl.com\/eu\/lenceria-selene\/#primaryimage","url":"https:\/\/rosanacl.com\/wp-content\/uploads\/2025\/07\/sujetador-reductor-sin-tirantes-1024x724.jpg","contentUrl":"https:\/\/rosanacl.com\/wp-content\/uploads\/2025\/07\/sujetador-reductor-sin-tirantes-1024x724.jpg"},{"@type":"BreadcrumbList","@id":"https:\/\/rosanacl.com\/eu\/lenceria-selene\/#breadcrumb","itemListElement":[{"@type":"ListItem","position":1,"name":"Portada","item":"https:\/\/rosanacl.com\/ca\/"},{"@type":"ListItem","position":2,"name":"Lencer\u00eda Selene"}]},{"@type":"WebSite","@id":"https:\/\/rosanacl.com\/ca\/#website","url":"https:\/\/rosanacl.com\/ca\/","name":"Rosana CL","description":"Som el teu interior","potentialAction":[{"@type":"SearchAction","target":{"@type":"EntryPoint","urlTemplate":"https:\/\/rosanacl.com\/ca\/?s={search_term_string}"},"query-input":{"@type":"PropertyValueSpecification","valueRequired":true,"valueName":"search_term_string"}}],"inLanguage":"ca"}]}},"_links":{"self":[{"href":"https:\/\/rosanacl.com\/ca\/wp-json\/wp\/v2\/pages\/2897","targetHints":{"allow":["GET"]}}],"collection":[{"href":"https:\/\/rosanacl.com\/ca\/wp-json\/wp\/v2\/pages"}],"about":[{"href":"https:\/\/rosanacl.com\/ca\/wp-json\/wp\/v2\/types\/page"}],"author":[{"embeddable":true,"href":"https:\/\/rosanacl.com\/ca\/wp-json\/wp\/v2\/users\/1"}],"replies":[{"embeddable":true,"href":"https:\/\/rosanacl.com\/ca\/wp-json\/wp\/v2\/comments?post=2897"}],"version-history":[{"count":0,"href":"https:\/\/rosanacl.com\/ca\/wp-json\/wp\/v2\/pages\/2897\/revisions"}],"wp:attachment":[{"href":"https:\/\/rosanacl.com\/ca\/wp-json\/wp\/v2\/media?parent=2897"}],"curies":[{"name":"wp","href":"https:\/\/api.w.org\/{rel}","templated":true}]}}