{"id":16,"date":"2025-03-28T15:59:16","date_gmt":"2025-03-28T18:59:16","guid":{"rendered":"https:\/\/innovacon.simplificandotuweb.com\/?page_id=16"},"modified":"2025-07-09T08:54:15","modified_gmt":"2025-07-09T06:54:15","slug":"politica-de-cookies","status":"publish","type":"page","link":"https:\/\/rosanacl.com\/cs\/politica-de-cookies\/","title":{"rendered":"Z\u00e1sady pou\u017e\u00edv\u00e1n\u00ed soubor\u016f cookie"},"content":{"rendered":"<div data-elementor-type=\"wp-page\" data-elementor-id=\"16\" class=\"elementor elementor-16\" data-elementor-post-type=\"page\">\n\t\t\t\t<div class=\"elementor-element elementor-element-3406fa7 e-flex e-con-boxed e-con e-parent\" data-id=\"3406fa7\" data-element_type=\"container\" data-e-type=\"container\" data-settings=\"{&quot;background_background&quot;:&quot;classic&quot;}\">\n\t\t\t\t\t<div class=\"e-con-inner\">\n\t\t<div class=\"elementor-element elementor-element-d212998 e-con-full e-flex e-con e-child\" data-id=\"d212998\" data-element_type=\"container\" data-e-type=\"container\">\n\t\t\t\t<div class=\"elementor-element elementor-element-973e9ce elementor-widget elementor-widget-heading\" data-id=\"973e9ce\" data-element_type=\"widget\" data-e-type=\"widget\" data-widget_type=\"heading.default\">\n\t\t\t\t<div class=\"elementor-widget-container\">\n\t\t\t\t\t<h2 class=\"elementor-heading-title elementor-size-default\">Z\u00e1sady pou\u017e\u00edv\u00e1n\u00ed soubor\u016f cookie<\/h2>\t\t\t\t<\/div>\n\t\t\t\t<\/div>\n\t\t\t\t<\/div>\n\t\t\t\t\t<\/div>\n\t\t\t\t<\/div>\n\t\t<div class=\"elementor-element elementor-element-504b4f4d e-flex e-con-boxed e-con e-parent\" data-id=\"504b4f4d\" data-element_type=\"container\" data-e-type=\"container\">\n\t\t\t\t\t<div class=\"e-con-inner\">\n\t\t\t\t<div class=\"elementor-element elementor-element-36706845 elementor-widget elementor-widget-text-editor\" data-id=\"36706845\" data-element_type=\"widget\" data-e-type=\"widget\" data-widget_type=\"text-editor.default\">\n\t\t\t\t<div class=\"elementor-widget-container\">\n\t\t\t\t\t\t\t\t\t\n<p>Tyto Z\u00e1sady pou\u017e\u00edv\u00e1n\u00ed soubor\u016f cookie byly naposledy aktualizov\u00e1ny 8. ledna 2024 a vztahuj\u00ed se na ob\u010dany a osoby s trval\u00fdm pobytem v Evropsk\u00e9m hospod\u00e1\u0159sk\u00e9m prostoru a \u0160v\u00fdcarsku.<\/p>\n\n<p><strong>1. \u00davod<\/strong><\/p>\n\n<p>Na\u0161e webov\u00e9 str\u00e1nky, <a href=\"https:\/\/rosanacl.com\/cs\/\">https:\/\/rosanacl.com\/<\/a> (d\u00e1le jen \u201ewebov\u00e9 str\u00e1nky\u201c) pou\u017e\u00edv\u00e1 soubory cookie a dal\u0161\u00ed souvisej\u00edc\u00ed technologie (pro usnadn\u011bn\u00ed jsou v\u0161echny technologie ozna\u010dov\u00e1ny jako \u201ecookies\u201c). Soubory cookie umis\u0165uj\u00ed tak\u00e9 t\u0159et\u00ed strany, se kter\u00fdmi m\u00e1me uzav\u0159enou smlouvu. N\u00e1sleduj\u00edc\u00ed dokument v\u00e1s informuje o pou\u017e\u00edv\u00e1n\u00ed soubor\u016f cookie na na\u0161ich webov\u00fdch str\u00e1nk\u00e1ch.<\/p>\n\n<p><strong>2. Co jsou soubory cookie?<\/strong><\/p>\n\n<p>Soubor cookie je mal\u00fd soubor, kter\u00fd je odes\u00edl\u00e1n spolu se str\u00e1nkami t\u011bchto webov\u00fdch str\u00e1nek a ukl\u00e1d\u00e1n va\u0161\u00edm prohl\u00ed\u017ee\u010dem na pevn\u00fd disk va\u0161eho po\u010d\u00edta\u010de nebo jin\u00e9ho za\u0159\u00edzen\u00ed. Ulo\u017een\u00e9 informace mohou b\u00fdt p\u0159i n\u00e1sledn\u00e9 n\u00e1v\u0161t\u011bv\u011b vr\u00e1ceny na na\u0161e servery nebo na p\u0159\u00edslu\u0161n\u00e9 servery t\u0159et\u00edch stran.<\/p>\n\n<p><strong>3. Co jsou skripty?<\/strong><\/p>\n\n<p>Skript je k\u00f3d programu, kter\u00fd slou\u017e\u00ed ke spr\u00e1vn\u00e9mu a interaktivn\u00edmu fungov\u00e1n\u00ed na\u0161ich webov\u00fdch str\u00e1nek. Tento k\u00f3d b\u011b\u017e\u00ed na na\u0161em serveru nebo na va\u0161em za\u0159\u00edzen\u00ed.<\/p>\n\n<p><strong>4. Co je webov\u00fd maj\u00e1k?<\/strong><\/p>\n\n<p>Webov\u00fd maj\u00e1k (nebo pixelov\u00fd tag) je mal\u00fd, neviditeln\u00fd textov\u00fd nebo obr\u00e1zkov\u00fd \u00faryvek na webov\u00fdch str\u00e1nk\u00e1ch, kter\u00fd slou\u017e\u00ed ke sledov\u00e1n\u00ed n\u00e1v\u0161t\u011bvnosti webov\u00fdch str\u00e1nek. Za t\u00edmto \u00fa\u010delem se pomoc\u00ed t\u011bchto webov\u00fdch maj\u00e1k\u016f ukl\u00e1daj\u00ed r\u016fzn\u00e1 data o v\u00e1s.<\/p>\n\n<p><strong>5. Soubory cookie<\/strong><\/p>\n\n<p><strong>5.1 Technick\u00e9 nebo funk\u010dn\u00ed soubory cookie<\/strong><\/p>\n\n<p>N\u011bkter\u00e9 soubory cookie zaji\u0161\u0165uj\u00ed, aby ur\u010dit\u00e9 \u010d\u00e1sti webov\u00fdch str\u00e1nek fungovaly spr\u00e1vn\u011b a aby va\u0161e u\u017eivatelsk\u00e9 preference z\u016fstaly zn\u00e1my. Um\u00edst\u011bn\u00edm funk\u010dn\u00edch soubor\u016f cookie v\u00e1m usnad\u0148ujeme n\u00e1v\u0161t\u011bvu na\u0161ich webov\u00fdch str\u00e1nek. T\u00edmto zp\u016fsobem nemus\u00edte p\u0159i n\u00e1v\u0161t\u011bv\u011b na\u0161ich webov\u00fdch str\u00e1nek opakovan\u011b zad\u00e1vat stejn\u00e9 informace a nap\u0159\u00edklad polo\u017eky z\u016fstanou ve va\u0161em n\u00e1kupn\u00edm ko\u0161\u00edku, dokud nezaplat\u00edte. Tyto soubory cookie m\u016f\u017eeme um\u00edstit bez va\u0161eho souhlasu.<\/p>\n\n<p><strong>5.2 Marketingov\u00e9\/sledovac\u00ed soubory cookie<\/strong><\/p>\n\n<p>Marketingov\u00e9\/sledovac\u00ed soubory cookie jsou soubory cookie nebo jin\u00e9 formy lok\u00e1ln\u00edho \u00falo\u017ei\u0161t\u011b pou\u017e\u00edvan\u00e9 k vytv\u00e1\u0159en\u00ed u\u017eivatelsk\u00fdch profil\u016f za \u00fa\u010delem zobrazov\u00e1n\u00ed reklamy nebo sledov\u00e1n\u00ed u\u017eivatel\u016f na t\u011bchto webov\u00fdch str\u00e1nk\u00e1ch nebo na v\u00edce webov\u00fdch str\u00e1nk\u00e1ch pro podobn\u00e9 marketingov\u00e9 \u00fa\u010dely.<\/p>\n\n<p><strong>6. Pou\u017eit\u00e9 soubory cookie<\/strong><\/p>\n\n<ul class=\"wp-block-list\">\n<li>Elementor \u2013 Statistiky (anonymn\u00ed)<\/li>\n<li>Souhlas se slu\u017ebou Elementor<\/li>\n<li>WordPress \u2013 Funk\u010dn\u00ed<\/li>\n<li>Souhlas se slu\u017ebou WordPress<\/li>\n<li>R\u016fzn\u00e9 \u2013 \u00da\u010del do vy\u0161et\u0159ov\u00e1n\u00ed<\/li>\n<li>Souhlas s poskytov\u00e1n\u00edm r\u016fzn\u00fdch slu\u017eeb<\/li>\n<\/ul>\n\n<p><strong>7. Souhlas<\/strong><\/p>\n\n<p>P\u0159i prvn\u00ed n\u00e1v\u0161t\u011bv\u011b na\u0161ich webov\u00fdch str\u00e1nek se v\u00e1m zobraz\u00ed vyskakovac\u00ed okno s vysv\u011btlen\u00edm soubor\u016f cookie. Jakmile kliknete na tla\u010d\u00edtko \u201eUlo\u017eit nastaven\u00ed\u201c, souhlas\u00edte s pou\u017e\u00edv\u00e1n\u00edm kategori\u00ed soubor\u016f cookie a plugin\u016f, kter\u00e9 jste vybrali ve vyskakovac\u00edm okn\u011b, jak je pops\u00e1no v t\u011bchto z\u00e1sad\u00e1ch pou\u017e\u00edv\u00e1n\u00ed soubor\u016f cookie. Pou\u017e\u00edv\u00e1n\u00ed soubor\u016f cookie m\u016f\u017eete zak\u00e1zat ve sv\u00e9m prohl\u00ed\u017ee\u010di, ale upozor\u0148ujeme, \u017ee na\u0161e webov\u00e9 str\u00e1nky ji\u017e nemus\u00ed spr\u00e1vn\u011b fungovat.<\/p>\n\n<p><strong>7.1 Spr\u00e1va nastaven\u00ed souhlasu<\/strong><\/p>\n\n<ul class=\"wp-block-list\">\n<li>Funk\u010dn\u00ed \u2013 V\u017edy aktivn\u00ed<\/li>\n<li>Marketing \u2013 Marketing<\/li>\n<\/ul>\n\n<p><strong>8. Aktivace\/deaktivace a maz\u00e1n\u00ed soubor\u016f cookie<\/strong><\/p>\n\n<p>Pomoc\u00ed internetov\u00e9ho prohl\u00ed\u017ee\u010de m\u016f\u017eete soubory cookie automaticky nebo ru\u010dn\u011b mazat. M\u016f\u017eete tak\u00e9 nastavit, \u017ee ur\u010dit\u00e9 soubory cookie nesm\u00ed b\u00fdt ukl\u00e1d\u00e1ny. Dal\u0161\u00ed mo\u017enost\u00ed je zm\u011bnit nastaven\u00ed internetov\u00e9ho prohl\u00ed\u017ee\u010de tak, abyste p\u0159i ka\u017ed\u00e9m um\u00edst\u011bn\u00ed souboru cookie obdr\u017eeli zpr\u00e1vu. Dal\u0161\u00ed informace o t\u011bchto mo\u017enostech naleznete v pokynech v sekci \u201eN\u00e1pov\u011bda\u201c va\u0161eho prohl\u00ed\u017ee\u010de.<\/p>\n\n<p>Upozor\u0148ujeme, \u017ee na\u0161e webov\u00e9 str\u00e1nky nemus\u00ed spr\u00e1vn\u011b fungovat, pokud jsou v\u0161echny soubory cookie zak\u00e1z\u00e1ny. Pokud soubory cookie z prohl\u00ed\u017ee\u010de sma\u017eete, budou po va\u0161\u00ed dal\u0161\u00ed n\u00e1v\u0161t\u011bv\u011b na\u0161ich webov\u00fdch str\u00e1nek znovu um\u00edst\u011bny s va\u0161\u00edm souhlasem.<\/p>\n\n<p><strong>9. Va\u0161e pr\u00e1va t\u00fdkaj\u00edc\u00ed se osobn\u00edch \u00fadaj\u016f<\/strong><\/p>\n\n<ul class=\"wp-block-list\">\n<li>M\u00e1te pr\u00e1vo v\u011bd\u011bt, pro\u010d jsou va\u0161e osobn\u00ed \u00fadaje pot\u0159eba, co se s nimi stane a jak dlouho budou uchov\u00e1v\u00e1ny.<\/li>\n<li>Pr\u00e1vo na p\u0159\u00edstup: M\u00e1te pr\u00e1vo na p\u0159\u00edstup k va\u0161im osobn\u00edm \u00fadaj\u016fm, kter\u00e9 zn\u00e1me.<\/li>\n<li>Pr\u00e1vo na opravu: M\u00e1te pr\u00e1vo kdykoli doplnit, opravit, smazat nebo zablokovat sv\u00e9 osobn\u00ed \u00fadaje.<\/li>\n<li>Pokud n\u00e1m ud\u011bl\u00edte souhlas se zpracov\u00e1n\u00edm va\u0161ich \u00fadaj\u016f, m\u00e1te pr\u00e1vo tento souhlas odvolat a nechat sv\u00e9 osobn\u00ed \u00fadaje vymazat.<\/li>\n<li>Pr\u00e1vo na p\u0159enositelnost va\u0161ich \u00fadaj\u016f: M\u00e1te pr\u00e1vo po\u017eadovat od spr\u00e1vce ve\u0161ker\u00e9 va\u0161e osobn\u00ed \u00fadaje a p\u0159edat je v cel\u00e9m rozsahu jin\u00e9mu spr\u00e1vci \u00fadaj\u016f.<\/li>\n<li>Pr\u00e1vo vzn\u00e9st n\u00e1mitku: M\u016f\u017eete vzn\u00e9st n\u00e1mitku proti zpracov\u00e1n\u00ed va\u0161ich \u00fadaj\u016f. Budeme v\u00e1m vyhov\u011bt, pokud nebudou existovat opr\u00e1vn\u011bn\u00e9 d\u016fvody pro zpracov\u00e1n\u00ed.<\/li>\n<\/ul>\n\n<p>Chcete-li tato pr\u00e1va uplatnit, kontaktujte n\u00e1s. Kontaktn\u00ed \u00fadaje naleznete v doln\u00ed \u010d\u00e1sti t\u011bchto z\u00e1sad pou\u017e\u00edv\u00e1n\u00ed soubor\u016f cookie. Pokud m\u00e1te jak\u00e9koli st\u00ed\u017enosti ohledn\u011b toho, jak nakl\u00e1d\u00e1me s va\u0161imi \u00fadaji, r\u00e1di bychom v\u00e1s sly\u0161eli, ale m\u00e1te tak\u00e9 pr\u00e1vo podat st\u00ed\u017enost u dozorov\u00e9ho \u00fa\u0159adu (\u00da\u0159adu pro ochranu osobn\u00edch \u00fadaj\u016f).<\/p>\n\n<p><strong>10. Kontaktn\u00ed informace<\/strong><\/p>\n\n<p>S dotazy a\/nebo p\u0159ipom\u00ednkami k na\u0161im z\u00e1sad\u00e1m pou\u017e\u00edv\u00e1n\u00ed soubor\u016f cookie a tomuto prohl\u00e1\u0161en\u00ed n\u00e1s pros\u00edm kontaktujte pomoc\u00ed n\u00e1sleduj\u00edc\u00edch kontaktn\u00edch \u00fadaj\u016f:<\/p>\n\n<ul class=\"wp-block-list\">\n<li>Spole\u010dnost: Pablo Angulo Maspons<\/li>\n<li>Po\u010det obyvatel: Vinaroz, \u0160pan\u011blsko<\/li>\n<li>Telefon: 613395013<\/li>\n<li>Po\u0161ta:<a href=\"mailto:info@rosanacl.com\"> info@rosanacl.com<\/a>\u00a0<\/li>\n<\/ul>\n\n<p>Tyto z\u00e1sady pou\u017e\u00edv\u00e1n\u00ed soubor\u016f cookie byly synchronizov\u00e1ny s <a href=\"https:\/\/cookiedatabase.org\">cookiedatabase.org<\/a> dne 01.08.2024.<\/p>\n\n<p>\u00a0<\/p>\t\t\t\t\t\t\t\t<\/div>\n\t\t\t\t<\/div>\n\t\t\t\t\t<\/div>\n\t\t\t\t<\/div>\n\t\t\t\t<\/div>","protected":false},"excerpt":{"rendered":"<p>Esta pol\u00edtica de cookies fue actualizada por \u00faltima vez el 08\/01\/2024 y se aplica a los ciudadanos y residentes legales permanentes del Espacio Econ\u00f3mico Europeo y Suiza. 1. Introducci\u00f3n Nuestra web, https:\/\/rosanacl.com\/ (en adelante: \u00abla web\u00bb) utiliza cookies y otras tecnolog\u00edas relacionadas (para mayor comodidad, todas las tecnolog\u00edas se denominan \u00abcookies\u00bb). Las cookies tambi\u00e9n son [&hellip;]<\/p>\n","protected":false},"author":1,"featured_media":0,"parent":0,"menu_order":0,"comment_status":"closed","ping_status":"closed","template":"","meta":{"content-type":"","footnotes":""},"class_list":["post-16","page","type-page","status-publish","hentry"],"yoast_head":"<!-- This site is optimized with the Yoast SEO plugin v27.4 - https:\/\/yoast.com\/product\/yoast-seo-wordpress\/ -->\n<title>Pol\u00edtica de Cookies - Rosana CL<\/title>\n<meta name=\"robots\" content=\"index, follow, max-snippet:-1, max-image-preview:large, max-video-preview:-1\" \/>\n<link rel=\"canonical\" href=\"https:\/\/rosanacl.com\/cs\/politica-de-cookies\/\" \/>\n<meta property=\"og:locale\" content=\"cs_CZ\" \/>\n<meta property=\"og:type\" content=\"article\" \/>\n<meta property=\"og:title\" content=\"Pol\u00edtica de Cookies - Rosana CL\" \/>\n<meta property=\"og:description\" content=\"Esta pol\u00edtica de cookies fue actualizada por \u00faltima vez el 08\/01\/2024 y se aplica a los ciudadanos y residentes legales permanentes del Espacio Econ\u00f3mico Europeo y Suiza. 1. Introducci\u00f3n Nuestra web, https:\/\/rosanacl.com\/ (en adelante: \u00abla web\u00bb) utiliza cookies y otras tecnolog\u00edas relacionadas (para mayor comodidad, todas las tecnolog\u00edas se denominan \u00abcookies\u00bb). Las cookies tambi\u00e9n son [&hellip;]\" \/>\n<meta property=\"og:url\" content=\"https:\/\/rosanacl.com\/cs\/politica-de-cookies\/\" \/>\n<meta property=\"og:site_name\" content=\"Rosana CL\" \/>\n<meta property=\"article:modified_time\" content=\"2025-07-09T06:54:15+00:00\" \/>\n<meta name=\"twitter:card\" content=\"summary_large_image\" \/>\n<meta name=\"twitter:label1\" content=\"Odhadovan\u00e1 doba \u010dten\u00ed\" \/>\n\t<meta name=\"twitter:data1\" content=\"4 minuty\" \/>\n<script type=\"application\/ld+json\" class=\"yoast-schema-graph\">{\"@context\":\"https:\\\/\\\/schema.org\",\"@graph\":[{\"@type\":\"WebPage\",\"@id\":\"https:\\\/\\\/rosanacl.com\\\/eu\\\/politica-de-cookies\\\/\",\"url\":\"https:\\\/\\\/rosanacl.com\\\/eu\\\/politica-de-cookies\\\/\",\"name\":\"Pol\u00edtica de Cookies - Rosana CL\",\"isPartOf\":{\"@id\":\"https:\\\/\\\/rosanacl.com\\\/ca\\\/#website\"},\"datePublished\":\"2025-03-28T18:59:16+00:00\",\"dateModified\":\"2025-07-09T06:54:15+00:00\",\"breadcrumb\":{\"@id\":\"https:\\\/\\\/rosanacl.com\\\/eu\\\/politica-de-cookies\\\/#breadcrumb\"},\"inLanguage\":\"cs\",\"potentialAction\":[{\"@type\":\"ReadAction\",\"target\":[\"https:\\\/\\\/rosanacl.com\\\/eu\\\/politica-de-cookies\\\/\"]}]},{\"@type\":\"BreadcrumbList\",\"@id\":\"https:\\\/\\\/rosanacl.com\\\/eu\\\/politica-de-cookies\\\/#breadcrumb\",\"itemListElement\":[{\"@type\":\"ListItem\",\"position\":1,\"name\":\"Portada\",\"item\":\"https:\\\/\\\/rosanacl.com\\\/ca\\\/\"},{\"@type\":\"ListItem\",\"position\":2,\"name\":\"Pol\u00edtica de Cookies\"}]},{\"@type\":\"WebSite\",\"@id\":\"https:\\\/\\\/rosanacl.com\\\/ca\\\/#website\",\"url\":\"https:\\\/\\\/rosanacl.com\\\/ca\\\/\",\"name\":\"Rosana CL\",\"description\":\"Somos tu interior\",\"potentialAction\":[{\"@type\":\"SearchAction\",\"target\":{\"@type\":\"EntryPoint\",\"urlTemplate\":\"https:\\\/\\\/rosanacl.com\\\/ca\\\/?s={search_term_string}\"},\"query-input\":{\"@type\":\"PropertyValueSpecification\",\"valueRequired\":true,\"valueName\":\"search_term_string\"}}],\"inLanguage\":\"cs\"}]}<\/script>\n<!-- \/ Yoast SEO plugin. -->","yoast_head_json":{"title":"Pol\u00edtica de Cookies - Rosana CL","robots":{"index":"index","follow":"follow","max-snippet":"max-snippet:-1","max-image-preview":"max-image-preview:large","max-video-preview":"max-video-preview:-1"},"canonical":"https:\/\/rosanacl.com\/cs\/politica-de-cookies\/","og_locale":"cs_CZ","og_type":"article","og_title":"Pol\u00edtica de Cookies - Rosana CL","og_description":"Esta pol\u00edtica de cookies fue actualizada por \u00faltima vez el 08\/01\/2024 y se aplica a los ciudadanos y residentes legales permanentes del Espacio Econ\u00f3mico Europeo y Suiza. 1. Introducci\u00f3n Nuestra web, https:\/\/rosanacl.com\/ (en adelante: \u00abla web\u00bb) utiliza cookies y otras tecnolog\u00edas relacionadas (para mayor comodidad, todas las tecnolog\u00edas se denominan \u00abcookies\u00bb). Las cookies tambi\u00e9n son [&hellip;]","og_url":"https:\/\/rosanacl.com\/cs\/politica-de-cookies\/","og_site_name":"Rosana CL","article_modified_time":"2025-07-09T06:54:15+00:00","twitter_card":"summary_large_image","twitter_misc":{"Odhadovan\u00e1 doba \u010dten\u00ed":"4 minuty"},"schema":{"@context":"https:\/\/schema.org","@graph":[{"@type":"WebPage","@id":"https:\/\/rosanacl.com\/eu\/politica-de-cookies\/","url":"https:\/\/rosanacl.com\/eu\/politica-de-cookies\/","name":"Pol\u00edtica de Cookies - Rosana CL","isPartOf":{"@id":"https:\/\/rosanacl.com\/ca\/#website"},"datePublished":"2025-03-28T18:59:16+00:00","dateModified":"2025-07-09T06:54:15+00:00","breadcrumb":{"@id":"https:\/\/rosanacl.com\/eu\/politica-de-cookies\/#breadcrumb"},"inLanguage":"cs","potentialAction":[{"@type":"ReadAction","target":["https:\/\/rosanacl.com\/eu\/politica-de-cookies\/"]}]},{"@type":"BreadcrumbList","@id":"https:\/\/rosanacl.com\/eu\/politica-de-cookies\/#breadcrumb","itemListElement":[{"@type":"ListItem","position":1,"name":"Portada","item":"https:\/\/rosanacl.com\/ca\/"},{"@type":"ListItem","position":2,"name":"Pol\u00edtica de Cookies"}]},{"@type":"WebSite","@id":"https:\/\/rosanacl.com\/ca\/#website","url":"https:\/\/rosanacl.com\/ca\/","name":"Rosana CL","description":"Jsme v\u00e1\u0161 interi\u00e9r","potentialAction":[{"@type":"SearchAction","target":{"@type":"EntryPoint","urlTemplate":"https:\/\/rosanacl.com\/ca\/?s={search_term_string}"},"query-input":{"@type":"PropertyValueSpecification","valueRequired":true,"valueName":"search_term_string"}}],"inLanguage":"cs"}]}},"_links":{"self":[{"href":"https:\/\/rosanacl.com\/cs\/wp-json\/wp\/v2\/pages\/16","targetHints":{"allow":["GET"]}}],"collection":[{"href":"https:\/\/rosanacl.com\/cs\/wp-json\/wp\/v2\/pages"}],"about":[{"href":"https:\/\/rosanacl.com\/cs\/wp-json\/wp\/v2\/types\/page"}],"author":[{"embeddable":true,"href":"https:\/\/rosanacl.com\/cs\/wp-json\/wp\/v2\/users\/1"}],"replies":[{"embeddable":true,"href":"https:\/\/rosanacl.com\/cs\/wp-json\/wp\/v2\/comments?post=16"}],"version-history":[{"count":0,"href":"https:\/\/rosanacl.com\/cs\/wp-json\/wp\/v2\/pages\/16\/revisions"}],"wp:attachment":[{"href":"https:\/\/rosanacl.com\/cs\/wp-json\/wp\/v2\/media?parent=16"}],"curies":[{"name":"wp","href":"https:\/\/api.w.org\/{rel}","templated":true}]}}