{"id":18,"date":"2025-03-28T16:03:06","date_gmt":"2025-03-28T19:03:06","guid":{"rendered":"https:\/\/innovacon.simplificandotuweb.com\/?page_id=18"},"modified":"2025-08-01T14:33:36","modified_gmt":"2025-08-01T12:33:36","slug":"aviso-legal","status":"publish","type":"page","link":"https:\/\/rosanacl.com\/cs\/aviso-legal\/","title":{"rendered":"Pr\u00e1vn\u00ed upozorn\u011bn\u00ed"},"content":{"rendered":"<div data-elementor-type=\"wp-page\" data-elementor-id=\"18\" class=\"elementor elementor-18\" data-elementor-post-type=\"page\">\n\t\t\t\t<div class=\"elementor-element elementor-element-1f18319 e-flex e-con-boxed e-con e-parent\" data-id=\"1f18319\" data-element_type=\"container\" data-e-type=\"container\" data-settings=\"{&quot;background_background&quot;:&quot;classic&quot;}\">\n\t\t\t\t\t<div class=\"e-con-inner\">\n\t\t<div class=\"elementor-element elementor-element-c2acaab e-con-full e-flex e-con e-child\" data-id=\"c2acaab\" data-element_type=\"container\" data-e-type=\"container\">\n\t\t\t\t<div class=\"elementor-element elementor-element-6f29856 elementor-widget elementor-widget-heading\" data-id=\"6f29856\" data-element_type=\"widget\" data-e-type=\"widget\" data-widget_type=\"heading.default\">\n\t\t\t\t<div class=\"elementor-widget-container\">\n\t\t\t\t\t<h2 class=\"elementor-heading-title elementor-size-default\">Pr\u00e1vn\u00ed upozorn\u011bn\u00ed<\/h2>\t\t\t\t<\/div>\n\t\t\t\t<\/div>\n\t\t\t\t<\/div>\n\t\t\t\t\t<\/div>\n\t\t\t\t<\/div>\n\t\t<div class=\"elementor-element elementor-element-7b2ac5e6 e-flex e-con-boxed e-con e-parent\" data-id=\"7b2ac5e6\" data-element_type=\"container\" data-e-type=\"container\">\n\t\t\t\t\t<div class=\"e-con-inner\">\n\t\t\t\t<div class=\"elementor-element elementor-element-2e23d7df elementor-widget elementor-widget-text-editor\" data-id=\"2e23d7df\" data-element_type=\"widget\" data-e-type=\"widget\" data-widget_type=\"text-editor.default\">\n\t\t\t\t<div class=\"elementor-widget-container\">\n\t\t\t\t\t\t\t\t\t\n<p><strong>Spr\u00e1vce \u00fadaj\u016f<\/strong><\/p>\n\n<p>V souladu s informa\u010dn\u00ed povinnost\u00ed stanovenou z\u00e1konem \u010d. 34\/2002 ze dne 11. \u010dervence o slu\u017eb\u00e1ch informa\u010dn\u00ed spole\u010dnosti a elektronick\u00e9m obchodu v\u00e1s informujeme, \u017ee tyto webov\u00e9 str\u00e1nky vlastn\u00ed:<\/p>\n\n<ul class=\"wp-block-list\">\n<li>Spole\u010dnost: Pablo Angulo Maspons<\/li>\n<li>NIF: 73394866A<\/li>\n<li>Po\u010det obyvatel: Vinaroz, \u0160pan\u011blsko<\/li>\n<li>Telefon: 613395013<\/li>\n<li>Po\u0161ta: <a href=\"mailto:info@rosanacl.com\">info@rosanacl.com<\/a><a href=\"mailto:info@rosanacl.com\">\u00a0<\/a><\/li>\n<\/ul>\n\n<p><strong>Objekt<\/strong><\/p>\n\n<p>Spr\u00e1vce zp\u0159\u00edstup\u0148uje tento dokument u\u017eivatel\u016fm s c\u00edlem dodr\u017eovat ustanoven\u00ed platn\u00fdch p\u0159edpis\u016f o ochran\u011b osobn\u00edch \u00fadaj\u016f a v kontextu nov\u00e9ho regula\u010dn\u00edho r\u00e1mce zaveden\u00e9ho na z\u00e1klad\u011b ustanoven\u00ed na\u0159\u00edzen\u00ed Evropsk\u00e9ho parlamentu a Rady (EU) 2016\/679 ze dne 27. dubna 2016 o ochran\u011b fyzick\u00fdch osob v souvislosti se zpracov\u00e1n\u00edm osobn\u00edch \u00fadaj\u016f a o voln\u00e9m pohybu t\u011bchto \u00fadaj\u016f (d\u00e1le jen \u201eGDPR\u201c) a vnitrost\u00e1tn\u00edch p\u0159edpis\u016f o ochran\u011b osobn\u00edch \u00fadaj\u016f, jako\u017e i informovat v\u0161echny u\u017eivatele webov\u00fdch str\u00e1nek o podm\u00ednk\u00e1ch jejich pou\u017e\u00edv\u00e1n\u00ed. Ka\u017ed\u00e1 osoba, kter\u00e1 p\u0159istupuje na tyto webov\u00e9 str\u00e1nky, p\u0159eb\u00edr\u00e1 roli u\u017eivatele a zavazuje se dodr\u017eovat a p\u0159\u00edsn\u011b dodr\u017eovat zde uveden\u00e1 ustanoven\u00ed, jako\u017e i ve\u0161ker\u00e9 dal\u0161\u00ed platn\u00e9 pr\u00e1vn\u00ed p\u0159edpisy. Spr\u00e1vce si vyhrazuje pr\u00e1vo upravit jak\u00fdkoli typ informac\u00ed, kter\u00e9 se mohou na webov\u00fdch str\u00e1nk\u00e1ch objevit, ani\u017e by byl povinen o t\u011bchto povinnostech informovat u\u017eivatele, p\u0159i\u010dem\u017e zve\u0159ejn\u011bn\u00ed na webov\u00fdch str\u00e1nk\u00e1ch spr\u00e1vce se pova\u017euje za dostate\u010dn\u00e9.<\/p>\n\n<p><strong>Odpov\u011bdnost<\/strong><\/p>\n\n<p>Spr\u00e1vce se z\u0159\u00edk\u00e1 jak\u00e9koli odpov\u011bdnosti vypl\u00fdvaj\u00edc\u00ed z informac\u00ed zve\u0159ejn\u011bn\u00fdch na jeho webov\u00fdch str\u00e1nk\u00e1ch, za p\u0159edpokladu, \u017ee tyto informace byly zmanipulov\u00e1ny nebo zad\u00e1ny t\u0159et\u00ed stranou jinou ne\u017e Spr\u00e1vcem.<\/p>\n\n<p><strong>IP adresy<\/strong><\/p>\n\n<p>Webov\u00e9 servery automaticky detekuj\u00ed IP adresu a n\u00e1zev dom\u00e9ny pou\u017e\u00edvan\u00fd u\u017eivatelem. IP adresa je \u010d\u00edslo automaticky p\u0159i\u0159azen\u00e9 po\u010d\u00edta\u010di, kdy\u017e se p\u0159ipoj\u00ed k internetu. V\u0161echny tyto informace jsou zaznamen\u00e1v\u00e1ny v \u0159\u00e1dn\u011b registrovan\u00e9m protokolu aktivity serveru, kter\u00fd umo\u017e\u0148uje n\u00e1sledn\u00e9 zpracov\u00e1n\u00ed dat za \u00fa\u010delem z\u00edsk\u00e1n\u00ed \u010dist\u011b statistick\u00fdch m\u011b\u0159en\u00ed, jako je po\u010det zobrazen\u00ed str\u00e1nek, po\u010det n\u00e1v\u0161t\u011bv webov\u00fdch server\u016f, po\u0159ad\u00ed n\u00e1v\u0161t\u011bv, p\u0159\u00edstupov\u00fd bod atd.<\/p>\n\n<p><strong>Z\u00e1sady pro odkazy<\/strong><\/p>\n\n<p>Z t\u011bchto webov\u00fdch str\u00e1nek m\u016f\u017eete b\u00fdt p\u0159esm\u011brov\u00e1ni na obsah na webov\u00fdch str\u00e1nk\u00e1ch t\u0159et\u00edch stran. Vzhledem k tomu, \u017ee Spr\u00e1vce nem\u016f\u017ee v\u017edy kontrolovat obsah zve\u0159ej\u0148ovan\u00fd t\u0159et\u00edmi stranami na jejich webov\u00fdch str\u00e1nk\u00e1ch, nep\u0159eb\u00edr\u00e1 za takov\u00fd obsah \u017e\u00e1dnou odpov\u011bdnost. Spr\u00e1vce v ka\u017ed\u00e9m p\u0159\u00edpad\u011b prohla\u0161uje, \u017ee neprodlen\u011b odstran\u00ed jak\u00fdkoli obsah, kter\u00fd by mohl poru\u0161ovat vnitrost\u00e1tn\u00ed nebo mezin\u00e1rodn\u00ed pr\u00e1vn\u00ed p\u0159edpisy, mor\u00e1lku nebo ve\u0159ejn\u00fd po\u0159\u00e1dek, a neprodlen\u011b odstran\u00ed p\u0159esm\u011brov\u00e1n\u00ed na tyto webov\u00e9 str\u00e1nky a upozorn\u00ed p\u0159\u00edslu\u0161n\u00e9 org\u00e1ny na dan\u00fd obsah. Spr\u00e1vce nenese odpov\u011bdnost za ulo\u017een\u00e9 informace a obsah, v\u010detn\u011b, ale nikoli v\u00fdhradn\u011b, f\u00f3r, chat\u016f, gener\u00e1tor\u016f blog\u016f, koment\u00e1\u0159\u016f, soci\u00e1ln\u00edch s\u00edt\u00ed nebo jak\u00fdchkoli jin\u00fdch prost\u0159edk\u016f, kter\u00e9 umo\u017e\u0148uj\u00ed t\u0159et\u00edm stran\u00e1m nez\u00e1visle publikovat obsah na webov\u00fdch str\u00e1nk\u00e1ch Spr\u00e1vce. V souladu s ustanoven\u00edmi \u010dl. V souladu s \u010dl\u00e1nky 11 a 16 LSSICE (\u0160pan\u011blsk\u00fd z\u00e1kon o slu\u017eb\u00e1ch informa\u010dn\u00ed spole\u010dnosti) se Spr\u00e1vce zp\u0159\u00edstup\u0148uje v\u0161em u\u017eivatel\u016fm, org\u00e1n\u016fm a bezpe\u010dnostn\u00edm slo\u017ek\u00e1m a aktivn\u011b spolupracuje na odstra\u0148ov\u00e1n\u00ed nebo p\u0159\u00edpadn\u011b blokov\u00e1n\u00ed ve\u0161ker\u00e9ho obsahu, kter\u00fd by mohl ovlivnit nebo poru\u0161ovat vnitrost\u00e1tn\u00ed nebo mezin\u00e1rodn\u00ed pr\u00e1vn\u00ed p\u0159edpisy, pr\u00e1va t\u0159et\u00edch stran nebo mor\u00e1lku a ve\u0159ejn\u00fd po\u0159\u00e1dek. Pokud se u\u017eivatel domn\u00edv\u00e1, \u017ee se na webov\u00fdch str\u00e1nk\u00e1ch nach\u00e1z\u00ed jak\u00fdkoli obsah, kter\u00fd by mohl b\u00fdt takto klasifikov\u00e1n, neprodlen\u011b o tom informujte spr\u00e1vce webov\u00fdch str\u00e1nek. Tyto webov\u00e9 str\u00e1nky byly zkontrolov\u00e1ny a testov\u00e1ny, aby byla zaji\u0161t\u011bna jejich spr\u00e1vn\u00e1 funk\u010dnost. V z\u00e1sad\u011b lze zaru\u010dit spr\u00e1vnou funk\u010dnost 365 dn\u00ed v roce, 24 hodin denn\u011b. Spr\u00e1vce v\u0161ak nevylu\u010duje mo\u017enost programov\u00fdch chyb ani mo\u017enost, \u017ee se mohou st\u00e1t p\u0159\u00ed\u010dinou vy\u0161\u0161\u00ed moci, p\u0159\u00edrodn\u00edch katastrof, st\u00e1vek nebo podobn\u00fdch okolnost\u00ed, kter\u00e9 znemo\u017en\u00ed p\u0159\u00edstup na webov\u00e9 str\u00e1nky.<\/p>\n\n<p><strong>Ochrana osobn\u00edch \u00fadaj\u016f<\/strong><\/p>\n\n<p>Spr\u00e1vce je hluboce odhodl\u00e1n dodr\u017eovat ustanoven\u00ed platn\u00fdch p\u0159edpis\u016f o ochran\u011b osobn\u00edch \u00fadaj\u016f a v kontextu nov\u00e9ho regula\u010dn\u00edho r\u00e1mce zaveden\u00e9ho na z\u00e1klad\u011b ustanoven\u00ed na\u0159\u00edzen\u00ed Evropsk\u00e9ho parlamentu a Rady (EU) 2016\/679 ze dne 27. dubna 2016 o ochran\u011b fyzick\u00fdch osob v souvislosti se zpracov\u00e1n\u00edm osobn\u00edch \u00fadaj\u016f a o voln\u00e9m pohybu t\u011bchto \u00fadaj\u016f (d\u00e1le jen \u201eGDPR\u201c) a vnitrost\u00e1tn\u00edch p\u0159edpis\u016f o ochran\u011b osobn\u00edch \u00fadaj\u016f. Spr\u00e1vce rovn\u011b\u017e informuje, \u017ee se \u0159\u00edd\u00ed z\u00e1konem \u010d. 34\/2002 ze dne 11. \u010dervence o slu\u017eb\u00e1ch informa\u010dn\u00ed spole\u010dnosti a elektronick\u00e9m obchodu a bude si v\u017edy vy\u017e\u00e1dat v\u00e1\u0161 souhlas se zpracov\u00e1n\u00edm va\u0161ich \u00fadaj\u016f pro obchodn\u00ed \u00fa\u010dely.<\/p>\n\n<p><strong>Du\u0161evn\u00ed a pr\u016fmyslov\u00e9 vlastnictv\u00ed<\/strong><\/p>\n\n<p>Webov\u00e9 str\u00e1nky, v\u010detn\u011b, ale nikoli v\u00fdhradn\u011b, jejich programov\u00e1n\u00ed, editace, kompilace a dal\u0161\u00edch prvk\u016f nezbytn\u00fdch pro jejich provoz, designu, log, textu a\/nebo grafiky, jsou majetkem Spr\u00e1vce \u00fadaj\u016f nebo, pokud je to relevantn\u00ed, maj\u00ed licenci nebo v\u00fdslovn\u00e9 povolen\u00ed od autor\u016f. Ve\u0161ker\u00fd obsah webov\u00fdch str\u00e1nek je \u0159\u00e1dn\u011b chr\u00e1n\u011bn p\u0159edpisy o du\u0161evn\u00edm a pr\u016fmyslov\u00e9m vlastnictv\u00ed. Bez ohledu na zam\u00fd\u0161len\u00fd \u00fa\u010del vy\u017eaduje \u00fapln\u00e1 nebo \u010d\u00e1ste\u010dn\u00e1 reprodukce, pou\u017eit\u00ed, vyu\u017e\u00edv\u00e1n\u00ed, distribuce a marketing v\u017edy p\u0159edchoz\u00ed p\u00edsemn\u00fd souhlas Spr\u00e1vce \u00fadaj\u016f. Jak\u00e9koli pou\u017eit\u00ed, kter\u00e9 Spr\u00e1vce \u00fadaj\u016f p\u0159edem neschv\u00e1lil, bude pova\u017eov\u00e1no za z\u00e1va\u017en\u00e9 poru\u0161en\u00ed pr\u00e1v du\u0161evn\u00edho nebo pr\u016fmyslov\u00e9ho vlastnictv\u00ed autora. Designy, loga, text a\/nebo grafika, kter\u00e9 nepat\u0159\u00ed poskytovateli a kter\u00e9 se mohou objevit na webov\u00fdch str\u00e1nk\u00e1ch, pat\u0159\u00ed jejich p\u0159\u00edslu\u0161n\u00fdm vlastn\u00edk\u016fm, kte\u0159\u00ed jsou odpov\u011bdn\u00ed za jak\u00e9koli p\u0159\u00edpadn\u00e9 spory, kter\u00e9 mohou v souvislosti s nimi vzniknout. Spr\u00e1vce \u00fadaj\u016f m\u00e1 v ka\u017ed\u00e9m p\u0159\u00edpad\u011b jeho v\u00fdslovn\u00e9 p\u0159edchoz\u00ed povolen\u00ed. Spr\u00e1vce v\u00fdslovn\u011b oprav\u0148uje t\u0159et\u00ed strany k p\u0159\u00edm\u00e9mu p\u0159esm\u011brov\u00e1n\u00ed na konkr\u00e9tn\u00ed obsah webov\u00fdch str\u00e1nek a ve v\u0161ech p\u0159\u00edpadech mus\u00ed p\u0159esm\u011brovat na domovskou str\u00e1nku Spr\u00e1vce. Spr\u00e1vce uzn\u00e1v\u00e1 odpov\u00eddaj\u00edc\u00ed pr\u00e1va du\u0161evn\u00edho a pr\u016fmyslov\u00e9ho vlastnictv\u00ed jejich vlastn\u00edk\u016f a pouh\u00e1 zm\u00ednka nebo v\u00fdskyt t\u011bchto pr\u00e1v na webov\u00fdch str\u00e1nk\u00e1ch neznamen\u00e1 existenci pr\u00e1v ani odpov\u011bdnosti Spr\u00e1vce ohledn\u011b t\u011bchto pr\u00e1v, ani neznamen\u00e1 podporu, sponzorstv\u00ed ani doporu\u010den\u00ed z jeho strany. U v\u0161ech obr\u00e1zk\u016f, u kter\u00fdch to grafick\u00fd software umo\u017e\u0148uje, jsou uvedeny odpov\u00eddaj\u00edc\u00ed odkazy na autorstv\u00ed a odpov\u00eddaj\u00edc\u00ed licenci. Chcete-li vzn\u00e9st jak\u00e9koli p\u0159ipom\u00ednky t\u00fdkaj\u00edc\u00ed se mo\u017en\u00e9ho poru\u0161en\u00ed pr\u00e1v du\u0161evn\u00edho nebo pr\u016fmyslov\u00e9ho vlastnictv\u00ed, jako\u017e i jak\u00e9hokoli obsahu webov\u00fdch str\u00e1nek, m\u016f\u017eete tak u\u010dinit prost\u0159ednictv\u00edm n\u00e1sleduj\u00edc\u00ed e-mailov\u00e9 adresy: <a href=\"mailto:info@rosanacl.com\">info@rosanacl.com<\/a><\/p>\n\n<p>\u00a0<\/p>\n\t\t\t\t\t\t\t\t<\/div>\n\t\t\t\t<\/div>\n\t\t\t\t\t<\/div>\n\t\t\t\t<\/div>\n\t\t\t\t<\/div>","protected":false},"excerpt":{"rendered":"<p>Responsable del tratamiento de los datos En cumplimiento del deber de informaci\u00f3n que establece la Ley La 34\/2002, de 11 de julio, de Servicios de la Sociedad de la Informaci\u00f3n y del Comercio Electr\u00f3nico, le comunicamos que esta web es titularidad de: Objeto El Responsable pone a disposici\u00f3n de los usuarios este documento con el [&hellip;]<\/p>\n","protected":false},"author":1,"featured_media":0,"parent":0,"menu_order":0,"comment_status":"closed","ping_status":"closed","template":"","meta":{"content-type":"","footnotes":""},"class_list":["post-18","page","type-page","status-publish","hentry"],"yoast_head":"<!-- This site is optimized with the Yoast SEO plugin v27.4 - https:\/\/yoast.com\/product\/yoast-seo-wordpress\/ -->\n<title>Aviso Legal - Rosana CL<\/title>\n<meta name=\"robots\" content=\"index, follow, max-snippet:-1, max-image-preview:large, max-video-preview:-1\" \/>\n<link rel=\"canonical\" href=\"https:\/\/rosanacl.com\/cs\/aviso-legal\/\" \/>\n<meta property=\"og:locale\" content=\"cs_CZ\" \/>\n<meta property=\"og:type\" content=\"article\" \/>\n<meta property=\"og:title\" content=\"Aviso Legal - Rosana CL\" \/>\n<meta property=\"og:description\" content=\"Responsable del tratamiento de los datos En cumplimiento del deber de informaci\u00f3n que establece la Ley La 34\/2002, de 11 de julio, de Servicios de la Sociedad de la Informaci\u00f3n y del Comercio Electr\u00f3nico, le comunicamos que esta web es titularidad de: Objeto El Responsable pone a disposici\u00f3n de los usuarios este documento con el [&hellip;]\" \/>\n<meta property=\"og:url\" content=\"https:\/\/rosanacl.com\/cs\/aviso-legal\/\" \/>\n<meta property=\"og:site_name\" content=\"Rosana CL\" \/>\n<meta property=\"article:modified_time\" content=\"2025-08-01T12:33:36+00:00\" \/>\n<meta name=\"twitter:card\" content=\"summary_large_image\" \/>\n<meta name=\"twitter:label1\" content=\"Odhadovan\u00e1 doba \u010dten\u00ed\" \/>\n\t<meta name=\"twitter:data1\" content=\"6 minut\" \/>\n<script type=\"application\/ld+json\" class=\"yoast-schema-graph\">{\"@context\":\"https:\\\/\\\/schema.org\",\"@graph\":[{\"@type\":\"WebPage\",\"@id\":\"https:\\\/\\\/rosanacl.com\\\/aviso-legal\\\/\",\"url\":\"https:\\\/\\\/rosanacl.com\\\/aviso-legal\\\/\",\"name\":\"Aviso Legal - Rosana CL\",\"isPartOf\":{\"@id\":\"https:\\\/\\\/rosanacl.com\\\/ca\\\/#website\"},\"datePublished\":\"2025-03-28T19:03:06+00:00\",\"dateModified\":\"2025-08-01T12:33:36+00:00\",\"breadcrumb\":{\"@id\":\"https:\\\/\\\/rosanacl.com\\\/aviso-legal\\\/#breadcrumb\"},\"inLanguage\":\"cs\",\"potentialAction\":[{\"@type\":\"ReadAction\",\"target\":[\"https:\\\/\\\/rosanacl.com\\\/aviso-legal\\\/\"]}]},{\"@type\":\"BreadcrumbList\",\"@id\":\"https:\\\/\\\/rosanacl.com\\\/aviso-legal\\\/#breadcrumb\",\"itemListElement\":[{\"@type\":\"ListItem\",\"position\":1,\"name\":\"Portada\",\"item\":\"https:\\\/\\\/rosanacl.com\\\/ca\\\/\"},{\"@type\":\"ListItem\",\"position\":2,\"name\":\"Aviso Legal\"}]},{\"@type\":\"WebSite\",\"@id\":\"https:\\\/\\\/rosanacl.com\\\/ca\\\/#website\",\"url\":\"https:\\\/\\\/rosanacl.com\\\/ca\\\/\",\"name\":\"Rosana CL\",\"description\":\"Somos tu interior\",\"potentialAction\":[{\"@type\":\"SearchAction\",\"target\":{\"@type\":\"EntryPoint\",\"urlTemplate\":\"https:\\\/\\\/rosanacl.com\\\/ca\\\/?s={search_term_string}\"},\"query-input\":{\"@type\":\"PropertyValueSpecification\",\"valueRequired\":true,\"valueName\":\"search_term_string\"}}],\"inLanguage\":\"cs\"}]}<\/script>\n<!-- \/ Yoast SEO plugin. -->","yoast_head_json":{"title":"Aviso Legal - Rosana CL","robots":{"index":"index","follow":"follow","max-snippet":"max-snippet:-1","max-image-preview":"max-image-preview:large","max-video-preview":"max-video-preview:-1"},"canonical":"https:\/\/rosanacl.com\/cs\/aviso-legal\/","og_locale":"cs_CZ","og_type":"article","og_title":"Aviso Legal - Rosana CL","og_description":"Responsable del tratamiento de los datos En cumplimiento del deber de informaci\u00f3n que establece la Ley La 34\/2002, de 11 de julio, de Servicios de la Sociedad de la Informaci\u00f3n y del Comercio Electr\u00f3nico, le comunicamos que esta web es titularidad de: Objeto El Responsable pone a disposici\u00f3n de los usuarios este documento con el [&hellip;]","og_url":"https:\/\/rosanacl.com\/cs\/aviso-legal\/","og_site_name":"Rosana CL","article_modified_time":"2025-08-01T12:33:36+00:00","twitter_card":"summary_large_image","twitter_misc":{"Odhadovan\u00e1 doba \u010dten\u00ed":"6 minut"},"schema":{"@context":"https:\/\/schema.org","@graph":[{"@type":"WebPage","@id":"https:\/\/rosanacl.com\/aviso-legal\/","url":"https:\/\/rosanacl.com\/aviso-legal\/","name":"Aviso Legal - Rosana CL","isPartOf":{"@id":"https:\/\/rosanacl.com\/ca\/#website"},"datePublished":"2025-03-28T19:03:06+00:00","dateModified":"2025-08-01T12:33:36+00:00","breadcrumb":{"@id":"https:\/\/rosanacl.com\/aviso-legal\/#breadcrumb"},"inLanguage":"cs","potentialAction":[{"@type":"ReadAction","target":["https:\/\/rosanacl.com\/aviso-legal\/"]}]},{"@type":"BreadcrumbList","@id":"https:\/\/rosanacl.com\/aviso-legal\/#breadcrumb","itemListElement":[{"@type":"ListItem","position":1,"name":"Portada","item":"https:\/\/rosanacl.com\/ca\/"},{"@type":"ListItem","position":2,"name":"Aviso Legal"}]},{"@type":"WebSite","@id":"https:\/\/rosanacl.com\/ca\/#website","url":"https:\/\/rosanacl.com\/ca\/","name":"Rosana CL","description":"Jsme v\u00e1\u0161 interi\u00e9r","potentialAction":[{"@type":"SearchAction","target":{"@type":"EntryPoint","urlTemplate":"https:\/\/rosanacl.com\/ca\/?s={search_term_string}"},"query-input":{"@type":"PropertyValueSpecification","valueRequired":true,"valueName":"search_term_string"}}],"inLanguage":"cs"}]}},"_links":{"self":[{"href":"https:\/\/rosanacl.com\/cs\/wp-json\/wp\/v2\/pages\/18","targetHints":{"allow":["GET"]}}],"collection":[{"href":"https:\/\/rosanacl.com\/cs\/wp-json\/wp\/v2\/pages"}],"about":[{"href":"https:\/\/rosanacl.com\/cs\/wp-json\/wp\/v2\/types\/page"}],"author":[{"embeddable":true,"href":"https:\/\/rosanacl.com\/cs\/wp-json\/wp\/v2\/users\/1"}],"replies":[{"embeddable":true,"href":"https:\/\/rosanacl.com\/cs\/wp-json\/wp\/v2\/comments?post=18"}],"version-history":[{"count":0,"href":"https:\/\/rosanacl.com\/cs\/wp-json\/wp\/v2\/pages\/18\/revisions"}],"wp:attachment":[{"href":"https:\/\/rosanacl.com\/cs\/wp-json\/wp\/v2\/media?parent=18"}],"curies":[{"name":"wp","href":"https:\/\/api.w.org\/{rel}","templated":true}]}}