{"id":21,"date":"2025-03-28T16:06:23","date_gmt":"2025-03-28T19:06:23","guid":{"rendered":"https:\/\/innovacon.simplificandotuweb.com\/?page_id=21"},"modified":"2025-05-10T02:25:08","modified_gmt":"2025-05-10T00:25:08","slug":"declaracion-de-accesibilidad","status":"publish","type":"page","link":"https:\/\/rosanacl.com\/cs\/declaracion-de-accesibilidad\/","title":{"rendered":"Prohl\u00e1\u0161en\u00ed o p\u0159\u00edstupnosti"},"content":{"rendered":"<div data-elementor-type=\"wp-page\" data-elementor-id=\"21\" class=\"elementor elementor-21\" data-elementor-post-type=\"page\">\n\t\t\t\t<div class=\"elementor-element elementor-element-eb41712 e-flex e-con-boxed e-con e-parent\" data-id=\"eb41712\" data-element_type=\"container\" data-e-type=\"container\" data-settings=\"{&quot;background_background&quot;:&quot;classic&quot;}\">\n\t\t\t\t\t<div class=\"e-con-inner\">\n\t\t<div class=\"elementor-element elementor-element-394e804 e-con-full e-flex e-con e-child\" data-id=\"394e804\" data-element_type=\"container\" data-e-type=\"container\">\n\t\t\t\t<div class=\"elementor-element elementor-element-4858173 elementor-widget elementor-widget-heading\" data-id=\"4858173\" data-element_type=\"widget\" data-e-type=\"widget\" data-widget_type=\"heading.default\">\n\t\t\t\t<div class=\"elementor-widget-container\">\n\t\t\t\t\t<h2 class=\"elementor-heading-title elementor-size-default\">Prohl\u00e1\u0161en\u00ed o p\u0159\u00edstupnosti<\/h2>\t\t\t\t<\/div>\n\t\t\t\t<\/div>\n\t\t\t\t<\/div>\n\t\t\t\t\t<\/div>\n\t\t\t\t<\/div>\n\t\t<div class=\"elementor-element elementor-element-3c3c9a51 e-flex e-con-boxed e-con e-parent\" data-id=\"3c3c9a51\" data-element_type=\"container\" data-e-type=\"container\">\n\t\t\t\t\t<div class=\"e-con-inner\">\n\t\t\t\t<div class=\"elementor-element elementor-element-d37677a elementor-widget elementor-widget-text-editor\" data-id=\"d37677a\" data-element_type=\"widget\" data-e-type=\"widget\" data-widget_type=\"text-editor.default\">\n\t\t\t\t<div class=\"elementor-widget-container\">\n\t\t\t\t\t\t\t\t\t\n<p>Spole\u010dnost PABLO ANGULO MASPONS se zavazuje zp\u0159\u00edstupnit sv\u00e9 webov\u00e9 str\u00e1nky v souladu s kr\u00e1lovsk\u00fdm dekretem 1112\/2018 ze dne 7. z\u00e1\u0159\u00ed o p\u0159\u00edstupnosti webov\u00fdch str\u00e1nek a mobiln\u00edch aplikac\u00ed ve ve\u0159ejn\u00e9m sektoru. Toto prohl\u00e1\u0161en\u00ed o p\u0159\u00edstupnosti se vztahuje na tyto webov\u00e9 str\u00e1nky.<\/p>\n\n<p><strong>Stav souladu s p\u0159edpisy<\/strong><\/p>\n\n<p>Tyto webov\u00e9 str\u00e1nky jsou vytvo\u0159eny v souladu s na\u0159\u00edzen\u00edm RD 1112\/2018<\/p>\n\n<p><strong>P\u0159\u00edprava na dal\u0161\u00ed prohl\u00e1\u0161en\u00ed o p\u0159\u00edstupnosti<\/strong><\/p>\n\n<p>Toto prohl\u00e1\u0161en\u00ed bylo vypracov\u00e1no 20. dubna 2023. Metodou pou\u017eitou k jeho p\u0159\u00edprav\u011b bylo sebehodnocen\u00ed.<\/p>\n\n<p><strong>Koment\u00e1\u0159e a kontaktn\u00ed informace<\/strong><\/p>\n\n<p>M\u016f\u017eete podat sd\u011blen\u00ed ohledn\u011b po\u017eadavk\u016f na p\u0159\u00edstupnost (\u010dl\u00e1nek 10.2.a na\u0159\u00edzen\u00ed RD 1112\/2018), nap\u0159\u00edklad:<\/p>\n\n<ul class=\"wp-block-list\">\n<li>Nahlaste jak\u00e9koli potenci\u00e1ln\u00ed naru\u0161en\u00ed bezpe\u010dnosti ze strany t\u011bchto webov\u00fdch str\u00e1nek<\/li>\n\n<li>Uve\u010fte dal\u0161\u00ed pot\u00ed\u017ee s p\u0159\u00edstupem k obsahu<\/li>\n\n<li>Jak\u00fdkoli dal\u0161\u00ed dotaz nebo n\u00e1vrh na zlep\u0161en\u00ed p\u0159\u00edstupnosti webov\u00fdch str\u00e1nek m\u016f\u017eete vzn\u00e9st prost\u0159ednictv\u00edm kontaktn\u00edho formul\u00e1\u0159e na t\u011bchto webov\u00fdch str\u00e1nk\u00e1ch nebo telefonicky na uveden\u00e9m \u010d\u00edsle.\u00a0<\/li>\n<\/ul>\n\n<p>M\u016f\u017eete p\u0159edlo\u017eit:<\/p>\n\n<ul class=\"wp-block-list\">\n<li>St\u00ed\u017enost t\u00fdkaj\u00edc\u00ed se dodr\u017eov\u00e1n\u00ed po\u017eadavk\u016f RD 1112\/2018<\/li>\n\n<li>\u017d\u00e1dost o p\u0159\u00edstupn\u00e9 informace t\u00fdkaj\u00edc\u00ed se:\n<ul class=\"wp-block-list\">\n<li>Obsah, kter\u00fd je vylou\u010den z p\u016fsobnosti na\u0159\u00edzen\u00ed RD 1112\/2018 podle ustanoven\u00ed \u010dl\u00e1nku 3 odd\u00edlu 4<\/li>\n\n<li>Obsah, kter\u00fd je vy\u0148at z po\u017eadavk\u016f na p\u0159\u00edstupnost z d\u016fvodu, \u017ee p\u0159edstavuje nep\u0159im\u011b\u0159enou z\u00e1t\u011b\u017e<\/li>\n\n<li>\u017d\u00e1dost o p\u0159\u00edstupn\u00e9 informace mus\u00ed jasn\u011b uv\u00e1d\u011bt fakta, d\u016fvody a po\u017eadavek, aby se prok\u00e1zalo, \u017ee se jedn\u00e1 o rozumnou a legitimn\u00ed \u017e\u00e1dost.<\/li>\n<\/ul>\n<\/li>\n<\/ul>\n\n<p>St\u00ed\u017enosti a reklamace t\u00fdkaj\u00edc\u00ed se p\u0159\u00edstupn\u00fdch informac\u00ed budou pod\u00e1v\u00e1ny prost\u0159ednictv\u00edm elektronick\u00fdch str\u00e1nek (https:\/\/sede.red.gob.es\/procedimientos\/quejas-y-sugerencias) a budou p\u0159ij\u00edm\u00e1ny a zpracov\u00e1v\u00e1ny odd\u011blen\u00edm informa\u010dn\u00edch syst\u00e9m\u016f Red.es.<\/p>\n\n<p><strong>Voliteln\u00fd obsah<\/strong><\/p>\n\n<ul class=\"wp-block-list\">\n<li>Chcete-li zm\u011bnit velikost p\u00edsma v hlavn\u00edch grafick\u00fdch prohl\u00ed\u017ee\u010d\u00edch, pou\u017eijte n\u00e1sleduj\u00edc\u00ed nab\u00eddky:<\/li>\n\n<li>Safari: Zobrazen\u00ed &gt; Zv\u011bt\u0161it text<\/li>\n\n<li>Chrome: Ovl\u00e1d\u00e1n\u00ed aktu\u00e1ln\u00ed str\u00e1nky &gt; Velikost textu<\/li>\n<\/ul>\n\n<p>Chcete-li zm\u011bnit velikost v\u0161ech prvk\u016f na str\u00e1nce:<\/p>\n\n<ul class=\"wp-block-list\">\n<li>Ctrl++ pro zv\u00fd\u0161en\u00ed<\/li>\n\n<li>Ctrl + \u2013 pro sn\u00ed\u017een\u00ed<\/li>\n\n<li>Ctrl + 0 obnov\u00ed p\u016fvodn\u00ed velikost textu<\/li>\n\n<li>Pokud chcete p\u0159epsat stylov\u00fd list nebo zm\u011bnit barvu textu, m\u016f\u017eete se pod\u00edvat na str\u00e1nku WAI s n\u00e1zvem Jak zm\u011bnit velikost textu nebo barvy, kterou lze do \u0161pan\u011bl\u0161tiny p\u0159e\u010d\u00edst jako Jak zm\u011bnit velikost textu nebo barvy?<\/li>\n<\/ul>\n\t\t\t\t\t\t\t\t<\/div>\n\t\t\t\t<\/div>\n\t\t\t\t\t<\/div>\n\t\t\t\t<\/div>\n\t\t\t\t<\/div>","protected":false},"excerpt":{"rendered":"<p>PABLO ANGULO MASPONS se ha comprometido a hacer accesible su sitio web, conforme al Real Decreto 1112\/2018, de 7 de septiembre, sobre accesibilidad de los sitios web y aplicaciones para dispositivos m\u00f3viles del sector p\u00fablico. Esta declaraci\u00f3n de accesibilidad se aplica a esta web. Situaci\u00f3n de cumplimiento Este sitio web est\u00e1 desarrollado seg\u00fan el RD [&hellip;]<\/p>\n","protected":false},"author":1,"featured_media":0,"parent":0,"menu_order":0,"comment_status":"closed","ping_status":"closed","template":"","meta":{"content-type":"","footnotes":""},"class_list":["post-21","page","type-page","status-publish","hentry"],"yoast_head":"<!-- This site is optimized with the Yoast SEO plugin v27.4 - https:\/\/yoast.com\/product\/yoast-seo-wordpress\/ -->\n<title>Declaraci\u00f3n de Accesibilidad - Rosana CL<\/title>\n<meta name=\"robots\" content=\"index, follow, max-snippet:-1, max-image-preview:large, max-video-preview:-1\" \/>\n<link rel=\"canonical\" href=\"https:\/\/rosanacl.com\/cs\/declaracion-de-accesibilidad\/\" \/>\n<meta property=\"og:locale\" content=\"cs_CZ\" \/>\n<meta property=\"og:type\" content=\"article\" \/>\n<meta property=\"og:title\" content=\"Declaraci\u00f3n de Accesibilidad - Rosana CL\" \/>\n<meta property=\"og:description\" content=\"PABLO ANGULO MASPONS se ha comprometido a hacer accesible su sitio web, conforme al Real Decreto 1112\/2018, de 7 de septiembre, sobre accesibilidad de los sitios web y aplicaciones para dispositivos m\u00f3viles del sector p\u00fablico. Esta declaraci\u00f3n de accesibilidad se aplica a esta web. Situaci\u00f3n de cumplimiento Este sitio web est\u00e1 desarrollado seg\u00fan el RD [&hellip;]\" \/>\n<meta property=\"og:url\" content=\"https:\/\/rosanacl.com\/cs\/declaracion-de-accesibilidad\/\" \/>\n<meta property=\"og:site_name\" content=\"Rosana CL\" \/>\n<meta property=\"article:modified_time\" content=\"2025-05-10T00:25:08+00:00\" \/>\n<meta name=\"twitter:card\" content=\"summary_large_image\" \/>\n<meta name=\"twitter:label1\" content=\"Odhadovan\u00e1 doba \u010dten\u00ed\" \/>\n\t<meta name=\"twitter:data1\" content=\"2 minuty\" \/>\n<script type=\"application\/ld+json\" class=\"yoast-schema-graph\">{\"@context\":\"https:\\\/\\\/schema.org\",\"@graph\":[{\"@type\":\"WebPage\",\"@id\":\"https:\\\/\\\/rosanacl.com\\\/declaracion-de-accesibilidad\\\/\",\"url\":\"https:\\\/\\\/rosanacl.com\\\/declaracion-de-accesibilidad\\\/\",\"name\":\"Declaraci\u00f3n de Accesibilidad - Rosana CL\",\"isPartOf\":{\"@id\":\"https:\\\/\\\/rosanacl.com\\\/ca\\\/#website\"},\"datePublished\":\"2025-03-28T19:06:23+00:00\",\"dateModified\":\"2025-05-10T00:25:08+00:00\",\"breadcrumb\":{\"@id\":\"https:\\\/\\\/rosanacl.com\\\/declaracion-de-accesibilidad\\\/#breadcrumb\"},\"inLanguage\":\"cs\",\"potentialAction\":[{\"@type\":\"ReadAction\",\"target\":[\"https:\\\/\\\/rosanacl.com\\\/declaracion-de-accesibilidad\\\/\"]}]},{\"@type\":\"BreadcrumbList\",\"@id\":\"https:\\\/\\\/rosanacl.com\\\/declaracion-de-accesibilidad\\\/#breadcrumb\",\"itemListElement\":[{\"@type\":\"ListItem\",\"position\":1,\"name\":\"Portada\",\"item\":\"https:\\\/\\\/rosanacl.com\\\/ca\\\/\"},{\"@type\":\"ListItem\",\"position\":2,\"name\":\"Declaraci\u00f3n de Accesibilidad\"}]},{\"@type\":\"WebSite\",\"@id\":\"https:\\\/\\\/rosanacl.com\\\/ca\\\/#website\",\"url\":\"https:\\\/\\\/rosanacl.com\\\/ca\\\/\",\"name\":\"Rosana CL\",\"description\":\"Somos tu interior\",\"potentialAction\":[{\"@type\":\"SearchAction\",\"target\":{\"@type\":\"EntryPoint\",\"urlTemplate\":\"https:\\\/\\\/rosanacl.com\\\/ca\\\/?s={search_term_string}\"},\"query-input\":{\"@type\":\"PropertyValueSpecification\",\"valueRequired\":true,\"valueName\":\"search_term_string\"}}],\"inLanguage\":\"cs\"}]}<\/script>\n<!-- \/ Yoast SEO plugin. -->","yoast_head_json":{"title":"Declaraci\u00f3n de Accesibilidad - Rosana CL","robots":{"index":"index","follow":"follow","max-snippet":"max-snippet:-1","max-image-preview":"max-image-preview:large","max-video-preview":"max-video-preview:-1"},"canonical":"https:\/\/rosanacl.com\/cs\/declaracion-de-accesibilidad\/","og_locale":"cs_CZ","og_type":"article","og_title":"Declaraci\u00f3n de Accesibilidad - Rosana CL","og_description":"PABLO ANGULO MASPONS se ha comprometido a hacer accesible su sitio web, conforme al Real Decreto 1112\/2018, de 7 de septiembre, sobre accesibilidad de los sitios web y aplicaciones para dispositivos m\u00f3viles del sector p\u00fablico. Esta declaraci\u00f3n de accesibilidad se aplica a esta web. Situaci\u00f3n de cumplimiento Este sitio web est\u00e1 desarrollado seg\u00fan el RD [&hellip;]","og_url":"https:\/\/rosanacl.com\/cs\/declaracion-de-accesibilidad\/","og_site_name":"Rosana CL","article_modified_time":"2025-05-10T00:25:08+00:00","twitter_card":"summary_large_image","twitter_misc":{"Odhadovan\u00e1 doba \u010dten\u00ed":"2 minuty"},"schema":{"@context":"https:\/\/schema.org","@graph":[{"@type":"WebPage","@id":"https:\/\/rosanacl.com\/declaracion-de-accesibilidad\/","url":"https:\/\/rosanacl.com\/declaracion-de-accesibilidad\/","name":"Declaraci\u00f3n de Accesibilidad - Rosana CL","isPartOf":{"@id":"https:\/\/rosanacl.com\/ca\/#website"},"datePublished":"2025-03-28T19:06:23+00:00","dateModified":"2025-05-10T00:25:08+00:00","breadcrumb":{"@id":"https:\/\/rosanacl.com\/declaracion-de-accesibilidad\/#breadcrumb"},"inLanguage":"cs","potentialAction":[{"@type":"ReadAction","target":["https:\/\/rosanacl.com\/declaracion-de-accesibilidad\/"]}]},{"@type":"BreadcrumbList","@id":"https:\/\/rosanacl.com\/declaracion-de-accesibilidad\/#breadcrumb","itemListElement":[{"@type":"ListItem","position":1,"name":"Portada","item":"https:\/\/rosanacl.com\/ca\/"},{"@type":"ListItem","position":2,"name":"Declaraci\u00f3n de Accesibilidad"}]},{"@type":"WebSite","@id":"https:\/\/rosanacl.com\/ca\/#website","url":"https:\/\/rosanacl.com\/ca\/","name":"Rosana CL","description":"Jsme v\u00e1\u0161 interi\u00e9r","potentialAction":[{"@type":"SearchAction","target":{"@type":"EntryPoint","urlTemplate":"https:\/\/rosanacl.com\/ca\/?s={search_term_string}"},"query-input":{"@type":"PropertyValueSpecification","valueRequired":true,"valueName":"search_term_string"}}],"inLanguage":"cs"}]}},"_links":{"self":[{"href":"https:\/\/rosanacl.com\/cs\/wp-json\/wp\/v2\/pages\/21","targetHints":{"allow":["GET"]}}],"collection":[{"href":"https:\/\/rosanacl.com\/cs\/wp-json\/wp\/v2\/pages"}],"about":[{"href":"https:\/\/rosanacl.com\/cs\/wp-json\/wp\/v2\/types\/page"}],"author":[{"embeddable":true,"href":"https:\/\/rosanacl.com\/cs\/wp-json\/wp\/v2\/users\/1"}],"replies":[{"embeddable":true,"href":"https:\/\/rosanacl.com\/cs\/wp-json\/wp\/v2\/comments?post=21"}],"version-history":[{"count":0,"href":"https:\/\/rosanacl.com\/cs\/wp-json\/wp\/v2\/pages\/21\/revisions"}],"wp:attachment":[{"href":"https:\/\/rosanacl.com\/cs\/wp-json\/wp\/v2\/media?parent=21"}],"curies":[{"name":"wp","href":"https:\/\/api.w.org\/{rel}","templated":true}]}}