{"id":2566,"date":"2025-07-01T12:13:48","date_gmt":"2025-07-01T10:13:48","guid":{"rendered":"https:\/\/rosanacl.com\/?page_id=2566"},"modified":"2025-12-14T20:43:04","modified_gmt":"2025-12-14T19:43:04","slug":"politica-de-envio","status":"publish","type":"page","link":"https:\/\/rosanacl.com\/cs\/politica-de-envio\/","title":{"rendered":"Z\u00e1sady dopravy"},"content":{"rendered":"<div data-elementor-type=\"wp-page\" data-elementor-id=\"2566\" class=\"elementor elementor-2566\" data-elementor-post-type=\"page\">\n\t\t\t\t<div class=\"elementor-element elementor-element-7a0b207 e-flex e-con-boxed e-con e-parent\" data-id=\"7a0b207\" data-element_type=\"container\" data-e-type=\"container\" data-settings=\"{&quot;background_background&quot;:&quot;classic&quot;}\">\n\t\t\t\t\t<div class=\"e-con-inner\">\n\t\t<div class=\"elementor-element elementor-element-2fcf4bc e-con-full e-flex e-con e-child\" data-id=\"2fcf4bc\" data-element_type=\"container\" data-e-type=\"container\">\n\t\t\t\t<div class=\"elementor-element elementor-element-d10b990 elementor-widget elementor-widget-heading\" data-id=\"d10b990\" data-element_type=\"widget\" data-e-type=\"widget\" data-widget_type=\"heading.default\">\n\t\t\t\t<div class=\"elementor-widget-container\">\n\t\t\t\t\t<h2 class=\"elementor-heading-title elementor-size-default\">Z\u00e1sady dopravy<\/h2>\t\t\t\t<\/div>\n\t\t\t\t<\/div>\n\t\t\t\t<\/div>\n\t\t\t\t\t<\/div>\n\t\t\t\t<\/div>\n\t\t<div class=\"elementor-element elementor-element-eca30f2 e-flex e-con-boxed e-con e-parent\" data-id=\"eca30f2\" data-element_type=\"container\" data-e-type=\"container\">\n\t\t\t\t\t<div class=\"e-con-inner\">\n\t\t\t\t<div class=\"elementor-element elementor-element-8328658 elementor-widget elementor-widget-text-editor\" data-id=\"8328658\" data-element_type=\"widget\" data-e-type=\"widget\" data-widget_type=\"text-editor.default\">\n\t\t\t\t<div class=\"elementor-widget-container\">\n\t\t\t\t\t\t\t\t\t<p>Tyto p\u0159epravn\u00ed podm\u00ednky byly naposledy aktualizov\u00e1ny 01.07.2025 a vztahuj\u00ed se na v\u0161echny n\u00e1kupy uskute\u010dn\u011bn\u00e9 prost\u0159ednictv\u00edm na\u0161ich webov\u00fdch str\u00e1nek: <a href=\"https:\/\/rosanacl.com\/cs\/\">https:\/\/rosanacl.com\/<\/a><\/p>\n<p><!-- \/wp:paragraph --><!-- wp:paragraph --><\/p>\n<p data-start=\"261\" data-end=\"494\">V <strong data-start=\"264\" data-end=\"277\">Rosana CL<\/strong> Zav\u00e1zali jsme se k tomu, \u017ee v\u00e1\u0161 n\u00e1kupn\u00ed z\u00e1\u017eitek bude bezpe\u010dn\u00fd, p\u0159ehledn\u00fd a uspokojiv\u00fd od okam\u017eiku, kdy objedn\u00e1vku zad\u00e1te, a\u017e do jej\u00edho obdr\u017een\u00ed. N\u00ed\u017ee vysv\u011btlujeme v\u0161e, co pot\u0159ebujete v\u011bd\u011bt o na\u0161\u00ed doprav\u011b:<\/p>\n<p data-start=\"105\" data-end=\"384\"><strong data-start=\"105\" data-end=\"131\">1. Doprava po cel\u00e9m sv\u011bt\u011b<\/strong><br data-start=\"131\" data-end=\"134\">Zas\u00edl\u00e1me mezin\u00e1rodn\u011b prakticky do ka\u017ed\u00e9 zem\u011b. A\u0165 u\u017e jste kdekoli, m\u016f\u017eete objedn\u00e1vat s naprostou d\u016fv\u011brou. Spolupracujeme se spolehliv\u00fdmi logistick\u00fdmi spole\u010dnostmi, abychom zajistili v\u010dasn\u00e9 doru\u010den\u00ed va\u0161ich produkt\u016f v perfektn\u00edm stavu.<\/p>\n<p>V Rosana Cl \u0159e\u0161\u00edme ka\u017edou objedn\u00e1vku s p\u00e9\u010d\u00ed a profesionalitou. Proto spolupracujeme s MBE (Mail Boxes Etc.), logistickou spole\u010dnost\u00ed s 2 800 centry v 52 zem\u00edch, co\u017e n\u00e1m umo\u017e\u0148uje nab\u00edzet bezpe\u010dnou a efektivn\u00ed p\u0159epravu v r\u00e1mci cel\u00e9 zem\u011b i mezin\u00e1rodn\u011b. Objedn\u00e1vky jsou doru\u010dov\u00e1ny renomovan\u00fdmi dopravci, jako nap\u0159\u00edklad:<\/p>\n<ul>\n<li>UPS<\/li>\n<li>SEUR<\/li>\n<li>TNT<\/li>\n<li>FEDEX<\/li>\n<li>EXPRESS PO\u0160TA<\/li>\n<li>Atd\u2026<\/li>\n<\/ul>\n<p>V\u0161echny na\u0161e produkty doraz\u00ed bezpe\u010dn\u011b a rychle. To zaji\u0161\u0165uje pe\u010dliv\u00fd a efektivn\u00ed proces p\u0159epravy, kter\u00fd je navr\u017een tak, aby na\u0161im z\u00e1kazn\u00edk\u016fm nab\u00eddl co nejlep\u0161\u00ed z\u00e1\u017eitek.<\/p>\n<p data-start=\"105\" data-end=\"384\"><strong data-start=\"389\" data-end=\"417\">2. Zpracov\u00e1n\u00ed objedn\u00e1vky<\/strong><\/p>\n<p>V\u0161echny objedn\u00e1vky jsou zpracov\u00e1ny po potvrzen\u00ed platby.<br data-start=\"520\" data-end=\"523\"><strong data-start=\"523\" data-end=\"643\">Pokud je objedn\u00e1vka zad\u00e1na r\u00e1no, bude odesl\u00e1na odpoledne. Pokud je zad\u00e1na odpoledne, bude odesl\u00e1na n\u00e1sleduj\u00edc\u00ed den.<\/strong><br data-start=\"643\" data-end=\"646\">B\u011bhem propaga\u010dn\u00edch akc\u00ed, slev nebo jin\u00fdch speci\u00e1ln\u00edch akc\u00ed se m\u016f\u017ee doba zpracov\u00e1n\u00ed m\u00edrn\u011b prodlou\u017eit, ale budeme v\u00e1s o tom v\u017edy informovat.<\/p>\n<p data-start=\"809\" data-end=\"1090\"><strong data-start=\"809\" data-end=\"845\">3. Sledovac\u00ed \u010d\u00edslo<\/strong><br data-start=\"845\" data-end=\"848\">Jakmile bude va\u0161e objedn\u00e1vka odesl\u00e1na, za\u0161leme v\u00e1m sledovac\u00ed \u010d\u00edslo e-mailem nebo prost\u0159ednictv\u00edm komunika\u010dn\u00edho kan\u00e1lu, kter\u00fd jste pou\u017eili p\u0159i n\u00e1kupu.<br data-start=\"1014\" data-end=\"1017\">Stav va\u0161\u00ed z\u00e1silky m\u016f\u017eete sledovat kdykoli a\u017e do jej\u00edho obdr\u017een\u00ed.<\/p>\n<p data-start=\"809\" data-end=\"1090\"><strong data-start=\"1095\" data-end=\"1127\">4. P\u0159edpokl\u00e1dan\u00e9 dodac\u00ed lh\u016fty<\/strong><\/p>\n<p data-start=\"1095\" data-end=\"1291\">Dodac\u00ed lh\u016fty se mohou li\u0161it v z\u00e1vislosti na zemi ur\u010den\u00ed, zvolen\u00e9m zp\u016fsobu dopravy a dal\u0161\u00edch vn\u011bj\u0161\u00edch faktorech (po\u010das\u00ed, celn\u00ed p\u0159edpisy atd.). Pro informaci:<\/p>\n<ul data-start=\"1293\" data-end=\"1530\">\n<li data-start=\"1293\" data-end=\"1342\">\n<p data-start=\"1295\" data-end=\"1342\">Vnitrost\u00e1tn\u00ed z\u00e1silky: <strong data-start=\"1314\" data-end=\"1340\">24 a\u017e 48 pracovn\u00edch hodin.<\/strong><\/p>\n<\/li>\n<li data-start=\"1343\" data-end=\"1434\">\n<p data-start=\"1345\" data-end=\"1434\">Mezin\u00e1rodn\u00ed p\u0159eprava v r\u00e1mci Evropy: <strong data-start=\"1386\" data-end=\"1408\">4 a\u017e 6 pracovn\u00edch dn\u016f<\/strong>, pozemn\u00ed nebo leteckou dopravou.<\/p>\n<\/li>\n<li data-start=\"1435\" data-end=\"1530\">\n<p data-start=\"1437\" data-end=\"1530\">Mezin\u00e1rodn\u00ed z\u00e1silky mimo Evropu (zbytek sv\u011bta): <strong data-start=\"1495\" data-end=\"1518\">8 a\u017e 10 pracovn\u00edch dn\u016f<\/strong>, letecky.<\/p>\n<\/li>\n<\/ul>\n<p>Doru\u010dovac\u00ed slu\u017eba zahrnuje dva pokusy o doru\u010den\u00ed b\u011bhem t\u00e9ho\u017e nebo n\u00e1sleduj\u00edc\u00edho dne. Pokud nelze doru\u010den\u00ed dokon\u010dit z d\u016fvodu chyb\u011bj\u00edc\u00edch nebo nespr\u00e1vn\u00fdch \u00fadaj\u016f o adrese, nebo pokud p\u0159\u00edjemce nen\u00ed p\u0159\u00edtomen, bude proveden t\u0159et\u00ed pokus o doru\u010den\u00ed na nejbli\u017e\u0161\u00ed v\u00fddejn\u00ed m\u00edsto.<\/p>\n<p>Pokud si z\u00e1kazn\u00edk produkt nevyzvedne do 10 dn\u016f, bude bal\u00edk vr\u00e1cen do sklad\u016f, se kter\u00fdmi spolupracujeme v Rosana CL, kter\u00e9 si ode\u010dtou vznikl\u00e9 n\u00e1klady na dopravu a vr\u00e1cen\u00ed.&nbsp;<\/p>\n<p data-start=\"1437\" data-end=\"1530\"><strong>5. N\u00e1klady na dopravu<\/strong><\/p>\n<p data-start=\"1535\" data-end=\"1779\">N\u00e1klady na dopravu se vypo\u010d\u00edt\u00e1vaj\u00ed p\u0159i placen\u00ed na z\u00e1klad\u011b adresy doru\u010den\u00ed a hmotnosti bal\u00edku. Ob\u010das nab\u00edz\u00edme dopravu zdarma do vybran\u00fdch zem\u00ed nebo u objedn\u00e1vek nad ur\u010ditou \u010d\u00e1stku.<\/p>\n<p data-start=\"1535\" data-end=\"1779\">Objedn\u00e1vky nad 59 \u20ac maj\u00ed n\u00e1rok na dopravu zdarma, pouze v r\u00e1mci pevninsk\u00e9ho \u0160pan\u011blska.<\/p>\n<p data-start=\"1535\" data-end=\"1779\">V p\u0159\u00edpad\u011b, \u017ee objedn\u00e1vka mus\u00ed proj\u00edt celn\u00ed kontrolou, ve\u0161ker\u00e9 dodate\u010dn\u00e9 dan\u011b, cla nebo poplatky hrad\u00ed z\u00e1kazn\u00edk.&nbsp;<\/p>\n<p><strong data-start=\"1784\" data-end=\"1815\">6. Cla a m\u00edstn\u00ed dan\u011b<\/strong><br data-start=\"1815\" data-end=\"1818\">U mezin\u00e1rodn\u00edch z\u00e1silek mohou n\u011bkter\u00e9 zem\u011b uplat\u0148ovat dan\u011b nebo cla. Tyto poplatky jsou odpov\u011bdnost\u00ed z\u00e1kazn\u00edka a nejsou zahrnuty v cen\u011b produktu ani v n\u00e1kladech na dopravu.<\/p>\n<p data-start=\"1784\" data-end=\"2026\"><strong data-start=\"2031\" data-end=\"2059\">7. Probl\u00e9my s doru\u010den\u00edm<\/strong><\/p>\n<p>Pokud se v\u00e1\u0161 bal\u00ed\u010dek zpozd\u00ed nebo m\u00e1 n\u011bjak\u00e9 probl\u00e9my, m\u016f\u017eete n\u00e1s kontaktovat p\u0159\u00edmo a my v\u00e1m pom\u016f\u017eeme probl\u00e9m co nejrychleji vy\u0159e\u0161it.<\/p>\n<p>Pokud m\u00e1te jak\u00e9koli dotazy nebo pot\u0159ebujete pomoc s va\u0161\u00ed z\u00e1silkou, nev\u00e1hejte n\u00e1s kontaktovat prost\u0159ednictv\u00edm na\u0161eho kontaktn\u00edho formul\u00e1\u0159e nebo e-mailem: &nbsp;<a href=\"mailto:info@rosanacl.com\">info@rosanacl.com<\/a><br data-start=\"2620\" data-end=\"2623\">D\u011bkujeme za va\u0161i d\u016fv\u011bru. <strong data-start=\"2646\" data-end=\"2659\">Rosana CL<\/strong>.<\/p>\n<h4><b>POZN\u00c1MKA: Informujeme na\u0161e z\u00e1kazn\u00edky, \u017ee z d\u016fvodu pr\u00e1zdnin na\u0161\u00ed dodavatelsk\u00e9 spole\u010dnosti m\u016f\u017ee v srpnu doj\u00edt ke zpo\u017ed\u011bn\u00ed dod\u00e1vek a dostupnosti zbo\u017e\u00ed na sklad\u011b.<\/b><\/h4>\t\t\t\t\t\t\t\t<\/div>\n\t\t\t\t<\/div>\n\t\t\t\t\t<\/div>\n\t\t\t\t<\/div>\n\t\t\t\t<\/div>","protected":false},"excerpt":{"rendered":"<p>Esta pol\u00edtica de env\u00edos fue actualizada por \u00faltima vez el 01\/07\/2025 y se aplica a todas las compras realizadas a trav\u00e9s de nuestra web: https:\/\/rosanacl.com\/ En Rosana CL nos comprometemos a que tu experiencia de compra sea segura, clara y satisfactoria desde el primer momento hasta que recibas tu pedido. A continuaci\u00f3n, te explicamos todo [&hellip;]<\/p>\n","protected":false},"author":1,"featured_media":0,"parent":0,"menu_order":0,"comment_status":"closed","ping_status":"closed","template":"","meta":{"content-type":"","footnotes":""},"class_list":["post-2566","page","type-page","status-publish","hentry"],"yoast_head":"<!-- This site is optimized with the Yoast SEO plugin v27.4 - https:\/\/yoast.com\/product\/yoast-seo-wordpress\/ -->\n<title>Pol\u00edtica de Env\u00edo - Rosana CL<\/title>\n<meta name=\"robots\" content=\"index, follow, max-snippet:-1, max-image-preview:large, max-video-preview:-1\" \/>\n<link rel=\"canonical\" href=\"https:\/\/rosanacl.com\/cs\/politica-de-envio\/\" \/>\n<meta property=\"og:locale\" content=\"cs_CZ\" \/>\n<meta property=\"og:type\" content=\"article\" \/>\n<meta property=\"og:title\" content=\"Pol\u00edtica de Env\u00edo - Rosana CL\" \/>\n<meta property=\"og:description\" content=\"Esta pol\u00edtica de env\u00edos fue actualizada por \u00faltima vez el 01\/07\/2025 y se aplica a todas las compras realizadas a trav\u00e9s de nuestra web: https:\/\/rosanacl.com\/ En Rosana CL nos comprometemos a que tu experiencia de compra sea segura, clara y satisfactoria desde el primer momento hasta que recibas tu pedido. A continuaci\u00f3n, te explicamos todo [&hellip;]\" \/>\n<meta property=\"og:url\" content=\"https:\/\/rosanacl.com\/cs\/politica-de-envio\/\" \/>\n<meta property=\"og:site_name\" content=\"Rosana CL\" \/>\n<meta property=\"article:modified_time\" content=\"2025-12-14T19:43:04+00:00\" \/>\n<meta name=\"twitter:card\" content=\"summary_large_image\" \/>\n<meta name=\"twitter:label1\" content=\"Odhadovan\u00e1 doba \u010dten\u00ed\" \/>\n\t<meta name=\"twitter:data1\" content=\"4 minuty\" \/>\n<script type=\"application\/ld+json\" class=\"yoast-schema-graph\">{\"@context\":\"https:\\\/\\\/schema.org\",\"@graph\":[{\"@type\":\"WebPage\",\"@id\":\"https:\\\/\\\/rosanacl.com\\\/uk\\\/politica-de-envio\\\/\",\"url\":\"https:\\\/\\\/rosanacl.com\\\/uk\\\/politica-de-envio\\\/\",\"name\":\"Pol\u00edtica de Env\u00edo - Rosana CL\",\"isPartOf\":{\"@id\":\"https:\\\/\\\/rosanacl.com\\\/ca\\\/#website\"},\"datePublished\":\"2025-07-01T10:13:48+00:00\",\"dateModified\":\"2025-12-14T19:43:04+00:00\",\"breadcrumb\":{\"@id\":\"https:\\\/\\\/rosanacl.com\\\/uk\\\/politica-de-envio\\\/#breadcrumb\"},\"inLanguage\":\"cs\",\"potentialAction\":[{\"@type\":\"ReadAction\",\"target\":[\"https:\\\/\\\/rosanacl.com\\\/uk\\\/politica-de-envio\\\/\"]}]},{\"@type\":\"BreadcrumbList\",\"@id\":\"https:\\\/\\\/rosanacl.com\\\/uk\\\/politica-de-envio\\\/#breadcrumb\",\"itemListElement\":[{\"@type\":\"ListItem\",\"position\":1,\"name\":\"Portada\",\"item\":\"https:\\\/\\\/rosanacl.com\\\/ca\\\/\"},{\"@type\":\"ListItem\",\"position\":2,\"name\":\"Pol\u00edtica de Env\u00edo\"}]},{\"@type\":\"WebSite\",\"@id\":\"https:\\\/\\\/rosanacl.com\\\/ca\\\/#website\",\"url\":\"https:\\\/\\\/rosanacl.com\\\/ca\\\/\",\"name\":\"Rosana CL\",\"description\":\"Somos tu interior\",\"potentialAction\":[{\"@type\":\"SearchAction\",\"target\":{\"@type\":\"EntryPoint\",\"urlTemplate\":\"https:\\\/\\\/rosanacl.com\\\/ca\\\/?s={search_term_string}\"},\"query-input\":{\"@type\":\"PropertyValueSpecification\",\"valueRequired\":true,\"valueName\":\"search_term_string\"}}],\"inLanguage\":\"cs\"}]}<\/script>\n<!-- \/ Yoast SEO plugin. -->","yoast_head_json":{"title":"Pol\u00edtica de Env\u00edo - Rosana CL","robots":{"index":"index","follow":"follow","max-snippet":"max-snippet:-1","max-image-preview":"max-image-preview:large","max-video-preview":"max-video-preview:-1"},"canonical":"https:\/\/rosanacl.com\/cs\/politica-de-envio\/","og_locale":"cs_CZ","og_type":"article","og_title":"Pol\u00edtica de Env\u00edo - Rosana CL","og_description":"Esta pol\u00edtica de env\u00edos fue actualizada por \u00faltima vez el 01\/07\/2025 y se aplica a todas las compras realizadas a trav\u00e9s de nuestra web: https:\/\/rosanacl.com\/ En Rosana CL nos comprometemos a que tu experiencia de compra sea segura, clara y satisfactoria desde el primer momento hasta que recibas tu pedido. A continuaci\u00f3n, te explicamos todo [&hellip;]","og_url":"https:\/\/rosanacl.com\/cs\/politica-de-envio\/","og_site_name":"Rosana CL","article_modified_time":"2025-12-14T19:43:04+00:00","twitter_card":"summary_large_image","twitter_misc":{"Odhadovan\u00e1 doba \u010dten\u00ed":"4 minuty"},"schema":{"@context":"https:\/\/schema.org","@graph":[{"@type":"WebPage","@id":"https:\/\/rosanacl.com\/uk\/politica-de-envio\/","url":"https:\/\/rosanacl.com\/uk\/politica-de-envio\/","name":"Pol\u00edtica de Env\u00edo - Rosana CL","isPartOf":{"@id":"https:\/\/rosanacl.com\/ca\/#website"},"datePublished":"2025-07-01T10:13:48+00:00","dateModified":"2025-12-14T19:43:04+00:00","breadcrumb":{"@id":"https:\/\/rosanacl.com\/uk\/politica-de-envio\/#breadcrumb"},"inLanguage":"cs","potentialAction":[{"@type":"ReadAction","target":["https:\/\/rosanacl.com\/uk\/politica-de-envio\/"]}]},{"@type":"BreadcrumbList","@id":"https:\/\/rosanacl.com\/uk\/politica-de-envio\/#breadcrumb","itemListElement":[{"@type":"ListItem","position":1,"name":"Portada","item":"https:\/\/rosanacl.com\/ca\/"},{"@type":"ListItem","position":2,"name":"Pol\u00edtica de Env\u00edo"}]},{"@type":"WebSite","@id":"https:\/\/rosanacl.com\/ca\/#website","url":"https:\/\/rosanacl.com\/ca\/","name":"Rosana CL","description":"Jsme v\u00e1\u0161 interi\u00e9r","potentialAction":[{"@type":"SearchAction","target":{"@type":"EntryPoint","urlTemplate":"https:\/\/rosanacl.com\/ca\/?s={search_term_string}"},"query-input":{"@type":"PropertyValueSpecification","valueRequired":true,"valueName":"search_term_string"}}],"inLanguage":"cs"}]}},"_links":{"self":[{"href":"https:\/\/rosanacl.com\/cs\/wp-json\/wp\/v2\/pages\/2566","targetHints":{"allow":["GET"]}}],"collection":[{"href":"https:\/\/rosanacl.com\/cs\/wp-json\/wp\/v2\/pages"}],"about":[{"href":"https:\/\/rosanacl.com\/cs\/wp-json\/wp\/v2\/types\/page"}],"author":[{"embeddable":true,"href":"https:\/\/rosanacl.com\/cs\/wp-json\/wp\/v2\/users\/1"}],"replies":[{"embeddable":true,"href":"https:\/\/rosanacl.com\/cs\/wp-json\/wp\/v2\/comments?post=2566"}],"version-history":[{"count":6,"href":"https:\/\/rosanacl.com\/cs\/wp-json\/wp\/v2\/pages\/2566\/revisions"}],"predecessor-version":[{"id":4647,"href":"https:\/\/rosanacl.com\/cs\/wp-json\/wp\/v2\/pages\/2566\/revisions\/4647"}],"wp:attachment":[{"href":"https:\/\/rosanacl.com\/cs\/wp-json\/wp\/v2\/media?parent=2566"}],"curies":[{"name":"wp","href":"https:\/\/api.w.org\/{rel}","templated":true}]}}