{"id":2897,"date":"2025-07-18T11:17:45","date_gmt":"2025-07-18T09:17:45","guid":{"rendered":"https:\/\/rosanacl.com\/?page_id=2897"},"modified":"2025-07-25T08:13:14","modified_gmt":"2025-07-25T06:13:14","slug":"lenceria-selene","status":"publish","type":"page","link":"https:\/\/rosanacl.com\/cs\/lenceria-selene\/","title":{"rendered":"Spodn\u00ed pr\u00e1dlo Selene"},"content":{"rendered":"<div data-elementor-type=\"wp-page\" data-elementor-id=\"2897\" class=\"elementor elementor-2897\" data-elementor-post-type=\"page\">\n\t\t\t\t<div class=\"elementor-element elementor-element-171998c7 e-flex e-con-boxed e-con e-parent\" data-id=\"171998c7\" data-element_type=\"container\" data-e-type=\"container\">\n\t\t\t\t\t<div class=\"e-con-inner\">\n\t\t\t\t<div class=\"elementor-element elementor-element-6575351f elementor-widget elementor-widget-text-editor\" data-id=\"6575351f\" data-element_type=\"widget\" data-e-type=\"widget\" data-widget_type=\"text-editor.default\">\n\t\t\t\t<div class=\"elementor-widget-container\">\n\t\t\t\t\t\t\t\t\t\n<p><\/p>\n\n\n\n<p><\/p>\n\t\t\t\t\t\t\t\t<\/div>\n\t\t\t\t<\/div>\n\t\t\t\t\t<\/div>\n\t\t\t\t<\/div>\n\t\t<div class=\"elementor-element elementor-element-cf7d341 e-flex e-con-boxed e-con e-parent\" data-id=\"cf7d341\" data-element_type=\"container\" data-e-type=\"container\">\n\t\t\t\t\t<div class=\"e-con-inner\">\n\t\t\t\t<div class=\"elementor-element elementor-element-1f1d080 elementor-widget elementor-widget-heading\" data-id=\"1f1d080\" data-element_type=\"widget\" data-e-type=\"widget\" data-widget_type=\"heading.default\">\n\t\t\t\t<div class=\"elementor-widget-container\">\n\t\t\t\t\t<h2 class=\"elementor-heading-title elementor-size-default\">Spodn\u00ed pr\u00e1dlo Selene<\/h2>\t\t\t\t<\/div>\n\t\t\t\t<\/div>\n\t\t\t\t\t<\/div>\n\t\t\t\t<\/div>\n\t\t<div class=\"elementor-element elementor-element-dc1921d e-flex e-con-boxed e-con e-parent\" data-id=\"dc1921d\" data-element_type=\"container\" data-e-type=\"container\">\n\t\t\t\t\t<div class=\"e-con-inner\">\n\t\t<div class=\"elementor-element elementor-element-d19616f e-con-full e-flex e-con e-child\" data-id=\"d19616f\" data-element_type=\"container\" data-e-type=\"container\">\n\t\t\t\t<div class=\"elementor-element elementor-element-8ba1404 elementor-widget elementor-widget-text-editor\" data-id=\"8ba1404\" data-element_type=\"widget\" data-e-type=\"widget\" data-widget_type=\"text-editor.default\">\n\t\t\t\t<div class=\"elementor-widget-container\">\n\t\t\t\t\t\t\t\t\t<h3 data-start=\"328\" data-end=\"397\">Spodn\u00ed pr\u00e1dlo Selene: Pohodl\u00ed a elegance\u00a0<\/h3>\n<p data-start=\"399\" data-end=\"848\">Ten\/Ta\/To <strong data-start=\"402\" data-end=\"421\">Spodn\u00ed pr\u00e1dlo Selene<\/strong> Selene se etablovala jako jedna z nejuzn\u00e1van\u011bj\u0161\u00edch \u0161pan\u011blsk\u00fdch zna\u010dek d\u00e1msk\u00e9ho spodn\u00edho pr\u00e1dla. D\u00edky des\u00edtk\u00e1m let zku\u0161enost\u00ed a siln\u00e9mu z\u00e1vazku k dom\u00e1c\u00ed v\u00fdrob\u011b navrhuje Selene od\u011bvy, kter\u00e9 kombinuj\u00ed estetiku, funk\u010dnost a bezchybn\u00fd st\u0159ih. Ka\u017ed\u00fd styl je vytvo\u0159en s ohledem na skute\u010dn\u00e9 \u017eensk\u00e9 t\u011blo s vyu\u017eit\u00edm chytr\u00fdch st\u0159ih\u016f, vysoce kvalitn\u00edch l\u00e1tek a detail\u016f, kter\u00e9 d\u011blaj\u00ed ten nejv\u011bt\u0161\u00ed rozd\u00edl.<\/p>\n<p data-start=\"850\" data-end=\"1244\">V Rosana CL, specializovan\u00e9 prodejn\u011b s v\u00edce ne\u017e 40 lety zku\u0161enost\u00ed, maj\u00ed hlubok\u00e9 znalosti katalogu <strong data-start=\"958\" data-end=\"977\">Spodn\u00ed pr\u00e1dlo Selene<\/strong> Nab\u00edzej\u00ed pe\u010dliv\u011b vybran\u00fd v\u00fdb\u011br podprsenek, kalhotek a body, kter\u00e9 uspokoj\u00ed pot\u0159eby ka\u017ed\u00e9 \u017eeny. Exkluzivn\u00ed spolupr\u00e1ce se Selene nen\u00ed n\u00e1hoda: ob\u011b zna\u010dky sd\u00edlej\u00ed stejn\u00e9 hodnoty, jako je oddanost, elegance a respekt k \u017eensk\u00e9mu t\u011blu.<\/p>\n<p data-start=\"1246\" data-end=\"1475\">Kdy\u017e si vyberete <strong data-start=\"1260\" data-end=\"1279\">Spodn\u00ed pr\u00e1dlo Selene<\/strong> V Rosana CL si nekupujete jen dal\u0161\u00ed od\u011bv: investujete do trval\u00e9ho pohodl\u00ed, designu vytvo\u0159en\u00e9ho pro v\u00e1s a osobn\u00ed pozornosti, kter\u00e1 je patrn\u00e1 v ka\u017ed\u00e9m kroku n\u00e1kupn\u00edho procesu.<\/p>\t\t\t\t\t\t\t\t<\/div>\n\t\t\t\t<\/div>\n\t\t\t\t<\/div>\n\t\t<div class=\"elementor-element elementor-element-5568f8b e-con-full e-flex e-con e-child\" data-id=\"5568f8b\" data-element_type=\"container\" data-e-type=\"container\">\n\t\t\t\t<div class=\"elementor-element elementor-element-980debe elementor-widget elementor-widget-image\" data-id=\"980debe\" data-element_type=\"widget\" data-e-type=\"widget\" data-widget_type=\"image.default\">\n\t\t\t\t<div class=\"elementor-widget-container\">\n\t\t\t\t\t\t\t\t\t\t\t\t\t\t\t<img fetchpriority=\"high\" decoding=\"async\" width=\"800\" height=\"566\" src=\"https:\/\/rosanacl.com\/wp-content\/uploads\/2025\/07\/sujetador-reductor-sin-tirantes-1024x724.jpg\" class=\"attachment-large size-large wp-image-2864\" alt=\"\" srcset=\"https:\/\/rosanacl.com\/wp-content\/uploads\/2025\/07\/sujetador-reductor-sin-tirantes-1024x724.jpg 1024w, https:\/\/rosanacl.com\/wp-content\/uploads\/2025\/07\/sujetador-reductor-sin-tirantes-300x212.jpg 300w, https:\/\/rosanacl.com\/wp-content\/uploads\/2025\/07\/sujetador-reductor-sin-tirantes-768x543.jpg 768w, https:\/\/rosanacl.com\/wp-content\/uploads\/2025\/07\/sujetador-reductor-sin-tirantes-1536x1086.jpg 1536w, https:\/\/rosanacl.com\/wp-content\/uploads\/2025\/07\/sujetador-reductor-sin-tirantes-18x12.jpg 18w, https:\/\/rosanacl.com\/wp-content\/uploads\/2025\/07\/sujetador-reductor-sin-tirantes-600x424.jpg 600w, https:\/\/rosanacl.com\/wp-content\/uploads\/2025\/07\/sujetador-reductor-sin-tirantes.jpg 2000w\" sizes=\"(max-width: 800px) 100vw, 800px\" \/>\t\t\t\t\t\t\t\t\t\t\t\t\t\t\t<\/div>\n\t\t\t\t<\/div>\n\t\t\t\t<\/div>\n\t\t\t\t\t<\/div>\n\t\t\t\t<\/div>\n\t\t<div class=\"elementor-element elementor-element-5e380fb e-flex e-con-boxed e-con e-parent\" data-id=\"5e380fb\" data-element_type=\"container\" data-e-type=\"container\">\n\t\t\t\t\t<div class=\"e-con-inner\">\n\t\t<div class=\"elementor-element elementor-element-a763375 e-con-full e-flex e-con e-child\" data-id=\"a763375\" data-element_type=\"container\" data-e-type=\"container\">\n\t\t\t\t<div class=\"elementor-element elementor-element-a8aecc4 elementor-widget elementor-widget-image\" data-id=\"a8aecc4\" data-element_type=\"widget\" data-e-type=\"widget\" data-widget_type=\"image.default\">\n\t\t\t\t<div class=\"elementor-widget-container\">\n\t\t\t\t\t\t\t\t\t\t\t\t\t\t\t<img decoding=\"async\" width=\"700\" height=\"750\" src=\"https:\/\/rosanacl.com\/wp-content\/uploads\/2025\/04\/5-956x1024.jpg\" class=\"attachment-large size-large wp-image-2357\" alt=\"\" srcset=\"https:\/\/rosanacl.com\/wp-content\/uploads\/2025\/04\/5-956x1024.jpg 956w, https:\/\/rosanacl.com\/wp-content\/uploads\/2025\/04\/5-11x12.jpg 11w, https:\/\/rosanacl.com\/wp-content\/uploads\/2025\/04\/5-280x300.jpg 280w, https:\/\/rosanacl.com\/wp-content\/uploads\/2025\/04\/5-768x823.jpg 768w, https:\/\/rosanacl.com\/wp-content\/uploads\/2025\/04\/5-600x643.jpg 600w, https:\/\/rosanacl.com\/wp-content\/uploads\/2025\/04\/5.jpg 1244w\" sizes=\"(max-width: 700px) 100vw, 700px\" \/>\t\t\t\t\t\t\t\t\t\t\t\t\t\t\t<\/div>\n\t\t\t\t<\/div>\n\t\t\t\t<\/div>\n\t\t<div class=\"elementor-element elementor-element-b02b1e9 e-con-full e-flex e-con e-child\" data-id=\"b02b1e9\" data-element_type=\"container\" data-e-type=\"container\">\n\t\t\t\t<div class=\"elementor-element elementor-element-e25a6f0 elementor-widget elementor-widget-text-editor\" data-id=\"e25a6f0\" data-element_type=\"widget\" data-e-type=\"widget\" data-widget_type=\"text-editor.default\">\n\t\t\t\t<div class=\"elementor-widget-container\">\n\t\t\t\t\t\t\t\t\t<h3 data-start=\"1477\" data-end=\"1545\">Pro\u010d je Rosana CL ide\u00e1ln\u00edm m\u00edstem pro n\u00e1kup spodn\u00edho pr\u00e1dla Selene<\/h3>\n<p data-start=\"1547\" data-end=\"1924\">Ne v\u0161echny obchody nab\u00edzej\u00ed stejnou \u00farove\u0148 znalost\u00ed nebo z\u00e1vazku p\u0159i prodeji <strong data-start=\"1634\" data-end=\"1653\">Spodn\u00ed pr\u00e1dlo Selene<\/strong>V Rosana CL je ka\u017ed\u00fd produkt testov\u00e1n, analyzov\u00e1n a vybr\u00e1n t\u00fdmem odborn\u00edk\u016f, kte\u0159\u00ed v\u011bd\u00ed, co funguje a co ne. Jejich zku\u0161enosti s korzetov\u00fdm zbo\u017e\u00edm jim umo\u017e\u0148uj\u00ed doporu\u010dit spr\u00e1vn\u00fd styl na z\u00e1klad\u011b velikosti, tvaru postavy a zam\u00fd\u0161len\u00e9ho pou\u017eit\u00ed.<\/p>\n<p data-start=\"1926\" data-end=\"2268\">Rosana CL se nav\u00edc star\u00e1 o ka\u017ed\u00fd detail: od jasn\u00fdch popis\u016f produkt\u016f a p\u0159esn\u00fdch tabulek velikost\u00ed a\u017e po p\u0159\u00e1telsk\u00fd z\u00e1kaznick\u00fd servis a pe\u010dlivou p\u0159\u00edpravu ka\u017ed\u00e9 objedn\u00e1vky. Nakupujte hned! <strong data-start=\"2141\" data-end=\"2160\">Spodn\u00ed pr\u00e1dlo Selene<\/strong> V tomto obchod\u011b se jedn\u00e1 o komplexn\u00ed z\u00e1\u017eitek, kde se z\u00e1kazn\u00edk c\u00edt\u00ed vysly\u0161en, pochopen a podporov\u00e1n.<\/p>\n<p data-start=\"2270\" data-end=\"2642\">Katalog obsahuje \u0161irokou \u0161k\u00e1lu podprsenek s kosticemi i bez kostic, minimizer podprsenek, podprsenek bez ram\u00ednek, kalhotek v r\u016fzn\u00fdch stylech a elegantn\u00edch a funk\u010dn\u00edch body. V\u0161echny jsou vyrobeny ve \u0160pan\u011blsku z odoln\u00fdch, m\u011bkk\u00fdch a p\u0159izp\u016fsobiv\u00fdch materi\u00e1l\u016f. Ka\u017ed\u00fd kus od\u011bvu odr\u00e1\u017e\u00ed odborn\u00e9 znalosti zna\u010dky, kter\u00e1 respektuje \u017eeny a rozum\u00ed jejich pot\u0159eb\u00e1m v ka\u017ed\u00e9 f\u00e1zi \u017eivota.<\/p>\t\t\t\t\t\t\t\t<\/div>\n\t\t\t\t<\/div>\n\t\t\t\t<\/div>\n\t\t\t\t\t<\/div>\n\t\t\t\t<\/div>\n\t\t<div class=\"elementor-element elementor-element-495e863 e-flex e-con-boxed e-con e-parent\" data-id=\"495e863\" data-element_type=\"container\" data-e-type=\"container\">\n\t\t\t\t\t<div class=\"e-con-inner\">\n\t\t\t\t<div class=\"elementor-element elementor-element-fe47ba3 elementor-widget elementor-widget-text-editor\" data-id=\"fe47ba3\" data-element_type=\"widget\" data-e-type=\"widget\" data-widget_type=\"text-editor.default\">\n\t\t\t\t<div class=\"elementor-widget-container\">\n\t\t\t\t\t\t\t\t\t<h3 data-start=\"2644\" data-end=\"2729\">Selene Lingerie online s Rosanou CL: d\u016fv\u011bra, rychlost a osobn\u00ed p\u0159\u00edstup<\/h3>\n<p data-start=\"2731\" data-end=\"3082\">D\u00edky sv\u00e9 digit\u00e1ln\u00ed platform\u011b Rosana CL usnad\u0148uje p\u0159\u00edstup k <strong data-start=\"2798\" data-end=\"2817\">Spodn\u00ed pr\u00e1dlo Selene<\/strong> Odkudkoli ve \u0160pan\u011blsku. Jejich internetov\u00fd obchod je navr\u017een tak, aby nab\u00edzel snadn\u00fd, bezpe\u010dn\u00fd a p\u0159ehledn\u00fd z\u00e1\u017eitek. Sta\u010d\u00ed p\u00e1r kliknut\u00ed a najdete model, kter\u00fd hled\u00e1te, zkontrolujete jeho vlastnosti, porovn\u00e1te velikosti a s naprost\u00fdm klidem si objedn\u00e1te.<\/p>\n<p data-start=\"3084\" data-end=\"3364\">T\u00fdm je nav\u00edc k dispozici a zodpov\u00ed ve\u0161ker\u00e9 dotazy, a\u0165 u\u017e e-mailem nebo telefonicky, co\u017e zaji\u0161\u0165uje lidsk\u00fd p\u0159\u00edstup, kter\u00fd p\u0159i online nakupov\u00e1n\u00ed \u010dasto chyb\u00ed. Doprava je rychl\u00e1 a diskr\u00e9tn\u00ed a kvalita produkt\u016f je zaru\u010dena od prvn\u00edho pou\u017eit\u00ed.<\/p>\n<p data-start=\"3366\" data-end=\"3711\">Zkr\u00e1tka, pokud hled\u00e1te <strong data-start=\"3399\" data-end=\"3418\">Spodn\u00ed pr\u00e1dlo Selene<\/strong> Pokud hled\u00e1te n\u011bco, co skute\u010dn\u011b spln\u00ed va\u0161e o\u010dek\u00e1v\u00e1n\u00ed, a to jak v designu, tak i v funk\u010dnosti, Rosana CL je va\u0161\u00edm nejlep\u0161\u00edm spojencem. Jejich zku\u0161enosti, zam\u011b\u0159en\u00ed na skute\u010dn\u00e9 \u017eeny a z\u00e1vazek ke kvalit\u011b d\u011blaj\u00ed z tohoto obchodu obl\u00edbenou destinaci pro ty, kte\u0159\u00ed se cht\u011bj\u00ed c\u00edtit dob\u0159e uvnit\u0159 i venku.<\/p>\t\t\t\t\t\t\t\t<\/div>\n\t\t\t\t<\/div>\n\t\t\t\t\t<\/div>\n\t\t\t\t<\/div>\n\t\t<div class=\"elementor-element elementor-element-d05ed3a e-flex e-con-boxed e-con e-parent\" data-id=\"d05ed3a\" data-element_type=\"container\" data-e-type=\"container\">\n\t\t\t\t\t<div class=\"e-con-inner\">\n\t\t\t\t<div class=\"elementor-element elementor-element-b883e86 elementor-widget elementor-widget-heading\" data-id=\"b883e86\" data-element_type=\"widget\" data-e-type=\"widget\" data-widget_type=\"heading.default\">\n\t\t\t\t<div class=\"elementor-widget-container\">\n\t\t\t\t\t<h2 class=\"elementor-heading-title elementor-size-default\">Kontaktujte n\u00e1s <\/h2>\t\t\t\t<\/div>\n\t\t\t\t<\/div>\n\t\t\t\t\t<\/div>\n\t\t\t\t<\/div>\n\t\t<div class=\"elementor-element elementor-element-00e20e2 e-flex e-con-boxed e-con e-parent\" data-id=\"00e20e2\" data-element_type=\"container\" data-e-type=\"container\">\n\t\t\t\t\t<div class=\"e-con-inner\">\n\t\t<div class=\"elementor-element elementor-element-8ad8f7b e-con-full e-flex e-con e-child\" data-id=\"8ad8f7b\" data-element_type=\"container\" data-e-type=\"container\">\n\t\t\t\t<div class=\"elementor-element elementor-element-888944a elementor-widget__width-initial elementor-widget elementor-widget-elementskit-contact-form7\" data-id=\"888944a\" data-element_type=\"widget\" data-e-type=\"widget\" data-widget_type=\"elementskit-contact-form7.default\">\n\t\t\t\t<div class=\"elementor-widget-container\">\n\t\t\t\t\t<div class=\"ekit-wid-con\" ><div class=\"ekit-form\">\n<div class=\"wpcf7 no-js\" id=\"wpcf7-f48-o1\" lang=\"es-ES\" dir=\"ltr\" data-wpcf7-id=\"48\">\n<div class=\"screen-reader-response\"><p role=\"status\" aria-live=\"polite\" aria-atomic=\"true\"><\/p> <ul><\/ul><\/div>\n<form action=\"\/de\/wp-json\/wp\/v2\/pages\/2897#wpcf7-f48-o1\" method=\"post\" class=\"wpcf7-form init\" aria-label=\"Kontaktn\u00ed formul\u00e1\u0159\" novalidate=\"novalidate\" data-status=\"init\" data-trp-original-action=\"\/de\/wp-json\/wp\/v2\/pages\/2897#wpcf7-f48-o1\">\n<fieldset class=\"hidden-fields-container\"><input type=\"hidden\" name=\"_wpcf7\" value=\"48\" \/><input type=\"hidden\" name=\"_wpcf7_version\" value=\"6.1.5\" \/><input type=\"hidden\" name=\"_wpcf7_locale\" value=\"es_ES\" \/><input type=\"hidden\" name=\"_wpcf7_unit_tag\" value=\"wpcf7-f48-o1\" \/><input type=\"hidden\" name=\"_wpcf7_container_post\" value=\"0\" \/><input type=\"hidden\" name=\"_wpcf7_posted_data_hash\" value=\"\" \/><input type=\"hidden\" name=\"_wpcf7_recaptcha_response\" value=\"\" \/>\n<\/fieldset>\n<div class=\"form-row\">\n\t<div class=\"form-column\">\n\t\t<p><span class=\"wpcf7-form-control-wrap\" data-name=\"nombre\"><input size=\"40\" maxlength=\"400\" class=\"wpcf7-form-control wpcf7-text wpcf7-validates-as-required\" aria-required=\"true\" aria-invalid=\"false\" placeholder=\"Jm\u00e9no\" value=\"\" type=\"text\" name=\"nombre\" \/><\/span>\n\t\t<\/p>\n\t<\/div>\n\t<div class=\"form-column\">\n\t\t<p><span class=\"wpcf7-form-control-wrap\" data-name=\"telefono\"><input size=\"40\" maxlength=\"400\" class=\"wpcf7-form-control wpcf7-tel wpcf7-validates-as-required wpcf7-text wpcf7-validates-as-tel\" aria-required=\"true\" aria-invalid=\"false\" placeholder=\"Telefon *\" value=\"\" type=\"tel\" name=\"telefono\" \/><\/span>\n\t\t<\/p>\n\t<\/div>\n<\/div>\n<div class=\"form-row\">\n\t<div class=\"form-column\">\n\t\t<p><span class=\"wpcf7-form-control-wrap\" data-name=\"email\"><input size=\"40\" maxlength=\"400\" class=\"wpcf7-form-control wpcf7-email wpcf7-validates-as-required wpcf7-text wpcf7-validates-as-email\" aria-required=\"true\" aria-invalid=\"false\" placeholder=\"E-mail *\" value=\"\" type=\"email\" name=\"email\" \/><\/span>\n\t\t<\/p>\n\t<\/div>\n\t<div class=\"form-column\">\n\t\t<p><span class=\"wpcf7-form-control-wrap\" data-name=\"asunto\"><input size=\"40\" maxlength=\"400\" class=\"wpcf7-form-control wpcf7-text wpcf7-validates-as-required\" aria-required=\"true\" aria-invalid=\"false\" placeholder=\"Af\u00e9ra *\" value=\"\" type=\"text\" name=\"asunto\" \/><\/span>\n\t\t<\/p>\n\t<\/div>\n<\/div>\n<p><span class=\"wpcf7-form-control-wrap\" data-name=\"mensaje\"><textarea cols=\"40\" rows=\"10\" maxlength=\"2000\" class=\"wpcf7-form-control wpcf7-textarea wpcf7-validates-as-required\" aria-required=\"true\" aria-invalid=\"false\" placeholder=\"Zpr\u00e1va\" name=\"mensaje\"><\/textarea><\/span>\n<\/p>\n<p class=\"legal-priv\"><span class=\"wpcf7-form-control-wrap\" data-name=\"acceptance-787\"><span class=\"wpcf7-form-control wpcf7-acceptance\"><span class=\"wpcf7-list-item\"><label><input type=\"checkbox\" name=\"acceptance-787\" value=\"1\" aria-invalid=\"false\" \/><span class=\"wpcf7-list-item-label\">P\u0159e\u010detl(a) jsem si a souhlas\u00edm s <a href=\"https:\/\/rosanacl.com\/cs\/politica-de-privacidad\/\">Z\u00e1sady ochrany osobn\u00edch \u00fadaj\u016f<\/a><\/span><\/label><\/span><\/span><\/span>\n<\/p>\n<p><input class=\"wpcf7-form-control wpcf7-submit has-spinner\" type=\"submit\" value=\"ODESLAT ZPR\u00c1VU\" \/>\n<\/p><div class=\"wpcf7-response-output\" aria-hidden=\"true\"><\/div>\n<input type=\"hidden\" name=\"trp-form-language\" value=\"cs\"\/><\/form>\n<\/div>\n<\/div><\/div>\t\t\t\t<\/div>\n\t\t\t\t<\/div>\n\t\t\t\t<\/div>\n\t\t\t\t\t<\/div>\n\t\t\t\t<\/div>\n\t\t\t\t<\/div>","protected":false},"excerpt":{"rendered":"<p>Lencer\u00eda Selene Lencer\u00eda Selene: comodidad y elegancia\u00a0 La lencer\u00eda Selene ha logrado posicionarse como una de las marcas espa\u00f1olas m\u00e1s reconocidas en el \u00e1mbito de la ropa \u00edntima femenina. Con d\u00e9cadas de experiencia y una clara apuesta por la fabricaci\u00f3n nacional, Selene dise\u00f1a prendas que combinan est\u00e9tica, funcionalidad y un ajuste impecable. Cada modelo est\u00e1 [&hellip;]<\/p>\n","protected":false},"author":1,"featured_media":0,"parent":0,"menu_order":0,"comment_status":"closed","ping_status":"closed","template":"","meta":{"content-type":"","footnotes":""},"class_list":["post-2897","page","type-page","status-publish","hentry"],"yoast_head":"<!-- This site is optimized with the Yoast SEO plugin v27.4 - https:\/\/yoast.com\/product\/yoast-seo-wordpress\/ -->\n<title>Lencer\u00eda Selene - Rosana CL<\/title>\n<meta name=\"robots\" content=\"index, follow, max-snippet:-1, max-image-preview:large, max-video-preview:-1\" \/>\n<link rel=\"canonical\" href=\"https:\/\/rosanacl.com\/cs\/lenceria-selene\/\" \/>\n<meta property=\"og:locale\" content=\"cs_CZ\" \/>\n<meta property=\"og:type\" content=\"article\" \/>\n<meta property=\"og:title\" content=\"Lencer\u00eda Selene - Rosana CL\" \/>\n<meta property=\"og:description\" content=\"Lencer\u00eda Selene Lencer\u00eda Selene: comodidad y elegancia\u00a0 La lencer\u00eda Selene ha logrado posicionarse como una de las marcas espa\u00f1olas m\u00e1s reconocidas en el \u00e1mbito de la ropa \u00edntima femenina. Con d\u00e9cadas de experiencia y una clara apuesta por la fabricaci\u00f3n nacional, Selene dise\u00f1a prendas que combinan est\u00e9tica, funcionalidad y un ajuste impecable. Cada modelo est\u00e1 [&hellip;]\" \/>\n<meta property=\"og:url\" content=\"https:\/\/rosanacl.com\/cs\/lenceria-selene\/\" \/>\n<meta property=\"og:site_name\" content=\"Rosana CL\" \/>\n<meta property=\"article:modified_time\" content=\"2025-07-25T06:13:14+00:00\" \/>\n<meta property=\"og:image\" content=\"https:\/\/rosanacl.com\/wp-content\/uploads\/2025\/07\/sujetador-reductor-sin-tirantes.jpg\" \/>\n\t<meta property=\"og:image:width\" content=\"2000\" \/>\n\t<meta property=\"og:image:height\" content=\"1414\" \/>\n\t<meta property=\"og:image:type\" content=\"image\/jpeg\" \/>\n<meta name=\"twitter:card\" content=\"summary_large_image\" \/>\n<meta name=\"twitter:label1\" content=\"Odhadovan\u00e1 doba \u010dten\u00ed\" \/>\n\t<meta name=\"twitter:data1\" content=\"3 minuty\" \/>\n<script type=\"application\/ld+json\" class=\"yoast-schema-graph\">{\"@context\":\"https:\\\/\\\/schema.org\",\"@graph\":[{\"@type\":\"WebPage\",\"@id\":\"https:\\\/\\\/rosanacl.com\\\/eu\\\/lenceria-selene\\\/\",\"url\":\"https:\\\/\\\/rosanacl.com\\\/eu\\\/lenceria-selene\\\/\",\"name\":\"Lencer\u00eda Selene - Rosana CL\",\"isPartOf\":{\"@id\":\"https:\\\/\\\/rosanacl.com\\\/ca\\\/#website\"},\"primaryImageOfPage\":{\"@id\":\"https:\\\/\\\/rosanacl.com\\\/eu\\\/lenceria-selene\\\/#primaryimage\"},\"image\":{\"@id\":\"https:\\\/\\\/rosanacl.com\\\/eu\\\/lenceria-selene\\\/#primaryimage\"},\"thumbnailUrl\":\"https:\\\/\\\/rosanacl.com\\\/wp-content\\\/uploads\\\/2025\\\/07\\\/sujetador-reductor-sin-tirantes-1024x724.jpg\",\"datePublished\":\"2025-07-18T09:17:45+00:00\",\"dateModified\":\"2025-07-25T06:13:14+00:00\",\"breadcrumb\":{\"@id\":\"https:\\\/\\\/rosanacl.com\\\/eu\\\/lenceria-selene\\\/#breadcrumb\"},\"inLanguage\":\"cs\",\"potentialAction\":[{\"@type\":\"ReadAction\",\"target\":[\"https:\\\/\\\/rosanacl.com\\\/eu\\\/lenceria-selene\\\/\"]}]},{\"@type\":\"ImageObject\",\"inLanguage\":\"cs\",\"@id\":\"https:\\\/\\\/rosanacl.com\\\/eu\\\/lenceria-selene\\\/#primaryimage\",\"url\":\"https:\\\/\\\/rosanacl.com\\\/wp-content\\\/uploads\\\/2025\\\/07\\\/sujetador-reductor-sin-tirantes-1024x724.jpg\",\"contentUrl\":\"https:\\\/\\\/rosanacl.com\\\/wp-content\\\/uploads\\\/2025\\\/07\\\/sujetador-reductor-sin-tirantes-1024x724.jpg\"},{\"@type\":\"BreadcrumbList\",\"@id\":\"https:\\\/\\\/rosanacl.com\\\/eu\\\/lenceria-selene\\\/#breadcrumb\",\"itemListElement\":[{\"@type\":\"ListItem\",\"position\":1,\"name\":\"Portada\",\"item\":\"https:\\\/\\\/rosanacl.com\\\/ca\\\/\"},{\"@type\":\"ListItem\",\"position\":2,\"name\":\"Lencer\u00eda Selene\"}]},{\"@type\":\"WebSite\",\"@id\":\"https:\\\/\\\/rosanacl.com\\\/ca\\\/#website\",\"url\":\"https:\\\/\\\/rosanacl.com\\\/ca\\\/\",\"name\":\"Rosana CL\",\"description\":\"Somos tu interior\",\"potentialAction\":[{\"@type\":\"SearchAction\",\"target\":{\"@type\":\"EntryPoint\",\"urlTemplate\":\"https:\\\/\\\/rosanacl.com\\\/ca\\\/?s={search_term_string}\"},\"query-input\":{\"@type\":\"PropertyValueSpecification\",\"valueRequired\":true,\"valueName\":\"search_term_string\"}}],\"inLanguage\":\"cs\"}]}<\/script>\n<!-- \/ Yoast SEO plugin. -->","yoast_head_json":{"title":"Lencer\u00eda Selene - Rosana CL","robots":{"index":"index","follow":"follow","max-snippet":"max-snippet:-1","max-image-preview":"max-image-preview:large","max-video-preview":"max-video-preview:-1"},"canonical":"https:\/\/rosanacl.com\/cs\/lenceria-selene\/","og_locale":"cs_CZ","og_type":"article","og_title":"Lencer\u00eda Selene - Rosana CL","og_description":"Lencer\u00eda Selene Lencer\u00eda Selene: comodidad y elegancia\u00a0 La lencer\u00eda Selene ha logrado posicionarse como una de las marcas espa\u00f1olas m\u00e1s reconocidas en el \u00e1mbito de la ropa \u00edntima femenina. Con d\u00e9cadas de experiencia y una clara apuesta por la fabricaci\u00f3n nacional, Selene dise\u00f1a prendas que combinan est\u00e9tica, funcionalidad y un ajuste impecable. Cada modelo est\u00e1 [&hellip;]","og_url":"https:\/\/rosanacl.com\/cs\/lenceria-selene\/","og_site_name":"Rosana CL","article_modified_time":"2025-07-25T06:13:14+00:00","og_image":[{"width":2000,"height":1414,"url":"https:\/\/rosanacl.com\/wp-content\/uploads\/2025\/07\/sujetador-reductor-sin-tirantes.jpg","type":"image\/jpeg"}],"twitter_card":"summary_large_image","twitter_misc":{"Odhadovan\u00e1 doba \u010dten\u00ed":"3 minuty"},"schema":{"@context":"https:\/\/schema.org","@graph":[{"@type":"WebPage","@id":"https:\/\/rosanacl.com\/eu\/lenceria-selene\/","url":"https:\/\/rosanacl.com\/eu\/lenceria-selene\/","name":"Lencer\u00eda Selene - Rosana CL","isPartOf":{"@id":"https:\/\/rosanacl.com\/ca\/#website"},"primaryImageOfPage":{"@id":"https:\/\/rosanacl.com\/eu\/lenceria-selene\/#primaryimage"},"image":{"@id":"https:\/\/rosanacl.com\/eu\/lenceria-selene\/#primaryimage"},"thumbnailUrl":"https:\/\/rosanacl.com\/wp-content\/uploads\/2025\/07\/sujetador-reductor-sin-tirantes-1024x724.jpg","datePublished":"2025-07-18T09:17:45+00:00","dateModified":"2025-07-25T06:13:14+00:00","breadcrumb":{"@id":"https:\/\/rosanacl.com\/eu\/lenceria-selene\/#breadcrumb"},"inLanguage":"cs","potentialAction":[{"@type":"ReadAction","target":["https:\/\/rosanacl.com\/eu\/lenceria-selene\/"]}]},{"@type":"ImageObject","inLanguage":"cs","@id":"https:\/\/rosanacl.com\/eu\/lenceria-selene\/#primaryimage","url":"https:\/\/rosanacl.com\/wp-content\/uploads\/2025\/07\/sujetador-reductor-sin-tirantes-1024x724.jpg","contentUrl":"https:\/\/rosanacl.com\/wp-content\/uploads\/2025\/07\/sujetador-reductor-sin-tirantes-1024x724.jpg"},{"@type":"BreadcrumbList","@id":"https:\/\/rosanacl.com\/eu\/lenceria-selene\/#breadcrumb","itemListElement":[{"@type":"ListItem","position":1,"name":"Portada","item":"https:\/\/rosanacl.com\/ca\/"},{"@type":"ListItem","position":2,"name":"Lencer\u00eda Selene"}]},{"@type":"WebSite","@id":"https:\/\/rosanacl.com\/ca\/#website","url":"https:\/\/rosanacl.com\/ca\/","name":"Rosana CL","description":"Jsme v\u00e1\u0161 interi\u00e9r","potentialAction":[{"@type":"SearchAction","target":{"@type":"EntryPoint","urlTemplate":"https:\/\/rosanacl.com\/ca\/?s={search_term_string}"},"query-input":{"@type":"PropertyValueSpecification","valueRequired":true,"valueName":"search_term_string"}}],"inLanguage":"cs"}]}},"_links":{"self":[{"href":"https:\/\/rosanacl.com\/cs\/wp-json\/wp\/v2\/pages\/2897","targetHints":{"allow":["GET"]}}],"collection":[{"href":"https:\/\/rosanacl.com\/cs\/wp-json\/wp\/v2\/pages"}],"about":[{"href":"https:\/\/rosanacl.com\/cs\/wp-json\/wp\/v2\/types\/page"}],"author":[{"embeddable":true,"href":"https:\/\/rosanacl.com\/cs\/wp-json\/wp\/v2\/users\/1"}],"replies":[{"embeddable":true,"href":"https:\/\/rosanacl.com\/cs\/wp-json\/wp\/v2\/comments?post=2897"}],"version-history":[{"count":0,"href":"https:\/\/rosanacl.com\/cs\/wp-json\/wp\/v2\/pages\/2897\/revisions"}],"wp:attachment":[{"href":"https:\/\/rosanacl.com\/cs\/wp-json\/wp\/v2\/media?parent=2897"}],"curies":[{"name":"wp","href":"https:\/\/api.w.org\/{rel}","templated":true}]}}