{"id":2968,"date":"2025-07-24T12:14:58","date_gmt":"2025-07-24T10:14:58","guid":{"rendered":"https:\/\/rosanacl.com\/seguimiento-del-pedido\/"},"modified":"2025-07-24T12:14:58","modified_gmt":"2025-07-24T10:14:58","slug":"seguimiento-del-pedido","status":"publish","type":"page","link":"https:\/\/rosanacl.com\/cs\/seguimiento-del-pedido\/","title":{"rendered":"Sledov\u00e1n\u00ed objedn\u00e1vky"},"content":{"rendered":"<div  class=\"ewd-otp-form ewd-otp-tracking-form-div ewd-otp-disable-ajax\" >\n\n\t<div class='ewd-otp-tracking-results'>\n\t\t\t<\/div>\n\n\t\n\t<div class='ewd-otp-order-tracking-form-div'>\n\n\t\t<h3>\n\t\t\tTrack an Order\t\t<\/h3>\n\n\t\t<div class='ewd-otp-tracking-form-instructions'>\n\t\t\tZadejte sv\u00e9 \u010d\u00edslo do formul\u00e1\u0159e n\u00ed\u017ee.\t\t<\/div>\n\n\t\t\n\t\t\t<form action='#' method='post' target=\"_blank\" class='ewd-otp-tracking-form' data-trp-original-action=\"#\">\n\t\n\t\t\t\t<input type='hidden' name='ewd_otp_form_type' value='order_form' \/>\n\t\n\t\t\t\t<div class='ewd-otp-form-identifier'>\n\n\t<label for='ewd_otp_identifier_number' class='ewd-otp-field-label'>Order Number: <\/label>\n\t\n\t<input type='text' name='ewd_otp_identifier_number' placeholder='' \/>\n\n<\/div>\t\n\t\t\t\t\t\n\t\t\t\t<div class='ewd-otp-form-submit'>\n\n\t<label for='ewd_otp_form_submit'><\/label>\n\n\t<input type='submit' class='ewd-otp-submit' name='ewd_otp_form_submit' value='Track' \/>\n\n<\/div>\t\n\t\t\t<input type=\"hidden\" name=\"trp-form-language\" value=\"cs\"\/><\/form>\n\n\t\t\n\t\t\n\t<\/div>\n\n<\/div>","protected":false},"excerpt":{"rendered":"","protected":false},"author":1,"featured_media":0,"parent":0,"menu_order":0,"comment_status":"closed","ping_status":"closed","template":"","meta":{"content-type":"","footnotes":""},"class_list":["post-2968","page","type-page","status-publish","hentry"],"yoast_head":"<!-- This site is optimized with the Yoast SEO plugin v27.4 - https:\/\/yoast.com\/product\/yoast-seo-wordpress\/ -->\n<title>Seguimiento del pedido - Rosana CL<\/title>\n<meta name=\"robots\" content=\"index, follow, max-snippet:-1, max-image-preview:large, max-video-preview:-1\" \/>\n<link rel=\"canonical\" href=\"https:\/\/rosanacl.com\/cs\/seguimiento-del-pedido\/\" \/>\n<meta property=\"og:locale\" content=\"cs_CZ\" \/>\n<meta property=\"og:type\" content=\"article\" \/>\n<meta property=\"og:title\" content=\"Seguimiento del pedido - Rosana CL\" \/>\n<meta property=\"og:url\" content=\"https:\/\/rosanacl.com\/cs\/seguimiento-del-pedido\/\" \/>\n<meta property=\"og:site_name\" content=\"Rosana CL\" \/>\n<meta name=\"twitter:card\" content=\"summary_large_image\" \/>\n<script type=\"application\/ld+json\" class=\"yoast-schema-graph\">{\"@context\":\"https:\\\/\\\/schema.org\",\"@graph\":[{\"@type\":\"WebPage\",\"@id\":\"https:\\\/\\\/rosanacl.com\\\/seguimiento-del-pedido\\\/\",\"url\":\"https:\\\/\\\/rosanacl.com\\\/seguimiento-del-pedido\\\/\",\"name\":\"Seguimiento del pedido - Rosana CL\",\"isPartOf\":{\"@id\":\"https:\\\/\\\/rosanacl.com\\\/ca\\\/#website\"},\"datePublished\":\"2025-07-24T10:14:58+00:00\",\"breadcrumb\":{\"@id\":\"https:\\\/\\\/rosanacl.com\\\/seguimiento-del-pedido\\\/#breadcrumb\"},\"inLanguage\":\"cs\",\"potentialAction\":[{\"@type\":\"ReadAction\",\"target\":[\"https:\\\/\\\/rosanacl.com\\\/seguimiento-del-pedido\\\/\"]}]},{\"@type\":\"BreadcrumbList\",\"@id\":\"https:\\\/\\\/rosanacl.com\\\/seguimiento-del-pedido\\\/#breadcrumb\",\"itemListElement\":[{\"@type\":\"ListItem\",\"position\":1,\"name\":\"Portada\",\"item\":\"https:\\\/\\\/rosanacl.com\\\/ca\\\/\"},{\"@type\":\"ListItem\",\"position\":2,\"name\":\"Seguimiento del pedido\"}]},{\"@type\":\"WebSite\",\"@id\":\"https:\\\/\\\/rosanacl.com\\\/ca\\\/#website\",\"url\":\"https:\\\/\\\/rosanacl.com\\\/ca\\\/\",\"name\":\"Rosana CL\",\"description\":\"Somos tu interior\",\"potentialAction\":[{\"@type\":\"SearchAction\",\"target\":{\"@type\":\"EntryPoint\",\"urlTemplate\":\"https:\\\/\\\/rosanacl.com\\\/ca\\\/?s={search_term_string}\"},\"query-input\":{\"@type\":\"PropertyValueSpecification\",\"valueRequired\":true,\"valueName\":\"search_term_string\"}}],\"inLanguage\":\"cs\"}]}<\/script>\n<!-- \/ Yoast SEO plugin. -->","yoast_head_json":{"title":"Seguimiento del pedido - Rosana CL","robots":{"index":"index","follow":"follow","max-snippet":"max-snippet:-1","max-image-preview":"max-image-preview:large","max-video-preview":"max-video-preview:-1"},"canonical":"https:\/\/rosanacl.com\/cs\/seguimiento-del-pedido\/","og_locale":"cs_CZ","og_type":"article","og_title":"Seguimiento del pedido - Rosana CL","og_url":"https:\/\/rosanacl.com\/cs\/seguimiento-del-pedido\/","og_site_name":"Rosana CL","twitter_card":"summary_large_image","schema":{"@context":"https:\/\/schema.org","@graph":[{"@type":"WebPage","@id":"https:\/\/rosanacl.com\/seguimiento-del-pedido\/","url":"https:\/\/rosanacl.com\/seguimiento-del-pedido\/","name":"Seguimiento del pedido - Rosana CL","isPartOf":{"@id":"https:\/\/rosanacl.com\/ca\/#website"},"datePublished":"2025-07-24T10:14:58+00:00","breadcrumb":{"@id":"https:\/\/rosanacl.com\/seguimiento-del-pedido\/#breadcrumb"},"inLanguage":"cs","potentialAction":[{"@type":"ReadAction","target":["https:\/\/rosanacl.com\/seguimiento-del-pedido\/"]}]},{"@type":"BreadcrumbList","@id":"https:\/\/rosanacl.com\/seguimiento-del-pedido\/#breadcrumb","itemListElement":[{"@type":"ListItem","position":1,"name":"Portada","item":"https:\/\/rosanacl.com\/ca\/"},{"@type":"ListItem","position":2,"name":"Seguimiento del pedido"}]},{"@type":"WebSite","@id":"https:\/\/rosanacl.com\/ca\/#website","url":"https:\/\/rosanacl.com\/ca\/","name":"Rosana CL","description":"Jsme v\u00e1\u0161 interi\u00e9r","potentialAction":[{"@type":"SearchAction","target":{"@type":"EntryPoint","urlTemplate":"https:\/\/rosanacl.com\/ca\/?s={search_term_string}"},"query-input":{"@type":"PropertyValueSpecification","valueRequired":true,"valueName":"search_term_string"}}],"inLanguage":"cs"}]}},"_links":{"self":[{"href":"https:\/\/rosanacl.com\/cs\/wp-json\/wp\/v2\/pages\/2968","targetHints":{"allow":["GET"]}}],"collection":[{"href":"https:\/\/rosanacl.com\/cs\/wp-json\/wp\/v2\/pages"}],"about":[{"href":"https:\/\/rosanacl.com\/cs\/wp-json\/wp\/v2\/types\/page"}],"author":[{"embeddable":true,"href":"https:\/\/rosanacl.com\/cs\/wp-json\/wp\/v2\/users\/1"}],"replies":[{"embeddable":true,"href":"https:\/\/rosanacl.com\/cs\/wp-json\/wp\/v2\/comments?post=2968"}],"version-history":[{"count":0,"href":"https:\/\/rosanacl.com\/cs\/wp-json\/wp\/v2\/pages\/2968\/revisions"}],"wp:attachment":[{"href":"https:\/\/rosanacl.com\/cs\/wp-json\/wp\/v2\/media?parent=2968"}],"curies":[{"name":"wp","href":"https:\/\/api.w.org\/{rel}","templated":true}]}}