{"id":31,"date":"2025-03-28T16:10:30","date_gmt":"2025-03-28T19:10:30","guid":{"rendered":"https:\/\/innovacon.simplificandotuweb.com\/?page_id=31"},"modified":"2025-07-09T08:56:36","modified_gmt":"2025-07-09T06:56:36","slug":"politica-de-privacidad","status":"publish","type":"page","link":"https:\/\/rosanacl.com\/cs\/politica-de-privacidad\/","title":{"rendered":"Z\u00e1sady ochrany osobn\u00edch \u00fadaj\u016f"},"content":{"rendered":"<div data-elementor-type=\"wp-page\" data-elementor-id=\"31\" class=\"elementor elementor-31\" data-elementor-post-type=\"page\">\n\t\t\t\t<div class=\"elementor-element elementor-element-1ca8157 e-flex e-con-boxed e-con e-parent\" data-id=\"1ca8157\" data-element_type=\"container\" data-e-type=\"container\" data-settings=\"{&quot;background_background&quot;:&quot;classic&quot;}\">\n\t\t\t\t\t<div class=\"e-con-inner\">\n\t\t<div class=\"elementor-element elementor-element-ee95924 e-con-full e-flex e-con e-child\" data-id=\"ee95924\" data-element_type=\"container\" data-e-type=\"container\">\n\t\t\t\t<div class=\"elementor-element elementor-element-fbdd061 elementor-widget elementor-widget-heading\" data-id=\"fbdd061\" data-element_type=\"widget\" data-e-type=\"widget\" data-widget_type=\"heading.default\">\n\t\t\t\t<div class=\"elementor-widget-container\">\n\t\t\t\t\t<h2 class=\"elementor-heading-title elementor-size-default\">Z\u00e1sady ochrany osobn\u00edch \u00fadaj\u016f<\/h2>\t\t\t\t<\/div>\n\t\t\t\t<\/div>\n\t\t\t\t<\/div>\n\t\t\t\t\t<\/div>\n\t\t\t\t<\/div>\n\t\t<div class=\"elementor-element elementor-element-5a8dd38e e-flex e-con-boxed e-con e-parent\" data-id=\"5a8dd38e\" data-element_type=\"container\" data-e-type=\"container\">\n\t\t\t\t\t<div class=\"e-con-inner\">\n\t\t\t\t<div class=\"elementor-element elementor-element-6ea5a565 elementor-widget elementor-widget-text-editor\" data-id=\"6ea5a565\" data-element_type=\"widget\" data-e-type=\"widget\" data-widget_type=\"text-editor.default\">\n\t\t\t\t<div class=\"elementor-widget-container\">\n\t\t\t\t\t\t\t\t\t\n<p><strong>1. INFORMACE PRO U\u017dIVATELE<\/strong><\/p>\n\n<p>Webov\u00e9 str\u00e1nky informuj\u00ed u\u017eivatele webov\u00fdch str\u00e1nek o sv\u00fdch z\u00e1sad\u00e1ch t\u00fdkaj\u00edc\u00edch se zpracov\u00e1n\u00ed a ochrany osobn\u00edch \u00fadaj\u016f u\u017eivatel\u016f a z\u00e1kazn\u00edk\u016f, kter\u00e9 mohou b\u00fdt vy\u017e\u00e1d\u00e1ny p\u0159i prohl\u00ed\u017een\u00ed webov\u00fdch str\u00e1nek.<\/p>\n\n<p>Webov\u00e9 str\u00e1nky jsou zodpov\u011bdn\u00e9 za zpracov\u00e1n\u00ed osobn\u00edch \u00fadaj\u016f u\u017eivatel\u016f, a proto jsou poskytov\u00e1ny n\u00e1sleduj\u00edc\u00ed informace t\u00fdkaj\u00edc\u00ed se zpracov\u00e1n\u00ed va\u0161ich \u00fadaj\u016f:<\/p>\n\n<p><strong>Krit\u00e9ria pro uchov\u00e1v\u00e1n\u00ed \u00fadaj\u016f:<\/strong>\u00a0Poskytnut\u00e9 osobn\u00ed \u00fadaje budou uchov\u00e1v\u00e1ny, dokud z\u00fa\u010dastn\u011bn\u00e1 strana nepo\u017e\u00e1d\u00e1 o jejich pozastaven\u00ed, uplatn\u00ed sv\u00e1 pr\u00e1va k \u00fadaj\u016fm, a v ka\u017ed\u00e9m p\u0159\u00edpad\u011b v souladu s p\u0159\u00edpadn\u00fdmi platn\u00fdmi z\u00e1konn\u00fdmi proml\u010dec\u00edmi lh\u016ftami.<\/p>\n\n<p><strong>Pr\u00e1va z\u00fa\u010dastn\u011bn\u00fdch stran:<\/strong><\/p>\n\n<p>Pr\u00e1vo kdykoli odvolat sv\u016fj souhlas.<br \/>Pr\u00e1vo na p\u0159\u00edstup k va\u0161im \u00fadaj\u016fm, na jejich opravu, v\u00fdmaz a p\u0159enositelnost, jako\u017e i na omezen\u00ed jejich zpracov\u00e1n\u00ed nebo proti n\u011bmu, a tak\u00e9 pr\u00e1vo neb\u00fdt p\u0159edm\u011btem automatizovan\u00fdch individu\u00e1ln\u00edch rozhodnut\u00ed.<\/p>\n\n<p><strong>Kontaktn\u00ed informace pro uplatn\u011bn\u00ed va\u0161ich pr\u00e1v:<\/strong><\/p>\n\n<p>Mus\u00edte se \u0159\u00e1dn\u011b identifikovat a jasn\u011b po\u017e\u00e1dat o pr\u00e1vo na v\u00fdkon.<\/p>\n\n<ul class=\"wp-block-list\">\n<li>Spole\u010dnost: Pablo Angulo Maspons<\/li>\n<li>Po\u010det obyvatel: Vinaroz, \u0160pan\u011blsko<\/li>\n<li>Telefon: 613395013<\/li>\n<li>Po\u0161ta: <a class=\"css-1rn59kg\" title=\"info@rosanacl.com\" href=\"mailto:info@rosanacl.com\" data-testid=\"link-with-safety\" data-renderer-mark=\"true\">info@rosanacl.com\u00a0<\/a><\/li>\n<\/ul>\n\n<p><strong>2. INFORMACE POSKYTNUT\u00c9 U\u017dIVATELEM<\/strong><\/p>\n\n<p>Pokud je v\u00e1m m\u00e9n\u011b ne\u017e 18 let, nesm\u00edte pou\u017e\u00edvat formul\u00e1\u0159e na na\u0161ich webov\u00fdch str\u00e1nk\u00e1ch.<\/p>\n\n<p>Zad\u00e1n\u00edm sv\u00fdch \u00fadaj\u016f do kontaktn\u00edch formul\u00e1\u0159\u016f nebo jejich odesl\u00e1n\u00edm do formul\u00e1\u0159\u016f ke sta\u017een\u00ed U\u017eivatel\u00e9 v\u00fdslovn\u011b, svobodn\u011b a jednozna\u010dn\u011b souhlas\u00ed s t\u00edm, \u017ee jejich \u00fadaje jsou nezbytn\u00e9 pro zpracov\u00e1n\u00ed jejich \u017e\u00e1dosti Spr\u00e1vcem. Zahrnut\u00ed \u00fadaj\u016f do zb\u00fdvaj\u00edc\u00edch pol\u00ed je dobrovoln\u00e9.<\/p>\n\n<p>U\u017eivatel prohla\u0161uje, \u017ee poskytnut\u00e9 osobn\u00ed \u00fadaje jsou pravdiv\u00e9 a je povinen sd\u011blit jak\u00e9koli zm\u011bny.<\/p>\n\n<p>Ve\u0161ker\u00e9 \u00fadaje vy\u017e\u00e1dan\u00e9 prost\u0159ednictv\u00edm webov\u00fdch str\u00e1nek jsou nezbytn\u00e9 k poskytnut\u00ed optim\u00e1ln\u00edch slu\u017eeb U\u017eivateli. Pokud nebudou v\u0161echny \u00fadaje poskytnuty, neexistuje \u017e\u00e1dn\u00e1 z\u00e1ruka, \u017ee informace a slu\u017eby poskytovan\u00e9 Spr\u00e1vcem budou pln\u011b p\u0159izp\u016fsobeny jeho pot\u0159eb\u00e1m.<\/p>\n\n<p><strong>3. BEZPE\u010cNOSTN\u00cd OPAT\u0158EN\u00cd<\/strong><\/p>\n\n<p>\u017de v souladu s ustanoven\u00edmi platn\u00fdch p\u0159edpis\u016f o ochran\u011b osobn\u00edch \u00fadaj\u016f spr\u00e1vce dodr\u017euje ve\u0161ker\u00e1 ustanoven\u00ed na\u0159\u00edzen\u00ed GDPR a LOPD pro zpracov\u00e1n\u00ed osobn\u00edch \u00fadaj\u016f, za kter\u00e9 odpov\u00edd\u00e1, a \u017ee tyto \u00fadaje jsou zpracov\u00e1v\u00e1ny z\u00e1konn\u011b, spravedliv\u011b a transparentn\u011b ve vztahu k subjektu \u00fadaj\u016f a jsou p\u0159im\u011b\u0159en\u00e9, relevantn\u00ed a omezen\u00e9 na to, co je nezbytn\u00e9 ve vztahu k \u00fa\u010del\u016fm, pro kter\u00e9 jsou zpracov\u00e1v\u00e1ny.<\/p>\n\n<p>Spr\u00e1vce zaru\u010duje, \u017ee zavedl vhodn\u00e9 technick\u00e9 a organiza\u010dn\u00ed z\u00e1sady k uplat\u0148ov\u00e1n\u00ed bezpe\u010dnostn\u00edch opat\u0159en\u00ed stanoven\u00fdch GDPR a LOPD k ochran\u011b pr\u00e1v a svobod U\u017eivatel\u016f a \u017ee jim poskytl odpov\u00eddaj\u00edc\u00ed informace, aby je mohli uplatnit.<\/p>\n\n<p><strong>4. NARU\u0160EN\u00cd BEZPE\u010cNOSTI<\/strong><\/p>\n\n<p>Spr\u00e1vce nahl\u00e1s\u00ed jak\u00e9koli naru\u0161en\u00ed bezpe\u010dnosti datab\u00e1ze pou\u017e\u00edvan\u00e9 t\u011bmito webov\u00fdmi str\u00e1nkami nebo jakoukoli z na\u0161ich slu\u017eeb t\u0159et\u00edch stran ka\u017ed\u00e9 osob\u011b, jej\u00ed\u017e \u00fadaje mohly b\u00fdt dot\u010deny, a p\u0159\u00edslu\u0161n\u00fdm org\u00e1n\u016fm do 72 hodin od zji\u0161t\u011bn\u00ed naru\u0161en\u00ed.<\/p>\n\n<p><strong>P\u0158\u00cdSLU\u0160N\u00c9 PR\u00c1VN\u00cd P\u0158EDPISY A JURISDIKCE<\/strong><\/p>\n\n<p>Pro \u0159e\u0161en\u00ed v\u0161ech spor\u016f nebo ot\u00e1zek t\u00fdkaj\u00edc\u00edch se t\u011bchto webov\u00fdch str\u00e1nek nebo \u010dinnost\u00ed na nich prov\u00e1d\u011bn\u00fdch se pou\u017eije \u0161pan\u011blsk\u00e9 pr\u00e1vo, s n\u00edm\u017e se strany v\u00fdslovn\u011b shoduj\u00ed. K \u0159e\u0161en\u00ed v\u0161ech spor\u016f vypl\u00fdvaj\u00edc\u00edch z pou\u017e\u00edv\u00e1n\u00ed t\u011bchto webov\u00fdch str\u00e1nek nebo s n\u00edm souvisej\u00edc\u00edch maj\u00ed pravomoc soudy a tribun\u00e1ly v Barcelon\u011b.<\/p>\n\n<p>\u00a0<\/p>\n\t\t\t\t\t\t\t\t<\/div>\n\t\t\t\t<\/div>\n\t\t\t\t\t<\/div>\n\t\t\t\t<\/div>\n\t\t\t\t<\/div>","protected":false},"excerpt":{"rendered":"<p>1.- INFORMACI\u00d3N AL USUARIO El sitio web informa a los usuarios del sitio web sobre su pol\u00edtica respecto al tratamiento y protecci\u00f3n de los datos de car\u00e1cter personal de los usuarios y clientes que puedan ser solicitados por la navegaci\u00f3n a trav\u00e9s de su sitio web. El sitio web es el Responsable del tratamiento de [&hellip;]<\/p>\n","protected":false},"author":1,"featured_media":0,"parent":0,"menu_order":0,"comment_status":"closed","ping_status":"closed","template":"","meta":{"content-type":"","footnotes":""},"class_list":["post-31","page","type-page","status-publish","hentry"],"yoast_head":"<!-- This site is optimized with the Yoast SEO plugin v27.4 - https:\/\/yoast.com\/product\/yoast-seo-wordpress\/ -->\n<title>Pol\u00edtica de Privacidad - Rosana CL<\/title>\n<meta name=\"robots\" content=\"index, follow, max-snippet:-1, max-image-preview:large, max-video-preview:-1\" \/>\n<link rel=\"canonical\" href=\"https:\/\/rosanacl.com\/cs\/politica-de-privacidad\/\" \/>\n<meta property=\"og:locale\" content=\"cs_CZ\" \/>\n<meta property=\"og:type\" content=\"article\" \/>\n<meta property=\"og:title\" content=\"Pol\u00edtica de Privacidad - Rosana CL\" \/>\n<meta property=\"og:description\" content=\"1.- INFORMACI\u00d3N AL USUARIO El sitio web informa a los usuarios del sitio web sobre su pol\u00edtica respecto al tratamiento y protecci\u00f3n de los datos de car\u00e1cter personal de los usuarios y clientes que puedan ser solicitados por la navegaci\u00f3n a trav\u00e9s de su sitio web. El sitio web es el Responsable del tratamiento de [&hellip;]\" \/>\n<meta property=\"og:url\" content=\"https:\/\/rosanacl.com\/cs\/politica-de-privacidad\/\" \/>\n<meta property=\"og:site_name\" content=\"Rosana CL\" \/>\n<meta property=\"article:modified_time\" content=\"2025-07-09T06:56:36+00:00\" \/>\n<meta name=\"twitter:card\" content=\"summary_large_image\" \/>\n<meta name=\"twitter:label1\" content=\"Odhadovan\u00e1 doba \u010dten\u00ed\" \/>\n\t<meta name=\"twitter:data1\" content=\"3 minuty\" \/>\n<script type=\"application\/ld+json\" class=\"yoast-schema-graph\">{\"@context\":\"https:\\\/\\\/schema.org\",\"@graph\":[{\"@type\":\"WebPage\",\"@id\":\"https:\\\/\\\/rosanacl.com\\\/politica-de-privacidad\\\/\",\"url\":\"https:\\\/\\\/rosanacl.com\\\/politica-de-privacidad\\\/\",\"name\":\"Pol\u00edtica de Privacidad - Rosana CL\",\"isPartOf\":{\"@id\":\"https:\\\/\\\/rosanacl.com\\\/ca\\\/#website\"},\"datePublished\":\"2025-03-28T19:10:30+00:00\",\"dateModified\":\"2025-07-09T06:56:36+00:00\",\"breadcrumb\":{\"@id\":\"https:\\\/\\\/rosanacl.com\\\/politica-de-privacidad\\\/#breadcrumb\"},\"inLanguage\":\"cs\",\"potentialAction\":[{\"@type\":\"ReadAction\",\"target\":[\"https:\\\/\\\/rosanacl.com\\\/politica-de-privacidad\\\/\"]}]},{\"@type\":\"BreadcrumbList\",\"@id\":\"https:\\\/\\\/rosanacl.com\\\/politica-de-privacidad\\\/#breadcrumb\",\"itemListElement\":[{\"@type\":\"ListItem\",\"position\":1,\"name\":\"Portada\",\"item\":\"https:\\\/\\\/rosanacl.com\\\/ca\\\/\"},{\"@type\":\"ListItem\",\"position\":2,\"name\":\"Pol\u00edtica de Privacidad\"}]},{\"@type\":\"WebSite\",\"@id\":\"https:\\\/\\\/rosanacl.com\\\/ca\\\/#website\",\"url\":\"https:\\\/\\\/rosanacl.com\\\/ca\\\/\",\"name\":\"Rosana CL\",\"description\":\"Somos tu interior\",\"potentialAction\":[{\"@type\":\"SearchAction\",\"target\":{\"@type\":\"EntryPoint\",\"urlTemplate\":\"https:\\\/\\\/rosanacl.com\\\/ca\\\/?s={search_term_string}\"},\"query-input\":{\"@type\":\"PropertyValueSpecification\",\"valueRequired\":true,\"valueName\":\"search_term_string\"}}],\"inLanguage\":\"cs\"}]}<\/script>\n<!-- \/ Yoast SEO plugin. -->","yoast_head_json":{"title":"Pol\u00edtica de Privacidad - Rosana CL","robots":{"index":"index","follow":"follow","max-snippet":"max-snippet:-1","max-image-preview":"max-image-preview:large","max-video-preview":"max-video-preview:-1"},"canonical":"https:\/\/rosanacl.com\/cs\/politica-de-privacidad\/","og_locale":"cs_CZ","og_type":"article","og_title":"Pol\u00edtica de Privacidad - Rosana CL","og_description":"1.- INFORMACI\u00d3N AL USUARIO El sitio web informa a los usuarios del sitio web sobre su pol\u00edtica respecto al tratamiento y protecci\u00f3n de los datos de car\u00e1cter personal de los usuarios y clientes que puedan ser solicitados por la navegaci\u00f3n a trav\u00e9s de su sitio web. El sitio web es el Responsable del tratamiento de [&hellip;]","og_url":"https:\/\/rosanacl.com\/cs\/politica-de-privacidad\/","og_site_name":"Rosana CL","article_modified_time":"2025-07-09T06:56:36+00:00","twitter_card":"summary_large_image","twitter_misc":{"Odhadovan\u00e1 doba \u010dten\u00ed":"3 minuty"},"schema":{"@context":"https:\/\/schema.org","@graph":[{"@type":"WebPage","@id":"https:\/\/rosanacl.com\/politica-de-privacidad\/","url":"https:\/\/rosanacl.com\/politica-de-privacidad\/","name":"Pol\u00edtica de Privacidad - Rosana CL","isPartOf":{"@id":"https:\/\/rosanacl.com\/ca\/#website"},"datePublished":"2025-03-28T19:10:30+00:00","dateModified":"2025-07-09T06:56:36+00:00","breadcrumb":{"@id":"https:\/\/rosanacl.com\/politica-de-privacidad\/#breadcrumb"},"inLanguage":"cs","potentialAction":[{"@type":"ReadAction","target":["https:\/\/rosanacl.com\/politica-de-privacidad\/"]}]},{"@type":"BreadcrumbList","@id":"https:\/\/rosanacl.com\/politica-de-privacidad\/#breadcrumb","itemListElement":[{"@type":"ListItem","position":1,"name":"Portada","item":"https:\/\/rosanacl.com\/ca\/"},{"@type":"ListItem","position":2,"name":"Pol\u00edtica de Privacidad"}]},{"@type":"WebSite","@id":"https:\/\/rosanacl.com\/ca\/#website","url":"https:\/\/rosanacl.com\/ca\/","name":"Rosana CL","description":"Jsme v\u00e1\u0161 interi\u00e9r","potentialAction":[{"@type":"SearchAction","target":{"@type":"EntryPoint","urlTemplate":"https:\/\/rosanacl.com\/ca\/?s={search_term_string}"},"query-input":{"@type":"PropertyValueSpecification","valueRequired":true,"valueName":"search_term_string"}}],"inLanguage":"cs"}]}},"_links":{"self":[{"href":"https:\/\/rosanacl.com\/cs\/wp-json\/wp\/v2\/pages\/31","targetHints":{"allow":["GET"]}}],"collection":[{"href":"https:\/\/rosanacl.com\/cs\/wp-json\/wp\/v2\/pages"}],"about":[{"href":"https:\/\/rosanacl.com\/cs\/wp-json\/wp\/v2\/types\/page"}],"author":[{"embeddable":true,"href":"https:\/\/rosanacl.com\/cs\/wp-json\/wp\/v2\/users\/1"}],"replies":[{"embeddable":true,"href":"https:\/\/rosanacl.com\/cs\/wp-json\/wp\/v2\/comments?post=31"}],"version-history":[{"count":0,"href":"https:\/\/rosanacl.com\/cs\/wp-json\/wp\/v2\/pages\/31\/revisions"}],"wp:attachment":[{"href":"https:\/\/rosanacl.com\/cs\/wp-json\/wp\/v2\/media?parent=31"}],"curies":[{"name":"wp","href":"https:\/\/api.w.org\/{rel}","templated":true}]}}