{"id":4182,"date":"2025-11-27T00:49:16","date_gmt":"2025-11-26T23:49:16","guid":{"rendered":"https:\/\/rosanacl.com\/?page_id=4182"},"modified":"2025-11-27T00:53:09","modified_gmt":"2025-11-26T23:53:09","slug":"comprar-sujetadores-selene-en-barcelona","status":"publish","type":"page","link":"https:\/\/rosanacl.com\/cs\/comprar-sujetadores-selene-en-barcelona\/","title":{"rendered":"Kupte si podprsenky Selene v Barcelon\u011b"},"content":{"rendered":"<div data-elementor-type=\"wp-page\" data-elementor-id=\"4182\" class=\"elementor elementor-4182\" data-elementor-post-type=\"page\">\n\t\t\t\t<div class=\"elementor-element elementor-element-171998c7 e-flex e-con-boxed e-con e-parent\" data-id=\"171998c7\" data-element_type=\"container\" data-e-type=\"container\">\n\t\t\t\t\t<div class=\"e-con-inner\">\n\t\t\t\t<div class=\"elementor-element elementor-element-6575351f elementor-widget elementor-widget-text-editor\" data-id=\"6575351f\" data-element_type=\"widget\" data-e-type=\"widget\" data-widget_type=\"text-editor.default\">\n\t\t\t\t<div class=\"elementor-widget-container\">\n\t\t\t\t\t\t\t\t\t\n<p><\/p>\n\n\n\n<p><\/p>\n\t\t\t\t\t\t\t\t<\/div>\n\t\t\t\t<\/div>\n\t\t\t\t\t<\/div>\n\t\t\t\t<\/div>\n\t\t<div class=\"elementor-element elementor-element-cf7d341 e-flex e-con-boxed e-con e-parent\" data-id=\"cf7d341\" data-element_type=\"container\" data-e-type=\"container\">\n\t\t\t\t\t<div class=\"e-con-inner\">\n\t\t\t\t<div class=\"elementor-element elementor-element-1f1d080 elementor-widget elementor-widget-heading\" data-id=\"1f1d080\" data-element_type=\"widget\" data-e-type=\"widget\" data-widget_type=\"heading.default\">\n\t\t\t\t<div class=\"elementor-widget-container\">\n\t\t\t\t\t<h2 class=\"elementor-heading-title elementor-size-default\">Kupte si podprsenky Selene v Barcelon\u011b<\/h2>\t\t\t\t<\/div>\n\t\t\t\t<\/div>\n\t\t\t\t\t<\/div>\n\t\t\t\t<\/div>\n\t\t<div class=\"elementor-element elementor-element-dc1921d e-flex e-con-boxed e-con e-parent\" data-id=\"dc1921d\" data-element_type=\"container\" data-e-type=\"container\">\n\t\t\t\t\t<div class=\"e-con-inner\">\n\t\t<div class=\"elementor-element elementor-element-d19616f e-con-full e-flex e-con e-child\" data-id=\"d19616f\" data-element_type=\"container\" data-e-type=\"container\">\n\t\t\t\t<div class=\"elementor-element elementor-element-2ee6475 elementor-widget elementor-widget-text-editor\" data-id=\"2ee6475\" data-element_type=\"widget\" data-e-type=\"widget\" data-widget_type=\"text-editor.default\">\n\t\t\t\t<div class=\"elementor-widget-container\">\n\t\t\t\t\t\t\t\t\t<h2 data-start=\"440\" data-end=\"525\"><strong data-start=\"443\" data-end=\"525\">Kupte si podprsenky Selene v Barcelon\u011b: skute\u010dn\u00fd v\u00fdb\u011br pro ka\u017edou \u017eenu<\/strong><\/h2>\n<p data-start=\"526\" data-end=\"1028\">Kdy\u017e se \u017eena pod\u00edv\u00e1 <strong data-start=\"549\" data-end=\"592\">Kupte si podprsenky Selene v Barcelon\u011b<\/strong>, To, co skute\u010dn\u011b chcete, je kombinace designu, pohodl\u00ed a perfektn\u00edho padnut\u00ed. V Rosana CL ch\u00e1peme, \u017ee ka\u017ed\u00e9 t\u011blo je jedine\u010dn\u00e9, a proto nab\u00edz\u00edme aktualizovan\u00fd a pe\u010dliv\u011b sestaven\u00fd katalog, aby si ka\u017ed\u00e1 \u017eena na\u0161la p\u0159esn\u011b to, co pot\u0159ebuje. D\u00edky n\u011bkolika \u0159ad\u00e1m zna\u010dky Selene \u2013 od klasick\u00fdch styl\u016f a\u017e po nejnov\u011bj\u0161\u00ed modely \u2013 v\u00e1m m\u016f\u017eeme poskytovat skute\u010dn\u011b personalizovan\u00e9 poradenstv\u00ed.<\/p>\n<p data-start=\"1030\" data-end=\"1435\">V generick\u00fdch internetov\u00fdch obchodech nebo m\u00e9n\u011b specializovan\u00fdch prodejn\u00e1ch je b\u011b\u017en\u00e9 naj\u00edt ne\u00fapln\u00e9 velikosti nebo omezen\u00e9 modely. V Rosana CL v\u0161ak spolupracujeme p\u0159\u00edmo se zna\u010dkou, abychom zajistili skute\u010dnou a st\u00e1lou dostupnost. To je jeden z mnoha d\u016fvod\u016f, pro\u010d ti, kte\u0159\u00ed cht\u011bj\u00ed <strong data-start=\"1337\" data-end=\"1380\">Kupte si podprsenky Selene v Barcelon\u011b<\/strong> Nakonec si n\u00e1s vyberou jako svou d\u016fv\u011bryhodnou referenci.<\/p>\t\t\t\t\t\t\t\t<\/div>\n\t\t\t\t<\/div>\n\t\t\t\t<\/div>\n\t\t<div class=\"elementor-element elementor-element-5568f8b e-con-full e-flex e-con e-child\" data-id=\"5568f8b\" data-element_type=\"container\" data-e-type=\"container\">\n\t\t\t\t<div class=\"elementor-element elementor-element-980debe elementor-widget elementor-widget-image\" data-id=\"980debe\" data-element_type=\"widget\" data-e-type=\"widget\" data-widget_type=\"image.default\">\n\t\t\t\t<div class=\"elementor-widget-container\">\n\t\t\t\t\t\t\t\t\t\t\t\t\t\t\t<img fetchpriority=\"high\" decoding=\"async\" width=\"800\" height=\"566\" src=\"https:\/\/rosanacl.com\/wp-content\/uploads\/2025\/08\/comprar-lenceria-online-1024x724.jpg\" class=\"attachment-large size-large wp-image-3687\" alt=\"\" srcset=\"https:\/\/rosanacl.com\/wp-content\/uploads\/2025\/08\/comprar-lenceria-online-1024x724.jpg 1024w, https:\/\/rosanacl.com\/wp-content\/uploads\/2025\/08\/comprar-lenceria-online-300x212.jpg 300w, https:\/\/rosanacl.com\/wp-content\/uploads\/2025\/08\/comprar-lenceria-online-768x543.jpg 768w, https:\/\/rosanacl.com\/wp-content\/uploads\/2025\/08\/comprar-lenceria-online-1536x1086.jpg 1536w, https:\/\/rosanacl.com\/wp-content\/uploads\/2025\/08\/comprar-lenceria-online-18x12.jpg 18w, https:\/\/rosanacl.com\/wp-content\/uploads\/2025\/08\/comprar-lenceria-online-600x424.jpg 600w, https:\/\/rosanacl.com\/wp-content\/uploads\/2025\/08\/comprar-lenceria-online.jpg 2000w\" sizes=\"(max-width: 800px) 100vw, 800px\" \/>\t\t\t\t\t\t\t\t\t\t\t\t\t\t\t<\/div>\n\t\t\t\t<\/div>\n\t\t\t\t<\/div>\n\t\t\t\t\t<\/div>\n\t\t\t\t<\/div>\n\t\t<div class=\"elementor-element elementor-element-5e380fb e-flex e-con-boxed e-con e-parent\" data-id=\"5e380fb\" data-element_type=\"container\" data-e-type=\"container\">\n\t\t\t\t\t<div class=\"e-con-inner\">\n\t\t<div class=\"elementor-element elementor-element-a763375 e-con-full e-flex e-con e-child\" data-id=\"a763375\" data-element_type=\"container\" data-e-type=\"container\">\n\t\t\t\t<div class=\"elementor-element elementor-element-a8aecc4 elementor-widget elementor-widget-image\" data-id=\"a8aecc4\" data-element_type=\"widget\" data-e-type=\"widget\" data-widget_type=\"image.default\">\n\t\t\t\t<div class=\"elementor-widget-container\">\n\t\t\t\t\t\t\t\t\t\t\t\t\t\t\t<img decoding=\"async\" width=\"800\" height=\"566\" src=\"https:\/\/rosanacl.com\/wp-content\/uploads\/2025\/08\/comprar-lenceria-selene-1024x724.jpg\" class=\"attachment-large size-large wp-image-3688\" alt=\"\" srcset=\"https:\/\/rosanacl.com\/wp-content\/uploads\/2025\/08\/comprar-lenceria-selene-1024x724.jpg 1024w, https:\/\/rosanacl.com\/wp-content\/uploads\/2025\/08\/comprar-lenceria-selene-300x212.jpg 300w, https:\/\/rosanacl.com\/wp-content\/uploads\/2025\/08\/comprar-lenceria-selene-768x543.jpg 768w, https:\/\/rosanacl.com\/wp-content\/uploads\/2025\/08\/comprar-lenceria-selene-1536x1086.jpg 1536w, https:\/\/rosanacl.com\/wp-content\/uploads\/2025\/08\/comprar-lenceria-selene-18x12.jpg 18w, https:\/\/rosanacl.com\/wp-content\/uploads\/2025\/08\/comprar-lenceria-selene-600x424.jpg 600w, https:\/\/rosanacl.com\/wp-content\/uploads\/2025\/08\/comprar-lenceria-selene.jpg 2000w\" sizes=\"(max-width: 800px) 100vw, 800px\" \/>\t\t\t\t\t\t\t\t\t\t\t\t\t\t\t<\/div>\n\t\t\t\t<\/div>\n\t\t\t\t<\/div>\n\t\t<div class=\"elementor-element elementor-element-b02b1e9 e-con-full e-flex e-con e-child\" data-id=\"b02b1e9\" data-element_type=\"container\" data-e-type=\"container\">\n\t\t\t\t<div class=\"elementor-element elementor-element-ca9adbf elementor-widget elementor-widget-text-editor\" data-id=\"ca9adbf\" data-element_type=\"widget\" data-e-type=\"widget\" data-widget_type=\"text-editor.default\">\n\t\t\t\t<div class=\"elementor-widget-container\">\n\t\t\t\t\t\t\t\t\t<h2 data-start=\"1437\" data-end=\"1525\"><strong data-start=\"1440\" data-end=\"1525\">Kupte si podprsenky Selene v Barcelon\u011b: technick\u00e9 poradenstv\u00ed a odborn\u00fd servis<\/strong><\/h2>\n<p data-start=\"1526\" data-end=\"1820\">Jedn\u00edm z nejv\u011bt\u0161\u00edch probl\u00e9m\u016f p\u0159i v\u00fdb\u011bru podprsenky je nespr\u00e1vn\u00e1 velikost. Podle studi\u00ed v oboru v\u00edce ne\u017e 70 % \u017een nenos\u00ed spr\u00e1vnou velikost. Proto, kdy\u017e zva\u017eujete <strong data-start=\"1712\" data-end=\"1755\">Kupte si podprsenky Selene v Barcelon\u011b<\/strong>, Pot\u0159ebujete mnohem v\u00edc ne\u017e jen obchod: pot\u0159ebujete specialistu.<\/p>\n<p data-start=\"1822\" data-end=\"2298\">V Rosana CL nab\u00edz\u00edme odborn\u00e9 poradenstv\u00ed od profesion\u00e1l\u016f s dlouholet\u00fdmi zku\u0161enostmi. Zm\u011b\u0159\u00edme, analyzujeme va\u0161e pot\u0159eby a naslouch\u00e1me va\u0161im preferenc\u00edm, abyste si na\u0161li perfektn\u00ed podprsenku Selene. Pokud hled\u00e1te maxim\u00e1ln\u00ed pohodl\u00ed, doporu\u010dujeme modely s podp\u016frn\u00fdmi ko\u0161\u00ed\u010dky nebo prody\u0161n\u00fdmi materi\u00e1ly. Pokud pot\u0159ebujete oporu, doporu\u010dujeme zes\u00edlen\u00e9 struktury nebo \u0161ir\u0161\u00ed ram\u00ednka. To v\u0161e je mo\u017en\u00e9 d\u00edky na\u0161im hlubok\u00fdm znalostem ka\u017ed\u00e9 kolekce t\u00e9to zna\u010dky.<\/p>\n<p data-start=\"2300\" data-end=\"2603\">Selene je nav\u00edc zn\u00e1m\u00e1 svou rozmanitost\u00ed vzor\u016f, l\u00e1tkami m\u011bkk\u00fdmi na dotek a pom\u011brem kvality a ceny, kter\u00e9mu se jen m\u00e1lo zna\u010dek m\u016f\u017ee rovnat. Proto, kdy\u017e z\u00e1kazn\u00edk chce <strong data-start=\"2471\" data-end=\"2514\">Kupte si podprsenky Selene v Barcelon\u011b<\/strong>, V\u00ed, \u017ee si vyb\u00edr\u00e1 spolehlivou zna\u010dku a obchod, kter\u00fd dan\u00fd produkt skute\u010dn\u011b ovl\u00e1d\u00e1.<\/p>\t\t\t\t\t\t\t\t<\/div>\n\t\t\t\t<\/div>\n\t\t\t\t<\/div>\n\t\t\t\t\t<\/div>\n\t\t\t\t<\/div>\n\t\t<div class=\"elementor-element elementor-element-495e863 e-flex e-con-boxed e-con e-parent\" data-id=\"495e863\" data-element_type=\"container\" data-e-type=\"container\">\n\t\t\t\t\t<div class=\"e-con-inner\">\n\t\t\t\t<div class=\"elementor-element elementor-element-fe47ba3 elementor-widget elementor-widget-text-editor\" data-id=\"fe47ba3\" data-element_type=\"widget\" data-e-type=\"widget\" data-widget_type=\"text-editor.default\">\n\t\t\t\t<div class=\"elementor-widget-container\">\n\t\t\t\t\t\t\t\t\t<h2 data-start=\"2605\" data-end=\"2694\"><strong data-start=\"2608\" data-end=\"2694\">Kupte si podprsenky Selene v Barcelon\u011b: pohodln\u00fd a bezpe\u010dn\u00fd n\u00e1kupn\u00ed z\u00e1\u017eitek<\/strong><\/h2>\n<p data-start=\"2695\" data-end=\"2951\">V Rosana CL db\u00e1me na ka\u017ed\u00fd detail: od prezentace produkt\u016f a\u017e po snadn\u00fd n\u00e1kup, v\u010detn\u011b jasn\u00fdch podm\u00ednek v\u00fdm\u011bny a vr\u00e1cen\u00ed zbo\u017e\u00ed. To je obzvl\u00e1\u0161t\u011b d\u016fle\u017eit\u00e9 u spodn\u00edho pr\u00e1dla, kde je pohodl\u00ed nezbytn\u00e9.<\/p>\n<p data-start=\"2953\" data-end=\"3343\">N\u00e1\u0161 obchod je navr\u017een tak, abyste mohli <strong data-start=\"2997\" data-end=\"3040\">Kupte si podprsenky Selene v Barcelon\u011b<\/strong> Praktick\u00fdm, p\u0159\u00edmo\u010dar\u00fdm a zcela bezpe\u010dn\u00fdm zp\u016fsobem. Pokud d\u00e1v\u00e1te p\u0159ednost osobn\u00ed n\u00e1v\u0161t\u011bv\u011b, r\u00e1di v\u00e1m pom\u016f\u017eeme a umo\u017en\u00edme v\u00e1m vyzkou\u0161et a porovnat modely. Pokud d\u00e1v\u00e1te p\u0159ednost online n\u00e1kupu, nab\u00edz\u00edme intuitivn\u00ed a rychl\u00fd servis s p\u0159\u00edmou podporou, kter\u00e1 zodpov\u00ed va\u0161e dotazy v re\u00e1ln\u00e9m \u010dase.<\/p>\n<p data-start=\"3345\" data-end=\"3535\">Volba Rosana CL znamen\u00e1 volbu kvality, personalizovan\u00e9ho servisu a hlubok\u00fdch znalost\u00ed produkt\u016f. Proto n\u00e1s st\u00e1le v\u00edce \u017een doporu\u010duje, kdy\u017e hledaj\u00ed produkty. <strong data-start=\"3491\" data-end=\"3534\">Kupte si podprsenky Selene v Barcelon\u011b<\/strong>.<\/p>\t\t\t\t\t\t\t\t<\/div>\n\t\t\t\t<\/div>\n\t\t\t\t\t<\/div>\n\t\t\t\t<\/div>\n\t\t<div class=\"elementor-element elementor-element-d05ed3a e-flex e-con-boxed e-con e-parent\" data-id=\"d05ed3a\" data-element_type=\"container\" data-e-type=\"container\">\n\t\t\t\t\t<div class=\"e-con-inner\">\n\t\t\t\t<div class=\"elementor-element elementor-element-b883e86 elementor-widget elementor-widget-heading\" data-id=\"b883e86\" data-element_type=\"widget\" data-e-type=\"widget\" data-widget_type=\"heading.default\">\n\t\t\t\t<div class=\"elementor-widget-container\">\n\t\t\t\t\t<h2 class=\"elementor-heading-title elementor-size-default\">Kontaktujte n\u00e1s <\/h2>\t\t\t\t<\/div>\n\t\t\t\t<\/div>\n\t\t\t\t\t<\/div>\n\t\t\t\t<\/div>\n\t\t<div class=\"elementor-element elementor-element-00e20e2 e-flex e-con-boxed e-con e-parent\" data-id=\"00e20e2\" data-element_type=\"container\" data-e-type=\"container\">\n\t\t\t\t\t<div class=\"e-con-inner\">\n\t\t<div class=\"elementor-element elementor-element-8ad8f7b e-con-full e-flex e-con e-child\" data-id=\"8ad8f7b\" data-element_type=\"container\" data-e-type=\"container\">\n\t\t\t\t<div class=\"elementor-element elementor-element-888944a elementor-widget__width-initial elementor-widget elementor-widget-elementskit-contact-form7\" data-id=\"888944a\" data-element_type=\"widget\" data-e-type=\"widget\" data-widget_type=\"elementskit-contact-form7.default\">\n\t\t\t\t<div class=\"elementor-widget-container\">\n\t\t\t\t\t<div class=\"ekit-wid-con\" ><div class=\"ekit-form\">\n<div class=\"wpcf7 no-js\" id=\"wpcf7-f48-o1\" lang=\"es-ES\" dir=\"ltr\" data-wpcf7-id=\"48\">\n<div class=\"screen-reader-response\"><p role=\"status\" aria-live=\"polite\" aria-atomic=\"true\"><\/p> <ul><\/ul><\/div>\n<form action=\"\/de\/wp-json\/wp\/v2\/pages\/4182#wpcf7-f48-o1\" method=\"post\" class=\"wpcf7-form init\" aria-label=\"Kontaktn\u00ed formul\u00e1\u0159\" novalidate=\"novalidate\" data-status=\"init\" data-trp-original-action=\"\/de\/wp-json\/wp\/v2\/pages\/4182#wpcf7-f48-o1\">\n<fieldset class=\"hidden-fields-container\"><input type=\"hidden\" name=\"_wpcf7\" value=\"48\" \/><input type=\"hidden\" name=\"_wpcf7_version\" value=\"6.1.5\" \/><input type=\"hidden\" name=\"_wpcf7_locale\" value=\"es_ES\" \/><input type=\"hidden\" name=\"_wpcf7_unit_tag\" value=\"wpcf7-f48-o1\" \/><input type=\"hidden\" name=\"_wpcf7_container_post\" value=\"0\" \/><input type=\"hidden\" name=\"_wpcf7_posted_data_hash\" value=\"\" \/><input type=\"hidden\" name=\"_wpcf7_recaptcha_response\" value=\"\" \/>\n<\/fieldset>\n<div class=\"form-row\">\n\t<div class=\"form-column\">\n\t\t<p><span class=\"wpcf7-form-control-wrap\" data-name=\"nombre\"><input size=\"40\" maxlength=\"400\" class=\"wpcf7-form-control wpcf7-text wpcf7-validates-as-required\" aria-required=\"true\" aria-invalid=\"false\" placeholder=\"Jm\u00e9no\" value=\"\" type=\"text\" name=\"nombre\" \/><\/span>\n\t\t<\/p>\n\t<\/div>\n\t<div class=\"form-column\">\n\t\t<p><span class=\"wpcf7-form-control-wrap\" data-name=\"telefono\"><input size=\"40\" maxlength=\"400\" class=\"wpcf7-form-control wpcf7-tel wpcf7-validates-as-required wpcf7-text wpcf7-validates-as-tel\" aria-required=\"true\" aria-invalid=\"false\" placeholder=\"Telefon *\" value=\"\" type=\"tel\" name=\"telefono\" \/><\/span>\n\t\t<\/p>\n\t<\/div>\n<\/div>\n<div class=\"form-row\">\n\t<div class=\"form-column\">\n\t\t<p><span class=\"wpcf7-form-control-wrap\" data-name=\"email\"><input size=\"40\" maxlength=\"400\" class=\"wpcf7-form-control wpcf7-email wpcf7-validates-as-required wpcf7-text wpcf7-validates-as-email\" aria-required=\"true\" aria-invalid=\"false\" placeholder=\"E-mail *\" value=\"\" type=\"email\" name=\"email\" \/><\/span>\n\t\t<\/p>\n\t<\/div>\n\t<div class=\"form-column\">\n\t\t<p><span class=\"wpcf7-form-control-wrap\" data-name=\"asunto\"><input size=\"40\" maxlength=\"400\" class=\"wpcf7-form-control wpcf7-text wpcf7-validates-as-required\" aria-required=\"true\" aria-invalid=\"false\" placeholder=\"Af\u00e9ra *\" value=\"\" type=\"text\" name=\"asunto\" \/><\/span>\n\t\t<\/p>\n\t<\/div>\n<\/div>\n<p><span class=\"wpcf7-form-control-wrap\" data-name=\"mensaje\"><textarea cols=\"40\" rows=\"10\" maxlength=\"2000\" class=\"wpcf7-form-control wpcf7-textarea wpcf7-validates-as-required\" aria-required=\"true\" aria-invalid=\"false\" placeholder=\"Zpr\u00e1va\" name=\"mensaje\"><\/textarea><\/span>\n<\/p>\n<p class=\"legal-priv\"><span class=\"wpcf7-form-control-wrap\" data-name=\"acceptance-787\"><span class=\"wpcf7-form-control wpcf7-acceptance\"><span class=\"wpcf7-list-item\"><label><input type=\"checkbox\" name=\"acceptance-787\" value=\"1\" aria-invalid=\"false\" \/><span class=\"wpcf7-list-item-label\">P\u0159e\u010detl(a) jsem si a souhlas\u00edm s <a href=\"https:\/\/rosanacl.com\/cs\/politica-de-privacidad\/\">Z\u00e1sady ochrany osobn\u00edch \u00fadaj\u016f<\/a><\/span><\/label><\/span><\/span><\/span>\n<\/p>\n<p><input class=\"wpcf7-form-control wpcf7-submit has-spinner\" type=\"submit\" value=\"ODESLAT ZPR\u00c1VU\" \/>\n<\/p><div class=\"wpcf7-response-output\" aria-hidden=\"true\"><\/div>\n<input type=\"hidden\" name=\"trp-form-language\" value=\"cs\"\/><\/form>\n<\/div>\n<\/div><\/div>\t\t\t\t<\/div>\n\t\t\t\t<\/div>\n\t\t\t\t<\/div>\n\t\t\t\t\t<\/div>\n\t\t\t\t<\/div>\n\t\t\t\t<\/div>","protected":false},"excerpt":{"rendered":"<p>Comprar sujetadores Selene en Barcelona Comprar sujetadores Selene en Barcelona: variedad real pensada para cada mujer Cuando una mujer busca comprar sujetadores Selene en Barcelona, lo que realmente quiere es una combinaci\u00f3n de dise\u00f1o, comodidad y un ajuste impecable. En Rosana CL entendemos que cada cuerpo es \u00fanico, y por eso ofrecemos un cat\u00e1logo actualizado [&hellip;]<\/p>\n","protected":false},"author":1,"featured_media":0,"parent":0,"menu_order":0,"comment_status":"closed","ping_status":"closed","template":"","meta":{"content-type":"","footnotes":""},"class_list":["post-4182","page","type-page","status-publish","hentry"],"yoast_head":"<!-- This site is optimized with the Yoast SEO plugin v27.4 - https:\/\/yoast.com\/product\/yoast-seo-wordpress\/ -->\n<title>Comprar sujetadores Selene en Barcelona - Rosana CL<\/title>\n<meta name=\"robots\" content=\"index, follow, max-snippet:-1, max-image-preview:large, max-video-preview:-1\" \/>\n<link rel=\"canonical\" href=\"https:\/\/rosanacl.com\/cs\/comprar-sujetadores-selene-en-barcelona\/\" \/>\n<meta property=\"og:locale\" content=\"cs_CZ\" \/>\n<meta property=\"og:type\" content=\"article\" \/>\n<meta property=\"og:title\" content=\"Comprar sujetadores Selene en Barcelona - Rosana CL\" \/>\n<meta property=\"og:description\" content=\"Comprar sujetadores Selene en Barcelona Comprar sujetadores Selene en Barcelona: variedad real pensada para cada mujer Cuando una mujer busca comprar sujetadores Selene en Barcelona, lo que realmente quiere es una combinaci\u00f3n de dise\u00f1o, comodidad y un ajuste impecable. En Rosana CL entendemos que cada cuerpo es \u00fanico, y por eso ofrecemos un cat\u00e1logo actualizado [&hellip;]\" \/>\n<meta property=\"og:url\" content=\"https:\/\/rosanacl.com\/cs\/comprar-sujetadores-selene-en-barcelona\/\" \/>\n<meta property=\"og:site_name\" content=\"Rosana CL\" \/>\n<meta property=\"article:modified_time\" content=\"2025-11-26T23:53:09+00:00\" \/>\n<meta property=\"og:image\" content=\"https:\/\/rosanacl.com\/wp-content\/uploads\/2025\/08\/comprar-lenceria-online.jpg\" \/>\n\t<meta property=\"og:image:width\" content=\"2000\" \/>\n\t<meta property=\"og:image:height\" content=\"1414\" \/>\n\t<meta property=\"og:image:type\" content=\"image\/jpeg\" \/>\n<meta name=\"twitter:card\" content=\"summary_large_image\" \/>\n<meta name=\"twitter:label1\" content=\"Odhadovan\u00e1 doba \u010dten\u00ed\" \/>\n\t<meta name=\"twitter:data1\" content=\"2 minuty\" \/>\n<script type=\"application\/ld+json\" class=\"yoast-schema-graph\">{\"@context\":\"https:\\\/\\\/schema.org\",\"@graph\":[{\"@type\":\"WebPage\",\"@id\":\"https:\\\/\\\/rosanacl.com\\\/comprar-sujetadores-selene-en-barcelona\\\/\",\"url\":\"https:\\\/\\\/rosanacl.com\\\/comprar-sujetadores-selene-en-barcelona\\\/\",\"name\":\"Comprar sujetadores Selene en Barcelona - Rosana CL\",\"isPartOf\":{\"@id\":\"https:\\\/\\\/rosanacl.com\\\/ca\\\/#website\"},\"primaryImageOfPage\":{\"@id\":\"https:\\\/\\\/rosanacl.com\\\/comprar-sujetadores-selene-en-barcelona\\\/#primaryimage\"},\"image\":{\"@id\":\"https:\\\/\\\/rosanacl.com\\\/comprar-sujetadores-selene-en-barcelona\\\/#primaryimage\"},\"thumbnailUrl\":\"https:\\\/\\\/rosanacl.com\\\/wp-content\\\/uploads\\\/2025\\\/08\\\/comprar-lenceria-online-1024x724.jpg\",\"datePublished\":\"2025-11-26T23:49:16+00:00\",\"dateModified\":\"2025-11-26T23:53:09+00:00\",\"breadcrumb\":{\"@id\":\"https:\\\/\\\/rosanacl.com\\\/comprar-sujetadores-selene-en-barcelona\\\/#breadcrumb\"},\"inLanguage\":\"cs\",\"potentialAction\":[{\"@type\":\"ReadAction\",\"target\":[\"https:\\\/\\\/rosanacl.com\\\/comprar-sujetadores-selene-en-barcelona\\\/\"]}]},{\"@type\":\"ImageObject\",\"inLanguage\":\"cs\",\"@id\":\"https:\\\/\\\/rosanacl.com\\\/comprar-sujetadores-selene-en-barcelona\\\/#primaryimage\",\"url\":\"https:\\\/\\\/rosanacl.com\\\/wp-content\\\/uploads\\\/2025\\\/08\\\/comprar-lenceria-online-1024x724.jpg\",\"contentUrl\":\"https:\\\/\\\/rosanacl.com\\\/wp-content\\\/uploads\\\/2025\\\/08\\\/comprar-lenceria-online-1024x724.jpg\"},{\"@type\":\"BreadcrumbList\",\"@id\":\"https:\\\/\\\/rosanacl.com\\\/comprar-sujetadores-selene-en-barcelona\\\/#breadcrumb\",\"itemListElement\":[{\"@type\":\"ListItem\",\"position\":1,\"name\":\"Portada\",\"item\":\"https:\\\/\\\/rosanacl.com\\\/ca\\\/\"},{\"@type\":\"ListItem\",\"position\":2,\"name\":\"Comprar sujetadores Selene en Barcelona\"}]},{\"@type\":\"WebSite\",\"@id\":\"https:\\\/\\\/rosanacl.com\\\/ca\\\/#website\",\"url\":\"https:\\\/\\\/rosanacl.com\\\/ca\\\/\",\"name\":\"Rosana CL\",\"description\":\"Somos tu interior\",\"potentialAction\":[{\"@type\":\"SearchAction\",\"target\":{\"@type\":\"EntryPoint\",\"urlTemplate\":\"https:\\\/\\\/rosanacl.com\\\/ca\\\/?s={search_term_string}\"},\"query-input\":{\"@type\":\"PropertyValueSpecification\",\"valueRequired\":true,\"valueName\":\"search_term_string\"}}],\"inLanguage\":\"cs\"}]}<\/script>\n<!-- \/ Yoast SEO plugin. -->","yoast_head_json":{"title":"Comprar sujetadores Selene en Barcelona - Rosana CL","robots":{"index":"index","follow":"follow","max-snippet":"max-snippet:-1","max-image-preview":"max-image-preview:large","max-video-preview":"max-video-preview:-1"},"canonical":"https:\/\/rosanacl.com\/cs\/comprar-sujetadores-selene-en-barcelona\/","og_locale":"cs_CZ","og_type":"article","og_title":"Comprar sujetadores Selene en Barcelona - Rosana CL","og_description":"Comprar sujetadores Selene en Barcelona Comprar sujetadores Selene en Barcelona: variedad real pensada para cada mujer Cuando una mujer busca comprar sujetadores Selene en Barcelona, lo que realmente quiere es una combinaci\u00f3n de dise\u00f1o, comodidad y un ajuste impecable. En Rosana CL entendemos que cada cuerpo es \u00fanico, y por eso ofrecemos un cat\u00e1logo actualizado [&hellip;]","og_url":"https:\/\/rosanacl.com\/cs\/comprar-sujetadores-selene-en-barcelona\/","og_site_name":"Rosana CL","article_modified_time":"2025-11-26T23:53:09+00:00","og_image":[{"width":2000,"height":1414,"url":"https:\/\/rosanacl.com\/wp-content\/uploads\/2025\/08\/comprar-lenceria-online.jpg","type":"image\/jpeg"}],"twitter_card":"summary_large_image","twitter_misc":{"Odhadovan\u00e1 doba \u010dten\u00ed":"2 minuty"},"schema":{"@context":"https:\/\/schema.org","@graph":[{"@type":"WebPage","@id":"https:\/\/rosanacl.com\/comprar-sujetadores-selene-en-barcelona\/","url":"https:\/\/rosanacl.com\/comprar-sujetadores-selene-en-barcelona\/","name":"Comprar sujetadores Selene en Barcelona - Rosana CL","isPartOf":{"@id":"https:\/\/rosanacl.com\/ca\/#website"},"primaryImageOfPage":{"@id":"https:\/\/rosanacl.com\/comprar-sujetadores-selene-en-barcelona\/#primaryimage"},"image":{"@id":"https:\/\/rosanacl.com\/comprar-sujetadores-selene-en-barcelona\/#primaryimage"},"thumbnailUrl":"https:\/\/rosanacl.com\/wp-content\/uploads\/2025\/08\/comprar-lenceria-online-1024x724.jpg","datePublished":"2025-11-26T23:49:16+00:00","dateModified":"2025-11-26T23:53:09+00:00","breadcrumb":{"@id":"https:\/\/rosanacl.com\/comprar-sujetadores-selene-en-barcelona\/#breadcrumb"},"inLanguage":"cs","potentialAction":[{"@type":"ReadAction","target":["https:\/\/rosanacl.com\/comprar-sujetadores-selene-en-barcelona\/"]}]},{"@type":"ImageObject","inLanguage":"cs","@id":"https:\/\/rosanacl.com\/comprar-sujetadores-selene-en-barcelona\/#primaryimage","url":"https:\/\/rosanacl.com\/wp-content\/uploads\/2025\/08\/comprar-lenceria-online-1024x724.jpg","contentUrl":"https:\/\/rosanacl.com\/wp-content\/uploads\/2025\/08\/comprar-lenceria-online-1024x724.jpg"},{"@type":"BreadcrumbList","@id":"https:\/\/rosanacl.com\/comprar-sujetadores-selene-en-barcelona\/#breadcrumb","itemListElement":[{"@type":"ListItem","position":1,"name":"Portada","item":"https:\/\/rosanacl.com\/ca\/"},{"@type":"ListItem","position":2,"name":"Comprar sujetadores Selene en Barcelona"}]},{"@type":"WebSite","@id":"https:\/\/rosanacl.com\/ca\/#website","url":"https:\/\/rosanacl.com\/ca\/","name":"Rosana CL","description":"Jsme v\u00e1\u0161 interi\u00e9r","potentialAction":[{"@type":"SearchAction","target":{"@type":"EntryPoint","urlTemplate":"https:\/\/rosanacl.com\/ca\/?s={search_term_string}"},"query-input":{"@type":"PropertyValueSpecification","valueRequired":true,"valueName":"search_term_string"}}],"inLanguage":"cs"}]}},"_links":{"self":[{"href":"https:\/\/rosanacl.com\/cs\/wp-json\/wp\/v2\/pages\/4182","targetHints":{"allow":["GET"]}}],"collection":[{"href":"https:\/\/rosanacl.com\/cs\/wp-json\/wp\/v2\/pages"}],"about":[{"href":"https:\/\/rosanacl.com\/cs\/wp-json\/wp\/v2\/types\/page"}],"author":[{"embeddable":true,"href":"https:\/\/rosanacl.com\/cs\/wp-json\/wp\/v2\/users\/1"}],"replies":[{"embeddable":true,"href":"https:\/\/rosanacl.com\/cs\/wp-json\/wp\/v2\/comments?post=4182"}],"version-history":[{"count":0,"href":"https:\/\/rosanacl.com\/cs\/wp-json\/wp\/v2\/pages\/4182\/revisions"}],"wp:attachment":[{"href":"https:\/\/rosanacl.com\/cs\/wp-json\/wp\/v2\/media?parent=4182"}],"curies":[{"name":"wp","href":"https:\/\/api.w.org\/{rel}","templated":true}]}}