{"id":62,"date":"2025-04-24T16:44:06","date_gmt":"2025-04-24T14:44:06","guid":{"rendered":"https:\/\/rosanacl.com\/?page_id=62"},"modified":"2025-09-12T11:40:29","modified_gmt":"2025-09-12T09:40:29","slug":"nosotros","status":"publish","type":"page","link":"https:\/\/rosanacl.com\/cs\/nosotros\/","title":{"rendered":"N\u00e1s"},"content":{"rendered":"<div data-elementor-type=\"wp-page\" data-elementor-id=\"62\" class=\"elementor elementor-62\" data-elementor-post-type=\"page\">\n\t\t\t\t<div class=\"elementor-element elementor-element-29758df e-flex e-con-boxed e-con e-parent\" data-id=\"29758df\" data-element_type=\"container\" data-e-type=\"container\" data-settings=\"{&quot;background_background&quot;:&quot;classic&quot;}\">\n\t\t\t\t\t<div class=\"e-con-inner\">\n\t\t<div class=\"elementor-element elementor-element-7331001 e-con-full e-flex e-con e-child\" data-id=\"7331001\" data-element_type=\"container\" data-e-type=\"container\">\n\t\t\t\t<div class=\"elementor-element elementor-element-3ad39ec elementor-widget elementor-widget-heading\" data-id=\"3ad39ec\" data-element_type=\"widget\" data-e-type=\"widget\" data-widget_type=\"heading.default\">\n\t\t\t\t<div class=\"elementor-widget-container\">\n\t\t\t\t\t<h2 class=\"elementor-heading-title elementor-size-default\">N\u00e1s<\/h2>\t\t\t\t<\/div>\n\t\t\t\t<\/div>\n\t\t\t\t<\/div>\n\t\t\t\t\t<\/div>\n\t\t\t\t<\/div>\n\t\t<div class=\"elementor-element elementor-element-2076fcf e-flex e-con-boxed e-con e-parent\" data-id=\"2076fcf\" data-element_type=\"container\" data-e-type=\"container\">\n\t\t\t\t\t<div class=\"e-con-inner\">\n\t\t<div class=\"elementor-element elementor-element-98294d9 e-con-full e-flex e-con e-child\" data-id=\"98294d9\" data-element_type=\"container\" data-e-type=\"container\">\n\t\t\t\t<div class=\"elementor-element elementor-element-5a86561 elementor-widget elementor-widget-heading\" data-id=\"5a86561\" data-element_type=\"widget\" data-e-type=\"widget\" data-widget_type=\"heading.default\">\n\t\t\t\t<div class=\"elementor-widget-container\">\n\t\t\t\t\t<h2 class=\"elementor-heading-title elementor-size-default\">V\u00edce ne\u017e 40 let zku\u0161enost\u00ed ve slu\u017eb\u00e1ch va\u0161eho pohodl\u00ed a stylu<\/h2>\t\t\t\t<\/div>\n\t\t\t\t<\/div>\n\t\t\t\t<div class=\"elementor-element elementor-element-ab6a0aa elementor-widget elementor-widget-text-editor\" data-id=\"ab6a0aa\" data-element_type=\"widget\" data-e-type=\"widget\" data-widget_type=\"text-editor.default\">\n\t\t\t\t<div class=\"elementor-widget-container\">\n\t\t\t\t\t\t\t\t\t<p>V Rosana CL se specializujeme na spodn\u00ed pr\u00e1dlo a korzety a m\u00e1me v\u00edce ne\u017e \u010dty\u0159icetiletou historii podpory \u017een v ka\u017ed\u00e9 f\u00e1zi jejich \u017eivota.<br \/>Na\u0161e v\u00e1\u0161e\u0148 pro nab\u00edzen\u00ed kvalitn\u00edch produkt\u016f ur\u010den\u00fdch pro pohodu a kr\u00e1su \u017een n\u00e1s etablovala jako d\u016fv\u011bryhodn\u00e9ho l\u00eddra v oboru.<br \/>Spolupracujeme exkluzivn\u011b se Selene, jednou z nejpresti\u017en\u011bj\u0161\u00edch n\u00e1rodn\u00edch zna\u010dek, a ka\u017ed\u00fd kus oble\u010den\u00ed vyb\u00edr\u00e1me s maxim\u00e1ln\u00ed p\u00e9\u010d\u00ed, abychom v\u00e1m nab\u00eddli podprsenky, kalhotky a body, kter\u00e9 v sob\u011b spojuj\u00ed design, inovaci a pohodl\u00ed.<br \/>V\u011b\u0159\u00edme, \u017ee spodn\u00ed pr\u00e1dlo je mnohem v\u00edc ne\u017e jen nutnost: je to zp\u016fsob, jak se o sebe starat, c\u00edtit se sebev\u011bdom\u011b a vyj\u00e1d\u0159it svou osobnost zevnit\u0159.<br \/>D\u011bkujeme za va\u0161i d\u016fv\u011bru. Jste v t\u011bch nejlep\u0161\u00edch rukou.<\/p>\t\t\t\t\t\t\t\t<\/div>\n\t\t\t\t<\/div>\n\t\t\t\t<div class=\"elementor-element elementor-element-bba4d8e elementor-widget elementor-widget-heading\" data-id=\"bba4d8e\" data-element_type=\"widget\" data-e-type=\"widget\" data-widget_type=\"heading.default\">\n\t\t\t\t<div class=\"elementor-widget-container\">\n\t\t\t\t\t<h2 class=\"elementor-heading-title elementor-size-default\">Zakl\u00e1d\u00e1me si na kvalit\u011b a dom\u00e1c\u00ed v\u00fdrob\u011b\n<\/h2>\t\t\t\t<\/div>\n\t\t\t\t<\/div>\n\t\t\t\t<div class=\"elementor-element elementor-element-943d507 elementor-widget elementor-widget-text-editor\" data-id=\"943d507\" data-element_type=\"widget\" data-e-type=\"widget\" data-widget_type=\"text-editor.default\">\n\t\t\t\t<div class=\"elementor-widget-container\">\n\t\t\t\t\t\t\t\t\t<p>Podstata toho, co je dob\u0159e ud\u011blan\u00e9<br \/>V Rosana CL pevn\u011b v\u011b\u0159\u00edme v kvalitu jako z\u00e1klad v\u0161eho, co d\u011bl\u00e1me. Proto spolupracujeme exkluzivn\u011b se zna\u010dkou Selene, kter\u00e1 navrhuje a vyr\u00e1b\u00ed ve \u0160pan\u011blsku. Db\u00e1me na ka\u017ed\u00fd detail, abychom v\u00e1m mohli nab\u00eddnout od\u011bvy, kter\u00e9 kombinuj\u00ed odolnost, pohodl\u00ed a kr\u00e1su.<br \/>Ka\u017ed\u00e1 podprsenka, kalhotky nebo body odr\u00e1\u017e\u00ed odborn\u00e9 znalosti z\u00edskan\u00e9 na z\u00e1klad\u011b desetilet\u00ed textiln\u00ed praxe, v\u00fdb\u011bru vysoce kvalitn\u00edch materi\u00e1l\u016f a respektov\u00e1n\u00ed nejvy\u0161\u0161\u00edch v\u00fdrobn\u00edch standard\u016f.<br \/>Koup\u011b Selene znamen\u00e1 investici do \u0159emesln\u00e9ho zpracov\u00e1n\u00ed, inteligentn\u00edho designu a z\u00e1vazku k n\u00e1rodn\u00ed excelenci.<\/p>\t\t\t\t\t\t\t\t<\/div>\n\t\t\t\t<\/div>\n\t\t\t\t<\/div>\n\t\t<div class=\"elementor-element elementor-element-957adc5 e-con-full e-flex e-con e-child\" data-id=\"957adc5\" data-element_type=\"container\" data-e-type=\"container\" data-settings=\"{&quot;background_background&quot;:&quot;classic&quot;}\">\n\t\t\t\t<\/div>\n\t\t\t\t\t<\/div>\n\t\t\t\t<\/div>\n\t\t<div class=\"elementor-element elementor-element-d3a40cb e-flex e-con-boxed e-con e-parent\" data-id=\"d3a40cb\" data-element_type=\"container\" data-e-type=\"container\" data-settings=\"{&quot;background_background&quot;:&quot;classic&quot;}\">\n\t\t\t\t\t<div class=\"e-con-inner\">\n\t\t<div class=\"elementor-element elementor-element-f129f21 e-con-full e-flex e-con e-child\" data-id=\"f129f21\" data-element_type=\"container\" data-e-type=\"container\">\n\t\t\t\t<div class=\"elementor-element elementor-element-b7030d2 elementor-widget elementor-widget-heading\" data-id=\"b7030d2\" data-element_type=\"widget\" data-e-type=\"widget\" data-widget_type=\"heading.default\">\n\t\t\t\t<div class=\"elementor-widget-container\">\n\t\t\t\t\t<h2 class=\"elementor-heading-title elementor-size-default\">Obl\u00e9kn\u011bte si sv\u016fj den s eleganc\u00ed a pohodl\u00edm\n<\/h2>\t\t\t\t<\/div>\n\t\t\t\t<\/div>\n\t\t\t\t<div class=\"elementor-element elementor-element-8e5ebf9 elementor-widget elementor-widget-text-editor\" data-id=\"8e5ebf9\" data-element_type=\"widget\" data-e-type=\"widget\" data-widget_type=\"text-editor.default\">\n\t\t\t\t<div class=\"elementor-widget-container\">\n\t\t\t\t\t\t\t\t\t<p>V Rosana CL je ka\u017ed\u00fd kus oble\u010den\u00ed navr\u017een tak, aby zd\u016fraznil va\u0161i p\u0159irozenou kr\u00e1su a stylov\u011b v\u00e1s doprov\u00e1zel v ka\u017ed\u00e9m okam\u017eiku. Objevte na\u0161i nab\u00eddku spodn\u00edho pr\u00e1dla Selene a poc\u00edt\u00edte rozd\u00edl v ka\u017ed\u00e9m detailu.<\/p>\t\t\t\t\t\t\t\t<\/div>\n\t\t\t\t<\/div>\n\t\t\t\t<div class=\"elementor-element elementor-element-bfb4b50 elementor-mobile-align-center elementor-widget elementor-widget-button\" data-id=\"bfb4b50\" data-element_type=\"widget\" data-e-type=\"widget\" data-widget_type=\"button.default\">\n\t\t\t\t<div class=\"elementor-widget-container\">\n\t\t\t\t\t\t\t\t\t<div class=\"elementor-button-wrapper\">\n\t\t\t\t\t<a class=\"elementor-button elementor-button-link elementor-size-sm elementor-animation-grow\" href=\"https:\/\/rosanacl.com\/cs\/tienda\/\">\n\t\t\t\t\t\t<span class=\"elementor-button-content-wrapper\">\n\t\t\t\t\t\t<span class=\"elementor-button-icon\">\n\t\t\t\t<svg aria-hidden=\"true\" class=\"e-font-icon-svg e-fas-shopping-bag\" viewbox=\"0 0 448 512\" xmlns=\"http:\/\/www.w3.org\/2000\/svg\"><path d=\"M352 160v-32C352 57.42 294.579 0 224 0 153.42 0 96 57.42 96 128v32H0v272c0 44.183 35.817 80 80 80h288c44.183 0 80-35.817 80-80V160h-96zm-192-32c0-35.29 28.71-64 64-64s64 28.71 64 64v32H160v-32zm160 120c-13.255 0-24-10.745-24-24s10.745-24 24-24 24 10.745 24 24-10.745 24-24 24zm-192 0c-13.255 0-24-10.745-24-24s10.745-24 24-24 24 10.745 24 24-10.745 24-24 24z\"><\/path><\/svg>\t\t\t<\/span>\n\t\t\t\t\t\t\t\t\t<span class=\"elementor-button-text\">Jdi do obchodu<\/span>\n\t\t\t\t\t<\/span>\n\t\t\t\t\t<\/a>\n\t\t\t\t<\/div>\n\t\t\t\t\t\t\t\t<\/div>\n\t\t\t\t<\/div>\n\t\t\t\t<\/div>\n\t\t<div class=\"elementor-element elementor-element-efc66db e-con-full e-flex e-con e-child\" data-id=\"efc66db\" data-element_type=\"container\" data-e-type=\"container\">\n\t\t\t\t<div class=\"elementor-element elementor-element-d227750 elementor-widget elementor-widget-image\" data-id=\"d227750\" data-element_type=\"widget\" data-e-type=\"widget\" data-widget_type=\"image.default\">\n\t\t\t\t<div class=\"elementor-widget-container\">\n\t\t\t\t\t\t\t\t\t\t\t\t\t\t\t<img fetchpriority=\"high\" decoding=\"async\" width=\"663\" height=\"750\" src=\"https:\/\/rosanacl.com\/wp-content\/uploads\/2025\/05\/mujer-905x1024.webp\" class=\"attachment-large size-large wp-image-1519\" alt=\"\" srcset=\"https:\/\/rosanacl.com\/wp-content\/uploads\/2025\/05\/mujer-905x1024.webp 905w, https:\/\/rosanacl.com\/wp-content\/uploads\/2025\/05\/mujer-11x12.webp 11w, https:\/\/rosanacl.com\/wp-content\/uploads\/2025\/05\/mujer-265x300.webp 265w, https:\/\/rosanacl.com\/wp-content\/uploads\/2025\/05\/mujer-768x869.webp 768w, https:\/\/rosanacl.com\/wp-content\/uploads\/2025\/05\/mujer-600x679.webp 600w, https:\/\/rosanacl.com\/wp-content\/uploads\/2025\/05\/mujer.webp 955w\" sizes=\"(max-width: 663px) 100vw, 663px\" \/>\t\t\t\t\t\t\t\t\t\t\t\t\t\t\t<\/div>\n\t\t\t\t<\/div>\n\t\t\t\t<\/div>\n\t\t\t\t\t<\/div>\n\t\t\t\t<\/div>\n\t\t\t\t<\/div>","protected":false},"excerpt":{"rendered":"<p>M\u00e1s de 40 a\u00f1os de experiencia al servicio de tu comodidad y estilo En Rosana CL somos especialistas en lencer\u00eda y corseter\u00eda, con una trayectoria de m\u00e1s de cuatro d\u00e9cadas acompa\u00f1ando a mujeres en cada etapa de su vida.Nuestra pasi\u00f3n por ofrecer productos de calidad, pensados para el bienestar y la belleza femenina, nos ha [&hellip;]<\/p>\n","protected":false},"author":1,"featured_media":0,"parent":0,"menu_order":0,"comment_status":"closed","ping_status":"closed","template":"","meta":{"content-type":"","footnotes":""},"class_list":["post-62","page","type-page","status-publish","hentry"],"yoast_head":"<!-- This site is optimized with the Yoast SEO plugin v27.4 - https:\/\/yoast.com\/product\/yoast-seo-wordpress\/ -->\n<title>Nosotros - Rosana CL<\/title>\n<meta name=\"robots\" content=\"index, follow, max-snippet:-1, max-image-preview:large, max-video-preview:-1\" \/>\n<link rel=\"canonical\" href=\"https:\/\/rosanacl.com\/cs\/nosotros\/\" \/>\n<meta property=\"og:locale\" content=\"cs_CZ\" \/>\n<meta property=\"og:type\" content=\"article\" \/>\n<meta property=\"og:title\" content=\"Nosotros - Rosana CL\" \/>\n<meta property=\"og:description\" content=\"M\u00e1s de 40 a\u00f1os de experiencia al servicio de tu comodidad y estilo En Rosana CL somos especialistas en lencer\u00eda y corseter\u00eda, con una trayectoria de m\u00e1s de cuatro d\u00e9cadas acompa\u00f1ando a mujeres en cada etapa de su vida.Nuestra pasi\u00f3n por ofrecer productos de calidad, pensados para el bienestar y la belleza femenina, nos ha [&hellip;]\" \/>\n<meta property=\"og:url\" content=\"https:\/\/rosanacl.com\/cs\/nosotros\/\" \/>\n<meta property=\"og:site_name\" content=\"Rosana CL\" \/>\n<meta property=\"article:modified_time\" content=\"2025-09-12T09:40:29+00:00\" \/>\n<meta property=\"og:image\" content=\"https:\/\/rosanacl.com\/wp-content\/uploads\/2025\/05\/mujer.webp\" \/>\n\t<meta property=\"og:image:width\" content=\"955\" \/>\n\t<meta property=\"og:image:height\" content=\"1080\" \/>\n\t<meta property=\"og:image:type\" content=\"image\/webp\" \/>\n<meta name=\"twitter:card\" content=\"summary_large_image\" \/>\n<meta name=\"twitter:label1\" content=\"Odhadovan\u00e1 doba \u010dten\u00ed\" \/>\n\t<meta name=\"twitter:data1\" content=\"1 minuta\" \/>\n<script type=\"application\/ld+json\" class=\"yoast-schema-graph\">{\"@context\":\"https:\\\/\\\/schema.org\",\"@graph\":[{\"@type\":\"WebPage\",\"@id\":\"https:\\\/\\\/rosanacl.com\\\/nosotros\\\/\",\"url\":\"https:\\\/\\\/rosanacl.com\\\/nosotros\\\/\",\"name\":\"Nosotros - Rosana CL\",\"isPartOf\":{\"@id\":\"https:\\\/\\\/rosanacl.com\\\/ca\\\/#website\"},\"primaryImageOfPage\":{\"@id\":\"https:\\\/\\\/rosanacl.com\\\/nosotros\\\/#primaryimage\"},\"image\":{\"@id\":\"https:\\\/\\\/rosanacl.com\\\/nosotros\\\/#primaryimage\"},\"thumbnailUrl\":\"https:\\\/\\\/rosanacl.com\\\/wp-content\\\/uploads\\\/2025\\\/05\\\/mujer-905x1024.webp\",\"datePublished\":\"2025-04-24T14:44:06+00:00\",\"dateModified\":\"2025-09-12T09:40:29+00:00\",\"breadcrumb\":{\"@id\":\"https:\\\/\\\/rosanacl.com\\\/nosotros\\\/#breadcrumb\"},\"inLanguage\":\"cs\",\"potentialAction\":[{\"@type\":\"ReadAction\",\"target\":[\"https:\\\/\\\/rosanacl.com\\\/nosotros\\\/\"]}]},{\"@type\":\"ImageObject\",\"inLanguage\":\"cs\",\"@id\":\"https:\\\/\\\/rosanacl.com\\\/nosotros\\\/#primaryimage\",\"url\":\"https:\\\/\\\/rosanacl.com\\\/wp-content\\\/uploads\\\/2025\\\/05\\\/mujer-905x1024.webp\",\"contentUrl\":\"https:\\\/\\\/rosanacl.com\\\/wp-content\\\/uploads\\\/2025\\\/05\\\/mujer-905x1024.webp\"},{\"@type\":\"BreadcrumbList\",\"@id\":\"https:\\\/\\\/rosanacl.com\\\/nosotros\\\/#breadcrumb\",\"itemListElement\":[{\"@type\":\"ListItem\",\"position\":1,\"name\":\"Portada\",\"item\":\"https:\\\/\\\/rosanacl.com\\\/ca\\\/\"},{\"@type\":\"ListItem\",\"position\":2,\"name\":\"Nosotros\"}]},{\"@type\":\"WebSite\",\"@id\":\"https:\\\/\\\/rosanacl.com\\\/ca\\\/#website\",\"url\":\"https:\\\/\\\/rosanacl.com\\\/ca\\\/\",\"name\":\"Rosana CL\",\"description\":\"Somos tu interior\",\"potentialAction\":[{\"@type\":\"SearchAction\",\"target\":{\"@type\":\"EntryPoint\",\"urlTemplate\":\"https:\\\/\\\/rosanacl.com\\\/ca\\\/?s={search_term_string}\"},\"query-input\":{\"@type\":\"PropertyValueSpecification\",\"valueRequired\":true,\"valueName\":\"search_term_string\"}}],\"inLanguage\":\"cs\"}]}<\/script>\n<!-- \/ Yoast SEO plugin. -->","yoast_head_json":{"title":"Nosotros - Rosana CL","robots":{"index":"index","follow":"follow","max-snippet":"max-snippet:-1","max-image-preview":"max-image-preview:large","max-video-preview":"max-video-preview:-1"},"canonical":"https:\/\/rosanacl.com\/cs\/nosotros\/","og_locale":"cs_CZ","og_type":"article","og_title":"Nosotros - Rosana CL","og_description":"M\u00e1s de 40 a\u00f1os de experiencia al servicio de tu comodidad y estilo En Rosana CL somos especialistas en lencer\u00eda y corseter\u00eda, con una trayectoria de m\u00e1s de cuatro d\u00e9cadas acompa\u00f1ando a mujeres en cada etapa de su vida.Nuestra pasi\u00f3n por ofrecer productos de calidad, pensados para el bienestar y la belleza femenina, nos ha [&hellip;]","og_url":"https:\/\/rosanacl.com\/cs\/nosotros\/","og_site_name":"Rosana CL","article_modified_time":"2025-09-12T09:40:29+00:00","og_image":[{"width":955,"height":1080,"url":"https:\/\/rosanacl.com\/wp-content\/uploads\/2025\/05\/mujer.webp","type":"image\/webp"}],"twitter_card":"summary_large_image","twitter_misc":{"Odhadovan\u00e1 doba \u010dten\u00ed":"1 minuta"},"schema":{"@context":"https:\/\/schema.org","@graph":[{"@type":"WebPage","@id":"https:\/\/rosanacl.com\/nosotros\/","url":"https:\/\/rosanacl.com\/nosotros\/","name":"Nosotros - Rosana CL","isPartOf":{"@id":"https:\/\/rosanacl.com\/ca\/#website"},"primaryImageOfPage":{"@id":"https:\/\/rosanacl.com\/nosotros\/#primaryimage"},"image":{"@id":"https:\/\/rosanacl.com\/nosotros\/#primaryimage"},"thumbnailUrl":"https:\/\/rosanacl.com\/wp-content\/uploads\/2025\/05\/mujer-905x1024.webp","datePublished":"2025-04-24T14:44:06+00:00","dateModified":"2025-09-12T09:40:29+00:00","breadcrumb":{"@id":"https:\/\/rosanacl.com\/nosotros\/#breadcrumb"},"inLanguage":"cs","potentialAction":[{"@type":"ReadAction","target":["https:\/\/rosanacl.com\/nosotros\/"]}]},{"@type":"ImageObject","inLanguage":"cs","@id":"https:\/\/rosanacl.com\/nosotros\/#primaryimage","url":"https:\/\/rosanacl.com\/wp-content\/uploads\/2025\/05\/mujer-905x1024.webp","contentUrl":"https:\/\/rosanacl.com\/wp-content\/uploads\/2025\/05\/mujer-905x1024.webp"},{"@type":"BreadcrumbList","@id":"https:\/\/rosanacl.com\/nosotros\/#breadcrumb","itemListElement":[{"@type":"ListItem","position":1,"name":"Portada","item":"https:\/\/rosanacl.com\/ca\/"},{"@type":"ListItem","position":2,"name":"Nosotros"}]},{"@type":"WebSite","@id":"https:\/\/rosanacl.com\/ca\/#website","url":"https:\/\/rosanacl.com\/ca\/","name":"Rosana CL","description":"Jsme v\u00e1\u0161 interi\u00e9r","potentialAction":[{"@type":"SearchAction","target":{"@type":"EntryPoint","urlTemplate":"https:\/\/rosanacl.com\/ca\/?s={search_term_string}"},"query-input":{"@type":"PropertyValueSpecification","valueRequired":true,"valueName":"search_term_string"}}],"inLanguage":"cs"}]}},"_links":{"self":[{"href":"https:\/\/rosanacl.com\/cs\/wp-json\/wp\/v2\/pages\/62","targetHints":{"allow":["GET"]}}],"collection":[{"href":"https:\/\/rosanacl.com\/cs\/wp-json\/wp\/v2\/pages"}],"about":[{"href":"https:\/\/rosanacl.com\/cs\/wp-json\/wp\/v2\/types\/page"}],"author":[{"embeddable":true,"href":"https:\/\/rosanacl.com\/cs\/wp-json\/wp\/v2\/users\/1"}],"replies":[{"embeddable":true,"href":"https:\/\/rosanacl.com\/cs\/wp-json\/wp\/v2\/comments?post=62"}],"version-history":[{"count":0,"href":"https:\/\/rosanacl.com\/cs\/wp-json\/wp\/v2\/pages\/62\/revisions"}],"wp:attachment":[{"href":"https:\/\/rosanacl.com\/cs\/wp-json\/wp\/v2\/media?parent=62"}],"curies":[{"name":"wp","href":"https:\/\/api.w.org\/{rel}","templated":true}]}}