{"id":1294,"date":"2025-04-30T01:08:29","date_gmt":"2025-04-29T23:08:29","guid":{"rendered":"https:\/\/rosanacl.com\/?post_type=product&#038;p=1294"},"modified":"2026-01-07T20:18:28","modified_gmt":"2026-01-07T19:18:28","slug":"sujetador-modelo-sonia","status":"publish","type":"product","link":"https:\/\/rosanacl.com\/cs\/produkt\/sujetador-modelo-sonia\/","title":{"rendered":"Selene Sonia Bra"},"content":{"rendered":"<p>Podprsenka Selene Sonia je navr\u017eena pro ty dny, kdy chcete vypadat co nejl\u00e9pe bez zbyte\u010dn\u00fdch starost\u00ed: jemn\u011b zved\u00e1 poprs\u00ed, zaobluje hrudn\u00edk a vytv\u00e1\u0159\u00ed \u010dist\u00fd, lichotiv\u00fd dekolt. Je to styl, kter\u00fd v\u00e1m od okam\u017eiku, kdy si ho oble\u010dete, poskytuje jistotu a oporu, ani\u017e by vy\u017eadoval neust\u00e1l\u00e9 nastavov\u00e1n\u00ed.<\/p>\n<p>Jeho kostice a push-up ko\u0161\u00ed\u010dky poskytuj\u00ed oporu a lichotiv\u011bj\u0161\u00ed tvar pod oble\u010den\u00edm, ide\u00e1ln\u00ed pro tri\u010dka, p\u0159il\u00e9hav\u00e9 od\u011bvy nebo jak\u00fdkoli outfit, kde chcete elegantn\u011bj\u0161\u00ed siluetu. S ko\u0161\u00ed\u010dky velikosti B je to perfektn\u00ed volba pro ka\u017edodenn\u00ed no\u0161en\u00ed a nab\u00edz\u00ed n\u00e1dech elegance, kter\u00fd je patrn\u00fd, ani\u017e by byl p\u0159ehnan\u00fd.<\/p>\n<p>V\u011bci, kter\u00e9 si na Sonii zamilujete<\/p>\n<ul>\n<li>Kruhy pro p\u0159irozen\u00e9 nab\u00edr\u00e1n\u00ed a vycentrov\u00e1n\u00ed poprs\u00ed.<\/li>\n<li>Ko\u0161\u00ed\u010dky s push-up v\u00fdstelkou pro m\u00edrn\u00e9 a kr\u00e1sn\u00e9 zvednut\u00ed.<\/li>\n<li>Zaoblen\u00fd tvar, kter\u00fd stylizuje v\u00fdst\u0159ih a zd\u016fraz\u0148uje linii poprs\u00ed.<\/li>\n<li>Diskr\u00e9tn\u00ed povrchov\u00e1 \u00faprava pod oble\u010den\u00edm pro jednotn\u011bj\u0161\u00ed efekt.<\/li>\n<li>Stabiln\u00ed opora pro pohodln\u00e9 no\u0161en\u00ed po cel\u00e9 hodiny.<\/li>\n<\/ul>\n<p>\ud83d\udde3\ufe0f Tip: Pokud chcete dos\u00e1hnout efektu \u00abelegance\u00bb, ani\u017e byste to p\u0159ehnali, model Sonia se skv\u011ble hod\u00ed k tri\u010dk\u016fm a p\u0159il\u00e9hav\u00fdm od\u011bv\u016fm: p\u0159i obl\u00e9k\u00e1n\u00ed jej um\u00edst\u011bte dob\u0159e do st\u0159edu a upravte ram\u00ednka tak, aby push-up kousek vypadal p\u0159irozen\u011b a dekolt \u010dist\u011b.<\/p>\n<p>\ud83d\udccf Pozn\u00e1mka: U tohoto modelu, pokud se rovn\u00e1 dv\u011bma velikostem nebo si nejste jisti obvodem, zvolte velikost, kter\u00e1 poskytuje pevnou, ale pohodlnou oporu: pokud se v\u00e1m l\u00edb\u00ed sp\u00ed\u0161e \u00abpohodln\u00e9\u00bb, z\u016fsta\u0148te u sv\u00e9 obvykl\u00e9 velikosti; pokud d\u00e1v\u00e1te p\u0159ednost v\u011bt\u0161\u00edmu pohodl\u00ed (nebo nechcete pocit t\u011bsnosti), zvolte o \u010d\u00edslo v\u011bt\u0161\u00ed velikost.<\/p>\n<p>Slo\u017een\u00ed: 68% Polyamid \/ 17% Elastan \/ 15% Polyester.<\/p>\n<p>\ud83c\udf43 Lehk\u00e9 na no\u0161en\u00ed, kr\u00e1sn\u00e9 na pohled\u2026 a se skute\u010dnou oporou.<\/p>\n<p>&nbsp;<\/p>","protected":false},"excerpt":{"rendered":"<p>El sujetador Selene modelo Sonia est\u00e1 hecho para esos d\u00edas en los que quieres verte m\u00e1s bonita sin complicarte: realza el busto de forma moderada, redondea el pecho y deja un escote limpio y favorecedor. Es un modelo que se siente estable desde que te lo pones, de los que acompa\u00f1an y no te obligan [&hellip;]<\/p>\n","protected":false},"featured_media":1469,"comment_status":"open","ping_status":"closed","template":"","meta":{"content-type":""},"product_brand":[55],"product_cat":[29,20],"product_tag":[56,65],"class_list":{"0":"post-1294","1":"product","2":"type-product","3":"status-publish","4":"has-post-thumbnail","6":"product_brand-selene","7":"product_cat-push-up","8":"product_cat-sujetador","9":"product_tag-sujetador","10":"product_tag-sujetador-push-up","12":"first","13":"instock","14":"taxable","15":"shipping-taxable","16":"purchasable","17":"product-type-variable"},"supplier_id":null,"supplier_sku":"","barcode":null,"atum_controlled":true,"out_stock_date":null,"out_stock_threshold":null,"inheritable":true,"inbound_stock":0,"stock_on_hold":0,"sold_today":0,"sales_last_days":0,"reserved_stock":0,"customer_returns":0,"warehouse_damage":0,"lost_in_post":0,"other_logs":0,"out_stock_days":0,"lost_sales":0,"has_location":false,"update_date":"2026-01-07T19:18:29","atum_locations":[],"atum_stock_status":"instock","restock_status":false,"low_stock_amount":"","sales_update_date":"2025-10-03T04:56:28","calc_backorders":null,"yoast_head":"<!-- This site is optimized with the Yoast SEO plugin v27.4 - https:\/\/yoast.com\/product\/yoast-seo-wordpress\/ -->\n<title>Sujetador Selene Sonia - Rosana CL<\/title>\n<meta name=\"robots\" content=\"index, follow, max-snippet:-1, max-image-preview:large, max-video-preview:-1\" \/>\n<link rel=\"canonical\" href=\"https:\/\/rosanacl.com\/cs\/produkt\/sujetador-modelo-sonia\/\" \/>\n<meta property=\"og:locale\" content=\"cs_CZ\" \/>\n<meta property=\"og:type\" content=\"article\" \/>\n<meta property=\"og:title\" content=\"Sujetador Selene Sonia - Rosana CL\" \/>\n<meta property=\"og:description\" content=\"El sujetador Selene modelo Sonia est\u00e1 hecho para esos d\u00edas en los que quieres verte m\u00e1s bonita sin complicarte: realza el busto de forma moderada, redondea el pecho y deja un escote limpio y favorecedor. Es un modelo que se siente estable desde que te lo pones, de los que acompa\u00f1an y no te obligan [&hellip;]\" \/>\n<meta property=\"og:url\" content=\"https:\/\/rosanacl.com\/cs\/produkt\/sujetador-modelo-sonia\/\" \/>\n<meta property=\"og:site_name\" content=\"Rosana CL\" \/>\n<meta property=\"article:modified_time\" content=\"2026-01-07T19:18:28+00:00\" \/>\n<meta property=\"og:image\" content=\"https:\/\/rosanacl.com\/wp-content\/uploads\/2025\/04\/Sujetador-modelo-Sonia-000001-1.webp\" \/>\n\t<meta property=\"og:image:width\" content=\"1000\" \/>\n\t<meta property=\"og:image:height\" content=\"1000\" \/>\n\t<meta property=\"og:image:type\" content=\"image\/webp\" \/>\n<meta name=\"twitter:card\" content=\"summary_large_image\" \/>\n<meta name=\"twitter:label1\" content=\"Odhadovan\u00e1 doba \u010dten\u00ed\" \/>\n\t<meta name=\"twitter:data1\" content=\"2 minuty\" \/>\n<script type=\"application\/ld+json\" class=\"yoast-schema-graph\">{\"@context\":\"https:\\\/\\\/schema.org\",\"@graph\":[{\"@type\":\"WebPage\",\"@id\":\"https:\\\/\\\/rosanacl.com\\\/producto\\\/sujetador-modelo-sonia\\\/\",\"url\":\"https:\\\/\\\/rosanacl.com\\\/producto\\\/sujetador-modelo-sonia\\\/\",\"name\":\"Sujetador Selene Sonia - Rosana CL\",\"isPartOf\":{\"@id\":\"https:\\\/\\\/rosanacl.com\\\/ca\\\/#website\"},\"primaryImageOfPage\":{\"@id\":\"https:\\\/\\\/rosanacl.com\\\/producto\\\/sujetador-modelo-sonia\\\/#primaryimage\"},\"image\":{\"@id\":\"https:\\\/\\\/rosanacl.com\\\/producto\\\/sujetador-modelo-sonia\\\/#primaryimage\"},\"thumbnailUrl\":\"https:\\\/\\\/rosanacl.com\\\/wp-content\\\/uploads\\\/2025\\\/04\\\/Sujetador-modelo-Sonia-000001-1.webp\",\"datePublished\":\"2025-04-29T23:08:29+00:00\",\"dateModified\":\"2026-01-07T19:18:28+00:00\",\"breadcrumb\":{\"@id\":\"https:\\\/\\\/rosanacl.com\\\/producto\\\/sujetador-modelo-sonia\\\/#breadcrumb\"},\"inLanguage\":\"cs\",\"potentialAction\":[{\"@type\":\"ReadAction\",\"target\":[\"https:\\\/\\\/rosanacl.com\\\/producto\\\/sujetador-modelo-sonia\\\/\"]}]},{\"@type\":\"ImageObject\",\"inLanguage\":\"cs\",\"@id\":\"https:\\\/\\\/rosanacl.com\\\/producto\\\/sujetador-modelo-sonia\\\/#primaryimage\",\"url\":\"https:\\\/\\\/rosanacl.com\\\/wp-content\\\/uploads\\\/2025\\\/04\\\/Sujetador-modelo-Sonia-000001-1.webp\",\"contentUrl\":\"https:\\\/\\\/rosanacl.com\\\/wp-content\\\/uploads\\\/2025\\\/04\\\/Sujetador-modelo-Sonia-000001-1.webp\",\"width\":1000,\"height\":1000},{\"@type\":\"BreadcrumbList\",\"@id\":\"https:\\\/\\\/rosanacl.com\\\/producto\\\/sujetador-modelo-sonia\\\/#breadcrumb\",\"itemListElement\":[{\"@type\":\"ListItem\",\"position\":1,\"name\":\"Portada\",\"item\":\"https:\\\/\\\/rosanacl.com\\\/ca\\\/\"},{\"@type\":\"ListItem\",\"position\":2,\"name\":\"Tienda\",\"item\":\"https:\\\/\\\/rosanacl.com\\\/ca\\\/tienda\\\/\"},{\"@type\":\"ListItem\",\"position\":3,\"name\":\"Sujetador Selene Sonia\"}]},{\"@type\":\"WebSite\",\"@id\":\"https:\\\/\\\/rosanacl.com\\\/ca\\\/#website\",\"url\":\"https:\\\/\\\/rosanacl.com\\\/ca\\\/\",\"name\":\"Rosana CL\",\"description\":\"Somos tu interior\",\"potentialAction\":[{\"@type\":\"SearchAction\",\"target\":{\"@type\":\"EntryPoint\",\"urlTemplate\":\"https:\\\/\\\/rosanacl.com\\\/ca\\\/?s={search_term_string}\"},\"query-input\":{\"@type\":\"PropertyValueSpecification\",\"valueRequired\":true,\"valueName\":\"search_term_string\"}}],\"inLanguage\":\"cs\"}]}<\/script>\n<!-- \/ Yoast SEO plugin. -->","yoast_head_json":{"title":"Sujetador Selene Sonia - Rosana CL","robots":{"index":"index","follow":"follow","max-snippet":"max-snippet:-1","max-image-preview":"max-image-preview:large","max-video-preview":"max-video-preview:-1"},"canonical":"https:\/\/rosanacl.com\/cs\/produkt\/sujetador-modelo-sonia\/","og_locale":"cs_CZ","og_type":"article","og_title":"Sujetador Selene Sonia - Rosana CL","og_description":"El sujetador Selene modelo Sonia est\u00e1 hecho para esos d\u00edas en los que quieres verte m\u00e1s bonita sin complicarte: realza el busto de forma moderada, redondea el pecho y deja un escote limpio y favorecedor. Es un modelo que se siente estable desde que te lo pones, de los que acompa\u00f1an y no te obligan [&hellip;]","og_url":"https:\/\/rosanacl.com\/cs\/produkt\/sujetador-modelo-sonia\/","og_site_name":"Rosana CL","article_modified_time":"2026-01-07T19:18:28+00:00","og_image":[{"width":1000,"height":1000,"url":"https:\/\/rosanacl.com\/wp-content\/uploads\/2025\/04\/Sujetador-modelo-Sonia-000001-1.webp","type":"image\/webp"}],"twitter_card":"summary_large_image","twitter_misc":{"Odhadovan\u00e1 doba \u010dten\u00ed":"2 minuty"},"schema":{"@context":"https:\/\/schema.org","@graph":[{"@type":"WebPage","@id":"https:\/\/rosanacl.com\/producto\/sujetador-modelo-sonia\/","url":"https:\/\/rosanacl.com\/producto\/sujetador-modelo-sonia\/","name":"Sujetador Selene Sonia - Rosana CL","isPartOf":{"@id":"https:\/\/rosanacl.com\/ca\/#website"},"primaryImageOfPage":{"@id":"https:\/\/rosanacl.com\/producto\/sujetador-modelo-sonia\/#primaryimage"},"image":{"@id":"https:\/\/rosanacl.com\/producto\/sujetador-modelo-sonia\/#primaryimage"},"thumbnailUrl":"https:\/\/rosanacl.com\/wp-content\/uploads\/2025\/04\/Sujetador-modelo-Sonia-000001-1.webp","datePublished":"2025-04-29T23:08:29+00:00","dateModified":"2026-01-07T19:18:28+00:00","breadcrumb":{"@id":"https:\/\/rosanacl.com\/producto\/sujetador-modelo-sonia\/#breadcrumb"},"inLanguage":"cs","potentialAction":[{"@type":"ReadAction","target":["https:\/\/rosanacl.com\/producto\/sujetador-modelo-sonia\/"]}]},{"@type":"ImageObject","inLanguage":"cs","@id":"https:\/\/rosanacl.com\/producto\/sujetador-modelo-sonia\/#primaryimage","url":"https:\/\/rosanacl.com\/wp-content\/uploads\/2025\/04\/Sujetador-modelo-Sonia-000001-1.webp","contentUrl":"https:\/\/rosanacl.com\/wp-content\/uploads\/2025\/04\/Sujetador-modelo-Sonia-000001-1.webp","width":1000,"height":1000},{"@type":"BreadcrumbList","@id":"https:\/\/rosanacl.com\/producto\/sujetador-modelo-sonia\/#breadcrumb","itemListElement":[{"@type":"ListItem","position":1,"name":"Portada","item":"https:\/\/rosanacl.com\/ca\/"},{"@type":"ListItem","position":2,"name":"Tienda","item":"https:\/\/rosanacl.com\/ca\/tienda\/"},{"@type":"ListItem","position":3,"name":"Sujetador Selene Sonia"}]},{"@type":"WebSite","@id":"https:\/\/rosanacl.com\/ca\/#website","url":"https:\/\/rosanacl.com\/ca\/","name":"Rosana CL","description":"Jsme v\u00e1\u0161 interi\u00e9r","potentialAction":[{"@type":"SearchAction","target":{"@type":"EntryPoint","urlTemplate":"https:\/\/rosanacl.com\/ca\/?s={search_term_string}"},"query-input":{"@type":"PropertyValueSpecification","valueRequired":true,"valueName":"search_term_string"}}],"inLanguage":"cs"}]}},"_links":{"self":[{"href":"https:\/\/rosanacl.com\/cs\/wp-json\/wp\/v2\/product\/1294","targetHints":{"allow":["GET"]}}],"collection":[{"href":"https:\/\/rosanacl.com\/cs\/wp-json\/wp\/v2\/product"}],"about":[{"href":"https:\/\/rosanacl.com\/cs\/wp-json\/wp\/v2\/types\/product"}],"replies":[{"embeddable":true,"href":"https:\/\/rosanacl.com\/cs\/wp-json\/wp\/v2\/comments?post=1294"}],"version-history":[{"count":5,"href":"https:\/\/rosanacl.com\/cs\/wp-json\/wp\/v2\/product\/1294\/revisions"}],"predecessor-version":[{"id":4606,"href":"https:\/\/rosanacl.com\/cs\/wp-json\/wp\/v2\/product\/1294\/revisions\/4606"}],"wp:featuredmedia":[{"embeddable":true,"href":"https:\/\/rosanacl.com\/cs\/wp-json\/wp\/v2\/media\/1469"}],"wp:attachment":[{"href":"https:\/\/rosanacl.com\/cs\/wp-json\/wp\/v2\/media?parent=1294"}],"wp:term":[{"taxonomy":"product_brand","embeddable":true,"href":"https:\/\/rosanacl.com\/cs\/wp-json\/wp\/v2\/product_brand?post=1294"},{"taxonomy":"product_cat","embeddable":true,"href":"https:\/\/rosanacl.com\/cs\/wp-json\/wp\/v2\/product_cat?post=1294"},{"taxonomy":"product_tag","embeddable":true,"href":"https:\/\/rosanacl.com\/cs\/wp-json\/wp\/v2\/product_tag?post=1294"}],"curies":[{"name":"wp","href":"https:\/\/api.w.org\/{rel}","templated":true}]}}