{"id":1331,"date":"2025-04-30T01:11:34","date_gmt":"2025-04-29T23:11:34","guid":{"rendered":"https:\/\/rosanacl.com\/?post_type=product&#038;p=1331"},"modified":"2026-01-07T19:48:35","modified_gmt":"2026-01-07T18:48:35","slug":"body-selene-modelo-mariluz","status":"publish","type":"product","link":"https:\/\/rosanacl.com\/cs\/produkt\/body-selene-modelo-mariluz\/","title":{"rendered":"T\u011blo Selene Mariluz"},"content":{"rendered":"<p>Body Selene Mariluz je typ od\u011bvu, kter\u00fd vylep\u0161\u00ed v\u00e1\u0161 vzhled zevnit\u0159: tvaruje, podp\u00edr\u00e1 a zanech\u00e1v\u00e1 v\u00e1s zvednut\u00e9 a na m\u00edst\u011b, ani\u017e by ob\u011btoval pohodl\u00ed. M\u00e1 kostice a velkoryse dimenzovan\u00e9 ko\u0161\u00ed\u010dky (C) navr\u017een\u00e9 pro kr\u00e1sn\u011b podep\u0159en\u00e9 poprs\u00ed s elegantn\u00edm proveden\u00edm, kter\u00e9ho si v\u0161imnete v okam\u017eiku, kdy si ho oble\u010dete.<\/p>\n<p>Jeho design kombinuje jemnou krajku v oblasti poprs\u00ed s tvaruj\u00edc\u00edm body, kter\u00e9 opticky ze\u0161t\u00edhluje va\u0161i postavu. Je ide\u00e1ln\u00ed, pokud hled\u00e1te tvaruj\u00edc\u00ed body pro ka\u017edodenn\u00ed no\u0161en\u00ed nebo pro zvl\u00e1\u0161tn\u00ed p\u0159\u00edle\u017eitosti: vypad\u00e1 skv\u011ble pod p\u0159il\u00e9hav\u011bj\u0161\u00edm oble\u010den\u00edm a dod\u00e1 v\u00e1m extra d\u00e1vku sebev\u011bdom\u00ed, kterou ocen\u00edte.<\/p>\n<p>Co si zamilujete (a pro\u010d to funguje)<\/p>\n<ul>\n<li>Jemn\u00fd kontroln\u00ed efekt: pom\u00e1h\u00e1 vyhladit a definovat bez pocitu &quot;stahov\u00e1n\u00ed&quot;\u00ab<\/li>\n<li>Kostice + ko\u0161\u00ed\u010dek C (velk\u00fd objem): skute\u010dn\u00e1 opora, vycentrovan\u00e9 prsa a zaoblen\u00fd tvar.<\/li>\n<li>Pr\u00e9miov\u00fd krajkov\u00fd detail: \u017eensk\u00fd a elegantn\u00ed dotek bez zbyte\u010dnost\u00ed.<\/li>\n<li>Body se ze\u0161t\u00edhluj\u00edc\u00edm st\u0159ihem: lichot\u00ed postav\u011b a vylep\u0161uje celkov\u00fd vzhled.<\/li>\n<li>Ide\u00e1ln\u00ed pro p\u0159il\u00e9hav\u00fd vzhled: pro hlad\u0161\u00ed, sebev\u011bdom\u011bj\u0161\u00ed a pohodln\u011bj\u0161\u00ed vzhled.<\/li>\n<\/ul>\n<p>\ud83d\udde3\ufe0f Tip: Kr\u00e1sa body Selene Mariluz (ko\u0161\u00ed\u010dek C) spo\u010d\u00edv\u00e1 v tom, \u017ee v\u00e1s zvedne v horn\u00ed \u010d\u00e1sti a definuje zadek, ani\u017e by ob\u011btovala v\u00e1\u0161 p\u0159irozen\u00fd vzhled. Abyste z n\u011bj vyt\u011b\u017eili maximum, noste ho s p\u0159il\u00e9hav\u00fdm oble\u010den\u00edm (\u0161aty, pouzdrovou sukn\u00ed nebo d\u017e\u00edny s vysok\u00fdm pasem): krajka dod\u00e1v\u00e1 elegantn\u00ed n\u00e1dech a efekt kontroly vytv\u00e1\u0159\u00ed hlad\u0161\u00ed a definovan\u011bj\u0161\u00ed siluetu od prvn\u00edho okam\u017eiku.<\/p>\n<p>\ud83d\udccf Pozn\u00e1mka: P\u0159ed n\u00e1kupem si vyberte a zva\u017ete, jak\u00fd pocit z n\u00ed chcete m\u00edt: pokud chcete pohodln\u00fd tvaruj\u00edc\u00ed efekt pro dlouh\u00e9 hodiny no\u0161en\u00ed, zvolte svou obvyklou velikost; pokud se pohybujete mezi dv\u011bma velikostmi a hled\u00e1te pevn\u011bj\u0161\u00ed st\u0159ih a v\u011bt\u0161\u00ed oporu v oblasti b\u0159icha\/pasu, men\u0161\u00ed velikost je obvykle lep\u0161\u00ed (pokud v\u00e1m nest\u00edr\u00e1 hrudn\u00edk, proto\u017ee zde je t\u0159eba dob\u0159e podep\u0159\u00edt ko\u0161\u00ed\u010dek velikosti C).<\/p>\n<p>Slo\u017een\u00ed: 68% Polyamid \/ 17% Elastan \/ 15% Polyester.<\/p>\n<p>\ud83e\uddf5 \u017densk\u00e9, pohodln\u00e9 a velmi lichotiv\u00e9: body, kter\u00e9 spl\u0148uje v\u0161echno.<\/p>","protected":false},"excerpt":{"rendered":"<p>El Body Selene Mariluz es ese tipo de prenda que te arregla el look desde dentro: moldea, sujeta y deja una sensaci\u00f3n de \u00abtodo en su sitio\u00bb sin renunciar a la comodidad. Lleva aros y una copa de gran capacidad (C) pensada para un busto bien recogido y bonito, con un acabado elegante que se [&hellip;]<\/p>\n","protected":false},"featured_media":3141,"comment_status":"open","ping_status":"closed","template":"","meta":{"content-type":""},"product_brand":[55],"product_cat":[18],"product_tag":[66,67],"class_list":{"0":"post-1331","1":"product","2":"type-product","3":"status-publish","4":"has-post-thumbnail","6":"product_brand-selene","7":"product_cat-body","8":"product_tag-body","9":"product_tag-body-sin-relleno","11":"first","12":"instock","13":"taxable","14":"shipping-taxable","15":"purchasable","16":"product-type-variable"},"supplier_id":null,"supplier_sku":"","barcode":null,"atum_controlled":true,"out_stock_date":null,"out_stock_threshold":null,"inheritable":true,"inbound_stock":0,"stock_on_hold":0,"sold_today":0,"sales_last_days":0,"reserved_stock":0,"customer_returns":0,"warehouse_damage":0,"lost_in_post":0,"other_logs":0,"out_stock_days":0,"lost_sales":0,"has_location":false,"update_date":"2026-01-07T18:48:36","atum_locations":[],"atum_stock_status":"instock","restock_status":false,"low_stock_amount":"","sales_update_date":"2025-10-03T04:56:27","calc_backorders":null,"yoast_head":"<!-- This site is optimized with the Yoast SEO plugin v27.4 - https:\/\/yoast.com\/product\/yoast-seo-wordpress\/ -->\n<title>Body Selene Mariluz - Rosana CL<\/title>\n<meta name=\"robots\" content=\"index, follow, max-snippet:-1, max-image-preview:large, max-video-preview:-1\" \/>\n<link rel=\"canonical\" href=\"https:\/\/rosanacl.com\/cs\/produkt\/body-selene-modelo-mariluz\/\" \/>\n<meta property=\"og:locale\" content=\"cs_CZ\" \/>\n<meta property=\"og:type\" content=\"article\" \/>\n<meta property=\"og:title\" content=\"Body Selene Mariluz - Rosana CL\" \/>\n<meta property=\"og:description\" content=\"El Body Selene Mariluz es ese tipo de prenda que te arregla el look desde dentro: moldea, sujeta y deja una sensaci\u00f3n de \u00abtodo en su sitio\u00bb sin renunciar a la comodidad. Lleva aros y una copa de gran capacidad (C) pensada para un busto bien recogido y bonito, con un acabado elegante que se [&hellip;]\" \/>\n<meta property=\"og:url\" content=\"https:\/\/rosanacl.com\/cs\/produkt\/body-selene-modelo-mariluz\/\" \/>\n<meta property=\"og:site_name\" content=\"Rosana CL\" \/>\n<meta property=\"article:modified_time\" content=\"2026-01-07T18:48:35+00:00\" \/>\n<meta property=\"og:image\" content=\"https:\/\/rosanacl.com\/wp-content\/uploads\/2025\/04\/body-selene-modelo-Mariluz-e1756816439156.jpg\" \/>\n\t<meta property=\"og:image:width\" content=\"853\" \/>\n\t<meta property=\"og:image:height\" content=\"1264\" \/>\n\t<meta property=\"og:image:type\" content=\"image\/jpeg\" \/>\n<meta name=\"twitter:card\" content=\"summary_large_image\" \/>\n<meta name=\"twitter:label1\" content=\"Odhadovan\u00e1 doba \u010dten\u00ed\" \/>\n\t<meta name=\"twitter:data1\" content=\"2 minuty\" \/>\n<script type=\"application\/ld+json\" class=\"yoast-schema-graph\">{\"@context\":\"https:\\\/\\\/schema.org\",\"@graph\":[{\"@type\":\"WebPage\",\"@id\":\"https:\\\/\\\/rosanacl.com\\\/producto\\\/body-selene-modelo-mariluz\\\/\",\"url\":\"https:\\\/\\\/rosanacl.com\\\/producto\\\/body-selene-modelo-mariluz\\\/\",\"name\":\"Body Selene Mariluz - Rosana CL\",\"isPartOf\":{\"@id\":\"https:\\\/\\\/rosanacl.com\\\/ca\\\/#website\"},\"primaryImageOfPage\":{\"@id\":\"https:\\\/\\\/rosanacl.com\\\/producto\\\/body-selene-modelo-mariluz\\\/#primaryimage\"},\"image\":{\"@id\":\"https:\\\/\\\/rosanacl.com\\\/producto\\\/body-selene-modelo-mariluz\\\/#primaryimage\"},\"thumbnailUrl\":\"https:\\\/\\\/rosanacl.com\\\/wp-content\\\/uploads\\\/2025\\\/04\\\/body-selene-modelo-Mariluz-e1756816439156.jpg\",\"datePublished\":\"2025-04-29T23:11:34+00:00\",\"dateModified\":\"2026-01-07T18:48:35+00:00\",\"breadcrumb\":{\"@id\":\"https:\\\/\\\/rosanacl.com\\\/producto\\\/body-selene-modelo-mariluz\\\/#breadcrumb\"},\"inLanguage\":\"cs\",\"potentialAction\":[{\"@type\":\"ReadAction\",\"target\":[\"https:\\\/\\\/rosanacl.com\\\/producto\\\/body-selene-modelo-mariluz\\\/\"]}]},{\"@type\":\"ImageObject\",\"inLanguage\":\"cs\",\"@id\":\"https:\\\/\\\/rosanacl.com\\\/producto\\\/body-selene-modelo-mariluz\\\/#primaryimage\",\"url\":\"https:\\\/\\\/rosanacl.com\\\/wp-content\\\/uploads\\\/2025\\\/04\\\/body-selene-modelo-Mariluz-e1756816439156.jpg\",\"contentUrl\":\"https:\\\/\\\/rosanacl.com\\\/wp-content\\\/uploads\\\/2025\\\/04\\\/body-selene-modelo-Mariluz-e1756816439156.jpg\",\"width\":853,\"height\":1264},{\"@type\":\"BreadcrumbList\",\"@id\":\"https:\\\/\\\/rosanacl.com\\\/producto\\\/body-selene-modelo-mariluz\\\/#breadcrumb\",\"itemListElement\":[{\"@type\":\"ListItem\",\"position\":1,\"name\":\"Portada\",\"item\":\"https:\\\/\\\/rosanacl.com\\\/ca\\\/\"},{\"@type\":\"ListItem\",\"position\":2,\"name\":\"Tienda\",\"item\":\"https:\\\/\\\/rosanacl.com\\\/ca\\\/tienda\\\/\"},{\"@type\":\"ListItem\",\"position\":3,\"name\":\"Body Selene Mariluz\"}]},{\"@type\":\"WebSite\",\"@id\":\"https:\\\/\\\/rosanacl.com\\\/ca\\\/#website\",\"url\":\"https:\\\/\\\/rosanacl.com\\\/ca\\\/\",\"name\":\"Rosana CL\",\"description\":\"Somos tu interior\",\"potentialAction\":[{\"@type\":\"SearchAction\",\"target\":{\"@type\":\"EntryPoint\",\"urlTemplate\":\"https:\\\/\\\/rosanacl.com\\\/ca\\\/?s={search_term_string}\"},\"query-input\":{\"@type\":\"PropertyValueSpecification\",\"valueRequired\":true,\"valueName\":\"search_term_string\"}}],\"inLanguage\":\"cs\"}]}<\/script>\n<!-- \/ Yoast SEO plugin. -->","yoast_head_json":{"title":"Body Selene Mariluz - Rosana CL","robots":{"index":"index","follow":"follow","max-snippet":"max-snippet:-1","max-image-preview":"max-image-preview:large","max-video-preview":"max-video-preview:-1"},"canonical":"https:\/\/rosanacl.com\/cs\/produkt\/body-selene-modelo-mariluz\/","og_locale":"cs_CZ","og_type":"article","og_title":"Body Selene Mariluz - Rosana CL","og_description":"El Body Selene Mariluz es ese tipo de prenda que te arregla el look desde dentro: moldea, sujeta y deja una sensaci\u00f3n de \u00abtodo en su sitio\u00bb sin renunciar a la comodidad. Lleva aros y una copa de gran capacidad (C) pensada para un busto bien recogido y bonito, con un acabado elegante que se [&hellip;]","og_url":"https:\/\/rosanacl.com\/cs\/produkt\/body-selene-modelo-mariluz\/","og_site_name":"Rosana CL","article_modified_time":"2026-01-07T18:48:35+00:00","og_image":[{"width":853,"height":1264,"url":"https:\/\/rosanacl.com\/wp-content\/uploads\/2025\/04\/body-selene-modelo-Mariluz-e1756816439156.jpg","type":"image\/jpeg"}],"twitter_card":"summary_large_image","twitter_misc":{"Odhadovan\u00e1 doba \u010dten\u00ed":"2 minuty"},"schema":{"@context":"https:\/\/schema.org","@graph":[{"@type":"WebPage","@id":"https:\/\/rosanacl.com\/producto\/body-selene-modelo-mariluz\/","url":"https:\/\/rosanacl.com\/producto\/body-selene-modelo-mariluz\/","name":"Body Selene Mariluz - Rosana CL","isPartOf":{"@id":"https:\/\/rosanacl.com\/ca\/#website"},"primaryImageOfPage":{"@id":"https:\/\/rosanacl.com\/producto\/body-selene-modelo-mariluz\/#primaryimage"},"image":{"@id":"https:\/\/rosanacl.com\/producto\/body-selene-modelo-mariluz\/#primaryimage"},"thumbnailUrl":"https:\/\/rosanacl.com\/wp-content\/uploads\/2025\/04\/body-selene-modelo-Mariluz-e1756816439156.jpg","datePublished":"2025-04-29T23:11:34+00:00","dateModified":"2026-01-07T18:48:35+00:00","breadcrumb":{"@id":"https:\/\/rosanacl.com\/producto\/body-selene-modelo-mariluz\/#breadcrumb"},"inLanguage":"cs","potentialAction":[{"@type":"ReadAction","target":["https:\/\/rosanacl.com\/producto\/body-selene-modelo-mariluz\/"]}]},{"@type":"ImageObject","inLanguage":"cs","@id":"https:\/\/rosanacl.com\/producto\/body-selene-modelo-mariluz\/#primaryimage","url":"https:\/\/rosanacl.com\/wp-content\/uploads\/2025\/04\/body-selene-modelo-Mariluz-e1756816439156.jpg","contentUrl":"https:\/\/rosanacl.com\/wp-content\/uploads\/2025\/04\/body-selene-modelo-Mariluz-e1756816439156.jpg","width":853,"height":1264},{"@type":"BreadcrumbList","@id":"https:\/\/rosanacl.com\/producto\/body-selene-modelo-mariluz\/#breadcrumb","itemListElement":[{"@type":"ListItem","position":1,"name":"Portada","item":"https:\/\/rosanacl.com\/ca\/"},{"@type":"ListItem","position":2,"name":"Tienda","item":"https:\/\/rosanacl.com\/ca\/tienda\/"},{"@type":"ListItem","position":3,"name":"Body Selene Mariluz"}]},{"@type":"WebSite","@id":"https:\/\/rosanacl.com\/ca\/#website","url":"https:\/\/rosanacl.com\/ca\/","name":"Rosana CL","description":"Jsme v\u00e1\u0161 interi\u00e9r","potentialAction":[{"@type":"SearchAction","target":{"@type":"EntryPoint","urlTemplate":"https:\/\/rosanacl.com\/ca\/?s={search_term_string}"},"query-input":{"@type":"PropertyValueSpecification","valueRequired":true,"valueName":"search_term_string"}}],"inLanguage":"cs"}]}},"_links":{"self":[{"href":"https:\/\/rosanacl.com\/cs\/wp-json\/wp\/v2\/product\/1331","targetHints":{"allow":["GET"]}}],"collection":[{"href":"https:\/\/rosanacl.com\/cs\/wp-json\/wp\/v2\/product"}],"about":[{"href":"https:\/\/rosanacl.com\/cs\/wp-json\/wp\/v2\/types\/product"}],"replies":[{"embeddable":true,"href":"https:\/\/rosanacl.com\/cs\/wp-json\/wp\/v2\/comments?post=1331"}],"version-history":[{"count":5,"href":"https:\/\/rosanacl.com\/cs\/wp-json\/wp\/v2\/product\/1331\/revisions"}],"predecessor-version":[{"id":4605,"href":"https:\/\/rosanacl.com\/cs\/wp-json\/wp\/v2\/product\/1331\/revisions\/4605"}],"wp:featuredmedia":[{"embeddable":true,"href":"https:\/\/rosanacl.com\/cs\/wp-json\/wp\/v2\/media\/3141"}],"wp:attachment":[{"href":"https:\/\/rosanacl.com\/cs\/wp-json\/wp\/v2\/media?parent=1331"}],"wp:term":[{"taxonomy":"product_brand","embeddable":true,"href":"https:\/\/rosanacl.com\/cs\/wp-json\/wp\/v2\/product_brand?post=1331"},{"taxonomy":"product_cat","embeddable":true,"href":"https:\/\/rosanacl.com\/cs\/wp-json\/wp\/v2\/product_cat?post=1331"},{"taxonomy":"product_tag","embeddable":true,"href":"https:\/\/rosanacl.com\/cs\/wp-json\/wp\/v2\/product_tag?post=1331"}],"curies":[{"name":"wp","href":"https:\/\/api.w.org\/{rel}","templated":true}]}}