{"id":2046,"date":"2025-05-23T10:03:37","date_gmt":"2025-05-23T08:03:37","guid":{"rendered":"https:\/\/rosanacl.com\/?post_type=product&#038;p=2046"},"modified":"2026-01-07T19:14:20","modified_gmt":"2026-01-07T18:14:20","slug":"braga-selene-bikini-modelo-3118","status":"publish","type":"product","link":"https:\/\/rosanacl.com\/cs\/produkt\/braga-selene-bikini-modelo-3118\/","title":{"rendered":"Bikinov\u00e9 kalhotky Selene 3118"},"content":{"rendered":"<p>Bikinov\u00e9 kalhotky Selene 3118 jsou t\u00edm \u00abopravdu kr\u00e1sn\u00fdm\u00bb z\u00e1kladn\u00edm kouskem, kter\u00fd pozvedne ka\u017ed\u00fd outfit: elegantn\u00ed krajka vp\u0159edu a povrchov\u00e1 \u00faprava navr\u017een\u00e1 tak, abyste se v nich c\u00edtila \u017eensky, sebev\u011bdom\u011b a pohodln\u011b po cel\u00fd den.<\/p>\n<p>Jeho bikinov\u00fd\/brislip design kombinuje estetiku a funk\u010dnost: zadn\u00ed \u010d\u00e1st je navr\u017eena tak, aby byla pod oble\u010den\u00edm beze\u0161v\u00e1, a to i u p\u0159il\u00e9hav\u011bj\u0161\u00edch kus\u016f, a jej\u00ed st\u0159ih se pohybuje s v\u00e1mi, ani\u017e by v\u00e1s \u0161krtil. Ide\u00e1ln\u00ed v kombinaci s podprsenkami Selene Regina a Selene Martina.<\/p>\n<p>Detaily, kter\u00e9 si zamilujete<\/p>\n<ul>\n<li>Jemn\u00e1 krajka na p\u0159edn\u00ed stran\u011b: elegantn\u00ed a \u017eensk\u00fd dotek.<\/li>\n<li>Navr\u017eeno tak, aby nebylo vid\u011bt: perfektn\u00ed pod \u0161aty, d\u017e\u00edny nebo p\u0159il\u00e9hav\u00e9 oble\u010den\u00ed.<\/li>\n<li>Pohodln\u00e9 a stabiln\u00ed st\u0159ih: p\u0159izp\u016fsob\u00ed se t\u011blu, ani\u017e by ztratil sv\u016fj tvar.<\/li>\n<li>Design ve stylu bikin\/brislip: ide\u00e1ln\u00ed rovnov\u00e1ha mezi kryt\u00edm a stylem.<\/li>\n<li>Perfektn\u00ed sada: lad\u00ed s podprsenkami Regina a Martina.<\/li>\n<\/ul>\n<p>\ud83d\udde3\ufe0f Tip: Bikiny 3118 jsou jedny z t\u011bch kalhotek, kter\u00e9 si m\u016f\u017eete obl\u00e9knout a hned na n\u011b zapomenout: krajka vp\u0159edu dod\u00e1v\u00e1 kr\u00e1sn\u00fd vzhled, ani\u017e by p\u016fsobila ru\u0161iv\u011b, a zadn\u00ed strana je hladk\u00e1 a \u010dist\u00e1, tak\u017ee se m\u016f\u017eete voln\u011b pohybovat po cel\u00fd den. Ide\u00e1ln\u00ed, pokud m\u00e1te r\u00e1di spodn\u00ed pr\u00e1dlo, kter\u00e9 vypad\u00e1 \u017eensky, ale z\u00e1rove\u0148 je skute\u010dn\u011b pohodln\u00e9.<\/p>\n<p>\ud83d\udccf Pozn\u00e1mka: Abyste vybrali spr\u00e1vnou velikost, zva\u017ete, jak v\u00e1m spodn\u00ed d\u00edl bikin sed\u00ed: pokud d\u00e1v\u00e1te p\u0159ednost p\u0159il\u00e9hav\u00fdm a pevn\u00fdm kalhot\u00e1m, va\u0161e obvykl\u00e1 velikost je obvykle ide\u00e1ln\u00ed; pokud jste mezi velikostmi nebo chcete m\u011bk\u010d\u00ed okraj, abyste je mohli nosit cel\u00e9 hodiny, ani\u017e byste na n\u011b museli myslet, je obvykle lep\u0161\u00ed zvolit o \u010d\u00edslo v\u011bt\u0161\u00ed velikost.<\/p>\n<p>Slo\u017een\u00ed: 85% Polyamid 15% Elastan.<\/p>\n<p>\ud83d\udc84 Krajkov\u00fd detail, d\u00edky kter\u00e9mu bude v\u00e1\u0161 outfit vypadat \u00ab\u00fa\u017easn\u011b\u00bb.<\/p>","protected":false},"excerpt":{"rendered":"<p>La Braga Selene Bikini 3118 es ese b\u00e1sico \u00abbonito de verdad\u00bb que eleva cualquier conjunto: encaje elegante en la parte delantera y un acabado pensado para que te sientas femenina, segura y c\u00f3moda durante todo el d\u00eda. Su dise\u00f1o tipo bikini\/brislip combina est\u00e9tica y funcionalidad: la parte trasera est\u00e1 planteada para no marcar bajo la [&hellip;]<\/p>\n","protected":false},"featured_media":2141,"comment_status":"open","ping_status":"closed","template":"","meta":{"content-type":""},"product_brand":[55],"product_cat":[19],"product_tag":[69],"class_list":{"0":"post-2046","1":"product","2":"type-product","3":"status-publish","4":"has-post-thumbnail","6":"product_brand-selene","7":"product_cat-braga","8":"product_tag-braga","10":"first","11":"instock","12":"taxable","13":"shipping-taxable","14":"purchasable","15":"product-type-variable"},"supplier_id":null,"supplier_sku":"","barcode":null,"atum_controlled":true,"out_stock_date":null,"out_stock_threshold":null,"inheritable":true,"inbound_stock":0,"stock_on_hold":0,"sold_today":0,"sales_last_days":0,"reserved_stock":0,"customer_returns":0,"warehouse_damage":0,"lost_in_post":0,"other_logs":0,"out_stock_days":0,"lost_sales":0,"has_location":false,"update_date":"2026-01-07T18:14:21","atum_locations":[],"atum_stock_status":"instock","restock_status":false,"low_stock_amount":"","sales_update_date":"2025-10-03T04:56:25","calc_backorders":null,"yoast_head":"<!-- This site is optimized with the Yoast SEO plugin v27.4 - https:\/\/yoast.com\/product\/yoast-seo-wordpress\/ -->\n<title>Braga Bikini Selene 3118 - Rosana CL<\/title>\n<meta name=\"robots\" content=\"index, follow, max-snippet:-1, max-image-preview:large, max-video-preview:-1\" \/>\n<link rel=\"canonical\" href=\"https:\/\/rosanacl.com\/cs\/produkt\/braga-selene-bikini-modelo-3118\/\" \/>\n<meta property=\"og:locale\" content=\"cs_CZ\" \/>\n<meta property=\"og:type\" content=\"article\" \/>\n<meta property=\"og:title\" content=\"Braga Bikini Selene 3118 - Rosana CL\" \/>\n<meta property=\"og:description\" content=\"La Braga Selene Bikini 3118 es ese b\u00e1sico \u00abbonito de verdad\u00bb que eleva cualquier conjunto: encaje elegante en la parte delantera y un acabado pensado para que te sientas femenina, segura y c\u00f3moda durante todo el d\u00eda. Su dise\u00f1o tipo bikini\/brislip combina est\u00e9tica y funcionalidad: la parte trasera est\u00e1 planteada para no marcar bajo la [&hellip;]\" \/>\n<meta property=\"og:url\" content=\"https:\/\/rosanacl.com\/cs\/produkt\/braga-selene-bikini-modelo-3118\/\" \/>\n<meta property=\"og:site_name\" content=\"Rosana CL\" \/>\n<meta property=\"article:modified_time\" content=\"2026-01-07T18:14:20+00:00\" \/>\n<meta property=\"og:image\" content=\"https:\/\/rosanacl.com\/wp-content\/uploads\/2025\/05\/1.png\" \/>\n\t<meta property=\"og:image:width\" content=\"406\" \/>\n\t<meta property=\"og:image:height\" content=\"538\" \/>\n\t<meta property=\"og:image:type\" content=\"image\/png\" \/>\n<meta name=\"twitter:card\" content=\"summary_large_image\" \/>\n<meta name=\"twitter:label1\" content=\"Odhadovan\u00e1 doba \u010dten\u00ed\" \/>\n\t<meta name=\"twitter:data1\" content=\"2 minuty\" \/>\n<script type=\"application\/ld+json\" class=\"yoast-schema-graph\">{\"@context\":\"https:\\\/\\\/schema.org\",\"@graph\":[{\"@type\":\"WebPage\",\"@id\":\"https:\\\/\\\/rosanacl.com\\\/producto\\\/braga-selene-bikini-modelo-3118\\\/\",\"url\":\"https:\\\/\\\/rosanacl.com\\\/producto\\\/braga-selene-bikini-modelo-3118\\\/\",\"name\":\"Braga Bikini Selene 3118 - Rosana CL\",\"isPartOf\":{\"@id\":\"https:\\\/\\\/rosanacl.com\\\/ca\\\/#website\"},\"primaryImageOfPage\":{\"@id\":\"https:\\\/\\\/rosanacl.com\\\/producto\\\/braga-selene-bikini-modelo-3118\\\/#primaryimage\"},\"image\":{\"@id\":\"https:\\\/\\\/rosanacl.com\\\/producto\\\/braga-selene-bikini-modelo-3118\\\/#primaryimage\"},\"thumbnailUrl\":\"https:\\\/\\\/rosanacl.com\\\/wp-content\\\/uploads\\\/2025\\\/05\\\/1.png\",\"datePublished\":\"2025-05-23T08:03:37+00:00\",\"dateModified\":\"2026-01-07T18:14:20+00:00\",\"breadcrumb\":{\"@id\":\"https:\\\/\\\/rosanacl.com\\\/producto\\\/braga-selene-bikini-modelo-3118\\\/#breadcrumb\"},\"inLanguage\":\"cs\",\"potentialAction\":[{\"@type\":\"ReadAction\",\"target\":[\"https:\\\/\\\/rosanacl.com\\\/producto\\\/braga-selene-bikini-modelo-3118\\\/\"]}]},{\"@type\":\"ImageObject\",\"inLanguage\":\"cs\",\"@id\":\"https:\\\/\\\/rosanacl.com\\\/producto\\\/braga-selene-bikini-modelo-3118\\\/#primaryimage\",\"url\":\"https:\\\/\\\/rosanacl.com\\\/wp-content\\\/uploads\\\/2025\\\/05\\\/1.png\",\"contentUrl\":\"https:\\\/\\\/rosanacl.com\\\/wp-content\\\/uploads\\\/2025\\\/05\\\/1.png\",\"width\":406,\"height\":538},{\"@type\":\"BreadcrumbList\",\"@id\":\"https:\\\/\\\/rosanacl.com\\\/producto\\\/braga-selene-bikini-modelo-3118\\\/#breadcrumb\",\"itemListElement\":[{\"@type\":\"ListItem\",\"position\":1,\"name\":\"Portada\",\"item\":\"https:\\\/\\\/rosanacl.com\\\/ca\\\/\"},{\"@type\":\"ListItem\",\"position\":2,\"name\":\"Tienda\",\"item\":\"https:\\\/\\\/rosanacl.com\\\/ca\\\/tienda\\\/\"},{\"@type\":\"ListItem\",\"position\":3,\"name\":\"Braga Bikini Selene 3118\"}]},{\"@type\":\"WebSite\",\"@id\":\"https:\\\/\\\/rosanacl.com\\\/ca\\\/#website\",\"url\":\"https:\\\/\\\/rosanacl.com\\\/ca\\\/\",\"name\":\"Rosana CL\",\"description\":\"Somos tu interior\",\"potentialAction\":[{\"@type\":\"SearchAction\",\"target\":{\"@type\":\"EntryPoint\",\"urlTemplate\":\"https:\\\/\\\/rosanacl.com\\\/ca\\\/?s={search_term_string}\"},\"query-input\":{\"@type\":\"PropertyValueSpecification\",\"valueRequired\":true,\"valueName\":\"search_term_string\"}}],\"inLanguage\":\"cs\"}]}<\/script>\n<!-- \/ Yoast SEO plugin. -->","yoast_head_json":{"title":"Braga Bikini Selene 3118 - Rosana CL","robots":{"index":"index","follow":"follow","max-snippet":"max-snippet:-1","max-image-preview":"max-image-preview:large","max-video-preview":"max-video-preview:-1"},"canonical":"https:\/\/rosanacl.com\/cs\/produkt\/braga-selene-bikini-modelo-3118\/","og_locale":"cs_CZ","og_type":"article","og_title":"Braga Bikini Selene 3118 - Rosana CL","og_description":"La Braga Selene Bikini 3118 es ese b\u00e1sico \u00abbonito de verdad\u00bb que eleva cualquier conjunto: encaje elegante en la parte delantera y un acabado pensado para que te sientas femenina, segura y c\u00f3moda durante todo el d\u00eda. Su dise\u00f1o tipo bikini\/brislip combina est\u00e9tica y funcionalidad: la parte trasera est\u00e1 planteada para no marcar bajo la [&hellip;]","og_url":"https:\/\/rosanacl.com\/cs\/produkt\/braga-selene-bikini-modelo-3118\/","og_site_name":"Rosana CL","article_modified_time":"2026-01-07T18:14:20+00:00","og_image":[{"width":406,"height":538,"url":"https:\/\/rosanacl.com\/wp-content\/uploads\/2025\/05\/1.png","type":"image\/png"}],"twitter_card":"summary_large_image","twitter_misc":{"Odhadovan\u00e1 doba \u010dten\u00ed":"2 minuty"},"schema":{"@context":"https:\/\/schema.org","@graph":[{"@type":"WebPage","@id":"https:\/\/rosanacl.com\/producto\/braga-selene-bikini-modelo-3118\/","url":"https:\/\/rosanacl.com\/producto\/braga-selene-bikini-modelo-3118\/","name":"Braga Bikini Selene 3118 - Rosana CL","isPartOf":{"@id":"https:\/\/rosanacl.com\/ca\/#website"},"primaryImageOfPage":{"@id":"https:\/\/rosanacl.com\/producto\/braga-selene-bikini-modelo-3118\/#primaryimage"},"image":{"@id":"https:\/\/rosanacl.com\/producto\/braga-selene-bikini-modelo-3118\/#primaryimage"},"thumbnailUrl":"https:\/\/rosanacl.com\/wp-content\/uploads\/2025\/05\/1.png","datePublished":"2025-05-23T08:03:37+00:00","dateModified":"2026-01-07T18:14:20+00:00","breadcrumb":{"@id":"https:\/\/rosanacl.com\/producto\/braga-selene-bikini-modelo-3118\/#breadcrumb"},"inLanguage":"cs","potentialAction":[{"@type":"ReadAction","target":["https:\/\/rosanacl.com\/producto\/braga-selene-bikini-modelo-3118\/"]}]},{"@type":"ImageObject","inLanguage":"cs","@id":"https:\/\/rosanacl.com\/producto\/braga-selene-bikini-modelo-3118\/#primaryimage","url":"https:\/\/rosanacl.com\/wp-content\/uploads\/2025\/05\/1.png","contentUrl":"https:\/\/rosanacl.com\/wp-content\/uploads\/2025\/05\/1.png","width":406,"height":538},{"@type":"BreadcrumbList","@id":"https:\/\/rosanacl.com\/producto\/braga-selene-bikini-modelo-3118\/#breadcrumb","itemListElement":[{"@type":"ListItem","position":1,"name":"Portada","item":"https:\/\/rosanacl.com\/ca\/"},{"@type":"ListItem","position":2,"name":"Tienda","item":"https:\/\/rosanacl.com\/ca\/tienda\/"},{"@type":"ListItem","position":3,"name":"Braga Bikini Selene 3118"}]},{"@type":"WebSite","@id":"https:\/\/rosanacl.com\/ca\/#website","url":"https:\/\/rosanacl.com\/ca\/","name":"Rosana CL","description":"Jsme v\u00e1\u0161 interi\u00e9r","potentialAction":[{"@type":"SearchAction","target":{"@type":"EntryPoint","urlTemplate":"https:\/\/rosanacl.com\/ca\/?s={search_term_string}"},"query-input":{"@type":"PropertyValueSpecification","valueRequired":true,"valueName":"search_term_string"}}],"inLanguage":"cs"}]}},"_links":{"self":[{"href":"https:\/\/rosanacl.com\/cs\/wp-json\/wp\/v2\/product\/2046","targetHints":{"allow":["GET"]}}],"collection":[{"href":"https:\/\/rosanacl.com\/cs\/wp-json\/wp\/v2\/product"}],"about":[{"href":"https:\/\/rosanacl.com\/cs\/wp-json\/wp\/v2\/types\/product"}],"replies":[{"embeddable":true,"href":"https:\/\/rosanacl.com\/cs\/wp-json\/wp\/v2\/comments?post=2046"}],"version-history":[{"count":5,"href":"https:\/\/rosanacl.com\/cs\/wp-json\/wp\/v2\/product\/2046\/revisions"}],"predecessor-version":[{"id":4601,"href":"https:\/\/rosanacl.com\/cs\/wp-json\/wp\/v2\/product\/2046\/revisions\/4601"}],"wp:featuredmedia":[{"embeddable":true,"href":"https:\/\/rosanacl.com\/cs\/wp-json\/wp\/v2\/media\/2141"}],"wp:attachment":[{"href":"https:\/\/rosanacl.com\/cs\/wp-json\/wp\/v2\/media?parent=2046"}],"wp:term":[{"taxonomy":"product_brand","embeddable":true,"href":"https:\/\/rosanacl.com\/cs\/wp-json\/wp\/v2\/product_brand?post=2046"},{"taxonomy":"product_cat","embeddable":true,"href":"https:\/\/rosanacl.com\/cs\/wp-json\/wp\/v2\/product_cat?post=2046"},{"taxonomy":"product_tag","embeddable":true,"href":"https:\/\/rosanacl.com\/cs\/wp-json\/wp\/v2\/product_tag?post=2046"}],"curies":[{"name":"wp","href":"https:\/\/api.w.org\/{rel}","templated":true}]}}