{"id":2083,"date":"2025-05-23T10:10:33","date_gmt":"2025-05-23T08:10:33","guid":{"rendered":"https:\/\/rosanacl.com\/?post_type=product&#038;p=2083"},"modified":"2026-01-07T19:02:39","modified_gmt":"2026-01-07T18:02:39","slug":"sujetador-selene-modelo-mercedes","status":"publish","type":"product","link":"https:\/\/rosanacl.com\/cs\/produkt\/sujetador-selene-modelo-mercedes\/","title":{"rendered":"Podprsenka Selene Mercedes"},"content":{"rendered":"<p>Mercedes je podprsenka bez ram\u00ednek, kter\u00e1 zachr\u00e1n\u00ed jak\u00fdkoli vzhled: bez ram\u00ednek, s kosticemi a s vyztu\u017een\u00edm, tak\u017ee va\u0161e poprs\u00ed vypad\u00e1 kulat\u011b, vycentrovan\u011b a kr\u00e1sn\u011b, ani\u017e byste si ho museli ka\u017ed\u00e9 dv\u011b minuty upravovat. Ide\u00e1ln\u00ed, pokud hled\u00e1te \u010dist\u00fd vzhled pod oble\u010den\u00edm a v\u00fdst\u0159ih, kter\u00fd vypad\u00e1 elegantn\u011b (a lichotiv\u011b) od prvn\u00edho okam\u017eiku.<\/p>\n<p>Jej\u00ed mikrovl\u00e1kno je m\u011bkk\u00e9 a odoln\u00e9, navr\u017een\u00e9 tak, aby byla podprsenka pohodln\u00e1 a diskr\u00e9tn\u00ed, a to i pod p\u0159il\u00e9hav\u00fdm oble\u010den\u00edm. A pokud n\u011bkdy pot\u0159ebujete v\u011bt\u0161\u00ed oporu nebo extra jistotu, model obsahuje sadu l\u00e1tkov\u00fdch ram\u00ednek, tak\u017ee ji m\u016f\u017eete nosit, jak chcete (v z\u00e1vislosti na va\u0161em outfitu a p\u0159\u00edle\u017eitosti).<\/p>\n<p>Kl\u00ed\u010dov\u00e9 detaily (na \u010dem skute\u010dn\u011b z\u00e1le\u017e\u00ed)<\/p>\n<ul>\n<li>Ko\u0161\u00ed\u010dek B s kostic\u00ed a v\u00fdstelkou: zv\u00fdraz\u0148uje a definuje dekolt p\u0159irozen\u00fdm tvarem.<\/li>\n<li>Styl bez ram\u00ednek: ide\u00e1ln\u00ed k \u0161at\u016fm, top\u016fm a outfit\u016fm s odhalen\u00fdmi rameny.<\/li>\n<li>V\u010detn\u011b textiln\u00edch ram\u00ednek: dokonal\u00e1 v\u0161estrannost v jedn\u00e9 podprsence.<\/li>\n<li>M\u011bkk\u00e1 a odoln\u00e1 mikrovl\u00e1kna: p\u0159\u00edjemn\u00e1 na dotek + dobr\u00e9 p\u0159izp\u016fsoben\u00ed t\u011blu.<\/li>\n<\/ul>\n<p>\ud83d\udde3\ufe0f Tip: Mercedes je vyroben tak, abyste ho nemuseli upravovat: p\u016fsob\u00ed stabiln\u011b na kontury a zanech\u00e1v\u00e1 hrudn\u00edk vycentrovan\u00fd a zaoblen\u00fd, s t\u00edm \u00ab\u010dist\u00fdm\u00bb efektem, kter\u00fd vypad\u00e1 kr\u00e1sn\u011b pod \u0161aty a topy bez ram\u00ednek.<\/p>\n<p>\ud83d\udccf Pozn\u00e1mka: P\u0159ed n\u00e1kupem je u podprsenky bez ram\u00ednek kl\u00ed\u010dov\u00e1 velikost pasu: mus\u00ed t\u011bsn\u011b sed\u011bt od prvn\u00edho nastaven\u00ed, aby se neposouvala. Pokud si nejste jisti mezi dv\u011bma velikostmi pasu, obvykle je lep\u0161\u00ed ta t\u011bsn\u011bj\u0161\u00ed; a pokud jde o velikost ko\u0161\u00ed\u010dk\u016f, vyberte si tu, kter\u00e1 poskytuje dobrou oporu va\u0161emu poprs\u00ed (ani\u017e by se naho\u0159e za\u0159ez\u00e1vala), aby v\u00fdst\u0159ih vypadal p\u0159irozen\u011b a kr\u00e1sn\u011b.<\/p>\n<p>Slo\u017een\u00ed: 44% polyester \u00b7 48% polyamid \u00b7 8% elastan.<\/p>\n<p>\ud83d\udc83 Va\u0161e \u010destn\u00e9 slovo\u2026 s opravdovou podporou.<\/p>","protected":false},"excerpt":{"rendered":"<p>El Mercedes es ese sujetador \u00abpalabra de honor\u00bb que te salva cualquier look: sin tirantes, con aros y relleno, para que el pecho quede redondeado, centrado y bonito sin necesidad de estar recoloc\u00e1ndolo cada dos minutos. Ideal si buscas un acabado limpio bajo la ropa y un escote que se vea elegante (y favorecedor) desde [&hellip;]<\/p>\n","protected":false},"featured_media":2151,"comment_status":"open","ping_status":"closed","template":"","meta":{"content-type":""},"product_brand":[55],"product_cat":[82,20],"product_tag":[56],"class_list":{"0":"post-2083","1":"product","2":"type-product","3":"status-publish","4":"has-post-thumbnail","6":"product_brand-selene","7":"product_cat-sin-tirantes","8":"product_cat-sujetador","9":"product_tag-sujetador","11":"first","12":"instock","13":"taxable","14":"shipping-taxable","15":"purchasable","16":"product-type-variable"},"supplier_id":null,"supplier_sku":"","barcode":null,"atum_controlled":true,"out_stock_date":null,"out_stock_threshold":null,"inheritable":true,"inbound_stock":0,"stock_on_hold":0,"sold_today":0,"sales_last_days":0,"reserved_stock":0,"customer_returns":0,"warehouse_damage":0,"lost_in_post":0,"other_logs":0,"out_stock_days":0,"lost_sales":0,"has_location":false,"update_date":"2026-01-07T18:02:40","atum_locations":[],"atum_stock_status":"instock","restock_status":false,"low_stock_amount":"","sales_update_date":"2025-10-03T04:55:37","calc_backorders":null,"yoast_head":"<!-- This site is optimized with the Yoast SEO plugin v27.4 - https:\/\/yoast.com\/product\/yoast-seo-wordpress\/ -->\n<title>Sujetador Selene Mercedes - Rosana CL<\/title>\n<meta name=\"robots\" content=\"index, follow, max-snippet:-1, max-image-preview:large, max-video-preview:-1\" \/>\n<link rel=\"canonical\" href=\"https:\/\/rosanacl.com\/cs\/produkt\/sujetador-selene-modelo-mercedes\/\" \/>\n<meta property=\"og:locale\" content=\"cs_CZ\" \/>\n<meta property=\"og:type\" content=\"article\" \/>\n<meta property=\"og:title\" content=\"Sujetador Selene Mercedes - Rosana CL\" \/>\n<meta property=\"og:description\" content=\"El Mercedes es ese sujetador \u00abpalabra de honor\u00bb que te salva cualquier look: sin tirantes, con aros y relleno, para que el pecho quede redondeado, centrado y bonito sin necesidad de estar recoloc\u00e1ndolo cada dos minutos. Ideal si buscas un acabado limpio bajo la ropa y un escote que se vea elegante (y favorecedor) desde [&hellip;]\" \/>\n<meta property=\"og:url\" content=\"https:\/\/rosanacl.com\/cs\/produkt\/sujetador-selene-modelo-mercedes\/\" \/>\n<meta property=\"og:site_name\" content=\"Rosana CL\" \/>\n<meta property=\"article:modified_time\" content=\"2026-01-07T18:02:39+00:00\" \/>\n<meta property=\"og:image\" content=\"https:\/\/rosanacl.com\/wp-content\/uploads\/2025\/05\/1-2.png\" \/>\n\t<meta property=\"og:image:width\" content=\"1046\" \/>\n\t<meta property=\"og:image:height\" content=\"1333\" \/>\n\t<meta property=\"og:image:type\" content=\"image\/png\" \/>\n<meta name=\"twitter:card\" content=\"summary_large_image\" \/>\n<meta name=\"twitter:label1\" content=\"Odhadovan\u00e1 doba \u010dten\u00ed\" \/>\n\t<meta name=\"twitter:data1\" content=\"2 minuty\" \/>\n<script type=\"application\/ld+json\" class=\"yoast-schema-graph\">{\"@context\":\"https:\\\/\\\/schema.org\",\"@graph\":[{\"@type\":\"WebPage\",\"@id\":\"https:\\\/\\\/rosanacl.com\\\/producto\\\/sujetador-selene-modelo-mercedes\\\/\",\"url\":\"https:\\\/\\\/rosanacl.com\\\/producto\\\/sujetador-selene-modelo-mercedes\\\/\",\"name\":\"Sujetador Selene Mercedes - Rosana CL\",\"isPartOf\":{\"@id\":\"https:\\\/\\\/rosanacl.com\\\/ca\\\/#website\"},\"primaryImageOfPage\":{\"@id\":\"https:\\\/\\\/rosanacl.com\\\/producto\\\/sujetador-selene-modelo-mercedes\\\/#primaryimage\"},\"image\":{\"@id\":\"https:\\\/\\\/rosanacl.com\\\/producto\\\/sujetador-selene-modelo-mercedes\\\/#primaryimage\"},\"thumbnailUrl\":\"https:\\\/\\\/rosanacl.com\\\/wp-content\\\/uploads\\\/2025\\\/05\\\/1-2.png\",\"datePublished\":\"2025-05-23T08:10:33+00:00\",\"dateModified\":\"2026-01-07T18:02:39+00:00\",\"breadcrumb\":{\"@id\":\"https:\\\/\\\/rosanacl.com\\\/producto\\\/sujetador-selene-modelo-mercedes\\\/#breadcrumb\"},\"inLanguage\":\"cs\",\"potentialAction\":[{\"@type\":\"ReadAction\",\"target\":[\"https:\\\/\\\/rosanacl.com\\\/producto\\\/sujetador-selene-modelo-mercedes\\\/\"]}]},{\"@type\":\"ImageObject\",\"inLanguage\":\"cs\",\"@id\":\"https:\\\/\\\/rosanacl.com\\\/producto\\\/sujetador-selene-modelo-mercedes\\\/#primaryimage\",\"url\":\"https:\\\/\\\/rosanacl.com\\\/wp-content\\\/uploads\\\/2025\\\/05\\\/1-2.png\",\"contentUrl\":\"https:\\\/\\\/rosanacl.com\\\/wp-content\\\/uploads\\\/2025\\\/05\\\/1-2.png\",\"width\":1046,\"height\":1333},{\"@type\":\"BreadcrumbList\",\"@id\":\"https:\\\/\\\/rosanacl.com\\\/producto\\\/sujetador-selene-modelo-mercedes\\\/#breadcrumb\",\"itemListElement\":[{\"@type\":\"ListItem\",\"position\":1,\"name\":\"Portada\",\"item\":\"https:\\\/\\\/rosanacl.com\\\/ca\\\/\"},{\"@type\":\"ListItem\",\"position\":2,\"name\":\"Tienda\",\"item\":\"https:\\\/\\\/rosanacl.com\\\/ca\\\/tienda\\\/\"},{\"@type\":\"ListItem\",\"position\":3,\"name\":\"Sujetador Selene Mercedes\"}]},{\"@type\":\"WebSite\",\"@id\":\"https:\\\/\\\/rosanacl.com\\\/ca\\\/#website\",\"url\":\"https:\\\/\\\/rosanacl.com\\\/ca\\\/\",\"name\":\"Rosana CL\",\"description\":\"Somos tu interior\",\"potentialAction\":[{\"@type\":\"SearchAction\",\"target\":{\"@type\":\"EntryPoint\",\"urlTemplate\":\"https:\\\/\\\/rosanacl.com\\\/ca\\\/?s={search_term_string}\"},\"query-input\":{\"@type\":\"PropertyValueSpecification\",\"valueRequired\":true,\"valueName\":\"search_term_string\"}}],\"inLanguage\":\"cs\"}]}<\/script>\n<!-- \/ Yoast SEO plugin. -->","yoast_head_json":{"title":"Sujetador Selene Mercedes - Rosana CL","robots":{"index":"index","follow":"follow","max-snippet":"max-snippet:-1","max-image-preview":"max-image-preview:large","max-video-preview":"max-video-preview:-1"},"canonical":"https:\/\/rosanacl.com\/cs\/produkt\/sujetador-selene-modelo-mercedes\/","og_locale":"cs_CZ","og_type":"article","og_title":"Sujetador Selene Mercedes - Rosana CL","og_description":"El Mercedes es ese sujetador \u00abpalabra de honor\u00bb que te salva cualquier look: sin tirantes, con aros y relleno, para que el pecho quede redondeado, centrado y bonito sin necesidad de estar recoloc\u00e1ndolo cada dos minutos. Ideal si buscas un acabado limpio bajo la ropa y un escote que se vea elegante (y favorecedor) desde [&hellip;]","og_url":"https:\/\/rosanacl.com\/cs\/produkt\/sujetador-selene-modelo-mercedes\/","og_site_name":"Rosana CL","article_modified_time":"2026-01-07T18:02:39+00:00","og_image":[{"width":1046,"height":1333,"url":"https:\/\/rosanacl.com\/wp-content\/uploads\/2025\/05\/1-2.png","type":"image\/png"}],"twitter_card":"summary_large_image","twitter_misc":{"Odhadovan\u00e1 doba \u010dten\u00ed":"2 minuty"},"schema":{"@context":"https:\/\/schema.org","@graph":[{"@type":"WebPage","@id":"https:\/\/rosanacl.com\/producto\/sujetador-selene-modelo-mercedes\/","url":"https:\/\/rosanacl.com\/producto\/sujetador-selene-modelo-mercedes\/","name":"Sujetador Selene Mercedes - Rosana CL","isPartOf":{"@id":"https:\/\/rosanacl.com\/ca\/#website"},"primaryImageOfPage":{"@id":"https:\/\/rosanacl.com\/producto\/sujetador-selene-modelo-mercedes\/#primaryimage"},"image":{"@id":"https:\/\/rosanacl.com\/producto\/sujetador-selene-modelo-mercedes\/#primaryimage"},"thumbnailUrl":"https:\/\/rosanacl.com\/wp-content\/uploads\/2025\/05\/1-2.png","datePublished":"2025-05-23T08:10:33+00:00","dateModified":"2026-01-07T18:02:39+00:00","breadcrumb":{"@id":"https:\/\/rosanacl.com\/producto\/sujetador-selene-modelo-mercedes\/#breadcrumb"},"inLanguage":"cs","potentialAction":[{"@type":"ReadAction","target":["https:\/\/rosanacl.com\/producto\/sujetador-selene-modelo-mercedes\/"]}]},{"@type":"ImageObject","inLanguage":"cs","@id":"https:\/\/rosanacl.com\/producto\/sujetador-selene-modelo-mercedes\/#primaryimage","url":"https:\/\/rosanacl.com\/wp-content\/uploads\/2025\/05\/1-2.png","contentUrl":"https:\/\/rosanacl.com\/wp-content\/uploads\/2025\/05\/1-2.png","width":1046,"height":1333},{"@type":"BreadcrumbList","@id":"https:\/\/rosanacl.com\/producto\/sujetador-selene-modelo-mercedes\/#breadcrumb","itemListElement":[{"@type":"ListItem","position":1,"name":"Portada","item":"https:\/\/rosanacl.com\/ca\/"},{"@type":"ListItem","position":2,"name":"Tienda","item":"https:\/\/rosanacl.com\/ca\/tienda\/"},{"@type":"ListItem","position":3,"name":"Sujetador Selene Mercedes"}]},{"@type":"WebSite","@id":"https:\/\/rosanacl.com\/ca\/#website","url":"https:\/\/rosanacl.com\/ca\/","name":"Rosana CL","description":"Jsme v\u00e1\u0161 interi\u00e9r","potentialAction":[{"@type":"SearchAction","target":{"@type":"EntryPoint","urlTemplate":"https:\/\/rosanacl.com\/ca\/?s={search_term_string}"},"query-input":{"@type":"PropertyValueSpecification","valueRequired":true,"valueName":"search_term_string"}}],"inLanguage":"cs"}]}},"_links":{"self":[{"href":"https:\/\/rosanacl.com\/cs\/wp-json\/wp\/v2\/product\/2083","targetHints":{"allow":["GET"]}}],"collection":[{"href":"https:\/\/rosanacl.com\/cs\/wp-json\/wp\/v2\/product"}],"about":[{"href":"https:\/\/rosanacl.com\/cs\/wp-json\/wp\/v2\/types\/product"}],"replies":[{"embeddable":true,"href":"https:\/\/rosanacl.com\/cs\/wp-json\/wp\/v2\/comments?post=2083"}],"version-history":[{"count":5,"href":"https:\/\/rosanacl.com\/cs\/wp-json\/wp\/v2\/product\/2083\/revisions"}],"predecessor-version":[{"id":4599,"href":"https:\/\/rosanacl.com\/cs\/wp-json\/wp\/v2\/product\/2083\/revisions\/4599"}],"wp:featuredmedia":[{"embeddable":true,"href":"https:\/\/rosanacl.com\/cs\/wp-json\/wp\/v2\/media\/2151"}],"wp:attachment":[{"href":"https:\/\/rosanacl.com\/cs\/wp-json\/wp\/v2\/media?parent=2083"}],"wp:term":[{"taxonomy":"product_brand","embeddable":true,"href":"https:\/\/rosanacl.com\/cs\/wp-json\/wp\/v2\/product_brand?post=2083"},{"taxonomy":"product_cat","embeddable":true,"href":"https:\/\/rosanacl.com\/cs\/wp-json\/wp\/v2\/product_cat?post=2083"},{"taxonomy":"product_tag","embeddable":true,"href":"https:\/\/rosanacl.com\/cs\/wp-json\/wp\/v2\/product_tag?post=2083"}],"curies":[{"name":"wp","href":"https:\/\/api.w.org\/{rel}","templated":true}]}}