{"id":2112,"date":"2025-05-23T10:17:39","date_gmt":"2025-05-23T08:17:39","guid":{"rendered":"https:\/\/rosanacl.com\/?post_type=product&#038;p=2112"},"modified":"2026-01-07T18:50:14","modified_gmt":"2026-01-07T17:50:14","slug":"sujetador-selene-modelo-vilma","status":"publish","type":"product","link":"https:\/\/rosanacl.com\/cs\/produkt\/sujetador-selene-modelo-vilma\/","title":{"rendered":"Selene Vilma Bra"},"content":{"rendered":"<p>Podprsenka Selene Vilma je ide\u00e1ln\u00ed volbou, kdy\u017e chcete nosit bez ram\u00ednek, ale z\u00e1rove\u0148 si b\u00fdt jist\u00e1, \u017ee v\u0161e dr\u017e\u00ed na sv\u00e9m m\u00edst\u011b. M\u00e1 kostice a vyztu\u017een\u00e9 ko\u0161\u00ed\u010dky a \u010dist\u00fd a elegantn\u00ed design, kter\u00fd p\u0159irozen\u011b zv\u00fdraz\u0148uje poprs\u00ed, ani\u017e by p\u0159id\u00e1val na objemu.<\/p>\n<p>Nav\u00edc je laserov\u011b \u0159ezan\u00e1 povrchov\u00e1 \u00faprava a tylov\u00e9 p\u0159ekryvy navr\u017eeny tak, aby zakryly a vizu\u00e1ln\u011b minimalizovaly nerovnosti po stran\u00e1ch a v podpa\u017e\u00ed, a zanechaly tak pod oble\u010den\u00edm mnohem hlad\u0161\u00ed linii. Ide\u00e1ln\u00ed pro \u0161aty bez ram\u00ednek, topy a p\u0159il\u00e9hav\u00e9 outfity.<\/p>\n<p>Detaily, kter\u00e9 si zamilujete<\/p>\n<ul>\n<li>Bezram\u00ednkov\u00fd top (bandone), ide\u00e1ln\u00ed pro od\u011bvy s hlubok\u00fdm v\u00fdst\u0159ihem a odhalen\u00e1 ramena.<\/li>\n<li>Kostice + vyztu\u017een\u00e9 ko\u0161\u00ed\u010dky: pevn\u00e1 opora a kr\u00e1sn\u00fd dekolt.<\/li>\n<li>K\u0159\u00ed\u017een\u00ed tylu: elegantn\u00ed efekt a v\u011bt\u0161\u00ed stabilita v obrysu.<\/li>\n<li>Laserov\u00e9 \u0159ez\u00e1n\u00ed: \u010dist\u0161\u00ed, diskr\u00e9tn\u011bj\u0161\u00ed a pohodln\u011bj\u0161\u00ed povrchov\u00e1 \u00faprava pod oble\u010den\u00edm.<\/li>\n<li>Pro jednotn\u011bj\u0161\u00ed efekt uhla\u010fte a upravte bo\u010dn\u00ed a podpa\u017en\u00ed oblast.<\/li>\n<\/ul>\n<p>\ud83d\udde3\ufe0f Tip: Vilma je ur\u010dena pro ty dny s \u00abodhalen\u00fdmi rameny\u00bb, kdy se chcete c\u00edtit bezpe\u010dn\u011b, ale z\u00e1rove\u0148 lehce: kontura obep\u00edn\u00e1, ani\u017e by dusila, a zanech\u00e1v\u00e1 pocit dob\u0159e um\u00edst\u011bn\u00e9ho hrudn\u00edku + \u010dist\u00e9 linie, d\u00edky kter\u00e9 zapomenete, \u017ee ji m\u00e1te na sob\u011b.<\/p>\n<p>\ud83d\udccf Pozn\u00e1mka: Abyste si p\u0159ed n\u00e1kupem vybrali spr\u00e1vnou velikost, nejd\u016fle\u017eit\u011bj\u0161\u00ed v\u011bc\u00ed u podprsenky bez ram\u00ednek je velikost p\u00e1su: m\u011bla by t\u011bsn\u011b sed\u011bt od prvn\u00edho nastaven\u00ed (bez za\u0159ez\u00e1v\u00e1n\u00ed) a nem\u011bla by se pohybovat p\u0159i zved\u00e1n\u00ed pa\u017e\u00ed nebo oh\u00fdb\u00e1n\u00ed. Pokud se v\u00e1l\u00edte mezi dv\u011bma velikostmi, vyberte si velikost p\u00e1su, kter\u00e1 poskytuje nejv\u011bt\u0161\u00ed stabilitu, proto\u017ee to zajist\u00ed, \u017ee podprsenka z\u016fstane na m\u00edst\u011b a v\u00fdsledek bude po cel\u00fd den vypadat uhlazen\u011bji.<\/p>\n<p>Slo\u017een\u00ed: 46% Polyamid \u00b7 42% Polyester \u00b7 12% Elastan<\/p>\n<p>\ud83d\udc60 Elegance, kter\u00e1 je patrn\u00e1 v gestu\u2026 a z\u016fst\u00e1v\u00e1 v pohledu.<\/p>\n<div id=\"v1ms-outlook-mobile-body-separator-line\" dir=\"auto\"><\/div>\n<div id=\"v1ms-outlook-mobile-body-separator-line\" dir=\"auto\"><\/div>","protected":false},"excerpt":{"rendered":"<p>El Selene Vilma es ese sujetador que te salva el d\u00eda cuando quieres ir sin tirantes pero con la seguridad de que todo queda en su sitio. Lleva aros y copa con relleno, con un dise\u00f1o muy limpio y elegante que realza el pecho de forma natural, sin recargar. Adem\u00e1s, su acabado corte l\u00e1ser y [&hellip;]<\/p>\n","protected":false},"featured_media":2157,"comment_status":"open","ping_status":"closed","template":"","meta":{"content-type":""},"product_brand":[55],"product_cat":[82,20,99],"product_tag":[84,56],"class_list":{"0":"post-2112","1":"product","2":"type-product","3":"status-publish","4":"has-post-thumbnail","6":"product_brand-selene","7":"product_cat-sin-tirantes","8":"product_cat-sujetador","9":"product_cat-vilma","10":"product_tag-sin-tirantes","11":"product_tag-sujetador","13":"first","14":"instock","15":"taxable","16":"shipping-taxable","17":"purchasable","18":"product-type-variable"},"supplier_id":null,"supplier_sku":"","barcode":null,"atum_controlled":true,"out_stock_date":null,"out_stock_threshold":null,"inheritable":true,"inbound_stock":0,"stock_on_hold":0,"sold_today":0,"sales_last_days":0,"reserved_stock":0,"customer_returns":0,"warehouse_damage":0,"lost_in_post":0,"other_logs":0,"out_stock_days":0,"lost_sales":0,"has_location":false,"update_date":"2026-01-07T17:50:15","atum_locations":[],"atum_stock_status":"instock","restock_status":false,"low_stock_amount":"","sales_update_date":"2025-10-03T04:55:36","calc_backorders":null,"yoast_head":"<!-- This site is optimized with the Yoast SEO plugin v27.4 - https:\/\/yoast.com\/product\/yoast-seo-wordpress\/ -->\n<title>Sujetador Selene Vilma - Rosana CL<\/title>\n<meta name=\"robots\" content=\"index, follow, max-snippet:-1, max-image-preview:large, max-video-preview:-1\" \/>\n<link rel=\"canonical\" href=\"https:\/\/rosanacl.com\/cs\/produkt\/sujetador-selene-modelo-vilma\/\" \/>\n<meta property=\"og:locale\" content=\"cs_CZ\" \/>\n<meta property=\"og:type\" content=\"article\" \/>\n<meta property=\"og:title\" content=\"Sujetador Selene Vilma - Rosana CL\" \/>\n<meta property=\"og:description\" content=\"El Selene Vilma es ese sujetador que te salva el d\u00eda cuando quieres ir sin tirantes pero con la seguridad de que todo queda en su sitio. Lleva aros y copa con relleno, con un dise\u00f1o muy limpio y elegante que realza el pecho de forma natural, sin recargar. Adem\u00e1s, su acabado corte l\u00e1ser y [&hellip;]\" \/>\n<meta property=\"og:url\" content=\"https:\/\/rosanacl.com\/cs\/produkt\/sujetador-selene-modelo-vilma\/\" \/>\n<meta property=\"og:site_name\" content=\"Rosana CL\" \/>\n<meta property=\"article:modified_time\" content=\"2026-01-07T17:50:14+00:00\" \/>\n<meta property=\"og:image\" content=\"https:\/\/rosanacl.com\/wp-content\/uploads\/2025\/05\/1-4.png\" \/>\n\t<meta property=\"og:image:width\" content=\"1100\" \/>\n\t<meta property=\"og:image:height\" content=\"1333\" \/>\n\t<meta property=\"og:image:type\" content=\"image\/png\" \/>\n<meta name=\"twitter:card\" content=\"summary_large_image\" \/>\n<meta name=\"twitter:label1\" content=\"Odhadovan\u00e1 doba \u010dten\u00ed\" \/>\n\t<meta name=\"twitter:data1\" content=\"2 minuty\" \/>\n<script type=\"application\/ld+json\" class=\"yoast-schema-graph\">{\"@context\":\"https:\\\/\\\/schema.org\",\"@graph\":[{\"@type\":\"WebPage\",\"@id\":\"https:\\\/\\\/rosanacl.com\\\/producto\\\/sujetador-selene-modelo-vilma\\\/\",\"url\":\"https:\\\/\\\/rosanacl.com\\\/producto\\\/sujetador-selene-modelo-vilma\\\/\",\"name\":\"Sujetador Selene Vilma - Rosana CL\",\"isPartOf\":{\"@id\":\"https:\\\/\\\/rosanacl.com\\\/ca\\\/#website\"},\"primaryImageOfPage\":{\"@id\":\"https:\\\/\\\/rosanacl.com\\\/producto\\\/sujetador-selene-modelo-vilma\\\/#primaryimage\"},\"image\":{\"@id\":\"https:\\\/\\\/rosanacl.com\\\/producto\\\/sujetador-selene-modelo-vilma\\\/#primaryimage\"},\"thumbnailUrl\":\"https:\\\/\\\/rosanacl.com\\\/wp-content\\\/uploads\\\/2025\\\/05\\\/1-4.png\",\"datePublished\":\"2025-05-23T08:17:39+00:00\",\"dateModified\":\"2026-01-07T17:50:14+00:00\",\"breadcrumb\":{\"@id\":\"https:\\\/\\\/rosanacl.com\\\/producto\\\/sujetador-selene-modelo-vilma\\\/#breadcrumb\"},\"inLanguage\":\"cs\",\"potentialAction\":[{\"@type\":\"ReadAction\",\"target\":[\"https:\\\/\\\/rosanacl.com\\\/producto\\\/sujetador-selene-modelo-vilma\\\/\"]}]},{\"@type\":\"ImageObject\",\"inLanguage\":\"cs\",\"@id\":\"https:\\\/\\\/rosanacl.com\\\/producto\\\/sujetador-selene-modelo-vilma\\\/#primaryimage\",\"url\":\"https:\\\/\\\/rosanacl.com\\\/wp-content\\\/uploads\\\/2025\\\/05\\\/1-4.png\",\"contentUrl\":\"https:\\\/\\\/rosanacl.com\\\/wp-content\\\/uploads\\\/2025\\\/05\\\/1-4.png\",\"width\":1100,\"height\":1333},{\"@type\":\"BreadcrumbList\",\"@id\":\"https:\\\/\\\/rosanacl.com\\\/producto\\\/sujetador-selene-modelo-vilma\\\/#breadcrumb\",\"itemListElement\":[{\"@type\":\"ListItem\",\"position\":1,\"name\":\"Portada\",\"item\":\"https:\\\/\\\/rosanacl.com\\\/ca\\\/\"},{\"@type\":\"ListItem\",\"position\":2,\"name\":\"Tienda\",\"item\":\"https:\\\/\\\/rosanacl.com\\\/ca\\\/tienda\\\/\"},{\"@type\":\"ListItem\",\"position\":3,\"name\":\"Sujetador Selene Vilma\"}]},{\"@type\":\"WebSite\",\"@id\":\"https:\\\/\\\/rosanacl.com\\\/ca\\\/#website\",\"url\":\"https:\\\/\\\/rosanacl.com\\\/ca\\\/\",\"name\":\"Rosana CL\",\"description\":\"Somos tu interior\",\"potentialAction\":[{\"@type\":\"SearchAction\",\"target\":{\"@type\":\"EntryPoint\",\"urlTemplate\":\"https:\\\/\\\/rosanacl.com\\\/ca\\\/?s={search_term_string}\"},\"query-input\":{\"@type\":\"PropertyValueSpecification\",\"valueRequired\":true,\"valueName\":\"search_term_string\"}}],\"inLanguage\":\"cs\"}]}<\/script>\n<!-- \/ Yoast SEO plugin. -->","yoast_head_json":{"title":"Sujetador Selene Vilma - Rosana CL","robots":{"index":"index","follow":"follow","max-snippet":"max-snippet:-1","max-image-preview":"max-image-preview:large","max-video-preview":"max-video-preview:-1"},"canonical":"https:\/\/rosanacl.com\/cs\/produkt\/sujetador-selene-modelo-vilma\/","og_locale":"cs_CZ","og_type":"article","og_title":"Sujetador Selene Vilma - Rosana CL","og_description":"El Selene Vilma es ese sujetador que te salva el d\u00eda cuando quieres ir sin tirantes pero con la seguridad de que todo queda en su sitio. Lleva aros y copa con relleno, con un dise\u00f1o muy limpio y elegante que realza el pecho de forma natural, sin recargar. Adem\u00e1s, su acabado corte l\u00e1ser y [&hellip;]","og_url":"https:\/\/rosanacl.com\/cs\/produkt\/sujetador-selene-modelo-vilma\/","og_site_name":"Rosana CL","article_modified_time":"2026-01-07T17:50:14+00:00","og_image":[{"width":1100,"height":1333,"url":"https:\/\/rosanacl.com\/wp-content\/uploads\/2025\/05\/1-4.png","type":"image\/png"}],"twitter_card":"summary_large_image","twitter_misc":{"Odhadovan\u00e1 doba \u010dten\u00ed":"2 minuty"},"schema":{"@context":"https:\/\/schema.org","@graph":[{"@type":"WebPage","@id":"https:\/\/rosanacl.com\/producto\/sujetador-selene-modelo-vilma\/","url":"https:\/\/rosanacl.com\/producto\/sujetador-selene-modelo-vilma\/","name":"Sujetador Selene Vilma - Rosana CL","isPartOf":{"@id":"https:\/\/rosanacl.com\/ca\/#website"},"primaryImageOfPage":{"@id":"https:\/\/rosanacl.com\/producto\/sujetador-selene-modelo-vilma\/#primaryimage"},"image":{"@id":"https:\/\/rosanacl.com\/producto\/sujetador-selene-modelo-vilma\/#primaryimage"},"thumbnailUrl":"https:\/\/rosanacl.com\/wp-content\/uploads\/2025\/05\/1-4.png","datePublished":"2025-05-23T08:17:39+00:00","dateModified":"2026-01-07T17:50:14+00:00","breadcrumb":{"@id":"https:\/\/rosanacl.com\/producto\/sujetador-selene-modelo-vilma\/#breadcrumb"},"inLanguage":"cs","potentialAction":[{"@type":"ReadAction","target":["https:\/\/rosanacl.com\/producto\/sujetador-selene-modelo-vilma\/"]}]},{"@type":"ImageObject","inLanguage":"cs","@id":"https:\/\/rosanacl.com\/producto\/sujetador-selene-modelo-vilma\/#primaryimage","url":"https:\/\/rosanacl.com\/wp-content\/uploads\/2025\/05\/1-4.png","contentUrl":"https:\/\/rosanacl.com\/wp-content\/uploads\/2025\/05\/1-4.png","width":1100,"height":1333},{"@type":"BreadcrumbList","@id":"https:\/\/rosanacl.com\/producto\/sujetador-selene-modelo-vilma\/#breadcrumb","itemListElement":[{"@type":"ListItem","position":1,"name":"Portada","item":"https:\/\/rosanacl.com\/ca\/"},{"@type":"ListItem","position":2,"name":"Tienda","item":"https:\/\/rosanacl.com\/ca\/tienda\/"},{"@type":"ListItem","position":3,"name":"Sujetador Selene Vilma"}]},{"@type":"WebSite","@id":"https:\/\/rosanacl.com\/ca\/#website","url":"https:\/\/rosanacl.com\/ca\/","name":"Rosana CL","description":"Jsme v\u00e1\u0161 interi\u00e9r","potentialAction":[{"@type":"SearchAction","target":{"@type":"EntryPoint","urlTemplate":"https:\/\/rosanacl.com\/ca\/?s={search_term_string}"},"query-input":{"@type":"PropertyValueSpecification","valueRequired":true,"valueName":"search_term_string"}}],"inLanguage":"cs"}]}},"_links":{"self":[{"href":"https:\/\/rosanacl.com\/cs\/wp-json\/wp\/v2\/product\/2112","targetHints":{"allow":["GET"]}}],"collection":[{"href":"https:\/\/rosanacl.com\/cs\/wp-json\/wp\/v2\/product"}],"about":[{"href":"https:\/\/rosanacl.com\/cs\/wp-json\/wp\/v2\/types\/product"}],"replies":[{"embeddable":true,"href":"https:\/\/rosanacl.com\/cs\/wp-json\/wp\/v2\/comments?post=2112"}],"version-history":[{"count":5,"href":"https:\/\/rosanacl.com\/cs\/wp-json\/wp\/v2\/product\/2112\/revisions"}],"predecessor-version":[{"id":4597,"href":"https:\/\/rosanacl.com\/cs\/wp-json\/wp\/v2\/product\/2112\/revisions\/4597"}],"wp:featuredmedia":[{"embeddable":true,"href":"https:\/\/rosanacl.com\/cs\/wp-json\/wp\/v2\/media\/2157"}],"wp:attachment":[{"href":"https:\/\/rosanacl.com\/cs\/wp-json\/wp\/v2\/media?parent=2112"}],"wp:term":[{"taxonomy":"product_brand","embeddable":true,"href":"https:\/\/rosanacl.com\/cs\/wp-json\/wp\/v2\/product_brand?post=2112"},{"taxonomy":"product_cat","embeddable":true,"href":"https:\/\/rosanacl.com\/cs\/wp-json\/wp\/v2\/product_cat?post=2112"},{"taxonomy":"product_tag","embeddable":true,"href":"https:\/\/rosanacl.com\/cs\/wp-json\/wp\/v2\/product_tag?post=2112"}],"curies":[{"name":"wp","href":"https:\/\/api.w.org\/{rel}","templated":true}]}}