{"id":3307,"date":"2025-08-19T08:32:04","date_gmt":"2025-08-19T06:32:04","guid":{"rendered":"https:\/\/rosanacl.com\/?post_type=product&#038;p=3307"},"modified":"2026-01-07T18:35:26","modified_gmt":"2026-01-07T17:35:26","slug":"sujetador-modelo-cris","status":"publish","type":"product","link":"https:\/\/rosanacl.com\/cs\/produkt\/sujetador-modelo-cris\/","title":{"rendered":"Selene Cris Bra"},"content":{"rendered":"<p>Podprsenka Selene Cris je elegantn\u00ed z\u00e1kladn\u00ed podprsenka z mikrovl\u00e1kna s kosticemi a vyztu\u017een\u00fdmi ko\u0161\u00ed\u010dky, kter\u00e1 je navr\u017eena tak, aby zd\u016fraznila poprs\u00ed kr\u00e1sn\u00fdm, zaoblen\u00fdm tvarem. Sat\u00e9nov\u00e9 detaily ve v\u00fdst\u0159ihu a jemn\u00e9 lemov\u00e1n\u00ed ko\u0161\u00ed\u010dk\u016f j\u00ed dod\u00e1vaj\u00ed rafinovan\u00fd vzhled, kter\u00fd je patrn\u00fd v okam\u017eiku, kdy si ji oble\u010dete: je pohodln\u00e1, m\u011bkk\u00e1 a s luxusn\u011bj\u0161\u00edm pocitem ne\u017e standardn\u00ed z\u00e1kladn\u00ed podprsenka.<\/p>\n<p>Krom\u011b toho, \u017ee lichot\u00ed, je Cris navr\u017een tak, aby v\u00e1s doprov\u00e1zel ka\u017ed\u00fd den: dob\u0159e padne, vycentruje poprs\u00ed a poskytuje stabiln\u00ed oporu, ani\u017e by se c\u00edtil ztuhl\u00fd. Je ide\u00e1ln\u00ed volbou, pokud chcete vypadat kr\u00e1sn\u011b i v jednoduch\u00fdch outfitech, proto\u017ee kombinuje \u010distou estetiku s rafinovan\u00fdm povrchem, kter\u00fd vypad\u00e1 n\u00e1dhern\u011b pod tri\u010dky a p\u0159il\u00e9hav\u011bj\u0161\u00edm oble\u010den\u00edm.<\/p>\n<p>Kl\u00ed\u010dov\u00e9 detaily<\/p>\n<ul>\n<li>S kostic\u00ed a vyztu\u017een\u00fdm ko\u0161\u00ed\u010dkem: p\u0159irozen\u011b zv\u00fdraz\u0148uje a zaobluje poprs\u00ed.<\/li>\n<li>Sat\u00e9nov\u00fd detail na v\u00fdst\u0159ihu: elegantn\u00ed a \u017eensk\u00fd vzhled.<\/li>\n<li>M\u011bkk\u00e1 mikrovl\u00e1kna: p\u0159\u00edjemn\u00e1 na dotek a pohodln\u00e9 no\u0161en\u00ed.<\/li>\n<li>Lichotiv\u00fd efekt: opticky ze\u0161t\u00edhluje a pom\u00e1h\u00e1 vycentrovat poprs\u00ed.<\/li>\n<\/ul>\n<p>\ud83d\udde3\ufe0f Tip: Cris je jedna z t\u011bch podprsenek, kter\u00e9 p\u016fsob\u00ed \u00abnale\u0161t\u011bn\u00fdm\u00bb dojmem: mikrovl\u00e1kno je hebk\u00e9 a sat\u00e9n v\u00fdst\u0159ihu mu dod\u00e1v\u00e1 jemn\u00fd dotek, zat\u00edmco ko\u0161\u00ed\u010dek zanech\u00e1v\u00e1 prsa zaoblen\u00e1 a vycentrovan\u00e1, tak\u017ee vypad\u00e1 velmi hezky i pod tri\u010dky.<\/p>\n<p>\ud83d\udccf Pozn\u00e1mka: Abyste si ho hned od prvn\u00ed objedn\u00e1vky obl\u00edbili, m\u011bjte na pam\u011bti, \u017ee m\u00e1 polstrovan\u00fd ko\u0161\u00ed\u010dek: pokud v\u00e1h\u00e1te mezi dv\u011bma mo\u017enostmi nebo d\u00e1v\u00e1te p\u0159ednost p\u0159irozen\u011bj\u0161\u00edmu efektu, zvolte pohodln\u011bj\u0161\u00ed ko\u0161\u00ed\u010dek; a v p\u00e1sku hledejte takov\u00fd, kter\u00fd je pevn\u00fd, ale z\u00e1rove\u0148 t\u011bsn\u00fd (kter\u00fd se p\u0159i pohybu nezved\u00e1), proto\u017ee tam je skute\u010dn\u00e1 opora.<\/p>\n<p>Slo\u017een\u00ed: Elastick\u00e9 mikrovl\u00e1kno: cca 80% polyamid, 12% elastan, 8% polyester.<\/p>\n<p>\ud83e\udebd Podpora, tvar a jemn\u00fd povrch: takhle se c\u00edt\u00ed Selene.<\/p>\n<div id=\"v1ms-outlook-mobile-body-separator-line\" dir=\"auto\"><\/div>","protected":false},"excerpt":{"rendered":"<p>Sujetador Selene Cris es un b\u00e1sico elegante de microfibra con aro y copa con relleno, pensado para realzar el pecho con una forma redondeada y bonita. Su detalle de raso en el escote y el borde delicado en las copas le dan ese acabado fino que se nota al pon\u00e9rtelo: c\u00f3modo, suave y con un [&hellip;]<\/p>\n","protected":false},"featured_media":3323,"comment_status":"closed","ping_status":"closed","template":"","meta":{"content-type":""},"product_brand":[55],"product_cat":[26,20],"product_tag":[56,62],"class_list":{"0":"post-3307","1":"product","2":"type-product","3":"status-publish","4":"has-post-thumbnail","6":"product_brand-selene","7":"product_cat-con-aros-y-relleno","8":"product_cat-sujetador","9":"product_tag-sujetador","10":"product_tag-sujetador-con-aros-y-rellenos","12":"first","13":"instock","14":"taxable","15":"shipping-taxable","16":"purchasable","17":"product-type-variable"},"supplier_id":null,"supplier_sku":"","barcode":null,"atum_controlled":true,"out_stock_date":null,"out_stock_threshold":null,"inheritable":true,"inbound_stock":0,"stock_on_hold":0,"sold_today":0,"sales_last_days":0,"reserved_stock":0,"customer_returns":0,"warehouse_damage":0,"lost_in_post":0,"other_logs":0,"out_stock_days":null,"lost_sales":0,"has_location":false,"update_date":"2026-02-18T15:16:29","atum_locations":[],"atum_stock_status":"instock","restock_status":false,"low_stock_amount":"","sales_update_date":"2025-10-03T04:55:35","calc_backorders":null,"yoast_head":"<!-- This site is optimized with the Yoast SEO plugin v27.4 - https:\/\/yoast.com\/product\/yoast-seo-wordpress\/ -->\n<title>Sujetador Selene Cris - Rosana CL<\/title>\n<meta name=\"robots\" content=\"index, follow, max-snippet:-1, max-image-preview:large, max-video-preview:-1\" \/>\n<link rel=\"canonical\" href=\"https:\/\/rosanacl.com\/cs\/produkt\/sujetador-modelo-cris\/\" \/>\n<meta property=\"og:locale\" content=\"cs_CZ\" \/>\n<meta property=\"og:type\" content=\"article\" \/>\n<meta property=\"og:title\" content=\"Sujetador Selene Cris - Rosana CL\" \/>\n<meta property=\"og:description\" content=\"Sujetador Selene Cris es un b\u00e1sico elegante de microfibra con aro y copa con relleno, pensado para realzar el pecho con una forma redondeada y bonita. Su detalle de raso en el escote y el borde delicado en las copas le dan ese acabado fino que se nota al pon\u00e9rtelo: c\u00f3modo, suave y con un [&hellip;]\" \/>\n<meta property=\"og:url\" content=\"https:\/\/rosanacl.com\/cs\/produkt\/sujetador-modelo-cris\/\" \/>\n<meta property=\"og:site_name\" content=\"Rosana CL\" \/>\n<meta property=\"article:modified_time\" content=\"2026-01-07T17:35:26+00:00\" \/>\n<meta property=\"og:image\" content=\"https:\/\/rosanacl.com\/wp-content\/uploads\/2025\/08\/1-1.png\" \/>\n\t<meta property=\"og:image:width\" content=\"616\" \/>\n\t<meta property=\"og:image:height\" content=\"813\" \/>\n\t<meta property=\"og:image:type\" content=\"image\/png\" \/>\n<meta name=\"twitter:card\" content=\"summary_large_image\" \/>\n<meta name=\"twitter:label1\" content=\"Odhadovan\u00e1 doba \u010dten\u00ed\" \/>\n\t<meta name=\"twitter:data1\" content=\"2 minuty\" \/>\n<script type=\"application\/ld+json\" class=\"yoast-schema-graph\">{\"@context\":\"https:\\\/\\\/schema.org\",\"@graph\":[{\"@type\":\"WebPage\",\"@id\":\"https:\\\/\\\/rosanacl.com\\\/producto\\\/sujetador-modelo-cris\\\/\",\"url\":\"https:\\\/\\\/rosanacl.com\\\/producto\\\/sujetador-modelo-cris\\\/\",\"name\":\"Sujetador Selene Cris - Rosana CL\",\"isPartOf\":{\"@id\":\"https:\\\/\\\/rosanacl.com\\\/ca\\\/#website\"},\"primaryImageOfPage\":{\"@id\":\"https:\\\/\\\/rosanacl.com\\\/producto\\\/sujetador-modelo-cris\\\/#primaryimage\"},\"image\":{\"@id\":\"https:\\\/\\\/rosanacl.com\\\/producto\\\/sujetador-modelo-cris\\\/#primaryimage\"},\"thumbnailUrl\":\"https:\\\/\\\/rosanacl.com\\\/wp-content\\\/uploads\\\/2025\\\/08\\\/1-1.png\",\"datePublished\":\"2025-08-19T06:32:04+00:00\",\"dateModified\":\"2026-01-07T17:35:26+00:00\",\"breadcrumb\":{\"@id\":\"https:\\\/\\\/rosanacl.com\\\/producto\\\/sujetador-modelo-cris\\\/#breadcrumb\"},\"inLanguage\":\"cs\",\"potentialAction\":[{\"@type\":\"ReadAction\",\"target\":[\"https:\\\/\\\/rosanacl.com\\\/producto\\\/sujetador-modelo-cris\\\/\"]}]},{\"@type\":\"ImageObject\",\"inLanguage\":\"cs\",\"@id\":\"https:\\\/\\\/rosanacl.com\\\/producto\\\/sujetador-modelo-cris\\\/#primaryimage\",\"url\":\"https:\\\/\\\/rosanacl.com\\\/wp-content\\\/uploads\\\/2025\\\/08\\\/1-1.png\",\"contentUrl\":\"https:\\\/\\\/rosanacl.com\\\/wp-content\\\/uploads\\\/2025\\\/08\\\/1-1.png\",\"width\":616,\"height\":813},{\"@type\":\"BreadcrumbList\",\"@id\":\"https:\\\/\\\/rosanacl.com\\\/producto\\\/sujetador-modelo-cris\\\/#breadcrumb\",\"itemListElement\":[{\"@type\":\"ListItem\",\"position\":1,\"name\":\"Portada\",\"item\":\"https:\\\/\\\/rosanacl.com\\\/ca\\\/\"},{\"@type\":\"ListItem\",\"position\":2,\"name\":\"Tienda\",\"item\":\"https:\\\/\\\/rosanacl.com\\\/ca\\\/tienda\\\/\"},{\"@type\":\"ListItem\",\"position\":3,\"name\":\"Sujetador Selene Cris\"}]},{\"@type\":\"WebSite\",\"@id\":\"https:\\\/\\\/rosanacl.com\\\/ca\\\/#website\",\"url\":\"https:\\\/\\\/rosanacl.com\\\/ca\\\/\",\"name\":\"Rosana CL\",\"description\":\"Somos tu interior\",\"potentialAction\":[{\"@type\":\"SearchAction\",\"target\":{\"@type\":\"EntryPoint\",\"urlTemplate\":\"https:\\\/\\\/rosanacl.com\\\/ca\\\/?s={search_term_string}\"},\"query-input\":{\"@type\":\"PropertyValueSpecification\",\"valueRequired\":true,\"valueName\":\"search_term_string\"}}],\"inLanguage\":\"cs\"}]}<\/script>\n<!-- \/ Yoast SEO plugin. -->","yoast_head_json":{"title":"Sujetador Selene Cris - Rosana CL","robots":{"index":"index","follow":"follow","max-snippet":"max-snippet:-1","max-image-preview":"max-image-preview:large","max-video-preview":"max-video-preview:-1"},"canonical":"https:\/\/rosanacl.com\/cs\/produkt\/sujetador-modelo-cris\/","og_locale":"cs_CZ","og_type":"article","og_title":"Sujetador Selene Cris - Rosana CL","og_description":"Sujetador Selene Cris es un b\u00e1sico elegante de microfibra con aro y copa con relleno, pensado para realzar el pecho con una forma redondeada y bonita. Su detalle de raso en el escote y el borde delicado en las copas le dan ese acabado fino que se nota al pon\u00e9rtelo: c\u00f3modo, suave y con un [&hellip;]","og_url":"https:\/\/rosanacl.com\/cs\/produkt\/sujetador-modelo-cris\/","og_site_name":"Rosana CL","article_modified_time":"2026-01-07T17:35:26+00:00","og_image":[{"width":616,"height":813,"url":"https:\/\/rosanacl.com\/wp-content\/uploads\/2025\/08\/1-1.png","type":"image\/png"}],"twitter_card":"summary_large_image","twitter_misc":{"Odhadovan\u00e1 doba \u010dten\u00ed":"2 minuty"},"schema":{"@context":"https:\/\/schema.org","@graph":[{"@type":"WebPage","@id":"https:\/\/rosanacl.com\/producto\/sujetador-modelo-cris\/","url":"https:\/\/rosanacl.com\/producto\/sujetador-modelo-cris\/","name":"Sujetador Selene Cris - Rosana CL","isPartOf":{"@id":"https:\/\/rosanacl.com\/ca\/#website"},"primaryImageOfPage":{"@id":"https:\/\/rosanacl.com\/producto\/sujetador-modelo-cris\/#primaryimage"},"image":{"@id":"https:\/\/rosanacl.com\/producto\/sujetador-modelo-cris\/#primaryimage"},"thumbnailUrl":"https:\/\/rosanacl.com\/wp-content\/uploads\/2025\/08\/1-1.png","datePublished":"2025-08-19T06:32:04+00:00","dateModified":"2026-01-07T17:35:26+00:00","breadcrumb":{"@id":"https:\/\/rosanacl.com\/producto\/sujetador-modelo-cris\/#breadcrumb"},"inLanguage":"cs","potentialAction":[{"@type":"ReadAction","target":["https:\/\/rosanacl.com\/producto\/sujetador-modelo-cris\/"]}]},{"@type":"ImageObject","inLanguage":"cs","@id":"https:\/\/rosanacl.com\/producto\/sujetador-modelo-cris\/#primaryimage","url":"https:\/\/rosanacl.com\/wp-content\/uploads\/2025\/08\/1-1.png","contentUrl":"https:\/\/rosanacl.com\/wp-content\/uploads\/2025\/08\/1-1.png","width":616,"height":813},{"@type":"BreadcrumbList","@id":"https:\/\/rosanacl.com\/producto\/sujetador-modelo-cris\/#breadcrumb","itemListElement":[{"@type":"ListItem","position":1,"name":"Portada","item":"https:\/\/rosanacl.com\/ca\/"},{"@type":"ListItem","position":2,"name":"Tienda","item":"https:\/\/rosanacl.com\/ca\/tienda\/"},{"@type":"ListItem","position":3,"name":"Sujetador Selene Cris"}]},{"@type":"WebSite","@id":"https:\/\/rosanacl.com\/ca\/#website","url":"https:\/\/rosanacl.com\/ca\/","name":"Rosana CL","description":"Jsme v\u00e1\u0161 interi\u00e9r","potentialAction":[{"@type":"SearchAction","target":{"@type":"EntryPoint","urlTemplate":"https:\/\/rosanacl.com\/ca\/?s={search_term_string}"},"query-input":{"@type":"PropertyValueSpecification","valueRequired":true,"valueName":"search_term_string"}}],"inLanguage":"cs"}]}},"_links":{"self":[{"href":"https:\/\/rosanacl.com\/cs\/wp-json\/wp\/v2\/product\/3307","targetHints":{"allow":["GET"]}}],"collection":[{"href":"https:\/\/rosanacl.com\/cs\/wp-json\/wp\/v2\/product"}],"about":[{"href":"https:\/\/rosanacl.com\/cs\/wp-json\/wp\/v2\/types\/product"}],"replies":[{"embeddable":true,"href":"https:\/\/rosanacl.com\/cs\/wp-json\/wp\/v2\/comments?post=3307"}],"version-history":[{"count":5,"href":"https:\/\/rosanacl.com\/cs\/wp-json\/wp\/v2\/product\/3307\/revisions"}],"predecessor-version":[{"id":4595,"href":"https:\/\/rosanacl.com\/cs\/wp-json\/wp\/v2\/product\/3307\/revisions\/4595"}],"wp:featuredmedia":[{"embeddable":true,"href":"https:\/\/rosanacl.com\/cs\/wp-json\/wp\/v2\/media\/3323"}],"wp:attachment":[{"href":"https:\/\/rosanacl.com\/cs\/wp-json\/wp\/v2\/media?parent=3307"}],"wp:term":[{"taxonomy":"product_brand","embeddable":true,"href":"https:\/\/rosanacl.com\/cs\/wp-json\/wp\/v2\/product_brand?post=3307"},{"taxonomy":"product_cat","embeddable":true,"href":"https:\/\/rosanacl.com\/cs\/wp-json\/wp\/v2\/product_cat?post=3307"},{"taxonomy":"product_tag","embeddable":true,"href":"https:\/\/rosanacl.com\/cs\/wp-json\/wp\/v2\/product_tag?post=3307"}],"curies":[{"name":"wp","href":"https:\/\/api.w.org\/{rel}","templated":true}]}}