{"id":3353,"date":"2025-08-19T08:46:54","date_gmt":"2025-08-19T06:46:54","guid":{"rendered":"https:\/\/rosanacl.com\/?post_type=product&#038;p=3353"},"modified":"2026-01-08T03:15:40","modified_gmt":"2026-01-08T02:15:40","slug":"sujetador-modelo-katia","status":"publish","type":"product","link":"https:\/\/rosanacl.com\/cs\/produkt\/sujetador-modelo-katia\/","title":{"rendered":"Selene Katia Bra"},"content":{"rendered":"<p>Selene Katia je mladistv\u00e1 a sofistikovan\u00e1 podprsenka, navr\u017een\u00e1 tak, aby zd\u016fraznila poprs\u00ed kr\u00e1sn\u00fdm v\u00fdst\u0159ihem a tvarem. Kombinuje m\u011bkk\u00e9 mikrovl\u00e1kno s tylov\u00fdmi detaily, \u010d\u00edm\u017e dosahuje elegantn\u00edho a lichotiv\u00e9ho vzhledu bez kompromis\u016f v pohodl\u00ed.<\/p>\n<p>Jeho design nav\u00edc vynik\u00e1 dvojitou vrstvou tylu na zadn\u00ed stran\u011b, kter\u00e1 poskytuje extra oporu a pom\u00e1h\u00e1 opticky zakr\u00fdt drobn\u00e9 nerovnosti na boku, \u010d\u00edm\u017e zanech\u00e1v\u00e1 pod oble\u010den\u00edm jemn\u011bj\u0161\u00ed a uhlazen\u011bj\u0161\u00ed povrch.<\/p>\n<p>Kl\u00ed\u010dov\u00e9 body<\/p>\n<ul>\n<li>Kostice + vyztu\u017een\u00e9 ko\u0161\u00ed\u010dky s hlubok\u00fdm v\u00fdst\u0159ihem: p\u0159irozen\u00e9 zv\u00fdrazn\u011bn\u00ed a velmi atraktivn\u00ed dekolt.<\/li>\n<li>Zadn\u00ed strana s dvojitou vrstvou tylu: extra opora a elegantn\u011bj\u0161\u00ed efekt.<\/li>\n<li>Pohodln\u00e1 mikrovl\u00e1kna: m\u011bkk\u00e1 na dotek, ide\u00e1ln\u00ed pro no\u0161en\u00ed po mnoho hodin.<\/li>\n<li>Slad\u011bn\u00e1 sada: pro dokon\u010den\u00ed vzhledu ji zkombinujte s kalhotkami Katia Selene nebo Roxana Selene.<\/li>\n<\/ul>\n<p>\ud83d\udde3\ufe0f Tip: U Selene Katia je \u00abpr\u00e9miov\u00e1\u00bb kvalita patrn\u00e1 v cel\u00e9m rozsahu: p\u0159edn\u00ed \u010d\u00e1st poskytuje kr\u00e1sn\u00fd a lichotiv\u00fd v\u00fdst\u0159ih a zadn\u00ed \u010d\u00e1st je zkombinov\u00e1na s dvojit\u00fdm tylem pro elegantn\u011bj\u0161\u00ed efekt, kter\u00fd podp\u00edr\u00e1 a stylizuje, ani\u017e by pod oble\u010den\u00edm vypadala \u00abt\u011b\u017ek\u00e1\u00bb.<\/p>\n<p>\ud83d\udccf Pozn\u00e1mka: P\u0159ed n\u00e1kupem si ujasn\u011bte, jak v\u00e1m p\u00e1sek padne: m\u011bl by b\u00fdt pevn\u00fd a pohodln\u00fd (ani\u017e by v\u00e1m lezl po z\u00e1dech). Pokud p\u00e1sek perfektn\u011b sed\u00ed, ale m\u00e1te pocit, \u017ee ko\u0161\u00ed\u010dky jsou \u00abtak akor\u00e1t\u00bb nebo se v\u00e1m prsa p\u0159i pohybu trochu vyhrnuj\u00ed, zv\u011bt\u0161ete o jeden ko\u0161\u00ed\u010dek; pokud je p\u0159\u00edli\u0161 voln\u00fd, zmen\u0161ete o jeden ko\u0161\u00ed\u010dek a p\u00e1sek si ponechte.<\/p>\n<p>Slo\u017een\u00ed: Stre\u010dov\u00e9 mikrovl\u00e1kno s tylov\u00fdmi detaily. 53% Polyester \u00b7 33% Polyamid \u00b7 14% Elastan<\/p>\n<p>\ud83e\udee6 Sofistikovan\u00e9, pohodln\u00e9 a nebezpe\u010dn\u011b lichotiv\u00e9.<\/p>\n<div id=\"v1ms-outlook-mobile-body-separator-line\" dir=\"auto\"><\/div>","protected":false},"excerpt":{"rendered":"<div style=\"position: relative; padding-bottom: 56.25%; height: 0; overflow: hidden; max-width: 100%;\"><iframe style=\"position: absolute; top: 0; left: 0; width: 100%; height: 100%;\" src=\"https:\/\/www.youtube.com\/embed\/7AuznBKBTI8?autoplay=1&amp;mute=1&amp;playsinline=1&amp;rel=0&amp;controls=1&amp;loop=1&amp;playlist=7AuznBKBTI8\" frameborder=\"0\" allowfullscreen=\"allowfullscreen\"><br \/>\n<\/iframe><\/div>","protected":false},"featured_media":3374,"comment_status":"closed","ping_status":"closed","template":"","meta":{"content-type":""},"product_brand":[55],"product_cat":[26,20],"product_tag":[56,62],"class_list":{"0":"post-3353","1":"product","2":"type-product","3":"status-publish","4":"has-post-thumbnail","6":"product_brand-selene","7":"product_cat-con-aros-y-relleno","8":"product_cat-sujetador","9":"product_tag-sujetador","10":"product_tag-sujetador-con-aros-y-rellenos","12":"first","13":"instock","14":"taxable","15":"shipping-taxable","16":"purchasable","17":"product-type-variable"},"supplier_id":null,"supplier_sku":"","barcode":null,"atum_controlled":true,"out_stock_date":null,"out_stock_threshold":null,"inheritable":true,"inbound_stock":0,"stock_on_hold":0,"sold_today":0,"sales_last_days":0,"reserved_stock":0,"customer_returns":0,"warehouse_damage":0,"lost_in_post":0,"other_logs":0,"out_stock_days":null,"lost_sales":0,"has_location":false,"update_date":"2026-01-26T08:12:35","atum_locations":[],"atum_stock_status":"instock","restock_status":false,"low_stock_amount":"","sales_update_date":"2025-10-03T04:55:34","calc_backorders":null,"yoast_head":"<!-- This site is optimized with the Yoast SEO plugin v27.4 - https:\/\/yoast.com\/product\/yoast-seo-wordpress\/ -->\n<title>Sujetador Selene Katia - Rosana CL<\/title>\n<meta name=\"robots\" content=\"index, follow, max-snippet:-1, max-image-preview:large, max-video-preview:-1\" \/>\n<link rel=\"canonical\" href=\"https:\/\/rosanacl.com\/cs\/produkt\/sujetador-modelo-katia\/\" \/>\n<meta property=\"og:locale\" content=\"cs_CZ\" \/>\n<meta property=\"og:type\" content=\"article\" \/>\n<meta property=\"og:title\" content=\"Sujetador Selene Katia - Rosana CL\" \/>\n<meta property=\"og:url\" content=\"https:\/\/rosanacl.com\/cs\/produkt\/sujetador-modelo-katia\/\" \/>\n<meta property=\"og:site_name\" content=\"Rosana CL\" \/>\n<meta property=\"article:modified_time\" content=\"2026-01-08T02:15:40+00:00\" \/>\n<meta property=\"og:image\" content=\"https:\/\/rosanacl.com\/wp-content\/uploads\/2025\/08\/1-3-1024x1024.png\" \/>\n\t<meta property=\"og:image:width\" content=\"1024\" \/>\n\t<meta property=\"og:image:height\" content=\"1024\" \/>\n\t<meta property=\"og:image:type\" content=\"image\/png\" \/>\n<meta name=\"twitter:card\" content=\"summary_large_image\" \/>\n<meta name=\"twitter:label1\" content=\"Odhadovan\u00e1 doba \u010dten\u00ed\" \/>\n\t<meta name=\"twitter:data1\" content=\"2 minuty\" \/>\n<script type=\"application\/ld+json\" class=\"yoast-schema-graph\">{\"@context\":\"https:\\\/\\\/schema.org\",\"@graph\":[{\"@type\":\"WebPage\",\"@id\":\"https:\\\/\\\/rosanacl.com\\\/producto\\\/sujetador-modelo-katia\\\/\",\"url\":\"https:\\\/\\\/rosanacl.com\\\/producto\\\/sujetador-modelo-katia\\\/\",\"name\":\"Sujetador Selene Katia - Rosana CL\",\"isPartOf\":{\"@id\":\"https:\\\/\\\/rosanacl.com\\\/ca\\\/#website\"},\"primaryImageOfPage\":{\"@id\":\"https:\\\/\\\/rosanacl.com\\\/producto\\\/sujetador-modelo-katia\\\/#primaryimage\"},\"image\":{\"@id\":\"https:\\\/\\\/rosanacl.com\\\/producto\\\/sujetador-modelo-katia\\\/#primaryimage\"},\"thumbnailUrl\":\"https:\\\/\\\/rosanacl.com\\\/wp-content\\\/uploads\\\/2025\\\/08\\\/1-3.png\",\"datePublished\":\"2025-08-19T06:46:54+00:00\",\"dateModified\":\"2026-01-08T02:15:40+00:00\",\"breadcrumb\":{\"@id\":\"https:\\\/\\\/rosanacl.com\\\/producto\\\/sujetador-modelo-katia\\\/#breadcrumb\"},\"inLanguage\":\"cs\",\"potentialAction\":[{\"@type\":\"ReadAction\",\"target\":[\"https:\\\/\\\/rosanacl.com\\\/producto\\\/sujetador-modelo-katia\\\/\"]}]},{\"@type\":\"ImageObject\",\"inLanguage\":\"cs\",\"@id\":\"https:\\\/\\\/rosanacl.com\\\/producto\\\/sujetador-modelo-katia\\\/#primaryimage\",\"url\":\"https:\\\/\\\/rosanacl.com\\\/wp-content\\\/uploads\\\/2025\\\/08\\\/1-3.png\",\"contentUrl\":\"https:\\\/\\\/rosanacl.com\\\/wp-content\\\/uploads\\\/2025\\\/08\\\/1-3.png\",\"width\":1333,\"height\":1333},{\"@type\":\"BreadcrumbList\",\"@id\":\"https:\\\/\\\/rosanacl.com\\\/producto\\\/sujetador-modelo-katia\\\/#breadcrumb\",\"itemListElement\":[{\"@type\":\"ListItem\",\"position\":1,\"name\":\"Portada\",\"item\":\"https:\\\/\\\/rosanacl.com\\\/ca\\\/\"},{\"@type\":\"ListItem\",\"position\":2,\"name\":\"Tienda\",\"item\":\"https:\\\/\\\/rosanacl.com\\\/ca\\\/tienda\\\/\"},{\"@type\":\"ListItem\",\"position\":3,\"name\":\"Sujetador Selene Katia\"}]},{\"@type\":\"WebSite\",\"@id\":\"https:\\\/\\\/rosanacl.com\\\/ca\\\/#website\",\"url\":\"https:\\\/\\\/rosanacl.com\\\/ca\\\/\",\"name\":\"Rosana CL\",\"description\":\"Somos tu interior\",\"potentialAction\":[{\"@type\":\"SearchAction\",\"target\":{\"@type\":\"EntryPoint\",\"urlTemplate\":\"https:\\\/\\\/rosanacl.com\\\/ca\\\/?s={search_term_string}\"},\"query-input\":{\"@type\":\"PropertyValueSpecification\",\"valueRequired\":true,\"valueName\":\"search_term_string\"}}],\"inLanguage\":\"cs\"}]}<\/script>\n<!-- \/ Yoast SEO plugin. -->","yoast_head_json":{"title":"Sujetador Selene Katia - Rosana CL","robots":{"index":"index","follow":"follow","max-snippet":"max-snippet:-1","max-image-preview":"max-image-preview:large","max-video-preview":"max-video-preview:-1"},"canonical":"https:\/\/rosanacl.com\/cs\/produkt\/sujetador-modelo-katia\/","og_locale":"cs_CZ","og_type":"article","og_title":"Sujetador Selene Katia - Rosana CL","og_url":"https:\/\/rosanacl.com\/cs\/produkt\/sujetador-modelo-katia\/","og_site_name":"Rosana CL","article_modified_time":"2026-01-08T02:15:40+00:00","og_image":[{"width":1024,"height":1024,"url":"https:\/\/rosanacl.com\/wp-content\/uploads\/2025\/08\/1-3-1024x1024.png","type":"image\/png"}],"twitter_card":"summary_large_image","twitter_misc":{"Odhadovan\u00e1 doba \u010dten\u00ed":"2 minuty"},"schema":{"@context":"https:\/\/schema.org","@graph":[{"@type":"WebPage","@id":"https:\/\/rosanacl.com\/producto\/sujetador-modelo-katia\/","url":"https:\/\/rosanacl.com\/producto\/sujetador-modelo-katia\/","name":"Sujetador Selene Katia - Rosana CL","isPartOf":{"@id":"https:\/\/rosanacl.com\/ca\/#website"},"primaryImageOfPage":{"@id":"https:\/\/rosanacl.com\/producto\/sujetador-modelo-katia\/#primaryimage"},"image":{"@id":"https:\/\/rosanacl.com\/producto\/sujetador-modelo-katia\/#primaryimage"},"thumbnailUrl":"https:\/\/rosanacl.com\/wp-content\/uploads\/2025\/08\/1-3.png","datePublished":"2025-08-19T06:46:54+00:00","dateModified":"2026-01-08T02:15:40+00:00","breadcrumb":{"@id":"https:\/\/rosanacl.com\/producto\/sujetador-modelo-katia\/#breadcrumb"},"inLanguage":"cs","potentialAction":[{"@type":"ReadAction","target":["https:\/\/rosanacl.com\/producto\/sujetador-modelo-katia\/"]}]},{"@type":"ImageObject","inLanguage":"cs","@id":"https:\/\/rosanacl.com\/producto\/sujetador-modelo-katia\/#primaryimage","url":"https:\/\/rosanacl.com\/wp-content\/uploads\/2025\/08\/1-3.png","contentUrl":"https:\/\/rosanacl.com\/wp-content\/uploads\/2025\/08\/1-3.png","width":1333,"height":1333},{"@type":"BreadcrumbList","@id":"https:\/\/rosanacl.com\/producto\/sujetador-modelo-katia\/#breadcrumb","itemListElement":[{"@type":"ListItem","position":1,"name":"Portada","item":"https:\/\/rosanacl.com\/ca\/"},{"@type":"ListItem","position":2,"name":"Tienda","item":"https:\/\/rosanacl.com\/ca\/tienda\/"},{"@type":"ListItem","position":3,"name":"Sujetador Selene Katia"}]},{"@type":"WebSite","@id":"https:\/\/rosanacl.com\/ca\/#website","url":"https:\/\/rosanacl.com\/ca\/","name":"Rosana CL","description":"Jsme v\u00e1\u0161 interi\u00e9r","potentialAction":[{"@type":"SearchAction","target":{"@type":"EntryPoint","urlTemplate":"https:\/\/rosanacl.com\/ca\/?s={search_term_string}"},"query-input":{"@type":"PropertyValueSpecification","valueRequired":true,"valueName":"search_term_string"}}],"inLanguage":"cs"}]}},"_links":{"self":[{"href":"https:\/\/rosanacl.com\/cs\/wp-json\/wp\/v2\/product\/3353","targetHints":{"allow":["GET"]}}],"collection":[{"href":"https:\/\/rosanacl.com\/cs\/wp-json\/wp\/v2\/product"}],"about":[{"href":"https:\/\/rosanacl.com\/cs\/wp-json\/wp\/v2\/types\/product"}],"replies":[{"embeddable":true,"href":"https:\/\/rosanacl.com\/cs\/wp-json\/wp\/v2\/comments?post=3353"}],"version-history":[{"count":5,"href":"https:\/\/rosanacl.com\/cs\/wp-json\/wp\/v2\/product\/3353\/revisions"}],"predecessor-version":[{"id":4641,"href":"https:\/\/rosanacl.com\/cs\/wp-json\/wp\/v2\/product\/3353\/revisions\/4641"}],"wp:featuredmedia":[{"embeddable":true,"href":"https:\/\/rosanacl.com\/cs\/wp-json\/wp\/v2\/media\/3374"}],"wp:attachment":[{"href":"https:\/\/rosanacl.com\/cs\/wp-json\/wp\/v2\/media?parent=3353"}],"wp:term":[{"taxonomy":"product_brand","embeddable":true,"href":"https:\/\/rosanacl.com\/cs\/wp-json\/wp\/v2\/product_brand?post=3353"},{"taxonomy":"product_cat","embeddable":true,"href":"https:\/\/rosanacl.com\/cs\/wp-json\/wp\/v2\/product_cat?post=3353"},{"taxonomy":"product_tag","embeddable":true,"href":"https:\/\/rosanacl.com\/cs\/wp-json\/wp\/v2\/product_tag?post=3353"}],"curies":[{"name":"wp","href":"https:\/\/api.w.org\/{rel}","templated":true}]}}