{"id":3410,"date":"2025-08-19T09:05:06","date_gmt":"2025-08-19T07:05:06","guid":{"rendered":"https:\/\/rosanacl.com\/?post_type=product&#038;p=3410"},"modified":"2026-01-08T03:12:21","modified_gmt":"2026-01-08T02:12:21","slug":"body-selene-agata","status":"publish","type":"product","link":"https:\/\/rosanacl.com\/cs\/produkt\/body-selene-agata\/","title":{"rendered":"T\u011blo Selene Agata"},"content":{"rendered":"<p>Body Selene \u00c1gata je p\u0159il\u00e9hav\u00e9 body z mikrovl\u00e1kna, kter\u00e9 je navr\u017eeno tak, aby stylizovalo postavu elegantn\u00edm a velmi lichotiv\u00fdm vzhledem.<\/p>\n<p>Tylov\u00fd v\u00fdst\u0159ih dod\u00e1v\u00e1 t\u00edlku \u017eensk\u00fd a sofistikovan\u00fd n\u00e1dech, zat\u00edmco centr\u00e1ln\u00ed v\u00fdztuha v oblasti b\u0159icha pom\u00e1h\u00e1 opticky zmen\u0161it a vytvo\u0159it \u0161t\u00edhlej\u0161\u00ed siluetu.<\/p>\n<p>Navr\u017eeno bez kostic, tak\u017ee se c\u00edt\u00edte op\u0159eni a bezpe\u010dn\u011b, ani\u017e byste museli ob\u011btovat pohodl\u00ed. Mikrovl\u00e1kno se p\u0159izp\u016fsob\u00ed va\u0161emu t\u011blu jako druh\u00e1 k\u016f\u017ee, jemn\u011b v\u00e1s vyhlazuje a poskytuje v\u00e1m oporu po cel\u00e9 hodiny, a\u0165 u\u017e p\u0159i ka\u017edodenn\u00edm no\u0161en\u00ed, nebo kdy\u017e chcete vypadat co nejl\u00e9pe.<\/p>\n<p>Detaily, kter\u00e9 d\u011blaj\u00ed rozd\u00edl<\/p>\n<ul>\n<li>Body s efektem st\u0159ihu na b\u0159\u00ed\u0161ku: hlad\u0161\u00ed tvar b\u0159\u00ed\u0161ka a definovan\u011bj\u0161\u00ed silueta.<\/li>\n<li>Tylov\u00fd v\u00fdst\u0159ih: elegantn\u00ed a \u017eensk\u00fd dotek, ani\u017e by byl p\u0159ehnan\u00fd.<\/li>\n<li>Bez dr\u00e1t\u016f: naprost\u00e9 pohodl\u00ed s p\u0159irozenou oporou.<\/li>\n<li>M\u011bkk\u00e1 mikrovl\u00e1kna: p\u0159izp\u016fsob\u00ed se t\u011blu, ani\u017e by ztuhla.<\/li>\n<li>Diskr\u00e9tn\u00ed proveden\u00ed: ide\u00e1ln\u00ed pod p\u0159il\u00e9hav\u00e9 oble\u010den\u00ed pro \u010dist\u0161\u00ed vzhled.<\/li>\n<\/ul>\n<p>\ud83d\udde3\ufe0f Tip: U \u00c1gaty je nejlep\u0161\u00ed to \u00abjemn\u00e9 ovl\u00e1d\u00e1n\u00ed\u00bb, kter\u00e9 p\u016fsob\u00ed elegantn\u011b: mikrovl\u00e1kno obep\u00edn\u00e1 jako druh\u00e1 k\u016f\u017ee, vyhlazuje, ani\u017e by ztvrdlo, a zanech\u00e1v\u00e1 definovan\u011bj\u0161\u00ed siluetu, ide\u00e1ln\u00ed pro no\u0161en\u00ed po mnoho hodin bez pocitu zahlcen\u00ed.<\/p>\n<p>\ud83d\udccf Pozn\u00e1mka: P\u0159ed n\u00e1kupem si promyslete, jak\u00fd pocit v n\u011bm chcete m\u00edt: pokud m\u00e1te r\u00e1di tvaruj\u00edc\u00ed a l\u00e9pe padnouc\u00ed efekt na b\u0159icho, zvolte si svou obvyklou velikost; pokud se pohybujete mezi dv\u011bma velikostmi nebo d\u00e1v\u00e1te p\u0159ednost leh\u010d\u00edmu a diskr\u00e9tn\u011bj\u0161\u00edmu pocitu (men\u0161\u00ed kompresi), zvolte si o jednu velikost v\u011bt\u0161\u00ed velikost pro v\u011bt\u0161\u00ed pohodl\u00ed.<\/p>\n<p>Slo\u017een\u00ed: elastick\u00e9 mikrovl\u00e1kno (82% polyamid, 18% elastan). Intimn\u00ed oblast vyztu\u017eena bavlnou pro v\u011bt\u0161\u00ed pohodl\u00ed a hygienu.<\/p>\n<p>\ud83e\udeb6 Lehk\u00fd zvenku, siln\u00fd zevnit\u0159: va\u0161e silueta je vid\u011bt.<\/p>\n<div id=\"v1ms-outlook-mobile-body-separator-line\" dir=\"auto\"><\/div>\n<p>&nbsp;<\/p>","protected":false},"excerpt":{"rendered":"<p>Body Selene \u00c1gata es un body de control de microfibra pensado para estilizar la figura con un acabado elegante y muy favorecedor. Su escote de tul aporta ese toque femenino y sofisticado, mientras que el refuerzo central en la zona del vientre ayuda a reducir visualmente y a marcar una silueta m\u00e1s esbelta. Dise\u00f1ado sin [&hellip;]<\/p>\n","protected":false},"featured_media":3421,"comment_status":"closed","ping_status":"closed","template":"","meta":{"content-type":""},"product_brand":[55],"product_cat":[18],"product_tag":[66],"class_list":{"0":"post-3410","1":"product","2":"type-product","3":"status-publish","4":"has-post-thumbnail","6":"product_brand-selene","7":"product_cat-body","8":"product_tag-body","10":"first","11":"instock","12":"taxable","13":"shipping-taxable","14":"purchasable","15":"product-type-variable"},"supplier_id":null,"supplier_sku":"","barcode":null,"atum_controlled":true,"out_stock_date":null,"out_stock_threshold":null,"inheritable":true,"inbound_stock":0,"stock_on_hold":0,"sold_today":null,"sales_last_days":null,"reserved_stock":0,"customer_returns":0,"warehouse_damage":0,"lost_in_post":0,"other_logs":0,"out_stock_days":null,"lost_sales":null,"has_location":false,"update_date":"2026-01-08T02:12:22","atum_locations":[],"atum_stock_status":"instock","restock_status":false,"low_stock_amount":"","sales_update_date":"2025-10-03T04:55:33","calc_backorders":null,"yoast_head":"<!-- This site is optimized with the Yoast SEO plugin v27.4 - https:\/\/yoast.com\/product\/yoast-seo-wordpress\/ -->\n<title>Body Selene Agata - Rosana CL<\/title>\n<meta name=\"robots\" content=\"index, follow, max-snippet:-1, max-image-preview:large, max-video-preview:-1\" \/>\n<link rel=\"canonical\" href=\"https:\/\/rosanacl.com\/cs\/produkt\/body-selene-agata\/\" \/>\n<meta property=\"og:locale\" content=\"cs_CZ\" \/>\n<meta property=\"og:type\" content=\"article\" \/>\n<meta property=\"og:title\" content=\"Body Selene Agata - Rosana CL\" \/>\n<meta property=\"og:description\" content=\"Body Selene \u00c1gata es un body de control de microfibra pensado para estilizar la figura con un acabado elegante y muy favorecedor. Su escote de tul aporta ese toque femenino y sofisticado, mientras que el refuerzo central en la zona del vientre ayuda a reducir visualmente y a marcar una silueta m\u00e1s esbelta. Dise\u00f1ado sin [&hellip;]\" \/>\n<meta property=\"og:url\" content=\"https:\/\/rosanacl.com\/cs\/produkt\/body-selene-agata\/\" \/>\n<meta property=\"og:site_name\" content=\"Rosana CL\" \/>\n<meta property=\"article:modified_time\" content=\"2026-01-08T02:12:21+00:00\" \/>\n<meta property=\"og:image\" content=\"https:\/\/rosanacl.com\/wp-content\/uploads\/2025\/08\/1-5.png\" \/>\n\t<meta property=\"og:image:width\" content=\"873\" \/>\n\t<meta property=\"og:image:height\" content=\"1138\" \/>\n\t<meta property=\"og:image:type\" content=\"image\/png\" \/>\n<meta name=\"twitter:card\" content=\"summary_large_image\" \/>\n<meta name=\"twitter:label1\" content=\"Odhadovan\u00e1 doba \u010dten\u00ed\" \/>\n\t<meta name=\"twitter:data1\" content=\"2 minuty\" \/>\n<script type=\"application\/ld+json\" class=\"yoast-schema-graph\">{\"@context\":\"https:\\\/\\\/schema.org\",\"@graph\":[{\"@type\":\"WebPage\",\"@id\":\"https:\\\/\\\/rosanacl.com\\\/producto\\\/body-selene-agata\\\/\",\"url\":\"https:\\\/\\\/rosanacl.com\\\/producto\\\/body-selene-agata\\\/\",\"name\":\"Body Selene Agata - Rosana CL\",\"isPartOf\":{\"@id\":\"https:\\\/\\\/rosanacl.com\\\/ca\\\/#website\"},\"primaryImageOfPage\":{\"@id\":\"https:\\\/\\\/rosanacl.com\\\/producto\\\/body-selene-agata\\\/#primaryimage\"},\"image\":{\"@id\":\"https:\\\/\\\/rosanacl.com\\\/producto\\\/body-selene-agata\\\/#primaryimage\"},\"thumbnailUrl\":\"https:\\\/\\\/rosanacl.com\\\/wp-content\\\/uploads\\\/2025\\\/08\\\/1-5.png\",\"datePublished\":\"2025-08-19T07:05:06+00:00\",\"dateModified\":\"2026-01-08T02:12:21+00:00\",\"breadcrumb\":{\"@id\":\"https:\\\/\\\/rosanacl.com\\\/producto\\\/body-selene-agata\\\/#breadcrumb\"},\"inLanguage\":\"cs\",\"potentialAction\":[{\"@type\":\"ReadAction\",\"target\":[\"https:\\\/\\\/rosanacl.com\\\/producto\\\/body-selene-agata\\\/\"]}]},{\"@type\":\"ImageObject\",\"inLanguage\":\"cs\",\"@id\":\"https:\\\/\\\/rosanacl.com\\\/producto\\\/body-selene-agata\\\/#primaryimage\",\"url\":\"https:\\\/\\\/rosanacl.com\\\/wp-content\\\/uploads\\\/2025\\\/08\\\/1-5.png\",\"contentUrl\":\"https:\\\/\\\/rosanacl.com\\\/wp-content\\\/uploads\\\/2025\\\/08\\\/1-5.png\",\"width\":873,\"height\":1138},{\"@type\":\"BreadcrumbList\",\"@id\":\"https:\\\/\\\/rosanacl.com\\\/producto\\\/body-selene-agata\\\/#breadcrumb\",\"itemListElement\":[{\"@type\":\"ListItem\",\"position\":1,\"name\":\"Portada\",\"item\":\"https:\\\/\\\/rosanacl.com\\\/ca\\\/\"},{\"@type\":\"ListItem\",\"position\":2,\"name\":\"Tienda\",\"item\":\"https:\\\/\\\/rosanacl.com\\\/ca\\\/tienda\\\/\"},{\"@type\":\"ListItem\",\"position\":3,\"name\":\"Body Selene Agata\"}]},{\"@type\":\"WebSite\",\"@id\":\"https:\\\/\\\/rosanacl.com\\\/ca\\\/#website\",\"url\":\"https:\\\/\\\/rosanacl.com\\\/ca\\\/\",\"name\":\"Rosana CL\",\"description\":\"Somos tu interior\",\"potentialAction\":[{\"@type\":\"SearchAction\",\"target\":{\"@type\":\"EntryPoint\",\"urlTemplate\":\"https:\\\/\\\/rosanacl.com\\\/ca\\\/?s={search_term_string}\"},\"query-input\":{\"@type\":\"PropertyValueSpecification\",\"valueRequired\":true,\"valueName\":\"search_term_string\"}}],\"inLanguage\":\"cs\"}]}<\/script>\n<!-- \/ Yoast SEO plugin. -->","yoast_head_json":{"title":"Body Selene Agata - Rosana CL","robots":{"index":"index","follow":"follow","max-snippet":"max-snippet:-1","max-image-preview":"max-image-preview:large","max-video-preview":"max-video-preview:-1"},"canonical":"https:\/\/rosanacl.com\/cs\/produkt\/body-selene-agata\/","og_locale":"cs_CZ","og_type":"article","og_title":"Body Selene Agata - Rosana CL","og_description":"Body Selene \u00c1gata es un body de control de microfibra pensado para estilizar la figura con un acabado elegante y muy favorecedor. Su escote de tul aporta ese toque femenino y sofisticado, mientras que el refuerzo central en la zona del vientre ayuda a reducir visualmente y a marcar una silueta m\u00e1s esbelta. Dise\u00f1ado sin [&hellip;]","og_url":"https:\/\/rosanacl.com\/cs\/produkt\/body-selene-agata\/","og_site_name":"Rosana CL","article_modified_time":"2026-01-08T02:12:21+00:00","og_image":[{"width":873,"height":1138,"url":"https:\/\/rosanacl.com\/wp-content\/uploads\/2025\/08\/1-5.png","type":"image\/png"}],"twitter_card":"summary_large_image","twitter_misc":{"Odhadovan\u00e1 doba \u010dten\u00ed":"2 minuty"},"schema":{"@context":"https:\/\/schema.org","@graph":[{"@type":"WebPage","@id":"https:\/\/rosanacl.com\/producto\/body-selene-agata\/","url":"https:\/\/rosanacl.com\/producto\/body-selene-agata\/","name":"Body Selene Agata - Rosana CL","isPartOf":{"@id":"https:\/\/rosanacl.com\/ca\/#website"},"primaryImageOfPage":{"@id":"https:\/\/rosanacl.com\/producto\/body-selene-agata\/#primaryimage"},"image":{"@id":"https:\/\/rosanacl.com\/producto\/body-selene-agata\/#primaryimage"},"thumbnailUrl":"https:\/\/rosanacl.com\/wp-content\/uploads\/2025\/08\/1-5.png","datePublished":"2025-08-19T07:05:06+00:00","dateModified":"2026-01-08T02:12:21+00:00","breadcrumb":{"@id":"https:\/\/rosanacl.com\/producto\/body-selene-agata\/#breadcrumb"},"inLanguage":"cs","potentialAction":[{"@type":"ReadAction","target":["https:\/\/rosanacl.com\/producto\/body-selene-agata\/"]}]},{"@type":"ImageObject","inLanguage":"cs","@id":"https:\/\/rosanacl.com\/producto\/body-selene-agata\/#primaryimage","url":"https:\/\/rosanacl.com\/wp-content\/uploads\/2025\/08\/1-5.png","contentUrl":"https:\/\/rosanacl.com\/wp-content\/uploads\/2025\/08\/1-5.png","width":873,"height":1138},{"@type":"BreadcrumbList","@id":"https:\/\/rosanacl.com\/producto\/body-selene-agata\/#breadcrumb","itemListElement":[{"@type":"ListItem","position":1,"name":"Portada","item":"https:\/\/rosanacl.com\/ca\/"},{"@type":"ListItem","position":2,"name":"Tienda","item":"https:\/\/rosanacl.com\/ca\/tienda\/"},{"@type":"ListItem","position":3,"name":"Body Selene Agata"}]},{"@type":"WebSite","@id":"https:\/\/rosanacl.com\/ca\/#website","url":"https:\/\/rosanacl.com\/ca\/","name":"Rosana CL","description":"Jsme v\u00e1\u0161 interi\u00e9r","potentialAction":[{"@type":"SearchAction","target":{"@type":"EntryPoint","urlTemplate":"https:\/\/rosanacl.com\/ca\/?s={search_term_string}"},"query-input":{"@type":"PropertyValueSpecification","valueRequired":true,"valueName":"search_term_string"}}],"inLanguage":"cs"}]}},"_links":{"self":[{"href":"https:\/\/rosanacl.com\/cs\/wp-json\/wp\/v2\/product\/3410","targetHints":{"allow":["GET"]}}],"collection":[{"href":"https:\/\/rosanacl.com\/cs\/wp-json\/wp\/v2\/product"}],"about":[{"href":"https:\/\/rosanacl.com\/cs\/wp-json\/wp\/v2\/types\/product"}],"replies":[{"embeddable":true,"href":"https:\/\/rosanacl.com\/cs\/wp-json\/wp\/v2\/comments?post=3410"}],"version-history":[{"count":5,"href":"https:\/\/rosanacl.com\/cs\/wp-json\/wp\/v2\/product\/3410\/revisions"}],"predecessor-version":[{"id":4638,"href":"https:\/\/rosanacl.com\/cs\/wp-json\/wp\/v2\/product\/3410\/revisions\/4638"}],"wp:featuredmedia":[{"embeddable":true,"href":"https:\/\/rosanacl.com\/cs\/wp-json\/wp\/v2\/media\/3421"}],"wp:attachment":[{"href":"https:\/\/rosanacl.com\/cs\/wp-json\/wp\/v2\/media?parent=3410"}],"wp:term":[{"taxonomy":"product_brand","embeddable":true,"href":"https:\/\/rosanacl.com\/cs\/wp-json\/wp\/v2\/product_brand?post=3410"},{"taxonomy":"product_cat","embeddable":true,"href":"https:\/\/rosanacl.com\/cs\/wp-json\/wp\/v2\/product_cat?post=3410"},{"taxonomy":"product_tag","embeddable":true,"href":"https:\/\/rosanacl.com\/cs\/wp-json\/wp\/v2\/product_tag?post=3410"}],"curies":[{"name":"wp","href":"https:\/\/api.w.org\/{rel}","templated":true}]}}