{"id":3565,"date":"2025-08-19T09:59:09","date_gmt":"2025-08-19T07:59:09","guid":{"rendered":"https:\/\/rosanacl.com\/?post_type=product&#038;p=3565"},"modified":"2026-01-07T23:46:23","modified_gmt":"2026-01-07T22:46:23","slug":"body-selene-violeta","status":"publish","type":"product","link":"https:\/\/rosanacl.com\/cs\/produkt\/body-selene-violeta\/","title":{"rendered":"T\u011blo Selene Violet"},"content":{"rendered":"<p>Body Selene Violet je tvaruj\u00edc\u00ed body s hlubok\u00fdm v\u00fdst\u0159ihem, kter\u00e9 je navr\u017eeno tak, aby zd\u016fraznilo poprs\u00ed a lichotilo postav\u011b \u017eensk\u00fdm, elegantn\u00edm a velmi lichotiv\u00fdm vzhledem. Je to perfektn\u00ed od\u011bv, pokud hled\u00e1te pevnou oporu a efekt \u00abkr\u00e1sn\u00e9ho poprs\u00ed\u00bb bez ob\u011btov\u00e1n\u00ed pohodl\u00ed.<\/p>\n<p>M\u00e1 kostice a polstrovan\u00e9 ko\u0161\u00ed\u010dky, kter\u00e9 pom\u00e1haj\u00ed udr\u017eovat poprs\u00ed oporu a kr\u00e1sn\u011b tvarovan\u00e9 po cel\u00fd den. Jeho design je nav\u00edc navr\u017een pro pohodln\u00e9 no\u0161en\u00ed a minimalizaci drobn\u00fdch nerovnost\u00ed v oblasti podpa\u017e\u00ed, co\u017e vede k \u010dist\u0161\u00edmu vzhledu pod oble\u010den\u00edm.<\/p>\n<p>Jeho materi\u00e1l se jemn\u011b p\u0159izp\u016fsob\u00ed t\u011blu, obep\u00edn\u00e1 siluetu a poskytuje pocit bezpe\u010d\u00ed a tvaru, ani\u017e by se c\u00edtil sv\u00e1zan\u00fd. Je to v\u0161estrann\u00e9 body: m\u016f\u017eete ho nosit jako spodn\u00ed pr\u00e1dlo nebo ho vrstvit pod sako \u010di bundu a pozvednout tak jak\u00fdkoli vzhled jen kombinac\u00ed.<\/p>\n<p>Detaily, kter\u00e9 d\u011blaj\u00ed rozd\u00edl<\/p>\n<ul>\n<li>Ze\u0161t\u00edhluj\u00edc\u00ed korzet s elegantn\u00edm vzhledem a ze\u0161t\u00edhluj\u00edc\u00edm efektem.<\/li>\n<li>Kostice + polstrovan\u00fd ko\u0161\u00ed\u010dek: stabiln\u00ed opora a kr\u00e1sn\u00fd efekt prsou.<\/li>\n<li>Pohodln\u00fd st\u0159ih navr\u017een\u00fd pro v\u00fdrazn\u011bj\u0161\u00ed siluetu.<\/li>\n<li>Ide\u00e1ln\u00ed pro ka\u017edodenn\u00ed no\u0161en\u00ed i zvl\u00e1\u0161tn\u00ed p\u0159\u00edle\u017eitosti.<\/li>\n<\/ul>\n<p>\ud83d\udde3\ufe0f Tip: Body Violeta m\u00e1 tu vlastnost \u00abelegantn\u00edho tvarov\u00e1n\u00ed\u00bb: m\u011bla by vyhladit va\u0161i siluetu a dodat v\u00e1m sebev\u011bdom\u00ed, ale z\u00e1rove\u0148 s pocitem druh\u00e9 k\u016f\u017ee (bez \u00abbrn\u011bn\u00ed\u00bb). Pokud je pevn\u00e1, ale pohodln\u00e1, m\u00e1te \u0161t\u011bst\u00ed.<\/p>\n<p>\ud83d\udccf Pozn\u00e1mka: Velikost je spr\u00e1vn\u00e1, pokud body t\u011bsn\u011b a hladce obep\u00edn\u00e1 pas\/b\u0159icho, ani\u017e by se za\u0159ez\u00e1valo, a v\u00fdst\u0159ih z\u016fst\u00e1v\u00e1 p\u0159i pohybu stabiln\u00ed. Pokud se na b\u0159i\u0161e objevuj\u00ed vr\u00e1sky nebo se poprs\u00ed pohybuje, je p\u0159\u00edli\u0161 velk\u00e9; pokud je p\u0159\u00edli\u0161 t\u011bsn\u00e9 nebo omezuje pohyb p\u0159i sezen\u00ed, je p\u0159\u00edli\u0161 mal\u00e9.<\/p>\n<p>Slo\u017een\u00ed: 68% polyamid, 17% polyester, 15% elastan.<\/p>\n<p>\ud83d\udc57 Ide\u00e1ln\u00ed jako spodn\u00ed pr\u00e1dlo\u2026 nebo jako svrchn\u00ed oble\u010den\u00ed, kter\u00e9 o\u017eiv\u00ed jak\u00fdkoli outfit.<\/p>\n<p>&nbsp;<\/p>\n<div id=\"v1ms-outlook-mobile-body-separator-line\" dir=\"auto\"><\/div>\n<p>&nbsp;<\/p>\n<p>&nbsp;<\/p>\n<p>&nbsp;<\/p>\n<p>&nbsp;<\/p>\n<p>&nbsp;<\/p>\n<p>&nbsp;<\/p>","protected":false},"excerpt":{"rendered":"<p>Body Violeta de Selene es un body escotado y moldeador dise\u00f1ado para realzar el pecho y estilizar la figura con un acabado femenino, elegante y muy favorecedor. Es la prenda perfecta si buscas sujeci\u00f3n firme y un efecto \u00abpecho bonito\u00bb, sin renunciar a la comodidad. Incorpora aros y copa con relleno, lo que ayuda a [&hellip;]<\/p>\n","protected":false},"featured_media":3576,"comment_status":"closed","ping_status":"closed","template":"","meta":{"content-type":""},"product_brand":[55],"product_cat":[18],"product_tag":[66],"class_list":{"0":"post-3565","1":"product","2":"type-product","3":"status-publish","4":"has-post-thumbnail","6":"product_brand-selene","7":"product_cat-body","8":"product_tag-body","10":"first","11":"instock","12":"taxable","13":"shipping-taxable","14":"purchasable","15":"product-type-variable"},"supplier_id":null,"supplier_sku":"","barcode":null,"atum_controlled":true,"out_stock_date":null,"out_stock_threshold":null,"inheritable":true,"inbound_stock":0,"stock_on_hold":0,"sold_today":0,"sales_last_days":0,"reserved_stock":0,"customer_returns":0,"warehouse_damage":0,"lost_in_post":0,"other_logs":0,"out_stock_days":null,"lost_sales":0,"has_location":false,"update_date":"2026-01-07T22:46:24","atum_locations":[],"atum_stock_status":"instock","restock_status":false,"low_stock_amount":"","sales_update_date":"2025-10-03T04:55:30","calc_backorders":null,"yoast_head":"<!-- This site is optimized with the Yoast SEO plugin v27.4 - https:\/\/yoast.com\/product\/yoast-seo-wordpress\/ -->\n<title>Body Selene Violeta - Rosana CL<\/title>\n<meta name=\"robots\" content=\"index, follow, max-snippet:-1, max-image-preview:large, max-video-preview:-1\" \/>\n<link rel=\"canonical\" href=\"https:\/\/rosanacl.com\/cs\/produkt\/body-selene-violeta\/\" \/>\n<meta property=\"og:locale\" content=\"cs_CZ\" \/>\n<meta property=\"og:type\" content=\"article\" \/>\n<meta property=\"og:title\" content=\"Body Selene Violeta - Rosana CL\" \/>\n<meta property=\"og:description\" content=\"Body Violeta de Selene es un body escotado y moldeador dise\u00f1ado para realzar el pecho y estilizar la figura con un acabado femenino, elegante y muy favorecedor. Es la prenda perfecta si buscas sujeci\u00f3n firme y un efecto \u00abpecho bonito\u00bb, sin renunciar a la comodidad. Incorpora aros y copa con relleno, lo que ayuda a [&hellip;]\" \/>\n<meta property=\"og:url\" content=\"https:\/\/rosanacl.com\/cs\/produkt\/body-selene-violeta\/\" \/>\n<meta property=\"og:site_name\" content=\"Rosana CL\" \/>\n<meta property=\"article:modified_time\" content=\"2026-01-07T22:46:23+00:00\" \/>\n<meta property=\"og:image\" content=\"https:\/\/rosanacl.com\/wp-content\/uploads\/2025\/08\/1-12-e1756816156168.png\" \/>\n\t<meta property=\"og:image:width\" content=\"877\" \/>\n\t<meta property=\"og:image:height\" content=\"998\" \/>\n\t<meta property=\"og:image:type\" content=\"image\/png\" \/>\n<meta name=\"twitter:card\" content=\"summary_large_image\" \/>\n<meta name=\"twitter:label1\" content=\"Odhadovan\u00e1 doba \u010dten\u00ed\" \/>\n\t<meta name=\"twitter:data1\" content=\"2 minuty\" \/>\n<script type=\"application\/ld+json\" class=\"yoast-schema-graph\">{\"@context\":\"https:\\\/\\\/schema.org\",\"@graph\":[{\"@type\":\"WebPage\",\"@id\":\"https:\\\/\\\/rosanacl.com\\\/producto\\\/body-selene-violeta\\\/\",\"url\":\"https:\\\/\\\/rosanacl.com\\\/producto\\\/body-selene-violeta\\\/\",\"name\":\"Body Selene Violeta - Rosana CL\",\"isPartOf\":{\"@id\":\"https:\\\/\\\/rosanacl.com\\\/ca\\\/#website\"},\"primaryImageOfPage\":{\"@id\":\"https:\\\/\\\/rosanacl.com\\\/producto\\\/body-selene-violeta\\\/#primaryimage\"},\"image\":{\"@id\":\"https:\\\/\\\/rosanacl.com\\\/producto\\\/body-selene-violeta\\\/#primaryimage\"},\"thumbnailUrl\":\"https:\\\/\\\/rosanacl.com\\\/wp-content\\\/uploads\\\/2025\\\/08\\\/1-12-e1756816156168.png\",\"datePublished\":\"2025-08-19T07:59:09+00:00\",\"dateModified\":\"2026-01-07T22:46:23+00:00\",\"breadcrumb\":{\"@id\":\"https:\\\/\\\/rosanacl.com\\\/producto\\\/body-selene-violeta\\\/#breadcrumb\"},\"inLanguage\":\"cs\",\"potentialAction\":[{\"@type\":\"ReadAction\",\"target\":[\"https:\\\/\\\/rosanacl.com\\\/producto\\\/body-selene-violeta\\\/\"]}]},{\"@type\":\"ImageObject\",\"inLanguage\":\"cs\",\"@id\":\"https:\\\/\\\/rosanacl.com\\\/producto\\\/body-selene-violeta\\\/#primaryimage\",\"url\":\"https:\\\/\\\/rosanacl.com\\\/wp-content\\\/uploads\\\/2025\\\/08\\\/1-12-e1756816156168.png\",\"contentUrl\":\"https:\\\/\\\/rosanacl.com\\\/wp-content\\\/uploads\\\/2025\\\/08\\\/1-12-e1756816156168.png\",\"width\":877,\"height\":998},{\"@type\":\"BreadcrumbList\",\"@id\":\"https:\\\/\\\/rosanacl.com\\\/producto\\\/body-selene-violeta\\\/#breadcrumb\",\"itemListElement\":[{\"@type\":\"ListItem\",\"position\":1,\"name\":\"Portada\",\"item\":\"https:\\\/\\\/rosanacl.com\\\/ca\\\/\"},{\"@type\":\"ListItem\",\"position\":2,\"name\":\"Tienda\",\"item\":\"https:\\\/\\\/rosanacl.com\\\/ca\\\/tienda\\\/\"},{\"@type\":\"ListItem\",\"position\":3,\"name\":\"Body Selene Violeta\"}]},{\"@type\":\"WebSite\",\"@id\":\"https:\\\/\\\/rosanacl.com\\\/ca\\\/#website\",\"url\":\"https:\\\/\\\/rosanacl.com\\\/ca\\\/\",\"name\":\"Rosana CL\",\"description\":\"Somos tu interior\",\"potentialAction\":[{\"@type\":\"SearchAction\",\"target\":{\"@type\":\"EntryPoint\",\"urlTemplate\":\"https:\\\/\\\/rosanacl.com\\\/ca\\\/?s={search_term_string}\"},\"query-input\":{\"@type\":\"PropertyValueSpecification\",\"valueRequired\":true,\"valueName\":\"search_term_string\"}}],\"inLanguage\":\"cs\"}]}<\/script>\n<!-- \/ Yoast SEO plugin. -->","yoast_head_json":{"title":"Body Selene Violeta - Rosana CL","robots":{"index":"index","follow":"follow","max-snippet":"max-snippet:-1","max-image-preview":"max-image-preview:large","max-video-preview":"max-video-preview:-1"},"canonical":"https:\/\/rosanacl.com\/cs\/produkt\/body-selene-violeta\/","og_locale":"cs_CZ","og_type":"article","og_title":"Body Selene Violeta - Rosana CL","og_description":"Body Violeta de Selene es un body escotado y moldeador dise\u00f1ado para realzar el pecho y estilizar la figura con un acabado femenino, elegante y muy favorecedor. Es la prenda perfecta si buscas sujeci\u00f3n firme y un efecto \u00abpecho bonito\u00bb, sin renunciar a la comodidad. Incorpora aros y copa con relleno, lo que ayuda a [&hellip;]","og_url":"https:\/\/rosanacl.com\/cs\/produkt\/body-selene-violeta\/","og_site_name":"Rosana CL","article_modified_time":"2026-01-07T22:46:23+00:00","og_image":[{"width":877,"height":998,"url":"https:\/\/rosanacl.com\/wp-content\/uploads\/2025\/08\/1-12-e1756816156168.png","type":"image\/png"}],"twitter_card":"summary_large_image","twitter_misc":{"Odhadovan\u00e1 doba \u010dten\u00ed":"2 minuty"},"schema":{"@context":"https:\/\/schema.org","@graph":[{"@type":"WebPage","@id":"https:\/\/rosanacl.com\/producto\/body-selene-violeta\/","url":"https:\/\/rosanacl.com\/producto\/body-selene-violeta\/","name":"Body Selene Violeta - Rosana CL","isPartOf":{"@id":"https:\/\/rosanacl.com\/ca\/#website"},"primaryImageOfPage":{"@id":"https:\/\/rosanacl.com\/producto\/body-selene-violeta\/#primaryimage"},"image":{"@id":"https:\/\/rosanacl.com\/producto\/body-selene-violeta\/#primaryimage"},"thumbnailUrl":"https:\/\/rosanacl.com\/wp-content\/uploads\/2025\/08\/1-12-e1756816156168.png","datePublished":"2025-08-19T07:59:09+00:00","dateModified":"2026-01-07T22:46:23+00:00","breadcrumb":{"@id":"https:\/\/rosanacl.com\/producto\/body-selene-violeta\/#breadcrumb"},"inLanguage":"cs","potentialAction":[{"@type":"ReadAction","target":["https:\/\/rosanacl.com\/producto\/body-selene-violeta\/"]}]},{"@type":"ImageObject","inLanguage":"cs","@id":"https:\/\/rosanacl.com\/producto\/body-selene-violeta\/#primaryimage","url":"https:\/\/rosanacl.com\/wp-content\/uploads\/2025\/08\/1-12-e1756816156168.png","contentUrl":"https:\/\/rosanacl.com\/wp-content\/uploads\/2025\/08\/1-12-e1756816156168.png","width":877,"height":998},{"@type":"BreadcrumbList","@id":"https:\/\/rosanacl.com\/producto\/body-selene-violeta\/#breadcrumb","itemListElement":[{"@type":"ListItem","position":1,"name":"Portada","item":"https:\/\/rosanacl.com\/ca\/"},{"@type":"ListItem","position":2,"name":"Tienda","item":"https:\/\/rosanacl.com\/ca\/tienda\/"},{"@type":"ListItem","position":3,"name":"Body Selene Violeta"}]},{"@type":"WebSite","@id":"https:\/\/rosanacl.com\/ca\/#website","url":"https:\/\/rosanacl.com\/ca\/","name":"Rosana CL","description":"Jsme v\u00e1\u0161 interi\u00e9r","potentialAction":[{"@type":"SearchAction","target":{"@type":"EntryPoint","urlTemplate":"https:\/\/rosanacl.com\/ca\/?s={search_term_string}"},"query-input":{"@type":"PropertyValueSpecification","valueRequired":true,"valueName":"search_term_string"}}],"inLanguage":"cs"}]}},"_links":{"self":[{"href":"https:\/\/rosanacl.com\/cs\/wp-json\/wp\/v2\/product\/3565","targetHints":{"allow":["GET"]}}],"collection":[{"href":"https:\/\/rosanacl.com\/cs\/wp-json\/wp\/v2\/product"}],"about":[{"href":"https:\/\/rosanacl.com\/cs\/wp-json\/wp\/v2\/types\/product"}],"replies":[{"embeddable":true,"href":"https:\/\/rosanacl.com\/cs\/wp-json\/wp\/v2\/comments?post=3565"}],"version-history":[{"count":5,"href":"https:\/\/rosanacl.com\/cs\/wp-json\/wp\/v2\/product\/3565\/revisions"}],"predecessor-version":[{"id":4630,"href":"https:\/\/rosanacl.com\/cs\/wp-json\/wp\/v2\/product\/3565\/revisions\/4630"}],"wp:featuredmedia":[{"embeddable":true,"href":"https:\/\/rosanacl.com\/cs\/wp-json\/wp\/v2\/media\/3576"}],"wp:attachment":[{"href":"https:\/\/rosanacl.com\/cs\/wp-json\/wp\/v2\/media?parent=3565"}],"wp:term":[{"taxonomy":"product_brand","embeddable":true,"href":"https:\/\/rosanacl.com\/cs\/wp-json\/wp\/v2\/product_brand?post=3565"},{"taxonomy":"product_cat","embeddable":true,"href":"https:\/\/rosanacl.com\/cs\/wp-json\/wp\/v2\/product_cat?post=3565"},{"taxonomy":"product_tag","embeddable":true,"href":"https:\/\/rosanacl.com\/cs\/wp-json\/wp\/v2\/product_tag?post=3565"}],"curies":[{"name":"wp","href":"https:\/\/api.w.org\/{rel}","templated":true}]}}