{"id":3601,"date":"2025-08-19T10:09:30","date_gmt":"2025-08-19T08:09:30","guid":{"rendered":"https:\/\/rosanacl.com\/?post_type=product&#038;p=3601"},"modified":"2026-01-23T18:21:40","modified_gmt":"2026-01-23T17:21:40","slug":"sujetador-selene-gina","status":"publish","type":"product","link":"https:\/\/rosanacl.com\/cs\/produkt\/sujetador-selene-gina\/","title":{"rendered":"Selene Gina Bra"},"content":{"rendered":"<p>Podprsenka Gina je ten typ podprsenky, kter\u00e1 se od prvn\u00edho no\u0161en\u00ed c\u00edt\u00ed jako \u00abdob\u0159e vyroben\u00e1\u00bb: kr\u00e1sn\u011b padne, p\u0159irozen\u011b podp\u00edr\u00e1 poprs\u00ed a poskytuje pocit bezpe\u010d\u00ed a pohodl\u00ed. Jej\u00ed design p\u0159edstavuje dokonalou rovnov\u00e1hu mezi stylem a pohodl\u00edm, tak\u017ee budete vypadat co nejl\u00e9pe, ani\u017e byste se museli o cokoli starat.<\/p>\n<p>Navr\u017eena pro elegantn\u00ed vzhled (a aby od\u011bv vypadal elegantn\u011b i pod oble\u010den\u00edm), Gina je ide\u00e1ln\u00ed pro ka\u017edodenn\u00ed no\u0161en\u00ed i pro zvl\u00e1\u0161tn\u00ed p\u0159\u00edle\u017eitosti. Dokon\u010dovac\u00ed detaily jsou navr\u017eeny tak, aby od\u011bvu dodaly rafinovan\u00fd, \u017eensk\u00fd a snadno nositeln\u00fd vzhled a z\u00e1rove\u0148 si zachovaly stabiln\u00ed a pohodln\u00e9 no\u0161en\u00ed.<\/p>\n<p>Detaily, kter\u00e9 u Giny d\u011blaj\u00ed rozd\u00edl<\/p>\n<ul>\n<li>Vyv\u00e1\u017een\u00e1 opora pro bezpe\u010dn\u00e9 a pohodln\u00e9 no\u0161en\u00ed.<\/li>\n<li>Lichotiv\u00fd design, kter\u00fd vylep\u0161uje efekt, ani\u017e by ho \u00abp\u0159eh\u00e1n\u011bl\u00bb.<\/li>\n<li>Povrchov\u00e9 \u00fapravy navr\u017een\u00e9 tak, aby vypadaly elegantn\u011b a byly p\u0159\u00edjemn\u00e9 na dotek.<\/li>\n<li>Stabiln\u00ed st\u0159ih pro jist\u00fd pohyb po cel\u00e9 hodiny.<\/i>\n<li>Ide\u00e1ln\u00ed v kombinaci s va\u0161imi slad\u011bn\u00fdmi kalhotkami a pro pozvednut\u00ed cel\u00e9ho vzhledu.<\/li>\n<\/ul>\n<p>\ud83d\udde3\ufe0f Tip: Gina je vyrobena tak, abyste se c\u00edtila bezpe\u010dn\u011b, ale z\u00e1rove\u0148 lehk\u00e1: tvar by m\u011bl b\u00fdt pevn\u00fd a stabiln\u00ed (bez stla\u010dov\u00e1n\u00ed) a ko\u0161\u00ed\u010dky by m\u011bly p\u0159irozen\u011b kop\u00edrovat prs, ani\u017e by &quot;\u0159ezaly&quot; nebo zanech\u00e1valy mezeru.<\/p>\n<p>\ud83d\udccf Pozn\u00e1mka: Pokud se p\u0159i pohybu (ch\u016fzi, oh\u00fdb\u00e1n\u00ed, zved\u00e1n\u00ed pa\u017e\u00ed) st\u00e1le c\u00edt\u00edte pohodln\u011b a stabiln\u011b a nemus\u00edte si ji upravovat, je to va\u0161e velikost.<\/p>\n<p>Slo\u017een\u00ed: polyamid 93%, elastan 7%.<\/p>\n<p>\ud83d\udcaa Tr\u00e9nujte bezpe\u010dn\u011b: pevn\u00e1 opora, naprost\u00e9 pohodl\u00ed a \u017e\u00e1dn\u00e9 ru\u0161iv\u00e9 vlivy.<\/p>","protected":false},"excerpt":{"rendered":"<div style=\"position: relative; padding-bottom: 56.25%; height: 0; overflow: hidden; max-width: 100%;\"><iframe style=\"position: absolute; top: 0; left: 0; width: 100%; height: 100%;\" src=\"https:\/\/www.youtube.com\/embed\/eQjvlTJwWqQ?autoplay=1&amp;mute=1&amp;playsinline=1&amp;rel=0&amp;controls=1&amp;loop=1&amp;playlist=eQjvlTJwWqQ\" frameborder=\"0\" allowfullscreen=\"allowfullscreen\"><br \/>\n<\/iframe><\/div>","protected":false},"featured_media":3610,"comment_status":"closed","ping_status":"closed","template":"","meta":{"content-type":""},"product_brand":[55],"product_cat":[123,20],"product_tag":[124,56],"class_list":{"0":"post-3601","1":"product","2":"type-product","3":"status-publish","4":"has-post-thumbnail","6":"product_brand-selene","7":"product_cat-deportivos","8":"product_cat-sujetador","9":"product_tag-deportivo","10":"product_tag-sujetador","12":"first","13":"instock","14":"taxable","15":"shipping-taxable","16":"purchasable","17":"product-type-variable"},"supplier_id":null,"supplier_sku":"","barcode":null,"atum_controlled":true,"out_stock_date":null,"out_stock_threshold":null,"inheritable":true,"inbound_stock":0,"stock_on_hold":0,"sold_today":0,"sales_last_days":0,"reserved_stock":0,"customer_returns":0,"warehouse_damage":0,"lost_in_post":0,"other_logs":0,"out_stock_days":null,"lost_sales":0,"has_location":false,"update_date":"2026-01-23T17:21:42","atum_locations":[],"atum_stock_status":"instock","restock_status":false,"low_stock_amount":"","sales_update_date":"2025-10-03T04:55:29","calc_backorders":null,"yoast_head":"<!-- This site is optimized with the Yoast SEO plugin v27.4 - https:\/\/yoast.com\/product\/yoast-seo-wordpress\/ -->\n<title>Sujetador Selene Gina - Rosana CL<\/title>\n<meta name=\"robots\" content=\"index, follow, max-snippet:-1, max-image-preview:large, max-video-preview:-1\" \/>\n<link rel=\"canonical\" href=\"https:\/\/rosanacl.com\/cs\/produkt\/sujetador-selene-gina\/\" \/>\n<meta property=\"og:locale\" content=\"cs_CZ\" \/>\n<meta property=\"og:type\" content=\"article\" \/>\n<meta property=\"og:title\" content=\"Sujetador Selene Gina - Rosana CL\" \/>\n<meta property=\"og:url\" content=\"https:\/\/rosanacl.com\/cs\/produkt\/sujetador-selene-gina\/\" \/>\n<meta property=\"og:site_name\" content=\"Rosana CL\" \/>\n<meta property=\"article:modified_time\" content=\"2026-01-23T17:21:40+00:00\" \/>\n<meta property=\"og:image\" content=\"https:\/\/rosanacl.com\/wp-content\/uploads\/2025\/08\/1-14-e1756815963297.png\" \/>\n\t<meta property=\"og:image:width\" content=\"950\" \/>\n\t<meta property=\"og:image:height\" content=\"978\" \/>\n\t<meta property=\"og:image:type\" content=\"image\/png\" \/>\n<meta name=\"twitter:card\" content=\"summary_large_image\" \/>\n<meta name=\"twitter:label1\" content=\"Odhadovan\u00e1 doba \u010dten\u00ed\" \/>\n\t<meta name=\"twitter:data1\" content=\"2 minuty\" \/>\n<script type=\"application\/ld+json\" class=\"yoast-schema-graph\">{\"@context\":\"https:\\\/\\\/schema.org\",\"@graph\":[{\"@type\":\"WebPage\",\"@id\":\"https:\\\/\\\/rosanacl.com\\\/producto\\\/sujetador-selene-gina\\\/\",\"url\":\"https:\\\/\\\/rosanacl.com\\\/producto\\\/sujetador-selene-gina\\\/\",\"name\":\"Sujetador Selene Gina - Rosana CL\",\"isPartOf\":{\"@id\":\"https:\\\/\\\/rosanacl.com\\\/ca\\\/#website\"},\"primaryImageOfPage\":{\"@id\":\"https:\\\/\\\/rosanacl.com\\\/producto\\\/sujetador-selene-gina\\\/#primaryimage\"},\"image\":{\"@id\":\"https:\\\/\\\/rosanacl.com\\\/producto\\\/sujetador-selene-gina\\\/#primaryimage\"},\"thumbnailUrl\":\"https:\\\/\\\/rosanacl.com\\\/wp-content\\\/uploads\\\/2025\\\/08\\\/1-14-e1756815963297.png\",\"datePublished\":\"2025-08-19T08:09:30+00:00\",\"dateModified\":\"2026-01-23T17:21:40+00:00\",\"breadcrumb\":{\"@id\":\"https:\\\/\\\/rosanacl.com\\\/producto\\\/sujetador-selene-gina\\\/#breadcrumb\"},\"inLanguage\":\"cs\",\"potentialAction\":[{\"@type\":\"ReadAction\",\"target\":[\"https:\\\/\\\/rosanacl.com\\\/producto\\\/sujetador-selene-gina\\\/\"]}]},{\"@type\":\"ImageObject\",\"inLanguage\":\"cs\",\"@id\":\"https:\\\/\\\/rosanacl.com\\\/producto\\\/sujetador-selene-gina\\\/#primaryimage\",\"url\":\"https:\\\/\\\/rosanacl.com\\\/wp-content\\\/uploads\\\/2025\\\/08\\\/1-14-e1756815963297.png\",\"contentUrl\":\"https:\\\/\\\/rosanacl.com\\\/wp-content\\\/uploads\\\/2025\\\/08\\\/1-14-e1756815963297.png\",\"width\":950,\"height\":978},{\"@type\":\"BreadcrumbList\",\"@id\":\"https:\\\/\\\/rosanacl.com\\\/producto\\\/sujetador-selene-gina\\\/#breadcrumb\",\"itemListElement\":[{\"@type\":\"ListItem\",\"position\":1,\"name\":\"Portada\",\"item\":\"https:\\\/\\\/rosanacl.com\\\/ca\\\/\"},{\"@type\":\"ListItem\",\"position\":2,\"name\":\"Tienda\",\"item\":\"https:\\\/\\\/rosanacl.com\\\/ca\\\/tienda\\\/\"},{\"@type\":\"ListItem\",\"position\":3,\"name\":\"Sujetador Selene Gina\"}]},{\"@type\":\"WebSite\",\"@id\":\"https:\\\/\\\/rosanacl.com\\\/ca\\\/#website\",\"url\":\"https:\\\/\\\/rosanacl.com\\\/ca\\\/\",\"name\":\"Rosana CL\",\"description\":\"Somos tu interior\",\"potentialAction\":[{\"@type\":\"SearchAction\",\"target\":{\"@type\":\"EntryPoint\",\"urlTemplate\":\"https:\\\/\\\/rosanacl.com\\\/ca\\\/?s={search_term_string}\"},\"query-input\":{\"@type\":\"PropertyValueSpecification\",\"valueRequired\":true,\"valueName\":\"search_term_string\"}}],\"inLanguage\":\"cs\"}]}<\/script>\n<!-- \/ Yoast SEO plugin. -->","yoast_head_json":{"title":"Sujetador Selene Gina - Rosana CL","robots":{"index":"index","follow":"follow","max-snippet":"max-snippet:-1","max-image-preview":"max-image-preview:large","max-video-preview":"max-video-preview:-1"},"canonical":"https:\/\/rosanacl.com\/cs\/produkt\/sujetador-selene-gina\/","og_locale":"cs_CZ","og_type":"article","og_title":"Sujetador Selene Gina - Rosana CL","og_url":"https:\/\/rosanacl.com\/cs\/produkt\/sujetador-selene-gina\/","og_site_name":"Rosana CL","article_modified_time":"2026-01-23T17:21:40+00:00","og_image":[{"width":950,"height":978,"url":"https:\/\/rosanacl.com\/wp-content\/uploads\/2025\/08\/1-14-e1756815963297.png","type":"image\/png"}],"twitter_card":"summary_large_image","twitter_misc":{"Odhadovan\u00e1 doba \u010dten\u00ed":"2 minuty"},"schema":{"@context":"https:\/\/schema.org","@graph":[{"@type":"WebPage","@id":"https:\/\/rosanacl.com\/producto\/sujetador-selene-gina\/","url":"https:\/\/rosanacl.com\/producto\/sujetador-selene-gina\/","name":"Sujetador Selene Gina - Rosana CL","isPartOf":{"@id":"https:\/\/rosanacl.com\/ca\/#website"},"primaryImageOfPage":{"@id":"https:\/\/rosanacl.com\/producto\/sujetador-selene-gina\/#primaryimage"},"image":{"@id":"https:\/\/rosanacl.com\/producto\/sujetador-selene-gina\/#primaryimage"},"thumbnailUrl":"https:\/\/rosanacl.com\/wp-content\/uploads\/2025\/08\/1-14-e1756815963297.png","datePublished":"2025-08-19T08:09:30+00:00","dateModified":"2026-01-23T17:21:40+00:00","breadcrumb":{"@id":"https:\/\/rosanacl.com\/producto\/sujetador-selene-gina\/#breadcrumb"},"inLanguage":"cs","potentialAction":[{"@type":"ReadAction","target":["https:\/\/rosanacl.com\/producto\/sujetador-selene-gina\/"]}]},{"@type":"ImageObject","inLanguage":"cs","@id":"https:\/\/rosanacl.com\/producto\/sujetador-selene-gina\/#primaryimage","url":"https:\/\/rosanacl.com\/wp-content\/uploads\/2025\/08\/1-14-e1756815963297.png","contentUrl":"https:\/\/rosanacl.com\/wp-content\/uploads\/2025\/08\/1-14-e1756815963297.png","width":950,"height":978},{"@type":"BreadcrumbList","@id":"https:\/\/rosanacl.com\/producto\/sujetador-selene-gina\/#breadcrumb","itemListElement":[{"@type":"ListItem","position":1,"name":"Portada","item":"https:\/\/rosanacl.com\/ca\/"},{"@type":"ListItem","position":2,"name":"Tienda","item":"https:\/\/rosanacl.com\/ca\/tienda\/"},{"@type":"ListItem","position":3,"name":"Sujetador Selene Gina"}]},{"@type":"WebSite","@id":"https:\/\/rosanacl.com\/ca\/#website","url":"https:\/\/rosanacl.com\/ca\/","name":"Rosana CL","description":"Jsme v\u00e1\u0161 interi\u00e9r","potentialAction":[{"@type":"SearchAction","target":{"@type":"EntryPoint","urlTemplate":"https:\/\/rosanacl.com\/ca\/?s={search_term_string}"},"query-input":{"@type":"PropertyValueSpecification","valueRequired":true,"valueName":"search_term_string"}}],"inLanguage":"cs"}]}},"_links":{"self":[{"href":"https:\/\/rosanacl.com\/cs\/wp-json\/wp\/v2\/product\/3601","targetHints":{"allow":["GET"]}}],"collection":[{"href":"https:\/\/rosanacl.com\/cs\/wp-json\/wp\/v2\/product"}],"about":[{"href":"https:\/\/rosanacl.com\/cs\/wp-json\/wp\/v2\/types\/product"}],"replies":[{"embeddable":true,"href":"https:\/\/rosanacl.com\/cs\/wp-json\/wp\/v2\/comments?post=3601"}],"version-history":[{"count":5,"href":"https:\/\/rosanacl.com\/cs\/wp-json\/wp\/v2\/product\/3601\/revisions"}],"predecessor-version":[{"id":4628,"href":"https:\/\/rosanacl.com\/cs\/wp-json\/wp\/v2\/product\/3601\/revisions\/4628"}],"wp:featuredmedia":[{"embeddable":true,"href":"https:\/\/rosanacl.com\/cs\/wp-json\/wp\/v2\/media\/3610"}],"wp:attachment":[{"href":"https:\/\/rosanacl.com\/cs\/wp-json\/wp\/v2\/media?parent=3601"}],"wp:term":[{"taxonomy":"product_brand","embeddable":true,"href":"https:\/\/rosanacl.com\/cs\/wp-json\/wp\/v2\/product_brand?post=3601"},{"taxonomy":"product_cat","embeddable":true,"href":"https:\/\/rosanacl.com\/cs\/wp-json\/wp\/v2\/product_cat?post=3601"},{"taxonomy":"product_tag","embeddable":true,"href":"https:\/\/rosanacl.com\/cs\/wp-json\/wp\/v2\/product_tag?post=3601"}],"curies":[{"name":"wp","href":"https:\/\/api.w.org\/{rel}","templated":true}]}}