{"id":415,"date":"2025-04-29T14:53:31","date_gmt":"2025-04-29T12:53:31","guid":{"rendered":"https:\/\/rosanacl.com\/?post_type=product&#038;p=415"},"modified":"2026-01-07T21:40:46","modified_gmt":"2026-01-07T20:40:46","slug":"sujetador-modelo-belen","status":"publish","type":"product","link":"https:\/\/rosanacl.com\/cs\/produkt\/sujetador-modelo-belen\/","title":{"rendered":"Podprsenka Selene Belen"},"content":{"rendered":"<p>Existuj\u00ed od\u011bvy, kter\u00e9 se nesna\u017e\u00ed p\u0159itahovat pozornost: sna\u017e\u00ed se v\u00e1m usnadnit \u017eivot\u2026 a p\u0159esto p\u016fsob\u00ed v\u00fdjime\u010dn\u011b. Bel\u00e9n je podprsenka bez kostic a bez vycp\u00e1vek, kter\u00e1 poskytuje pevnou oporu, ani\u017e by se c\u00edtila omezuj\u00edc\u00ed, a kter\u00e1 v\u00e1s doprov\u00e1z\u00ed od okam\u017eiku probuzen\u00ed a d\u00e1v\u00e1 v\u00e1m pocit, \u017ee jste na sv\u00e9m m\u00edst\u011b. Ide\u00e1ln\u00ed, pokud up\u0159ednost\u0148ujete skute\u010dnou oporu, volnost pohybu a stabiln\u00ed st\u0159ih.<\/p>\n<p>D\u00edky p\u0159edn\u00edmu zap\u00edn\u00e1n\u00ed je to (opravdu) snadn\u00e9: rychl\u00e9 zap\u00edn\u00e1n\u00ed, dr\u017e\u00ed tvar a dr\u017e\u00ed poprs\u00ed na m\u00edst\u011b d\u00edky struktu\u0159e ur\u010den\u00e9 pro ka\u017edodenn\u00ed no\u0161en\u00ed. S ko\u0161\u00ed\u010dkem velikosti C a velkorysou nab\u00eddkou velikost\u00ed je to spolehliv\u00fd kousek, kdy\u017e se chcete c\u00edtit pohodln\u011b\u2026 ale sebejist\u011b.<\/p>\n<p>Detaily, kter\u00e9 d\u011blaj\u00ed rozd\u00edl<\/p>\n<ul>\n<li>P\u0159edn\u00ed otev\u00edr\u00e1n\u00ed: praktick\u00e9, rychl\u00e9 a snadn\u00e9 nazouv\u00e1n\u00ed\/sund\u00e1v\u00e1n\u00ed.<\/li>\n<li>Bez kostice + bez v\u00fdstelky: p\u0159irozen\u00e1 opora, \u017e\u00e1dn\u00fd zbyte\u010dn\u00fd tlak.<\/li>\n<li>\u0160ir\u0161\u00ed z\u00e1da: poskytuj\u00ed stabilitu a pocit \u00abdobr\u00e9 opory\u00bb.<\/li>\n<li>Nastaviteln\u00e9 a \u0161irok\u00e9 popruhy: lep\u0161\u00ed rozlo\u017een\u00ed hmotnosti a jemn\u011bj\u0161\u00ed nastaven\u00ed.<\/li>\n<li>Ko\u0161\u00ed\u010dek C s dostate\u010dnou velikost\u00ed (navr\u017een pro oporu).<\/li>\n<\/ul>\n<p>\ud83d\udde3\ufe0f Tip: Ple\u0165ov\u00e1 podprsenka Bel\u00e9n je ur\u010dena pro chv\u00edle, kdy chcete vypadat skv\u011ble, ani\u017e byste se c\u00edtili \u00abst\u011bsn\u011bn\u011b\u00bb: podp\u00edr\u00e1, tvaruje a zanech\u00e1v\u00e1 pocit elegantn\u00edho bezpe\u010d\u00ed, takov\u00fd, kter\u00e9ho si v\u0161imnete, jakmile si ji nasad\u00edte.<\/p>\n<p>\ud83d\udccf Pozn\u00e1mka: Abyste v podprsence Bel\u00e9n na\u0161li spr\u00e1vnou velikost, up\u0159ednost\u0148ujte pevn\u00fd p\u00e1sek (ten poskytuje oporu) a ram\u00ednka upravujte pouze na konci. Pokud si nejste jisti mezi dv\u011bma velikostmi, vyberte si p\u00e1sek, kter\u00fd padne l\u00e9pe: ko\u0161\u00ed\u010dky tak l\u00e9pe sed\u00ed a podprsenka bude od za\u010d\u00e1tku vypadat l\u00e9pe.<\/p>\n<p>Slo\u017een\u00ed: 82% Polyester \u2014 18% Elastan<\/p>\n<p>\ud83e\uddf1 Efekt \u00abdob\u0159e um\u00edst\u011bn\u00e9ho\u00bb: pevn\u00e1 z\u00e1da, hrudn\u00edk na m\u00edst\u011b.<\/p>\n<div id=\"v1ms-outlook-mobile-body-separator-line\" dir=\"auto\"><\/div>","protected":false},"excerpt":{"rendered":"<p>Hay prendas que no buscan llamar la atenci\u00f3n: buscan hacerte la vida f\u00e1cil&#8230; y aun as\u00ed se sienten especiales. El Bel\u00e9n es ese sujetador sin aros y sin relleno que sujeta con firmeza, sin castigar, y que te acompa\u00f1a desde primera hora con una sensaci\u00f3n muy \u00abbien puesta\u00bb. Ideal si priorizas sujeci\u00f3n real, libertad y [&hellip;]<\/p>\n","protected":false},"featured_media":444,"comment_status":"open","ping_status":"closed","template":"","meta":{"content-type":""},"product_brand":[55],"product_cat":[23,20],"product_tag":[59,56],"class_list":{"0":"post-415","1":"product","2":"type-product","3":"status-publish","4":"has-post-thumbnail","6":"product_brand-selene","7":"product_cat-abierto-delante","8":"product_cat-sujetador","9":"product_tag-abierto-alante","10":"product_tag-sujetador","12":"first","13":"instock","14":"taxable","15":"shipping-taxable","16":"purchasable","17":"product-type-variable"},"supplier_id":null,"supplier_sku":"","barcode":null,"atum_controlled":true,"out_stock_date":null,"out_stock_threshold":null,"inheritable":true,"inbound_stock":null,"stock_on_hold":0,"sold_today":0,"sales_last_days":0,"reserved_stock":null,"customer_returns":null,"warehouse_damage":null,"lost_in_post":null,"other_logs":null,"out_stock_days":0,"lost_sales":0,"has_location":false,"update_date":"2026-01-07T20:40:47","atum_locations":[],"atum_stock_status":"instock","restock_status":false,"low_stock_amount":"","sales_update_date":"2025-08-19T02:35:53","calc_backorders":null,"yoast_head":"<!-- This site is optimized with the Yoast SEO plugin v27.4 - https:\/\/yoast.com\/product\/yoast-seo-wordpress\/ -->\n<title>Sujetador Selene Belen - Rosana CL<\/title>\n<meta name=\"robots\" content=\"index, follow, max-snippet:-1, max-image-preview:large, max-video-preview:-1\" \/>\n<link rel=\"canonical\" href=\"https:\/\/rosanacl.com\/cs\/produkt\/sujetador-modelo-belen\/\" \/>\n<meta property=\"og:locale\" content=\"cs_CZ\" \/>\n<meta property=\"og:type\" content=\"article\" \/>\n<meta property=\"og:title\" content=\"Sujetador Selene Belen - Rosana CL\" \/>\n<meta property=\"og:description\" content=\"Hay prendas que no buscan llamar la atenci\u00f3n: buscan hacerte la vida f\u00e1cil&#8230; y aun as\u00ed se sienten especiales. El Bel\u00e9n es ese sujetador sin aros y sin relleno que sujeta con firmeza, sin castigar, y que te acompa\u00f1a desde primera hora con una sensaci\u00f3n muy \u00abbien puesta\u00bb. Ideal si priorizas sujeci\u00f3n real, libertad y [&hellip;]\" \/>\n<meta property=\"og:url\" content=\"https:\/\/rosanacl.com\/cs\/produkt\/sujetador-modelo-belen\/\" \/>\n<meta property=\"og:site_name\" content=\"Rosana CL\" \/>\n<meta property=\"article:modified_time\" content=\"2026-01-07T20:40:46+00:00\" \/>\n<meta property=\"og:image\" content=\"https:\/\/rosanacl.com\/wp-content\/uploads\/2025\/04\/Sujetador-Selene-modelo-Belen__00001.webp\" \/>\n\t<meta property=\"og:image:width\" content=\"1000\" \/>\n\t<meta property=\"og:image:height\" content=\"1000\" \/>\n\t<meta property=\"og:image:type\" content=\"image\/webp\" \/>\n<meta name=\"twitter:card\" content=\"summary_large_image\" \/>\n<meta name=\"twitter:label1\" content=\"Odhadovan\u00e1 doba \u010dten\u00ed\" \/>\n\t<meta name=\"twitter:data1\" content=\"2 minuty\" \/>\n<script type=\"application\/ld+json\" class=\"yoast-schema-graph\">{\"@context\":\"https:\\\/\\\/schema.org\",\"@graph\":[{\"@type\":\"WebPage\",\"@id\":\"https:\\\/\\\/rosanacl.com\\\/producto\\\/sujetador-modelo-belen\\\/\",\"url\":\"https:\\\/\\\/rosanacl.com\\\/producto\\\/sujetador-modelo-belen\\\/\",\"name\":\"Sujetador Selene Belen - Rosana CL\",\"isPartOf\":{\"@id\":\"https:\\\/\\\/rosanacl.com\\\/ca\\\/#website\"},\"primaryImageOfPage\":{\"@id\":\"https:\\\/\\\/rosanacl.com\\\/producto\\\/sujetador-modelo-belen\\\/#primaryimage\"},\"image\":{\"@id\":\"https:\\\/\\\/rosanacl.com\\\/producto\\\/sujetador-modelo-belen\\\/#primaryimage\"},\"thumbnailUrl\":\"https:\\\/\\\/rosanacl.com\\\/wp-content\\\/uploads\\\/2025\\\/04\\\/Sujetador-Selene-modelo-Belen__00001.webp\",\"datePublished\":\"2025-04-29T12:53:31+00:00\",\"dateModified\":\"2026-01-07T20:40:46+00:00\",\"breadcrumb\":{\"@id\":\"https:\\\/\\\/rosanacl.com\\\/producto\\\/sujetador-modelo-belen\\\/#breadcrumb\"},\"inLanguage\":\"cs\",\"potentialAction\":[{\"@type\":\"ReadAction\",\"target\":[\"https:\\\/\\\/rosanacl.com\\\/producto\\\/sujetador-modelo-belen\\\/\"]}]},{\"@type\":\"ImageObject\",\"inLanguage\":\"cs\",\"@id\":\"https:\\\/\\\/rosanacl.com\\\/producto\\\/sujetador-modelo-belen\\\/#primaryimage\",\"url\":\"https:\\\/\\\/rosanacl.com\\\/wp-content\\\/uploads\\\/2025\\\/04\\\/Sujetador-Selene-modelo-Belen__00001.webp\",\"contentUrl\":\"https:\\\/\\\/rosanacl.com\\\/wp-content\\\/uploads\\\/2025\\\/04\\\/Sujetador-Selene-modelo-Belen__00001.webp\",\"width\":1000,\"height\":1000},{\"@type\":\"BreadcrumbList\",\"@id\":\"https:\\\/\\\/rosanacl.com\\\/producto\\\/sujetador-modelo-belen\\\/#breadcrumb\",\"itemListElement\":[{\"@type\":\"ListItem\",\"position\":1,\"name\":\"Portada\",\"item\":\"https:\\\/\\\/rosanacl.com\\\/ca\\\/\"},{\"@type\":\"ListItem\",\"position\":2,\"name\":\"Tienda\",\"item\":\"https:\\\/\\\/rosanacl.com\\\/ca\\\/tienda\\\/\"},{\"@type\":\"ListItem\",\"position\":3,\"name\":\"Sujetador Selene Belen\"}]},{\"@type\":\"WebSite\",\"@id\":\"https:\\\/\\\/rosanacl.com\\\/ca\\\/#website\",\"url\":\"https:\\\/\\\/rosanacl.com\\\/ca\\\/\",\"name\":\"Rosana CL\",\"description\":\"Somos tu interior\",\"potentialAction\":[{\"@type\":\"SearchAction\",\"target\":{\"@type\":\"EntryPoint\",\"urlTemplate\":\"https:\\\/\\\/rosanacl.com\\\/ca\\\/?s={search_term_string}\"},\"query-input\":{\"@type\":\"PropertyValueSpecification\",\"valueRequired\":true,\"valueName\":\"search_term_string\"}}],\"inLanguage\":\"cs\"}]}<\/script>\n<!-- \/ Yoast SEO plugin. -->","yoast_head_json":{"title":"Sujetador Selene Belen - Rosana CL","robots":{"index":"index","follow":"follow","max-snippet":"max-snippet:-1","max-image-preview":"max-image-preview:large","max-video-preview":"max-video-preview:-1"},"canonical":"https:\/\/rosanacl.com\/cs\/produkt\/sujetador-modelo-belen\/","og_locale":"cs_CZ","og_type":"article","og_title":"Sujetador Selene Belen - Rosana CL","og_description":"Hay prendas que no buscan llamar la atenci\u00f3n: buscan hacerte la vida f\u00e1cil&#8230; y aun as\u00ed se sienten especiales. El Bel\u00e9n es ese sujetador sin aros y sin relleno que sujeta con firmeza, sin castigar, y que te acompa\u00f1a desde primera hora con una sensaci\u00f3n muy \u00abbien puesta\u00bb. Ideal si priorizas sujeci\u00f3n real, libertad y [&hellip;]","og_url":"https:\/\/rosanacl.com\/cs\/produkt\/sujetador-modelo-belen\/","og_site_name":"Rosana CL","article_modified_time":"2026-01-07T20:40:46+00:00","og_image":[{"width":1000,"height":1000,"url":"https:\/\/rosanacl.com\/wp-content\/uploads\/2025\/04\/Sujetador-Selene-modelo-Belen__00001.webp","type":"image\/webp"}],"twitter_card":"summary_large_image","twitter_misc":{"Odhadovan\u00e1 doba \u010dten\u00ed":"2 minuty"},"schema":{"@context":"https:\/\/schema.org","@graph":[{"@type":"WebPage","@id":"https:\/\/rosanacl.com\/producto\/sujetador-modelo-belen\/","url":"https:\/\/rosanacl.com\/producto\/sujetador-modelo-belen\/","name":"Sujetador Selene Belen - Rosana CL","isPartOf":{"@id":"https:\/\/rosanacl.com\/ca\/#website"},"primaryImageOfPage":{"@id":"https:\/\/rosanacl.com\/producto\/sujetador-modelo-belen\/#primaryimage"},"image":{"@id":"https:\/\/rosanacl.com\/producto\/sujetador-modelo-belen\/#primaryimage"},"thumbnailUrl":"https:\/\/rosanacl.com\/wp-content\/uploads\/2025\/04\/Sujetador-Selene-modelo-Belen__00001.webp","datePublished":"2025-04-29T12:53:31+00:00","dateModified":"2026-01-07T20:40:46+00:00","breadcrumb":{"@id":"https:\/\/rosanacl.com\/producto\/sujetador-modelo-belen\/#breadcrumb"},"inLanguage":"cs","potentialAction":[{"@type":"ReadAction","target":["https:\/\/rosanacl.com\/producto\/sujetador-modelo-belen\/"]}]},{"@type":"ImageObject","inLanguage":"cs","@id":"https:\/\/rosanacl.com\/producto\/sujetador-modelo-belen\/#primaryimage","url":"https:\/\/rosanacl.com\/wp-content\/uploads\/2025\/04\/Sujetador-Selene-modelo-Belen__00001.webp","contentUrl":"https:\/\/rosanacl.com\/wp-content\/uploads\/2025\/04\/Sujetador-Selene-modelo-Belen__00001.webp","width":1000,"height":1000},{"@type":"BreadcrumbList","@id":"https:\/\/rosanacl.com\/producto\/sujetador-modelo-belen\/#breadcrumb","itemListElement":[{"@type":"ListItem","position":1,"name":"Portada","item":"https:\/\/rosanacl.com\/ca\/"},{"@type":"ListItem","position":2,"name":"Tienda","item":"https:\/\/rosanacl.com\/ca\/tienda\/"},{"@type":"ListItem","position":3,"name":"Sujetador Selene Belen"}]},{"@type":"WebSite","@id":"https:\/\/rosanacl.com\/ca\/#website","url":"https:\/\/rosanacl.com\/ca\/","name":"Rosana CL","description":"Jsme v\u00e1\u0161 interi\u00e9r","potentialAction":[{"@type":"SearchAction","target":{"@type":"EntryPoint","urlTemplate":"https:\/\/rosanacl.com\/ca\/?s={search_term_string}"},"query-input":{"@type":"PropertyValueSpecification","valueRequired":true,"valueName":"search_term_string"}}],"inLanguage":"cs"}]}},"_links":{"self":[{"href":"https:\/\/rosanacl.com\/cs\/wp-json\/wp\/v2\/product\/415","targetHints":{"allow":["GET"]}}],"collection":[{"href":"https:\/\/rosanacl.com\/cs\/wp-json\/wp\/v2\/product"}],"about":[{"href":"https:\/\/rosanacl.com\/cs\/wp-json\/wp\/v2\/types\/product"}],"replies":[{"embeddable":true,"href":"https:\/\/rosanacl.com\/cs\/wp-json\/wp\/v2\/comments?post=415"}],"version-history":[{"count":5,"href":"https:\/\/rosanacl.com\/cs\/wp-json\/wp\/v2\/product\/415\/revisions"}],"predecessor-version":[{"id":4621,"href":"https:\/\/rosanacl.com\/cs\/wp-json\/wp\/v2\/product\/415\/revisions\/4621"}],"wp:featuredmedia":[{"embeddable":true,"href":"https:\/\/rosanacl.com\/cs\/wp-json\/wp\/v2\/media\/444"}],"wp:attachment":[{"href":"https:\/\/rosanacl.com\/cs\/wp-json\/wp\/v2\/media?parent=415"}],"wp:term":[{"taxonomy":"product_brand","embeddable":true,"href":"https:\/\/rosanacl.com\/cs\/wp-json\/wp\/v2\/product_brand?post=415"},{"taxonomy":"product_cat","embeddable":true,"href":"https:\/\/rosanacl.com\/cs\/wp-json\/wp\/v2\/product_cat?post=415"},{"taxonomy":"product_tag","embeddable":true,"href":"https:\/\/rosanacl.com\/cs\/wp-json\/wp\/v2\/product_tag?post=415"}],"curies":[{"name":"wp","href":"https:\/\/api.w.org\/{rel}","templated":true}]}}