{"id":542,"date":"2025-04-29T19:14:55","date_gmt":"2025-04-29T17:14:55","guid":{"rendered":"https:\/\/rosanacl.com\/?post_type=product&#038;p=542"},"modified":"2026-01-10T23:07:14","modified_gmt":"2026-01-10T22:07:14","slug":"sujetador-modelo-elvira","status":"publish","type":"product","link":"https:\/\/rosanacl.com\/cs\/produkt\/sujetador-modelo-elvira\/","title":{"rendered":"Selene Elvira Bra"},"content":{"rendered":"<p>Podprsenka Selene Elvira je navr\u017eena pro ty dny, kdy chcete skute\u010dn\u00e9 pohodl\u00ed, ani\u017e byste museli ob\u011btovat kr\u00e1snou postavu. Jej\u00ed p\u0159edtvarovan\u00e9, dvouvrstv\u00e9 mikrovl\u00e1kno jemn\u011b obep\u00edn\u00e1 poprs\u00ed a zanech\u00e1v\u00e1 lehk\u00fd pocit druh\u00e9 k\u016f\u017ee. D\u00edky absenci \u0161v\u016f v ko\u0161\u00ed\u010dc\u00edch vypad\u00e1 \u010dist\u011b pod tri\u010dky a p\u0159il\u00e9hav\u00fdm oble\u010den\u00edm a nab\u00edz\u00ed decentn\u00ed a lichotiv\u00fd vzhled.<\/p>\n<p>Elvira je nav\u00edc jedn\u00edm z t\u011bch styl\u016f, kter\u00e9 se p\u0159izp\u016fsob\u00ed va\u0161emu \u017eivotn\u00edmu stylu: poskytuje oporu, ani\u017e by omezovala, rozkl\u00e1d\u00e1 v\u00e1hu pomoc\u00ed \u0161irok\u00fdch ram\u00ednek a je ide\u00e1ln\u00ed pro ka\u017edodenn\u00ed no\u0161en\u00ed i pro ty, kte\u0159\u00ed hledaj\u00ed pohodlnou sportovn\u00ed podprsenku pro voln\u00fd pohyb. Je to chytr\u00fd nezbytn\u00fd kousek pro ty, kte\u0159\u00ed up\u0159ednost\u0148uj\u00ed oporu, pohodl\u00ed a prakti\u010dnost s n\u00e1dechem elegance v detailech.<\/p>\n<p>Co si na Elvire v\u0161imnete (a co se v\u00e1m bude l\u00edbit)<\/p>\n<ul>\n<li>P\u0159edtvarovan\u00e1 dvouvrstv\u00e1 mikrovl\u00e1kna: pohodln\u00e1 opora a p\u0159irozen\u00fd efekt.<\/li>\n<li>Beze\u0161v\u00fd ko\u0161\u00ed\u010dek: neprosv\u00edt\u00e1 a perfektn\u011b padne pod oble\u010den\u00ed.<\/li>\n<li>\u0160irok\u00e9 popruhy: lep\u0161\u00ed rozlo\u017een\u00ed hmotnosti a v\u011bt\u0161\u00ed pohodl\u00ed na ramenou.<\/li>\n<li>Stabiln\u00ed opora pro ka\u017edodenn\u00ed pou\u017eit\u00ed (ide\u00e1ln\u00ed, pokud chcete b\u00fdt \u00abu\u010desan\u00e9\u00bb, ani\u017e by to bylo p\u0159\u00edli\u0161 sta\u017eeno).<\/li>\n<li>V\u0161estrann\u00e1: ide\u00e1ln\u00ed jako z\u00e1kladn\u00ed podprsenka i pro no\u0161en\u00ed v aktivn\u00ed dny.<\/li>\n<\/ul>\n<p>\ud83d\udde3\ufe0f Tip: Elvira je jedn\u00edm z t\u011bch od\u011bv\u016f, kter\u00e9 v\u00e1m dodaj\u00ed pocit \u00abjemn\u00e9ho objet\u00ed\u00bb: udr\u017e\u00ed v\u00e1s v teple a bezpe\u010d\u00ed, ale s mikrovl\u00e1knem jako druhou k\u016f\u017e\u00ed, bez nep\u0159\u00edjemn\u00fdch \u0161v\u016f nebo \u0161mouh. Ide\u00e1ln\u00ed na dlouh\u00e9 dny nebo kdy\u017e jste velmi aktivn\u00ed, proto\u017ee v\u00e1m poskytuje oporu, ani\u017e by v\u00e1s zahlcovala, a zanech\u00e1v\u00e1 ve v\u00e1s pocit \u00abjsem dob\u0159e oble\u010den\u00e1\u00bb.<\/p>\n<p>\ud83d\udccf Pozn\u00e1mka: Pokud chcete pevn\u00e9 a netla\u010d\u00edc\u00ed no\u0161en\u00ed, zvolte svou obvyklou velikost; pokud se pohybujete mezi velikostmi nebo se v\u00e1m p\u00e1sek po del\u0161\u00edm no\u0161en\u00ed nec\u00edt\u00ed dob\u0159e, zvolte o \u010d\u00edslo v\u011bt\u0161\u00ed. A pokud hled\u00e1te sp\u00ed\u0161e \u00abkomprimovan\u00fd\u00bb efekt, zkontrolujte si obvod pod hrudn\u00edkem, abyste se ujistili, \u017ee jste ho napoprv\u00e9 zm\u011b\u0159ili spr\u00e1vn\u011b.<\/p>\n<p>Slo\u017een\u00ed: polyamid 82%, elastan 18%.<\/p>\n<p>\ud83c\udf80 Mal\u00fd luxus, kter\u00fd je vid\u011bt v zrcadle.<\/p>","protected":false},"excerpt":{"rendered":"<p>https:\/\/youtube.com\/shorts\/gSBYc8cwLWo?si=u1woCAQD1rt_D2Jb<\/p>","protected":false},"featured_media":2353,"comment_status":"open","ping_status":"closed","template":"","meta":{"content-type":""},"product_brand":[55],"product_cat":[25,20],"product_tag":[56,60],"class_list":{"0":"post-542","1":"product","2":"type-product","3":"status-publish","4":"has-post-thumbnail","6":"product_brand-selene","7":"product_cat-sin-aros","8":"product_cat-sujetador","9":"product_tag-sujetador","10":"product_tag-sujetador-sin-aros","12":"first","13":"instock","14":"taxable","15":"shipping-taxable","16":"purchasable","17":"product-type-variable"},"supplier_id":null,"supplier_sku":"","barcode":null,"atum_controlled":true,"out_stock_date":null,"out_stock_threshold":null,"inheritable":true,"inbound_stock":null,"stock_on_hold":0,"sold_today":0,"sales_last_days":0,"reserved_stock":null,"customer_returns":null,"warehouse_damage":null,"lost_in_post":null,"other_logs":null,"out_stock_days":0,"lost_sales":0,"has_location":false,"update_date":"2026-01-10T22:07:15","atum_locations":[],"atum_stock_status":"instock","restock_status":false,"low_stock_amount":"","sales_update_date":"2025-08-19T02:35:53","calc_backorders":null,"yoast_head":"<!-- This site is optimized with the Yoast SEO plugin v27.4 - https:\/\/yoast.com\/product\/yoast-seo-wordpress\/ -->\n<title>Sujetador Selene Elvira - Rosana CL<\/title>\n<meta name=\"robots\" content=\"index, follow, max-snippet:-1, max-image-preview:large, max-video-preview:-1\" \/>\n<link rel=\"canonical\" href=\"https:\/\/rosanacl.com\/cs\/produkt\/sujetador-modelo-elvira\/\" \/>\n<meta property=\"og:locale\" content=\"cs_CZ\" \/>\n<meta property=\"og:type\" content=\"article\" \/>\n<meta property=\"og:title\" content=\"Sujetador Selene Elvira - Rosana CL\" \/>\n<meta property=\"og:description\" content=\"https:\/\/youtube.com\/shorts\/gSBYc8cwLWo?si=u1woCAQD1rt_D2Jb\" \/>\n<meta property=\"og:url\" content=\"https:\/\/rosanacl.com\/cs\/produkt\/sujetador-modelo-elvira\/\" \/>\n<meta property=\"og:site_name\" content=\"Rosana CL\" \/>\n<meta property=\"article:modified_time\" content=\"2026-01-10T22:07:14+00:00\" \/>\n<meta property=\"og:image\" content=\"https:\/\/rosanacl.com\/wp-content\/uploads\/2025\/04\/1-2-e1756816694215.jpg\" \/>\n\t<meta property=\"og:image:width\" content=\"882\" \/>\n\t<meta property=\"og:image:height\" content=\"1170\" \/>\n\t<meta property=\"og:image:type\" content=\"image\/jpeg\" \/>\n<meta name=\"twitter:card\" content=\"summary_large_image\" \/>\n<meta name=\"twitter:label1\" content=\"Odhadovan\u00e1 doba \u010dten\u00ed\" \/>\n\t<meta name=\"twitter:data1\" content=\"2 minuty\" \/>\n<script type=\"application\/ld+json\" class=\"yoast-schema-graph\">{\"@context\":\"https:\\\/\\\/schema.org\",\"@graph\":[{\"@type\":\"WebPage\",\"@id\":\"https:\\\/\\\/rosanacl.com\\\/producto\\\/sujetador-modelo-elvira\\\/\",\"url\":\"https:\\\/\\\/rosanacl.com\\\/producto\\\/sujetador-modelo-elvira\\\/\",\"name\":\"Sujetador Selene Elvira - Rosana CL\",\"isPartOf\":{\"@id\":\"https:\\\/\\\/rosanacl.com\\\/ca\\\/#website\"},\"primaryImageOfPage\":{\"@id\":\"https:\\\/\\\/rosanacl.com\\\/producto\\\/sujetador-modelo-elvira\\\/#primaryimage\"},\"image\":{\"@id\":\"https:\\\/\\\/rosanacl.com\\\/producto\\\/sujetador-modelo-elvira\\\/#primaryimage\"},\"thumbnailUrl\":\"https:\\\/\\\/rosanacl.com\\\/wp-content\\\/uploads\\\/2025\\\/04\\\/1-2-e1756816694215.jpg\",\"datePublished\":\"2025-04-29T17:14:55+00:00\",\"dateModified\":\"2026-01-10T22:07:14+00:00\",\"breadcrumb\":{\"@id\":\"https:\\\/\\\/rosanacl.com\\\/producto\\\/sujetador-modelo-elvira\\\/#breadcrumb\"},\"inLanguage\":\"cs\",\"potentialAction\":[{\"@type\":\"ReadAction\",\"target\":[\"https:\\\/\\\/rosanacl.com\\\/producto\\\/sujetador-modelo-elvira\\\/\"]}]},{\"@type\":\"ImageObject\",\"inLanguage\":\"cs\",\"@id\":\"https:\\\/\\\/rosanacl.com\\\/producto\\\/sujetador-modelo-elvira\\\/#primaryimage\",\"url\":\"https:\\\/\\\/rosanacl.com\\\/wp-content\\\/uploads\\\/2025\\\/04\\\/1-2-e1756816694215.jpg\",\"contentUrl\":\"https:\\\/\\\/rosanacl.com\\\/wp-content\\\/uploads\\\/2025\\\/04\\\/1-2-e1756816694215.jpg\",\"width\":882,\"height\":1170},{\"@type\":\"BreadcrumbList\",\"@id\":\"https:\\\/\\\/rosanacl.com\\\/producto\\\/sujetador-modelo-elvira\\\/#breadcrumb\",\"itemListElement\":[{\"@type\":\"ListItem\",\"position\":1,\"name\":\"Portada\",\"item\":\"https:\\\/\\\/rosanacl.com\\\/ca\\\/\"},{\"@type\":\"ListItem\",\"position\":2,\"name\":\"Tienda\",\"item\":\"https:\\\/\\\/rosanacl.com\\\/ca\\\/tienda\\\/\"},{\"@type\":\"ListItem\",\"position\":3,\"name\":\"Sujetador Selene Elvira\"}]},{\"@type\":\"WebSite\",\"@id\":\"https:\\\/\\\/rosanacl.com\\\/ca\\\/#website\",\"url\":\"https:\\\/\\\/rosanacl.com\\\/ca\\\/\",\"name\":\"Rosana CL\",\"description\":\"Somos tu interior\",\"potentialAction\":[{\"@type\":\"SearchAction\",\"target\":{\"@type\":\"EntryPoint\",\"urlTemplate\":\"https:\\\/\\\/rosanacl.com\\\/ca\\\/?s={search_term_string}\"},\"query-input\":{\"@type\":\"PropertyValueSpecification\",\"valueRequired\":true,\"valueName\":\"search_term_string\"}}],\"inLanguage\":\"cs\"}]}<\/script>\n<!-- \/ Yoast SEO plugin. -->","yoast_head_json":{"title":"Sujetador Selene Elvira - Rosana CL","robots":{"index":"index","follow":"follow","max-snippet":"max-snippet:-1","max-image-preview":"max-image-preview:large","max-video-preview":"max-video-preview:-1"},"canonical":"https:\/\/rosanacl.com\/cs\/produkt\/sujetador-modelo-elvira\/","og_locale":"cs_CZ","og_type":"article","og_title":"Sujetador Selene Elvira - Rosana CL","og_description":"https:\/\/youtube.com\/shorts\/gSBYc8cwLWo?si=u1woCAQD1rt_D2Jb","og_url":"https:\/\/rosanacl.com\/cs\/produkt\/sujetador-modelo-elvira\/","og_site_name":"Rosana CL","article_modified_time":"2026-01-10T22:07:14+00:00","og_image":[{"width":882,"height":1170,"url":"https:\/\/rosanacl.com\/wp-content\/uploads\/2025\/04\/1-2-e1756816694215.jpg","type":"image\/jpeg"}],"twitter_card":"summary_large_image","twitter_misc":{"Odhadovan\u00e1 doba \u010dten\u00ed":"2 minuty"},"schema":{"@context":"https:\/\/schema.org","@graph":[{"@type":"WebPage","@id":"https:\/\/rosanacl.com\/producto\/sujetador-modelo-elvira\/","url":"https:\/\/rosanacl.com\/producto\/sujetador-modelo-elvira\/","name":"Sujetador Selene Elvira - Rosana CL","isPartOf":{"@id":"https:\/\/rosanacl.com\/ca\/#website"},"primaryImageOfPage":{"@id":"https:\/\/rosanacl.com\/producto\/sujetador-modelo-elvira\/#primaryimage"},"image":{"@id":"https:\/\/rosanacl.com\/producto\/sujetador-modelo-elvira\/#primaryimage"},"thumbnailUrl":"https:\/\/rosanacl.com\/wp-content\/uploads\/2025\/04\/1-2-e1756816694215.jpg","datePublished":"2025-04-29T17:14:55+00:00","dateModified":"2026-01-10T22:07:14+00:00","breadcrumb":{"@id":"https:\/\/rosanacl.com\/producto\/sujetador-modelo-elvira\/#breadcrumb"},"inLanguage":"cs","potentialAction":[{"@type":"ReadAction","target":["https:\/\/rosanacl.com\/producto\/sujetador-modelo-elvira\/"]}]},{"@type":"ImageObject","inLanguage":"cs","@id":"https:\/\/rosanacl.com\/producto\/sujetador-modelo-elvira\/#primaryimage","url":"https:\/\/rosanacl.com\/wp-content\/uploads\/2025\/04\/1-2-e1756816694215.jpg","contentUrl":"https:\/\/rosanacl.com\/wp-content\/uploads\/2025\/04\/1-2-e1756816694215.jpg","width":882,"height":1170},{"@type":"BreadcrumbList","@id":"https:\/\/rosanacl.com\/producto\/sujetador-modelo-elvira\/#breadcrumb","itemListElement":[{"@type":"ListItem","position":1,"name":"Portada","item":"https:\/\/rosanacl.com\/ca\/"},{"@type":"ListItem","position":2,"name":"Tienda","item":"https:\/\/rosanacl.com\/ca\/tienda\/"},{"@type":"ListItem","position":3,"name":"Sujetador Selene Elvira"}]},{"@type":"WebSite","@id":"https:\/\/rosanacl.com\/ca\/#website","url":"https:\/\/rosanacl.com\/ca\/","name":"Rosana CL","description":"Jsme v\u00e1\u0161 interi\u00e9r","potentialAction":[{"@type":"SearchAction","target":{"@type":"EntryPoint","urlTemplate":"https:\/\/rosanacl.com\/ca\/?s={search_term_string}"},"query-input":{"@type":"PropertyValueSpecification","valueRequired":true,"valueName":"search_term_string"}}],"inLanguage":"cs"}]}},"_links":{"self":[{"href":"https:\/\/rosanacl.com\/cs\/wp-json\/wp\/v2\/product\/542","targetHints":{"allow":["GET"]}}],"collection":[{"href":"https:\/\/rosanacl.com\/cs\/wp-json\/wp\/v2\/product"}],"about":[{"href":"https:\/\/rosanacl.com\/cs\/wp-json\/wp\/v2\/types\/product"}],"replies":[{"embeddable":true,"href":"https:\/\/rosanacl.com\/cs\/wp-json\/wp\/v2\/comments?post=542"}],"version-history":[{"count":5,"href":"https:\/\/rosanacl.com\/cs\/wp-json\/wp\/v2\/product\/542\/revisions"}],"predecessor-version":[{"id":4652,"href":"https:\/\/rosanacl.com\/cs\/wp-json\/wp\/v2\/product\/542\/revisions\/4652"}],"wp:featuredmedia":[{"embeddable":true,"href":"https:\/\/rosanacl.com\/cs\/wp-json\/wp\/v2\/media\/2353"}],"wp:attachment":[{"href":"https:\/\/rosanacl.com\/cs\/wp-json\/wp\/v2\/media?parent=542"}],"wp:term":[{"taxonomy":"product_brand","embeddable":true,"href":"https:\/\/rosanacl.com\/cs\/wp-json\/wp\/v2\/product_brand?post=542"},{"taxonomy":"product_cat","embeddable":true,"href":"https:\/\/rosanacl.com\/cs\/wp-json\/wp\/v2\/product_cat?post=542"},{"taxonomy":"product_tag","embeddable":true,"href":"https:\/\/rosanacl.com\/cs\/wp-json\/wp\/v2\/product_tag?post=542"}],"curies":[{"name":"wp","href":"https:\/\/api.w.org\/{rel}","templated":true}]}}