{"id":16,"date":"2025-03-28T15:59:16","date_gmt":"2025-03-28T18:59:16","guid":{"rendered":"https:\/\/innovacon.simplificandotuweb.com\/?page_id=16"},"modified":"2025-07-09T08:54:15","modified_gmt":"2025-07-09T06:54:15","slug":"politica-de-cookies","status":"publish","type":"page","link":"https:\/\/rosanacl.com\/da\/politica-de-cookies\/","title":{"rendered":"Cookiepolitik"},"content":{"rendered":"<div data-elementor-type=\"wp-page\" data-elementor-id=\"16\" class=\"elementor elementor-16\" data-elementor-post-type=\"page\">\n\t\t\t\t<div class=\"elementor-element elementor-element-3406fa7 e-flex e-con-boxed e-con e-parent\" data-id=\"3406fa7\" data-element_type=\"container\" data-e-type=\"container\" data-settings=\"{&quot;background_background&quot;:&quot;classic&quot;}\">\n\t\t\t\t\t<div class=\"e-con-inner\">\n\t\t<div class=\"elementor-element elementor-element-d212998 e-con-full e-flex e-con e-child\" data-id=\"d212998\" data-element_type=\"container\" data-e-type=\"container\">\n\t\t\t\t<div class=\"elementor-element elementor-element-973e9ce elementor-widget elementor-widget-heading\" data-id=\"973e9ce\" data-element_type=\"widget\" data-e-type=\"widget\" data-widget_type=\"heading.default\">\n\t\t\t\t<div class=\"elementor-widget-container\">\n\t\t\t\t\t<h2 class=\"elementor-heading-title elementor-size-default\">Cookiepolitik<\/h2>\t\t\t\t<\/div>\n\t\t\t\t<\/div>\n\t\t\t\t<\/div>\n\t\t\t\t\t<\/div>\n\t\t\t\t<\/div>\n\t\t<div class=\"elementor-element elementor-element-504b4f4d e-flex e-con-boxed e-con e-parent\" data-id=\"504b4f4d\" data-element_type=\"container\" data-e-type=\"container\">\n\t\t\t\t\t<div class=\"e-con-inner\">\n\t\t\t\t<div class=\"elementor-element elementor-element-36706845 elementor-widget elementor-widget-text-editor\" data-id=\"36706845\" data-element_type=\"widget\" data-e-type=\"widget\" data-widget_type=\"text-editor.default\">\n\t\t\t\t<div class=\"elementor-widget-container\">\n\t\t\t\t\t\t\t\t\t\n<p>Denne cookiepolitik blev sidst opdateret den 8. januar 2024 og g\u00e6lder for borgere og lovlige fastboende i Det Europ\u00e6iske \u00d8konomiske Samarbejdsomr\u00e5de og Schweiz.<\/p>\n\n<p><strong>1. Introduktion<\/strong><\/p>\n\n<p>Vores hjemmeside, <a href=\"https:\/\/rosanacl.com\/da\/\">https:\/\/rosanacl.com\/<\/a> (herefter: &quot;hjemmesiden&quot;) bruger cookies og andre relaterede teknologier (for nemheds skyld kaldes alle teknologier for &quot;cookies&quot;). Cookies placeres ogs\u00e5 af tredjeparter, som vi har indg\u00e5et kontrakt med. F\u00f8lgende dokument informerer dig om brugen af cookies p\u00e5 vores hjemmeside.<\/p>\n\n<p><strong>2. Hvad er cookies?<\/strong><\/p>\n\n<p>En cookie er en lille fil, der sendes sammen med sider p\u00e5 denne hjemmeside og gemmes af din browser p\u00e5 harddisken p\u00e5 din computer eller anden enhed. De gemte oplysninger kan returneres til vores servere eller til relevante tredjepartsservere under et efterf\u00f8lgende bes\u00f8g.<\/p>\n\n<p><strong>3. Hvad er manuskripter?<\/strong><\/p>\n\n<p>Et script er et stykke programkode, der bruges til at f\u00e5 vores hjemmeside til at fungere korrekt og interaktivt. Denne kode k\u00f8rer p\u00e5 vores server eller p\u00e5 din enhed.<\/p>\n\n<p><strong>4. Hvad er en web-beacon?<\/strong><\/p>\n\n<p>En web beacon (eller pixeltag) er et lille, usynligt stykke tekst eller billede p\u00e5 et websted, der bruges til at overv\u00e5ge webstedstrafik. For at g\u00f8re dette gemmes forskellige data om dig ved hj\u00e6lp af disse web beacons.<\/p>\n\n<p><strong>5. Cookies<\/strong><\/p>\n\n<p><strong>5.1 Tekniske eller funktionelle cookies<\/strong><\/p>\n\n<p>Nogle cookies sikrer, at visse dele af hjemmesiden fungerer korrekt, og at dine brugerpr\u00e6ferencer forbliver kendte. Ved at placere funktionelle cookies g\u00f8r vi dit bes\u00f8g p\u00e5 vores hjemmeside nemmere. P\u00e5 denne m\u00e5de beh\u00f8ver du ikke gentagne gange at indtaste de samme oplysninger, n\u00e5r du bes\u00f8ger vores hjemmeside, og for eksempel forbliver varerne i din indk\u00f8bskurv, indtil du har betalt. Vi kan placere disse cookies uden dit samtykke.<\/p>\n\n<p><strong>5.2 Markedsf\u00f8rings-\/sporingscookies<\/strong><\/p>\n\n<p>Marketing-\/sporingscookies er cookies eller andre former for lokal lagring, der bruges til at oprette brugerprofiler med det form\u00e5l at vise reklamer eller spore brugere p\u00e5 denne hjemmeside eller p\u00e5 tv\u00e6rs af flere hjemmesider med lignende markedsf\u00f8ringsform\u00e5l.<\/p>\n\n<p><strong>6. Anvendte cookies<\/strong><\/p>\n\n<ul class=\"wp-block-list\">\n<li>Elementor \u2013 Statistik (anonym)<\/li>\n<li>Samtykke til serviceelementor<\/li>\n<li>WordPress \u2013 Funktionel<\/li>\n<li>Samtykke til WordPress-service<\/li>\n<li>Diverse \u2013 Form\u00e5l afventer unders\u00f8gelse<\/li>\n<li>Samtykke til at betjene forskellige<\/li>\n<\/ul>\n\n<p><strong>7. Samtykke<\/strong><\/p>\n\n<p>N\u00e5r du bes\u00f8ger vores hjemmeside for f\u00f8rste gang, viser vi dig en pop op-boks med en forklaring om cookies. S\u00e5 snart du klikker p\u00e5 &quot;Gem pr\u00e6ferencer&quot;, accepterer du, at vi bruger de kategorier af cookies og plugins, du valgte i pop op-boksen, som beskrevet i denne cookiepolitik. Du kan deaktivere brugen af cookies via din browser, men v\u00e6r opm\u00e6rksom p\u00e5, at vores hjemmeside muligvis ikke l\u00e6ngere fungerer korrekt.<\/p>\n\n<p><strong>7.1 Administrer dine samtykkeindstillinger<\/strong><\/p>\n\n<ul class=\"wp-block-list\">\n<li>Funktionel \u2013 Altid aktiv<\/li>\n<li>Markedsf\u00f8ring \u2013 Markedsf\u00f8ring<\/li>\n<\/ul>\n\n<p><strong>8. Aktivering\/deaktivering og sletning af cookies<\/strong><\/p>\n\n<p>Du kan bruge din internetbrowser til automatisk eller manuelt at slette cookies. Du kan ogs\u00e5 angive, at visse cookies ikke m\u00e5 placeres. En anden mulighed er at \u00e6ndre dine internetbrowserindstillinger, s\u00e5 du modtager en besked, hver gang en cookie placeres. For mere information om disse muligheder, se venligst instruktionerne i afsnittet &quot;Hj\u00e6lp&quot; i din browser.<\/p>\n\n<p>Bem\u00e6rk venligst, at vores hjemmeside muligvis ikke fungerer korrekt, hvis alle cookies er deaktiveret. Hvis du sletter cookies fra din browser, vil de blive placeret igen efter dit samtykke, n\u00e5r du bes\u00f8ger vores hjemmesider igen.<\/p>\n\n<p><strong>9. Dine rettigheder vedr\u00f8rende personoplysninger<\/strong><\/p>\n\n<ul class=\"wp-block-list\">\n<li>Du har ret til at vide, hvorfor dine personoplysninger er n\u00f8dvendige, hvad der sker med dem, og hvor l\u00e6nge de vil blive opbevaret.<\/li>\n<li>Ret til indsigt: Du har ret til at f\u00e5 adgang til de personoplysninger, vi har kendskab til om dig.<\/li>\n<li>Ret til berigtigelse: Du har ret til at fuldf\u00f8re, berigtige, slette eller blokere dine personoplysninger, n\u00e5r du \u00f8nsker det.<\/li>\n<li>Hvis du giver os dit samtykke til at behandle dine data, har du ret til at tilbagekalde dette samtykke og f\u00e5 dine personoplysninger slettet.<\/li>\n<li>Ret til at overf\u00f8re dine data: Du har ret til at anmode den dataansvarlige om at f\u00e5 alle dine personoplysninger udleveret og til at overf\u00f8re dem i deres helhed til en anden dataansvarlig.<\/li>\n<li>Ret til indsigelse: Du kan g\u00f8re indsigelse mod behandlingen af dine data. Vi vil overholde dette, medmindre der er berettiget grund til behandlingen.<\/li>\n<\/ul>\n\n<p>For at ud\u00f8ve disse rettigheder, bedes du kontakte os. Se kontaktoplysningerne nederst i denne cookiepolitik. Hvis du har klager over, hvordan vi h\u00e5ndterer dine data, vil vi gerne h\u00f8re fra dig, men du har ogs\u00e5 ret til at indgive en klage til tilsynsmyndigheden (Databeskyttelsesmyndigheden).<\/p>\n\n<p><strong>10. Kontaktoplysninger<\/strong><\/p>\n\n<p>Ved sp\u00f8rgsm\u00e5l og\/eller kommentarer til vores cookiepolitik og denne erkl\u00e6ring, bedes du kontakte os ved hj\u00e6lp af f\u00f8lgende kontaktoplysninger:<\/p>\n\n<ul class=\"wp-block-list\">\n<li>Firma: Pablo Angulo Maspons<\/li>\n<li>Befolkning: Vinaroz, Spanien<\/li>\n<li>Telefon: 613395013<\/li>\n<li>Post:<a href=\"mailto:info@rosanacl.com\"> info@rosanacl.com<\/a>\u00a0<\/li>\n<\/ul>\n\n<p>Denne cookiepolitik er blevet synkroniseret med <a href=\"https:\/\/cookiedatabase.org\">cookiedatabase.org<\/a> den 01\/08\/2024.<\/p>\n\n<p>\u00a0<\/p>\t\t\t\t\t\t\t\t<\/div>\n\t\t\t\t<\/div>\n\t\t\t\t\t<\/div>\n\t\t\t\t<\/div>\n\t\t\t\t<\/div>","protected":false},"excerpt":{"rendered":"<p>Esta pol\u00edtica de cookies fue actualizada por \u00faltima vez el 08\/01\/2024 y se aplica a los ciudadanos y residentes legales permanentes del Espacio Econ\u00f3mico Europeo y Suiza. 1. Introducci\u00f3n Nuestra web, https:\/\/rosanacl.com\/ (en adelante: \u00abla web\u00bb) utiliza cookies y otras tecnolog\u00edas relacionadas (para mayor comodidad, todas las tecnolog\u00edas se denominan \u00abcookies\u00bb). Las cookies tambi\u00e9n son [&hellip;]<\/p>\n","protected":false},"author":1,"featured_media":0,"parent":0,"menu_order":0,"comment_status":"closed","ping_status":"closed","template":"","meta":{"content-type":"","footnotes":""},"class_list":["post-16","page","type-page","status-publish","hentry"],"yoast_head":"<!-- This site is optimized with the Yoast SEO plugin v27.4 - https:\/\/yoast.com\/product\/yoast-seo-wordpress\/ -->\n<title>Pol\u00edtica de Cookies - Rosana CL<\/title>\n<meta name=\"robots\" content=\"index, follow, max-snippet:-1, max-image-preview:large, max-video-preview:-1\" \/>\n<link rel=\"canonical\" href=\"https:\/\/rosanacl.com\/da\/politica-de-cookies\/\" \/>\n<meta property=\"og:locale\" content=\"da_DK\" \/>\n<meta property=\"og:type\" content=\"article\" \/>\n<meta property=\"og:title\" content=\"Pol\u00edtica de Cookies - Rosana CL\" \/>\n<meta property=\"og:description\" content=\"Esta pol\u00edtica de cookies fue actualizada por \u00faltima vez el 08\/01\/2024 y se aplica a los ciudadanos y residentes legales permanentes del Espacio Econ\u00f3mico Europeo y Suiza. 1. Introducci\u00f3n Nuestra web, https:\/\/rosanacl.com\/ (en adelante: \u00abla web\u00bb) utiliza cookies y otras tecnolog\u00edas relacionadas (para mayor comodidad, todas las tecnolog\u00edas se denominan \u00abcookies\u00bb). Las cookies tambi\u00e9n son [&hellip;]\" \/>\n<meta property=\"og:url\" content=\"https:\/\/rosanacl.com\/da\/politica-de-cookies\/\" \/>\n<meta property=\"og:site_name\" content=\"Rosana CL\" \/>\n<meta property=\"article:modified_time\" content=\"2025-07-09T06:54:15+00:00\" \/>\n<meta name=\"twitter:card\" content=\"summary_large_image\" \/>\n<meta name=\"twitter:label1\" content=\"Estimeret l\u00e6setid\" \/>\n\t<meta name=\"twitter:data1\" content=\"4 minutter\" \/>\n<script type=\"application\/ld+json\" class=\"yoast-schema-graph\">{\"@context\":\"https:\\\/\\\/schema.org\",\"@graph\":[{\"@type\":\"WebPage\",\"@id\":\"https:\\\/\\\/rosanacl.com\\\/eu\\\/politica-de-cookies\\\/\",\"url\":\"https:\\\/\\\/rosanacl.com\\\/eu\\\/politica-de-cookies\\\/\",\"name\":\"Pol\u00edtica de Cookies - Rosana CL\",\"isPartOf\":{\"@id\":\"https:\\\/\\\/rosanacl.com\\\/ca\\\/#website\"},\"datePublished\":\"2025-03-28T18:59:16+00:00\",\"dateModified\":\"2025-07-09T06:54:15+00:00\",\"breadcrumb\":{\"@id\":\"https:\\\/\\\/rosanacl.com\\\/eu\\\/politica-de-cookies\\\/#breadcrumb\"},\"inLanguage\":\"da-DK\",\"potentialAction\":[{\"@type\":\"ReadAction\",\"target\":[\"https:\\\/\\\/rosanacl.com\\\/eu\\\/politica-de-cookies\\\/\"]}]},{\"@type\":\"BreadcrumbList\",\"@id\":\"https:\\\/\\\/rosanacl.com\\\/eu\\\/politica-de-cookies\\\/#breadcrumb\",\"itemListElement\":[{\"@type\":\"ListItem\",\"position\":1,\"name\":\"Portada\",\"item\":\"https:\\\/\\\/rosanacl.com\\\/ca\\\/\"},{\"@type\":\"ListItem\",\"position\":2,\"name\":\"Pol\u00edtica de Cookies\"}]},{\"@type\":\"WebSite\",\"@id\":\"https:\\\/\\\/rosanacl.com\\\/ca\\\/#website\",\"url\":\"https:\\\/\\\/rosanacl.com\\\/ca\\\/\",\"name\":\"Rosana CL\",\"description\":\"Somos tu interior\",\"potentialAction\":[{\"@type\":\"SearchAction\",\"target\":{\"@type\":\"EntryPoint\",\"urlTemplate\":\"https:\\\/\\\/rosanacl.com\\\/ca\\\/?s={search_term_string}\"},\"query-input\":{\"@type\":\"PropertyValueSpecification\",\"valueRequired\":true,\"valueName\":\"search_term_string\"}}],\"inLanguage\":\"da-DK\"}]}<\/script>\n<!-- \/ Yoast SEO plugin. -->","yoast_head_json":{"title":"Pol\u00edtica de Cookies - Rosana CL","robots":{"index":"index","follow":"follow","max-snippet":"max-snippet:-1","max-image-preview":"max-image-preview:large","max-video-preview":"max-video-preview:-1"},"canonical":"https:\/\/rosanacl.com\/da\/politica-de-cookies\/","og_locale":"da_DK","og_type":"article","og_title":"Pol\u00edtica de Cookies - Rosana CL","og_description":"Esta pol\u00edtica de cookies fue actualizada por \u00faltima vez el 08\/01\/2024 y se aplica a los ciudadanos y residentes legales permanentes del Espacio Econ\u00f3mico Europeo y Suiza. 1. Introducci\u00f3n Nuestra web, https:\/\/rosanacl.com\/ (en adelante: \u00abla web\u00bb) utiliza cookies y otras tecnolog\u00edas relacionadas (para mayor comodidad, todas las tecnolog\u00edas se denominan \u00abcookies\u00bb). Las cookies tambi\u00e9n son [&hellip;]","og_url":"https:\/\/rosanacl.com\/da\/politica-de-cookies\/","og_site_name":"Rosana CL","article_modified_time":"2025-07-09T06:54:15+00:00","twitter_card":"summary_large_image","twitter_misc":{"Estimeret l\u00e6setid":"4 minutter"},"schema":{"@context":"https:\/\/schema.org","@graph":[{"@type":"WebPage","@id":"https:\/\/rosanacl.com\/eu\/politica-de-cookies\/","url":"https:\/\/rosanacl.com\/eu\/politica-de-cookies\/","name":"Pol\u00edtica de Cookies - Rosana CL","isPartOf":{"@id":"https:\/\/rosanacl.com\/ca\/#website"},"datePublished":"2025-03-28T18:59:16+00:00","dateModified":"2025-07-09T06:54:15+00:00","breadcrumb":{"@id":"https:\/\/rosanacl.com\/eu\/politica-de-cookies\/#breadcrumb"},"inLanguage":"da-DK","potentialAction":[{"@type":"ReadAction","target":["https:\/\/rosanacl.com\/eu\/politica-de-cookies\/"]}]},{"@type":"BreadcrumbList","@id":"https:\/\/rosanacl.com\/eu\/politica-de-cookies\/#breadcrumb","itemListElement":[{"@type":"ListItem","position":1,"name":"Portada","item":"https:\/\/rosanacl.com\/ca\/"},{"@type":"ListItem","position":2,"name":"Pol\u00edtica de Cookies"}]},{"@type":"WebSite","@id":"https:\/\/rosanacl.com\/ca\/#website","url":"https:\/\/rosanacl.com\/ca\/","name":"Rosana CL","description":"Vi er dit interi\u00f8r","potentialAction":[{"@type":"SearchAction","target":{"@type":"EntryPoint","urlTemplate":"https:\/\/rosanacl.com\/ca\/?s={search_term_string}"},"query-input":{"@type":"PropertyValueSpecification","valueRequired":true,"valueName":"search_term_string"}}],"inLanguage":"da-DK"}]}},"_links":{"self":[{"href":"https:\/\/rosanacl.com\/da\/wp-json\/wp\/v2\/pages\/16","targetHints":{"allow":["GET"]}}],"collection":[{"href":"https:\/\/rosanacl.com\/da\/wp-json\/wp\/v2\/pages"}],"about":[{"href":"https:\/\/rosanacl.com\/da\/wp-json\/wp\/v2\/types\/page"}],"author":[{"embeddable":true,"href":"https:\/\/rosanacl.com\/da\/wp-json\/wp\/v2\/users\/1"}],"replies":[{"embeddable":true,"href":"https:\/\/rosanacl.com\/da\/wp-json\/wp\/v2\/comments?post=16"}],"version-history":[{"count":0,"href":"https:\/\/rosanacl.com\/da\/wp-json\/wp\/v2\/pages\/16\/revisions"}],"wp:attachment":[{"href":"https:\/\/rosanacl.com\/da\/wp-json\/wp\/v2\/media?parent=16"}],"curies":[{"name":"wp","href":"https:\/\/api.w.org\/{rel}","templated":true}]}}