{"id":18,"date":"2025-03-28T16:03:06","date_gmt":"2025-03-28T19:03:06","guid":{"rendered":"https:\/\/innovacon.simplificandotuweb.com\/?page_id=18"},"modified":"2025-08-01T14:33:36","modified_gmt":"2025-08-01T12:33:36","slug":"aviso-legal","status":"publish","type":"page","link":"https:\/\/rosanacl.com\/da\/aviso-legal\/","title":{"rendered":"Juridisk meddelelse"},"content":{"rendered":"<div data-elementor-type=\"wp-page\" data-elementor-id=\"18\" class=\"elementor elementor-18\" data-elementor-post-type=\"page\">\n\t\t\t\t<div class=\"elementor-element elementor-element-1f18319 e-flex e-con-boxed e-con e-parent\" data-id=\"1f18319\" data-element_type=\"container\" data-e-type=\"container\" data-settings=\"{&quot;background_background&quot;:&quot;classic&quot;}\">\n\t\t\t\t\t<div class=\"e-con-inner\">\n\t\t<div class=\"elementor-element elementor-element-c2acaab e-con-full e-flex e-con e-child\" data-id=\"c2acaab\" data-element_type=\"container\" data-e-type=\"container\">\n\t\t\t\t<div class=\"elementor-element elementor-element-6f29856 elementor-widget elementor-widget-heading\" data-id=\"6f29856\" data-element_type=\"widget\" data-e-type=\"widget\" data-widget_type=\"heading.default\">\n\t\t\t\t<div class=\"elementor-widget-container\">\n\t\t\t\t\t<h2 class=\"elementor-heading-title elementor-size-default\">Juridisk meddelelse<\/h2>\t\t\t\t<\/div>\n\t\t\t\t<\/div>\n\t\t\t\t<\/div>\n\t\t\t\t\t<\/div>\n\t\t\t\t<\/div>\n\t\t<div class=\"elementor-element elementor-element-7b2ac5e6 e-flex e-con-boxed e-con e-parent\" data-id=\"7b2ac5e6\" data-element_type=\"container\" data-e-type=\"container\">\n\t\t\t\t\t<div class=\"e-con-inner\">\n\t\t\t\t<div class=\"elementor-element elementor-element-2e23d7df elementor-widget elementor-widget-text-editor\" data-id=\"2e23d7df\" data-element_type=\"widget\" data-e-type=\"widget\" data-widget_type=\"text-editor.default\">\n\t\t\t\t<div class=\"elementor-widget-container\">\n\t\t\t\t\t\t\t\t\t\n<p><strong>Dataansvarlig<\/strong><\/p>\n\n<p>I overensstemmelse med informationspligten fastsat i lov 34\/2002 af 11. juli om informationssamfundets tjenester og elektronisk handel, informerer vi dig om, at denne hjemmeside ejes af:<\/p>\n\n<ul class=\"wp-block-list\">\n<li>Firma: Pablo Angulo Maspons<\/li>\n<li>NIF: 73394866A<\/li>\n<li>Befolkning: Vinaroz, Spanien<\/li>\n<li>Telefon: 613395013<\/li>\n<li>Post: <a href=\"mailto:info@rosanacl.com\">info@rosanacl.com<\/a><a href=\"mailto:info@rosanacl.com\">\u00a0<\/a><\/li>\n<\/ul>\n\n<p><strong>Objekt<\/strong><\/p>\n\n<p>Den dataansvarlige stiller dette dokument til r\u00e5dighed for brugerne med det form\u00e5l at overholde bestemmelserne i g\u00e6ldende databeskyttelsesregler og inden for rammerne af de nye lovgivningsm\u00e6ssige rammer, der er fastsat i henhold til bestemmelserne i Europa-Parlamentets og R\u00e5dets forordning (EU) 2016\/679 af 27. april 2016 om beskyttelse af fysiske personer i forbindelse med behandling af personoplysninger og om fri udveksling af s\u00e5danne oplysninger (herefter &quot;GDPR&quot;) og nationale regler om beskyttelse af personoplysninger, samt informere alle brugere af webstedet om betingelserne for brugen heraf. Enhver person, der tilg\u00e5r dette websted, p\u00e5tager sig rollen som bruger og forpligter sig til at overholde og n\u00f8je overholde de heri fastsatte bestemmelser samt andre g\u00e6ldende lovbestemmelser. Den dataansvarlige forbeholder sig retten til at \u00e6ndre enhver form for information, der m\u00e5tte vises p\u00e5 webstedet, uden nogen forpligtelse til at underrette eller informere brugerne om disse forpligtelser, idet offentligg\u00f8relse p\u00e5 den dataansvarliges websted anses for tilstr\u00e6kkelig.<\/p>\n\n<p><strong>Ansvar<\/strong><\/p>\n\n<p>Den Dataansvarlige fraskriver sig ethvert ansvar, der m\u00e5tte opst\u00e5 som f\u00f8lge af oplysninger offentliggjort p\u00e5 dennes hjemmeside, forudsat at disse oplysninger er blevet manipuleret eller indtastet af en tredjepart, der ikke er den Dataansvarlige.<\/p>\n\n<p><strong>IP-adresser<\/strong><\/p>\n\n<p>Webstedets servere registrerer automatisk den IP-adresse og det dom\u00e6nenavn, som brugeren bruger. En IP-adresse er et nummer, der automatisk tildeles en computer, n\u00e5r den opretter forbindelse til internettet. Alle disse oplysninger registreres i en beh\u00f8rigt registreret serveraktivitetslog, som muligg\u00f8r efterf\u00f8lgende behandling af dataene for at opn\u00e5 rent statistiske m\u00e5linger s\u00e5som antallet af sidevisninger, antallet af bes\u00f8g p\u00e5 webserverne, r\u00e6kkef\u00f8lgen af bes\u00f8g, adgangspunkt osv.<\/p>\n\n<p><strong>Linkpolitik<\/strong><\/p>\n\n<p>Fra denne hjemmeside kan du blive omdirigeret til indhold p\u00e5 tredjepartswebsteder. Da den dataansvarlige ikke altid kan kontrollere indholdet, der l\u00e6gges ud af tredjeparter p\u00e5 deres websteder, p\u00e5tager den sig intet ansvar for s\u00e5dant indhold. Under alle omst\u00e6ndigheder erkl\u00e6rer den dataansvarlige, at den straks vil fjerne ethvert indhold, der kan kr\u00e6nke national eller international lovgivning, moral eller offentlig orden, og vil straks fjerne omdirigeringen til denne hjemmeside og underrette de kompetente myndigheder om det p\u00e5g\u00e6ldende indhold. Den dataansvarlige er ikke ansvarlig for de oplysninger og det lagrede indhold, herunder, men ikke begr\u00e6nset til, fora, chats, bloggeneratorer, kommentarer, sociale netv\u00e6rk eller andre midler, der giver tredjeparter mulighed for at offentligg\u00f8re indhold uafh\u00e6ngigt p\u00e5 den dataansvarliges hjemmeside. Imidlertid, og i overensstemmelse med bestemmelserne i art. 11 og 16 i LSSICE (spansk lov om informationssamfundets tjenester), stiller den dataansvarlige sig til r\u00e5dighed for alle brugere, myndigheder og sikkerhedsstyrker og samarbejder aktivt om at fjerne eller, hvor det er relevant, blokere alt indhold, der kan p\u00e5virke eller kr\u00e6nke national eller international lovgivning, tredjeparts rettigheder eller moral og offentlig orden. Hvis brugeren mener, at der er indhold p\u00e5 hjemmesiden, der kan klassificeres som s\u00e5dan, bedes du straks underrette hjemmesideadministratoren. Denne hjemmeside er blevet gennemg\u00e5et og testet for at sikre korrekt drift. I princippet kan korrekt drift garanteres 365 dage om \u00e5ret, 24 timer i d\u00f8gnet. Den dataansvarlige udelukker dog ikke muligheden for programmeringsfejl, eller muligheden for, at de kan blive \u00e5rsag til force majeure, naturkatastrofer, strejker eller lignende omst\u00e6ndigheder, der umuligg\u00f8r adgang til hjemmesiden.<\/p>\n\n<p><strong>Databeskyttelse<\/strong><\/p>\n\n<p>Den dataansvarlige er dybt forpligtet til at overholde bestemmelserne i g\u00e6ldende databeskyttelsesregler og inden for rammerne af det nye regels\u00e6t, der er fastsat i medf\u00f8r af bestemmelserne i Europa-Parlamentets og R\u00e5dets forordning (EU) 2016\/679 af 27. april 2016 om beskyttelse af fysiske personer i forbindelse med behandling af personoplysninger og om fri udveksling af s\u00e5danne oplysninger (herefter GDPR) og nationale regler om beskyttelse af personoplysninger. Ligeledes oplyser den dataansvarlige, at den overholder lov 34\/2002 af 11. juli om informationssamfundstjenester og elektronisk handel, og at den til enhver tid vil anmode om dit samtykke til behandling af dine data til kommercielle form\u00e5l.<\/p>\n\n<p><strong>Intellektuel og industriel ejendomsret<\/strong><\/p>\n\n<p>Hjemmesiden, herunder, men ikke begr\u00e6nset til, dens programmering, redigering, kompilering og andre elementer, der er n\u00f8dvendige for dens drift, design, logoer, tekst og\/eller grafik, tilh\u00f8rer den dataansvarlige eller har, hvor det er relevant, en licens eller udtrykkelig tilladelse fra forfatterne. Alt indhold p\u00e5 hjemmesiden er beh\u00f8rigt beskyttet af reglerne om intellektuel og industriel ejendomsret. Uanset det tilsigtede form\u00e5l kr\u00e6ver hel eller delvis reproduktion, brug, udnyttelse, distribution og markedsf\u00f8ring altid forudg\u00e5ende skriftlig tilladelse fra den dataansvarlige. Enhver brug, der ikke tidligere er godkendt af den dataansvarlige, vil blive betragtet som en alvorlig kr\u00e6nkelse af forfatterens intellektuelle eller industrielle ejendomsrettigheder. Design, logoer, tekst og\/eller grafik, der ikke tilh\u00f8rer l\u00e5ngiveren, og som m\u00e5tte vises p\u00e5 hjemmesiden, tilh\u00f8rer deres respektive ejere, som er ansvarlige for eventuelle tvister, der m\u00e5tte opst\u00e5 i forbindelse med dem. Under alle omst\u00e6ndigheder har den dataansvarlige deres udtrykkelige forudg\u00e5ende tilladelse. Den dataansvarlige bemyndiger udtrykkeligt tredjeparter til at omdirigere direkte til specifikt indhold p\u00e5 hjemmesiden, og i alle tilf\u00e6lde skal de omdirigere til den dataansvarliges hjemmeside. Den Dataansvarlige anerkender de tilsvarende intellektuelle og industrielle ejendomsrettigheder, der tilh\u00f8rer deres ejere, og deres blotte omtale eller optr\u00e6den p\u00e5 hjemmesiden indeb\u00e6rer ikke, at den Dataansvarlige har rettigheder eller ansvar for disse rettigheder, og det indeb\u00e6rer heller ikke st\u00f8tte, sponsorering eller anbefaling fra dem. For alle billeder, hvor designsoftwaren tillader det, er de tilsvarende referencer til ophavsretten og den tilsvarende licens inkluderet. For at frems\u00e6tte bem\u00e6rkninger vedr\u00f8rende mulige kr\u00e6nkelser af intellektuelle eller industrielle ejendomsrettigheder, samt indholdet p\u00e5 hjemmesiden, kan du g\u00f8re det via f\u00f8lgende e-mailadresse: <a href=\"mailto:info@rosanacl.com\">info@rosanacl.com<\/a><\/p>\n\n<p>\u00a0<\/p>\n\t\t\t\t\t\t\t\t<\/div>\n\t\t\t\t<\/div>\n\t\t\t\t\t<\/div>\n\t\t\t\t<\/div>\n\t\t\t\t<\/div>","protected":false},"excerpt":{"rendered":"<p>Responsable del tratamiento de los datos En cumplimiento del deber de informaci\u00f3n que establece la Ley La 34\/2002, de 11 de julio, de Servicios de la Sociedad de la Informaci\u00f3n y del Comercio Electr\u00f3nico, le comunicamos que esta web es titularidad de: Objeto El Responsable pone a disposici\u00f3n de los usuarios este documento con el [&hellip;]<\/p>\n","protected":false},"author":1,"featured_media":0,"parent":0,"menu_order":0,"comment_status":"closed","ping_status":"closed","template":"","meta":{"content-type":"","footnotes":""},"class_list":["post-18","page","type-page","status-publish","hentry"],"yoast_head":"<!-- This site is optimized with the Yoast SEO plugin v27.4 - https:\/\/yoast.com\/product\/yoast-seo-wordpress\/ -->\n<title>Aviso Legal - Rosana CL<\/title>\n<meta name=\"robots\" content=\"index, follow, max-snippet:-1, max-image-preview:large, max-video-preview:-1\" \/>\n<link rel=\"canonical\" href=\"https:\/\/rosanacl.com\/da\/aviso-legal\/\" \/>\n<meta property=\"og:locale\" content=\"da_DK\" \/>\n<meta property=\"og:type\" content=\"article\" \/>\n<meta property=\"og:title\" content=\"Aviso Legal - Rosana CL\" \/>\n<meta property=\"og:description\" content=\"Responsable del tratamiento de los datos En cumplimiento del deber de informaci\u00f3n que establece la Ley La 34\/2002, de 11 de julio, de Servicios de la Sociedad de la Informaci\u00f3n y del Comercio Electr\u00f3nico, le comunicamos que esta web es titularidad de: Objeto El Responsable pone a disposici\u00f3n de los usuarios este documento con el [&hellip;]\" \/>\n<meta property=\"og:url\" content=\"https:\/\/rosanacl.com\/da\/aviso-legal\/\" \/>\n<meta property=\"og:site_name\" content=\"Rosana CL\" \/>\n<meta property=\"article:modified_time\" content=\"2025-08-01T12:33:36+00:00\" \/>\n<meta name=\"twitter:card\" content=\"summary_large_image\" \/>\n<meta name=\"twitter:label1\" content=\"Estimeret l\u00e6setid\" \/>\n\t<meta name=\"twitter:data1\" content=\"6 minutter\" \/>\n<script type=\"application\/ld+json\" class=\"yoast-schema-graph\">{\"@context\":\"https:\\\/\\\/schema.org\",\"@graph\":[{\"@type\":\"WebPage\",\"@id\":\"https:\\\/\\\/rosanacl.com\\\/aviso-legal\\\/\",\"url\":\"https:\\\/\\\/rosanacl.com\\\/aviso-legal\\\/\",\"name\":\"Aviso Legal - Rosana CL\",\"isPartOf\":{\"@id\":\"https:\\\/\\\/rosanacl.com\\\/ca\\\/#website\"},\"datePublished\":\"2025-03-28T19:03:06+00:00\",\"dateModified\":\"2025-08-01T12:33:36+00:00\",\"breadcrumb\":{\"@id\":\"https:\\\/\\\/rosanacl.com\\\/aviso-legal\\\/#breadcrumb\"},\"inLanguage\":\"da-DK\",\"potentialAction\":[{\"@type\":\"ReadAction\",\"target\":[\"https:\\\/\\\/rosanacl.com\\\/aviso-legal\\\/\"]}]},{\"@type\":\"BreadcrumbList\",\"@id\":\"https:\\\/\\\/rosanacl.com\\\/aviso-legal\\\/#breadcrumb\",\"itemListElement\":[{\"@type\":\"ListItem\",\"position\":1,\"name\":\"Portada\",\"item\":\"https:\\\/\\\/rosanacl.com\\\/ca\\\/\"},{\"@type\":\"ListItem\",\"position\":2,\"name\":\"Aviso Legal\"}]},{\"@type\":\"WebSite\",\"@id\":\"https:\\\/\\\/rosanacl.com\\\/ca\\\/#website\",\"url\":\"https:\\\/\\\/rosanacl.com\\\/ca\\\/\",\"name\":\"Rosana CL\",\"description\":\"Somos tu interior\",\"potentialAction\":[{\"@type\":\"SearchAction\",\"target\":{\"@type\":\"EntryPoint\",\"urlTemplate\":\"https:\\\/\\\/rosanacl.com\\\/ca\\\/?s={search_term_string}\"},\"query-input\":{\"@type\":\"PropertyValueSpecification\",\"valueRequired\":true,\"valueName\":\"search_term_string\"}}],\"inLanguage\":\"da-DK\"}]}<\/script>\n<!-- \/ Yoast SEO plugin. -->","yoast_head_json":{"title":"Aviso Legal - Rosana CL","robots":{"index":"index","follow":"follow","max-snippet":"max-snippet:-1","max-image-preview":"max-image-preview:large","max-video-preview":"max-video-preview:-1"},"canonical":"https:\/\/rosanacl.com\/da\/aviso-legal\/","og_locale":"da_DK","og_type":"article","og_title":"Aviso Legal - Rosana CL","og_description":"Responsable del tratamiento de los datos En cumplimiento del deber de informaci\u00f3n que establece la Ley La 34\/2002, de 11 de julio, de Servicios de la Sociedad de la Informaci\u00f3n y del Comercio Electr\u00f3nico, le comunicamos que esta web es titularidad de: Objeto El Responsable pone a disposici\u00f3n de los usuarios este documento con el [&hellip;]","og_url":"https:\/\/rosanacl.com\/da\/aviso-legal\/","og_site_name":"Rosana CL","article_modified_time":"2025-08-01T12:33:36+00:00","twitter_card":"summary_large_image","twitter_misc":{"Estimeret l\u00e6setid":"6 minutter"},"schema":{"@context":"https:\/\/schema.org","@graph":[{"@type":"WebPage","@id":"https:\/\/rosanacl.com\/aviso-legal\/","url":"https:\/\/rosanacl.com\/aviso-legal\/","name":"Aviso Legal - Rosana CL","isPartOf":{"@id":"https:\/\/rosanacl.com\/ca\/#website"},"datePublished":"2025-03-28T19:03:06+00:00","dateModified":"2025-08-01T12:33:36+00:00","breadcrumb":{"@id":"https:\/\/rosanacl.com\/aviso-legal\/#breadcrumb"},"inLanguage":"da-DK","potentialAction":[{"@type":"ReadAction","target":["https:\/\/rosanacl.com\/aviso-legal\/"]}]},{"@type":"BreadcrumbList","@id":"https:\/\/rosanacl.com\/aviso-legal\/#breadcrumb","itemListElement":[{"@type":"ListItem","position":1,"name":"Portada","item":"https:\/\/rosanacl.com\/ca\/"},{"@type":"ListItem","position":2,"name":"Aviso Legal"}]},{"@type":"WebSite","@id":"https:\/\/rosanacl.com\/ca\/#website","url":"https:\/\/rosanacl.com\/ca\/","name":"Rosana CL","description":"Vi er dit interi\u00f8r","potentialAction":[{"@type":"SearchAction","target":{"@type":"EntryPoint","urlTemplate":"https:\/\/rosanacl.com\/ca\/?s={search_term_string}"},"query-input":{"@type":"PropertyValueSpecification","valueRequired":true,"valueName":"search_term_string"}}],"inLanguage":"da-DK"}]}},"_links":{"self":[{"href":"https:\/\/rosanacl.com\/da\/wp-json\/wp\/v2\/pages\/18","targetHints":{"allow":["GET"]}}],"collection":[{"href":"https:\/\/rosanacl.com\/da\/wp-json\/wp\/v2\/pages"}],"about":[{"href":"https:\/\/rosanacl.com\/da\/wp-json\/wp\/v2\/types\/page"}],"author":[{"embeddable":true,"href":"https:\/\/rosanacl.com\/da\/wp-json\/wp\/v2\/users\/1"}],"replies":[{"embeddable":true,"href":"https:\/\/rosanacl.com\/da\/wp-json\/wp\/v2\/comments?post=18"}],"version-history":[{"count":0,"href":"https:\/\/rosanacl.com\/da\/wp-json\/wp\/v2\/pages\/18\/revisions"}],"wp:attachment":[{"href":"https:\/\/rosanacl.com\/da\/wp-json\/wp\/v2\/media?parent=18"}],"curies":[{"name":"wp","href":"https:\/\/api.w.org\/{rel}","templated":true}]}}