{"id":2566,"date":"2025-07-01T12:13:48","date_gmt":"2025-07-01T10:13:48","guid":{"rendered":"https:\/\/rosanacl.com\/?page_id=2566"},"modified":"2025-12-14T20:43:04","modified_gmt":"2025-12-14T19:43:04","slug":"politica-de-envio","status":"publish","type":"page","link":"https:\/\/rosanacl.com\/da\/politica-de-envio\/","title":{"rendered":"Forsendelsespolitik"},"content":{"rendered":"<div data-elementor-type=\"wp-page\" data-elementor-id=\"2566\" class=\"elementor elementor-2566\" data-elementor-post-type=\"page\">\n\t\t\t\t<div class=\"elementor-element elementor-element-7a0b207 e-flex e-con-boxed e-con e-parent\" data-id=\"7a0b207\" data-element_type=\"container\" data-e-type=\"container\" data-settings=\"{&quot;background_background&quot;:&quot;classic&quot;}\">\n\t\t\t\t\t<div class=\"e-con-inner\">\n\t\t<div class=\"elementor-element elementor-element-2fcf4bc e-con-full e-flex e-con e-child\" data-id=\"2fcf4bc\" data-element_type=\"container\" data-e-type=\"container\">\n\t\t\t\t<div class=\"elementor-element elementor-element-d10b990 elementor-widget elementor-widget-heading\" data-id=\"d10b990\" data-element_type=\"widget\" data-e-type=\"widget\" data-widget_type=\"heading.default\">\n\t\t\t\t<div class=\"elementor-widget-container\">\n\t\t\t\t\t<h2 class=\"elementor-heading-title elementor-size-default\">Forsendelsespolitik<\/h2>\t\t\t\t<\/div>\n\t\t\t\t<\/div>\n\t\t\t\t<\/div>\n\t\t\t\t\t<\/div>\n\t\t\t\t<\/div>\n\t\t<div class=\"elementor-element elementor-element-eca30f2 e-flex e-con-boxed e-con e-parent\" data-id=\"eca30f2\" data-element_type=\"container\" data-e-type=\"container\">\n\t\t\t\t\t<div class=\"e-con-inner\">\n\t\t\t\t<div class=\"elementor-element elementor-element-8328658 elementor-widget elementor-widget-text-editor\" data-id=\"8328658\" data-element_type=\"widget\" data-e-type=\"widget\" data-widget_type=\"text-editor.default\">\n\t\t\t\t<div class=\"elementor-widget-container\">\n\t\t\t\t\t\t\t\t\t<p>Denne forsendelsespolitik blev sidst opdateret den 01\/07\/2025 og g\u00e6lder for alle k\u00f8b foretaget via vores hjemmeside: <a href=\"https:\/\/rosanacl.com\/da\/\">https:\/\/rosanacl.com\/<\/a><\/p>\n<p><!-- \/wp:paragraph --><!-- wp:paragraph --><\/p>\n<p data-start=\"261\" data-end=\"494\">I <strong data-start=\"264\" data-end=\"277\">Rosana CL<\/strong> Vi er forpligtet til at sikre, at din shoppingoplevelse er sikker, klar og tilfredsstillende fra det \u00f8jeblik, du modtager din ordre. Nedenfor forklarer vi alt, hvad du beh\u00f8ver at vide om vores forsendelse:<\/p>\n<p data-start=\"105\" data-end=\"384\"><strong data-start=\"105\" data-end=\"131\">1. Verdensomsp\u00e6ndende forsendelse<\/strong><br data-start=\"131\" data-end=\"134\">Vi sender internationalt til stort set alle lande. Uanset hvor du er, kan du afgive din ordre med fuld tillid. Vi samarbejder med p\u00e5lidelige logistikudbydere for at sikre, at dine produkter ankommer til tiden.<\/p>\n<p>Hos Rosana Cl h\u00e5ndterer vi hver ordre med omhu og professionalisme. Derfor samarbejder vi med MBE (Mail Boxes Etc.), en logistikvirksomhed med 2.800 centre i 52 lande, hvilket giver os mulighed for at tilbyde sikker og effektiv forsendelse b\u00e5de nationalt og internationalt. Ordrer leveres af velrenommerede transport\u00f8rer som:<\/p>\n<ul>\n<li>UPS<\/li>\n<li>SEUR<\/li>\n<li>TNT<\/li>\n<li>FEDEX<\/li>\n<li>CORREOS EXPRESS<\/li>\n<li>Osv.<\/li>\n<\/ul>\n<p>Alle vores produkter ankommer sikkert og hurtigt. Dette sikrer en omhyggelig og effektiv forsendelsesproces, der er designet til at give vores kunder den bedst mulige oplevelse.<\/p>\n<p data-start=\"105\" data-end=\"384\"><strong data-start=\"389\" data-end=\"417\">2. Ordrebehandling<\/strong><\/p>\n<p>Alle ordrer behandles, n\u00e5r betalingen er bekr\u00e6ftet.<br data-start=\"520\" data-end=\"523\"><strong data-start=\"523\" data-end=\"643\">Hvis ordren afgives om morgenen, vil den blive sendt om eftermiddagen. Hvis den afgives om eftermiddagen, vil den blive sendt den n\u00e6ste dag.<\/strong><br data-start=\"643\" data-end=\"646\">Under kampagner, udsalg eller andre s\u00e6rlige begivenheder kan behandlingstiderne v\u00e6re lidt l\u00e6ngere, men vi holder dig altid informeret.<\/p>\n<p data-start=\"809\" data-end=\"1090\"><strong data-start=\"809\" data-end=\"845\">3. Sporingsnummer<\/strong><br data-start=\"845\" data-end=\"848\">N\u00e5r din ordre er afsendt, sender vi dig et sporingsnummer via e-mail eller den kommunikationskanal, du brugte, da du k\u00f8bte.<br data-start=\"1014\" data-end=\"1017\">Du kan f\u00f8lge status p\u00e5 din forsendelse til enhver tid, indtil du modtager den.<\/p>\n<p data-start=\"809\" data-end=\"1090\"><strong data-start=\"1095\" data-end=\"1127\">4. Forventede leveringstider<\/strong><\/p>\n<p data-start=\"1095\" data-end=\"1291\">Leveringstiderne kan variere afh\u00e6ngigt af destinationslandet, den valgte forsendelsesmetode og andre eksterne faktorer (vejr, told osv.). Til reference:<\/p>\n<ul data-start=\"1293\" data-end=\"1530\">\n<li data-start=\"1293\" data-end=\"1342\">\n<p data-start=\"1295\" data-end=\"1342\">Indenrigsforsendelse: <strong data-start=\"1314\" data-end=\"1340\">24 til 48 arbejdstimer.<\/strong><\/p>\n<\/li>\n<li data-start=\"1343\" data-end=\"1434\">\n<p data-start=\"1345\" data-end=\"1434\">International forsendelse inden for Europa: <strong data-start=\"1386\" data-end=\"1408\">4 til 6 hverdage<\/strong>, til lands eller i luften.<\/p>\n<\/li>\n<li data-start=\"1435\" data-end=\"1530\">\n<p data-start=\"1437\" data-end=\"1530\">International forsendelse uden for Europa (resten af verden): <strong data-start=\"1495\" data-end=\"1518\">8 til 10 hverdage<\/strong>, luftveje.<\/p>\n<\/li>\n<\/ul>\n<p>Forsendelsesservicen inkluderer to leveringsfors\u00f8g i l\u00f8bet af dagen eller den f\u00f8lgende dag. Hvis levering ikke kan ske p\u00e5 grund af manglende eller ukorrekte oplysninger, eller p\u00e5 grund af modtagerens frav\u00e6r, vil en tredje levering blive foretaget til et n\u00e6rliggende afhentningssted.<\/p>\n<p>Hvis kunden ikke afhenter produktet inden for 10 dage, vil pakken blive returneret til det lager, vi samarbejder med hos Rosana CL, som vil fratr\u00e6kke de afholdte forsendelses- og returneringsomkostninger.&nbsp;<\/p>\n<p data-start=\"1437\" data-end=\"1530\"><strong>5. Forsendelsesomkostninger<\/strong><\/p>\n<p data-start=\"1535\" data-end=\"1779\">Forsendelsesomkostningerne beregnes ved kassen baseret p\u00e5 leveringsadressen og pakkens v\u00e6gt. Ved s\u00e6rlige lejligheder tilbyder vi gratis fragt til bestemte lande eller p\u00e5 ordrer over et vist bel\u00f8b.<\/p>\n<p data-start=\"1535\" data-end=\"1779\">For ordrer over \u20ac59 er fragt gratis, kun inden for fastlandet.<\/p>\n<p data-start=\"1535\" data-end=\"1779\">Hvis ordren skal g\u00e5 igennem told, vil eventuelle yderligere skatter, afgifter eller gebyrer v\u00e6re kundens ansvar.&nbsp;<\/p>\n<p><strong data-start=\"1784\" data-end=\"1815\">6. Told og lokale skatter<\/strong><br data-start=\"1815\" data-end=\"1818\">For internationale forsendelser kan nogle lande opkr\u00e6ve skatter eller told. Disse gebyrer er kundens ansvar og er ikke inkluderet i produktprisen eller forsendelsesomkostningerne.<\/p>\n<p data-start=\"1784\" data-end=\"2026\"><strong data-start=\"2031\" data-end=\"2059\">7. Problemer med levering<\/strong><\/p>\n<p>Hvis din pakke er forsinket eller der er problemer, kan du kontakte os direkte, s\u00e5 hj\u00e6lper vi dig med at l\u00f8se det hurtigst muligt.<\/p>\n<p>Hvis du har sp\u00f8rgsm\u00e5l eller har brug for hj\u00e6lp til din forsendelse, er du velkommen til at kontakte os via vores kontaktformular eller via e-mail: &nbsp;<a href=\"mailto:info@rosanacl.com\">info@rosanacl.com<\/a><br data-start=\"2620\" data-end=\"2623\">Tak fordi du har tillid til os <strong data-start=\"2646\" data-end=\"2659\">Rosana CL<\/strong>.<\/p>\n<h4><b>BEM\u00c6RK: Vi informerer vores kunder om, at der p\u00e5 grund af vores leverand\u00f8rvirksomheds ferieperiode kan v\u00e6re forsinkelser i leverancer og lagerbeholdning i august m\u00e5ned.<\/b><\/h4>\t\t\t\t\t\t\t\t<\/div>\n\t\t\t\t<\/div>\n\t\t\t\t\t<\/div>\n\t\t\t\t<\/div>\n\t\t\t\t<\/div>","protected":false},"excerpt":{"rendered":"<p>Esta pol\u00edtica de env\u00edos fue actualizada por \u00faltima vez el 01\/07\/2025 y se aplica a todas las compras realizadas a trav\u00e9s de nuestra web: https:\/\/rosanacl.com\/ En Rosana CL nos comprometemos a que tu experiencia de compra sea segura, clara y satisfactoria desde el primer momento hasta que recibas tu pedido. A continuaci\u00f3n, te explicamos todo [&hellip;]<\/p>\n","protected":false},"author":1,"featured_media":0,"parent":0,"menu_order":0,"comment_status":"closed","ping_status":"closed","template":"","meta":{"content-type":"","footnotes":""},"class_list":["post-2566","page","type-page","status-publish","hentry"],"yoast_head":"<!-- This site is optimized with the Yoast SEO plugin v27.4 - https:\/\/yoast.com\/product\/yoast-seo-wordpress\/ -->\n<title>Pol\u00edtica de Env\u00edo - Rosana CL<\/title>\n<meta name=\"robots\" content=\"index, follow, max-snippet:-1, max-image-preview:large, max-video-preview:-1\" \/>\n<link rel=\"canonical\" href=\"https:\/\/rosanacl.com\/da\/politica-de-envio\/\" \/>\n<meta property=\"og:locale\" content=\"da_DK\" \/>\n<meta property=\"og:type\" content=\"article\" \/>\n<meta property=\"og:title\" content=\"Pol\u00edtica de Env\u00edo - Rosana CL\" \/>\n<meta property=\"og:description\" content=\"Esta pol\u00edtica de env\u00edos fue actualizada por \u00faltima vez el 01\/07\/2025 y se aplica a todas las compras realizadas a trav\u00e9s de nuestra web: https:\/\/rosanacl.com\/ En Rosana CL nos comprometemos a que tu experiencia de compra sea segura, clara y satisfactoria desde el primer momento hasta que recibas tu pedido. A continuaci\u00f3n, te explicamos todo [&hellip;]\" \/>\n<meta property=\"og:url\" content=\"https:\/\/rosanacl.com\/da\/politica-de-envio\/\" \/>\n<meta property=\"og:site_name\" content=\"Rosana CL\" \/>\n<meta property=\"article:modified_time\" content=\"2025-12-14T19:43:04+00:00\" \/>\n<meta name=\"twitter:card\" content=\"summary_large_image\" \/>\n<meta name=\"twitter:label1\" content=\"Estimeret l\u00e6setid\" \/>\n\t<meta name=\"twitter:data1\" content=\"4 minutter\" \/>\n<script type=\"application\/ld+json\" class=\"yoast-schema-graph\">{\"@context\":\"https:\\\/\\\/schema.org\",\"@graph\":[{\"@type\":\"WebPage\",\"@id\":\"https:\\\/\\\/rosanacl.com\\\/uk\\\/politica-de-envio\\\/\",\"url\":\"https:\\\/\\\/rosanacl.com\\\/uk\\\/politica-de-envio\\\/\",\"name\":\"Pol\u00edtica de Env\u00edo - Rosana CL\",\"isPartOf\":{\"@id\":\"https:\\\/\\\/rosanacl.com\\\/ca\\\/#website\"},\"datePublished\":\"2025-07-01T10:13:48+00:00\",\"dateModified\":\"2025-12-14T19:43:04+00:00\",\"breadcrumb\":{\"@id\":\"https:\\\/\\\/rosanacl.com\\\/uk\\\/politica-de-envio\\\/#breadcrumb\"},\"inLanguage\":\"da-DK\",\"potentialAction\":[{\"@type\":\"ReadAction\",\"target\":[\"https:\\\/\\\/rosanacl.com\\\/uk\\\/politica-de-envio\\\/\"]}]},{\"@type\":\"BreadcrumbList\",\"@id\":\"https:\\\/\\\/rosanacl.com\\\/uk\\\/politica-de-envio\\\/#breadcrumb\",\"itemListElement\":[{\"@type\":\"ListItem\",\"position\":1,\"name\":\"Portada\",\"item\":\"https:\\\/\\\/rosanacl.com\\\/ca\\\/\"},{\"@type\":\"ListItem\",\"position\":2,\"name\":\"Pol\u00edtica de Env\u00edo\"}]},{\"@type\":\"WebSite\",\"@id\":\"https:\\\/\\\/rosanacl.com\\\/ca\\\/#website\",\"url\":\"https:\\\/\\\/rosanacl.com\\\/ca\\\/\",\"name\":\"Rosana CL\",\"description\":\"Somos tu interior\",\"potentialAction\":[{\"@type\":\"SearchAction\",\"target\":{\"@type\":\"EntryPoint\",\"urlTemplate\":\"https:\\\/\\\/rosanacl.com\\\/ca\\\/?s={search_term_string}\"},\"query-input\":{\"@type\":\"PropertyValueSpecification\",\"valueRequired\":true,\"valueName\":\"search_term_string\"}}],\"inLanguage\":\"da-DK\"}]}<\/script>\n<!-- \/ Yoast SEO plugin. -->","yoast_head_json":{"title":"Pol\u00edtica de Env\u00edo - Rosana CL","robots":{"index":"index","follow":"follow","max-snippet":"max-snippet:-1","max-image-preview":"max-image-preview:large","max-video-preview":"max-video-preview:-1"},"canonical":"https:\/\/rosanacl.com\/da\/politica-de-envio\/","og_locale":"da_DK","og_type":"article","og_title":"Pol\u00edtica de Env\u00edo - Rosana CL","og_description":"Esta pol\u00edtica de env\u00edos fue actualizada por \u00faltima vez el 01\/07\/2025 y se aplica a todas las compras realizadas a trav\u00e9s de nuestra web: https:\/\/rosanacl.com\/ En Rosana CL nos comprometemos a que tu experiencia de compra sea segura, clara y satisfactoria desde el primer momento hasta que recibas tu pedido. A continuaci\u00f3n, te explicamos todo [&hellip;]","og_url":"https:\/\/rosanacl.com\/da\/politica-de-envio\/","og_site_name":"Rosana CL","article_modified_time":"2025-12-14T19:43:04+00:00","twitter_card":"summary_large_image","twitter_misc":{"Estimeret l\u00e6setid":"4 minutter"},"schema":{"@context":"https:\/\/schema.org","@graph":[{"@type":"WebPage","@id":"https:\/\/rosanacl.com\/uk\/politica-de-envio\/","url":"https:\/\/rosanacl.com\/uk\/politica-de-envio\/","name":"Pol\u00edtica de Env\u00edo - Rosana CL","isPartOf":{"@id":"https:\/\/rosanacl.com\/ca\/#website"},"datePublished":"2025-07-01T10:13:48+00:00","dateModified":"2025-12-14T19:43:04+00:00","breadcrumb":{"@id":"https:\/\/rosanacl.com\/uk\/politica-de-envio\/#breadcrumb"},"inLanguage":"da-DK","potentialAction":[{"@type":"ReadAction","target":["https:\/\/rosanacl.com\/uk\/politica-de-envio\/"]}]},{"@type":"BreadcrumbList","@id":"https:\/\/rosanacl.com\/uk\/politica-de-envio\/#breadcrumb","itemListElement":[{"@type":"ListItem","position":1,"name":"Portada","item":"https:\/\/rosanacl.com\/ca\/"},{"@type":"ListItem","position":2,"name":"Pol\u00edtica de Env\u00edo"}]},{"@type":"WebSite","@id":"https:\/\/rosanacl.com\/ca\/#website","url":"https:\/\/rosanacl.com\/ca\/","name":"Rosana CL","description":"Vi er dit interi\u00f8r","potentialAction":[{"@type":"SearchAction","target":{"@type":"EntryPoint","urlTemplate":"https:\/\/rosanacl.com\/ca\/?s={search_term_string}"},"query-input":{"@type":"PropertyValueSpecification","valueRequired":true,"valueName":"search_term_string"}}],"inLanguage":"da-DK"}]}},"_links":{"self":[{"href":"https:\/\/rosanacl.com\/da\/wp-json\/wp\/v2\/pages\/2566","targetHints":{"allow":["GET"]}}],"collection":[{"href":"https:\/\/rosanacl.com\/da\/wp-json\/wp\/v2\/pages"}],"about":[{"href":"https:\/\/rosanacl.com\/da\/wp-json\/wp\/v2\/types\/page"}],"author":[{"embeddable":true,"href":"https:\/\/rosanacl.com\/da\/wp-json\/wp\/v2\/users\/1"}],"replies":[{"embeddable":true,"href":"https:\/\/rosanacl.com\/da\/wp-json\/wp\/v2\/comments?post=2566"}],"version-history":[{"count":6,"href":"https:\/\/rosanacl.com\/da\/wp-json\/wp\/v2\/pages\/2566\/revisions"}],"predecessor-version":[{"id":4647,"href":"https:\/\/rosanacl.com\/da\/wp-json\/wp\/v2\/pages\/2566\/revisions\/4647"}],"wp:attachment":[{"href":"https:\/\/rosanacl.com\/da\/wp-json\/wp\/v2\/media?parent=2566"}],"curies":[{"name":"wp","href":"https:\/\/api.w.org\/{rel}","templated":true}]}}