{"id":2879,"date":"2025-07-18T11:08:52","date_gmt":"2025-07-18T09:08:52","guid":{"rendered":"https:\/\/rosanacl.com\/?page_id=2879"},"modified":"2025-07-25T08:11:47","modified_gmt":"2025-07-25T06:11:47","slug":"mejor-sujetador-sin-tirantes-para-pecho-grande","status":"publish","type":"page","link":"https:\/\/rosanacl.com\/da\/mejor-sujetador-sin-tirantes-para-pecho-grande\/","title":{"rendered":"Den bedste stropl\u00f8se bh til store bryster"},"content":{"rendered":"<div data-elementor-type=\"wp-page\" data-elementor-id=\"2879\" class=\"elementor elementor-2879\" data-elementor-post-type=\"page\">\n\t\t\t\t<div class=\"elementor-element elementor-element-171998c7 e-flex e-con-boxed e-con e-parent\" data-id=\"171998c7\" data-element_type=\"container\" data-e-type=\"container\">\n\t\t\t\t\t<div class=\"e-con-inner\">\n\t\t\t\t<div class=\"elementor-element elementor-element-6575351f elementor-widget elementor-widget-text-editor\" data-id=\"6575351f\" data-element_type=\"widget\" data-e-type=\"widget\" data-widget_type=\"text-editor.default\">\n\t\t\t\t<div class=\"elementor-widget-container\">\n\t\t\t\t\t\t\t\t\t\n<p><\/p>\n\n\n\n<p><\/p>\n\t\t\t\t\t\t\t\t<\/div>\n\t\t\t\t<\/div>\n\t\t\t\t\t<\/div>\n\t\t\t\t<\/div>\n\t\t<div class=\"elementor-element elementor-element-cf7d341 e-flex e-con-boxed e-con e-parent\" data-id=\"cf7d341\" data-element_type=\"container\" data-e-type=\"container\">\n\t\t\t\t\t<div class=\"e-con-inner\">\n\t\t\t\t<div class=\"elementor-element elementor-element-1f1d080 elementor-widget elementor-widget-heading\" data-id=\"1f1d080\" data-element_type=\"widget\" data-e-type=\"widget\" data-widget_type=\"heading.default\">\n\t\t\t\t<div class=\"elementor-widget-container\">\n\t\t\t\t\t<h2 class=\"elementor-heading-title elementor-size-default\">Den bedste stropl\u00f8se bh til store bryster<\/h2>\t\t\t\t<\/div>\n\t\t\t\t<\/div>\n\t\t\t\t\t<\/div>\n\t\t\t\t<\/div>\n\t\t<div class=\"elementor-element elementor-element-dc1921d e-flex e-con-boxed e-con e-parent\" data-id=\"dc1921d\" data-element_type=\"container\" data-e-type=\"container\">\n\t\t\t\t\t<div class=\"e-con-inner\">\n\t\t<div class=\"elementor-element elementor-element-d19616f e-con-full e-flex e-con e-child\" data-id=\"d19616f\" data-element_type=\"container\" data-e-type=\"container\">\n\t\t\t\t<div class=\"elementor-element elementor-element-8ba1404 elementor-widget elementor-widget-text-editor\" data-id=\"8ba1404\" data-element_type=\"widget\" data-e-type=\"widget\" data-widget_type=\"text-editor.default\">\n\t\t\t\t<div class=\"elementor-widget-container\">\n\t\t\t\t\t\t\t\t\t<h3 data-start=\"437\" data-end=\"547\">Den bedste stropl\u00f8se bh til store bryster: S\u00e5dan finder du den ideelle balance mellem st\u00f8tte og stil<\/h3>\n<p data-start=\"549\" data-end=\"1062\">Find <strong data-start=\"562\" data-end=\"612\">bedste stropl\u00f8se bh til store bryster<\/strong> Det kan virke som en skr\u00e6mmende opgave, is\u00e6r n\u00e5r mange m\u00e6rker prioriterer design frem for funktionalitet. Kvinder med fyldigere barmer har brug for mere end et attraktivt bekl\u00e6dningsgenstand: de \u00f8nsker reel st\u00f8tte, bev\u00e6gelsesfrihed og komfort hele dagen. En stropl\u00f8s bh til st\u00f8rre bryster skal v\u00e6re pr\u00e6cist designet med strategiske forst\u00e6rkninger og materialer af h\u00f8j kvalitet, der sikrer stabilitet uden at ofre stil.<\/p>\n<p data-start=\"1064\" data-end=\"1473\">I den forstand har Rosana CL etableret sig som en national standard inden for korsetarbejde til kvinder. Med mere end 40 \u00e5rs erfaring i branchen forst\u00e5r denne specialbutik sine kunders reelle behov. Derfor fokuserer deres katalog p\u00e5 effektive og elegante l\u00f8sninger, s\u00e5som <strong data-start=\"1357\" data-end=\"1407\">bedste stropl\u00f8se bh til store bryster<\/strong> der virkelig virker: ingen fald, ingen m\u00e6rker, intet ubehag.<\/p>\t\t\t\t\t\t\t\t<\/div>\n\t\t\t\t<\/div>\n\t\t\t\t<\/div>\n\t\t<div class=\"elementor-element elementor-element-5568f8b e-con-full e-flex e-con e-child\" data-id=\"5568f8b\" data-element_type=\"container\" data-e-type=\"container\">\n\t\t\t\t<div class=\"elementor-element elementor-element-980debe elementor-widget elementor-widget-image\" data-id=\"980debe\" data-element_type=\"widget\" data-e-type=\"widget\" data-widget_type=\"image.default\">\n\t\t\t\t<div class=\"elementor-widget-container\">\n\t\t\t\t\t\t\t\t\t\t\t\t\t\t\t<img fetchpriority=\"high\" decoding=\"async\" width=\"800\" height=\"566\" src=\"https:\/\/rosanacl.com\/wp-content\/uploads\/2025\/07\/sujetador-reductor-1024x724.jpg\" class=\"attachment-large size-large wp-image-2865\" alt=\"\" srcset=\"https:\/\/rosanacl.com\/wp-content\/uploads\/2025\/07\/sujetador-reductor-1024x724.jpg 1024w, https:\/\/rosanacl.com\/wp-content\/uploads\/2025\/07\/sujetador-reductor-300x212.jpg 300w, https:\/\/rosanacl.com\/wp-content\/uploads\/2025\/07\/sujetador-reductor-768x543.jpg 768w, https:\/\/rosanacl.com\/wp-content\/uploads\/2025\/07\/sujetador-reductor-1536x1086.jpg 1536w, https:\/\/rosanacl.com\/wp-content\/uploads\/2025\/07\/sujetador-reductor-18x12.jpg 18w, https:\/\/rosanacl.com\/wp-content\/uploads\/2025\/07\/sujetador-reductor-600x424.jpg 600w, https:\/\/rosanacl.com\/wp-content\/uploads\/2025\/07\/sujetador-reductor.jpg 2000w\" sizes=\"(max-width: 800px) 100vw, 800px\" \/>\t\t\t\t\t\t\t\t\t\t\t\t\t\t\t<\/div>\n\t\t\t\t<\/div>\n\t\t\t\t<\/div>\n\t\t\t\t\t<\/div>\n\t\t\t\t<\/div>\n\t\t<div class=\"elementor-element elementor-element-5e380fb e-flex e-con-boxed e-con e-parent\" data-id=\"5e380fb\" data-element_type=\"container\" data-e-type=\"container\">\n\t\t\t\t\t<div class=\"e-con-inner\">\n\t\t<div class=\"elementor-element elementor-element-a763375 e-con-full e-flex e-con e-child\" data-id=\"a763375\" data-element_type=\"container\" data-e-type=\"container\">\n\t\t\t\t<div class=\"elementor-element elementor-element-a8aecc4 elementor-widget elementor-widget-image\" data-id=\"a8aecc4\" data-element_type=\"widget\" data-e-type=\"widget\" data-widget_type=\"image.default\">\n\t\t\t\t<div class=\"elementor-widget-container\">\n\t\t\t\t\t\t\t\t\t\t\t\t\t\t\t<img decoding=\"async\" width=\"589\" height=\"750\" src=\"https:\/\/rosanacl.com\/wp-content\/uploads\/2025\/05\/3-2-804x1024.png\" class=\"attachment-large size-large wp-image-2153\" alt=\"\" srcset=\"https:\/\/rosanacl.com\/wp-content\/uploads\/2025\/05\/3-2-804x1024.png 804w, https:\/\/rosanacl.com\/wp-content\/uploads\/2025\/05\/3-2-9x12.png 9w, https:\/\/rosanacl.com\/wp-content\/uploads\/2025\/05\/3-2-235x300.png 235w, https:\/\/rosanacl.com\/wp-content\/uploads\/2025\/05\/3-2-768x979.png 768w, https:\/\/rosanacl.com\/wp-content\/uploads\/2025\/05\/3-2-600x765.png 600w, https:\/\/rosanacl.com\/wp-content\/uploads\/2025\/05\/3-2.png 1046w\" sizes=\"(max-width: 589px) 100vw, 589px\" \/>\t\t\t\t\t\t\t\t\t\t\t\t\t\t\t<\/div>\n\t\t\t\t<\/div>\n\t\t\t\t<\/div>\n\t\t<div class=\"elementor-element elementor-element-b02b1e9 e-con-full e-flex e-con e-child\" data-id=\"b02b1e9\" data-element_type=\"container\" data-e-type=\"container\">\n\t\t\t\t<div class=\"elementor-element elementor-element-e25a6f0 elementor-widget elementor-widget-text-editor\" data-id=\"e25a6f0\" data-element_type=\"widget\" data-e-type=\"widget\" data-widget_type=\"text-editor.default\">\n\t\t\t\t<div class=\"elementor-widget-container\">\n\t\t\t\t\t\t\t\t\t<h3 data-start=\"1475\" data-end=\"1553\">Hvorfor Rosana CL tilbyder den bedste stropl\u00f8se bh til store bryster<\/h3>\n<p data-start=\"1555\" data-end=\"2061\">Forskellen mellem en almindelig stropl\u00f8s bh og en <strong data-start=\"1612\" data-end=\"1662\">bedste stropl\u00f8se bh til store bryster<\/strong> Det ligger i detaljerne. Hos Rosana CL arbejder vi udelukkende med <strong data-start=\"1726\" data-end=\"1736\">Selene<\/strong>, et f\u00f8rende spansk m\u00e6rke, der producerer sine produkter i Spanien og kombinerer funktionelt design med en raffineret \u00e6stetik. Hver stropl\u00f8s model, de tilbyder, er testet og udvalgt til at give fast st\u00f8tte, selv for st\u00f8rre st\u00f8rrelser, takket v\u00e6re dens indre struktur, brede b\u00e5nd og forst\u00e6rkede sk\u00e5le.<\/p>\n<p data-start=\"2063\" data-end=\"2464\">Kvinder med store bryster undg\u00e5r ofte denne type bh&#039;er af frygt for, at de glider eller ikke fungerer som de skal. Modellerne hos Rosana CL er dog specielt designet til at tilpasse sig kroppen uden at g\u00e5 p\u00e5 kompromis med stabiliteten. Da de er slankere, tilbyder de desuden en mere afbalanceret og flatterende visuel effekt, der hj\u00e6lper med at definere silhuetten uden overdrevent pres.<\/p>\n<p data-start=\"2466\" data-end=\"2811\">Rosana CL-teamet tilbyder ogs\u00e5 personlig r\u00e5dgivning, der hj\u00e6lper dig med at v\u00e6lge den ideelle st\u00f8rrelse og stil. Det handler ikke kun om at s\u00e6lge et bekl\u00e6dningsgenstand, men ogs\u00e5 om at sikre, at den rent faktisk fungerer for dig. Onlinebutikken indeholder detaljerede guider, anbefalinger og direkte support til at besvare eventuelle sp\u00f8rgsm\u00e5l under k\u00f8bsprocessen.<\/p>\n<h3 data-start=\"2813\" data-end=\"2900\">K\u00f8b den bedste stropl\u00f8se bh til store bryster med selvtillid og komfort<\/h3>\n<p data-start=\"2902\" data-end=\"3375\">Hvis du leder efter <strong data-start=\"2923\" data-end=\"2973\">bedste stropl\u00f8se bh til store bryster<\/strong>Rosana CL er det rette sted. Uanset om du har brug for et stykke t\u00f8j til en s\u00e6rlig lejlighed eller til almindelig brug, finder du her de rigtige muligheder, der opfylder dine behov: design, st\u00f8tte og holdbarhed. Takket v\u00e6re deres onlinebutik kan du afgive din ordre hjemmefra, velvidende at du k\u00f8ber et gennempr\u00f8vet stykke t\u00f8j, fremstillet i Spanien og udvalgt af lingerieksperter.<\/p>\t\t\t\t\t\t\t\t<\/div>\n\t\t\t\t<\/div>\n\t\t\t\t<\/div>\n\t\t\t\t\t<\/div>\n\t\t\t\t<\/div>\n\t\t<div class=\"elementor-element elementor-element-495e863 e-flex e-con-boxed e-con e-parent\" data-id=\"495e863\" data-element_type=\"container\" data-e-type=\"container\">\n\t\t\t\t\t<div class=\"e-con-inner\">\n\t\t\t\t<div class=\"elementor-element elementor-element-fe47ba3 elementor-widget elementor-widget-text-editor\" data-id=\"fe47ba3\" data-element_type=\"widget\" data-e-type=\"widget\" data-widget_type=\"text-editor.default\">\n\t\t\t\t<div class=\"elementor-widget-container\">\n\t\t\t\t\t\t\t\t\t<p data-start=\"3377\" data-end=\"3645\">Derudover er Rosana CL forpligtet til at tilbyde venlig service, en nem k\u00f8bsproces og hurtig levering. Hver eneste detalje i deres service er designet til at sikre, at dit k\u00f8b er det bedste. <strong data-start=\"3541\" data-end=\"3591\">bedste stropl\u00f8se bh til store bryster<\/strong> v\u00e6re en positiv, afg\u00f8rende og behagelig oplevelse.<\/p>\n<p data-start=\"3647\" data-end=\"3879\">Fordi det at have det godt starter indefra. Og en god bh, en der tilpasser sig din krop og ikke omvendt, kan g\u00f8re hele forskellen. Bes\u00f8g Rosana CL og se, hvorfor s\u00e5 mange kvinder allerede stoler p\u00e5 hendes erfaring og professionalisme.<\/p>\t\t\t\t\t\t\t\t<\/div>\n\t\t\t\t<\/div>\n\t\t\t\t\t<\/div>\n\t\t\t\t<\/div>\n\t\t<div class=\"elementor-element elementor-element-d05ed3a e-flex e-con-boxed e-con e-parent\" data-id=\"d05ed3a\" data-element_type=\"container\" data-e-type=\"container\">\n\t\t\t\t\t<div class=\"e-con-inner\">\n\t\t\t\t<div class=\"elementor-element elementor-element-b883e86 elementor-widget elementor-widget-heading\" data-id=\"b883e86\" data-element_type=\"widget\" data-e-type=\"widget\" data-widget_type=\"heading.default\">\n\t\t\t\t<div class=\"elementor-widget-container\">\n\t\t\t\t\t<h2 class=\"elementor-heading-title elementor-size-default\">Kontakt os <\/h2>\t\t\t\t<\/div>\n\t\t\t\t<\/div>\n\t\t\t\t\t<\/div>\n\t\t\t\t<\/div>\n\t\t<div class=\"elementor-element elementor-element-00e20e2 e-flex e-con-boxed e-con e-parent\" data-id=\"00e20e2\" data-element_type=\"container\" data-e-type=\"container\">\n\t\t\t\t\t<div class=\"e-con-inner\">\n\t\t<div class=\"elementor-element elementor-element-8ad8f7b e-con-full e-flex e-con e-child\" data-id=\"8ad8f7b\" data-element_type=\"container\" data-e-type=\"container\">\n\t\t\t\t<div class=\"elementor-element elementor-element-888944a elementor-widget__width-initial elementor-widget elementor-widget-elementskit-contact-form7\" data-id=\"888944a\" data-element_type=\"widget\" data-e-type=\"widget\" data-widget_type=\"elementskit-contact-form7.default\">\n\t\t\t\t<div class=\"elementor-widget-container\">\n\t\t\t\t\t<div class=\"ekit-wid-con\" ><div class=\"ekit-form\">\n<div class=\"wpcf7 no-js\" id=\"wpcf7-f48-o1\" lang=\"es-ES\" dir=\"ltr\" data-wpcf7-id=\"48\">\n<div class=\"screen-reader-response\"><p role=\"status\" aria-live=\"polite\" aria-atomic=\"true\"><\/p> <ul><\/ul><\/div>\n<form action=\"\/de\/wp-json\/wp\/v2\/pages\/2879#wpcf7-f48-o1\" method=\"post\" class=\"wpcf7-form init\" aria-label=\"Kontaktformular\" novalidate=\"novalidate\" data-status=\"init\" data-trp-original-action=\"\/de\/wp-json\/wp\/v2\/pages\/2879#wpcf7-f48-o1\">\n<fieldset class=\"hidden-fields-container\"><input type=\"hidden\" name=\"_wpcf7\" value=\"48\" \/><input type=\"hidden\" name=\"_wpcf7_version\" value=\"6.1.5\" \/><input type=\"hidden\" name=\"_wpcf7_locale\" value=\"es_ES\" \/><input type=\"hidden\" name=\"_wpcf7_unit_tag\" value=\"wpcf7-f48-o1\" \/><input type=\"hidden\" name=\"_wpcf7_container_post\" value=\"0\" \/><input type=\"hidden\" name=\"_wpcf7_posted_data_hash\" value=\"\" \/><input type=\"hidden\" name=\"_wpcf7_recaptcha_response\" value=\"\" \/>\n<\/fieldset>\n<div class=\"form-row\">\n\t<div class=\"form-column\">\n\t\t<p><span class=\"wpcf7-form-control-wrap\" data-name=\"nombre\"><input size=\"40\" maxlength=\"400\" class=\"wpcf7-form-control wpcf7-text wpcf7-validates-as-required\" aria-required=\"true\" aria-invalid=\"false\" placeholder=\"Navn\" value=\"\" type=\"text\" name=\"nombre\" \/><\/span>\n\t\t<\/p>\n\t<\/div>\n\t<div class=\"form-column\">\n\t\t<p><span class=\"wpcf7-form-control-wrap\" data-name=\"telefono\"><input size=\"40\" maxlength=\"400\" class=\"wpcf7-form-control wpcf7-tel wpcf7-validates-as-required wpcf7-text wpcf7-validates-as-tel\" aria-required=\"true\" aria-invalid=\"false\" placeholder=\"Telefon *\" value=\"\" type=\"tel\" name=\"telefono\" \/><\/span>\n\t\t<\/p>\n\t<\/div>\n<\/div>\n<div class=\"form-row\">\n\t<div class=\"form-column\">\n\t\t<p><span class=\"wpcf7-form-control-wrap\" data-name=\"email\"><input size=\"40\" maxlength=\"400\" class=\"wpcf7-form-control wpcf7-email wpcf7-validates-as-required wpcf7-text wpcf7-validates-as-email\" aria-required=\"true\" aria-invalid=\"false\" placeholder=\"E-mail *\" value=\"\" type=\"email\" name=\"email\" \/><\/span>\n\t\t<\/p>\n\t<\/div>\n\t<div class=\"form-column\">\n\t\t<p><span class=\"wpcf7-form-control-wrap\" data-name=\"asunto\"><input size=\"40\" maxlength=\"400\" class=\"wpcf7-form-control wpcf7-text wpcf7-validates-as-required\" aria-required=\"true\" aria-invalid=\"false\" placeholder=\"Aff\u00e6re *\" value=\"\" type=\"text\" name=\"asunto\" \/><\/span>\n\t\t<\/p>\n\t<\/div>\n<\/div>\n<p><span class=\"wpcf7-form-control-wrap\" data-name=\"mensaje\"><textarea cols=\"40\" rows=\"10\" maxlength=\"2000\" class=\"wpcf7-form-control wpcf7-textarea wpcf7-validates-as-required\" aria-required=\"true\" aria-invalid=\"false\" placeholder=\"Besked\" name=\"mensaje\"><\/textarea><\/span>\n<\/p>\n<p class=\"legal-priv\"><span class=\"wpcf7-form-control-wrap\" data-name=\"acceptance-787\"><span class=\"wpcf7-form-control wpcf7-acceptance\"><span class=\"wpcf7-list-item\"><label><input type=\"checkbox\" name=\"acceptance-787\" value=\"1\" aria-invalid=\"false\" \/><span class=\"wpcf7-list-item-label\">Jeg har l\u00e6st og accepterer <a href=\"https:\/\/rosanacl.com\/da\/politica-de-privacidad\/\">Privatlivspolitik<\/a><\/span><\/label><\/span><\/span><\/span>\n<\/p>\n<p><input class=\"wpcf7-form-control wpcf7-submit has-spinner\" type=\"submit\" value=\"SEND BESKED\" \/>\n<\/p><div class=\"wpcf7-response-output\" aria-hidden=\"true\"><\/div>\n<input type=\"hidden\" name=\"trp-form-language\" value=\"da\"\/><\/form>\n<\/div>\n<\/div><\/div>\t\t\t\t<\/div>\n\t\t\t\t<\/div>\n\t\t\t\t<\/div>\n\t\t\t\t\t<\/div>\n\t\t\t\t<\/div>\n\t\t\t\t<\/div>","protected":false},"excerpt":{"rendered":"<p>Mejor sujetador sin tirantes para pecho grande Mejor sujetador sin tirantes para pecho grande: c\u00f3mo encontrar el equilibrio ideal entre sujeci\u00f3n y estilo Encontrar el mejor sujetador sin tirantes para pecho grande puede parecer una tarea complicada, especialmente cuando muchas marcas priorizan el dise\u00f1o sobre la funcionalidad. Las mujeres con busto generoso necesitan m\u00e1s que [&hellip;]<\/p>\n","protected":false},"author":1,"featured_media":0,"parent":0,"menu_order":0,"comment_status":"closed","ping_status":"closed","template":"","meta":{"content-type":"","footnotes":""},"class_list":["post-2879","page","type-page","status-publish","hentry"],"yoast_head":"<!-- This site is optimized with the Yoast SEO plugin v27.4 - https:\/\/yoast.com\/product\/yoast-seo-wordpress\/ -->\n<title>Mejor sujetador sin tirantes para pecho grande - Rosana CL<\/title>\n<meta name=\"robots\" content=\"index, follow, max-snippet:-1, max-image-preview:large, max-video-preview:-1\" \/>\n<link rel=\"canonical\" href=\"https:\/\/rosanacl.com\/da\/mejor-sujetador-sin-tirantes-para-pecho-grande\/\" \/>\n<meta property=\"og:locale\" content=\"da_DK\" \/>\n<meta property=\"og:type\" content=\"article\" \/>\n<meta property=\"og:title\" content=\"Mejor sujetador sin tirantes para pecho grande - Rosana CL\" \/>\n<meta property=\"og:description\" content=\"Mejor sujetador sin tirantes para pecho grande Mejor sujetador sin tirantes para pecho grande: c\u00f3mo encontrar el equilibrio ideal entre sujeci\u00f3n y estilo Encontrar el mejor sujetador sin tirantes para pecho grande puede parecer una tarea complicada, especialmente cuando muchas marcas priorizan el dise\u00f1o sobre la funcionalidad. Las mujeres con busto generoso necesitan m\u00e1s que [&hellip;]\" \/>\n<meta property=\"og:url\" content=\"https:\/\/rosanacl.com\/da\/mejor-sujetador-sin-tirantes-para-pecho-grande\/\" \/>\n<meta property=\"og:site_name\" content=\"Rosana CL\" \/>\n<meta property=\"article:modified_time\" content=\"2025-07-25T06:11:47+00:00\" \/>\n<meta property=\"og:image\" content=\"https:\/\/rosanacl.com\/wp-content\/uploads\/2025\/07\/sujetador-reductor.jpg\" \/>\n\t<meta property=\"og:image:width\" content=\"2000\" \/>\n\t<meta property=\"og:image:height\" content=\"1414\" \/>\n\t<meta property=\"og:image:type\" content=\"image\/jpeg\" \/>\n<meta name=\"twitter:card\" content=\"summary_large_image\" \/>\n<meta name=\"twitter:label1\" content=\"Estimeret l\u00e6setid\" \/>\n\t<meta name=\"twitter:data1\" content=\"3 minutter\" \/>\n<script type=\"application\/ld+json\" class=\"yoast-schema-graph\">{\"@context\":\"https:\\\/\\\/schema.org\",\"@graph\":[{\"@type\":\"WebPage\",\"@id\":\"https:\\\/\\\/rosanacl.com\\\/mejor-sujetador-sin-tirantes-para-pecho-grande\\\/\",\"url\":\"https:\\\/\\\/rosanacl.com\\\/mejor-sujetador-sin-tirantes-para-pecho-grande\\\/\",\"name\":\"Mejor sujetador sin tirantes para pecho grande - Rosana CL\",\"isPartOf\":{\"@id\":\"https:\\\/\\\/rosanacl.com\\\/ca\\\/#website\"},\"primaryImageOfPage\":{\"@id\":\"https:\\\/\\\/rosanacl.com\\\/mejor-sujetador-sin-tirantes-para-pecho-grande\\\/#primaryimage\"},\"image\":{\"@id\":\"https:\\\/\\\/rosanacl.com\\\/mejor-sujetador-sin-tirantes-para-pecho-grande\\\/#primaryimage\"},\"thumbnailUrl\":\"https:\\\/\\\/rosanacl.com\\\/wp-content\\\/uploads\\\/2025\\\/07\\\/sujetador-reductor-1024x724.jpg\",\"datePublished\":\"2025-07-18T09:08:52+00:00\",\"dateModified\":\"2025-07-25T06:11:47+00:00\",\"breadcrumb\":{\"@id\":\"https:\\\/\\\/rosanacl.com\\\/mejor-sujetador-sin-tirantes-para-pecho-grande\\\/#breadcrumb\"},\"inLanguage\":\"da-DK\",\"potentialAction\":[{\"@type\":\"ReadAction\",\"target\":[\"https:\\\/\\\/rosanacl.com\\\/mejor-sujetador-sin-tirantes-para-pecho-grande\\\/\"]}]},{\"@type\":\"ImageObject\",\"inLanguage\":\"da-DK\",\"@id\":\"https:\\\/\\\/rosanacl.com\\\/mejor-sujetador-sin-tirantes-para-pecho-grande\\\/#primaryimage\",\"url\":\"https:\\\/\\\/rosanacl.com\\\/wp-content\\\/uploads\\\/2025\\\/07\\\/sujetador-reductor-1024x724.jpg\",\"contentUrl\":\"https:\\\/\\\/rosanacl.com\\\/wp-content\\\/uploads\\\/2025\\\/07\\\/sujetador-reductor-1024x724.jpg\"},{\"@type\":\"BreadcrumbList\",\"@id\":\"https:\\\/\\\/rosanacl.com\\\/mejor-sujetador-sin-tirantes-para-pecho-grande\\\/#breadcrumb\",\"itemListElement\":[{\"@type\":\"ListItem\",\"position\":1,\"name\":\"Portada\",\"item\":\"https:\\\/\\\/rosanacl.com\\\/ca\\\/\"},{\"@type\":\"ListItem\",\"position\":2,\"name\":\"Mejor sujetador sin tirantes para pecho grande\"}]},{\"@type\":\"WebSite\",\"@id\":\"https:\\\/\\\/rosanacl.com\\\/ca\\\/#website\",\"url\":\"https:\\\/\\\/rosanacl.com\\\/ca\\\/\",\"name\":\"Rosana CL\",\"description\":\"Somos tu interior\",\"potentialAction\":[{\"@type\":\"SearchAction\",\"target\":{\"@type\":\"EntryPoint\",\"urlTemplate\":\"https:\\\/\\\/rosanacl.com\\\/ca\\\/?s={search_term_string}\"},\"query-input\":{\"@type\":\"PropertyValueSpecification\",\"valueRequired\":true,\"valueName\":\"search_term_string\"}}],\"inLanguage\":\"da-DK\"}]}<\/script>\n<!-- \/ Yoast SEO plugin. -->","yoast_head_json":{"title":"Mejor sujetador sin tirantes para pecho grande - Rosana CL","robots":{"index":"index","follow":"follow","max-snippet":"max-snippet:-1","max-image-preview":"max-image-preview:large","max-video-preview":"max-video-preview:-1"},"canonical":"https:\/\/rosanacl.com\/da\/mejor-sujetador-sin-tirantes-para-pecho-grande\/","og_locale":"da_DK","og_type":"article","og_title":"Mejor sujetador sin tirantes para pecho grande - Rosana CL","og_description":"Mejor sujetador sin tirantes para pecho grande Mejor sujetador sin tirantes para pecho grande: c\u00f3mo encontrar el equilibrio ideal entre sujeci\u00f3n y estilo Encontrar el mejor sujetador sin tirantes para pecho grande puede parecer una tarea complicada, especialmente cuando muchas marcas priorizan el dise\u00f1o sobre la funcionalidad. Las mujeres con busto generoso necesitan m\u00e1s que [&hellip;]","og_url":"https:\/\/rosanacl.com\/da\/mejor-sujetador-sin-tirantes-para-pecho-grande\/","og_site_name":"Rosana CL","article_modified_time":"2025-07-25T06:11:47+00:00","og_image":[{"width":2000,"height":1414,"url":"https:\/\/rosanacl.com\/wp-content\/uploads\/2025\/07\/sujetador-reductor.jpg","type":"image\/jpeg"}],"twitter_card":"summary_large_image","twitter_misc":{"Estimeret l\u00e6setid":"3 minutter"},"schema":{"@context":"https:\/\/schema.org","@graph":[{"@type":"WebPage","@id":"https:\/\/rosanacl.com\/mejor-sujetador-sin-tirantes-para-pecho-grande\/","url":"https:\/\/rosanacl.com\/mejor-sujetador-sin-tirantes-para-pecho-grande\/","name":"Mejor sujetador sin tirantes para pecho grande - Rosana CL","isPartOf":{"@id":"https:\/\/rosanacl.com\/ca\/#website"},"primaryImageOfPage":{"@id":"https:\/\/rosanacl.com\/mejor-sujetador-sin-tirantes-para-pecho-grande\/#primaryimage"},"image":{"@id":"https:\/\/rosanacl.com\/mejor-sujetador-sin-tirantes-para-pecho-grande\/#primaryimage"},"thumbnailUrl":"https:\/\/rosanacl.com\/wp-content\/uploads\/2025\/07\/sujetador-reductor-1024x724.jpg","datePublished":"2025-07-18T09:08:52+00:00","dateModified":"2025-07-25T06:11:47+00:00","breadcrumb":{"@id":"https:\/\/rosanacl.com\/mejor-sujetador-sin-tirantes-para-pecho-grande\/#breadcrumb"},"inLanguage":"da-DK","potentialAction":[{"@type":"ReadAction","target":["https:\/\/rosanacl.com\/mejor-sujetador-sin-tirantes-para-pecho-grande\/"]}]},{"@type":"ImageObject","inLanguage":"da-DK","@id":"https:\/\/rosanacl.com\/mejor-sujetador-sin-tirantes-para-pecho-grande\/#primaryimage","url":"https:\/\/rosanacl.com\/wp-content\/uploads\/2025\/07\/sujetador-reductor-1024x724.jpg","contentUrl":"https:\/\/rosanacl.com\/wp-content\/uploads\/2025\/07\/sujetador-reductor-1024x724.jpg"},{"@type":"BreadcrumbList","@id":"https:\/\/rosanacl.com\/mejor-sujetador-sin-tirantes-para-pecho-grande\/#breadcrumb","itemListElement":[{"@type":"ListItem","position":1,"name":"Portada","item":"https:\/\/rosanacl.com\/ca\/"},{"@type":"ListItem","position":2,"name":"Mejor sujetador sin tirantes para pecho grande"}]},{"@type":"WebSite","@id":"https:\/\/rosanacl.com\/ca\/#website","url":"https:\/\/rosanacl.com\/ca\/","name":"Rosana CL","description":"Vi er dit interi\u00f8r","potentialAction":[{"@type":"SearchAction","target":{"@type":"EntryPoint","urlTemplate":"https:\/\/rosanacl.com\/ca\/?s={search_term_string}"},"query-input":{"@type":"PropertyValueSpecification","valueRequired":true,"valueName":"search_term_string"}}],"inLanguage":"da-DK"}]}},"_links":{"self":[{"href":"https:\/\/rosanacl.com\/da\/wp-json\/wp\/v2\/pages\/2879","targetHints":{"allow":["GET"]}}],"collection":[{"href":"https:\/\/rosanacl.com\/da\/wp-json\/wp\/v2\/pages"}],"about":[{"href":"https:\/\/rosanacl.com\/da\/wp-json\/wp\/v2\/types\/page"}],"author":[{"embeddable":true,"href":"https:\/\/rosanacl.com\/da\/wp-json\/wp\/v2\/users\/1"}],"replies":[{"embeddable":true,"href":"https:\/\/rosanacl.com\/da\/wp-json\/wp\/v2\/comments?post=2879"}],"version-history":[{"count":0,"href":"https:\/\/rosanacl.com\/da\/wp-json\/wp\/v2\/pages\/2879\/revisions"}],"wp:attachment":[{"href":"https:\/\/rosanacl.com\/da\/wp-json\/wp\/v2\/media?parent=2879"}],"curies":[{"name":"wp","href":"https:\/\/api.w.org\/{rel}","templated":true}]}}