{"id":31,"date":"2025-03-28T16:10:30","date_gmt":"2025-03-28T19:10:30","guid":{"rendered":"https:\/\/innovacon.simplificandotuweb.com\/?page_id=31"},"modified":"2025-07-09T08:56:36","modified_gmt":"2025-07-09T06:56:36","slug":"politica-de-privacidad","status":"publish","type":"page","link":"https:\/\/rosanacl.com\/da\/politica-de-privacidad\/","title":{"rendered":"Privatlivspolitik"},"content":{"rendered":"<div data-elementor-type=\"wp-page\" data-elementor-id=\"31\" class=\"elementor elementor-31\" data-elementor-post-type=\"page\">\n\t\t\t\t<div class=\"elementor-element elementor-element-1ca8157 e-flex e-con-boxed e-con e-parent\" data-id=\"1ca8157\" data-element_type=\"container\" data-e-type=\"container\" data-settings=\"{&quot;background_background&quot;:&quot;classic&quot;}\">\n\t\t\t\t\t<div class=\"e-con-inner\">\n\t\t<div class=\"elementor-element elementor-element-ee95924 e-con-full e-flex e-con e-child\" data-id=\"ee95924\" data-element_type=\"container\" data-e-type=\"container\">\n\t\t\t\t<div class=\"elementor-element elementor-element-fbdd061 elementor-widget elementor-widget-heading\" data-id=\"fbdd061\" data-element_type=\"widget\" data-e-type=\"widget\" data-widget_type=\"heading.default\">\n\t\t\t\t<div class=\"elementor-widget-container\">\n\t\t\t\t\t<h2 class=\"elementor-heading-title elementor-size-default\">Privatlivspolitik<\/h2>\t\t\t\t<\/div>\n\t\t\t\t<\/div>\n\t\t\t\t<\/div>\n\t\t\t\t\t<\/div>\n\t\t\t\t<\/div>\n\t\t<div class=\"elementor-element elementor-element-5a8dd38e e-flex e-con-boxed e-con e-parent\" data-id=\"5a8dd38e\" data-element_type=\"container\" data-e-type=\"container\">\n\t\t\t\t\t<div class=\"e-con-inner\">\n\t\t\t\t<div class=\"elementor-element elementor-element-6ea5a565 elementor-widget elementor-widget-text-editor\" data-id=\"6ea5a565\" data-element_type=\"widget\" data-e-type=\"widget\" data-widget_type=\"text-editor.default\">\n\t\t\t\t<div class=\"elementor-widget-container\">\n\t\t\t\t\t\t\t\t\t\n<p><strong>1.- INFORMATION TIL BRUGEREN<\/strong><\/p>\n\n<p>Hjemmesiden informerer brugerne af hjemmesiden om sin politik vedr\u00f8rende behandling og beskyttelse af brugeres og kunders personoplysninger, der kan blive anmodet om ved browserbes\u00f8g p\u00e5 hjemmesiden.<\/p>\n\n<p>Hjemmesiden er ansvarlig for behandlingen af brugerens personoplysninger, og derfor gives f\u00f8lgende oplysninger vedr\u00f8rende behandlingen af dine data:<\/p>\n\n<p><strong>Kriterier for dataopbevaring:<\/strong>\u00a0De afgivne personoplysninger vil blive opbevaret, indtil den interesserede part anmoder om suspension af dataene, ud\u00f8ver sine rettigheder over dataene og under alle omst\u00e6ndigheder i overensstemmelse med g\u00e6ldende lovbestemte for\u00e6ldelsesfrister.<\/p>\n\n<p><strong>Interesserede parters rettigheder:<\/strong><\/p>\n\n<p>Ret til at tr\u00e6kke dit samtykke tilbage n\u00e5r som helst.<br \/>Retten til at f\u00e5 adgang til, berigtige, slette og overf\u00f8re dine data, samt til at begr\u00e6nse eller mods\u00e6tte sig behandlingen af disse, samt til ikke at v\u00e6re underlagt automatiserede individuelle afg\u00f8relser.<\/p>\n\n<p><strong>Kontaktoplysninger for at ud\u00f8ve dine rettigheder:<\/strong><\/p>\n\n<p>Du skal korrekt identificere dig selv og tydeligt anmode om retten til at ud\u00f8ve motion.<\/p>\n\n<ul class=\"wp-block-list\">\n<li>Firma: Pablo Angulo Maspons<\/li>\n<li>Befolkning: Vinaroz, Spanien<\/li>\n<li>Telefon: 613395013<\/li>\n<li>Post: <a class=\"css-1rn59kg\" title=\"info@rosanacl.com\" href=\"mailto:info@rosanacl.com\" data-testid=\"link-with-safety\" data-renderer-mark=\"true\">info@rosanacl.com\u00a0<\/a><\/li>\n<\/ul>\n\n<p><strong>2.- OPLYSNINGER LEVERET AF BRUGEREN<\/strong><\/p>\n\n<p>Hvis du er under 18 \u00e5r, er det ikke tilladt at bruge formularer p\u00e5 vores hjemmeside.<\/p>\n\n<p>Ved at indtaste deres data i kontaktformularerne eller indsende dem i downloadformularer accepterer brugerne udtrykkeligt, frit og utvetydigt, at deres data er n\u00f8dvendige for, at den dataansvarlige kan behandle deres anmodning. Medtagelsen af data i de resterende felter er frivillig.<\/p>\n\n<p>Brugeren garanterer, at de afgivne personoplysninger er sande, og er ansvarlig for at meddele eventuelle \u00e6ndringer.<\/p>\n\n<p>Alle data, der anmodes om via hjemmesiden, er n\u00f8dvendige for at give brugeren en optimal service. Hvis alle data ikke angives, er der ingen garanti for, at de oplysninger og tjenester, der leveres af den dataansvarlige, er fuldt ud skr\u00e6ddersyet til deres behov.<\/p>\n\n<p><strong>3.- SIKKERHEDSFORANSTALTNINGER<\/strong><\/p>\n\n<p>At den dataansvarlige i overensstemmelse med bestemmelserne i g\u00e6ldende regler om beskyttelse af personoplysninger overholder alle bestemmelser i GDPR og LOPD-reglerne for behandling af personoplysninger under dennes ansvar, at disse behandles lovligt, rimeligt og transparent i forhold til den registrerede, og at de er tilstr\u00e6kkelige, relevante og begr\u00e6nsede til, hvad der er n\u00f8dvendigt i forhold til de form\u00e5l, hvortil de behandles.<\/p>\n\n<p>Den dataansvarlige garanterer, at denne har implementeret passende tekniske og organisatoriske politikker til at anvende de sikkerhedsforanstaltninger, der er fastsat i GDPR og LOPD, for at beskytte brugernes rettigheder og friheder, og at denne har givet dem de relevante oplysninger, s\u00e5 de kan ud\u00f8ve dem.<\/p>\n\n<p><strong>4.- SIKKERHEDSBRUD<\/strong><\/p>\n\n<p>Den dataansvarlige vil rapportere ethvert sikkerhedsbrud, der p\u00e5virker den database, der anvendes af dette websted, eller nogen af vores tredjepartstjenester, til hver enkelt person, hvis data kan v\u00e6re blevet p\u00e5virket, og til myndighederne inden for 72 timer efter, at bruddet er opdaget.<\/p>\n\n<p><strong>G\u00c6LDENDE LOVGIVNING OG JURISDIKTION<\/strong><\/p>\n\n<p>Spansk lov finder anvendelse ved l\u00f8sning af alle tvister eller problemer vedr\u00f8rende denne hjemmeside eller de aktiviteter, der udf\u00f8res herp\u00e5, hvilket parterne udtrykkeligt accepterer. Barcelonas domstole og tribunaler har jurisdiktion til at l\u00f8se alle konflikter, der opst\u00e5r som f\u00f8lge af eller i forbindelse med brugen af denne hjemmeside.<\/p>\n\n<p>\u00a0<\/p>\n\t\t\t\t\t\t\t\t<\/div>\n\t\t\t\t<\/div>\n\t\t\t\t\t<\/div>\n\t\t\t\t<\/div>\n\t\t\t\t<\/div>","protected":false},"excerpt":{"rendered":"<p>1.- INFORMACI\u00d3N AL USUARIO El sitio web informa a los usuarios del sitio web sobre su pol\u00edtica respecto al tratamiento y protecci\u00f3n de los datos de car\u00e1cter personal de los usuarios y clientes que puedan ser solicitados por la navegaci\u00f3n a trav\u00e9s de su sitio web. El sitio web es el Responsable del tratamiento de [&hellip;]<\/p>\n","protected":false},"author":1,"featured_media":0,"parent":0,"menu_order":0,"comment_status":"closed","ping_status":"closed","template":"","meta":{"content-type":"","footnotes":""},"class_list":["post-31","page","type-page","status-publish","hentry"],"yoast_head":"<!-- This site is optimized with the Yoast SEO plugin v27.4 - https:\/\/yoast.com\/product\/yoast-seo-wordpress\/ -->\n<title>Pol\u00edtica de Privacidad - Rosana CL<\/title>\n<meta name=\"robots\" content=\"index, follow, max-snippet:-1, max-image-preview:large, max-video-preview:-1\" \/>\n<link rel=\"canonical\" href=\"https:\/\/rosanacl.com\/da\/politica-de-privacidad\/\" \/>\n<meta property=\"og:locale\" content=\"da_DK\" \/>\n<meta property=\"og:type\" content=\"article\" \/>\n<meta property=\"og:title\" content=\"Pol\u00edtica de Privacidad - Rosana CL\" \/>\n<meta property=\"og:description\" content=\"1.- INFORMACI\u00d3N AL USUARIO El sitio web informa a los usuarios del sitio web sobre su pol\u00edtica respecto al tratamiento y protecci\u00f3n de los datos de car\u00e1cter personal de los usuarios y clientes que puedan ser solicitados por la navegaci\u00f3n a trav\u00e9s de su sitio web. El sitio web es el Responsable del tratamiento de [&hellip;]\" \/>\n<meta property=\"og:url\" content=\"https:\/\/rosanacl.com\/da\/politica-de-privacidad\/\" \/>\n<meta property=\"og:site_name\" content=\"Rosana CL\" \/>\n<meta property=\"article:modified_time\" content=\"2025-07-09T06:56:36+00:00\" \/>\n<meta name=\"twitter:card\" content=\"summary_large_image\" \/>\n<meta name=\"twitter:label1\" content=\"Estimeret l\u00e6setid\" \/>\n\t<meta name=\"twitter:data1\" content=\"3 minutter\" \/>\n<script type=\"application\/ld+json\" class=\"yoast-schema-graph\">{\"@context\":\"https:\\\/\\\/schema.org\",\"@graph\":[{\"@type\":\"WebPage\",\"@id\":\"https:\\\/\\\/rosanacl.com\\\/politica-de-privacidad\\\/\",\"url\":\"https:\\\/\\\/rosanacl.com\\\/politica-de-privacidad\\\/\",\"name\":\"Pol\u00edtica de Privacidad - Rosana CL\",\"isPartOf\":{\"@id\":\"https:\\\/\\\/rosanacl.com\\\/ca\\\/#website\"},\"datePublished\":\"2025-03-28T19:10:30+00:00\",\"dateModified\":\"2025-07-09T06:56:36+00:00\",\"breadcrumb\":{\"@id\":\"https:\\\/\\\/rosanacl.com\\\/politica-de-privacidad\\\/#breadcrumb\"},\"inLanguage\":\"da-DK\",\"potentialAction\":[{\"@type\":\"ReadAction\",\"target\":[\"https:\\\/\\\/rosanacl.com\\\/politica-de-privacidad\\\/\"]}]},{\"@type\":\"BreadcrumbList\",\"@id\":\"https:\\\/\\\/rosanacl.com\\\/politica-de-privacidad\\\/#breadcrumb\",\"itemListElement\":[{\"@type\":\"ListItem\",\"position\":1,\"name\":\"Portada\",\"item\":\"https:\\\/\\\/rosanacl.com\\\/ca\\\/\"},{\"@type\":\"ListItem\",\"position\":2,\"name\":\"Pol\u00edtica de Privacidad\"}]},{\"@type\":\"WebSite\",\"@id\":\"https:\\\/\\\/rosanacl.com\\\/ca\\\/#website\",\"url\":\"https:\\\/\\\/rosanacl.com\\\/ca\\\/\",\"name\":\"Rosana CL\",\"description\":\"Somos tu interior\",\"potentialAction\":[{\"@type\":\"SearchAction\",\"target\":{\"@type\":\"EntryPoint\",\"urlTemplate\":\"https:\\\/\\\/rosanacl.com\\\/ca\\\/?s={search_term_string}\"},\"query-input\":{\"@type\":\"PropertyValueSpecification\",\"valueRequired\":true,\"valueName\":\"search_term_string\"}}],\"inLanguage\":\"da-DK\"}]}<\/script>\n<!-- \/ Yoast SEO plugin. -->","yoast_head_json":{"title":"Pol\u00edtica de Privacidad - Rosana CL","robots":{"index":"index","follow":"follow","max-snippet":"max-snippet:-1","max-image-preview":"max-image-preview:large","max-video-preview":"max-video-preview:-1"},"canonical":"https:\/\/rosanacl.com\/da\/politica-de-privacidad\/","og_locale":"da_DK","og_type":"article","og_title":"Pol\u00edtica de Privacidad - Rosana CL","og_description":"1.- INFORMACI\u00d3N AL USUARIO El sitio web informa a los usuarios del sitio web sobre su pol\u00edtica respecto al tratamiento y protecci\u00f3n de los datos de car\u00e1cter personal de los usuarios y clientes que puedan ser solicitados por la navegaci\u00f3n a trav\u00e9s de su sitio web. El sitio web es el Responsable del tratamiento de [&hellip;]","og_url":"https:\/\/rosanacl.com\/da\/politica-de-privacidad\/","og_site_name":"Rosana CL","article_modified_time":"2025-07-09T06:56:36+00:00","twitter_card":"summary_large_image","twitter_misc":{"Estimeret l\u00e6setid":"3 minutter"},"schema":{"@context":"https:\/\/schema.org","@graph":[{"@type":"WebPage","@id":"https:\/\/rosanacl.com\/politica-de-privacidad\/","url":"https:\/\/rosanacl.com\/politica-de-privacidad\/","name":"Pol\u00edtica de Privacidad - Rosana CL","isPartOf":{"@id":"https:\/\/rosanacl.com\/ca\/#website"},"datePublished":"2025-03-28T19:10:30+00:00","dateModified":"2025-07-09T06:56:36+00:00","breadcrumb":{"@id":"https:\/\/rosanacl.com\/politica-de-privacidad\/#breadcrumb"},"inLanguage":"da-DK","potentialAction":[{"@type":"ReadAction","target":["https:\/\/rosanacl.com\/politica-de-privacidad\/"]}]},{"@type":"BreadcrumbList","@id":"https:\/\/rosanacl.com\/politica-de-privacidad\/#breadcrumb","itemListElement":[{"@type":"ListItem","position":1,"name":"Portada","item":"https:\/\/rosanacl.com\/ca\/"},{"@type":"ListItem","position":2,"name":"Pol\u00edtica de Privacidad"}]},{"@type":"WebSite","@id":"https:\/\/rosanacl.com\/ca\/#website","url":"https:\/\/rosanacl.com\/ca\/","name":"Rosana CL","description":"Vi er dit interi\u00f8r","potentialAction":[{"@type":"SearchAction","target":{"@type":"EntryPoint","urlTemplate":"https:\/\/rosanacl.com\/ca\/?s={search_term_string}"},"query-input":{"@type":"PropertyValueSpecification","valueRequired":true,"valueName":"search_term_string"}}],"inLanguage":"da-DK"}]}},"_links":{"self":[{"href":"https:\/\/rosanacl.com\/da\/wp-json\/wp\/v2\/pages\/31","targetHints":{"allow":["GET"]}}],"collection":[{"href":"https:\/\/rosanacl.com\/da\/wp-json\/wp\/v2\/pages"}],"about":[{"href":"https:\/\/rosanacl.com\/da\/wp-json\/wp\/v2\/types\/page"}],"author":[{"embeddable":true,"href":"https:\/\/rosanacl.com\/da\/wp-json\/wp\/v2\/users\/1"}],"replies":[{"embeddable":true,"href":"https:\/\/rosanacl.com\/da\/wp-json\/wp\/v2\/comments?post=31"}],"version-history":[{"count":0,"href":"https:\/\/rosanacl.com\/da\/wp-json\/wp\/v2\/pages\/31\/revisions"}],"wp:attachment":[{"href":"https:\/\/rosanacl.com\/da\/wp-json\/wp\/v2\/media?parent=31"}],"curies":[{"name":"wp","href":"https:\/\/api.w.org\/{rel}","templated":true}]}}