{"id":1198,"date":"2025-04-30T01:02:17","date_gmt":"2025-04-29T23:02:17","guid":{"rendered":"https:\/\/rosanacl.com\/?post_type=product&#038;p=1198"},"modified":"2026-01-07T20:28:57","modified_gmt":"2026-01-07T19:28:57","slug":"sujetador-modelo-regina","status":"publish","type":"product","link":"https:\/\/rosanacl.com\/da\/vare\/sujetador-modelo-regina\/","title":{"rendered":"Selene Regina-bh"},"content":{"rendered":"<p>Selene Regina bh&#039;en er en af dem, der ubesv\u00e6ret l\u00f8fter ethvert outfit: en blonde-bralette med en omhyggeligt udformet \u00e6stetik, designet til at f\u00e5 dig til at se og f\u00f8le dig b\u00e5de flatterende og komfortabel. Dens b\u00f8jlefri design giver en lettere fornemmelse til hverdagsbrug, samtidig med at den bevarer stabil st\u00f8tte og en smuk form, ideel til dem, der s\u00f8ger et feminint look med en elegant finish.<\/p>\n<p>Den polstrede sk\u00e5l er med til at fremh\u00e6ve og skabe en renere og mere harmonisk d\u00e9colletage under t\u00f8jet. Det er et meget alsidigt stykke t\u00f8j til hverdagsbrug, perfekt til t-shirts, bluser eller mere t\u00e6tsiddende t\u00f8j, fordi det kombinerer komfort, stil og et sofistikeret touch uden at v\u00e6re overdrevet.<\/p>\n<p>Ting du vil elske ved Regina<\/p>\n<ul>\n<li>Bh i blondestil med bralette og en elegant finish.<\/li>\n<li>Ingen b\u00f8jle: \u00e6gte komfort, intet pres.<\/li>\n<li>Polstret sk\u00e5l: naturligt l\u00f8ft og smuk form.<\/li>\n<li>Stabil st\u00f8tte for behagelig brug i timevis.<\/li>\n<li>Kombiner den med Selene 3118 bikinitrusser for et komplet matchende s\u00e6t.<\/li>\n<\/ul>\n<p>\ud83d\udde3\ufe0f Tip: Regina er en af de bh&#039;er, man glemmer, man har p\u00e5: den f\u00f8les bl\u00f8d, let og trykfri, men samtidig med ro i sindet, at alt bliver p\u00e5 plads. Ideel, hvis du kan lide et feminint og smukt look uden den stive fornemmelse af b\u00f8jler.<\/p>\n<p>\ud83d\udccf Bem\u00e6rk: Hvis du er usikker mellem to st\u00f8rrelser, s\u00e5 t\u00e6nk over, hvordan du foretr\u00e6kker pasformen: Hvis du \u00f8nsker den mere t\u00e6tsiddende og stabil, s\u00e5 v\u00e6lg den mindre st\u00f8rrelse; hvis du foretr\u00e6kker en l\u00f8sere og mere behagelig fornemmelse, der kan bruges i timevis, s\u00e5 g\u00e5 en st\u00f8rrelse op.<\/p>\n<p>Sammens\u00e6tning: 39% polyamid \/ 18% elastan \/ 43% polyester<\/p>\n<p>\ud83d\udc97 N\u00e5r du vil se p\u00e6n ud uden at t\u00e6nke for meget: Regina.<\/p>\n<p>&nbsp;<\/p>","protected":false},"excerpt":{"rendered":"<p>El sujetador Selene modelo Regina es de esos que elevan un conjunto sin esfuerzo: un bralette de encaje con una est\u00e9tica muy cuidada, pensado para que te veas favorecida y te sientas c\u00f3moda a la vez. Su dise\u00f1o sin aros aporta una sensaci\u00f3n m\u00e1s ligera en el d\u00eda a d\u00eda, manteniendo una sujeci\u00f3n estable y [&hellip;]<\/p>\n","protected":false},"featured_media":1463,"comment_status":"open","ping_status":"closed","template":"","meta":{"content-type":""},"product_brand":[55],"product_cat":[100,27,20],"product_tag":[56,63],"class_list":{"0":"post-1198","1":"product","2":"type-product","3":"status-publish","4":"has-post-thumbnail","6":"product_brand-selene","7":"product_cat-regina","8":"product_cat-sin-aros-con-relleno","9":"product_cat-sujetador","10":"product_tag-sujetador","11":"product_tag-sujetador-sin-aros-con-relleno","13":"first","14":"instock","15":"taxable","16":"shipping-taxable","17":"purchasable","18":"product-type-variable"},"supplier_id":null,"supplier_sku":"","barcode":null,"atum_controlled":true,"out_stock_date":null,"out_stock_threshold":null,"inheritable":true,"inbound_stock":0,"stock_on_hold":0,"sold_today":0,"sales_last_days":0,"reserved_stock":0,"customer_returns":0,"warehouse_damage":0,"lost_in_post":0,"other_logs":0,"out_stock_days":0,"lost_sales":0,"has_location":false,"update_date":"2026-01-07T19:28:58","atum_locations":[],"atum_stock_status":"instock","restock_status":false,"low_stock_amount":"","sales_update_date":"2025-10-03T04:56:32","calc_backorders":null,"yoast_head":"<!-- This site is optimized with the Yoast SEO plugin v27.4 - https:\/\/yoast.com\/product\/yoast-seo-wordpress\/ -->\n<title>Sujetador Selene Regina - Rosana CL<\/title>\n<meta name=\"robots\" content=\"index, follow, max-snippet:-1, max-image-preview:large, max-video-preview:-1\" \/>\n<link rel=\"canonical\" href=\"https:\/\/rosanacl.com\/da\/vare\/sujetador-modelo-regina\/\" \/>\n<meta property=\"og:locale\" content=\"da_DK\" \/>\n<meta property=\"og:type\" content=\"article\" \/>\n<meta property=\"og:title\" content=\"Sujetador Selene Regina - Rosana CL\" \/>\n<meta property=\"og:description\" content=\"El sujetador Selene modelo Regina es de esos que elevan un conjunto sin esfuerzo: un bralette de encaje con una est\u00e9tica muy cuidada, pensado para que te veas favorecida y te sientas c\u00f3moda a la vez. Su dise\u00f1o sin aros aporta una sensaci\u00f3n m\u00e1s ligera en el d\u00eda a d\u00eda, manteniendo una sujeci\u00f3n estable y [&hellip;]\" \/>\n<meta property=\"og:url\" content=\"https:\/\/rosanacl.com\/da\/vare\/sujetador-modelo-regina\/\" \/>\n<meta property=\"og:site_name\" content=\"Rosana CL\" \/>\n<meta property=\"article:modified_time\" content=\"2026-01-07T19:28:57+00:00\" \/>\n<meta property=\"og:image\" content=\"https:\/\/rosanacl.com\/wp-content\/uploads\/2025\/04\/Sujetador-modelo-Regina-000001.webp\" \/>\n\t<meta property=\"og:image:width\" content=\"1000\" \/>\n\t<meta property=\"og:image:height\" content=\"1000\" \/>\n\t<meta property=\"og:image:type\" content=\"image\/webp\" \/>\n<meta name=\"twitter:card\" content=\"summary_large_image\" \/>\n<meta name=\"twitter:label1\" content=\"Estimeret l\u00e6setid\" \/>\n\t<meta name=\"twitter:data1\" content=\"2 minutter\" \/>\n<script type=\"application\/ld+json\" class=\"yoast-schema-graph\">{\"@context\":\"https:\\\/\\\/schema.org\",\"@graph\":[{\"@type\":\"WebPage\",\"@id\":\"https:\\\/\\\/rosanacl.com\\\/producto\\\/sujetador-modelo-regina\\\/\",\"url\":\"https:\\\/\\\/rosanacl.com\\\/producto\\\/sujetador-modelo-regina\\\/\",\"name\":\"Sujetador Selene Regina - Rosana CL\",\"isPartOf\":{\"@id\":\"https:\\\/\\\/rosanacl.com\\\/ca\\\/#website\"},\"primaryImageOfPage\":{\"@id\":\"https:\\\/\\\/rosanacl.com\\\/producto\\\/sujetador-modelo-regina\\\/#primaryimage\"},\"image\":{\"@id\":\"https:\\\/\\\/rosanacl.com\\\/producto\\\/sujetador-modelo-regina\\\/#primaryimage\"},\"thumbnailUrl\":\"https:\\\/\\\/rosanacl.com\\\/wp-content\\\/uploads\\\/2025\\\/04\\\/Sujetador-modelo-Regina-000001.webp\",\"datePublished\":\"2025-04-29T23:02:17+00:00\",\"dateModified\":\"2026-01-07T19:28:57+00:00\",\"breadcrumb\":{\"@id\":\"https:\\\/\\\/rosanacl.com\\\/producto\\\/sujetador-modelo-regina\\\/#breadcrumb\"},\"inLanguage\":\"da-DK\",\"potentialAction\":[{\"@type\":\"ReadAction\",\"target\":[\"https:\\\/\\\/rosanacl.com\\\/producto\\\/sujetador-modelo-regina\\\/\"]}]},{\"@type\":\"ImageObject\",\"inLanguage\":\"da-DK\",\"@id\":\"https:\\\/\\\/rosanacl.com\\\/producto\\\/sujetador-modelo-regina\\\/#primaryimage\",\"url\":\"https:\\\/\\\/rosanacl.com\\\/wp-content\\\/uploads\\\/2025\\\/04\\\/Sujetador-modelo-Regina-000001.webp\",\"contentUrl\":\"https:\\\/\\\/rosanacl.com\\\/wp-content\\\/uploads\\\/2025\\\/04\\\/Sujetador-modelo-Regina-000001.webp\",\"width\":1000,\"height\":1000},{\"@type\":\"BreadcrumbList\",\"@id\":\"https:\\\/\\\/rosanacl.com\\\/producto\\\/sujetador-modelo-regina\\\/#breadcrumb\",\"itemListElement\":[{\"@type\":\"ListItem\",\"position\":1,\"name\":\"Portada\",\"item\":\"https:\\\/\\\/rosanacl.com\\\/ca\\\/\"},{\"@type\":\"ListItem\",\"position\":2,\"name\":\"Tienda\",\"item\":\"https:\\\/\\\/rosanacl.com\\\/ca\\\/tienda\\\/\"},{\"@type\":\"ListItem\",\"position\":3,\"name\":\"Sujetador Selene Regina\"}]},{\"@type\":\"WebSite\",\"@id\":\"https:\\\/\\\/rosanacl.com\\\/ca\\\/#website\",\"url\":\"https:\\\/\\\/rosanacl.com\\\/ca\\\/\",\"name\":\"Rosana CL\",\"description\":\"Somos tu interior\",\"potentialAction\":[{\"@type\":\"SearchAction\",\"target\":{\"@type\":\"EntryPoint\",\"urlTemplate\":\"https:\\\/\\\/rosanacl.com\\\/ca\\\/?s={search_term_string}\"},\"query-input\":{\"@type\":\"PropertyValueSpecification\",\"valueRequired\":true,\"valueName\":\"search_term_string\"}}],\"inLanguage\":\"da-DK\"}]}<\/script>\n<!-- \/ Yoast SEO plugin. -->","yoast_head_json":{"title":"Sujetador Selene Regina - Rosana CL","robots":{"index":"index","follow":"follow","max-snippet":"max-snippet:-1","max-image-preview":"max-image-preview:large","max-video-preview":"max-video-preview:-1"},"canonical":"https:\/\/rosanacl.com\/da\/vare\/sujetador-modelo-regina\/","og_locale":"da_DK","og_type":"article","og_title":"Sujetador Selene Regina - Rosana CL","og_description":"El sujetador Selene modelo Regina es de esos que elevan un conjunto sin esfuerzo: un bralette de encaje con una est\u00e9tica muy cuidada, pensado para que te veas favorecida y te sientas c\u00f3moda a la vez. Su dise\u00f1o sin aros aporta una sensaci\u00f3n m\u00e1s ligera en el d\u00eda a d\u00eda, manteniendo una sujeci\u00f3n estable y [&hellip;]","og_url":"https:\/\/rosanacl.com\/da\/vare\/sujetador-modelo-regina\/","og_site_name":"Rosana CL","article_modified_time":"2026-01-07T19:28:57+00:00","og_image":[{"width":1000,"height":1000,"url":"https:\/\/rosanacl.com\/wp-content\/uploads\/2025\/04\/Sujetador-modelo-Regina-000001.webp","type":"image\/webp"}],"twitter_card":"summary_large_image","twitter_misc":{"Estimeret l\u00e6setid":"2 minutter"},"schema":{"@context":"https:\/\/schema.org","@graph":[{"@type":"WebPage","@id":"https:\/\/rosanacl.com\/producto\/sujetador-modelo-regina\/","url":"https:\/\/rosanacl.com\/producto\/sujetador-modelo-regina\/","name":"Sujetador Selene Regina - Rosana CL","isPartOf":{"@id":"https:\/\/rosanacl.com\/ca\/#website"},"primaryImageOfPage":{"@id":"https:\/\/rosanacl.com\/producto\/sujetador-modelo-regina\/#primaryimage"},"image":{"@id":"https:\/\/rosanacl.com\/producto\/sujetador-modelo-regina\/#primaryimage"},"thumbnailUrl":"https:\/\/rosanacl.com\/wp-content\/uploads\/2025\/04\/Sujetador-modelo-Regina-000001.webp","datePublished":"2025-04-29T23:02:17+00:00","dateModified":"2026-01-07T19:28:57+00:00","breadcrumb":{"@id":"https:\/\/rosanacl.com\/producto\/sujetador-modelo-regina\/#breadcrumb"},"inLanguage":"da-DK","potentialAction":[{"@type":"ReadAction","target":["https:\/\/rosanacl.com\/producto\/sujetador-modelo-regina\/"]}]},{"@type":"ImageObject","inLanguage":"da-DK","@id":"https:\/\/rosanacl.com\/producto\/sujetador-modelo-regina\/#primaryimage","url":"https:\/\/rosanacl.com\/wp-content\/uploads\/2025\/04\/Sujetador-modelo-Regina-000001.webp","contentUrl":"https:\/\/rosanacl.com\/wp-content\/uploads\/2025\/04\/Sujetador-modelo-Regina-000001.webp","width":1000,"height":1000},{"@type":"BreadcrumbList","@id":"https:\/\/rosanacl.com\/producto\/sujetador-modelo-regina\/#breadcrumb","itemListElement":[{"@type":"ListItem","position":1,"name":"Portada","item":"https:\/\/rosanacl.com\/ca\/"},{"@type":"ListItem","position":2,"name":"Tienda","item":"https:\/\/rosanacl.com\/ca\/tienda\/"},{"@type":"ListItem","position":3,"name":"Sujetador Selene Regina"}]},{"@type":"WebSite","@id":"https:\/\/rosanacl.com\/ca\/#website","url":"https:\/\/rosanacl.com\/ca\/","name":"Rosana CL","description":"Vi er dit interi\u00f8r","potentialAction":[{"@type":"SearchAction","target":{"@type":"EntryPoint","urlTemplate":"https:\/\/rosanacl.com\/ca\/?s={search_term_string}"},"query-input":{"@type":"PropertyValueSpecification","valueRequired":true,"valueName":"search_term_string"}}],"inLanguage":"da-DK"}]}},"_links":{"self":[{"href":"https:\/\/rosanacl.com\/da\/wp-json\/wp\/v2\/product\/1198","targetHints":{"allow":["GET"]}}],"collection":[{"href":"https:\/\/rosanacl.com\/da\/wp-json\/wp\/v2\/product"}],"about":[{"href":"https:\/\/rosanacl.com\/da\/wp-json\/wp\/v2\/types\/product"}],"replies":[{"embeddable":true,"href":"https:\/\/rosanacl.com\/da\/wp-json\/wp\/v2\/comments?post=1198"}],"version-history":[{"count":5,"href":"https:\/\/rosanacl.com\/da\/wp-json\/wp\/v2\/product\/1198\/revisions"}],"predecessor-version":[{"id":4608,"href":"https:\/\/rosanacl.com\/da\/wp-json\/wp\/v2\/product\/1198\/revisions\/4608"}],"wp:featuredmedia":[{"embeddable":true,"href":"https:\/\/rosanacl.com\/da\/wp-json\/wp\/v2\/media\/1463"}],"wp:attachment":[{"href":"https:\/\/rosanacl.com\/da\/wp-json\/wp\/v2\/media?parent=1198"}],"wp:term":[{"taxonomy":"product_brand","embeddable":true,"href":"https:\/\/rosanacl.com\/da\/wp-json\/wp\/v2\/product_brand?post=1198"},{"taxonomy":"product_cat","embeddable":true,"href":"https:\/\/rosanacl.com\/da\/wp-json\/wp\/v2\/product_cat?post=1198"},{"taxonomy":"product_tag","embeddable":true,"href":"https:\/\/rosanacl.com\/da\/wp-json\/wp\/v2\/product_tag?post=1198"}],"curies":[{"name":"wp","href":"https:\/\/api.w.org\/{rel}","templated":true}]}}