{"id":1253,"date":"2025-04-30T01:05:07","date_gmt":"2025-04-29T23:05:07","guid":{"rendered":"https:\/\/rosanacl.com\/?post_type=product&#038;p=1253"},"modified":"2026-01-07T20:23:16","modified_gmt":"2026-01-07T19:23:16","slug":"sujetador-modelo-raquel","status":"publish","type":"product","link":"https:\/\/rosanacl.com\/da\/vare\/sujetador-modelo-raquel\/","title":{"rendered":"Selene Raquel-bh"},"content":{"rendered":"<p>Selene Raquel bh&#039;en er en balconette med dobbelte push-up-sk\u00e5le, der er designet til at skabe en mere defineret kavalergang og synlig fremh\u00e6vning, samtidig med at den bevarer en elegant og meget feminin \u00e6stetik. Dens b\u00f8jlestruktur hj\u00e6lper med at centrere og l\u00f8fte barmen, hvilket giver en fast st\u00f8ttef\u00f8lelse og en smuk finish, selv under t\u00e6tsiddende t\u00f8j.<\/p>\n<p>Det er et ideelt stykke lingeri fra Selene, hvis du leder efter en bh, der g\u00f8r en forskel: den fremh\u00e6ver, stylerer og fremh\u00e6ver din naturlige form \u2013 perfekt til b\u00e5de s\u00e6rlige lejligheder og de dage, hvor du \u00f8nsker at f\u00f8le dig mere selvsikker og smuk i dit hverdagst\u00f8j.<\/p>\n<p>Hvad du vil elske<\/p>\n<ul>\n<li>Dobbelt armb\u00f8jning: ekstra l\u00f8ft og en mere udtalt &quot;brystl\u00f8ftnings&quot;-effekt.<\/li>\n<li>Balconette-snit, der fremh\u00e6ver og afrunder, med en meget flatterende halsudsk\u00e6ring.<\/li>\n<li>B\u00f8jler for et mere stabilt greb og en smuk form i timevis.<\/li>\n<li>En finish designet til at se godt ud med dybt udsk\u00e5rne toppe og t\u00e6tsiddende bekl\u00e6dningsgenstande uden at g\u00e5 p\u00e5 kompromis med komforten.<\/li>\n<li>En ideel model, hvis du leder efter en bh, der kombinerer sensualitet og \u00e6gte st\u00f8tte.<\/li>\n<\/ul>\n<p>\ud83d\udde3\ufe0f Tip: Selene Raquels sk\u00f8nhed ligger i dens velcentrerede &quot;pumped-up&quot;-effekt: som en balconette-bh med dobbelt push-up ser den spektakul\u00e6r ud med nedringede toppe og t\u00e6tsiddende t-shirts. Juster den, s\u00e5 sk\u00e5lene ligger fladt, og kavalergangen defineres uden at du beh\u00f8ver at justere den.<\/p>\n<p>\ud83d\udccf Bem\u00e6rk: Hvis du er mellem to st\u00f8rrelser, s\u00e5 brug dine m\u00e5l som en vejledning: Hvis du foretr\u00e6kker en fastere pasform, s\u00e5 v\u00e6lg din s\u00e6dvanlige st\u00f8rrelse; hvis du foretr\u00e6kker mere komfort eller er et sted midt imellem, s\u00e5 g\u00e5 en st\u00f8rrelse op.<\/p>\n<p>Sammens\u00e6tning: 48% Polyester \u00b7 43% Polyamid \u00b7 9% Elastan<\/p>\n<p>\ud83e\ude84 Det strejf af lingeri, der \u00e6ndrer hele looket.<\/p>","protected":false},"excerpt":{"rendered":"<p>El sujetador Selene modelo Raquel es un balconette con doble push-up dise\u00f1ado para conseguir un escote m\u00e1s definido y un realce visible, manteniendo una est\u00e9tica elegante y muy femenina. Su estructura con aros ayuda a centrar y elevar el pecho, aportando una sensaci\u00f3n de sujeci\u00f3n firme y un acabado bonito incluso bajo prendas ajustadas. Es [&hellip;]<\/p>\n","protected":false},"featured_media":1459,"comment_status":"open","ping_status":"closed","template":"","meta":{"content-type":""},"product_brand":[55],"product_cat":[29,20],"product_tag":[64,56],"class_list":{"0":"post-1253","1":"product","2":"type-product","3":"status-publish","4":"has-post-thumbnail","6":"product_brand-selene","7":"product_cat-push-up","8":"product_cat-sujetador","9":"product_tag-doble-push-up","10":"product_tag-sujetador","12":"first","13":"instock","14":"taxable","15":"shipping-taxable","16":"purchasable","17":"product-type-variable"},"supplier_id":null,"supplier_sku":"","barcode":null,"atum_controlled":true,"out_stock_date":null,"out_stock_threshold":null,"inheritable":true,"inbound_stock":0,"stock_on_hold":0,"sold_today":0,"sales_last_days":0,"reserved_stock":0,"customer_returns":0,"warehouse_damage":0,"lost_in_post":0,"other_logs":0,"out_stock_days":0,"lost_sales":0,"has_location":false,"update_date":"2026-01-07T19:23:17","atum_locations":[],"atum_stock_status":"instock","restock_status":false,"low_stock_amount":"","sales_update_date":"2025-10-03T04:56:29","calc_backorders":null,"yoast_head":"<!-- This site is optimized with the Yoast SEO plugin v27.4 - https:\/\/yoast.com\/product\/yoast-seo-wordpress\/ -->\n<title>Sujetador Selene Raquel - Rosana CL<\/title>\n<meta name=\"robots\" content=\"index, follow, max-snippet:-1, max-image-preview:large, max-video-preview:-1\" \/>\n<link rel=\"canonical\" href=\"https:\/\/rosanacl.com\/da\/vare\/sujetador-modelo-raquel\/\" \/>\n<meta property=\"og:locale\" content=\"da_DK\" \/>\n<meta property=\"og:type\" content=\"article\" \/>\n<meta property=\"og:title\" content=\"Sujetador Selene Raquel - Rosana CL\" \/>\n<meta property=\"og:description\" content=\"El sujetador Selene modelo Raquel es un balconette con doble push-up dise\u00f1ado para conseguir un escote m\u00e1s definido y un realce visible, manteniendo una est\u00e9tica elegante y muy femenina. Su estructura con aros ayuda a centrar y elevar el pecho, aportando una sensaci\u00f3n de sujeci\u00f3n firme y un acabado bonito incluso bajo prendas ajustadas. Es [&hellip;]\" \/>\n<meta property=\"og:url\" content=\"https:\/\/rosanacl.com\/da\/vare\/sujetador-modelo-raquel\/\" \/>\n<meta property=\"og:site_name\" content=\"Rosana CL\" \/>\n<meta property=\"article:modified_time\" content=\"2026-01-07T19:23:16+00:00\" \/>\n<meta property=\"og:image\" content=\"https:\/\/rosanacl.com\/wp-content\/uploads\/2025\/04\/Sujetador-modelo-Raquel-000001.webp\" \/>\n\t<meta property=\"og:image:width\" content=\"1000\" \/>\n\t<meta property=\"og:image:height\" content=\"1000\" \/>\n\t<meta property=\"og:image:type\" content=\"image\/webp\" \/>\n<meta name=\"twitter:card\" content=\"summary_large_image\" \/>\n<meta name=\"twitter:label1\" content=\"Estimeret l\u00e6setid\" \/>\n\t<meta name=\"twitter:data1\" content=\"2 minutter\" \/>\n<script type=\"application\/ld+json\" class=\"yoast-schema-graph\">{\"@context\":\"https:\\\/\\\/schema.org\",\"@graph\":[{\"@type\":\"WebPage\",\"@id\":\"https:\\\/\\\/rosanacl.com\\\/producto\\\/sujetador-modelo-raquel\\\/\",\"url\":\"https:\\\/\\\/rosanacl.com\\\/producto\\\/sujetador-modelo-raquel\\\/\",\"name\":\"Sujetador Selene Raquel - Rosana CL\",\"isPartOf\":{\"@id\":\"https:\\\/\\\/rosanacl.com\\\/ca\\\/#website\"},\"primaryImageOfPage\":{\"@id\":\"https:\\\/\\\/rosanacl.com\\\/producto\\\/sujetador-modelo-raquel\\\/#primaryimage\"},\"image\":{\"@id\":\"https:\\\/\\\/rosanacl.com\\\/producto\\\/sujetador-modelo-raquel\\\/#primaryimage\"},\"thumbnailUrl\":\"https:\\\/\\\/rosanacl.com\\\/wp-content\\\/uploads\\\/2025\\\/04\\\/Sujetador-modelo-Raquel-000001.webp\",\"datePublished\":\"2025-04-29T23:05:07+00:00\",\"dateModified\":\"2026-01-07T19:23:16+00:00\",\"breadcrumb\":{\"@id\":\"https:\\\/\\\/rosanacl.com\\\/producto\\\/sujetador-modelo-raquel\\\/#breadcrumb\"},\"inLanguage\":\"da-DK\",\"potentialAction\":[{\"@type\":\"ReadAction\",\"target\":[\"https:\\\/\\\/rosanacl.com\\\/producto\\\/sujetador-modelo-raquel\\\/\"]}]},{\"@type\":\"ImageObject\",\"inLanguage\":\"da-DK\",\"@id\":\"https:\\\/\\\/rosanacl.com\\\/producto\\\/sujetador-modelo-raquel\\\/#primaryimage\",\"url\":\"https:\\\/\\\/rosanacl.com\\\/wp-content\\\/uploads\\\/2025\\\/04\\\/Sujetador-modelo-Raquel-000001.webp\",\"contentUrl\":\"https:\\\/\\\/rosanacl.com\\\/wp-content\\\/uploads\\\/2025\\\/04\\\/Sujetador-modelo-Raquel-000001.webp\",\"width\":1000,\"height\":1000},{\"@type\":\"BreadcrumbList\",\"@id\":\"https:\\\/\\\/rosanacl.com\\\/producto\\\/sujetador-modelo-raquel\\\/#breadcrumb\",\"itemListElement\":[{\"@type\":\"ListItem\",\"position\":1,\"name\":\"Portada\",\"item\":\"https:\\\/\\\/rosanacl.com\\\/ca\\\/\"},{\"@type\":\"ListItem\",\"position\":2,\"name\":\"Tienda\",\"item\":\"https:\\\/\\\/rosanacl.com\\\/ca\\\/tienda\\\/\"},{\"@type\":\"ListItem\",\"position\":3,\"name\":\"Sujetador Selene Raquel\"}]},{\"@type\":\"WebSite\",\"@id\":\"https:\\\/\\\/rosanacl.com\\\/ca\\\/#website\",\"url\":\"https:\\\/\\\/rosanacl.com\\\/ca\\\/\",\"name\":\"Rosana CL\",\"description\":\"Somos tu interior\",\"potentialAction\":[{\"@type\":\"SearchAction\",\"target\":{\"@type\":\"EntryPoint\",\"urlTemplate\":\"https:\\\/\\\/rosanacl.com\\\/ca\\\/?s={search_term_string}\"},\"query-input\":{\"@type\":\"PropertyValueSpecification\",\"valueRequired\":true,\"valueName\":\"search_term_string\"}}],\"inLanguage\":\"da-DK\"}]}<\/script>\n<!-- \/ Yoast SEO plugin. -->","yoast_head_json":{"title":"Sujetador Selene Raquel - Rosana CL","robots":{"index":"index","follow":"follow","max-snippet":"max-snippet:-1","max-image-preview":"max-image-preview:large","max-video-preview":"max-video-preview:-1"},"canonical":"https:\/\/rosanacl.com\/da\/vare\/sujetador-modelo-raquel\/","og_locale":"da_DK","og_type":"article","og_title":"Sujetador Selene Raquel - Rosana CL","og_description":"El sujetador Selene modelo Raquel es un balconette con doble push-up dise\u00f1ado para conseguir un escote m\u00e1s definido y un realce visible, manteniendo una est\u00e9tica elegante y muy femenina. Su estructura con aros ayuda a centrar y elevar el pecho, aportando una sensaci\u00f3n de sujeci\u00f3n firme y un acabado bonito incluso bajo prendas ajustadas. Es [&hellip;]","og_url":"https:\/\/rosanacl.com\/da\/vare\/sujetador-modelo-raquel\/","og_site_name":"Rosana CL","article_modified_time":"2026-01-07T19:23:16+00:00","og_image":[{"width":1000,"height":1000,"url":"https:\/\/rosanacl.com\/wp-content\/uploads\/2025\/04\/Sujetador-modelo-Raquel-000001.webp","type":"image\/webp"}],"twitter_card":"summary_large_image","twitter_misc":{"Estimeret l\u00e6setid":"2 minutter"},"schema":{"@context":"https:\/\/schema.org","@graph":[{"@type":"WebPage","@id":"https:\/\/rosanacl.com\/producto\/sujetador-modelo-raquel\/","url":"https:\/\/rosanacl.com\/producto\/sujetador-modelo-raquel\/","name":"Sujetador Selene Raquel - Rosana CL","isPartOf":{"@id":"https:\/\/rosanacl.com\/ca\/#website"},"primaryImageOfPage":{"@id":"https:\/\/rosanacl.com\/producto\/sujetador-modelo-raquel\/#primaryimage"},"image":{"@id":"https:\/\/rosanacl.com\/producto\/sujetador-modelo-raquel\/#primaryimage"},"thumbnailUrl":"https:\/\/rosanacl.com\/wp-content\/uploads\/2025\/04\/Sujetador-modelo-Raquel-000001.webp","datePublished":"2025-04-29T23:05:07+00:00","dateModified":"2026-01-07T19:23:16+00:00","breadcrumb":{"@id":"https:\/\/rosanacl.com\/producto\/sujetador-modelo-raquel\/#breadcrumb"},"inLanguage":"da-DK","potentialAction":[{"@type":"ReadAction","target":["https:\/\/rosanacl.com\/producto\/sujetador-modelo-raquel\/"]}]},{"@type":"ImageObject","inLanguage":"da-DK","@id":"https:\/\/rosanacl.com\/producto\/sujetador-modelo-raquel\/#primaryimage","url":"https:\/\/rosanacl.com\/wp-content\/uploads\/2025\/04\/Sujetador-modelo-Raquel-000001.webp","contentUrl":"https:\/\/rosanacl.com\/wp-content\/uploads\/2025\/04\/Sujetador-modelo-Raquel-000001.webp","width":1000,"height":1000},{"@type":"BreadcrumbList","@id":"https:\/\/rosanacl.com\/producto\/sujetador-modelo-raquel\/#breadcrumb","itemListElement":[{"@type":"ListItem","position":1,"name":"Portada","item":"https:\/\/rosanacl.com\/ca\/"},{"@type":"ListItem","position":2,"name":"Tienda","item":"https:\/\/rosanacl.com\/ca\/tienda\/"},{"@type":"ListItem","position":3,"name":"Sujetador Selene Raquel"}]},{"@type":"WebSite","@id":"https:\/\/rosanacl.com\/ca\/#website","url":"https:\/\/rosanacl.com\/ca\/","name":"Rosana CL","description":"Vi er dit interi\u00f8r","potentialAction":[{"@type":"SearchAction","target":{"@type":"EntryPoint","urlTemplate":"https:\/\/rosanacl.com\/ca\/?s={search_term_string}"},"query-input":{"@type":"PropertyValueSpecification","valueRequired":true,"valueName":"search_term_string"}}],"inLanguage":"da-DK"}]}},"_links":{"self":[{"href":"https:\/\/rosanacl.com\/da\/wp-json\/wp\/v2\/product\/1253","targetHints":{"allow":["GET"]}}],"collection":[{"href":"https:\/\/rosanacl.com\/da\/wp-json\/wp\/v2\/product"}],"about":[{"href":"https:\/\/rosanacl.com\/da\/wp-json\/wp\/v2\/types\/product"}],"replies":[{"embeddable":true,"href":"https:\/\/rosanacl.com\/da\/wp-json\/wp\/v2\/comments?post=1253"}],"version-history":[{"count":5,"href":"https:\/\/rosanacl.com\/da\/wp-json\/wp\/v2\/product\/1253\/revisions"}],"predecessor-version":[{"id":4607,"href":"https:\/\/rosanacl.com\/da\/wp-json\/wp\/v2\/product\/1253\/revisions\/4607"}],"wp:featuredmedia":[{"embeddable":true,"href":"https:\/\/rosanacl.com\/da\/wp-json\/wp\/v2\/media\/1459"}],"wp:attachment":[{"href":"https:\/\/rosanacl.com\/da\/wp-json\/wp\/v2\/media?parent=1253"}],"wp:term":[{"taxonomy":"product_brand","embeddable":true,"href":"https:\/\/rosanacl.com\/da\/wp-json\/wp\/v2\/product_brand?post=1253"},{"taxonomy":"product_cat","embeddable":true,"href":"https:\/\/rosanacl.com\/da\/wp-json\/wp\/v2\/product_cat?post=1253"},{"taxonomy":"product_tag","embeddable":true,"href":"https:\/\/rosanacl.com\/da\/wp-json\/wp\/v2\/product_tag?post=1253"}],"curies":[{"name":"wp","href":"https:\/\/api.w.org\/{rel}","templated":true}]}}