{"id":1368,"date":"2025-04-30T01:15:16","date_gmt":"2025-04-29T23:15:16","guid":{"rendered":"https:\/\/rosanacl.com\/?post_type=product&#038;p=1368"},"modified":"2026-01-07T19:22:38","modified_gmt":"2026-01-07T18:22:38","slug":"braga-faja-selene-901-soft","status":"publish","type":"product","link":"https:\/\/rosanacl.com\/da\/vare\/braga-faja-selene-901-soft\/","title":{"rendered":"Selene 901 bl\u00f8de, formende trusser"},"content":{"rendered":"<p>Selene 901 soft shaping briefs er det ultimative &quot;livredder&quot;-t\u00f8j, der \u00f8jeblikkeligt forvandler din figur: de udglatter, l\u00f8fter og definerer med en blid, behagelig kontroleffekt. Deres h\u00f8jtaljede design hj\u00e6lper med at udglatte maveomr\u00e5det og skabe en renere silhuet, perfekt til hverdagsbrug eller n\u00e5r du \u00f8nsker at se bedst muligt ud i mere t\u00e6tsiddende t\u00f8j.<\/p>\n<p>Derudover er den designet til at v\u00e6re diskret: s\u00f8ml\u00f8s og med en lasersk\u00e5ret ryg opn\u00e5r den en meget ren finish, s\u00e5 den ikke synes under kjoler, nederdele eller bukser. Den er komfort, form og diskretion, alt i \u00e9t stykke bekl\u00e6dningsgenstand.<\/p>\n<p>Det bedste ved Selene 901 soft shaping briefs<\/p>\n<ul>\n<li>&quot;Bl\u00f8d&quot; shaping-effekt: blid kontrol, der styler uden at stramme for meget.<\/li>\n<li>H\u00f8j talje: rynker og former for en mere ensartet silhuet.<\/li>\n<li>S\u00f8ml\u00f8s: glat og behagelig fornemmelse, ideel til brug i timevis.<\/li>\n<li>Lasersk\u00e5ret bagside: f\u00e6rre m\u00e6rker, mere usynlig finish.<\/li>\n<li>Perfekt til t\u00e6tsiddende t\u00f8j: ser godt ud under t\u00e6tsiddende t\u00f8j.<\/li>\n<\/ul>\n<p>\ud83d\udde3\ufe0f Tip: 901 Soft er den perfekte shapewear, n\u00e5r du \u00f8nsker en glattere og mere j\u00e6vn silhuet uden at f\u00f8les indsn\u00e6vret. Brug den is\u00e6r med kjoler, nederdele eller t\u00e6tsiddende bukser: den h\u00f8je talje st\u00f8tter din mave, og den s\u00f8ml\u00f8se finish er med til at skabe et renere look.<\/p>\n<p>\ud83d\udccf Bem\u00e6rk: Inden du k\u00f8ber, s\u00e5 overvej, hvor meget kontrol du foretr\u00e6kker: Hvis du \u00f8nsker, at den er mere behagelig og let at have p\u00e5 i timevis, s\u00e5 v\u00e6lg din s\u00e6dvanlige st\u00f8rrelse; hvis du er mellem to st\u00f8rrelser og \u00f8nsker en lidt strammere effekt, vil den mindre st\u00f8rrelse normalt passe dig bedre (altid uden at den efterlader m\u00e6rker eller generer dig).<\/p>\n<p>Sammens\u00e6tning: 63% Polyamid 37% Elastan<\/p>\n<p>\ud83c\udf3a Din plan B til at f\u00f8le dig 10\/10 uden at t\u00e6nke dig om to gange.<\/p>\n<div id=\"v1ms-outlook-mobile-body-separator-line\" dir=\"auto\"><\/div>","protected":false},"excerpt":{"rendered":"<p>La Braga faja Selene 901 soft es la t\u00edpica prenda \u00absalvavidas\u00bb que te pones y de repente todo queda m\u00e1s bonito: alisa, recoge y define con un efecto control suave que no agobia. Su dise\u00f1o de cintura alta ayuda a asentar la zona del abdomen y a dejar una silueta m\u00e1s limpia, perfecta para el [&hellip;]<\/p>\n","protected":false},"featured_media":1405,"comment_status":"open","ping_status":"closed","template":"","meta":{"content-type":""},"product_brand":[55],"product_cat":[19,31],"product_tag":[69,68,70],"class_list":{"0":"post-1368","1":"product","2":"type-product","3":"status-publish","4":"has-post-thumbnail","6":"product_brand-selene","7":"product_cat-braga","8":"product_cat-faja","9":"product_tag-braga","10":"product_tag-braga-faja","11":"product_tag-faja","13":"first","14":"instock","15":"taxable","16":"shipping-taxable","17":"purchasable","18":"product-type-variable"},"supplier_id":null,"supplier_sku":"","barcode":null,"atum_controlled":true,"out_stock_date":null,"out_stock_threshold":null,"inheritable":true,"inbound_stock":0,"stock_on_hold":0,"sold_today":0,"sales_last_days":0,"reserved_stock":0,"customer_returns":0,"warehouse_damage":0,"lost_in_post":0,"other_logs":0,"out_stock_days":0,"lost_sales":0,"has_location":false,"update_date":"2026-01-07T18:22:39","atum_locations":[],"atum_stock_status":"instock","restock_status":false,"low_stock_amount":"","sales_update_date":"2025-10-03T04:56:27","calc_backorders":null,"yoast_head":"<!-- This site is optimized with the Yoast SEO plugin v27.4 - https:\/\/yoast.com\/product\/yoast-seo-wordpress\/ -->\n<title>Braga faja Selene 901 soft - Rosana CL<\/title>\n<meta name=\"robots\" content=\"index, follow, max-snippet:-1, max-image-preview:large, max-video-preview:-1\" \/>\n<link rel=\"canonical\" href=\"https:\/\/rosanacl.com\/da\/vare\/braga-faja-selene-901-soft\/\" \/>\n<meta property=\"og:locale\" content=\"da_DK\" \/>\n<meta property=\"og:type\" content=\"article\" \/>\n<meta property=\"og:title\" content=\"Braga faja Selene 901 soft - Rosana CL\" \/>\n<meta property=\"og:description\" content=\"La Braga faja Selene 901 soft es la t\u00edpica prenda \u00absalvavidas\u00bb que te pones y de repente todo queda m\u00e1s bonito: alisa, recoge y define con un efecto control suave que no agobia. Su dise\u00f1o de cintura alta ayuda a asentar la zona del abdomen y a dejar una silueta m\u00e1s limpia, perfecta para el [&hellip;]\" \/>\n<meta property=\"og:url\" content=\"https:\/\/rosanacl.com\/da\/vare\/braga-faja-selene-901-soft\/\" \/>\n<meta property=\"og:site_name\" content=\"Rosana CL\" \/>\n<meta property=\"article:modified_time\" content=\"2026-01-07T18:22:38+00:00\" \/>\n<meta property=\"og:image\" content=\"https:\/\/rosanacl.com\/wp-content\/uploads\/2025\/04\/Braga-faja-Selene-modelo-901-soft_00001.webp\" \/>\n\t<meta property=\"og:image:width\" content=\"1000\" \/>\n\t<meta property=\"og:image:height\" content=\"1000\" \/>\n\t<meta property=\"og:image:type\" content=\"image\/webp\" \/>\n<meta name=\"twitter:card\" content=\"summary_large_image\" \/>\n<meta name=\"twitter:label1\" content=\"Estimeret l\u00e6setid\" \/>\n\t<meta name=\"twitter:data1\" content=\"2 minutter\" \/>\n<script type=\"application\/ld+json\" class=\"yoast-schema-graph\">{\"@context\":\"https:\\\/\\\/schema.org\",\"@graph\":[{\"@type\":\"WebPage\",\"@id\":\"https:\\\/\\\/rosanacl.com\\\/producto\\\/braga-faja-selene-901-soft\\\/\",\"url\":\"https:\\\/\\\/rosanacl.com\\\/producto\\\/braga-faja-selene-901-soft\\\/\",\"name\":\"Braga faja Selene 901 soft - Rosana CL\",\"isPartOf\":{\"@id\":\"https:\\\/\\\/rosanacl.com\\\/ca\\\/#website\"},\"primaryImageOfPage\":{\"@id\":\"https:\\\/\\\/rosanacl.com\\\/producto\\\/braga-faja-selene-901-soft\\\/#primaryimage\"},\"image\":{\"@id\":\"https:\\\/\\\/rosanacl.com\\\/producto\\\/braga-faja-selene-901-soft\\\/#primaryimage\"},\"thumbnailUrl\":\"https:\\\/\\\/rosanacl.com\\\/wp-content\\\/uploads\\\/2025\\\/04\\\/Braga-faja-Selene-modelo-901-soft_00001.webp\",\"datePublished\":\"2025-04-29T23:15:16+00:00\",\"dateModified\":\"2026-01-07T18:22:38+00:00\",\"breadcrumb\":{\"@id\":\"https:\\\/\\\/rosanacl.com\\\/producto\\\/braga-faja-selene-901-soft\\\/#breadcrumb\"},\"inLanguage\":\"da-DK\",\"potentialAction\":[{\"@type\":\"ReadAction\",\"target\":[\"https:\\\/\\\/rosanacl.com\\\/producto\\\/braga-faja-selene-901-soft\\\/\"]}]},{\"@type\":\"ImageObject\",\"inLanguage\":\"da-DK\",\"@id\":\"https:\\\/\\\/rosanacl.com\\\/producto\\\/braga-faja-selene-901-soft\\\/#primaryimage\",\"url\":\"https:\\\/\\\/rosanacl.com\\\/wp-content\\\/uploads\\\/2025\\\/04\\\/Braga-faja-Selene-modelo-901-soft_00001.webp\",\"contentUrl\":\"https:\\\/\\\/rosanacl.com\\\/wp-content\\\/uploads\\\/2025\\\/04\\\/Braga-faja-Selene-modelo-901-soft_00001.webp\",\"width\":1000,\"height\":1000},{\"@type\":\"BreadcrumbList\",\"@id\":\"https:\\\/\\\/rosanacl.com\\\/producto\\\/braga-faja-selene-901-soft\\\/#breadcrumb\",\"itemListElement\":[{\"@type\":\"ListItem\",\"position\":1,\"name\":\"Portada\",\"item\":\"https:\\\/\\\/rosanacl.com\\\/ca\\\/\"},{\"@type\":\"ListItem\",\"position\":2,\"name\":\"Tienda\",\"item\":\"https:\\\/\\\/rosanacl.com\\\/ca\\\/tienda\\\/\"},{\"@type\":\"ListItem\",\"position\":3,\"name\":\"Braga faja Selene 901 soft\"}]},{\"@type\":\"WebSite\",\"@id\":\"https:\\\/\\\/rosanacl.com\\\/ca\\\/#website\",\"url\":\"https:\\\/\\\/rosanacl.com\\\/ca\\\/\",\"name\":\"Rosana CL\",\"description\":\"Somos tu interior\",\"potentialAction\":[{\"@type\":\"SearchAction\",\"target\":{\"@type\":\"EntryPoint\",\"urlTemplate\":\"https:\\\/\\\/rosanacl.com\\\/ca\\\/?s={search_term_string}\"},\"query-input\":{\"@type\":\"PropertyValueSpecification\",\"valueRequired\":true,\"valueName\":\"search_term_string\"}}],\"inLanguage\":\"da-DK\"}]}<\/script>\n<!-- \/ Yoast SEO plugin. -->","yoast_head_json":{"title":"Braga faja Selene 901 soft - Rosana CL","robots":{"index":"index","follow":"follow","max-snippet":"max-snippet:-1","max-image-preview":"max-image-preview:large","max-video-preview":"max-video-preview:-1"},"canonical":"https:\/\/rosanacl.com\/da\/vare\/braga-faja-selene-901-soft\/","og_locale":"da_DK","og_type":"article","og_title":"Braga faja Selene 901 soft - Rosana CL","og_description":"La Braga faja Selene 901 soft es la t\u00edpica prenda \u00absalvavidas\u00bb que te pones y de repente todo queda m\u00e1s bonito: alisa, recoge y define con un efecto control suave que no agobia. Su dise\u00f1o de cintura alta ayuda a asentar la zona del abdomen y a dejar una silueta m\u00e1s limpia, perfecta para el [&hellip;]","og_url":"https:\/\/rosanacl.com\/da\/vare\/braga-faja-selene-901-soft\/","og_site_name":"Rosana CL","article_modified_time":"2026-01-07T18:22:38+00:00","og_image":[{"width":1000,"height":1000,"url":"https:\/\/rosanacl.com\/wp-content\/uploads\/2025\/04\/Braga-faja-Selene-modelo-901-soft_00001.webp","type":"image\/webp"}],"twitter_card":"summary_large_image","twitter_misc":{"Estimeret l\u00e6setid":"2 minutter"},"schema":{"@context":"https:\/\/schema.org","@graph":[{"@type":"WebPage","@id":"https:\/\/rosanacl.com\/producto\/braga-faja-selene-901-soft\/","url":"https:\/\/rosanacl.com\/producto\/braga-faja-selene-901-soft\/","name":"Braga faja Selene 901 soft - Rosana CL","isPartOf":{"@id":"https:\/\/rosanacl.com\/ca\/#website"},"primaryImageOfPage":{"@id":"https:\/\/rosanacl.com\/producto\/braga-faja-selene-901-soft\/#primaryimage"},"image":{"@id":"https:\/\/rosanacl.com\/producto\/braga-faja-selene-901-soft\/#primaryimage"},"thumbnailUrl":"https:\/\/rosanacl.com\/wp-content\/uploads\/2025\/04\/Braga-faja-Selene-modelo-901-soft_00001.webp","datePublished":"2025-04-29T23:15:16+00:00","dateModified":"2026-01-07T18:22:38+00:00","breadcrumb":{"@id":"https:\/\/rosanacl.com\/producto\/braga-faja-selene-901-soft\/#breadcrumb"},"inLanguage":"da-DK","potentialAction":[{"@type":"ReadAction","target":["https:\/\/rosanacl.com\/producto\/braga-faja-selene-901-soft\/"]}]},{"@type":"ImageObject","inLanguage":"da-DK","@id":"https:\/\/rosanacl.com\/producto\/braga-faja-selene-901-soft\/#primaryimage","url":"https:\/\/rosanacl.com\/wp-content\/uploads\/2025\/04\/Braga-faja-Selene-modelo-901-soft_00001.webp","contentUrl":"https:\/\/rosanacl.com\/wp-content\/uploads\/2025\/04\/Braga-faja-Selene-modelo-901-soft_00001.webp","width":1000,"height":1000},{"@type":"BreadcrumbList","@id":"https:\/\/rosanacl.com\/producto\/braga-faja-selene-901-soft\/#breadcrumb","itemListElement":[{"@type":"ListItem","position":1,"name":"Portada","item":"https:\/\/rosanacl.com\/ca\/"},{"@type":"ListItem","position":2,"name":"Tienda","item":"https:\/\/rosanacl.com\/ca\/tienda\/"},{"@type":"ListItem","position":3,"name":"Braga faja Selene 901 soft"}]},{"@type":"WebSite","@id":"https:\/\/rosanacl.com\/ca\/#website","url":"https:\/\/rosanacl.com\/ca\/","name":"Rosana CL","description":"Vi er dit interi\u00f8r","potentialAction":[{"@type":"SearchAction","target":{"@type":"EntryPoint","urlTemplate":"https:\/\/rosanacl.com\/ca\/?s={search_term_string}"},"query-input":{"@type":"PropertyValueSpecification","valueRequired":true,"valueName":"search_term_string"}}],"inLanguage":"da-DK"}]}},"_links":{"self":[{"href":"https:\/\/rosanacl.com\/da\/wp-json\/wp\/v2\/product\/1368","targetHints":{"allow":["GET"]}}],"collection":[{"href":"https:\/\/rosanacl.com\/da\/wp-json\/wp\/v2\/product"}],"about":[{"href":"https:\/\/rosanacl.com\/da\/wp-json\/wp\/v2\/types\/product"}],"replies":[{"embeddable":true,"href":"https:\/\/rosanacl.com\/da\/wp-json\/wp\/v2\/comments?post=1368"}],"version-history":[{"count":5,"href":"https:\/\/rosanacl.com\/da\/wp-json\/wp\/v2\/product\/1368\/revisions"}],"predecessor-version":[{"id":4603,"href":"https:\/\/rosanacl.com\/da\/wp-json\/wp\/v2\/product\/1368\/revisions\/4603"}],"wp:featuredmedia":[{"embeddable":true,"href":"https:\/\/rosanacl.com\/da\/wp-json\/wp\/v2\/media\/1405"}],"wp:attachment":[{"href":"https:\/\/rosanacl.com\/da\/wp-json\/wp\/v2\/media?parent=1368"}],"wp:term":[{"taxonomy":"product_brand","embeddable":true,"href":"https:\/\/rosanacl.com\/da\/wp-json\/wp\/v2\/product_brand?post=1368"},{"taxonomy":"product_cat","embeddable":true,"href":"https:\/\/rosanacl.com\/da\/wp-json\/wp\/v2\/product_cat?post=1368"},{"taxonomy":"product_tag","embeddable":true,"href":"https:\/\/rosanacl.com\/da\/wp-json\/wp\/v2\/product_tag?post=1368"}],"curies":[{"name":"wp","href":"https:\/\/api.w.org\/{rel}","templated":true}]}}