{"id":2027,"date":"2025-05-23T09:53:07","date_gmt":"2025-05-23T07:53:07","guid":{"rendered":"https:\/\/rosanacl.com\/?post_type=product&#038;p=2027"},"modified":"2026-01-07T19:18:29","modified_gmt":"2026-01-07T18:18:29","slug":"braga-selene-modelo-mariluz","status":"publish","type":"product","link":"https:\/\/rosanacl.com\/da\/vare\/braga-selene-modelo-mariluz\/","title":{"rendered":"Braga Selene Mariluz"},"content":{"rendered":"<p>Mariluz-trussen fra Selene er en h\u00f8jtaljet trusse designet til dem, der s\u00f8ger komfortabel st\u00f8tte og en elegant finish. Det stribede stof slanker visuelt figuren og tilf\u00f8jer et sofistikeret touch, ideel til hverdagsbrug med total komfort.<\/p>\n<p>Hvad du vil kunne lide<\/p>\n<ul>\n<li>H\u00f8j talje: st\u00f8tter uden at stramme og hj\u00e6lper t\u00f8jet med at sidde godt.<\/li>\n<li>Stribet stofdesign: et mere poleret og flatterende look.<\/li>\n<li>Komfort til hverdagsbrug: designet til at ledsage dig i mange timer.<\/li>\n<li>Perfekt s\u00e6t: Det passer perfekt til Selene Mariluz bh&#039;en for et koordineret look.<\/li>\n<\/ul>\n<p>St\u00f8rrelsesr\u00e5d: Hvis du er mellem to st\u00f8rrelser, og du foretr\u00e6kker, at dit undert\u00f8j sidder t\u00e6ttere, s\u00e5 v\u00e6lg den mindre st\u00f8rrelse; hvis du foretr\u00e6kker mere komfort, s\u00e5 v\u00e6lg den st\u00f8rre st\u00f8rrelse.<\/p>\n<p>\ud83d\udde3\ufe0f Tip: Mariluz er ideel, hvis du gerne vil have en velplaceret talje og den der &quot;den kl\u00e6der mig&quot;-effekt uden at v\u00e6re for stram: striberne skaber et mere str\u00f8mlinet look, og trusserne f\u00f8les stabile nok til at kunne haves p\u00e5 i timevis, is\u00e6r med et t\u00e6tsiddende look eller hverdagslook.<\/p>\n<p>\ud83d\udccf Bem\u00e6rk: For at f\u00e5 det rigtigt f\u00f8rste gang, t\u00e6nk over, hvordan du kan lide din h\u00f8je talje: Hvis du foretr\u00e6kker, at den er bl\u00f8d og behagelig omkring taljen (uden at f\u00f8le pres), er din s\u00e6dvanlige st\u00f8rrelse eller den st\u00f8rre, hvis du er mellem to st\u00f8rrelser, normalt bedst; hvis du foretr\u00e6kker en mere samlet og fast effekt, er den mindre st\u00f8rrelse normalt mere flatterende.<\/p>\n<p>Sammens\u00e6tning: 71% polyamid, 18% elastan, 11% polyester.<\/p>\n<p>\u2728 Fuldend dit look med Mariluz-s\u00e6ttet, og f\u00f8l dig godt tilpas og smigret hele dagen lang.<\/p>\n<div id=\"v1ms-outlook-mobile-body-separator-line\" dir=\"auto\"><\/div>\n<p>&nbsp;<\/p>\n<p>&nbsp;<\/p>\n<p>&nbsp;<\/p>\n<p>&nbsp;<\/p>\n<p>&nbsp;<\/p>\n<p>&nbsp;<\/p>\n<p>&nbsp;<\/p>","protected":false},"excerpt":{"rendered":"<p>La braga Mariluz de Selene es una braga alta pensada para quienes buscan sujeci\u00f3n c\u00f3moda y un acabado elegante. Su tejido con efecto franjas estiliza visualmente y aporta un toque sofisticado, ideal para llevar a diario con total confort. Lo que te va a gustar Cintura alta: sujeta sin oprimir y ayuda a que la [&hellip;]<\/p>\n","protected":false},"featured_media":2135,"comment_status":"open","ping_status":"closed","template":"","meta":{"content-type":""},"product_brand":[55],"product_cat":[19],"product_tag":[69],"class_list":{"0":"post-2027","1":"product","2":"type-product","3":"status-publish","4":"has-post-thumbnail","6":"product_brand-selene","7":"product_cat-braga","8":"product_tag-braga","10":"first","11":"instock","12":"taxable","13":"shipping-taxable","14":"purchasable","15":"product-type-variable"},"supplier_id":null,"supplier_sku":"","barcode":null,"atum_controlled":true,"out_stock_date":null,"out_stock_threshold":null,"inheritable":true,"inbound_stock":0,"stock_on_hold":0,"sold_today":0,"sales_last_days":0,"reserved_stock":0,"customer_returns":0,"warehouse_damage":0,"lost_in_post":0,"other_logs":0,"out_stock_days":0,"lost_sales":0,"has_location":false,"update_date":"2026-01-07T18:18:30","atum_locations":[],"atum_stock_status":"instock","restock_status":false,"low_stock_amount":"","sales_update_date":"2025-10-03T04:56:26","calc_backorders":null,"yoast_head":"<!-- This site is optimized with the Yoast SEO plugin v27.4 - https:\/\/yoast.com\/product\/yoast-seo-wordpress\/ -->\n<title>Braga Selene Mariluz - Rosana CL<\/title>\n<meta name=\"robots\" content=\"index, follow, max-snippet:-1, max-image-preview:large, max-video-preview:-1\" \/>\n<link rel=\"canonical\" href=\"https:\/\/rosanacl.com\/da\/vare\/braga-selene-modelo-mariluz\/\" \/>\n<meta property=\"og:locale\" content=\"da_DK\" \/>\n<meta property=\"og:type\" content=\"article\" \/>\n<meta property=\"og:title\" content=\"Braga Selene Mariluz - Rosana CL\" \/>\n<meta property=\"og:description\" content=\"La braga Mariluz de Selene es una braga alta pensada para quienes buscan sujeci\u00f3n c\u00f3moda y un acabado elegante. Su tejido con efecto franjas estiliza visualmente y aporta un toque sofisticado, ideal para llevar a diario con total confort. Lo que te va a gustar Cintura alta: sujeta sin oprimir y ayuda a que la [&hellip;]\" \/>\n<meta property=\"og:url\" content=\"https:\/\/rosanacl.com\/da\/vare\/braga-selene-modelo-mariluz\/\" \/>\n<meta property=\"og:site_name\" content=\"Rosana CL\" \/>\n<meta property=\"article:modified_time\" content=\"2026-01-07T18:18:29+00:00\" \/>\n<meta property=\"og:image\" content=\"https:\/\/rosanacl.com\/wp-content\/uploads\/2025\/05\/1.jpg\" \/>\n\t<meta property=\"og:image:width\" content=\"1105\" \/>\n\t<meta property=\"og:image:height\" content=\"1333\" \/>\n\t<meta property=\"og:image:type\" content=\"image\/jpeg\" \/>\n<meta name=\"twitter:card\" content=\"summary_large_image\" \/>\n<meta name=\"twitter:label1\" content=\"Estimeret l\u00e6setid\" \/>\n\t<meta name=\"twitter:data1\" content=\"2 minutter\" \/>\n<script type=\"application\/ld+json\" class=\"yoast-schema-graph\">{\"@context\":\"https:\\\/\\\/schema.org\",\"@graph\":[{\"@type\":\"WebPage\",\"@id\":\"https:\\\/\\\/rosanacl.com\\\/producto\\\/braga-selene-modelo-mariluz\\\/\",\"url\":\"https:\\\/\\\/rosanacl.com\\\/producto\\\/braga-selene-modelo-mariluz\\\/\",\"name\":\"Braga Selene Mariluz - Rosana CL\",\"isPartOf\":{\"@id\":\"https:\\\/\\\/rosanacl.com\\\/ca\\\/#website\"},\"primaryImageOfPage\":{\"@id\":\"https:\\\/\\\/rosanacl.com\\\/producto\\\/braga-selene-modelo-mariluz\\\/#primaryimage\"},\"image\":{\"@id\":\"https:\\\/\\\/rosanacl.com\\\/producto\\\/braga-selene-modelo-mariluz\\\/#primaryimage\"},\"thumbnailUrl\":\"https:\\\/\\\/rosanacl.com\\\/wp-content\\\/uploads\\\/2025\\\/05\\\/1.jpg\",\"datePublished\":\"2025-05-23T07:53:07+00:00\",\"dateModified\":\"2026-01-07T18:18:29+00:00\",\"breadcrumb\":{\"@id\":\"https:\\\/\\\/rosanacl.com\\\/producto\\\/braga-selene-modelo-mariluz\\\/#breadcrumb\"},\"inLanguage\":\"da-DK\",\"potentialAction\":[{\"@type\":\"ReadAction\",\"target\":[\"https:\\\/\\\/rosanacl.com\\\/producto\\\/braga-selene-modelo-mariluz\\\/\"]}]},{\"@type\":\"ImageObject\",\"inLanguage\":\"da-DK\",\"@id\":\"https:\\\/\\\/rosanacl.com\\\/producto\\\/braga-selene-modelo-mariluz\\\/#primaryimage\",\"url\":\"https:\\\/\\\/rosanacl.com\\\/wp-content\\\/uploads\\\/2025\\\/05\\\/1.jpg\",\"contentUrl\":\"https:\\\/\\\/rosanacl.com\\\/wp-content\\\/uploads\\\/2025\\\/05\\\/1.jpg\",\"width\":1105,\"height\":1333},{\"@type\":\"BreadcrumbList\",\"@id\":\"https:\\\/\\\/rosanacl.com\\\/producto\\\/braga-selene-modelo-mariluz\\\/#breadcrumb\",\"itemListElement\":[{\"@type\":\"ListItem\",\"position\":1,\"name\":\"Portada\",\"item\":\"https:\\\/\\\/rosanacl.com\\\/ca\\\/\"},{\"@type\":\"ListItem\",\"position\":2,\"name\":\"Tienda\",\"item\":\"https:\\\/\\\/rosanacl.com\\\/ca\\\/tienda\\\/\"},{\"@type\":\"ListItem\",\"position\":3,\"name\":\"Braga Selene Mariluz\"}]},{\"@type\":\"WebSite\",\"@id\":\"https:\\\/\\\/rosanacl.com\\\/ca\\\/#website\",\"url\":\"https:\\\/\\\/rosanacl.com\\\/ca\\\/\",\"name\":\"Rosana CL\",\"description\":\"Somos tu interior\",\"potentialAction\":[{\"@type\":\"SearchAction\",\"target\":{\"@type\":\"EntryPoint\",\"urlTemplate\":\"https:\\\/\\\/rosanacl.com\\\/ca\\\/?s={search_term_string}\"},\"query-input\":{\"@type\":\"PropertyValueSpecification\",\"valueRequired\":true,\"valueName\":\"search_term_string\"}}],\"inLanguage\":\"da-DK\"}]}<\/script>\n<!-- \/ Yoast SEO plugin. -->","yoast_head_json":{"title":"Braga Selene Mariluz - Rosana CL","robots":{"index":"index","follow":"follow","max-snippet":"max-snippet:-1","max-image-preview":"max-image-preview:large","max-video-preview":"max-video-preview:-1"},"canonical":"https:\/\/rosanacl.com\/da\/vare\/braga-selene-modelo-mariluz\/","og_locale":"da_DK","og_type":"article","og_title":"Braga Selene Mariluz - Rosana CL","og_description":"La braga Mariluz de Selene es una braga alta pensada para quienes buscan sujeci\u00f3n c\u00f3moda y un acabado elegante. Su tejido con efecto franjas estiliza visualmente y aporta un toque sofisticado, ideal para llevar a diario con total confort. Lo que te va a gustar Cintura alta: sujeta sin oprimir y ayuda a que la [&hellip;]","og_url":"https:\/\/rosanacl.com\/da\/vare\/braga-selene-modelo-mariluz\/","og_site_name":"Rosana CL","article_modified_time":"2026-01-07T18:18:29+00:00","og_image":[{"width":1105,"height":1333,"url":"https:\/\/rosanacl.com\/wp-content\/uploads\/2025\/05\/1.jpg","type":"image\/jpeg"}],"twitter_card":"summary_large_image","twitter_misc":{"Estimeret l\u00e6setid":"2 minutter"},"schema":{"@context":"https:\/\/schema.org","@graph":[{"@type":"WebPage","@id":"https:\/\/rosanacl.com\/producto\/braga-selene-modelo-mariluz\/","url":"https:\/\/rosanacl.com\/producto\/braga-selene-modelo-mariluz\/","name":"Braga Selene Mariluz - Rosana CL","isPartOf":{"@id":"https:\/\/rosanacl.com\/ca\/#website"},"primaryImageOfPage":{"@id":"https:\/\/rosanacl.com\/producto\/braga-selene-modelo-mariluz\/#primaryimage"},"image":{"@id":"https:\/\/rosanacl.com\/producto\/braga-selene-modelo-mariluz\/#primaryimage"},"thumbnailUrl":"https:\/\/rosanacl.com\/wp-content\/uploads\/2025\/05\/1.jpg","datePublished":"2025-05-23T07:53:07+00:00","dateModified":"2026-01-07T18:18:29+00:00","breadcrumb":{"@id":"https:\/\/rosanacl.com\/producto\/braga-selene-modelo-mariluz\/#breadcrumb"},"inLanguage":"da-DK","potentialAction":[{"@type":"ReadAction","target":["https:\/\/rosanacl.com\/producto\/braga-selene-modelo-mariluz\/"]}]},{"@type":"ImageObject","inLanguage":"da-DK","@id":"https:\/\/rosanacl.com\/producto\/braga-selene-modelo-mariluz\/#primaryimage","url":"https:\/\/rosanacl.com\/wp-content\/uploads\/2025\/05\/1.jpg","contentUrl":"https:\/\/rosanacl.com\/wp-content\/uploads\/2025\/05\/1.jpg","width":1105,"height":1333},{"@type":"BreadcrumbList","@id":"https:\/\/rosanacl.com\/producto\/braga-selene-modelo-mariluz\/#breadcrumb","itemListElement":[{"@type":"ListItem","position":1,"name":"Portada","item":"https:\/\/rosanacl.com\/ca\/"},{"@type":"ListItem","position":2,"name":"Tienda","item":"https:\/\/rosanacl.com\/ca\/tienda\/"},{"@type":"ListItem","position":3,"name":"Braga Selene Mariluz"}]},{"@type":"WebSite","@id":"https:\/\/rosanacl.com\/ca\/#website","url":"https:\/\/rosanacl.com\/ca\/","name":"Rosana CL","description":"Vi er dit interi\u00f8r","potentialAction":[{"@type":"SearchAction","target":{"@type":"EntryPoint","urlTemplate":"https:\/\/rosanacl.com\/ca\/?s={search_term_string}"},"query-input":{"@type":"PropertyValueSpecification","valueRequired":true,"valueName":"search_term_string"}}],"inLanguage":"da-DK"}]}},"_links":{"self":[{"href":"https:\/\/rosanacl.com\/da\/wp-json\/wp\/v2\/product\/2027","targetHints":{"allow":["GET"]}}],"collection":[{"href":"https:\/\/rosanacl.com\/da\/wp-json\/wp\/v2\/product"}],"about":[{"href":"https:\/\/rosanacl.com\/da\/wp-json\/wp\/v2\/types\/product"}],"replies":[{"embeddable":true,"href":"https:\/\/rosanacl.com\/da\/wp-json\/wp\/v2\/comments?post=2027"}],"version-history":[{"count":5,"href":"https:\/\/rosanacl.com\/da\/wp-json\/wp\/v2\/product\/2027\/revisions"}],"predecessor-version":[{"id":4602,"href":"https:\/\/rosanacl.com\/da\/wp-json\/wp\/v2\/product\/2027\/revisions\/4602"}],"wp:featuredmedia":[{"embeddable":true,"href":"https:\/\/rosanacl.com\/da\/wp-json\/wp\/v2\/media\/2135"}],"wp:attachment":[{"href":"https:\/\/rosanacl.com\/da\/wp-json\/wp\/v2\/media?parent=2027"}],"wp:term":[{"taxonomy":"product_brand","embeddable":true,"href":"https:\/\/rosanacl.com\/da\/wp-json\/wp\/v2\/product_brand?post=2027"},{"taxonomy":"product_cat","embeddable":true,"href":"https:\/\/rosanacl.com\/da\/wp-json\/wp\/v2\/product_cat?post=2027"},{"taxonomy":"product_tag","embeddable":true,"href":"https:\/\/rosanacl.com\/da\/wp-json\/wp\/v2\/product_tag?post=2027"}],"curies":[{"name":"wp","href":"https:\/\/api.w.org\/{rel}","templated":true}]}}