{"id":2046,"date":"2025-05-23T10:03:37","date_gmt":"2025-05-23T08:03:37","guid":{"rendered":"https:\/\/rosanacl.com\/?post_type=product&#038;p=2046"},"modified":"2026-01-07T19:14:20","modified_gmt":"2026-01-07T18:14:20","slug":"braga-selene-bikini-modelo-3118","status":"publish","type":"product","link":"https:\/\/rosanacl.com\/da\/vare\/braga-selene-bikini-modelo-3118\/","title":{"rendered":"Selene Bikinitrusser 3118"},"content":{"rendered":"<p>Selene bikinitrusserne 3118 er det &quot;virkelig smukke&quot; basisstykke, der pifter ethvert outfit op: elegant blonde foran og en finish designet til at f\u00e5 dig til at f\u00f8le dig feminin, selvsikker og komfortabel hele dagen lang.<\/p>\n<p>Dens bikini\/brislip-design kombinerer \u00e6stetik og funktionalitet: ryggen er designet til at v\u00e6re s\u00f8ml\u00f8s under t\u00f8jet, selv med strammere t\u00f8j, og dens pasform f\u00f8lger dine f\u00f8dder uden at stramme. Ideel til kombination med Selene Regina og Selene Martina bh&#039;erne.<\/p>\n<p>Detaljer du vil elske<\/p>\n<ul>\n<li>Delikat blonde foran: et elegant og feminint touch.<\/li>\n<li>Designet til ikke at blive synlig: perfekt under kjoler, jeans eller t\u00e6tsiddende t\u00f8j.<\/li>\n<li>Komfortabel og stabil pasform: tilpasser sig kroppen uden at miste sin form.<\/li>\n<li>Bikini\/brislip-design: ideel balance mellem d\u00e6kning og stil.<\/li>\n<li>Perfekt s\u00e6t: passer til Regina og Martina bh&#039;erne.<\/li>\n<\/ul>\n<p>\ud83d\udde3\ufe0f Tip: Bikini 3118 er en af de trusser, du bare kan tage p\u00e5 og glemme alt om: blonderne foran giver et flot touch uden at f\u00f8les kr\u00e6sne, og bagsiden er glat og ren, s\u00e5 du kan bev\u00e6ge dig frit hele dagen. Ideel, hvis du kan lide lingeri, der ser feminint ud, men i \u00e6gte komforttilstand.<\/p>\n<p>\ud83d\udccf Bem\u00e6rk: For at finde den rigtige st\u00f8rrelse, skal du overveje, hvordan du foretr\u00e6kker, at dine bikinitrusser sidder: Hvis du foretr\u00e6kker, at de er t\u00e6tsiddende og faste, er din s\u00e6dvanlige st\u00f8rrelse normalt perfekt; hvis du er mellem to st\u00f8rrelser eller \u00f8nsker en bl\u00f8dere kant, s\u00e5 du kan bruge dem i timevis uden at t\u00e6nke over dem, er det normalt bedre at g\u00e5 en st\u00f8rrelse op.<\/p>\n<p>Sammens\u00e6tning: 85% polyamid 15% elastan.<\/p>\n<p>\ud83d\udc84 Blondedetaljen, der f\u00e5r dit outfit til at se &quot;fantastisk&quot; ud.<\/p>","protected":false},"excerpt":{"rendered":"<p>La Braga Selene Bikini 3118 es ese b\u00e1sico \u00abbonito de verdad\u00bb que eleva cualquier conjunto: encaje elegante en la parte delantera y un acabado pensado para que te sientas femenina, segura y c\u00f3moda durante todo el d\u00eda. Su dise\u00f1o tipo bikini\/brislip combina est\u00e9tica y funcionalidad: la parte trasera est\u00e1 planteada para no marcar bajo la [&hellip;]<\/p>\n","protected":false},"featured_media":2141,"comment_status":"open","ping_status":"closed","template":"","meta":{"content-type":""},"product_brand":[55],"product_cat":[19],"product_tag":[69],"class_list":{"0":"post-2046","1":"product","2":"type-product","3":"status-publish","4":"has-post-thumbnail","6":"product_brand-selene","7":"product_cat-braga","8":"product_tag-braga","10":"first","11":"instock","12":"taxable","13":"shipping-taxable","14":"purchasable","15":"product-type-variable"},"supplier_id":null,"supplier_sku":"","barcode":null,"atum_controlled":true,"out_stock_date":null,"out_stock_threshold":null,"inheritable":true,"inbound_stock":0,"stock_on_hold":0,"sold_today":0,"sales_last_days":0,"reserved_stock":0,"customer_returns":0,"warehouse_damage":0,"lost_in_post":0,"other_logs":0,"out_stock_days":0,"lost_sales":0,"has_location":false,"update_date":"2026-01-07T18:14:21","atum_locations":[],"atum_stock_status":"instock","restock_status":false,"low_stock_amount":"","sales_update_date":"2025-10-03T04:56:25","calc_backorders":null,"yoast_head":"<!-- This site is optimized with the Yoast SEO plugin v27.4 - https:\/\/yoast.com\/product\/yoast-seo-wordpress\/ -->\n<title>Braga Bikini Selene 3118 - Rosana CL<\/title>\n<meta name=\"robots\" content=\"index, follow, max-snippet:-1, max-image-preview:large, max-video-preview:-1\" \/>\n<link rel=\"canonical\" href=\"https:\/\/rosanacl.com\/da\/vare\/braga-selene-bikini-modelo-3118\/\" \/>\n<meta property=\"og:locale\" content=\"da_DK\" \/>\n<meta property=\"og:type\" content=\"article\" \/>\n<meta property=\"og:title\" content=\"Braga Bikini Selene 3118 - Rosana CL\" \/>\n<meta property=\"og:description\" content=\"La Braga Selene Bikini 3118 es ese b\u00e1sico \u00abbonito de verdad\u00bb que eleva cualquier conjunto: encaje elegante en la parte delantera y un acabado pensado para que te sientas femenina, segura y c\u00f3moda durante todo el d\u00eda. Su dise\u00f1o tipo bikini\/brislip combina est\u00e9tica y funcionalidad: la parte trasera est\u00e1 planteada para no marcar bajo la [&hellip;]\" \/>\n<meta property=\"og:url\" content=\"https:\/\/rosanacl.com\/da\/vare\/braga-selene-bikini-modelo-3118\/\" \/>\n<meta property=\"og:site_name\" content=\"Rosana CL\" \/>\n<meta property=\"article:modified_time\" content=\"2026-01-07T18:14:20+00:00\" \/>\n<meta property=\"og:image\" content=\"https:\/\/rosanacl.com\/wp-content\/uploads\/2025\/05\/1.png\" \/>\n\t<meta property=\"og:image:width\" content=\"406\" \/>\n\t<meta property=\"og:image:height\" content=\"538\" \/>\n\t<meta property=\"og:image:type\" content=\"image\/png\" \/>\n<meta name=\"twitter:card\" content=\"summary_large_image\" \/>\n<meta name=\"twitter:label1\" content=\"Estimeret l\u00e6setid\" \/>\n\t<meta name=\"twitter:data1\" content=\"2 minutter\" \/>\n<script type=\"application\/ld+json\" class=\"yoast-schema-graph\">{\"@context\":\"https:\\\/\\\/schema.org\",\"@graph\":[{\"@type\":\"WebPage\",\"@id\":\"https:\\\/\\\/rosanacl.com\\\/producto\\\/braga-selene-bikini-modelo-3118\\\/\",\"url\":\"https:\\\/\\\/rosanacl.com\\\/producto\\\/braga-selene-bikini-modelo-3118\\\/\",\"name\":\"Braga Bikini Selene 3118 - Rosana CL\",\"isPartOf\":{\"@id\":\"https:\\\/\\\/rosanacl.com\\\/ca\\\/#website\"},\"primaryImageOfPage\":{\"@id\":\"https:\\\/\\\/rosanacl.com\\\/producto\\\/braga-selene-bikini-modelo-3118\\\/#primaryimage\"},\"image\":{\"@id\":\"https:\\\/\\\/rosanacl.com\\\/producto\\\/braga-selene-bikini-modelo-3118\\\/#primaryimage\"},\"thumbnailUrl\":\"https:\\\/\\\/rosanacl.com\\\/wp-content\\\/uploads\\\/2025\\\/05\\\/1.png\",\"datePublished\":\"2025-05-23T08:03:37+00:00\",\"dateModified\":\"2026-01-07T18:14:20+00:00\",\"breadcrumb\":{\"@id\":\"https:\\\/\\\/rosanacl.com\\\/producto\\\/braga-selene-bikini-modelo-3118\\\/#breadcrumb\"},\"inLanguage\":\"da-DK\",\"potentialAction\":[{\"@type\":\"ReadAction\",\"target\":[\"https:\\\/\\\/rosanacl.com\\\/producto\\\/braga-selene-bikini-modelo-3118\\\/\"]}]},{\"@type\":\"ImageObject\",\"inLanguage\":\"da-DK\",\"@id\":\"https:\\\/\\\/rosanacl.com\\\/producto\\\/braga-selene-bikini-modelo-3118\\\/#primaryimage\",\"url\":\"https:\\\/\\\/rosanacl.com\\\/wp-content\\\/uploads\\\/2025\\\/05\\\/1.png\",\"contentUrl\":\"https:\\\/\\\/rosanacl.com\\\/wp-content\\\/uploads\\\/2025\\\/05\\\/1.png\",\"width\":406,\"height\":538},{\"@type\":\"BreadcrumbList\",\"@id\":\"https:\\\/\\\/rosanacl.com\\\/producto\\\/braga-selene-bikini-modelo-3118\\\/#breadcrumb\",\"itemListElement\":[{\"@type\":\"ListItem\",\"position\":1,\"name\":\"Portada\",\"item\":\"https:\\\/\\\/rosanacl.com\\\/ca\\\/\"},{\"@type\":\"ListItem\",\"position\":2,\"name\":\"Tienda\",\"item\":\"https:\\\/\\\/rosanacl.com\\\/ca\\\/tienda\\\/\"},{\"@type\":\"ListItem\",\"position\":3,\"name\":\"Braga Bikini Selene 3118\"}]},{\"@type\":\"WebSite\",\"@id\":\"https:\\\/\\\/rosanacl.com\\\/ca\\\/#website\",\"url\":\"https:\\\/\\\/rosanacl.com\\\/ca\\\/\",\"name\":\"Rosana CL\",\"description\":\"Somos tu interior\",\"potentialAction\":[{\"@type\":\"SearchAction\",\"target\":{\"@type\":\"EntryPoint\",\"urlTemplate\":\"https:\\\/\\\/rosanacl.com\\\/ca\\\/?s={search_term_string}\"},\"query-input\":{\"@type\":\"PropertyValueSpecification\",\"valueRequired\":true,\"valueName\":\"search_term_string\"}}],\"inLanguage\":\"da-DK\"}]}<\/script>\n<!-- \/ Yoast SEO plugin. -->","yoast_head_json":{"title":"Braga Bikini Selene 3118 - Rosana CL","robots":{"index":"index","follow":"follow","max-snippet":"max-snippet:-1","max-image-preview":"max-image-preview:large","max-video-preview":"max-video-preview:-1"},"canonical":"https:\/\/rosanacl.com\/da\/vare\/braga-selene-bikini-modelo-3118\/","og_locale":"da_DK","og_type":"article","og_title":"Braga Bikini Selene 3118 - Rosana CL","og_description":"La Braga Selene Bikini 3118 es ese b\u00e1sico \u00abbonito de verdad\u00bb que eleva cualquier conjunto: encaje elegante en la parte delantera y un acabado pensado para que te sientas femenina, segura y c\u00f3moda durante todo el d\u00eda. Su dise\u00f1o tipo bikini\/brislip combina est\u00e9tica y funcionalidad: la parte trasera est\u00e1 planteada para no marcar bajo la [&hellip;]","og_url":"https:\/\/rosanacl.com\/da\/vare\/braga-selene-bikini-modelo-3118\/","og_site_name":"Rosana CL","article_modified_time":"2026-01-07T18:14:20+00:00","og_image":[{"width":406,"height":538,"url":"https:\/\/rosanacl.com\/wp-content\/uploads\/2025\/05\/1.png","type":"image\/png"}],"twitter_card":"summary_large_image","twitter_misc":{"Estimeret l\u00e6setid":"2 minutter"},"schema":{"@context":"https:\/\/schema.org","@graph":[{"@type":"WebPage","@id":"https:\/\/rosanacl.com\/producto\/braga-selene-bikini-modelo-3118\/","url":"https:\/\/rosanacl.com\/producto\/braga-selene-bikini-modelo-3118\/","name":"Braga Bikini Selene 3118 - Rosana CL","isPartOf":{"@id":"https:\/\/rosanacl.com\/ca\/#website"},"primaryImageOfPage":{"@id":"https:\/\/rosanacl.com\/producto\/braga-selene-bikini-modelo-3118\/#primaryimage"},"image":{"@id":"https:\/\/rosanacl.com\/producto\/braga-selene-bikini-modelo-3118\/#primaryimage"},"thumbnailUrl":"https:\/\/rosanacl.com\/wp-content\/uploads\/2025\/05\/1.png","datePublished":"2025-05-23T08:03:37+00:00","dateModified":"2026-01-07T18:14:20+00:00","breadcrumb":{"@id":"https:\/\/rosanacl.com\/producto\/braga-selene-bikini-modelo-3118\/#breadcrumb"},"inLanguage":"da-DK","potentialAction":[{"@type":"ReadAction","target":["https:\/\/rosanacl.com\/producto\/braga-selene-bikini-modelo-3118\/"]}]},{"@type":"ImageObject","inLanguage":"da-DK","@id":"https:\/\/rosanacl.com\/producto\/braga-selene-bikini-modelo-3118\/#primaryimage","url":"https:\/\/rosanacl.com\/wp-content\/uploads\/2025\/05\/1.png","contentUrl":"https:\/\/rosanacl.com\/wp-content\/uploads\/2025\/05\/1.png","width":406,"height":538},{"@type":"BreadcrumbList","@id":"https:\/\/rosanacl.com\/producto\/braga-selene-bikini-modelo-3118\/#breadcrumb","itemListElement":[{"@type":"ListItem","position":1,"name":"Portada","item":"https:\/\/rosanacl.com\/ca\/"},{"@type":"ListItem","position":2,"name":"Tienda","item":"https:\/\/rosanacl.com\/ca\/tienda\/"},{"@type":"ListItem","position":3,"name":"Braga Bikini Selene 3118"}]},{"@type":"WebSite","@id":"https:\/\/rosanacl.com\/ca\/#website","url":"https:\/\/rosanacl.com\/ca\/","name":"Rosana CL","description":"Vi er dit interi\u00f8r","potentialAction":[{"@type":"SearchAction","target":{"@type":"EntryPoint","urlTemplate":"https:\/\/rosanacl.com\/ca\/?s={search_term_string}"},"query-input":{"@type":"PropertyValueSpecification","valueRequired":true,"valueName":"search_term_string"}}],"inLanguage":"da-DK"}]}},"_links":{"self":[{"href":"https:\/\/rosanacl.com\/da\/wp-json\/wp\/v2\/product\/2046","targetHints":{"allow":["GET"]}}],"collection":[{"href":"https:\/\/rosanacl.com\/da\/wp-json\/wp\/v2\/product"}],"about":[{"href":"https:\/\/rosanacl.com\/da\/wp-json\/wp\/v2\/types\/product"}],"replies":[{"embeddable":true,"href":"https:\/\/rosanacl.com\/da\/wp-json\/wp\/v2\/comments?post=2046"}],"version-history":[{"count":5,"href":"https:\/\/rosanacl.com\/da\/wp-json\/wp\/v2\/product\/2046\/revisions"}],"predecessor-version":[{"id":4601,"href":"https:\/\/rosanacl.com\/da\/wp-json\/wp\/v2\/product\/2046\/revisions\/4601"}],"wp:featuredmedia":[{"embeddable":true,"href":"https:\/\/rosanacl.com\/da\/wp-json\/wp\/v2\/media\/2141"}],"wp:attachment":[{"href":"https:\/\/rosanacl.com\/da\/wp-json\/wp\/v2\/media?parent=2046"}],"wp:term":[{"taxonomy":"product_brand","embeddable":true,"href":"https:\/\/rosanacl.com\/da\/wp-json\/wp\/v2\/product_brand?post=2046"},{"taxonomy":"product_cat","embeddable":true,"href":"https:\/\/rosanacl.com\/da\/wp-json\/wp\/v2\/product_cat?post=2046"},{"taxonomy":"product_tag","embeddable":true,"href":"https:\/\/rosanacl.com\/da\/wp-json\/wp\/v2\/product_tag?post=2046"}],"curies":[{"name":"wp","href":"https:\/\/api.w.org\/{rel}","templated":true}]}}