{"id":2112,"date":"2025-05-23T10:17:39","date_gmt":"2025-05-23T08:17:39","guid":{"rendered":"https:\/\/rosanacl.com\/?post_type=product&#038;p=2112"},"modified":"2026-01-07T18:50:14","modified_gmt":"2026-01-07T17:50:14","slug":"sujetador-selene-modelo-vilma","status":"publish","type":"product","link":"https:\/\/rosanacl.com\/da\/vare\/sujetador-selene-modelo-vilma\/","title":{"rendered":"Selene Vilma Bra"},"content":{"rendered":"<p>Selene Vilma er bh&#039;en, der redder dagen, n\u00e5r du vil g\u00e5 uden strop, men stadig vil have selvtilliden i, at alt bliver p\u00e5 plads. Den har b\u00f8jle og polstrede sk\u00e5le samt et rent og elegant design, der fremh\u00e6ver barmen naturligt uden at tilf\u00f8je fylde.<\/p>\n<p>Derudover er dens lasersk\u00e5rne finish og tyloverl\u00e6g designet til at d\u00e6kke og visuelt minimere uj\u00e6vnheder i siderne og under armene, hvilket efterlader en meget glattere linje under t\u00f8jet. Perfekt til stropl\u00f8se kjoler, toppe og t\u00e6tsiddende looks.<\/p>\n<p>Detaljer du vil elske<\/p>\n<ul>\n<li>Stropl\u00f8s (bandone), ideel til dybt udsk\u00e5rne bekl\u00e6dningsgenstande og bare skuldre.<\/li>\n<li>B\u00f8jle + polstrede sk\u00e5le: fast st\u00f8tte og en smuk dekollet\u00e9.<\/li>\n<li>Krydsning af tyl: elegant effekt og mere stabilitet i omridset.<\/li>\n<li>Lasersk\u00e6ring: renere, mere diskret og behagelig finish under t\u00f8j.<\/li>\n<li>Glat og style siderne og armhulerne for en mere ensartet effekt.<\/li>\n<\/ul>\n<p>\ud83d\udde3\ufe0f Tip: Vilma er til de dage med blottet skulder, hvor du gerne vil f\u00f8le dig tryg, men let: konturen str\u00e6kker sig uden at blive kv\u00e6lende og efterlader en f\u00f8lelse af et velplaceret bryst + ren linje, der f\u00e5r dig til at glemme, at du har den p\u00e5.<\/p>\n<p>\ud83d\udccf Bem\u00e6rk: For at v\u00e6lge den rigtige pasform inden k\u00f8b er det vigtigste ved en stropl\u00f8s bh st\u00f8rrelsen p\u00e5 b\u00e5ndet: den skal sidde t\u00e6t fra f\u00f8rste justering (uden at klippe) og ikke bev\u00e6ge sig, n\u00e5r du l\u00f8fter armene eller b\u00f8jer dig ned. Hvis du er i tvivl om to st\u00f8rrelser, s\u00e5 v\u00e6lg den st\u00f8rrelse, der giver mest stabilitet, da dette sikrer, at den bliver p\u00e5 plads, og at finishen ser mere poleret ud hele dagen.<\/p>\n<p>Sammens\u00e6tning: 46% polyamid \u00b7 42% polyester \u00b7 12% elastan<\/p>\n<p>\ud83d\udc60 Elegance, der er m\u00e6rkbar i gestussen ... og forbliver i blikket.<\/p>\n<div id=\"v1ms-outlook-mobile-body-separator-line\" dir=\"auto\"><\/div>\n<div id=\"v1ms-outlook-mobile-body-separator-line\" dir=\"auto\"><\/div>","protected":false},"excerpt":{"rendered":"<p>El Selene Vilma es ese sujetador que te salva el d\u00eda cuando quieres ir sin tirantes pero con la seguridad de que todo queda en su sitio. Lleva aros y copa con relleno, con un dise\u00f1o muy limpio y elegante que realza el pecho de forma natural, sin recargar. Adem\u00e1s, su acabado corte l\u00e1ser y [&hellip;]<\/p>\n","protected":false},"featured_media":2157,"comment_status":"open","ping_status":"closed","template":"","meta":{"content-type":""},"product_brand":[55],"product_cat":[82,20,99],"product_tag":[84,56],"class_list":{"0":"post-2112","1":"product","2":"type-product","3":"status-publish","4":"has-post-thumbnail","6":"product_brand-selene","7":"product_cat-sin-tirantes","8":"product_cat-sujetador","9":"product_cat-vilma","10":"product_tag-sin-tirantes","11":"product_tag-sujetador","13":"first","14":"instock","15":"taxable","16":"shipping-taxable","17":"purchasable","18":"product-type-variable"},"supplier_id":null,"supplier_sku":"","barcode":null,"atum_controlled":true,"out_stock_date":null,"out_stock_threshold":null,"inheritable":true,"inbound_stock":0,"stock_on_hold":0,"sold_today":0,"sales_last_days":0,"reserved_stock":0,"customer_returns":0,"warehouse_damage":0,"lost_in_post":0,"other_logs":0,"out_stock_days":0,"lost_sales":0,"has_location":false,"update_date":"2026-01-07T17:50:15","atum_locations":[],"atum_stock_status":"instock","restock_status":false,"low_stock_amount":"","sales_update_date":"2025-10-03T04:55:36","calc_backorders":null,"yoast_head":"<!-- This site is optimized with the Yoast SEO plugin v27.4 - https:\/\/yoast.com\/product\/yoast-seo-wordpress\/ -->\n<title>Sujetador Selene Vilma - Rosana CL<\/title>\n<meta name=\"robots\" content=\"index, follow, max-snippet:-1, max-image-preview:large, max-video-preview:-1\" \/>\n<link rel=\"canonical\" href=\"https:\/\/rosanacl.com\/da\/vare\/sujetador-selene-modelo-vilma\/\" \/>\n<meta property=\"og:locale\" content=\"da_DK\" \/>\n<meta property=\"og:type\" content=\"article\" \/>\n<meta property=\"og:title\" content=\"Sujetador Selene Vilma - Rosana CL\" \/>\n<meta property=\"og:description\" content=\"El Selene Vilma es ese sujetador que te salva el d\u00eda cuando quieres ir sin tirantes pero con la seguridad de que todo queda en su sitio. Lleva aros y copa con relleno, con un dise\u00f1o muy limpio y elegante que realza el pecho de forma natural, sin recargar. Adem\u00e1s, su acabado corte l\u00e1ser y [&hellip;]\" \/>\n<meta property=\"og:url\" content=\"https:\/\/rosanacl.com\/da\/vare\/sujetador-selene-modelo-vilma\/\" \/>\n<meta property=\"og:site_name\" content=\"Rosana CL\" \/>\n<meta property=\"article:modified_time\" content=\"2026-01-07T17:50:14+00:00\" \/>\n<meta property=\"og:image\" content=\"https:\/\/rosanacl.com\/wp-content\/uploads\/2025\/05\/1-4.png\" \/>\n\t<meta property=\"og:image:width\" content=\"1100\" \/>\n\t<meta property=\"og:image:height\" content=\"1333\" \/>\n\t<meta property=\"og:image:type\" content=\"image\/png\" \/>\n<meta name=\"twitter:card\" content=\"summary_large_image\" \/>\n<meta name=\"twitter:label1\" content=\"Estimeret l\u00e6setid\" \/>\n\t<meta name=\"twitter:data1\" content=\"2 minutter\" \/>\n<script type=\"application\/ld+json\" class=\"yoast-schema-graph\">{\"@context\":\"https:\\\/\\\/schema.org\",\"@graph\":[{\"@type\":\"WebPage\",\"@id\":\"https:\\\/\\\/rosanacl.com\\\/producto\\\/sujetador-selene-modelo-vilma\\\/\",\"url\":\"https:\\\/\\\/rosanacl.com\\\/producto\\\/sujetador-selene-modelo-vilma\\\/\",\"name\":\"Sujetador Selene Vilma - Rosana CL\",\"isPartOf\":{\"@id\":\"https:\\\/\\\/rosanacl.com\\\/ca\\\/#website\"},\"primaryImageOfPage\":{\"@id\":\"https:\\\/\\\/rosanacl.com\\\/producto\\\/sujetador-selene-modelo-vilma\\\/#primaryimage\"},\"image\":{\"@id\":\"https:\\\/\\\/rosanacl.com\\\/producto\\\/sujetador-selene-modelo-vilma\\\/#primaryimage\"},\"thumbnailUrl\":\"https:\\\/\\\/rosanacl.com\\\/wp-content\\\/uploads\\\/2025\\\/05\\\/1-4.png\",\"datePublished\":\"2025-05-23T08:17:39+00:00\",\"dateModified\":\"2026-01-07T17:50:14+00:00\",\"breadcrumb\":{\"@id\":\"https:\\\/\\\/rosanacl.com\\\/producto\\\/sujetador-selene-modelo-vilma\\\/#breadcrumb\"},\"inLanguage\":\"da-DK\",\"potentialAction\":[{\"@type\":\"ReadAction\",\"target\":[\"https:\\\/\\\/rosanacl.com\\\/producto\\\/sujetador-selene-modelo-vilma\\\/\"]}]},{\"@type\":\"ImageObject\",\"inLanguage\":\"da-DK\",\"@id\":\"https:\\\/\\\/rosanacl.com\\\/producto\\\/sujetador-selene-modelo-vilma\\\/#primaryimage\",\"url\":\"https:\\\/\\\/rosanacl.com\\\/wp-content\\\/uploads\\\/2025\\\/05\\\/1-4.png\",\"contentUrl\":\"https:\\\/\\\/rosanacl.com\\\/wp-content\\\/uploads\\\/2025\\\/05\\\/1-4.png\",\"width\":1100,\"height\":1333},{\"@type\":\"BreadcrumbList\",\"@id\":\"https:\\\/\\\/rosanacl.com\\\/producto\\\/sujetador-selene-modelo-vilma\\\/#breadcrumb\",\"itemListElement\":[{\"@type\":\"ListItem\",\"position\":1,\"name\":\"Portada\",\"item\":\"https:\\\/\\\/rosanacl.com\\\/ca\\\/\"},{\"@type\":\"ListItem\",\"position\":2,\"name\":\"Tienda\",\"item\":\"https:\\\/\\\/rosanacl.com\\\/ca\\\/tienda\\\/\"},{\"@type\":\"ListItem\",\"position\":3,\"name\":\"Sujetador Selene Vilma\"}]},{\"@type\":\"WebSite\",\"@id\":\"https:\\\/\\\/rosanacl.com\\\/ca\\\/#website\",\"url\":\"https:\\\/\\\/rosanacl.com\\\/ca\\\/\",\"name\":\"Rosana CL\",\"description\":\"Somos tu interior\",\"potentialAction\":[{\"@type\":\"SearchAction\",\"target\":{\"@type\":\"EntryPoint\",\"urlTemplate\":\"https:\\\/\\\/rosanacl.com\\\/ca\\\/?s={search_term_string}\"},\"query-input\":{\"@type\":\"PropertyValueSpecification\",\"valueRequired\":true,\"valueName\":\"search_term_string\"}}],\"inLanguage\":\"da-DK\"}]}<\/script>\n<!-- \/ Yoast SEO plugin. -->","yoast_head_json":{"title":"Sujetador Selene Vilma - Rosana CL","robots":{"index":"index","follow":"follow","max-snippet":"max-snippet:-1","max-image-preview":"max-image-preview:large","max-video-preview":"max-video-preview:-1"},"canonical":"https:\/\/rosanacl.com\/da\/vare\/sujetador-selene-modelo-vilma\/","og_locale":"da_DK","og_type":"article","og_title":"Sujetador Selene Vilma - Rosana CL","og_description":"El Selene Vilma es ese sujetador que te salva el d\u00eda cuando quieres ir sin tirantes pero con la seguridad de que todo queda en su sitio. Lleva aros y copa con relleno, con un dise\u00f1o muy limpio y elegante que realza el pecho de forma natural, sin recargar. Adem\u00e1s, su acabado corte l\u00e1ser y [&hellip;]","og_url":"https:\/\/rosanacl.com\/da\/vare\/sujetador-selene-modelo-vilma\/","og_site_name":"Rosana CL","article_modified_time":"2026-01-07T17:50:14+00:00","og_image":[{"width":1100,"height":1333,"url":"https:\/\/rosanacl.com\/wp-content\/uploads\/2025\/05\/1-4.png","type":"image\/png"}],"twitter_card":"summary_large_image","twitter_misc":{"Estimeret l\u00e6setid":"2 minutter"},"schema":{"@context":"https:\/\/schema.org","@graph":[{"@type":"WebPage","@id":"https:\/\/rosanacl.com\/producto\/sujetador-selene-modelo-vilma\/","url":"https:\/\/rosanacl.com\/producto\/sujetador-selene-modelo-vilma\/","name":"Sujetador Selene Vilma - Rosana CL","isPartOf":{"@id":"https:\/\/rosanacl.com\/ca\/#website"},"primaryImageOfPage":{"@id":"https:\/\/rosanacl.com\/producto\/sujetador-selene-modelo-vilma\/#primaryimage"},"image":{"@id":"https:\/\/rosanacl.com\/producto\/sujetador-selene-modelo-vilma\/#primaryimage"},"thumbnailUrl":"https:\/\/rosanacl.com\/wp-content\/uploads\/2025\/05\/1-4.png","datePublished":"2025-05-23T08:17:39+00:00","dateModified":"2026-01-07T17:50:14+00:00","breadcrumb":{"@id":"https:\/\/rosanacl.com\/producto\/sujetador-selene-modelo-vilma\/#breadcrumb"},"inLanguage":"da-DK","potentialAction":[{"@type":"ReadAction","target":["https:\/\/rosanacl.com\/producto\/sujetador-selene-modelo-vilma\/"]}]},{"@type":"ImageObject","inLanguage":"da-DK","@id":"https:\/\/rosanacl.com\/producto\/sujetador-selene-modelo-vilma\/#primaryimage","url":"https:\/\/rosanacl.com\/wp-content\/uploads\/2025\/05\/1-4.png","contentUrl":"https:\/\/rosanacl.com\/wp-content\/uploads\/2025\/05\/1-4.png","width":1100,"height":1333},{"@type":"BreadcrumbList","@id":"https:\/\/rosanacl.com\/producto\/sujetador-selene-modelo-vilma\/#breadcrumb","itemListElement":[{"@type":"ListItem","position":1,"name":"Portada","item":"https:\/\/rosanacl.com\/ca\/"},{"@type":"ListItem","position":2,"name":"Tienda","item":"https:\/\/rosanacl.com\/ca\/tienda\/"},{"@type":"ListItem","position":3,"name":"Sujetador Selene Vilma"}]},{"@type":"WebSite","@id":"https:\/\/rosanacl.com\/ca\/#website","url":"https:\/\/rosanacl.com\/ca\/","name":"Rosana CL","description":"Vi er dit interi\u00f8r","potentialAction":[{"@type":"SearchAction","target":{"@type":"EntryPoint","urlTemplate":"https:\/\/rosanacl.com\/ca\/?s={search_term_string}"},"query-input":{"@type":"PropertyValueSpecification","valueRequired":true,"valueName":"search_term_string"}}],"inLanguage":"da-DK"}]}},"_links":{"self":[{"href":"https:\/\/rosanacl.com\/da\/wp-json\/wp\/v2\/product\/2112","targetHints":{"allow":["GET"]}}],"collection":[{"href":"https:\/\/rosanacl.com\/da\/wp-json\/wp\/v2\/product"}],"about":[{"href":"https:\/\/rosanacl.com\/da\/wp-json\/wp\/v2\/types\/product"}],"replies":[{"embeddable":true,"href":"https:\/\/rosanacl.com\/da\/wp-json\/wp\/v2\/comments?post=2112"}],"version-history":[{"count":5,"href":"https:\/\/rosanacl.com\/da\/wp-json\/wp\/v2\/product\/2112\/revisions"}],"predecessor-version":[{"id":4597,"href":"https:\/\/rosanacl.com\/da\/wp-json\/wp\/v2\/product\/2112\/revisions\/4597"}],"wp:featuredmedia":[{"embeddable":true,"href":"https:\/\/rosanacl.com\/da\/wp-json\/wp\/v2\/media\/2157"}],"wp:attachment":[{"href":"https:\/\/rosanacl.com\/da\/wp-json\/wp\/v2\/media?parent=2112"}],"wp:term":[{"taxonomy":"product_brand","embeddable":true,"href":"https:\/\/rosanacl.com\/da\/wp-json\/wp\/v2\/product_brand?post=2112"},{"taxonomy":"product_cat","embeddable":true,"href":"https:\/\/rosanacl.com\/da\/wp-json\/wp\/v2\/product_cat?post=2112"},{"taxonomy":"product_tag","embeddable":true,"href":"https:\/\/rosanacl.com\/da\/wp-json\/wp\/v2\/product_tag?post=2112"}],"curies":[{"name":"wp","href":"https:\/\/api.w.org\/{rel}","templated":true}]}}